{"id":5748,"date":"2022-04-11T16:53:49","date_gmt":"2022-04-11T13:53:49","guid":{"rendered":"http:\/\/hand2noteguide.com\/?page_id=5748"},"modified":"2025-06-04T15:49:44","modified_gmt":"2025-06-04T12:49:44","slug":"ggpoker-import","status":"publish","type":"page","link":"https:\/\/hand2noteguide.com\/fr\/ggpoker-hh\/ggpoker-import\/","title":{"rendered":"Comment importer des mains GGpoker dans Hand2Note"},"content":{"rendered":"\n<p>Dans cet article, nous allons voir comment importer des historiques de mains de poker du r\u00e9seau GG vers Hand2Note \u00e9tape par \u00e9tape.<\/p>\n\n\n\n<p>Tout d&#8217;abord, vous devez demander vos historiques de mains \u00e0 la salle de poker du r\u00e9seau GG et les convertir dans un format compatible avec Hand2Note en utilisant notre <a href=\"https:\/\/hand2noteguide.com\/fr\/ggpoker-hh\/\"><strong>Convertisseur<\/strong><\/a>. Une fois que vous avez obtenu votre historique de mains converti, vous \u00eates pr\u00eat \u00e0 commencer.<\/p>\n\n\n\n<div class=\"green-block\">\n<p style=\"margin-bottom:16px;font-weight:600;font-size: 18px\">Astuce : Cr\u00e9er une base de donn\u00e9es s\u00e9par\u00e9e pour les mains GGpoker<\/p>\n<p style=\"margin-bottom:6px\">Si vous avez d\u00e9j\u00e0 utilis\u00e9 Hand2Note auparavant et que vous ne voulez pas m\u00e9langer vos mains GGpoker avec la base de donn\u00e9es actuelle, <a target=\"_blank\" href=\"\/fr\/guide\/database\/create-database\/\" rel=\"noopener noreferrer\">cr\u00e9ez une nouvelle base de donn\u00e9es<\/a> avant de commencer l&#8217;importation. Vous pourrez basculer entre les bases de donn\u00e9es \u00e0 tout moment. Si vous \u00eates nouveau sur Hand2Note, ignorez ceci.<\/p>\n<\/div>\n\n\n\n<p>Pour importer vos fichiers dans Hand2Note, lancez simplement le logiciel, cliquez sur &#8220;Import&#8230;&#8221; et s\u00e9lectionnez soit &#8220;From Folder&#8221; soit &#8220;From Files&#8221;.<\/p>\n\n\n\n<figure class=\"wp-block-image size-large\"><img loading=\"lazy\" decoding=\"async\" width=\"1024\" height=\"711\" src=\"https:\/\/hand2noteguide.com\/wp-content\/uploads\/2022\/04\/image-8-1024x711.png\" alt=\"\" class=\"wp-image-5752\" srcset=\"https:\/\/hand2noteguide.com\/wp-content\/uploads\/2022\/04\/image-8-1024x711.png 1024w, https:\/\/hand2noteguide.com\/wp-content\/uploads\/2022\/04\/image-8-300x208.png 300w, https:\/\/hand2noteguide.com\/wp-content\/uploads\/2022\/04\/image-8-768x533.png 768w, https:\/\/hand2noteguide.com\/wp-content\/uploads\/2022\/04\/image-8-1536x1066.png 1536w, https:\/\/hand2noteguide.com\/wp-content\/uploads\/2022\/04\/image-8-2048x1422.png 2048w, https:\/\/hand2noteguide.com\/wp-content\/uploads\/2022\/04\/image-8-772x536.png 772w, https:\/\/hand2noteguide.com\/wp-content\/uploads\/2022\/04\/image-8-624x433.png 624w\" sizes=\"auto, (max-width: 1024px) 100vw, 1024px\" \/><figcaption>Importer des historiques de mains dans Hand2Note<\/figcaption><\/figure>\n\n\n\n<p>S\u00e9lectionnez votre dossier cible ou vos fichiers avec vos mains, et attendez que le processus d&#8217;importation et de construction des stats soit termin\u00e9.<\/p>\n\n\n\n<p>Si tout est fait correctement, vous verrez appara\u00eetre la liste des joueurs. Tous les joueurs auront des pseudonymes al\u00e9atoires, sauf votre <strong>Hero<\/strong>. C&#8217;est parce que les historiques de mains du r\u00e9seau GG sont anonymes.<\/p>\n\n\n\n<figure class=\"wp-block-image size-large\"><img loading=\"lazy\" decoding=\"async\" width=\"1024\" height=\"714\" src=\"https:\/\/hand2noteguide.com\/wp-content\/uploads\/2022\/04\/image-10-1024x714.png\" alt=\"\" class=\"wp-image-5755\" srcset=\"https:\/\/hand2noteguide.com\/wp-content\/uploads\/2022\/04\/image-10-1024x714.png 1024w, https:\/\/hand2noteguide.com\/wp-content\/uploads\/2022\/04\/image-10-300x209.png 300w, https:\/\/hand2noteguide.com\/wp-content\/uploads\/2022\/04\/image-10-768x536.png 768w, https:\/\/hand2noteguide.com\/wp-content\/uploads\/2022\/04\/image-10-1536x1071.png 1536w, https:\/\/hand2noteguide.com\/wp-content\/uploads\/2022\/04\/image-10-2048x1428.png 2048w, https:\/\/hand2noteguide.com\/wp-content\/uploads\/2022\/04\/image-10-772x538.png 772w, https:\/\/hand2noteguide.com\/wp-content\/uploads\/2022\/04\/image-10-624x435.png 624w\" sizes=\"auto, (max-width: 1024px) 100vw, 1024px\" \/><figcaption>L&#8217;importation est termin\u00e9e : la liste des joueurs appara\u00eet<\/figcaption><\/figure>\n\n\n\n<p>Maintenant, vous \u00eates pr\u00eat \u00e0 travailler avec le logiciel. Suivez notre guide sur <a href=\"https:\/\/hand2noteguide.com\/fr\/ggpoker-analyze\/\"><strong>comment analyser efficacement vos mains GGPoker dans Hand2Note<\/strong><\/a>.<\/p>\n","protected":false},"excerpt":{"rendered":"<p>Dans cet article, nous allons voir comment importer des historiques de mains de poker du r\u00e9seau GG vers Hand2Note \u00e9tape par \u00e9tape. Tout d&#8217;abord, vous devez demander vos historiques de mains \u00e0 la salle de poker du r\u00e9seau GG et les convertir dans un format compatible avec Hand2Note en utilisant notre Convertisseur. Une fois que &hellip; <a href=\"https:\/\/hand2noteguide.com\/fr\/ggpoker-hh\/ggpoker-import\/\" class=\"more-link\">Continue reading <span class=\"screen-reader-text\">Comment importer des mains GGpoker dans Hand2Note<\/span><\/a><\/p>\n","protected":false},"author":1,"featured_media":0,"parent":4885,"menu_order":0,"comment_status":"closed","ping_status":"closed","template":"page-templates\/full-width-page.php","meta":{"footnotes":""},"class_list":["post-5748","page","type-page","status-publish","hentry"],"translation":{"provider":"WPGlobus","version":"3.0.2","language":"fr","enabled_languages":["en","ru","pt","zh","es","fr","de","it","ja"],"languages":{"en":{"title":true,"content":true,"excerpt":false},"ru":{"title":true,"content":true,"excerpt":false},"pt":{"title":true,"content":true,"excerpt":false},"zh":{"title":true,"content":true,"excerpt":false},"es":{"title":true,"content":true,"excerpt":false},"fr":{"title":true,"content":true,"excerpt":false},"de":{"title":true,"content":true,"excerpt":false},"it":{"title":true,"content":true,"excerpt":false},"ja":{"title":true,"content":true,"excerpt":false}}},"yoast_head":"<!-- This site is optimized with the Yoast SEO plugin v27.0 - https:\/\/yoast.com\/product\/yoast-seo-wordpress\/ -->\n<title>Comment importer des historiques de mains GGpoker dans Hand2Note<\/title>\n<meta name=\"description\" content=\"Apprenez \u00e0 importer facilement des historiques de mains GGpoker dans Hand2Note. Suivez notre guide \u00e9tape par \u00e9tape pour commencer rapidement et efficacement.\" \/>\n<meta name=\"robots\" content=\"index, follow, max-snippet:-1, max-image-preview:large, max-video-preview:-1\" \/>\n<link rel=\"canonical\" href=\"https:\/\/hand2noteguide.com\/ggpoker-hh\/ggpoker-import\/\" \/>\n<meta property=\"og:locale\" content=\"fr_FR\" \/>\n<meta property=\"og:type\" content=\"article\" \/>\n<meta property=\"og:title\" content=\"Comment importer des historiques de mains GGpoker dans Hand2Note\" \/>\n<meta property=\"og:description\" content=\"Apprenez \u00e0 importer facilement des historiques de mains GGpoker dans Hand2Note. Suivez notre guide \u00e9tape par \u00e9tape pour commencer rapidement et efficacement.\" \/>\n<meta property=\"og:url\" content=\"https:\/\/hand2noteguide.com\/ggpoker-hh\/ggpoker-import\/\" \/>\n<meta property=\"og:site_name\" content=\"Hand2Note Guide\" \/>\n<meta property=\"article:modified_time\" content=\"2025-06-04T12:49:44+00:00\" \/>\n<meta property=\"og:image\" content=\"http:\/\/hand2noteguide.com\/wp-content\/uploads\/2022\/04\/image-8-1024x711.png\" \/>\n<meta name=\"twitter:card\" content=\"summary_large_image\" \/>\n<meta name=\"twitter:label1\" content=\"Est. reading time\" \/>\n\t<meta name=\"twitter:data1\" content=\"8 minutes\" \/>\n<!-- \/ Yoast SEO plugin. -->","yoast_head_json":{"title":"Comment importer des historiques de mains GGpoker dans Hand2Note","description":"Apprenez \u00e0 importer facilement des historiques de mains GGpoker dans Hand2Note. Suivez notre guide \u00e9tape par \u00e9tape pour commencer rapidement et efficacement.","robots":{"index":"index","follow":"follow","max-snippet":"max-snippet:-1","max-image-preview":"max-image-preview:large","max-video-preview":"max-video-preview:-1"},"canonical":"https:\/\/hand2noteguide.com\/ggpoker-hh\/ggpoker-import\/","og_locale":"fr_FR","og_type":"article","og_title":"Comment importer des historiques de mains GGpoker dans Hand2Note","og_description":"Apprenez \u00e0 importer facilement des historiques de mains GGpoker dans Hand2Note. Suivez notre guide \u00e9tape par \u00e9tape pour commencer rapidement et efficacement.","og_url":"https:\/\/hand2noteguide.com\/ggpoker-hh\/ggpoker-import\/","og_site_name":"Hand2Note Guide","article_modified_time":"2025-06-04T12:49:44+00:00","og_image":[{"url":"http:\/\/hand2noteguide.com\/wp-content\/uploads\/2022\/04\/image-8-1024x711.png","type":"","width":"","height":""}],"twitter_card":"summary_large_image","twitter_misc":{"Est. reading time":"8 minutes"},"schema":{"@context":"https:\/\/schema.org","@graph":[]}},"jetpack_sharing_enabled":true,"_links":{"self":[{"href":"https:\/\/hand2noteguide.com\/fr\/wp-json\/wp\/v2\/pages\/5748","targetHints":{"allow":["GET"]}}],"collection":[{"href":"https:\/\/hand2noteguide.com\/fr\/wp-json\/wp\/v2\/pages"}],"about":[{"href":"https:\/\/hand2noteguide.com\/fr\/wp-json\/wp\/v2\/types\/page"}],"author":[{"embeddable":true,"href":"https:\/\/hand2noteguide.com\/fr\/wp-json\/wp\/v2\/users\/1"}],"replies":[{"embeddable":true,"href":"https:\/\/hand2noteguide.com\/fr\/wp-json\/wp\/v2\/comments?post=5748"}],"version-history":[{"count":28,"href":"https:\/\/hand2noteguide.com\/fr\/wp-json\/wp\/v2\/pages\/5748\/revisions"}],"predecessor-version":[{"id":13446,"href":"https:\/\/hand2noteguide.com\/fr\/wp-json\/wp\/v2\/pages\/5748\/revisions\/13446"}],"up":[{"embeddable":true,"href":"https:\/\/hand2noteguide.com\/fr\/wp-json\/wp\/v2\/pages\/4885"}],"wp:attachment":[{"href":"https:\/\/hand2noteguide.com\/fr\/wp-json\/wp\/v2\/media?parent=5748"}],"curies":[{"name":"wp","href":"https:\/\/api.w.org\/{rel}","templated":true}]}}