{"id":5761,"date":"2022-04-11T17:19:26","date_gmt":"2022-04-11T14:19:26","guid":{"rendered":"http:\/\/hand2noteguide.com\/?page_id=5761"},"modified":"2025-06-04T15:48:56","modified_gmt":"2025-06-04T12:48:56","slug":"ggpoker-analyze","status":"publish","type":"page","link":"https:\/\/hand2noteguide.com\/fr\/ggpoker-hh\/ggpoker-analyze\/","title":{"rendered":"Analyse de GGPoker dans Hand2Note"},"content":{"rendered":"\n<p>Apr\u00e8s avoir import\u00e9 vos <a href=\"https:\/\/hand2noteguide.com\/fr\/ggpoker-import\/\">historiques de mains de poker du r\u00e9seau GG dans Hand2Note<\/a>, vous pouvez commencer \u00e0 travailler avec votre base de donn\u00e9es. Les historiques de mains des salles du r\u00e9seau GG sont anonymes, mais vous pouvez toujours utiliser toutes les incroyables fonctionnalit\u00e9s d&#8217;analyse de H2N pour examiner votre jeu sous tous les angles possibles !<\/p>\n\n\n\n<div class=\"green-block\">\n<p style=\"margin-bottom:16px;font-weight:600;font-size: 18px\">Astuce : obtenez des <a target=\"_blank\" href=\"https:\/\/hand2noteguide.com\/fr\/hud-store\/simple-cash\/\" rel=\"noopener noreferrer\"><b>Popups GGPoker<\/b><\/a> sp\u00e9ciaux pour une analyse efficace<\/p>\n<p style=\"margin-bottom:6px\">Dans cet article, nous utiliserons des popups GGPoker que vous pouvez acheter dans <a target=\"_blank\" href=\"https:\/\/store.hand2noteguide.com\/\" rel=\"noopener noreferrer\">notre boutique<\/a> pour seulement 29 $. Le package contient un ensemble complet de statistiques n\u00e9cessaires pour une analyse efficace de votre jeu et des tendances de vos adversaires.<\/p>\n<\/div>\n\n\n\n<p>Commen\u00e7ons par une chose simple &#8211; ouvrez un popup pour vous-m\u00eame en double-cliquant sur le pseudo du Hero dans la liste de la fen\u00eatre principale.<\/p>\n\n\n\n<figure class=\"wp-block-image size-large\"><img loading=\"lazy\" decoding=\"async\" width=\"1024\" height=\"738\" src=\"https:\/\/hand2noteguide.com\/wp-content\/uploads\/2022\/04\/image-11-1024x738.png\" alt=\"\" class=\"wp-image-5776\" srcset=\"https:\/\/hand2noteguide.com\/wp-content\/uploads\/2022\/04\/image-11-1024x738.png 1024w, https:\/\/hand2noteguide.com\/wp-content\/uploads\/2022\/04\/image-11-300x216.png 300w, https:\/\/hand2noteguide.com\/wp-content\/uploads\/2022\/04\/image-11-768x554.png 768w, https:\/\/hand2noteguide.com\/wp-content\/uploads\/2022\/04\/image-11-1536x1108.png 1536w, https:\/\/hand2noteguide.com\/wp-content\/uploads\/2022\/04\/image-11-2048x1477.png 2048w, https:\/\/hand2noteguide.com\/wp-content\/uploads\/2022\/04\/image-11-772x557.png 772w, https:\/\/hand2noteguide.com\/wp-content\/uploads\/2022\/04\/image-11-624x450.png 624w\" sizes=\"auto, (max-width: 1024px) 100vw, 1024px\" \/><figcaption class=\"wp-element-caption\">Popup g\u00e9n\u00e9ral pour le Hero<\/figcaption><\/figure>\n\n\n\n<p>Vous verrez le popup g\u00e9n\u00e9ral avec toutes vos statistiques. Outre la v\u00e9rification des valeurs statistiques \u00e9videntes, utilisez la fonctionnalit\u00e9 de <a aria-label=\"undefined (ouvre dans un nouvel onglet)\" href=\"https:\/\/hand2note.com\/Help\/pages\/ExtendedPopup\/\" target=\"_blank\" rel=\"noreferrer noopener nofollow\">popup \u00e9tendu<\/a> : <strong>survolez n&#8217;importe quelle statistique<\/strong>, et vous verrez le popup suppl\u00e9mentaire avec des informations d\u00e9taill\u00e9es sur cette statistique particuli\u00e8re.<\/p>\n\n\n\n<p>Dans l&#8217;exemple ci-dessous, nous avons survol\u00e9 la statistique <strong>Flop Cbet<\/strong> et avons instantan\u00e9ment obtenu beaucoup d&#8217;informations suppl\u00e9mentaires, telles que la distribution des tailles de mise, l&#8217;EV bb\/100, la composition de la range de force de main, et une liste des showdowns r\u00e9els :<\/p>\n\n\n\n<figure class=\"wp-block-image size-large\"><img loading=\"lazy\" decoding=\"async\" width=\"1024\" height=\"617\" src=\"https:\/\/hand2noteguide.com\/wp-content\/uploads\/2022\/04\/image-12-1024x617.png\" alt=\"\" class=\"wp-image-5780\" srcset=\"https:\/\/hand2noteguide.com\/wp-content\/uploads\/2022\/04\/image-12-1024x617.png 1024w, https:\/\/hand2noteguide.com\/wp-content\/uploads\/2022\/04\/image-12-300x181.png 300w, https:\/\/hand2noteguide.com\/wp-content\/uploads\/2022\/04\/image-12-768x463.png 768w, https:\/\/hand2noteguide.com\/wp-content\/uploads\/2022\/04\/image-12-1536x926.png 1536w, https:\/\/hand2noteguide.com\/wp-content\/uploads\/2022\/04\/image-12-2048x1234.png 2048w, https:\/\/hand2noteguide.com\/wp-content\/uploads\/2022\/04\/image-12-772x465.png 772w, https:\/\/hand2noteguide.com\/wp-content\/uploads\/2022\/04\/image-12-624x376.png 624w\" sizes=\"auto, (max-width: 1024px) 100vw, 1024px\" \/><figcaption class=\"wp-element-caption\">Popup suppl\u00e9mentaire pour la statistique Cbet Flop<\/figcaption><\/figure>\n\n\n\n<div class=\"green-block\">\n<p style=\"margin-bottom:16px;font-weight:600;font-size: 18px\">Astuce : la version PRO d\u00e9bloque le popup complet<\/p>\n<p style=\"margin-bottom:6px\">Les popups \u00e9tendus sur les statistiques seront partiellement indisponibles avec la version gratuite de Hand2Note. Achetez un <a target=\"_blank\" href=\"https:\/\/hand2note.com\/fr\/\" rel=\"noopener\"><b>abonnement PRO<\/b><\/a> pour obtenir un acc\u00e8s complet aux fonctionnalit\u00e9s les plus avanc\u00e9es. Utilisez le code promo <b>GGPOKER10<\/b> pour obtenir une <b>r\u00e9duction instantan\u00e9e de 10 % !<\/b><\/p>\n<\/div>\n\n\n\n<p>En plus de l&#8217;analyse de votre propre jeu, vous pouvez \u00e9galement trouver des failles chez vos adversaires. Malheureusement, vous ne pouvez pas v\u00e9rifier certains joueurs, car leurs pseudos dans la base de donn\u00e9es sont al\u00e9atoires, mais vous pouvez utiliser la fonctionnalit\u00e9 exclusive <a href=\"https:\/\/hand2noteguide.com\/fr\/guide\/range-research\/\"><strong>Range Research<\/strong><\/a>, qui vous permet d&#8217;\u00e9tudier les tendances de certains groupes de joueurs.<\/p>\n\n\n\n<p>Vous pouvez analyser <strong>les statistiques moyennes et les ranges des regs et des fishes<\/strong> dans divers sc\u00e9narios de jeu. Les situations possibles \u00e0 examiner :<\/p>\n\n\n\n<ul class=\"wp-block-list\">\n<li>quelle range les fishes passifs utilisent-ils pour check-raise les flops ?<\/li>\n\n\n\n<li>\u00e0 quelle fr\u00e9quence les regs serr\u00e9s se couchent-ils face \u00e0 une troisi\u00e8me mise ?<\/li>\n\n\n\n<li>et bien plus encore.<\/li>\n<\/ul>\n\n\n\n<figure class=\"wp-block-image size-large\"><img loading=\"lazy\" decoding=\"async\" width=\"1024\" height=\"605\" src=\"http:\/\/hand2noteguide.com\/wp-content\/uploads\/2022\/04\/image-15-1024x605.png\" alt=\"\" class=\"wp-image-5838\" srcset=\"https:\/\/hand2noteguide.com\/wp-content\/uploads\/2022\/04\/image-15-1024x605.png 1024w, https:\/\/hand2noteguide.com\/wp-content\/uploads\/2022\/04\/image-15-300x177.png 300w, https:\/\/hand2noteguide.com\/wp-content\/uploads\/2022\/04\/image-15-768x454.png 768w, https:\/\/hand2noteguide.com\/wp-content\/uploads\/2022\/04\/image-15-1536x907.png 1536w, https:\/\/hand2noteguide.com\/wp-content\/uploads\/2022\/04\/image-15-2048x1210.png 2048w, https:\/\/hand2noteguide.com\/wp-content\/uploads\/2022\/04\/image-15-772x456.png 772w, https:\/\/hand2noteguide.com\/wp-content\/uploads\/2022\/04\/image-15-624x369.png 624w\" sizes=\"auto, (max-width: 1024px) 100vw, 1024px\" \/><figcaption class=\"wp-element-caption\">Exemple de Range Research : comment les fishes 3bet<\/figcaption><\/figure>\n\n\n\n<p>Pour en savoir plus sur Range Research, consultez le <a href=\"https:\/\/hand2noteguide.com\/fr\/video-course\/\"><strong>cours vid\u00e9o complet de Hand2Note<\/strong><\/a>. Veuillez noter que vous pouvez <strong>obtenir ce cours gratuitement<\/strong> si vous achetez un abonnement PRO annuel avec le code promo <strong>GGPOKER10<\/strong>.<\/p>\n","protected":false},"excerpt":{"rendered":"<p>Apr\u00e8s avoir import\u00e9 vos historiques de mains de poker du r\u00e9seau GG dans Hand2Note, vous pouvez commencer \u00e0 travailler avec votre base de donn\u00e9es. Les historiques de mains des salles du r\u00e9seau GG sont anonymes, mais vous pouvez toujours utiliser toutes les incroyables fonctionnalit\u00e9s d&#8217;analyse de H2N pour examiner votre jeu sous tous les angles &hellip; <a href=\"https:\/\/hand2noteguide.com\/fr\/ggpoker-hh\/ggpoker-analyze\/\" class=\"more-link\">Continue reading <span class=\"screen-reader-text\">Analyse de GGPoker dans Hand2Note<\/span><\/a><\/p>\n","protected":false},"author":1,"featured_media":0,"parent":4885,"menu_order":0,"comment_status":"closed","ping_status":"closed","template":"page-templates\/full-width-page.php","meta":{"footnotes":""},"class_list":["post-5761","page","type-page","status-publish","hentry"],"translation":{"provider":"WPGlobus","version":"3.0.2","language":"fr","enabled_languages":["en","ru","pt","zh","es","fr","de","it","ja"],"languages":{"en":{"title":true,"content":true,"excerpt":false},"ru":{"title":true,"content":true,"excerpt":false},"pt":{"title":true,"content":true,"excerpt":false},"zh":{"title":true,"content":true,"excerpt":false},"es":{"title":true,"content":true,"excerpt":false},"fr":{"title":true,"content":true,"excerpt":false},"de":{"title":true,"content":true,"excerpt":false},"it":{"title":true,"content":true,"excerpt":false},"ja":{"title":true,"content":true,"excerpt":false}}},"yoast_head":"<!-- This site is optimized with the Yoast SEO plugin v27.0 - https:\/\/yoast.com\/product\/yoast-seo-wordpress\/ -->\n<title>Analyse de GGPoker dans Hand2Note : examinez votre jeu et les tendances du pool !<\/title>\n<meta name=\"description\" content=\"D\u00e9couvrez comment analyser vos mains GGPoker dans Hand2Note. Utilisez les popups et les fonctionnalit\u00e9s avanc\u00e9es pour am\u00e9liorer votre jeu et comprendre les tendances des joueurs.\" \/>\n<meta name=\"robots\" content=\"index, follow, max-snippet:-1, max-image-preview:large, max-video-preview:-1\" \/>\n<link rel=\"canonical\" href=\"https:\/\/hand2noteguide.com\/ggpoker-hh\/ggpoker-analyze\/\" \/>\n<meta property=\"og:locale\" content=\"fr_FR\" \/>\n<meta property=\"og:type\" content=\"article\" \/>\n<meta property=\"og:title\" content=\"Analyse de GGPoker dans Hand2Note : examinez votre jeu et les tendances du pool !\" \/>\n<meta property=\"og:description\" content=\"D\u00e9couvrez comment analyser vos mains GGPoker dans Hand2Note. Utilisez les popups et les fonctionnalit\u00e9s avanc\u00e9es pour am\u00e9liorer votre jeu et comprendre les tendances des joueurs.\" \/>\n<meta property=\"og:url\" content=\"https:\/\/hand2noteguide.com\/ggpoker-hh\/ggpoker-analyze\/\" \/>\n<meta property=\"og:site_name\" content=\"Hand2Note Guide\" \/>\n<meta property=\"article:modified_time\" content=\"2025-06-04T12:48:56+00:00\" \/>\n<meta property=\"og:image\" content=\"https:\/\/hand2noteguide.com\/wp-content\/uploads\/2022\/04\/image-11-1024x738.png\" \/>\n<meta name=\"twitter:card\" content=\"summary_large_image\" \/>\n<meta name=\"twitter:label1\" content=\"Est. reading time\" \/>\n\t<meta name=\"twitter:data1\" content=\"13 minutes\" \/>\n<!-- \/ Yoast SEO plugin. -->","yoast_head_json":{"title":"Analyse de GGPoker dans Hand2Note : examinez votre jeu et les tendances du pool !","description":"D\u00e9couvrez comment analyser vos mains GGPoker dans Hand2Note. Utilisez les popups et les fonctionnalit\u00e9s avanc\u00e9es pour am\u00e9liorer votre jeu et comprendre les tendances des joueurs.","robots":{"index":"index","follow":"follow","max-snippet":"max-snippet:-1","max-image-preview":"max-image-preview:large","max-video-preview":"max-video-preview:-1"},"canonical":"https:\/\/hand2noteguide.com\/ggpoker-hh\/ggpoker-analyze\/","og_locale":"fr_FR","og_type":"article","og_title":"Analyse de GGPoker dans Hand2Note : examinez votre jeu et les tendances du pool !","og_description":"D\u00e9couvrez comment analyser vos mains GGPoker dans Hand2Note. Utilisez les popups et les fonctionnalit\u00e9s avanc\u00e9es pour am\u00e9liorer votre jeu et comprendre les tendances des joueurs.","og_url":"https:\/\/hand2noteguide.com\/ggpoker-hh\/ggpoker-analyze\/","og_site_name":"Hand2Note Guide","article_modified_time":"2025-06-04T12:48:56+00:00","og_image":[{"url":"https:\/\/hand2noteguide.com\/wp-content\/uploads\/2022\/04\/image-11-1024x738.png","type":"","width":"","height":""}],"twitter_card":"summary_large_image","twitter_misc":{"Est. reading time":"13 minutes"},"schema":{"@context":"https:\/\/schema.org","@graph":[]}},"jetpack_sharing_enabled":true,"_links":{"self":[{"href":"https:\/\/hand2noteguide.com\/fr\/wp-json\/wp\/v2\/pages\/5761","targetHints":{"allow":["GET"]}}],"collection":[{"href":"https:\/\/hand2noteguide.com\/fr\/wp-json\/wp\/v2\/pages"}],"about":[{"href":"https:\/\/hand2noteguide.com\/fr\/wp-json\/wp\/v2\/types\/page"}],"author":[{"embeddable":true,"href":"https:\/\/hand2noteguide.com\/fr\/wp-json\/wp\/v2\/users\/1"}],"replies":[{"embeddable":true,"href":"https:\/\/hand2noteguide.com\/fr\/wp-json\/wp\/v2\/comments?post=5761"}],"version-history":[{"count":60,"href":"https:\/\/hand2noteguide.com\/fr\/wp-json\/wp\/v2\/pages\/5761\/revisions"}],"predecessor-version":[{"id":13445,"href":"https:\/\/hand2noteguide.com\/fr\/wp-json\/wp\/v2\/pages\/5761\/revisions\/13445"}],"up":[{"embeddable":true,"href":"https:\/\/hand2noteguide.com\/fr\/wp-json\/wp\/v2\/pages\/4885"}],"wp:attachment":[{"href":"https:\/\/hand2noteguide.com\/fr\/wp-json\/wp\/v2\/media?parent=5761"}],"curies":[{"name":"wp","href":"https:\/\/api.w.org\/{rel}","templated":true}]}}