{"id":578,"date":"2018-11-10T13:22:28","date_gmt":"2018-11-10T10:22:28","guid":{"rendered":"https:\/\/h2n312.wordpress.com\/?page_id=578"},"modified":"2025-06-04T12:33:28","modified_gmt":"2025-06-04T09:33:28","slug":"training","status":"publish","type":"page","link":"https:\/\/hand2noteguide.com\/fr\/training\/","title":{"rendered":"Coaching Hand2Note"},"content":{"rendered":"\n<p>Obtenez des cours particuliers sur l&#8217;utilisation professionnelle de Hand2Note. Adaptez-vous rapidement et efficacement au nouveau programme. Obtenez des r\u00e9ponses \u00e0 toutes vos questions. Utilisez tout le potentiel du <a href=\"https:\/\/hand2noteguide.com\/fr\/best-poker-tracker-software\/\">meilleur logiciel de suivi de poker<\/a> pour augmenter votre taux de gain !<\/p>\n\n\n\n<p>Les sessions de coaching Hand2Note vous permettront d&#8217;apprendre rapidement toutes les fonctionnalit\u00e9s du logiciel, y compris le MDA (<a href=\"https:\/\/hand2noteguide.com\/fr\/guide\/range-research\/\">Range Research)<\/a>. Vous recevrez \u00e9galement des recommandations personnalis\u00e9es sur la mani\u00e8re d&#8217;utiliser toutes les fonctions de la mani\u00e8re la plus efficace.<\/p>\n\n\n\n<p>Le coaching est pertinent pour les versions <a href=\"https:\/\/hand2noteguide.com\/fr\/basic-setup\/\">Hand2Note 3<\/a> et <a href=\"https:\/\/hand2noteguide.com\/fr\/hand2note-4-getting-started\/\">Hand2Note 4<\/a>.<\/p>\n\n\n\n<figure class=\"wp-block-gallery has-nested-images columns-default is-cropped wp-block-gallery-1 is-layout-flex wp-block-gallery-is-layout-flex\">\n<figure class=\"wp-block-image size-large\"><img loading=\"lazy\" decoding=\"async\" width=\"957\" height=\"623\" data-id=\"2383\" src=\"https:\/\/hand2noteguide.com\/wp-content\/uploads\/2020\/06\/before1.png\" alt=\"\" class=\"wp-image-2383\" srcset=\"https:\/\/hand2noteguide.com\/wp-content\/uploads\/2020\/06\/before1.png 957w, https:\/\/hand2noteguide.com\/wp-content\/uploads\/2020\/06\/before1-300x195.png 300w, https:\/\/hand2noteguide.com\/wp-content\/uploads\/2020\/06\/before1-768x500.png 768w, https:\/\/hand2noteguide.com\/wp-content\/uploads\/2020\/06\/before1-772x503.png 772w, https:\/\/hand2noteguide.com\/wp-content\/uploads\/2020\/06\/before1-624x406.png 624w\" sizes=\"auto, (max-width: 957px) 100vw, 957px\" \/><figcaption class=\"wp-element-caption\">Avant<\/figcaption><\/figure>\n\n\n\n<figure class=\"wp-block-image size-large\"><img loading=\"lazy\" decoding=\"async\" width=\"957\" height=\"626\" data-id=\"2382\" src=\"https:\/\/hand2noteguide.com\/wp-content\/uploads\/2020\/06\/after1.png\" alt=\"\" class=\"wp-image-2382\" srcset=\"https:\/\/hand2noteguide.com\/wp-content\/uploads\/2020\/06\/after1.png 957w, https:\/\/hand2noteguide.com\/wp-content\/uploads\/2020\/06\/after1-300x196.png 300w, https:\/\/hand2noteguide.com\/wp-content\/uploads\/2020\/06\/after1-768x502.png 768w, https:\/\/hand2noteguide.com\/wp-content\/uploads\/2020\/06\/after1-772x505.png 772w, https:\/\/hand2noteguide.com\/wp-content\/uploads\/2020\/06\/after1-624x408.png 624w\" sizes=\"auto, (max-width: 957px) 100vw, 957px\" \/><figcaption class=\"wp-element-caption\">Apr\u00e8s<\/figcaption><\/figure>\n<\/figure>\n\n\n\n<p>Les sessions de coaching sont fournies par <a href=\"https:\/\/www.hudstore.poker\/vendors\/belousov-roman\" target=\"_blank\" aria-label=\"undefined (opens in a new tab)\" rel=\"noreferrer noopener\">Roman Belousov<\/a> &#8211; l&#8217;expert officiel du HUD Hand2Note.<\/p>\n\n\n\n<h2 class=\"wp-block-heading\">R\u00e9server<\/h2>\n\n\n\n<p style=\"margin-top:24px\"><a style=\"font-weight:bold !important\" href=\"https:\/\/www.getcoach.poker\/coaches\/romanbelousov\/\" target=\"_blank\" class=\"article-action-link\" rel=\"noopener\">Prendre Rendez-vous<\/a><\/p>\n\n\n\n<p>Vous serez redirig\u00e9 vers le profil de Roman sur&nbsp;<a href=\"https:\/\/www.getcoach.poker\/\" target=\"_blank\" rel=\"noreferrer noopener\">Getcoach.poker<\/a>. L\u00e0, vous pouvez facilement r\u00e9server une session, ainsi que trouver d&#8217;autres coachs qui proposent des consultations sur l&#8217;utilisation de Hand2Note.<\/p>\n\n\n\n<h2 class=\"wp-block-heading\">FAQ<\/h2>\n\n\n\n<h4 class=\"wp-block-heading\">De quoi aurai-je besoin pour la formation ?<\/h4>\n\n\n\n<p>Seulement TeamViewer et Hand2Note. Veuillez mettre \u00e0 jour TeamViewer \u00e0 la derni\u00e8re version (<em>Aide \u2192 V\u00e9rifier la nouvelle version).<\/em> Consultez les <a href=\"https:\/\/hand2noteguide.com\/fr\/training\/teamviewer-session-start\/\">instructions d\u00e9taill\u00e9es<\/a> pour d\u00e9marrer une r\u00e9union.<\/p>\n\n\n\n<h4 class=\"wp-block-heading\">Puis-je enregistrer une vid\u00e9o de la session ?<\/h4>\n\n\n\n<p>Oui. Et je l&#8217;enregistre g\u00e9n\u00e9ralement moi-m\u00eame, donc ne vous inqui\u00e9tez pas. Vous recevrez l&#8217;enregistrement du cours juste apr\u00e8s la session. Veuillez noter que la vid\u00e9o est prot\u00e9g\u00e9e par des droits d&#8217;auteur, elle ne peut pas \u00eatre utilis\u00e9e \u00e0 des fins commerciales, uniquement pour un visionnage personnel.<\/p>\n\n\n\n<p> Si vous avez d&#8217;autres questions, veuillez <a href=\"https:\/\/hand2noteguide.com\/fr\/contact-us\/\">nous contacter<\/a>. <\/p>\n","protected":false},"excerpt":{"rendered":"<p>Obtenez des cours particuliers sur l&#8217;utilisation professionnelle de Hand2Note. Adaptez-vous rapidement et efficacement au nouveau programme. Obtenez des r\u00e9ponses \u00e0 toutes vos questions. Utilisez tout le potentiel du meilleur logiciel de suivi de poker pour augmenter votre taux de gain ! Les sessions de coaching Hand2Note vous permettront d&#8217;apprendre rapidement toutes les fonctionnalit\u00e9s du logiciel, &hellip; <a href=\"https:\/\/hand2noteguide.com\/fr\/training\/\" class=\"more-link\">Continue reading <span class=\"screen-reader-text\">Coaching Hand2Note<\/span><\/a><\/p>\n","protected":false},"author":1,"featured_media":10171,"parent":0,"menu_order":0,"comment_status":"closed","ping_status":"closed","template":"page-templates\/full-width-page.php","meta":{"footnotes":""},"class_list":["post-578","page","type-page","status-publish","has-post-thumbnail","hentry"],"translation":{"provider":"WPGlobus","version":"3.0.2","language":"fr","enabled_languages":["en","ru","pt","zh","es","fr","de","it","ja"],"languages":{"en":{"title":true,"content":true,"excerpt":false},"ru":{"title":true,"content":true,"excerpt":false},"pt":{"title":true,"content":true,"excerpt":false},"zh":{"title":true,"content":true,"excerpt":false},"es":{"title":true,"content":true,"excerpt":false},"fr":{"title":true,"content":true,"excerpt":false},"de":{"title":true,"content":true,"excerpt":false},"it":{"title":true,"content":true,"excerpt":false},"ja":{"title":true,"content":true,"excerpt":false}}},"yoast_head":"<!-- This site is optimized with the Yoast SEO plugin v27.0 - https:\/\/yoast.com\/product\/yoast-seo-wordpress\/ -->\n<title>Coaching Hand2Note : Obtenez des Cours Particuliers<\/title>\n<meta name=\"description\" content=\"R\u00e9servez des sessions de coaching priv\u00e9es Hand2Note avec un expert certifi\u00e9. Apprenez rapidement les fonctionnalit\u00e9s de Hand2Note et obtenez des conseils strat\u00e9giques personnalis\u00e9s.\" \/>\n<meta name=\"robots\" content=\"index, follow, max-snippet:-1, max-image-preview:large, max-video-preview:-1\" \/>\n<link rel=\"canonical\" href=\"https:\/\/hand2noteguide.com\/zh\/training\/\" \/>\n<meta property=\"og:locale\" content=\"fr_FR\" \/>\n<meta property=\"og:type\" content=\"article\" \/>\n<meta property=\"og:title\" content=\"Coaching Hand2Note : Obtenez des Cours Particuliers\" \/>\n<meta property=\"og:description\" content=\"R\u00e9servez des sessions de coaching priv\u00e9es Hand2Note avec un expert certifi\u00e9. Apprenez rapidement les fonctionnalit\u00e9s de Hand2Note et obtenez des conseils strat\u00e9giques personnalis\u00e9s.\" \/>\n<meta property=\"og:url\" content=\"https:\/\/hand2noteguide.com\/zh\/training\/\" \/>\n<meta property=\"og:site_name\" content=\"Hand2Note Guide\" \/>\n<meta property=\"article:modified_time\" content=\"2025-06-04T09:33:28+00:00\" \/>\n<meta property=\"og:image\" content=\"https:\/\/hand2noteguide.com\/wp-content\/uploads\/2025\/04\/hand2note-coaching-result.png\" \/>\n\t<meta property=\"og:image:width\" content=\"954\" \/>\n\t<meta property=\"og:image:height\" content=\"652\" \/>\n\t<meta property=\"og:image:type\" content=\"image\/png\" \/>\n<meta name=\"twitter:card\" content=\"summary_large_image\" \/>\n<meta name=\"twitter:label1\" content=\"Est. reading time\" \/>\n\t<meta name=\"twitter:data1\" content=\"8 minutes\" \/>\n<!-- \/ Yoast SEO plugin. -->","yoast_head_json":{"title":"Coaching Hand2Note : Obtenez des Cours Particuliers","description":"R\u00e9servez des sessions de coaching priv\u00e9es Hand2Note avec un expert certifi\u00e9. Apprenez rapidement les fonctionnalit\u00e9s de Hand2Note et obtenez des conseils strat\u00e9giques personnalis\u00e9s.","robots":{"index":"index","follow":"follow","max-snippet":"max-snippet:-1","max-image-preview":"max-image-preview:large","max-video-preview":"max-video-preview:-1"},"canonical":"https:\/\/hand2noteguide.com\/zh\/training\/","og_locale":"fr_FR","og_type":"article","og_title":"Coaching Hand2Note : Obtenez des Cours Particuliers","og_description":"R\u00e9servez des sessions de coaching priv\u00e9es Hand2Note avec un expert certifi\u00e9. Apprenez rapidement les fonctionnalit\u00e9s de Hand2Note et obtenez des conseils strat\u00e9giques personnalis\u00e9s.","og_url":"https:\/\/hand2noteguide.com\/zh\/training\/","og_site_name":"Hand2Note Guide","article_modified_time":"2025-06-04T09:33:28+00:00","og_image":[{"width":954,"height":652,"url":"https:\/\/hand2noteguide.com\/wp-content\/uploads\/2025\/04\/hand2note-coaching-result.png","type":"image\/png"}],"twitter_card":"summary_large_image","twitter_misc":{"Est. reading time":"8 minutes"},"schema":{"@context":"https:\/\/schema.org","@graph":[]}},"jetpack_sharing_enabled":false,"_links":{"self":[{"href":"https:\/\/hand2noteguide.com\/fr\/wp-json\/wp\/v2\/pages\/578","targetHints":{"allow":["GET"]}}],"collection":[{"href":"https:\/\/hand2noteguide.com\/fr\/wp-json\/wp\/v2\/pages"}],"about":[{"href":"https:\/\/hand2noteguide.com\/fr\/wp-json\/wp\/v2\/types\/page"}],"author":[{"embeddable":true,"href":"https:\/\/hand2noteguide.com\/fr\/wp-json\/wp\/v2\/users\/1"}],"replies":[{"embeddable":true,"href":"https:\/\/hand2noteguide.com\/fr\/wp-json\/wp\/v2\/comments?post=578"}],"version-history":[{"count":104,"href":"https:\/\/hand2noteguide.com\/fr\/wp-json\/wp\/v2\/pages\/578\/revisions"}],"predecessor-version":[{"id":13360,"href":"https:\/\/hand2noteguide.com\/fr\/wp-json\/wp\/v2\/pages\/578\/revisions\/13360"}],"wp:featuredmedia":[{"embeddable":true,"href":"https:\/\/hand2noteguide.com\/fr\/wp-json\/wp\/v2\/media\/10171"}],"wp:attachment":[{"href":"https:\/\/hand2noteguide.com\/fr\/wp-json\/wp\/v2\/media?parent=578"}],"curies":[{"name":"wp","href":"https:\/\/api.w.org\/{rel}","templated":true}]}}