{"id":586,"date":"2018-11-10T13:47:44","date_gmt":"2018-11-10T10:47:44","guid":{"rendered":"https:\/\/h2n312.wordpress.com\/?page_id=586"},"modified":"2025-06-04T17:49:10","modified_gmt":"2025-06-04T14:49:10","slug":"decision-analysis","status":"publish","type":"page","link":"https:\/\/hand2noteguide.com\/fr\/guide\/decision-analysis\/","title":{"rendered":"D\u00e9couvrez la rentabilit\u00e9 de diff\u00e9rentes cat\u00e9gories de mains"},"content":{"rendered":"<p><a href=\"http:\/\/www.hand2note.com\/Help\/Index\/DecisionAnalysis\" target=\"_blank\" rel=\"noopener noreferrer\">Decision Analysis<\/a> vous permet de d\u00e9couvrir la rentabilit\u00e9 de vos d\u00e9cisions avec diff\u00e9rentes cat\u00e9gories de mains dans diverses situations. Cette fonctionnalit\u00e9 est uniquement disponible avec l&#8217;<a href=\"https:\/\/hand2noteguide.com\/fr\/guide\/choose-subscription\/\">abonnement EDGE<\/a>.<\/p>\n<p>Par exemple, vous souhaitez voir la rentabilit\u00e9 de vos open raises depuis le bouton avec diff\u00e9rents types de mains. Pour ce faire, proc\u00e9dez comme suit :<\/p>\n<ol>\n<li><a href=\"https:\/\/hand2noteguide.com\/fr\/guide\/creating-stats\/\">Cr\u00e9ez une statistique<\/a> &#8220;Open Raise BTN&#8221; et ajoutez-la au popup.<\/li>\n<li><a href=\"https:\/\/hand2noteguide.com\/fr\/guide\/rebuild-stats\/\">Reconstruisez les statistiques<\/a>.<\/li>\n<li>Ouvrez le <a href=\"https:\/\/hand2noteguide.com\/fr\/guide\/hero-stats\/\">popup sur Hero<\/a> en double-cliquant sur votre pseudo ou <a href=\"https:\/\/hand2noteguide.com\/fr\/guide\/alias\/\">nom d&#8217;alias<\/a> dans la fen\u00eatre principale de Hand2Note.<\/li>\n<li>Passez votre souris sur la statistique. Un <a href=\"https:\/\/href.li\/?http:\/\/www.hand2note.com\/Help\/Index\/StatInfo\" target=\"_blank\" rel=\"noopener noreferrer\">popup \u00e9tendu<\/a> s&#8217;ouvrira dans lequel vous verrez la rentabilit\u00e9 de diff\u00e9rentes cat\u00e9gories de mains dans la situation particuli\u00e8re.<\/li>\n<\/ol>\n<p><img loading=\"lazy\" decoding=\"async\" class=\"alignnone size-full wp-image-1482\" src=\"https:\/\/hand2noteguide.com\/wp-content\/uploads\/2019\/07\/hand2note-action-profit.png\" alt=\"hand2note action profit\" width=\"421\" height=\"268\" srcset=\"https:\/\/hand2noteguide.com\/wp-content\/uploads\/2019\/07\/hand2note-action-profit.png 421w, https:\/\/hand2noteguide.com\/wp-content\/uploads\/2019\/07\/hand2note-action-profit-300x191.png 300w\" sizes=\"auto, (max-width: 421px) 100vw, 421px\" \/><\/p>\n<p>Les cat\u00e9gories de mains peuvent \u00eatre personnalis\u00e9es dans les param\u00e8tres (<em>Configuration \u2192 Action Profit<\/em>).<\/p>\n","protected":false},"excerpt":{"rendered":"<p>Decision Analysis vous permet de d\u00e9couvrir la rentabilit\u00e9 de vos d\u00e9cisions avec diff\u00e9rentes cat\u00e9gories de mains dans diverses situations. Cette fonctionnalit\u00e9 est uniquement disponible avec l&#8217;abonnement EDGE. Par exemple, vous souhaitez voir la rentabilit\u00e9 de vos open raises depuis le bouton avec diff\u00e9rents types de mains. Pour ce faire, proc\u00e9dez comme suit : Cr\u00e9ez une &hellip; <a href=\"https:\/\/hand2noteguide.com\/fr\/guide\/decision-analysis\/\" class=\"more-link\">Continue reading <span class=\"screen-reader-text\">D\u00e9couvrez la rentabilit\u00e9 de diff\u00e9rentes cat\u00e9gories de mains<\/span><\/a><\/p>\n","protected":false},"author":1,"featured_media":0,"parent":74,"menu_order":0,"comment_status":"closed","ping_status":"closed","template":"page-templates\/full-width-page.php","meta":{"footnotes":""},"class_list":["post-586","page","type-page","status-publish","hentry"],"translation":{"provider":"WPGlobus","version":"3.0.2","language":"fr","enabled_languages":["en","ru","pt","zh","es","fr","de","it","ja"],"languages":{"en":{"title":true,"content":true,"excerpt":false},"ru":{"title":true,"content":true,"excerpt":false},"pt":{"title":true,"content":true,"excerpt":false},"zh":{"title":true,"content":true,"excerpt":false},"es":{"title":true,"content":true,"excerpt":false},"fr":{"title":true,"content":true,"excerpt":false},"de":{"title":true,"content":true,"excerpt":false},"it":{"title":true,"content":true,"excerpt":false},"ja":{"title":true,"content":true,"excerpt":false}}},"yoast_head":"<!-- This site is optimized with the Yoast SEO plugin v27.0 - https:\/\/yoast.com\/product\/yoast-seo-wordpress\/ -->\n<title>D\u00e9couvrez la Rentabilit\u00e9 des Mains dans Diff\u00e9rentes Situations<\/title>\n<meta name=\"description\" content=\"D\u00e9couvrez comment analyser la rentabilit\u00e9 de vos mains de poker dans diverses situations gr\u00e2ce \u00e0 la fonctionnalit\u00e9 Decision Analysis de Hand2Note. Optimisez votre strat\u00e9gie d\u00e8s aujourd&#039;hui !\" \/>\n<meta name=\"robots\" content=\"index, follow, max-snippet:-1, max-image-preview:large, max-video-preview:-1\" \/>\n<link rel=\"canonical\" href=\"https:\/\/hand2noteguide.com\/guide\/decision-analysis\/\" \/>\n<meta property=\"og:locale\" content=\"fr_FR\" \/>\n<meta property=\"og:type\" content=\"article\" \/>\n<meta property=\"og:title\" content=\"D\u00e9couvrez la Rentabilit\u00e9 des Mains dans Diff\u00e9rentes Situations\" \/>\n<meta property=\"og:description\" content=\"D\u00e9couvrez comment analyser la rentabilit\u00e9 de vos mains de poker dans diverses situations gr\u00e2ce \u00e0 la fonctionnalit\u00e9 Decision Analysis de Hand2Note. Optimisez votre strat\u00e9gie d\u00e8s aujourd&#039;hui !\" \/>\n<meta property=\"og:url\" content=\"https:\/\/hand2noteguide.com\/guide\/decision-analysis\/\" \/>\n<meta property=\"og:site_name\" content=\"Hand2Note Guide\" \/>\n<meta property=\"article:modified_time\" content=\"2025-06-04T14:49:10+00:00\" \/>\n<meta property=\"og:image\" content=\"https:\/\/hand2noteguide.com\/wp-content\/uploads\/2019\/07\/hand2note-action-profit.png\" \/>\n<meta name=\"twitter:card\" content=\"summary_large_image\" \/>\n<meta name=\"twitter:label1\" content=\"Est. reading time\" \/>\n\t<meta name=\"twitter:data1\" content=\"4 minutes\" \/>\n<!-- \/ Yoast SEO plugin. -->","yoast_head_json":{"title":"D\u00e9couvrez la Rentabilit\u00e9 des Mains dans Diff\u00e9rentes Situations","description":"D\u00e9couvrez comment analyser la rentabilit\u00e9 de vos mains de poker dans diverses situations gr\u00e2ce \u00e0 la fonctionnalit\u00e9 Decision Analysis de Hand2Note. Optimisez votre strat\u00e9gie d\u00e8s aujourd'hui !","robots":{"index":"index","follow":"follow","max-snippet":"max-snippet:-1","max-image-preview":"max-image-preview:large","max-video-preview":"max-video-preview:-1"},"canonical":"https:\/\/hand2noteguide.com\/guide\/decision-analysis\/","og_locale":"fr_FR","og_type":"article","og_title":"D\u00e9couvrez la Rentabilit\u00e9 des Mains dans Diff\u00e9rentes Situations","og_description":"D\u00e9couvrez comment analyser la rentabilit\u00e9 de vos mains de poker dans diverses situations gr\u00e2ce \u00e0 la fonctionnalit\u00e9 Decision Analysis de Hand2Note. Optimisez votre strat\u00e9gie d\u00e8s aujourd'hui !","og_url":"https:\/\/hand2noteguide.com\/guide\/decision-analysis\/","og_site_name":"Hand2Note Guide","article_modified_time":"2025-06-04T14:49:10+00:00","og_image":[{"url":"https:\/\/hand2noteguide.com\/wp-content\/uploads\/2019\/07\/hand2note-action-profit.png","type":"","width":"","height":""}],"twitter_card":"summary_large_image","twitter_misc":{"Est. reading time":"4 minutes"},"schema":{"@context":"https:\/\/schema.org","@graph":[]}},"jetpack_sharing_enabled":false,"_links":{"self":[{"href":"https:\/\/hand2noteguide.com\/fr\/wp-json\/wp\/v2\/pages\/586","targetHints":{"allow":["GET"]}}],"collection":[{"href":"https:\/\/hand2noteguide.com\/fr\/wp-json\/wp\/v2\/pages"}],"about":[{"href":"https:\/\/hand2noteguide.com\/fr\/wp-json\/wp\/v2\/types\/page"}],"author":[{"embeddable":true,"href":"https:\/\/hand2noteguide.com\/fr\/wp-json\/wp\/v2\/users\/1"}],"replies":[{"embeddable":true,"href":"https:\/\/hand2noteguide.com\/fr\/wp-json\/wp\/v2\/comments?post=586"}],"version-history":[{"count":15,"href":"https:\/\/hand2noteguide.com\/fr\/wp-json\/wp\/v2\/pages\/586\/revisions"}],"predecessor-version":[{"id":13518,"href":"https:\/\/hand2noteguide.com\/fr\/wp-json\/wp\/v2\/pages\/586\/revisions\/13518"}],"up":[{"embeddable":true,"href":"https:\/\/hand2noteguide.com\/fr\/wp-json\/wp\/v2\/pages\/74"}],"wp:attachment":[{"href":"https:\/\/hand2noteguide.com\/fr\/wp-json\/wp\/v2\/media?parent=586"}],"curies":[{"name":"wp","href":"https:\/\/api.w.org\/{rel}","templated":true}]}}