{"id":5989,"date":"2023-06-11T00:25:01","date_gmt":"2023-06-10T21:25:01","guid":{"rendered":"https:\/\/hand2noteguide.com\/?page_id=5989"},"modified":"2026-02-21T17:50:06","modified_gmt":"2026-02-21T14:50:06","slug":"5-best-online-poker-training-sites","status":"publish","type":"page","link":"https:\/\/hand2noteguide.com\/fr\/poker\/5-best-online-poker-training-sites\/","title":{"rendered":"Top 5 Sites de Formation au Poker en Ligne pour Am\u00e9liorer ses Comp\u00e9tences"},"content":{"rendered":"\n<p>Le poker en ligne est devenu un jeu hautement comp\u00e9titif et complexe qui n\u00e9cessite des comp\u00e9tences, de la strat\u00e9gie et des connaissances pour r\u00e9ussir. Quel que soit votre niveau actuel, vous devez constamment apprendre et am\u00e9liorer vos comp\u00e9tences. Dans cet article, nous vous proposons une s\u00e9lection des meilleurs sites de formation au poker que vous pouvez utiliser pour am\u00e9liorer votre jeu.<\/p>\n\n\n\n<p>Tous les sites offrent une formation sous diff\u00e9rents formats. Utiliser diff\u00e9rents outils vous permettra de diversifier votre approche d&#8217;apprentissage et d&#8217;acc\u00e9l\u00e9rer votre d\u00e9veloppement en tant que joueur professionnel.<\/p>\n\n\n\n<h2 class=\"wp-block-heading\">1. <a aria-label=\"undefined (ouvre dans un nouvel onglet)\" href=\"https:\/\/www.getcoach.poker\/\" target=\"_blank\" rel=\"noreferrer noopener\">Getcoach.poker<\/a><\/h2>\n\n\n\n<p>Engager un coach personnel est une partie essentielle de la carri\u00e8re d&#8217;un joueur de poker, tout comme dans tout autre sport professionnel. Un bon coach vous aidera \u00e0 cr\u00e9er un plan de formation personnalis\u00e9 et vous motivera et vous soutiendra \u00e9galement dans votre progression.<\/p>\n\n\n\n<p><a href=\"https:\/\/www.getcoach.poker\/\" target=\"_blank\" aria-label=\"undefined (ouvre dans un nouvel onglet)\" rel=\"noreferrer noopener\">Getcoach.poker<\/a> est une plateforme de premier plan pour trouver un coach ou une \u00e9cole de poker. Vous pouvez utiliser des filtres intuitifs pour trouver votre mentor id\u00e9al.<\/p>\n\n\n\n<figure class=\"wp-block-image size-large\"><a href=\"https:\/\/www.getcoach.poker\/coaches\/\" target=\"_blank\" rel=\"noreferrer noopener\"><img loading=\"lazy\" decoding=\"async\" width=\"1024\" height=\"766\" src=\"http:\/\/hand2noteguide.com\/wp-content\/uploads\/2024\/04\/getcoach-coaches-min-1024x766.webp\" alt=\"Engagez un coach de poker sur getcoach.poker\" class=\"wp-image-6362\" srcset=\"https:\/\/hand2noteguide.com\/wp-content\/uploads\/2024\/04\/getcoach-coaches-min-1024x766.webp 1024w, https:\/\/hand2noteguide.com\/wp-content\/uploads\/2024\/04\/getcoach-coaches-min-300x224.webp 300w, https:\/\/hand2noteguide.com\/wp-content\/uploads\/2024\/04\/getcoach-coaches-min-768x574.webp 768w, https:\/\/hand2noteguide.com\/wp-content\/uploads\/2024\/04\/getcoach-coaches-min-1536x1149.webp 1536w, https:\/\/hand2noteguide.com\/wp-content\/uploads\/2024\/04\/getcoach-coaches-min-2048x1531.webp 2048w, https:\/\/hand2noteguide.com\/wp-content\/uploads\/2024\/04\/getcoach-coaches-min-772x577.webp 772w, https:\/\/hand2noteguide.com\/wp-content\/uploads\/2024\/04\/getcoach-coaches-min-624x467.webp 624w\" sizes=\"auto, (max-width: 1024px) 100vw, 1024px\" \/><\/a><figcaption class=\"wp-element-caption\">Trouvez un coach de poker sur Getcoach.poker<\/figcaption><\/figure>\n\n\n\n<p>En plus de cela, Getcoach accumule tous les meilleurs articles et vid\u00e9os \u00e9ducatifs sur le poker de divers auteurs. Ajoutez Getcoach.poker \u00e0 vos favoris et vous serez toujours au courant des contenus \u00e9ducatifs les plus r\u00e9cents. Vous pouvez \u00e9galement utiliser des filtres pour trouver les mat\u00e9riaux sur le sujet exact.<\/p>\n\n\n\n<figure class=\"wp-block-image size-large\"><a href=\"https:\/\/www.getcoach.poker\/videos\/\"><img loading=\"lazy\" decoding=\"async\" width=\"1024\" height=\"748\" src=\"https:\/\/hand2noteguide.com\/wp-content\/uploads\/2024\/04\/poker-training-videos-1024x748.webp\" alt=\"Vid\u00e9os de formation gratuites au poker\" class=\"wp-image-6366\" srcset=\"https:\/\/hand2noteguide.com\/wp-content\/uploads\/2024\/04\/poker-training-videos-1024x748.webp 1024w, https:\/\/hand2noteguide.com\/wp-content\/uploads\/2024\/04\/poker-training-videos-300x219.webp 300w, https:\/\/hand2noteguide.com\/wp-content\/uploads\/2024\/04\/poker-training-videos-768x561.webp 768w, https:\/\/hand2noteguide.com\/wp-content\/uploads\/2024\/04\/poker-training-videos-1536x1123.webp 1536w, https:\/\/hand2noteguide.com\/wp-content\/uploads\/2024\/04\/poker-training-videos-2048x1497.webp 2048w, https:\/\/hand2noteguide.com\/wp-content\/uploads\/2024\/04\/poker-training-videos-772x564.webp 772w, https:\/\/hand2noteguide.com\/wp-content\/uploads\/2024\/04\/poker-training-videos-624x456.webp 624w\" sizes=\"auto, (max-width: 1024px) 100vw, 1024px\" \/><\/a><figcaption class=\"wp-element-caption\">Biblioth\u00e8que de vid\u00e9os et articles de poker s\u00e9lectionn\u00e9s<\/figcaption><\/figure>\n\n\n\n<p>Getcoach.poker est fond\u00e9 par Nick Korolev, un joueur de poker en cash game exp\u00e9riment\u00e9, membre de l&#8217;\u00e9quipe Hand2Note et fondateur d&#8217;autres projets \u00e9ducatifs populaires sur le poker.<\/p>\n\n\n\n<h2 class=\"wp-block-heading\">2. <a href=\"https:\/\/www.runitonce.com\/\" target=\"_blank\" aria-label=\"undefined (ouvre dans un nouvel onglet)\" rel=\"noreferrer noopener\">Run It Once<\/a><\/h2>\n\n\n\n<p><a href=\"https:\/\/www.runitonce.com\/\" target=\"_blank\" aria-label=\"undefined (ouvre dans un nouvel onglet)\" rel=\"noreferrer noopener\">Run It Once<\/a> est un site de formation populaire lanc\u00e9 par le joueur professionnel de haut niveau Phil Galfond. Il propose une vaste biblioth\u00e8que de vid\u00e9os et de tutoriels mettant en vedette certains des meilleurs joueurs du monde. Le contenu est tr\u00e8s diversifi\u00e9 et bien organis\u00e9, principalement adapt\u00e9 aux niveaux interm\u00e9diaire et avanc\u00e9. Tous les types de jeux sont couverts &#8211; des cash games aux tournois et au Pot-Limit Omaha. Run It Once propose \u00e9galement un forum communautaire dynamique o\u00f9 les membres peuvent discuter ensemble des strat\u00e9gies.<\/p>\n\n\n\n<figure class=\"wp-block-image size-large\"><a href=\"https:\/\/www.runitonce.com\/\" target=\"_blank\" rel=\"noreferrer noopener\"><img loading=\"lazy\" decoding=\"async\" width=\"1024\" height=\"633\" src=\"https:\/\/hand2noteguide.com\/wp-content\/uploads\/2023\/06\/run-it-once-1024x633.webp\" alt=\"\" class=\"wp-image-6004\" srcset=\"https:\/\/hand2noteguide.com\/wp-content\/uploads\/2023\/06\/run-it-once-1024x633.webp 1024w, https:\/\/hand2noteguide.com\/wp-content\/uploads\/2023\/06\/run-it-once-300x185.webp 300w, https:\/\/hand2noteguide.com\/wp-content\/uploads\/2023\/06\/run-it-once-768x474.webp 768w, https:\/\/hand2noteguide.com\/wp-content\/uploads\/2023\/06\/run-it-once-1536x949.webp 1536w, https:\/\/hand2noteguide.com\/wp-content\/uploads\/2023\/06\/run-it-once-2048x1265.webp 2048w, https:\/\/hand2noteguide.com\/wp-content\/uploads\/2023\/06\/run-it-once-772x477.webp 772w, https:\/\/hand2noteguide.com\/wp-content\/uploads\/2023\/06\/run-it-once-624x385.webp 624w\" sizes=\"auto, (max-width: 1024px) 100vw, 1024px\" \/><\/a><figcaption class=\"wp-element-caption\">Explorez la biblioth\u00e8que de vid\u00e9os professionnelles de poker sur Run It Once<\/figcaption><\/figure>\n\n\n\n<h2 class=\"wp-block-heading\">3. <a href=\"https:\/\/www.raiseyouredge.com\/\" target=\"_blank\" aria-label=\"undefined (ouvre dans un nouvel onglet)\" rel=\"noreferrer noopener\">Raise Your Edge<\/a><\/h2>\n\n\n\n<p><a href=\"https:\/\/www.raiseyouredge.com\/\" target=\"_blank\" aria-label=\"undefined (ouvre dans un nouvel onglet)\" rel=\"noreferrer noopener\">Raise Your Edge<\/a> est fond\u00e9 par le joueur de tournoi professionnel Benjamin &#8220;bencb789&#8221; Rolle. La plateforme propose un ensemble de cours, vid\u00e9os, ranges preflop et autres ressources constamment mis \u00e0 jour. L&#8217;accent principal de l&#8217;\u00e9cole est mis sur le poker de tournoi, cependant, la biblioth\u00e8que est \u00e9galement progressivement enrichie de mat\u00e9riaux pour les cash games. Bencb est lui-m\u00eame un joueur actif et cr\u00e9e constamment de nouveaux contenus d&#8217;apprentissage.<\/p>\n\n\n\n<figure class=\"wp-block-image size-large\"><a href=\"https:\/\/www.raiseyouredge.com\/\" target=\"_blank\" rel=\"noreferrer noopener\"><img loading=\"lazy\" decoding=\"async\" width=\"1024\" height=\"675\" src=\"https:\/\/hand2noteguide.com\/wp-content\/uploads\/2023\/06\/raiseyouredge-1024x675.webp\" alt=\"\" class=\"wp-image-6015\" srcset=\"https:\/\/hand2noteguide.com\/wp-content\/uploads\/2023\/06\/raiseyouredge-1024x675.webp 1024w, https:\/\/hand2noteguide.com\/wp-content\/uploads\/2023\/06\/raiseyouredge-300x198.webp 300w, https:\/\/hand2noteguide.com\/wp-content\/uploads\/2023\/06\/raiseyouredge-768x506.webp 768w, https:\/\/hand2noteguide.com\/wp-content\/uploads\/2023\/06\/raiseyouredge-1536x1013.webp 1536w, https:\/\/hand2noteguide.com\/wp-content\/uploads\/2023\/06\/raiseyouredge-2048x1350.webp 2048w, https:\/\/hand2noteguide.com\/wp-content\/uploads\/2023\/06\/raiseyouredge-772x509.webp 772w, https:\/\/hand2noteguide.com\/wp-content\/uploads\/2023\/06\/raiseyouredge-624x411.webp 624w\" sizes=\"auto, (max-width: 1024px) 100vw, 1024px\" \/><\/a><figcaption class=\"wp-element-caption\">Suivez le succ\u00e8s de Bencb sur Raise Your Edge<\/figcaption><\/figure>\n\n\n\n<h2 class=\"wp-block-heading\">4. <a href=\"https:\/\/courses.poker\/\" target=\"_blank\" aria-label=\"undefined (ouvre dans un nouvel onglet)\" rel=\"noreferrer noopener\">Courses.poker<\/a><\/h2>\n\n\n\n<p><a href=\"https:\/\/courses.poker\/\" target=\"_blank\" aria-label=\"undefined (ouvre dans un nouvel onglet)\" rel=\"noreferrer noopener\">Courses.poker<\/a> est une plateforme de cours de poker de divers auteurs &#8211; joueurs et coachs \u00e0 succ\u00e8s. Tous les cours sont v\u00e9rifi\u00e9s avant publication, vous n&#8217;avez donc pas \u00e0 vous soucier de la qualit\u00e9 du mat\u00e9riel d&#8217;apprentissage. L&#8217;avantage de la plateforme est une large gamme de cours dans diverses disciplines de jeu, ainsi que d&#8217;autres composantes du poker professionnel &#8211; psychologie, productivit\u00e9 et motivation.<\/p>\n\n\n\n<h2 class=\"wp-block-heading\">5. <a href=\"https:\/\/hand2noteguide.com\/fr\/poker\/the-best-poker-preflop-charts-software\/\">FreeBetRange<\/a><\/h2>\n\n\n\n<p><a aria-label=\"undefined (ouvre dans un nouvel onglet)\" href=\"https:\/\/freebetrange.com\/fr\/\" target=\"_blank\" rel=\"noreferrer noopener\">Freebetrange<\/a> est une application de poker qui vous permet de g\u00e9rer, visualiser et entra\u00eener vos ranges preflop. Votre apprentissage du poker ne doit pas seulement consister \u00e0 regarder des vid\u00e9os, mais aussi \u00e0 vous entra\u00eener de mani\u00e8re pratique. Freebetrange est l&#8217;une des meilleures applications preflop sur le march\u00e9. Vous pouvez soit charger une strat\u00e9gie preflop pr\u00eate \u00e0 l&#8217;emploi, soit la cr\u00e9er vous-m\u00eame dans un \u00e9diteur pratique. Ensuite, vous pouvez pratiquer vos ranges en utilisant le <a aria-label=\"undefined (ouvre dans un nouvel onglet)\" href=\"https:\/\/help.freebetrange.com\/fr\/Trainer\/\" target=\"_blank\" rel=\"noreferrer noopener\">Preflop Trainer<\/a> r\u00e9volutionnaire \u00e0 deux modes.<\/p>\n\n\n\n<figure class=\"wp-block-image size-large\"><a href=\"https:\/\/freebetrange.com\/fr\/\" target=\"_blank\" rel=\"noreferrer noopener\"><img loading=\"lazy\" decoding=\"async\" width=\"1024\" height=\"587\" src=\"https:\/\/hand2noteguide.com\/wp-content\/uploads\/2023\/06\/preflop-trainer-1024x587.webp\" alt=\"\" class=\"wp-image-6022\" srcset=\"https:\/\/hand2noteguide.com\/wp-content\/uploads\/2023\/06\/preflop-trainer-1024x587.webp 1024w, https:\/\/hand2noteguide.com\/wp-content\/uploads\/2023\/06\/preflop-trainer-300x172.webp 300w, https:\/\/hand2noteguide.com\/wp-content\/uploads\/2023\/06\/preflop-trainer-768x440.webp 768w, https:\/\/hand2noteguide.com\/wp-content\/uploads\/2023\/06\/preflop-trainer-1536x881.webp 1536w, https:\/\/hand2noteguide.com\/wp-content\/uploads\/2023\/06\/preflop-trainer-772x443.webp 772w, https:\/\/hand2noteguide.com\/wp-content\/uploads\/2023\/06\/preflop-trainer-624x358.webp 624w, https:\/\/hand2noteguide.com\/wp-content\/uploads\/2023\/06\/preflop-trainer.webp 2020w\" sizes=\"auto, (max-width: 1024px) 100vw, 1024px\" \/><\/a><\/figure>\n","protected":false},"excerpt":{"rendered":"<p>Le poker en ligne est devenu un jeu hautement comp\u00e9titif et complexe qui n\u00e9cessite des comp\u00e9tences, de la strat\u00e9gie et des connaissances pour r\u00e9ussir. Quel que soit votre niveau actuel, vous devez constamment apprendre et am\u00e9liorer vos comp\u00e9tences. Dans cet article, nous vous proposons une s\u00e9lection des meilleurs sites de formation au poker que vous &hellip; <a href=\"https:\/\/hand2noteguide.com\/fr\/poker\/5-best-online-poker-training-sites\/\" class=\"more-link\">Continue reading <span class=\"screen-reader-text\">Top 5 Sites de Formation au Poker en Ligne pour Am\u00e9liorer ses Comp\u00e9tences<\/span><\/a><\/p>\n","protected":false},"author":1,"featured_media":0,"parent":7017,"menu_order":0,"comment_status":"closed","ping_status":"closed","template":"","meta":{"footnotes":""},"class_list":["post-5989","page","type-page","status-publish","hentry"],"translation":{"provider":"WPGlobus","version":"3.0.2","language":"fr","enabled_languages":["en","ru","pt","zh","es","fr","de","it","ja"],"languages":{"en":{"title":true,"content":true,"excerpt":false},"ru":{"title":true,"content":true,"excerpt":false},"pt":{"title":true,"content":true,"excerpt":false},"zh":{"title":true,"content":true,"excerpt":false},"es":{"title":true,"content":true,"excerpt":false},"fr":{"title":true,"content":true,"excerpt":false},"de":{"title":true,"content":true,"excerpt":false},"it":{"title":true,"content":true,"excerpt":false},"ja":{"title":true,"content":true,"excerpt":false}}},"yoast_head":"<!-- This site is optimized with the Yoast SEO plugin v27.0 - https:\/\/yoast.com\/product\/yoast-seo-wordpress\/ -->\n<title>Top 5 Sites de Formation au Poker en Ligne pour Am\u00e9liorer ses Comp\u00e9tences<\/title>\n<meta name=\"description\" content=\"5 Meilleurs Sites de Formation au Poker en Ligne en 2026 \u00b7 1. Getcoach.poker \u00b7 2. Run It Once \u00b7 3. Raise Your Edge \u00b7 4. Courses.poker \u00b7 5. FreeBetRange.\" \/>\n<meta name=\"robots\" content=\"index, follow, max-snippet:-1, max-image-preview:large, max-video-preview:-1\" \/>\n<link rel=\"canonical\" href=\"https:\/\/hand2noteguide.com\/pt\/poker\/5-best-online-poker-training-sites\/\" \/>\n<meta property=\"og:locale\" content=\"fr_FR\" \/>\n<meta property=\"og:type\" content=\"article\" \/>\n<meta property=\"og:title\" content=\"Top 5 Sites de Formation au Poker en Ligne pour Am\u00e9liorer ses Comp\u00e9tences\" \/>\n<meta property=\"og:description\" content=\"5 Meilleurs Sites de Formation au Poker en Ligne en 2026 \u00b7 1. Getcoach.poker \u00b7 2. Run It Once \u00b7 3. Raise Your Edge \u00b7 4. Courses.poker \u00b7 5. FreeBetRange.\" \/>\n<meta property=\"og:url\" content=\"https:\/\/hand2noteguide.com\/pt\/poker\/5-best-online-poker-training-sites\/\" \/>\n<meta property=\"og:site_name\" content=\"Hand2Note Guide\" \/>\n<meta property=\"article:modified_time\" content=\"2026-02-21T14:50:06+00:00\" \/>\n<meta property=\"og:image\" content=\"http:\/\/hand2noteguide.com\/wp-content\/uploads\/2024\/04\/getcoach-coaches-min-1024x766.webp\" \/>\n<meta name=\"twitter:card\" content=\"summary_large_image\" \/>\n<meta name=\"twitter:label1\" content=\"Est. reading time\" \/>\n\t<meta name=\"twitter:data1\" content=\"4 minutes\" \/>\n<!-- \/ Yoast SEO plugin. -->","yoast_head_json":{"title":"Top 5 Sites de Formation au Poker en Ligne pour Am\u00e9liorer ses Comp\u00e9tences","description":"5 Meilleurs Sites de Formation au Poker en Ligne en 2026 \u00b7 1. Getcoach.poker \u00b7 2. Run It Once \u00b7 3. Raise Your Edge \u00b7 4. Courses.poker \u00b7 5. FreeBetRange.","robots":{"index":"index","follow":"follow","max-snippet":"max-snippet:-1","max-image-preview":"max-image-preview:large","max-video-preview":"max-video-preview:-1"},"canonical":"https:\/\/hand2noteguide.com\/pt\/poker\/5-best-online-poker-training-sites\/","og_locale":"fr_FR","og_type":"article","og_title":"Top 5 Sites de Formation au Poker en Ligne pour Am\u00e9liorer ses Comp\u00e9tences","og_description":"5 Meilleurs Sites de Formation au Poker en Ligne en 2026 \u00b7 1. Getcoach.poker \u00b7 2. Run It Once \u00b7 3. Raise Your Edge \u00b7 4. Courses.poker \u00b7 5. FreeBetRange.","og_url":"https:\/\/hand2noteguide.com\/pt\/poker\/5-best-online-poker-training-sites\/","og_site_name":"Hand2Note Guide","article_modified_time":"2026-02-21T14:50:06+00:00","og_image":[{"url":"http:\/\/hand2noteguide.com\/wp-content\/uploads\/2024\/04\/getcoach-coaches-min-1024x766.webp","type":"","width":"","height":""}],"twitter_card":"summary_large_image","twitter_misc":{"Est. reading time":"4 minutes"},"schema":{"@context":"https:\/\/schema.org","@graph":[]}},"jetpack_sharing_enabled":true,"_links":{"self":[{"href":"https:\/\/hand2noteguide.com\/fr\/wp-json\/wp\/v2\/pages\/5989","targetHints":{"allow":["GET"]}}],"collection":[{"href":"https:\/\/hand2noteguide.com\/fr\/wp-json\/wp\/v2\/pages"}],"about":[{"href":"https:\/\/hand2noteguide.com\/fr\/wp-json\/wp\/v2\/types\/page"}],"author":[{"embeddable":true,"href":"https:\/\/hand2noteguide.com\/fr\/wp-json\/wp\/v2\/users\/1"}],"replies":[{"embeddable":true,"href":"https:\/\/hand2noteguide.com\/fr\/wp-json\/wp\/v2\/comments?post=5989"}],"version-history":[{"count":72,"href":"https:\/\/hand2noteguide.com\/fr\/wp-json\/wp\/v2\/pages\/5989\/revisions"}],"predecessor-version":[{"id":15248,"href":"https:\/\/hand2noteguide.com\/fr\/wp-json\/wp\/v2\/pages\/5989\/revisions\/15248"}],"up":[{"embeddable":true,"href":"https:\/\/hand2noteguide.com\/fr\/wp-json\/wp\/v2\/pages\/7017"}],"wp:attachment":[{"href":"https:\/\/hand2noteguide.com\/fr\/wp-json\/wp\/v2\/media?parent=5989"}],"curies":[{"name":"wp","href":"https:\/\/api.w.org\/{rel}","templated":true}]}}