{"id":6085,"date":"2024-02-18T21:06:53","date_gmt":"2024-02-18T18:06:53","guid":{"rendered":"https:\/\/hand2noteguide.com\/?page_id=6085"},"modified":"2025-06-04T15:05:19","modified_gmt":"2025-06-04T12:05:19","slug":"how-to-install-a-hud-package-in-hand2note-3","status":"publish","type":"page","link":"https:\/\/hand2noteguide.com\/fr\/hud-store\/how-to-install-a-hud-package-in-hand2note-3\/","title":{"rendered":"Comment installer un package HUD dans Hand2Note 3"},"content":{"rendered":"<div class=\"wp-block-h2n-alert h2n-alert h2n-alert--danger\"><div class=\"h2n-alert__icon\" aria-hidden=\"true\"><svg width=\"22\" height=\"22\" viewBox=\"0 0 24 24\" fill=\"none\" stroke=\"currentColor\" stroke-width=\"2\" stroke-linecap=\"round\" stroke-linejoin=\"round\"><polygon points=\"7.86 2 16.14 2 22 7.86 22 16.14 16.14 22 7.86 22 2 16.14 2 7.86 7.86 2\"\/><line x1=\"12\" y1=\"8\" x2=\"12\" y2=\"12\"\/><circle cx=\"12\" cy=\"16\" r=\"1\" fill=\"currentColor\" stroke=\"none\"\/><\/svg><\/div><div class=\"h2n-alert__content\">Ce guide concerne la version obsol\u00e8te de <strong>Hand2Note 3<\/strong>. Pour la version actuelle, consultez : <a href=\"https:\/\/hand2noteguide.com\/fr\/user-manual\/installing-customized-statistics-packages-in-hand2note\/\">Installation des packages HUD dans Hand2Note 4<\/a>.<\/div><\/div>\n\n\n<p>Cette courte vid\u00e9o vous montre \u00e9tape par \u00e9tape comment installer n&#8217;importe quel package HUD\/Popups dans Hand2Note 3. Si vous venez d&#8217;acheter un package dans notre <a href=\"https:\/\/hudstore.poker\/\" target=\"_blank\" aria-label=\"undefined (ouvre dans un nouvel onglet)\" rel=\"noreferrer noopener\">Store<\/a> et que vous utilisez la version 3.x.x de Hand2Note, suivez simplement les \u00e9tapes de la vid\u00e9o pour configurer votre nouveau HUD.<\/p>\n\n\n\n<figure class=\"wp-block-embed is-type-video is-provider-youtube wp-block-embed-youtube wp-embed-aspect-16-9 wp-has-aspect-ratio\"><div class=\"wp-block-embed__wrapper\">\n<div class=\"jetpack-video-wrapper\"><iframe loading=\"lazy\" title=\"How to install third-party HUD in Hand2Note\" width=\"700\" height=\"394\" src=\"https:\/\/www.youtube.com\/embed\/ouiuyhgIJpU?feature=oembed\" frameborder=\"0\" allow=\"accelerometer; autoplay; clipboard-write; encrypted-media; gyroscope; picture-in-picture; web-share\" allowfullscreen><\/iframe><\/div>\n<\/div><\/figure>\n\n\n\n<p>Si vous rencontrez des difficult\u00e9s lors de l&#8217;installation du HUD, veuillez contacter son auteur, il devrait vous aider \u00e0 r\u00e9soudre tout probl\u00e8me.<\/p>\n","protected":false},"excerpt":{"rendered":"<p>Cette courte vid\u00e9o vous montre \u00e9tape par \u00e9tape comment installer n&#8217;importe quel package HUD\/Popups dans Hand2Note 3. Si vous venez d&#8217;acheter un package dans notre Store et que vous utilisez la version 3.x.x de Hand2Note, suivez simplement les \u00e9tapes de la vid\u00e9o pour configurer votre nouveau HUD. Si vous rencontrez des difficult\u00e9s lors de l&#8217;installation &hellip; <a href=\"https:\/\/hand2noteguide.com\/fr\/hud-store\/how-to-install-a-hud-package-in-hand2note-3\/\" class=\"more-link\">Continue reading <span class=\"screen-reader-text\">Comment installer un package HUD dans Hand2Note 3<\/span><\/a><\/p>\n","protected":false},"author":1,"featured_media":0,"parent":4640,"menu_order":0,"comment_status":"closed","ping_status":"closed","template":"page-templates\/full-width-page.php","meta":{"footnotes":""},"class_list":["post-6085","page","type-page","status-publish","hentry"],"translation":{"provider":"WPGlobus","version":"3.0.2","language":"fr","enabled_languages":["en","ru","pt","zh","es","fr","de","it","ja"],"languages":{"en":{"title":true,"content":true,"excerpt":false},"ru":{"title":true,"content":true,"excerpt":false},"pt":{"title":true,"content":true,"excerpt":false},"zh":{"title":true,"content":true,"excerpt":false},"es":{"title":true,"content":true,"excerpt":false},"fr":{"title":true,"content":true,"excerpt":false},"de":{"title":true,"content":true,"excerpt":false},"it":{"title":true,"content":true,"excerpt":false},"ja":{"title":true,"content":true,"excerpt":false}}},"yoast_head":"<!-- This site is optimized with the Yoast SEO plugin v27.0 - https:\/\/yoast.com\/product\/yoast-seo-wordpress\/ -->\n<title>Comment installer un package HUD dans Hand2Note 3<\/title>\n<meta name=\"description\" content=\"Apprenez \u00e0 installer facilement des packages HUD dans Hand2Note 3 gr\u00e2ce \u00e0 notre guide vid\u00e9o \u00e9tape par \u00e9tape. Parfait pour les nouveaux utilisateurs de Hand2Note qui viennent d&#039;acqu\u00e9rir le nouveau HUD.\" \/>\n<meta name=\"robots\" content=\"index, follow, max-snippet:-1, max-image-preview:large, max-video-preview:-1\" \/>\n<link rel=\"canonical\" href=\"https:\/\/hand2noteguide.com\/hud-store\/how-to-install-a-hud-package-in-hand2note-3\/\" \/>\n<meta property=\"og:locale\" content=\"fr_FR\" \/>\n<meta property=\"og:type\" content=\"article\" \/>\n<meta property=\"og:title\" content=\"Comment installer un package HUD dans Hand2Note 3\" \/>\n<meta property=\"og:description\" content=\"Apprenez \u00e0 installer facilement des packages HUD dans Hand2Note 3 gr\u00e2ce \u00e0 notre guide vid\u00e9o \u00e9tape par \u00e9tape. Parfait pour les nouveaux utilisateurs de Hand2Note qui viennent d&#039;acqu\u00e9rir le nouveau HUD.\" \/>\n<meta property=\"og:url\" content=\"https:\/\/hand2noteguide.com\/hud-store\/how-to-install-a-hud-package-in-hand2note-3\/\" \/>\n<meta property=\"og:site_name\" content=\"Hand2Note Guide\" \/>\n<meta property=\"article:modified_time\" content=\"2025-06-04T12:05:19+00:00\" \/>\n<meta name=\"twitter:card\" content=\"summary_large_image\" \/>\n<meta name=\"twitter:label1\" content=\"Est. reading time\" \/>\n\t<meta name=\"twitter:data1\" content=\"3 minutes\" \/>\n<!-- \/ Yoast SEO plugin. -->","yoast_head_json":{"title":"Comment installer un package HUD dans Hand2Note 3","description":"Apprenez \u00e0 installer facilement des packages HUD dans Hand2Note 3 gr\u00e2ce \u00e0 notre guide vid\u00e9o \u00e9tape par \u00e9tape. Parfait pour les nouveaux utilisateurs de Hand2Note qui viennent d'acqu\u00e9rir le nouveau HUD.","robots":{"index":"index","follow":"follow","max-snippet":"max-snippet:-1","max-image-preview":"max-image-preview:large","max-video-preview":"max-video-preview:-1"},"canonical":"https:\/\/hand2noteguide.com\/hud-store\/how-to-install-a-hud-package-in-hand2note-3\/","og_locale":"fr_FR","og_type":"article","og_title":"Comment installer un package HUD dans Hand2Note 3","og_description":"Apprenez \u00e0 installer facilement des packages HUD dans Hand2Note 3 gr\u00e2ce \u00e0 notre guide vid\u00e9o \u00e9tape par \u00e9tape. Parfait pour les nouveaux utilisateurs de Hand2Note qui viennent d'acqu\u00e9rir le nouveau HUD.","og_url":"https:\/\/hand2noteguide.com\/hud-store\/how-to-install-a-hud-package-in-hand2note-3\/","og_site_name":"Hand2Note Guide","article_modified_time":"2025-06-04T12:05:19+00:00","twitter_card":"summary_large_image","twitter_misc":{"Est. reading time":"3 minutes"},"schema":{"@context":"https:\/\/schema.org","@graph":[]}},"jetpack_sharing_enabled":true,"_links":{"self":[{"href":"https:\/\/hand2noteguide.com\/fr\/wp-json\/wp\/v2\/pages\/6085","targetHints":{"allow":["GET"]}}],"collection":[{"href":"https:\/\/hand2noteguide.com\/fr\/wp-json\/wp\/v2\/pages"}],"about":[{"href":"https:\/\/hand2noteguide.com\/fr\/wp-json\/wp\/v2\/types\/page"}],"author":[{"embeddable":true,"href":"https:\/\/hand2noteguide.com\/fr\/wp-json\/wp\/v2\/users\/1"}],"replies":[{"embeddable":true,"href":"https:\/\/hand2noteguide.com\/fr\/wp-json\/wp\/v2\/comments?post=6085"}],"version-history":[{"count":12,"href":"https:\/\/hand2noteguide.com\/fr\/wp-json\/wp\/v2\/pages\/6085\/revisions"}],"predecessor-version":[{"id":13442,"href":"https:\/\/hand2noteguide.com\/fr\/wp-json\/wp\/v2\/pages\/6085\/revisions\/13442"}],"up":[{"embeddable":true,"href":"https:\/\/hand2noteguide.com\/fr\/wp-json\/wp\/v2\/pages\/4640"}],"wp:attachment":[{"href":"https:\/\/hand2noteguide.com\/fr\/wp-json\/wp\/v2\/media?parent=6085"}],"curies":[{"name":"wp","href":"https:\/\/api.w.org\/{rel}","templated":true}]}}