{"id":6096,"date":"2024-03-14T14:01:58","date_gmt":"2024-03-14T11:01:58","guid":{"rendered":"https:\/\/hand2noteguide.com\/?page_id=6096"},"modified":"2026-02-21T16:09:45","modified_gmt":"2026-02-21T13:09:45","slug":"gto-wizard-discount","status":"publish","type":"page","link":"https:\/\/hand2noteguide.com\/fr\/poker\/poker-gto\/gto-wizard-review\/gto-wizard-discount\/","title":{"rendered":"GTO Wizard : R\u00e9duction de 10 % et Bonus !"},"content":{"rendered":"\n<p>Pour obtenir <strong>une r\u00e9duction instantan\u00e9e de 10 %<\/strong> sur tout achat d&#8217;abonnement GTO Wizard, suivez ces 3 \u00e9tapes simples :<\/p>\n\n\n\n<div class=\"green-block\">\n<p><strong>1.<\/strong> Ouvrez le site GTO Wizard avec <a href=\"https:\/\/gtowizard.com\/p\/nickkorolev\" target=\"_blank\" rel=\"noopener sponsored\"><strong>notre lien<\/strong><\/a><\/p>\n<p><strong>2.<\/strong> Cr\u00e9ez un compte et connectez-vous<\/p>\n<p><strong>3.<\/strong> Une r\u00e9duction de 10 % sera automatiquement appliqu\u00e9e \u00e0 tout achat que vous effectuerez.<\/p>\n<\/div>\n\n\n\n<p>Vous pouvez \u00e9galement copier et coller le lien dans un nouvel onglet :<\/p>\n\n\n\n<pre>https:\/\/gtowizard.com\/p\/nickkorolev<\/pre>\n\n\n\n<p>Une fois connect\u00e9, vous verrez un message indiquant que vous b\u00e9n\u00e9ficiez d&#8217;une r\u00e9duction gr\u00e2ce \u00e0 nickkorolev.<\/p>\n\n\n\n<figure class=\"wp-block-image size-large\"><a href=\"https:\/\/gtowizard.com\/p\/nickkorolev\" target=\"_blank\" rel=\"noreferrer noopener\"><img loading=\"lazy\" decoding=\"async\" width=\"1024\" height=\"556\" src=\"https:\/\/hand2noteguide.com\/wp-content\/uploads\/2024\/03\/gto-wizard-discount-1-min-1024x556.webp\" alt=\"GTO Wizard discount\" class=\"wp-image-6145\" srcset=\"https:\/\/hand2noteguide.com\/wp-content\/uploads\/2024\/03\/gto-wizard-discount-1-min-1024x556.webp 1024w, https:\/\/hand2noteguide.com\/wp-content\/uploads\/2024\/03\/gto-wizard-discount-1-min-300x163.webp 300w, https:\/\/hand2noteguide.com\/wp-content\/uploads\/2024\/03\/gto-wizard-discount-1-min-768x417.webp 768w, https:\/\/hand2noteguide.com\/wp-content\/uploads\/2024\/03\/gto-wizard-discount-1-min-1536x834.webp 1536w, https:\/\/hand2noteguide.com\/wp-content\/uploads\/2024\/03\/gto-wizard-discount-1-min-2048x1112.webp 2048w, https:\/\/hand2noteguide.com\/wp-content\/uploads\/2024\/03\/gto-wizard-discount-1-min-772x419.webp 772w, https:\/\/hand2noteguide.com\/wp-content\/uploads\/2024\/03\/gto-wizard-discount-1-min-624x339.webp 624w\" sizes=\"auto, (max-width: 1024px) 100vw, 1024px\" \/><\/a><\/figure>\n\n\n\n<h2 class=\"wp-block-heading\">Plus qu&#8217;une r\u00e9duction<\/h2>\n\n\n\n<p>Notre offre vous donne un bonus suppl\u00e9mentaire. Si vous vous inscrivez avec <a href=\"https:\/\/gtowizard.com\/p\/nickkorolev\" target=\"_blank\" rel=\"noreferrer noopener sponsored\"><strong>notre lien<\/strong><\/a> et achetez un plan <strong>annuel<\/strong> de GTO Wizard, vous obtiendrez \u00e9galement <a href=\"https:\/\/hand2noteguide.com\/fr\/poker\/the-best-poker-preflop-charts-software\/\"><strong>Freebetrange<\/strong><\/a><strong> 60 jours de licence PRO gratuite<\/strong>. Freebetrange prend en charge le format des ranges de GTO Wizard. Vous pouvez donc parfaitement combiner ces 2 outils : \u00e9tudiez les ranges GTO dans le Wizard et cr\u00e9ez votre propre strat\u00e9gie preflop personnalis\u00e9e dans Freebetrange.<\/p>\n\n\n\n<figure class=\"wp-block-image size-large\"><a href=\"https:\/\/freebetrange.com\/fr\/\" target=\"_blank\" rel=\"noopener\"><img loading=\"lazy\" decoding=\"async\" width=\"1024\" height=\"622\" src=\"https:\/\/hand2noteguide.com\/wp-content\/uploads\/2024\/03\/freebetrange-min-1024x622.webp\" alt=\"Freebetrange range editor\" class=\"wp-image-6150\" srcset=\"https:\/\/hand2noteguide.com\/wp-content\/uploads\/2024\/03\/freebetrange-min-1024x622.webp 1024w, https:\/\/hand2noteguide.com\/wp-content\/uploads\/2024\/03\/freebetrange-min-300x182.webp 300w, https:\/\/hand2noteguide.com\/wp-content\/uploads\/2024\/03\/freebetrange-min-768x467.webp 768w, https:\/\/hand2noteguide.com\/wp-content\/uploads\/2024\/03\/freebetrange-min-1536x933.webp 1536w, https:\/\/hand2noteguide.com\/wp-content\/uploads\/2024\/03\/freebetrange-min-2048x1245.webp 2048w, https:\/\/hand2noteguide.com\/wp-content\/uploads\/2024\/03\/freebetrange-min-772x469.webp 772w, https:\/\/hand2noteguide.com\/wp-content\/uploads\/2024\/03\/freebetrange-min-624x379.webp 624w\" sizes=\"auto, (max-width: 1024px) 100vw, 1024px\" \/><\/a><\/figure>\n\n\n\n<p>Pour r\u00e9clamer ce bonus, vous devez cr\u00e9er un compte Freebetrange et <a href=\"https:\/\/hand2noteguide.com\/fr\/contact-us\/\">nous contacter<\/a>. Votre licence PRO sera automatiquement activ\u00e9e dans les 24 heures suivant votre achat de GTO Wizard.<\/p>\n\n\n\n<h2 class=\"wp-block-heading\">Que faire si la r\u00e9duction ne fonctionne pas ?<\/h2>\n\n\n\n<p>Assurez-vous de cr\u00e9er <strong>un nouveau compte<\/strong>. Car si vous avez un compte existant avec des achats effectu\u00e9s dans le pass\u00e9, les r\u00e9ductions ne sont pas applicables. <a href=\"https:\/\/hand2noteguide.com\/fr\/contact-us\/\">Contactez-nous<\/a> si vous \u00eates s\u00fbr d&#8217;effectuer un premier achat mais que la r\u00e9duction ne fonctionne toujours pas.<\/p>\n\n\n\n<h2 class=\"wp-block-heading\">Pourquoi devrais-je acheter GTO Wizard ?<\/h2>\n\n\n\n<p>Peu importe le niveau auquel vous jouez, pour \u00eatre un joueur solide et gagnant, vous devez apprendre le GTO. Bien s\u00fbr, vous devez exploiter les erreurs des autres joueurs &#8211; c&#8217;est ainsi que l&#8217;argent est gagn\u00e9 au poker. Et pour exploiter, vous devez vous \u00e9carter des ranges GTO. Mais comment vous \u00e9carter si vous ne connaissez pas les ranges GTO au d\u00e9part ? Si vous n&#8217;avez pas une base solide de GTO dans votre t\u00eate, vos ranges seront trop al\u00e9atoires, et vous serez \u00e9galement tr\u00e8s exploitable contre d&#8217;autres joueurs professionnels.<\/p>\n\n\n\n<figure class=\"wp-block-image size-large\"><a href=\"https:\/\/hand2noteguide.com\/fr\/gto-wizard-discount\/gto-wizard-app-min\/\" target=\"_blank\" rel=\"noreferrer noopener\"><img loading=\"lazy\" decoding=\"async\" width=\"1024\" height=\"632\" src=\"https:\/\/hand2noteguide.com\/wp-content\/uploads\/2024\/03\/gto-wizard-app-min-1024x632.webp\" alt=\"GTO Wizard app\" class=\"wp-image-6166\" srcset=\"https:\/\/hand2noteguide.com\/wp-content\/uploads\/2024\/03\/gto-wizard-app-min-1024x632.webp 1024w, https:\/\/hand2noteguide.com\/wp-content\/uploads\/2024\/03\/gto-wizard-app-min-300x185.webp 300w, https:\/\/hand2noteguide.com\/wp-content\/uploads\/2024\/03\/gto-wizard-app-min-768x474.webp 768w, https:\/\/hand2noteguide.com\/wp-content\/uploads\/2024\/03\/gto-wizard-app-min-1536x948.webp 1536w, https:\/\/hand2noteguide.com\/wp-content\/uploads\/2024\/03\/gto-wizard-app-min-2048x1264.webp 2048w, https:\/\/hand2noteguide.com\/wp-content\/uploads\/2024\/03\/gto-wizard-app-min-772x476.webp 772w, https:\/\/hand2noteguide.com\/wp-content\/uploads\/2024\/03\/gto-wizard-app-min-624x385.webp 624w\" sizes=\"auto, (max-width: 1024px) 100vw, 1024px\" \/><\/a><\/figure>\n\n\n\n<p>Donc, la n\u00e9cessit\u00e9 d&#8217;\u00e9tudier le GTO est ind\u00e9niable. GTO Wizard est une application parfaite dans <a href=\"https:\/\/hand2noteguide.com\/fr\/poker\/5-best-online-poker-software\/\">votre arsenal d&#8217;outils de poker<\/a> pour la satisfaire pleinement. L&#8217;application fonctionne dans votre navigateur, vous n&#8217;avez donc pas besoin d&#8217;installer de logiciel sur votre PC. Toutes les solutions sont pr\u00e9-calcul\u00e9es, vous n&#8217;avez donc pas \u00e0 attendre pour r\u00e9soudre un spot sp\u00e9cifique. L&#8217;application fonctionne rapidement et en douceur, et contient \u00e9galement une multitude de fonctionnalit\u00e9s d&#8217;entra\u00eenement pratiques que vous d\u00e9couvrirez progressivement en l&#8217;utilisant.<\/p>\n\n\n\n<p>En savoir plus sur les fonctionnalit\u00e9s de GTO Wizard dans notre article <a href=\"https:\/\/hand2noteguide.com\/fr\/poker\/poker-gto\/gto-wizard-review\/\">GTO Wizard Review<\/a>.<\/p>\n\n\n\n<h2 class=\"wp-block-heading\">Quel plan d&#8217;abonnement est adapt\u00e9 pour moi ?<\/h2>\n\n\n\n<p>Juste apr\u00e8s votre inscription, vous serez invit\u00e9 \u00e0 s\u00e9lectionner votre type de jeu :<\/p>\n\n\n\n<ul class=\"wp-block-list\">\n<li>Jeux de cash classiques<\/li>\n\n\n\n<li>MTT<\/li>\n\n\n\n<li>Spin&amp;Go<\/li>\n\n\n\n<li>HU SNG<\/li>\n\n\n\n<li>Jeux de cash avec Straddle &amp; Ante<\/li>\n<\/ul>\n\n\n\n<p>Ne vous inqui\u00e9tez pas, si vous avez besoin de plus d&#8217;un type de jeu, vous pouvez en s\u00e9lectionner d&#8217;autres plus tard.<\/p>\n\n\n\n<figure class=\"wp-block-image size-large\"><a href=\"https:\/\/hand2noteguide.com\/fr\/gto-wizard-discount\/gto-wizard-plans-1-min\/\" target=\"_blank\" rel=\"noreferrer noopener\"><img loading=\"lazy\" decoding=\"async\" width=\"1024\" height=\"631\" src=\"https:\/\/hand2noteguide.com\/wp-content\/uploads\/2024\/03\/gto-wizard-plans-1-min-1024x631.webp\" alt=\"GTO Wizard choisir un type de jeu de poker\" class=\"wp-image-6159\" srcset=\"https:\/\/hand2noteguide.com\/wp-content\/uploads\/2024\/03\/gto-wizard-plans-1-min-1024x631.webp 1024w, https:\/\/hand2noteguide.com\/wp-content\/uploads\/2024\/03\/gto-wizard-plans-1-min-300x185.webp 300w, https:\/\/hand2noteguide.com\/wp-content\/uploads\/2024\/03\/gto-wizard-plans-1-min-768x474.webp 768w, https:\/\/hand2noteguide.com\/wp-content\/uploads\/2024\/03\/gto-wizard-plans-1-min-1536x947.webp 1536w, https:\/\/hand2noteguide.com\/wp-content\/uploads\/2024\/03\/gto-wizard-plans-1-min-2048x1263.webp 2048w, https:\/\/hand2noteguide.com\/wp-content\/uploads\/2024\/03\/gto-wizard-plans-1-min-772x476.webp 772w, https:\/\/hand2noteguide.com\/wp-content\/uploads\/2024\/03\/gto-wizard-plans-1-min-624x385.webp 624w\" sizes=\"auto, (max-width: 1024px) 100vw, 1024px\" \/><\/a><\/figure>\n\n\n\n<p>Chaque type de jeu propose cinq plans d&#8217;abonnement : <strong>Free, Starter, Premium, Elite et Ultra<\/strong>. Ils diff\u00e8rent par les fonctionnalit\u00e9s, les limites d&#8217;analyse et les capacit\u00e9s du solveur.<\/p>\n\n\n\n<p>Tous les niveaux payants donnent acc\u00e8s \u00e0 la biblioth\u00e8que de solutions postflop. Cependant, les limites varient consid\u00e9rablement :<\/p>\n\n\n\n<ul class=\"wp-block-list\">\n<li><strong>Starter :<\/strong> Analysez jusqu&#8217;\u00e0 50 historiques de mains par mois et entra\u00eenez-vous uniquement sur des spots de profondeur 100bb.<\/li>\n\n\n\n<li><strong>Premium :<\/strong> Analysez jusqu&#8217;\u00e0 100 000 mains par mois avec toutes les tailles de stack disponibles en mode Pratique.<\/li>\n\n\n\n<li><strong>Elite :<\/strong> Augmente la limite d&#8217;analyse \u00e0 150 000 mains et d\u00e9bloque le <strong>Node Locking 2.0<\/strong>, vous permettant d&#8217;ajuster la strat\u00e9gie d&#8217;un adversaire pour trouver les exploits maximaux.<\/li>\n<\/ul>\n\n\n\n<p>La fonctionnalit\u00e9 phare des plans de niveau sup\u00e9rieur est <strong>GTO Wizard AI (anciennement Ruse AI)<\/strong>. Alors que le plan <strong>Elite<\/strong> vous permet de r\u00e9soudre des spots personnalis\u00e9s en Heads-Up et de modifier les ranges ou les tailles de stack, le nouveau plan <strong>Ultra<\/strong> passe au niveau sup\u00e9rieur avec la <strong>R\u00e9solution AI Multiway Illimit\u00e9e<\/strong>. Cela vous permet de r\u00e9soudre rapidement toute situation pr\u00e9flop ou postflop avec jusqu&#8217;\u00e0 9 joueurs, m\u00eame si elle n&#8217;est pas dans la biblioth\u00e8que.<\/p>\n\n\n<div class=\"wp-block-h2n-alert h2n-alert h2n-alert--info\"><div class=\"h2n-alert__icon\" aria-hidden=\"true\"><svg width=\"22\" height=\"22\" viewBox=\"0 0 24 24\" fill=\"none\" stroke=\"currentColor\" stroke-width=\"2\" stroke-linecap=\"round\" stroke-linejoin=\"round\"><circle cx=\"12\" cy=\"12\" r=\"10\"\/><line x1=\"12\" y1=\"16\" x2=\"12\" y2=\"12\"\/><circle cx=\"12\" cy=\"8\" r=\"1\" fill=\"currentColor\" stroke=\"none\"\/><\/svg><\/div><div class=\"h2n-alert__content\">Vous pouvez en savoir plus sur les plans payants dans notre article <a href=\"https:\/\/hand2noteguide.com\/fr\/gto-wizard-price\/\">Aper\u00e7u des prix de GTO Wizard<\/a>.<\/div><\/div>\n\n\n<p>Consultez la liste des fonctionnalit\u00e9s disponibles dans chaque plan. Ensuite, choisissez celui qui correspond le mieux \u00e0 vos objectifs d&#8217;entra\u00eenement au poker.<\/p>\n\n\n\n<h2 class=\"wp-block-heading\">Y a-t-il un code promo ou un coupon pour GTO Wizard ?<\/h2>\n\n\n\n<p>Non, l&#8217;application ne vous permet pas d&#8217;entrer des coupons. Pour obtenir une r\u00e9duction, vous devez vous inscrire avec un lien sp\u00e9cial :<\/p>\n\n\n\n<pre>https:\/\/gtowizard.com\/p\/nickkorolev<\/pre>\n\n\n\n<p>Apr\u00e8s votre inscription, allez \u00e0 la page de paiement. Vous verrez que votre code de r\u00e9duction GTO Wizard &#8220;nickkorolev&#8221; a d\u00e9j\u00e0 \u00e9t\u00e9 appliqu\u00e9. C&#8217;est le seul moyen d&#8217;obtenir un prix r\u00e9duit sur l&#8217;outil GTO Wizard.<\/p>\n\n\n\n<p>Utilisez notre offre pour commencer votre aventure avec <a href=\"\/fr\/poker\/5-best-online-poker-software\/\">le meilleur logiciel GTO<\/a> au meilleur prix.<\/p>\n\n\n\n<p style=\"margin-top:24px\"><a target=\"_blank\" class=\"article-action-link\" href=\"https:\/\/gtowizard.com\/p\/nickkorolev\" rel=\"noopener sponsored\">Obtenez GTO Wizard avec 10 % de r\u00e9duction \u2192<\/a><\/p>\n","protected":false},"excerpt":{"rendered":"<p>Pour obtenir une r\u00e9duction instantan\u00e9e de 10 % sur tout achat d&#8217;abonnement GTO Wizard, suivez ces 3 \u00e9tapes simples : 1. Ouvrez le site GTO Wizard avec notre lien 2. Cr\u00e9ez un compte et connectez-vous 3. Une r\u00e9duction de 10 % sera automatiquement appliqu\u00e9e \u00e0 tout achat que vous effectuerez. Vous pouvez \u00e9galement copier et &hellip; <a href=\"https:\/\/hand2noteguide.com\/fr\/poker\/poker-gto\/gto-wizard-review\/gto-wizard-discount\/\" class=\"more-link\">Continue reading <span class=\"screen-reader-text\">GTO Wizard : R\u00e9duction de 10 % et Bonus !<\/span><\/a><\/p>\n","protected":false},"author":1,"featured_media":0,"parent":6182,"menu_order":0,"comment_status":"closed","ping_status":"closed","template":"","meta":{"footnotes":""},"class_list":["post-6096","page","type-page","status-publish","hentry"],"translation":{"provider":"WPGlobus","version":"3.0.2","language":"fr","enabled_languages":["en","ru","pt","zh","es","fr","de","it","ja"],"languages":{"en":{"title":true,"content":true,"excerpt":false},"ru":{"title":true,"content":true,"excerpt":false},"pt":{"title":true,"content":true,"excerpt":false},"zh":{"title":true,"content":true,"excerpt":false},"es":{"title":true,"content":true,"excerpt":false},"fr":{"title":true,"content":true,"excerpt":false},"de":{"title":true,"content":true,"excerpt":false},"it":{"title":true,"content":true,"excerpt":false},"ja":{"title":true,"content":true,"excerpt":false}}},"yoast_head":"<!-- This site is optimized with the Yoast SEO plugin v27.0 - https:\/\/yoast.com\/product\/yoast-seo-wordpress\/ -->\n<title>R\u00e9duction GTO Wizard - 10 % sur tout abonnement + Bonus<\/title>\n<meta name=\"description\" content=\"Obtenez l&#039;application de poker GTO n\u00b01 avec une r\u00e9duction et un bonus. Utilisez notre lien pour vous inscrire et profitez d&#039;une r\u00e9duction instantan\u00e9e de 10 % sur tout achat que vous effectuez dans l&#039;application.\" \/>\n<meta name=\"robots\" content=\"index, follow, max-snippet:-1, max-image-preview:large, max-video-preview:-1\" \/>\n<link rel=\"canonical\" href=\"https:\/\/hand2noteguide.com\/poker\/poker-gto\/gto-wizard-review\/gto-wizard-discount\/\" \/>\n<meta property=\"og:locale\" content=\"fr_FR\" \/>\n<meta property=\"og:type\" content=\"article\" \/>\n<meta property=\"og:title\" content=\"R\u00e9duction GTO Wizard - 10 % sur tout abonnement + Bonus\" \/>\n<meta property=\"og:description\" content=\"Obtenez l&#039;application de poker GTO n\u00b01 avec une r\u00e9duction et un bonus. Utilisez notre lien pour vous inscrire et profitez d&#039;une r\u00e9duction instantan\u00e9e de 10 % sur tout achat que vous effectuez dans l&#039;application.\" \/>\n<meta property=\"og:url\" content=\"https:\/\/hand2noteguide.com\/poker\/poker-gto\/gto-wizard-review\/gto-wizard-discount\/\" \/>\n<meta property=\"og:site_name\" content=\"Hand2Note Guide\" \/>\n<meta property=\"article:modified_time\" content=\"2026-02-21T13:09:45+00:00\" \/>\n<meta property=\"og:image\" content=\"https:\/\/hand2noteguide.com\/wp-content\/uploads\/2024\/03\/gto-wizard-discount-1-min-1024x556.webp\" \/>\n<meta name=\"twitter:card\" content=\"summary_large_image\" \/>\n<meta name=\"twitter:label1\" content=\"Est. reading time\" \/>\n\t<meta name=\"twitter:data1\" content=\"5 minutes\" \/>\n<!-- \/ Yoast SEO plugin. -->","yoast_head_json":{"title":"R\u00e9duction GTO Wizard - 10 % sur tout abonnement + Bonus","description":"Obtenez l'application de poker GTO n\u00b01 avec une r\u00e9duction et un bonus. Utilisez notre lien pour vous inscrire et profitez d'une r\u00e9duction instantan\u00e9e de 10 % sur tout achat que vous effectuez dans l'application.","robots":{"index":"index","follow":"follow","max-snippet":"max-snippet:-1","max-image-preview":"max-image-preview:large","max-video-preview":"max-video-preview:-1"},"canonical":"https:\/\/hand2noteguide.com\/poker\/poker-gto\/gto-wizard-review\/gto-wizard-discount\/","og_locale":"fr_FR","og_type":"article","og_title":"R\u00e9duction GTO Wizard - 10 % sur tout abonnement + Bonus","og_description":"Obtenez l'application de poker GTO n\u00b01 avec une r\u00e9duction et un bonus. Utilisez notre lien pour vous inscrire et profitez d'une r\u00e9duction instantan\u00e9e de 10 % sur tout achat que vous effectuez dans l'application.","og_url":"https:\/\/hand2noteguide.com\/poker\/poker-gto\/gto-wizard-review\/gto-wizard-discount\/","og_site_name":"Hand2Note Guide","article_modified_time":"2026-02-21T13:09:45+00:00","og_image":[{"url":"https:\/\/hand2noteguide.com\/wp-content\/uploads\/2024\/03\/gto-wizard-discount-1-min-1024x556.webp","type":"","width":"","height":""}],"twitter_card":"summary_large_image","twitter_misc":{"Est. reading time":"5 minutes"},"schema":{"@context":"https:\/\/schema.org","@graph":[]}},"jetpack_sharing_enabled":true,"_links":{"self":[{"href":"https:\/\/hand2noteguide.com\/fr\/wp-json\/wp\/v2\/pages\/6096","targetHints":{"allow":["GET"]}}],"collection":[{"href":"https:\/\/hand2noteguide.com\/fr\/wp-json\/wp\/v2\/pages"}],"about":[{"href":"https:\/\/hand2noteguide.com\/fr\/wp-json\/wp\/v2\/types\/page"}],"author":[{"embeddable":true,"href":"https:\/\/hand2noteguide.com\/fr\/wp-json\/wp\/v2\/users\/1"}],"replies":[{"embeddable":true,"href":"https:\/\/hand2noteguide.com\/fr\/wp-json\/wp\/v2\/comments?post=6096"}],"version-history":[{"count":128,"href":"https:\/\/hand2noteguide.com\/fr\/wp-json\/wp\/v2\/pages\/6096\/revisions"}],"predecessor-version":[{"id":15222,"href":"https:\/\/hand2noteguide.com\/fr\/wp-json\/wp\/v2\/pages\/6096\/revisions\/15222"}],"up":[{"embeddable":true,"href":"https:\/\/hand2noteguide.com\/fr\/wp-json\/wp\/v2\/pages\/6182"}],"wp:attachment":[{"href":"https:\/\/hand2noteguide.com\/fr\/wp-json\/wp\/v2\/media?parent=6096"}],"curies":[{"name":"wp","href":"https:\/\/api.w.org\/{rel}","templated":true}]}}