{"id":6182,"date":"2024-03-16T13:26:25","date_gmt":"2024-03-16T10:26:25","guid":{"rendered":"https:\/\/hand2noteguide.com\/?page_id=6182"},"modified":"2026-02-23T12:09:58","modified_gmt":"2026-02-23T09:09:58","slug":"gto-wizard-review","status":"publish","type":"page","link":"https:\/\/hand2noteguide.com\/fr\/poker\/poker-gto\/gto-wizard-review\/","title":{"rendered":"Revue de GTO Wizard"},"content":{"rendered":"\n<p>Dans cet article, nous passerons en revue les principales fonctionnalit\u00e9s de GTO Wizard &#8211; le logiciel GTO ultime pour les joueurs de poker. Peu importe votre niveau actuel &#8211; des micro limites aux high stakes. Dans le poker en ligne moderne, vous devez au moins avoir une compr\u00e9hension de base du GTO. Mais Wizard vous offre bien plus qu&#8217;une compr\u00e9hension de base. Il vous permet d&#8217;\u00e9tudier le GTO tr\u00e8s en profondeur tout en \u00e9tant rapide et efficace. Jetons un coup d&#8217;\u0153il.<\/p>\n\n\n\n<h2 class=\"wp-block-heading\">Qu&#8217;est-ce que GTO Wizard ?<\/h2>\n\n\n\n<p>En bref, GTO Wizard est une application de poker en ligne pour \u00e9tudier le <a href=\"https:\/\/hand2noteguide.com\/fr\/poker\/poker-gto\/\">GTO<\/a>.<\/p>\n\n\n\n<figure class=\"wp-block-image size-large\"><a href=\"https:\/\/gtowizard.com\/p\/nickkorolev\" target=\"_blank\" rel=\"noopener\"><img loading=\"lazy\" decoding=\"async\" width=\"1024\" height=\"660\" src=\"https:\/\/hand2noteguide.com\/wp-content\/uploads\/2024\/03\/1-gto-wizard-main-min-1024x660.webp\" alt=\"GTO Wizard review\" class=\"wp-image-6208\" srcset=\"https:\/\/hand2noteguide.com\/wp-content\/uploads\/2024\/03\/1-gto-wizard-main-min-1024x660.webp 1024w, https:\/\/hand2noteguide.com\/wp-content\/uploads\/2024\/03\/1-gto-wizard-main-min-300x193.webp 300w, https:\/\/hand2noteguide.com\/wp-content\/uploads\/2024\/03\/1-gto-wizard-main-min-768x495.webp 768w, https:\/\/hand2noteguide.com\/wp-content\/uploads\/2024\/03\/1-gto-wizard-main-min-1536x989.webp 1536w, https:\/\/hand2noteguide.com\/wp-content\/uploads\/2024\/03\/1-gto-wizard-main-min-2048x1319.webp 2048w, https:\/\/hand2noteguide.com\/wp-content\/uploads\/2024\/03\/1-gto-wizard-main-min-772x497.webp 772w, https:\/\/hand2noteguide.com\/wp-content\/uploads\/2024\/03\/1-gto-wizard-main-min-624x402.webp 624w\" sizes=\"auto, (max-width: 1024px) 100vw, 1024px\" \/><\/a><\/figure>\n\n\n\n<p>Tout d&#8217;abord, il dispose d&#8217;une biblioth\u00e8que avec plus de 10 millions de situations pr\u00e9-r\u00e9solues pour le preflop et le postflop. Tous les formats de Cash, heads-up SNGs, MTTs et Spins sont pris en charge. La deuxi\u00e8me fonctionnalit\u00e9 principale du logiciel est la possibilit\u00e9 de pratiquer la strat\u00e9gie GTO. Et la troisi\u00e8me est l&#8217;Analyse, c&#8217;est-\u00e0-dire le chargement de vos historiques de mains et l&#8217;exploration des rapports sur la fa\u00e7on dont vous avez jou\u00e9 correctement du point de vue du GTO. Nous examinerons chacune de ces fonctions plus en d\u00e9tail plus tard dans cet article.<\/p>\n\n\n\n<h2 class=\"wp-block-heading\">Cr\u00e9er un compte et se connecter<\/h2>\n\n\n\n<p>Vous pouvez acc\u00e9der \u00e0 l&#8217;application en quelques clics. Utilisez votre compte Google, Facebook ou Apple.<\/p>\n\n\n\n<div class=\"green-block\" style=\"margin:16px 0 24px 0\">\n<p style=\"margin-bottom:0\">Assurez-vous d&#8217;ouvrir le site Web de GTO Wizard avec le lien <a href=\"https:\/\/gtowizard.com\/p\/nickkorolev\" target=\"_blank\" rel=\"sponsored noopener\">https:\/\/gtowizard.com\/p\/nickkorolev<\/a> avant de cr\u00e9er un compte.<br>De cette fa\u00e7on, vous obtiendrez une <b>r\u00e9duction de 10 % sur votre abonnement<\/b> et une licence Freebetrange PRO gratuite.<br><a href=\"\/fr\/poker\/poker-gto\/gto-wizard-review\/gto-wizard-discount\/\">Plus d&#8217;informations sur cette offre \u2192<\/a><\/p>\n<\/div>\n\n\n\n<figure class=\"wp-block-image size-large is-resized\"><a href=\"https:\/\/hand2noteguide.com\/?attachment_id=6209\" target=\"_blank\" rel=\"noreferrer noopener\"><img loading=\"lazy\" decoding=\"async\" src=\"https:\/\/hand2noteguide.com\/wp-content\/uploads\/2024\/03\/2-gto-wizard-login-min-1024x685.webp\" alt=\"GTO Wizard sign in\" class=\"wp-image-6209\" width=\"840\" height=\"561\" srcset=\"https:\/\/hand2noteguide.com\/wp-content\/uploads\/2024\/03\/2-gto-wizard-login-min-1024x685.webp 1024w, https:\/\/hand2noteguide.com\/wp-content\/uploads\/2024\/03\/2-gto-wizard-login-min-300x201.webp 300w, https:\/\/hand2noteguide.com\/wp-content\/uploads\/2024\/03\/2-gto-wizard-login-min-768x514.webp 768w, https:\/\/hand2noteguide.com\/wp-content\/uploads\/2024\/03\/2-gto-wizard-login-min-1536x1028.webp 1536w, https:\/\/hand2noteguide.com\/wp-content\/uploads\/2024\/03\/2-gto-wizard-login-min-772x517.webp 772w, https:\/\/hand2noteguide.com\/wp-content\/uploads\/2024\/03\/2-gto-wizard-login-min-624x418.webp 624w, https:\/\/hand2noteguide.com\/wp-content\/uploads\/2024\/03\/2-gto-wizard-login-min.webp 2031w\" sizes=\"auto, (max-width: 840px) 100vw, 840px\" \/><\/a><figcaption class=\"wp-element-caption\">Connexion \u00e0 GTO Wizard<\/figcaption><\/figure>\n\n\n\n<p>D\u00e8s que vous entrez dans l&#8217;application, vous verrez un tableau de bord avec toutes les fonctionnalit\u00e9s principales, les statistiques de l&#8217;entra\u00eeneur et de l&#8217;analyseur, et un bloc d&#8217;actualit\u00e9s avec les derniers articles et vid\u00e9os.<\/p>\n\n\n\n<figure class=\"wp-block-image size-large\"><a href=\"https:\/\/hand2noteguide.com\/?attachment_id=6210\" target=\"_blank\" rel=\"noreferrer noopener\"><img loading=\"lazy\" decoding=\"async\" width=\"1024\" height=\"664\" src=\"https:\/\/hand2noteguide.com\/wp-content\/uploads\/2024\/03\/3-gto-wizard-main-min-1024x664.webp\" alt=\"GTO Wizard user dashboard\" class=\"wp-image-6210\" srcset=\"https:\/\/hand2noteguide.com\/wp-content\/uploads\/2024\/03\/3-gto-wizard-main-min-1024x664.webp 1024w, https:\/\/hand2noteguide.com\/wp-content\/uploads\/2024\/03\/3-gto-wizard-main-min-300x194.webp 300w, https:\/\/hand2noteguide.com\/wp-content\/uploads\/2024\/03\/3-gto-wizard-main-min-768x498.webp 768w, https:\/\/hand2noteguide.com\/wp-content\/uploads\/2024\/03\/3-gto-wizard-main-min-1536x996.webp 1536w, https:\/\/hand2noteguide.com\/wp-content\/uploads\/2024\/03\/3-gto-wizard-main-min-2048x1327.webp 2048w, https:\/\/hand2noteguide.com\/wp-content\/uploads\/2024\/03\/3-gto-wizard-main-min-772x500.webp 772w, https:\/\/hand2noteguide.com\/wp-content\/uploads\/2024\/03\/3-gto-wizard-main-min-624x404.webp 624w\" sizes=\"auto, (max-width: 1024px) 100vw, 1024px\" \/><\/a><figcaption class=\"wp-element-caption\">Tableau de bord utilisateur de GTO Wizard<\/figcaption><\/figure>\n\n\n\n<p>Commen\u00e7ons par l&#8217;une des fonctions principales &#8211; la biblioth\u00e8que de solutions pr\u00e9-calcul\u00e9es. Pour y acc\u00e9der, s\u00e9lectionnez &#8220;Study&#8221; sur le tableau de bord.<\/p>\n\n\n\n<h2 class=\"wp-block-heading\">Biblioth\u00e8que de solutions pr\u00e9-r\u00e9solues<\/h2>\n\n\n\n<p>Sur cette page, vous pouvez configurer les param\u00e8tres du jeu (1), puis naviguer facilement \u00e0 travers les ranges (2).<\/p>\n\n\n\n<figure class=\"wp-block-image size-large\"><img loading=\"lazy\" decoding=\"async\" width=\"1024\" height=\"586\" src=\"https:\/\/hand2noteguide.com\/wp-content\/uploads\/2024\/03\/4-gto-wizard-library-1-2-min-1024x586.webp\" alt=\"GTO Wizard review the solution\" class=\"wp-image-6268\" srcset=\"https:\/\/hand2noteguide.com\/wp-content\/uploads\/2024\/03\/4-gto-wizard-library-1-2-min-1024x586.webp 1024w, https:\/\/hand2noteguide.com\/wp-content\/uploads\/2024\/03\/4-gto-wizard-library-1-2-min-300x172.webp 300w, https:\/\/hand2noteguide.com\/wp-content\/uploads\/2024\/03\/4-gto-wizard-library-1-2-min-768x440.webp 768w, https:\/\/hand2noteguide.com\/wp-content\/uploads\/2024\/03\/4-gto-wizard-library-1-2-min-1536x880.webp 1536w, https:\/\/hand2noteguide.com\/wp-content\/uploads\/2024\/03\/4-gto-wizard-library-1-2-min-2048x1173.webp 2048w, https:\/\/hand2noteguide.com\/wp-content\/uploads\/2024\/03\/4-gto-wizard-library-1-2-min-772x442.webp 772w, https:\/\/hand2noteguide.com\/wp-content\/uploads\/2024\/03\/4-gto-wizard-library-1-2-min-624x357.webp 624w\" sizes=\"auto, (max-width: 1024px) 100vw, 1024px\" \/><figcaption class=\"wp-element-caption\">GTO Ranges<\/figcaption><\/figure>\n\n\n\n<p>Dans la simulation, il est suppos\u00e9 que tous les joueurs adh\u00e8rent \u00e0 la strat\u00e9gie GTO. Vous pouvez d\u00e9finir n&#8217;importe quelle s\u00e9quence d&#8217;<a href=\"https:\/\/hand2noteguide.com\/fr\/poker\/poker-actions\/\">actions<\/a>, puis voir exactement comment un certain joueur devrait r\u00e9agir dans cette situation de jeu particuli\u00e8re. S\u00e9lectionnez n&#8217;importe quelle main dans une matrice de range, et vous verrez l&#8217;\u00e9quit\u00e9 (EV) de chaque action.<\/p>\n\n\n\n<p>Vous pouvez personnaliser le format de jeu de mani\u00e8re tr\u00e8s flexible. De nombreux param\u00e8tres sont \u00e0 votre disposition &#8211; jeux classiques, ante, straddle ; tables HU, short-handed et full-ring ; tailles de stack et de mise ; structure de rake, et plus encore.<\/p>\n\n\n\n<figure class=\"wp-block-image size-large\"><img loading=\"lazy\" decoding=\"async\" width=\"1024\" height=\"697\" src=\"https:\/\/hand2noteguide.com\/wp-content\/uploads\/2024\/03\/5-gto-wizard-game-types-min-1024x697.webp\" alt=\"GTO Wizard game format settings\" class=\"wp-image-6277\" srcset=\"https:\/\/hand2noteguide.com\/wp-content\/uploads\/2024\/03\/5-gto-wizard-game-types-min-1024x697.webp 1024w, https:\/\/hand2noteguide.com\/wp-content\/uploads\/2024\/03\/5-gto-wizard-game-types-min-300x204.webp 300w, https:\/\/hand2noteguide.com\/wp-content\/uploads\/2024\/03\/5-gto-wizard-game-types-min-768x523.webp 768w, https:\/\/hand2noteguide.com\/wp-content\/uploads\/2024\/03\/5-gto-wizard-game-types-min-1536x1046.webp 1536w, https:\/\/hand2noteguide.com\/wp-content\/uploads\/2024\/03\/5-gto-wizard-game-types-min-772x526.webp 772w, https:\/\/hand2noteguide.com\/wp-content\/uploads\/2024\/03\/5-gto-wizard-game-types-min-624x425.webp 624w, https:\/\/hand2noteguide.com\/wp-content\/uploads\/2024\/03\/5-gto-wizard-game-types-min.webp 1893w\" sizes=\"auto, (max-width: 1024px) 100vw, 1024px\" \/><figcaption class=\"wp-element-caption\">Biblioth\u00e8que de solutions GTO<\/figcaption><\/figure>\n\n\n\n<p>Donc, dans la section &#8220;Study&#8221;, vous pouvez visualiser et \u00e9tudier les GTO ranges. Nous allons maintenant passer \u00e0 la section &#8220;Practice&#8221;, dans laquelle vous pouvez vous mettre au d\u00e9fi de suivre avec pr\u00e9cision les ranges GTO dans le jeu.<\/p>\n\n\n\n<h2 class=\"wp-block-heading\">Entra\u00eeneur GTO<\/h2>\n\n\n\n<p>Dans la section &#8220;Practice&#8221;, vous pouvez entra\u00eener les ranges GTO et \u00e9galement consulter les statistiques d\u00e9taill\u00e9es de vos entra\u00eenements.<\/p>\n\n\n\n<figure class=\"wp-block-image size-large\"><img loading=\"lazy\" decoding=\"async\" width=\"1024\" height=\"616\" src=\"https:\/\/hand2noteguide.com\/wp-content\/uploads\/2024\/03\/6-gto-wizard-practice-min-1024x616.webp\" alt=\"GTO Wizard practice section\" class=\"wp-image-6306\" srcset=\"https:\/\/hand2noteguide.com\/wp-content\/uploads\/2024\/03\/6-gto-wizard-practice-min-1024x616.webp 1024w, https:\/\/hand2noteguide.com\/wp-content\/uploads\/2024\/03\/6-gto-wizard-practice-min-300x181.webp 300w, https:\/\/hand2noteguide.com\/wp-content\/uploads\/2024\/03\/6-gto-wizard-practice-min-768x462.webp 768w, https:\/\/hand2noteguide.com\/wp-content\/uploads\/2024\/03\/6-gto-wizard-practice-min-1536x925.webp 1536w, https:\/\/hand2noteguide.com\/wp-content\/uploads\/2024\/03\/6-gto-wizard-practice-min-2048x1233.webp 2048w, https:\/\/hand2noteguide.com\/wp-content\/uploads\/2024\/03\/6-gto-wizard-practice-min-772x465.webp 772w, https:\/\/hand2noteguide.com\/wp-content\/uploads\/2024\/03\/6-gto-wizard-practice-min-624x376.webp 624w\" sizes=\"auto, (max-width: 1024px) 100vw, 1024px\" \/><figcaption class=\"wp-element-caption\">Entra\u00eeneur GTO<\/figcaption><\/figure>\n\n\n\n<p>La fonctionnalit\u00e9 la plus populaire ici est &#8220;Trainer&#8221; qui simule un vrai jeu contre des adversaires GTO. Chaque action que vous prenez dans le &#8220;jeu&#8221; sera class\u00e9e : Meilleur coup, Coup correct, Inexactitude, Mauvais coup ou Grosse erreur. Comme dans la section Study, Trainer est hautement personnalisable &#8211; vous pouvez configurer les spots que vous souhaitez entra\u00eener, la difficult\u00e9, le nombre de tables, et ainsi de suite.<\/p>\n\n\n\n<figure class=\"wp-block-image size-large\"><img loading=\"lazy\" decoding=\"async\" width=\"1024\" height=\"742\" src=\"https:\/\/hand2noteguide.com\/wp-content\/uploads\/2024\/03\/7-gto-wizard-trainer-min-1024x742.webp\" alt=\"Poker GTO Trainer\" class=\"wp-image-6307\" srcset=\"https:\/\/hand2noteguide.com\/wp-content\/uploads\/2024\/03\/7-gto-wizard-trainer-min-1024x742.webp 1024w, https:\/\/hand2noteguide.com\/wp-content\/uploads\/2024\/03\/7-gto-wizard-trainer-min-300x218.webp 300w, https:\/\/hand2noteguide.com\/wp-content\/uploads\/2024\/03\/7-gto-wizard-trainer-min-768x557.webp 768w, https:\/\/hand2noteguide.com\/wp-content\/uploads\/2024\/03\/7-gto-wizard-trainer-min-1536x1114.webp 1536w, https:\/\/hand2noteguide.com\/wp-content\/uploads\/2024\/03\/7-gto-wizard-trainer-min-2048x1485.webp 2048w, https:\/\/hand2noteguide.com\/wp-content\/uploads\/2024\/03\/7-gto-wizard-trainer-min-772x560.webp 772w, https:\/\/hand2noteguide.com\/wp-content\/uploads\/2024\/03\/7-gto-wizard-trainer-min-624x452.webp 624w\" sizes=\"auto, (max-width: 1024px) 100vw, 1024px\" \/><figcaption class=\"wp-element-caption\">Entra\u00eeneur GTO en action<\/figcaption><\/figure>\n\n\n\n<p>Ensuite, nous passons \u00e0 la section &#8220;Analyze&#8221; o\u00f9 vous pouvez effectuer l&#8217;analyse des mains r\u00e9elles que vous avez jou\u00e9es.<\/p>\n\n\n\n<h2 class=\"wp-block-heading\">Analyseur d&#8217;historiques de mains<\/h2>\n\n\n\n<p>Vous pouvez t\u00e9l\u00e9charger un seul fichier ou un dossier contenant plusieurs historiques de mains. GTO Wizard analysera toutes les d\u00e9cisions que vous avez prises dans ces mains. Une fois le t\u00e9l\u00e9chargement et les calculs termin\u00e9s (ils sont tr\u00e8s rapides et ne d\u00e9pendent que de votre vitesse Internet), vous verrez une liste de vos mains \u00e9valu\u00e9es du point de vue du GTO.<\/p>\n\n\n\n<figure class=\"wp-block-image size-large\"><img loading=\"lazy\" decoding=\"async\" width=\"1024\" height=\"701\" src=\"https:\/\/hand2noteguide.com\/wp-content\/uploads\/2024\/03\/9-gto-wizard-analyzed-hands-min-1024x701.webp\" alt=\"GTO hand history analyzer\" class=\"wp-image-6312\" srcset=\"https:\/\/hand2noteguide.com\/wp-content\/uploads\/2024\/03\/9-gto-wizard-analyzed-hands-min-1024x701.webp 1024w, https:\/\/hand2noteguide.com\/wp-content\/uploads\/2024\/03\/9-gto-wizard-analyzed-hands-min-300x205.webp 300w, https:\/\/hand2noteguide.com\/wp-content\/uploads\/2024\/03\/9-gto-wizard-analyzed-hands-min-768x526.webp 768w, https:\/\/hand2noteguide.com\/wp-content\/uploads\/2024\/03\/9-gto-wizard-analyzed-hands-min-1536x1051.webp 1536w, https:\/\/hand2noteguide.com\/wp-content\/uploads\/2024\/03\/9-gto-wizard-analyzed-hands-min-2048x1402.webp 2048w, https:\/\/hand2noteguide.com\/wp-content\/uploads\/2024\/03\/9-gto-wizard-analyzed-hands-min-772x528.webp 772w, https:\/\/hand2noteguide.com\/wp-content\/uploads\/2024\/03\/9-gto-wizard-analyzed-hands-min-624x427.webp 624w\" sizes=\"auto, (max-width: 1024px) 100vw, 1024px\" \/><\/figure>\n\n\n\n<p>Vous pouvez maintenant travailler avec ces donn\u00e9es pour trouver les fuites dans votre jeu.<\/p>\n\n\n\n<h2 class=\"wp-block-heading\">Personnalisation<\/h2>\n\n\n\n<p>Vous pouvez enti\u00e8rement personnaliser l&#8217;apparence et les raccourcis clavier dans l&#8217;application. Cela rendra votre processus d&#8217;apprentissage aussi pratique que possible.<\/p>\n\n\n\n<figure class=\"wp-block-image size-large\"><img loading=\"lazy\" decoding=\"async\" width=\"1024\" height=\"653\" src=\"https:\/\/hand2noteguide.com\/wp-content\/uploads\/2024\/03\/10-gto-wizard-settings-min-1024x653.webp\" alt=\"GTO Wizard app customization\" class=\"wp-image-6313\" srcset=\"https:\/\/hand2noteguide.com\/wp-content\/uploads\/2024\/03\/10-gto-wizard-settings-min-1024x653.webp 1024w, https:\/\/hand2noteguide.com\/wp-content\/uploads\/2024\/03\/10-gto-wizard-settings-min-300x191.webp 300w, https:\/\/hand2noteguide.com\/wp-content\/uploads\/2024\/03\/10-gto-wizard-settings-min-768x490.webp 768w, https:\/\/hand2noteguide.com\/wp-content\/uploads\/2024\/03\/10-gto-wizard-settings-min-1536x979.webp 1536w, https:\/\/hand2noteguide.com\/wp-content\/uploads\/2024\/03\/10-gto-wizard-settings-min-2048x1305.webp 2048w, https:\/\/hand2noteguide.com\/wp-content\/uploads\/2024\/03\/10-gto-wizard-settings-min-772x492.webp 772w, https:\/\/hand2noteguide.com\/wp-content\/uploads\/2024\/03\/10-gto-wizard-settings-min-624x398.webp 624w\" sizes=\"auto, (max-width: 1024px) 100vw, 1024px\" \/><\/figure>\n\n\n\n<h2 class=\"wp-block-heading\">Tarification<\/h2>\n\n\n\n<p>GTO Wizard a une <strong>version gratuite<\/strong>, qui est tr\u00e8s limit\u00e9e en termes de fonctionnalit\u00e9s :<\/p>\n\n\n\n<ul class=\"wp-block-list\">\n<li>Vous pouvez \u00e9tudier seulement 1 spot postflop par jour.<\/li>\n\n\n\n<li>Vous pouvez pratiquer seulement 10 mains par jour dans Trainer.<\/li>\n\n\n\n<li>Vous pouvez analyser seulement 5 mains par mois.<\/li>\n<\/ul>\n\n\n\n<p>Les niveaux <strong>Premium<\/strong> vous ouvrent la pleine capacit\u00e9 de l&#8217;application. Le prix d\u00e9pend du type de jeu, \u00e0 partir de <strong>39 $ par mois<\/strong>. Une description plus d\u00e9taill\u00e9e et le co\u00fbt de tous les niveaux sont disponibles dans notre article <a href=\"https:\/\/hand2noteguide.com\/fr\/poker\/poker-gto\/gto-wizard-review\/gto-wizard-price\/\">Tarification de GTO Wizard<\/a>.<\/p>\n\n\n\n<h2 class=\"wp-block-heading\">Conclusion<\/h2>\n\n\n\n<p>GTO Wizard est l&#8217;un des <a href=\"https:\/\/hand2noteguide.com\/fr\/poker\/5-best-online-poker-software\/\">meilleurs outils de poker<\/a> pour explorer la th\u00e9orie des jeux. Nous avons fait un bref tour du logiciel et pass\u00e9 en revue les principales sections de l&#8217;application. Ces connaissances sont d\u00e9j\u00e0 suffisantes pour commencer \u00e0 inclure cet outil dans votre plan d&#8217;entra\u00eenement au poker. Cependant, gardez \u00e0 l&#8217;esprit que GTO Wizard est un outil tr\u00e8s profond avec un grand nombre de fonctionnalit\u00e9s d&#8217;apprentissage que vous d\u00e9couvrirez par vous-m\u00eame en l&#8217;utilisant.<\/p>\n\n\n<div class=\"wp-block-h2n-cta-button\" style=\"text-align: left;\"><a href=\"https:\/\/hand2noteguide.com\/fr\/go\/gtowizard\/\" class=\"btn btn-primary\" target=\"_blank\" rel=\"noopener noreferrer nofollow sponsored\">Aller sur le site de GTO Wizard \u2192<\/a><\/div>\n\n\n<h2 class=\"wp-block-heading\">Mises \u00e0 jour majeures de GTO Wizard en 2026<\/h2>\n\n\n\n<p>GTO Wizard est pass\u00e9 d&#8217;une simple biblioth\u00e8que de solutions \u00e0 un moteur IA haute vitesse. Voici les mises \u00e0 jour les plus importantes qui impactent r\u00e9ellement votre processus d&#8217;\u00e9tude :<\/p>\n\n\n\n<p><strong>1. GTO Wizard AI : R\u00e9solution Multiway en Temps R\u00e9el<\/strong> L&#8217;\u00e9poque des ranges &#8220;statiques&#8221; pr\u00e9-r\u00e9solus est r\u00e9volue. GTO Wizard AI calcule d\u00e9sormais les sc\u00e9narios <strong>Multiway preflop (jusqu&#8217;\u00e0 9 joueurs)<\/strong> et <strong>Postflop (pots \u00e0 3 joueurs)<\/strong> en quelques secondes, directement dans votre navigateur. Vous pouvez d\u00e9finir n&#8217;importe quelle profondeur de tapis, structure d&#8217;ante ou taille de mise, et le logiciel calcule la solution \u00e0 la vol\u00e9e.<\/p>\n\n\n\n<p><strong>2. Node Locking 2.0 &amp; Profils Exploitatifs<\/strong> Le GTO pur est la base, mais l&#8217;argent est dans les exploits. GTO Wizard vous permet d\u00e9sormais de &#8220;verrouiller&#8221; des erreurs sp\u00e9cifiques de l&#8217;adversaire \u2014 comme sur-folder face aux bluffs ou sous-d\u00e9fendre le Big Blind. L&#8217;IA vous montrera instantan\u00e9ment la meilleure contre-strat\u00e9gie pour maximiser votre EV.<\/p>\n\n\n\n<p><strong>3. Int\u00e9grit\u00e9 du Jeu &amp; V\u00e9rification du Fair Play<\/strong> Alors que l&#8217;industrie du poker lutte contre le RTA (Assistance en Temps R\u00e9el), GTO Wizard est devenu un partenaire officiel d&#8217;int\u00e9grit\u00e9 pour les grands r\u00e9seaux comme GGPoker.<\/p>\n\n\n\n<p><strong>Bonus :<\/strong> La mise \u00e0 jour 2026 inclut une <strong>Application Mobile Native<\/strong> avec un Trainer repens\u00e9 qui fonctionne nettement plus vite que les versions web pr\u00e9c\u00e9dentes, et le <strong>Tier Ultra<\/strong>, qui offre des r\u00e9solutions AI multiway illimit\u00e9es pour les professionnels des high stakes.<\/p>\n\n\n\n<h2 class=\"wp-block-heading\">Questions Fr\u00e9quemment Pos\u00e9es (FAQ)<\/h2>\n\n\n\n<h3 class=\"wp-block-heading\">Quelle est la diff\u00e9rence entre GTO Wizard et un solveur de poker moyen ?<\/h3>\n\n\n\n<ol class=\"wp-block-list\">\n<li>GTO Wizard fonctionne dans votre navigateur web, vous n&#8217;avez donc rien \u00e0 installer sur votre PC.<\/li>\n\n\n\n<li>Il dispose d&#8217;une biblioth\u00e8que de solutions pr\u00e9-r\u00e9solues pour presque tous les spots. Vous n&#8217;avez donc pas \u00e0 passer du temps \u00e0 ex\u00e9cuter des simulations vous-m\u00eame.<\/li>\n\n\n\n<li>Il vous fournit des rapports d\u00e9taill\u00e9s et de nombreux autres outils que les solveurs moyens n&#8217;ont pas.<\/li>\n<\/ol>\n\n\n\n<p>Si vous souhaitez explorer toutes les fonctionnalit\u00e9s de GTO Wizard plus en d\u00e9tail, nous vous recommandons de consulter le <a href=\"https:\/\/help.gtowizard.com\/\" target=\"_blank\" rel=\"noreferrer noopener\">guide officiel de GTO Wizard<\/a>.<\/p>\n","protected":false},"excerpt":{"rendered":"<p>Dans cet article, nous passerons en revue les principales fonctionnalit\u00e9s de GTO Wizard &#8211; le logiciel GTO ultime pour les joueurs de poker. Peu importe votre niveau actuel &#8211; des micro limites aux high stakes. Dans le poker en ligne moderne, vous devez au moins avoir une compr\u00e9hension de base du GTO. Mais Wizard vous &hellip; <a href=\"https:\/\/hand2noteguide.com\/fr\/poker\/poker-gto\/gto-wizard-review\/\" class=\"more-link\">Continue reading <span class=\"screen-reader-text\">Revue de GTO Wizard<\/span><\/a><\/p>\n","protected":false},"author":1,"featured_media":0,"parent":8071,"menu_order":0,"comment_status":"closed","ping_status":"closed","template":"","meta":{"footnotes":""},"class_list":["post-6182","page","type-page","status-publish","hentry"],"translation":{"provider":"WPGlobus","version":"3.0.2","language":"fr","enabled_languages":["en","ru","pt","zh","es","fr","de","it","ja"],"languages":{"en":{"title":true,"content":true,"excerpt":false},"ru":{"title":true,"content":true,"excerpt":false},"pt":{"title":true,"content":true,"excerpt":false},"zh":{"title":true,"content":true,"excerpt":false},"es":{"title":true,"content":true,"excerpt":false},"fr":{"title":true,"content":true,"excerpt":false},"de":{"title":true,"content":true,"excerpt":false},"it":{"title":true,"content":true,"excerpt":false},"ja":{"title":true,"content":true,"excerpt":false}}},"yoast_head":"<!-- This site is optimized with the Yoast SEO plugin v27.0 - https:\/\/yoast.com\/product\/yoast-seo-wordpress\/ -->\n<title>Revue de GTO Wizard - Principales Fonctionnalit\u00e9s et Avantages 2025<\/title>\n<meta name=\"description\" content=\"Notre revue ultime de GTO Wizard couvre les sections Study, Practice et Analyze de l&#039;application. Cr\u00e9ez un compte avec nous et obtenez une r\u00e9duction de 10 %.\" \/>\n<meta name=\"robots\" content=\"index, follow, max-snippet:-1, max-image-preview:large, max-video-preview:-1\" \/>\n<link rel=\"canonical\" href=\"https:\/\/hand2noteguide.com\/poker\/poker-gto\/gto-wizard-review\/\" \/>\n<meta property=\"og:locale\" content=\"fr_FR\" \/>\n<meta property=\"og:type\" content=\"article\" \/>\n<meta property=\"og:title\" content=\"Revue de GTO Wizard - Principales Fonctionnalit\u00e9s et Avantages 2025\" \/>\n<meta property=\"og:description\" content=\"Notre revue ultime de GTO Wizard couvre les sections Study, Practice et Analyze de l&#039;application. Cr\u00e9ez un compte avec nous et obtenez une r\u00e9duction de 10 %.\" \/>\n<meta property=\"og:url\" content=\"https:\/\/hand2noteguide.com\/poker\/poker-gto\/gto-wizard-review\/\" \/>\n<meta property=\"og:site_name\" content=\"Hand2Note Guide\" \/>\n<meta property=\"article:modified_time\" content=\"2026-02-23T09:09:58+00:00\" \/>\n<meta property=\"og:image\" content=\"https:\/\/hand2noteguide.com\/wp-content\/uploads\/2024\/03\/1-gto-wizard-main-min.webp\" \/>\n\t<meta property=\"og:image:width\" content=\"2433\" \/>\n\t<meta property=\"og:image:height\" content=\"1567\" \/>\n\t<meta property=\"og:image:type\" content=\"image\/webp\" \/>\n<meta name=\"twitter:card\" content=\"summary_large_image\" \/>\n<meta name=\"twitter:label1\" content=\"Est. reading time\" \/>\n\t<meta name=\"twitter:data1\" content=\"8 minutes\" \/>\n<!-- \/ Yoast SEO plugin. -->","yoast_head_json":{"title":"Revue de GTO Wizard - Principales Fonctionnalit\u00e9s et Avantages 2025","description":"Notre revue ultime de GTO Wizard couvre les sections Study, Practice et Analyze de l'application. Cr\u00e9ez un compte avec nous et obtenez une r\u00e9duction de 10 %.","robots":{"index":"index","follow":"follow","max-snippet":"max-snippet:-1","max-image-preview":"max-image-preview:large","max-video-preview":"max-video-preview:-1"},"canonical":"https:\/\/hand2noteguide.com\/poker\/poker-gto\/gto-wizard-review\/","og_locale":"fr_FR","og_type":"article","og_title":"Revue de GTO Wizard - Principales Fonctionnalit\u00e9s et Avantages 2025","og_description":"Notre revue ultime de GTO Wizard couvre les sections Study, Practice et Analyze de l'application. Cr\u00e9ez un compte avec nous et obtenez une r\u00e9duction de 10 %.","og_url":"https:\/\/hand2noteguide.com\/poker\/poker-gto\/gto-wizard-review\/","og_site_name":"Hand2Note Guide","article_modified_time":"2026-02-23T09:09:58+00:00","og_image":[{"width":2433,"height":1567,"url":"https:\/\/hand2noteguide.com\/wp-content\/uploads\/2024\/03\/1-gto-wizard-main-min.webp","type":"image\/webp"}],"twitter_card":"summary_large_image","twitter_misc":{"Est. reading time":"8 minutes"},"schema":{"@context":"https:\/\/schema.org","@graph":[]}},"jetpack_sharing_enabled":true,"_links":{"self":[{"href":"https:\/\/hand2noteguide.com\/fr\/wp-json\/wp\/v2\/pages\/6182","targetHints":{"allow":["GET"]}}],"collection":[{"href":"https:\/\/hand2noteguide.com\/fr\/wp-json\/wp\/v2\/pages"}],"about":[{"href":"https:\/\/hand2noteguide.com\/fr\/wp-json\/wp\/v2\/types\/page"}],"author":[{"embeddable":true,"href":"https:\/\/hand2noteguide.com\/fr\/wp-json\/wp\/v2\/users\/1"}],"replies":[{"embeddable":true,"href":"https:\/\/hand2noteguide.com\/fr\/wp-json\/wp\/v2\/comments?post=6182"}],"version-history":[{"count":142,"href":"https:\/\/hand2noteguide.com\/fr\/wp-json\/wp\/v2\/pages\/6182\/revisions"}],"predecessor-version":[{"id":15307,"href":"https:\/\/hand2noteguide.com\/fr\/wp-json\/wp\/v2\/pages\/6182\/revisions\/15307"}],"up":[{"embeddable":true,"href":"https:\/\/hand2noteguide.com\/fr\/wp-json\/wp\/v2\/pages\/8071"}],"wp:attachment":[{"href":"https:\/\/hand2noteguide.com\/fr\/wp-json\/wp\/v2\/media?parent=6182"}],"curies":[{"name":"wp","href":"https:\/\/api.w.org\/{rel}","templated":true}]}}