{"id":65,"date":"2018-07-30T00:23:54","date_gmt":"2018-07-29T21:23:54","guid":{"rendered":"https:\/\/h2n312.wordpress.com\/?page_id=65"},"modified":"2025-06-04T19:23:42","modified_gmt":"2025-06-04T16:23:42","slug":"switch-from-hm2","status":"publish","type":"page","link":"https:\/\/hand2noteguide.com\/fr\/switch-from-hm2\/","title":{"rendered":"Passer \u00e0 Hand2Note depuis d&#8217;autres trackers"},"content":{"rendered":"\n<p>Dans cet article, nous allons d\u00e9composer les \u00e9tapes de base pour passer \u00e0 Hand2Note depuis un autre logiciel de suivi de poker. Suivez notre guide et votre transition sera fluide et facile.<\/p>\n\n\n\n<h2 style=\"margin-top:10px\">H2N est-il tr\u00e8s diff\u00e9rent des autres trackers comme HM ou PT ?<\/h2>\n\n\n\n<p>\u00c0 sa base, Hand2Note est similaire \u00e0 Holdem Manager, Poker Tracker, DriveHUD, et d&#8217;autres. Fondamentalement, chaque logiciel de suivi de poker vous permet d&#8217;afficher le <a href=\"https:\/\/hand2noteguide.com\/fr\/poker\/poker-hud\/\">HUD<\/a>, c&#8217;est-\u00e0-dire les statistiques de vos adversaires \u00e0 la table. De plus, ces programmes fournissent g\u00e9n\u00e9ralement des outils pour analyser le jeu du Hero et des adversaires en dehors des tables.<\/p>\n\n\n\n<p>Cependant, <a href=\"https:\/\/hand2note.com\/fr\/\" target=\"_blank\" aria-label=\"undefined (opens in a new tab)\" rel=\"noreferrer noopener\">Hand2Note<\/a> est un logiciel beaucoup plus rapide, moderne et avanc\u00e9 que tout autre tracker. <a href=\"https:\/\/hand2noteguide.com\/fr\/why-hand2note\/\">Pourquoi devriez-vous passer \u00e0 Hand2Note maintenant ?<\/a><\/p>\n\n\n\n<figure class=\"wp-block-image size-large\"><img loading=\"lazy\" decoding=\"async\" width=\"979\" height=\"655\" src=\"https:\/\/hand2noteguide.com\/wp-content\/uploads\/2020\/07\/holdem-manager-hand2note.png\" alt=\"\" class=\"wp-image-3206\" srcset=\"https:\/\/hand2noteguide.com\/wp-content\/uploads\/2020\/07\/holdem-manager-hand2note.png 979w, https:\/\/hand2noteguide.com\/wp-content\/uploads\/2020\/07\/holdem-manager-hand2note-300x201.png 300w, https:\/\/hand2noteguide.com\/wp-content\/uploads\/2020\/07\/holdem-manager-hand2note-768x514.png 768w, https:\/\/hand2noteguide.com\/wp-content\/uploads\/2020\/07\/holdem-manager-hand2note-772x517.png 772w, https:\/\/hand2noteguide.com\/wp-content\/uploads\/2020\/07\/holdem-manager-hand2note-624x417.png 624w\" sizes=\"auto, (max-width: 979px) 100vw, 979px\" \/><figcaption class=\"wp-element-caption\">Hand2Note vs Holdem Manager<\/figcaption><\/figure>\n\n\n\n<h2 class=\"wp-block-heading\">D&#8217;accord, comment faire le changement ?<\/h2>\n\n\n\n<p>Si vous jouez avec Holdem Manager ou tout autre tracker, et que vous souhaitez commencer \u00e0 utiliser Hand2Note, suivez ces \u00e9tapes :<\/p>\n\n\n\n<ol class=\"wp-block-list\">\n<li><a rel=\"noreferrer noopener\" href=\"https:\/\/hand2note.com\/?aid=c0\" target=\"_blank\">T\u00e9l\u00e9chargez<\/a> et installez Hand2Note. Ne vous inqui\u00e9tez pas, vous pouvez <a href=\"https:\/\/hand2noteguide.com\/fr\/hand2note-for-free\/\">utiliser Hand2Note gratuitement<\/a> !<\/li>\n\n\n\n<li><a href=\"https:\/\/hand2noteguide.com\/fr\/switch-from-hm2\/import-database-from-hm2\/\">Importez votre base de donn\u00e9es<\/a>. Apr\u00e8s la fin de l&#8217;importation, une liste de joueurs devrait appara\u00eetre dans la fen\u00eatre principale. Vous pouvez \u00e9galement passer cette \u00e9tape.<\/li>\n\n\n\n<li>Effectuez <a href=\"https:\/\/hand2noteguide.com\/fr\/basic-setup\/\">les r\u00e9glages de base<\/a> de Hand2Note et de votre salle de poker.<\/li>\n\n\n\n<li><strong>Commencez \u00e0 jouer !<\/strong><\/li>\n<\/ol>\n\n\n\n<p>Par d\u00e9faut, un HUD simple avec les donn\u00e9es les plus basiques sera affich\u00e9 sur chaque adversaire \u00e0 la table. Consultez le manuel de s\u00e9lection de HUD de Hand2Note pour obtenir un HUD plus avanc\u00e9. Vous pouvez \u00e9galement continuer \u00e0 utiliser le m\u00eame HUD que celui du tracker pr\u00e9c\u00e9dent !<\/p>\n\n\n\n<h2 class=\"wp-block-heading\">Je veux en savoir plus sur Hand2Note<\/h2>\n\n\n\n<p>Vous pouvez commencer par le <a href=\"https:\/\/hand2noteguide.com\/fr\/guide\/\">manuel g\u00e9n\u00e9ral<\/a> qui contient une description de base de toutes les fonctions. Pour une \u00e9tude plus rapide, fluide et efficace d&#8217;un nouveau logiciel, vous pouvez suivre un <a aria-label=\"undefined (\u043e\u0442\u043a\u0440\u043e\u0435\u0442\u0441\u044f \u0432 \u043d\u043e\u0432\u043e\u0439 \u0432\u043a\u043b\u0430\u0434\u043a\u0435)\" href=\"https:\/\/nickjames.teachable.com\/courses\/hand2note-professional-usage\/lectures\/14423550?utm_source=hand2noteguide.com&amp;utm_medium=referral&amp;utm_campaign=hand2noteguide.com\" target=\"_blank\" rel=\"noreferrer noopener\">cours vid\u00e9o sur l&#8217;utilisation professionnelle de Hand2Note<\/a>.<\/p>\n\n\n\n<p>Vous pouvez \u00e9galement suivre une <a href=\"https:\/\/hand2noteguide.com\/fr\/training\/\">formation personnelle<\/a> pour vous adapter au nouveau logiciel le plus rapidement possible.<\/p>\n\n\n\n<p>Si vous rencontrez des probl\u00e8mes lors de l&#8217;utilisation de Hand2Note, essayez de&nbsp;<a href=\"https:\/\/hand2noteguide.com\/fr\/issues-resolving\/\">trouver une solution<\/a> dans la section appropri\u00e9e ou contactez le <a href=\"https:\/\/hand2noteguide.com\/fr\/hand2note-official-support\/\">service client<\/a>.<\/p>\n","protected":false},"excerpt":{"rendered":"<p>A step-by-step guide to the transition from using Holdem Manager 2 to Hand2Note<\/p>\n","protected":false},"author":1,"featured_media":0,"parent":0,"menu_order":4,"comment_status":"closed","ping_status":"closed","template":"page-templates\/full-width-page.php","meta":{"footnotes":""},"class_list":["post-65","page","type-page","status-publish","hentry"],"translation":{"provider":"WPGlobus","version":"3.0.2","language":"fr","enabled_languages":["en","ru","pt","zh","es","fr","de","it","ja"],"languages":{"en":{"title":true,"content":true,"excerpt":true},"ru":{"title":true,"content":true,"excerpt":true},"pt":{"title":true,"content":true,"excerpt":false},"zh":{"title":true,"content":true,"excerpt":true},"es":{"title":true,"content":true,"excerpt":false},"fr":{"title":true,"content":true,"excerpt":false},"de":{"title":true,"content":true,"excerpt":false},"it":{"title":true,"content":true,"excerpt":false},"ja":{"title":true,"content":true,"excerpt":false}}},"yoast_head":"<!-- This site is optimized with the Yoast SEO plugin v27.0 - https:\/\/yoast.com\/product\/yoast-seo-wordpress\/ -->\n<title>Passer \u00e0 Hand2Note depuis d&#039;autres programmes de suivi de poker<\/title>\n<meta name=\"description\" content=\"D\u00e9couvrez comment passer sans effort d&#039;un autre logiciel de suivi de poker \u00e0 Hand2Note gr\u00e2ce \u00e0 notre guide \u00e9tape par \u00e9tape. Am\u00e9liorez votre exp\u00e9rience de poker d\u00e8s aujourd&#039;hui !\" \/>\n<meta name=\"robots\" content=\"index, follow, max-snippet:-1, max-image-preview:large, max-video-preview:-1\" \/>\n<link rel=\"canonical\" href=\"https:\/\/hand2noteguide.com\/switch-from-hm2\/\" \/>\n<meta property=\"og:locale\" content=\"fr_FR\" \/>\n<meta property=\"og:type\" content=\"article\" \/>\n<meta property=\"og:title\" content=\"Passer \u00e0 Hand2Note depuis d&#039;autres programmes de suivi de poker\" \/>\n<meta property=\"og:description\" content=\"D\u00e9couvrez comment passer sans effort d&#039;un autre logiciel de suivi de poker \u00e0 Hand2Note gr\u00e2ce \u00e0 notre guide \u00e9tape par \u00e9tape. Am\u00e9liorez votre exp\u00e9rience de poker d\u00e8s aujourd&#039;hui !\" \/>\n<meta property=\"og:url\" content=\"https:\/\/hand2noteguide.com\/switch-from-hm2\/\" \/>\n<meta property=\"og:site_name\" content=\"Hand2Note Guide\" \/>\n<meta property=\"article:modified_time\" content=\"2025-06-04T16:23:42+00:00\" \/>\n<meta property=\"og:image\" content=\"https:\/\/hand2noteguide.com\/wp-content\/uploads\/2020\/07\/holdem-manager-hand2note.png\" \/>\n<meta name=\"twitter:card\" content=\"summary_large_image\" \/>\n<meta name=\"twitter:label1\" content=\"Est. reading time\" \/>\n\t<meta name=\"twitter:data1\" content=\"11 minutes\" \/>\n<!-- \/ Yoast SEO plugin. -->","yoast_head_json":{"title":"Passer \u00e0 Hand2Note depuis d'autres programmes de suivi de poker","description":"D\u00e9couvrez comment passer sans effort d'un autre logiciel de suivi de poker \u00e0 Hand2Note gr\u00e2ce \u00e0 notre guide \u00e9tape par \u00e9tape. Am\u00e9liorez votre exp\u00e9rience de poker d\u00e8s aujourd'hui !","robots":{"index":"index","follow":"follow","max-snippet":"max-snippet:-1","max-image-preview":"max-image-preview:large","max-video-preview":"max-video-preview:-1"},"canonical":"https:\/\/hand2noteguide.com\/switch-from-hm2\/","og_locale":"fr_FR","og_type":"article","og_title":"Passer \u00e0 Hand2Note depuis d'autres programmes de suivi de poker","og_description":"D\u00e9couvrez comment passer sans effort d'un autre logiciel de suivi de poker \u00e0 Hand2Note gr\u00e2ce \u00e0 notre guide \u00e9tape par \u00e9tape. Am\u00e9liorez votre exp\u00e9rience de poker d\u00e8s aujourd'hui !","og_url":"https:\/\/hand2noteguide.com\/switch-from-hm2\/","og_site_name":"Hand2Note Guide","article_modified_time":"2025-06-04T16:23:42+00:00","og_image":[{"url":"https:\/\/hand2noteguide.com\/wp-content\/uploads\/2020\/07\/holdem-manager-hand2note.png","type":"","width":"","height":""}],"twitter_card":"summary_large_image","twitter_misc":{"Est. reading time":"11 minutes"},"schema":{"@context":"https:\/\/schema.org","@graph":[]}},"jetpack_sharing_enabled":false,"_links":{"self":[{"href":"https:\/\/hand2noteguide.com\/fr\/wp-json\/wp\/v2\/pages\/65","targetHints":{"allow":["GET"]}}],"collection":[{"href":"https:\/\/hand2noteguide.com\/fr\/wp-json\/wp\/v2\/pages"}],"about":[{"href":"https:\/\/hand2noteguide.com\/fr\/wp-json\/wp\/v2\/types\/page"}],"author":[{"embeddable":true,"href":"https:\/\/hand2noteguide.com\/fr\/wp-json\/wp\/v2\/users\/1"}],"replies":[{"embeddable":true,"href":"https:\/\/hand2noteguide.com\/fr\/wp-json\/wp\/v2\/comments?post=65"}],"version-history":[{"count":44,"href":"https:\/\/hand2noteguide.com\/fr\/wp-json\/wp\/v2\/pages\/65\/revisions"}],"predecessor-version":[{"id":13563,"href":"https:\/\/hand2noteguide.com\/fr\/wp-json\/wp\/v2\/pages\/65\/revisions\/13563"}],"wp:attachment":[{"href":"https:\/\/hand2noteguide.com\/fr\/wp-json\/wp\/v2\/media?parent=65"}],"curies":[{"name":"wp","href":"https:\/\/api.w.org\/{rel}","templated":true}]}}