{"id":6602,"date":"2024-05-27T19:56:21","date_gmt":"2024-05-27T16:56:21","guid":{"rendered":"https:\/\/hand2noteguide.com\/?page_id=6602"},"modified":"2026-03-21T15:03:05","modified_gmt":"2026-03-21T12:03:05","slug":"starscaption","status":"publish","type":"page","link":"https:\/\/hand2noteguide.com\/fr\/starscaption\/","title":{"rendered":"StarsCaption \u2b50 Votre meilleur assistant sur PokerStars"},"content":{"rendered":"\n<p style=\"margin-top:8px\"><span class=\"product-price\">$24<\/span> <span class=\"product-price-desc\">(licence d&#8217;un an)<\/span><\/p>\n\n\n<p><a class=\"btn btn-primary h2n-crypto-open-checkout\" href=\"https:\/\/hand2noteguide.com\/fr\/?h2n_crypto_checkout=1&#038;cfg=eyJwcm9kdWN0X2lkIjoxLCJwcm9kdWN0X3ByaWNlIjoiMjQiLCJkb3dubG9hZF9saW5rIjoiaHR0cHM6XC9cL3Bva2VyY2FwdGlvbi5jb21cL2Rvd25sb2Fkcy5odG1sIiwidmVuZG9yX2VtYWlsIjoicG9rZXJjYXB0aW9uQGdtYWlsLmNvbSIsImxpY2Vuc2VfaWRfcmVxdWlyZWQiOnRydWUsIm5ldHdvcmsiOiJ1c2R0X3RyYzIwIiwiY3VycmVuY3kiOiJVU0RUIiwiYmFzZV9hbW91bnQiOiIyNC4wMDAwMDAiLCJidXR0b25fdGV4dCI6IkFjaGV0ZXIiLCJ0aXRsZSI6IiIsImRlc2NyaXB0aW9uIjoiIiwic3VjY2Vzc19tb2RlIjoibWFudWFsX2Z1bGZpbGxtZW50IiwicmVxdWlyZV9lbWFpbCI6dHJ1ZSwidHRsX21pbnV0ZXMiOjYwLCJ3YWxsZXQiOiJUTUp3UjNHZTV5TEpvQ0o4ckZ0Y2lRa1JjaDVqRFJMbnUzIn0%3D&#038;sig=777d076141fa242bf99ef05cde120fea40fbbd368ebee935c81f1a7559b8d5a6\" target=\"_blank\" rel=\"noopener noreferrer\">Acheter<\/a><\/p>\n\n\n\n<p>StarsCaption est un outil d&#8217;assistance au poker pour jouer confortablement dans la salle PokerStars. Le programme vous permet de :<\/p>\n\n\n\n<ul class=\"wp-block-list\">\n<li>Afficher tous les <strong>montants des jetons en big blinds<\/strong><\/li>\n\n\n\n<li>Afficher les <strong>noms des positions<\/strong> pour tous les joueurs<\/li>\n\n\n\n<li>D\u00e9finir des <strong>tailles de mise pr\u00e9d\u00e9finies<\/strong> pour divers spots de jeu<\/li>\n\n\n\n<li>Configurer des <strong>raccourcis clavier<\/strong> pour toutes les actions<\/li>\n\n\n\n<li>Afficher un <strong>HUD<\/strong> avec des informations utiles (<strong><a href=\"https:\/\/hand2noteguide.com\/fr\/poker\/free-poker-tools\/pot-odds-calculator\">cotes du pot<\/a><\/strong>, niveau des blinds, SPR, time bank, etc.)<\/li>\n\n\n\n<li>Et bien plus encore !<\/li>\n<\/ul>\n\n\n\n<p>Le logiciel est officiellement <strong>approuv\u00e9 par PokerStars<\/strong>.<\/p>\n\n\n\n<figure class=\"wp-block-gallery has-nested-images columns-default is-cropped wp-block-gallery-1 is-layout-flex wp-block-gallery-is-layout-flex\">\n<figure class=\"wp-block-image size-large\"><img loading=\"lazy\" decoding=\"async\" width=\"1024\" height=\"723\" data-id=\"6645\" src=\"https:\/\/hand2noteguide.com\/wp-content\/uploads\/2024\/05\/Starscaption-1-1024x723.png\" alt=\"Starscaption Bet Script\" class=\"wp-image-6645\" srcset=\"https:\/\/hand2noteguide.com\/wp-content\/uploads\/2024\/05\/Starscaption-1-1024x723.png 1024w, https:\/\/hand2noteguide.com\/wp-content\/uploads\/2024\/05\/Starscaption-1-300x212.png 300w, https:\/\/hand2noteguide.com\/wp-content\/uploads\/2024\/05\/Starscaption-1-768x542.png 768w, https:\/\/hand2noteguide.com\/wp-content\/uploads\/2024\/05\/Starscaption-1-1536x1084.png 1536w, https:\/\/hand2noteguide.com\/wp-content\/uploads\/2024\/05\/Starscaption-1-772x545.png 772w, https:\/\/hand2noteguide.com\/wp-content\/uploads\/2024\/05\/Starscaption-1-624x440.png 624w, https:\/\/hand2noteguide.com\/wp-content\/uploads\/2024\/05\/Starscaption-1.png 1970w\" sizes=\"auto, (max-width: 1024px) 100vw, 1024px\" \/><figcaption class=\"wp-element-caption\">Script de mise<\/figcaption><\/figure>\n\n\n\n<figure class=\"wp-block-image size-large\"><img loading=\"lazy\" decoding=\"async\" width=\"1024\" height=\"722\" data-id=\"6656\" src=\"https:\/\/hand2noteguide.com\/wp-content\/uploads\/2024\/05\/Starscaption-2-1024x722.png\" alt=\"Starscaption Hot Keys\" class=\"wp-image-6656\" srcset=\"https:\/\/hand2noteguide.com\/wp-content\/uploads\/2024\/05\/Starscaption-2-1024x722.png 1024w, https:\/\/hand2noteguide.com\/wp-content\/uploads\/2024\/05\/Starscaption-2-300x212.png 300w, https:\/\/hand2noteguide.com\/wp-content\/uploads\/2024\/05\/Starscaption-2-768x542.png 768w, https:\/\/hand2noteguide.com\/wp-content\/uploads\/2024\/05\/Starscaption-2-1536x1084.png 1536w, https:\/\/hand2noteguide.com\/wp-content\/uploads\/2024\/05\/Starscaption-2-772x545.png 772w, https:\/\/hand2noteguide.com\/wp-content\/uploads\/2024\/05\/Starscaption-2-624x440.png 624w, https:\/\/hand2noteguide.com\/wp-content\/uploads\/2024\/05\/Starscaption-2.png 1969w\" sizes=\"auto, (max-width: 1024px) 100vw, 1024px\" \/><figcaption class=\"wp-element-caption\">Raccourcis clavier<\/figcaption><\/figure>\n\n\n\n<figure class=\"wp-block-image size-large\"><img loading=\"lazy\" decoding=\"async\" width=\"1024\" height=\"722\" data-id=\"6657\" src=\"https:\/\/hand2noteguide.com\/wp-content\/uploads\/2024\/05\/Starscaption-3-1024x722.png\" alt=\"Starscaption HUD\" class=\"wp-image-6657\" srcset=\"https:\/\/hand2noteguide.com\/wp-content\/uploads\/2024\/05\/Starscaption-3-1024x722.png 1024w, https:\/\/hand2noteguide.com\/wp-content\/uploads\/2024\/05\/Starscaption-3-300x212.png 300w, https:\/\/hand2noteguide.com\/wp-content\/uploads\/2024\/05\/Starscaption-3-768x541.png 768w, https:\/\/hand2noteguide.com\/wp-content\/uploads\/2024\/05\/Starscaption-3-1536x1083.png 1536w, https:\/\/hand2noteguide.com\/wp-content\/uploads\/2024\/05\/Starscaption-3-772x544.png 772w, https:\/\/hand2noteguide.com\/wp-content\/uploads\/2024\/05\/Starscaption-3-624x440.png 624w, https:\/\/hand2noteguide.com\/wp-content\/uploads\/2024\/05\/Starscaption-3.png 1970w\" sizes=\"auto, (max-width: 1024px) 100vw, 1024px\" \/><figcaption class=\"wp-element-caption\">HUD<\/figcaption><\/figure>\n\n\n\n<figure class=\"wp-block-image size-large\"><img loading=\"lazy\" decoding=\"async\" width=\"1024\" height=\"723\" data-id=\"6651\" src=\"https:\/\/hand2noteguide.com\/wp-content\/uploads\/2024\/05\/Starscaption-4-1024x723.png\" alt=\"Starscaption Lobby\" class=\"wp-image-6651\" srcset=\"https:\/\/hand2noteguide.com\/wp-content\/uploads\/2024\/05\/Starscaption-4-1024x723.png 1024w, https:\/\/hand2noteguide.com\/wp-content\/uploads\/2024\/05\/Starscaption-4-300x212.png 300w, https:\/\/hand2noteguide.com\/wp-content\/uploads\/2024\/05\/Starscaption-4-768x542.png 768w, https:\/\/hand2noteguide.com\/wp-content\/uploads\/2024\/05\/Starscaption-4-1536x1084.png 1536w, https:\/\/hand2noteguide.com\/wp-content\/uploads\/2024\/05\/Starscaption-4-772x545.png 772w, https:\/\/hand2noteguide.com\/wp-content\/uploads\/2024\/05\/Starscaption-4-624x440.png 624w, https:\/\/hand2noteguide.com\/wp-content\/uploads\/2024\/05\/Starscaption-4.png 1970w\" sizes=\"auto, (max-width: 1024px) 100vw, 1024px\" \/><figcaption class=\"wp-element-caption\">Lobby<\/figcaption><\/figure>\n\n\n\n<figure class=\"wp-block-image size-large\"><img loading=\"lazy\" decoding=\"async\" width=\"808\" height=\"557\" data-id=\"6685\" src=\"https:\/\/hand2noteguide.com\/wp-content\/uploads\/2024\/05\/starscaption-0-table-min.png\" alt=\"PokerStars table with Starscaption integration\" class=\"wp-image-6685\" srcset=\"https:\/\/hand2noteguide.com\/wp-content\/uploads\/2024\/05\/starscaption-0-table-min.png 808w, https:\/\/hand2noteguide.com\/wp-content\/uploads\/2024\/05\/starscaption-0-table-min-300x207.png 300w, https:\/\/hand2noteguide.com\/wp-content\/uploads\/2024\/05\/starscaption-0-table-min-768x529.png 768w, https:\/\/hand2noteguide.com\/wp-content\/uploads\/2024\/05\/starscaption-0-table-min-772x532.png 772w, https:\/\/hand2noteguide.com\/wp-content\/uploads\/2024\/05\/starscaption-0-table-min-624x430.png 624w\" sizes=\"auto, (max-width: 808px) 100vw, 808px\" \/><figcaption class=\"wp-element-caption\">Exemple de table r\u00e9elle<\/figcaption><\/figure>\n\n\n\n<figure class=\"wp-block-image size-large\"><img loading=\"lazy\" decoding=\"async\" width=\"1024\" height=\"722\" data-id=\"6654\" src=\"https:\/\/hand2noteguide.com\/wp-content\/uploads\/2024\/05\/Starscaption-5-1024x722.png\" alt=\"Starscaption Options\" class=\"wp-image-6654\" srcset=\"https:\/\/hand2noteguide.com\/wp-content\/uploads\/2024\/05\/Starscaption-5-1024x722.png 1024w, https:\/\/hand2noteguide.com\/wp-content\/uploads\/2024\/05\/Starscaption-5-300x212.png 300w, https:\/\/hand2noteguide.com\/wp-content\/uploads\/2024\/05\/Starscaption-5-768x541.png 768w, https:\/\/hand2noteguide.com\/wp-content\/uploads\/2024\/05\/Starscaption-5-1536x1083.png 1536w, https:\/\/hand2noteguide.com\/wp-content\/uploads\/2024\/05\/Starscaption-5-772x544.png 772w, https:\/\/hand2noteguide.com\/wp-content\/uploads\/2024\/05\/Starscaption-5-624x440.png 624w, https:\/\/hand2noteguide.com\/wp-content\/uploads\/2024\/05\/Starscaption-5.png 1970w\" sizes=\"auto, (max-width: 1024px) 100vw, 1024px\" \/><figcaption class=\"wp-element-caption\">Options<\/figcaption><\/figure>\n\n\n\n<figure class=\"wp-block-image size-large\"><img loading=\"lazy\" decoding=\"async\" width=\"1024\" height=\"722\" data-id=\"6655\" src=\"https:\/\/hand2noteguide.com\/wp-content\/uploads\/2024\/05\/Starscaption-6-1024x722.png\" alt=\"Starscaption Dialogs\" class=\"wp-image-6655\" srcset=\"https:\/\/hand2noteguide.com\/wp-content\/uploads\/2024\/05\/Starscaption-6-1024x722.png 1024w, https:\/\/hand2noteguide.com\/wp-content\/uploads\/2024\/05\/Starscaption-6-300x212.png 300w, https:\/\/hand2noteguide.com\/wp-content\/uploads\/2024\/05\/Starscaption-6-768x542.png 768w, https:\/\/hand2noteguide.com\/wp-content\/uploads\/2024\/05\/Starscaption-6-1536x1083.png 1536w, https:\/\/hand2noteguide.com\/wp-content\/uploads\/2024\/05\/Starscaption-6-772x544.png 772w, https:\/\/hand2noteguide.com\/wp-content\/uploads\/2024\/05\/Starscaption-6-624x440.png 624w, https:\/\/hand2noteguide.com\/wp-content\/uploads\/2024\/05\/Starscaption-6.png 1971w\" sizes=\"auto, (max-width: 1024px) 100vw, 1024px\" \/><figcaption class=\"wp-element-caption\">Dialogues<\/figcaption><\/figure>\n\n\n\n<figure class=\"wp-block-image size-large\"><img loading=\"lazy\" decoding=\"async\" width=\"1024\" height=\"723\" data-id=\"6649\" src=\"https:\/\/hand2noteguide.com\/wp-content\/uploads\/2024\/05\/Starscaption-7-1024x723.png\" alt=\"Starscaption Table Highlight\" class=\"wp-image-6649\" srcset=\"https:\/\/hand2noteguide.com\/wp-content\/uploads\/2024\/05\/Starscaption-7-1024x723.png 1024w, https:\/\/hand2noteguide.com\/wp-content\/uploads\/2024\/05\/Starscaption-7-300x212.png 300w, https:\/\/hand2noteguide.com\/wp-content\/uploads\/2024\/05\/Starscaption-7-768x542.png 768w, https:\/\/hand2noteguide.com\/wp-content\/uploads\/2024\/05\/Starscaption-7-1536x1085.png 1536w, https:\/\/hand2noteguide.com\/wp-content\/uploads\/2024\/05\/Starscaption-7-772x545.png 772w, https:\/\/hand2noteguide.com\/wp-content\/uploads\/2024\/05\/Starscaption-7-624x441.png 624w, https:\/\/hand2noteguide.com\/wp-content\/uploads\/2024\/05\/Starscaption-7.png 1970w\" sizes=\"auto, (max-width: 1024px) 100vw, 1024px\" \/><figcaption class=\"wp-element-caption\">Surlignage de table<\/figcaption><\/figure>\n\n\n\n<figure class=\"wp-block-image size-large\"><img loading=\"lazy\" decoding=\"async\" width=\"1024\" height=\"723\" data-id=\"6652\" src=\"https:\/\/hand2noteguide.com\/wp-content\/uploads\/2024\/05\/Starscaption-8-1024x723.png\" alt=\"Starscaption Table Manager\" class=\"wp-image-6652\" srcset=\"https:\/\/hand2noteguide.com\/wp-content\/uploads\/2024\/05\/Starscaption-8-1024x723.png 1024w, https:\/\/hand2noteguide.com\/wp-content\/uploads\/2024\/05\/Starscaption-8-300x212.png 300w, https:\/\/hand2noteguide.com\/wp-content\/uploads\/2024\/05\/Starscaption-8-768x542.png 768w, https:\/\/hand2noteguide.com\/wp-content\/uploads\/2024\/05\/Starscaption-8-1536x1084.png 1536w, https:\/\/hand2noteguide.com\/wp-content\/uploads\/2024\/05\/Starscaption-8-772x545.png 772w, https:\/\/hand2noteguide.com\/wp-content\/uploads\/2024\/05\/Starscaption-8-624x440.png 624w, https:\/\/hand2noteguide.com\/wp-content\/uploads\/2024\/05\/Starscaption-8.png 1971w\" sizes=\"auto, (max-width: 1024px) 100vw, 1024px\" \/><figcaption class=\"wp-element-caption\">Gestionnaire de table<\/figcaption><\/figure>\n\n\n\n<figure class=\"wp-block-image size-full\"><img loading=\"lazy\" decoding=\"async\" width=\"838\" height=\"691\" data-id=\"6681\" src=\"https:\/\/hand2noteguide.com\/wp-content\/uploads\/2024\/05\/starscaption-bb-min.png\" alt=\"\" class=\"wp-image-6681\" srcset=\"https:\/\/hand2noteguide.com\/wp-content\/uploads\/2024\/05\/starscaption-bb-min.png 838w, https:\/\/hand2noteguide.com\/wp-content\/uploads\/2024\/05\/starscaption-bb-min-300x247.png 300w, https:\/\/hand2noteguide.com\/wp-content\/uploads\/2024\/05\/starscaption-bb-min-768x633.png 768w, https:\/\/hand2noteguide.com\/wp-content\/uploads\/2024\/05\/starscaption-bb-min-772x637.png 772w, https:\/\/hand2noteguide.com\/wp-content\/uploads\/2024\/05\/starscaption-bb-min-624x515.png 624w\" sizes=\"auto, (max-width: 838px) 100vw, 838px\" \/><figcaption class=\"wp-element-caption\">Convertir les jetons<\/figcaption><\/figure>\n\n\n\n<figure class=\"wp-block-image size-large\"><img loading=\"lazy\" decoding=\"async\" width=\"1024\" height=\"723\" data-id=\"6647\" src=\"https:\/\/hand2noteguide.com\/wp-content\/uploads\/2024\/05\/Starscaption-10-1024x723.png\" alt=\"Starscaption Action Blocking\" class=\"wp-image-6647\" srcset=\"https:\/\/hand2noteguide.com\/wp-content\/uploads\/2024\/05\/Starscaption-10-1024x723.png 1024w, https:\/\/hand2noteguide.com\/wp-content\/uploads\/2024\/05\/Starscaption-10-300x212.png 300w, https:\/\/hand2noteguide.com\/wp-content\/uploads\/2024\/05\/Starscaption-10-768x542.png 768w, https:\/\/hand2noteguide.com\/wp-content\/uploads\/2024\/05\/Starscaption-10-1536x1084.png 1536w, https:\/\/hand2noteguide.com\/wp-content\/uploads\/2024\/05\/Starscaption-10-772x545.png 772w, https:\/\/hand2noteguide.com\/wp-content\/uploads\/2024\/05\/Starscaption-10-624x440.png 624w, https:\/\/hand2noteguide.com\/wp-content\/uploads\/2024\/05\/Starscaption-10.png 1970w\" sizes=\"auto, (max-width: 1024px) 100vw, 1024px\" \/><figcaption class=\"wp-element-caption\">Blocage d&#8217;action<\/figcaption><\/figure>\n\n\n\n<figure class=\"wp-block-image size-large\"><img loading=\"lazy\" decoding=\"async\" width=\"1024\" height=\"724\" data-id=\"6653\" src=\"https:\/\/hand2noteguide.com\/wp-content\/uploads\/2024\/05\/Starscaption-11-1024x724.png\" alt=\"Starscaption Layout Editor\" class=\"wp-image-6653\" srcset=\"https:\/\/hand2noteguide.com\/wp-content\/uploads\/2024\/05\/Starscaption-11-1024x724.png 1024w, https:\/\/hand2noteguide.com\/wp-content\/uploads\/2024\/05\/Starscaption-11-300x212.png 300w, https:\/\/hand2noteguide.com\/wp-content\/uploads\/2024\/05\/Starscaption-11-768x543.png 768w, https:\/\/hand2noteguide.com\/wp-content\/uploads\/2024\/05\/Starscaption-11-1536x1085.png 1536w, https:\/\/hand2noteguide.com\/wp-content\/uploads\/2024\/05\/Starscaption-11-772x545.png 772w, https:\/\/hand2noteguide.com\/wp-content\/uploads\/2024\/05\/Starscaption-11-624x441.png 624w, https:\/\/hand2noteguide.com\/wp-content\/uploads\/2024\/05\/Starscaption-11.png 1970w\" sizes=\"auto, (max-width: 1024px) 100vw, 1024px\" \/><figcaption class=\"wp-element-caption\">\u00c9diteur de mise en page<\/figcaption><\/figure>\n<\/figure>\n\n\n\n<h2 class=\"wp-block-heading\">Quelles sont les fonctionnalit\u00e9s de Starscaption ?<\/h2>\n\n\n\n<p>Starscaption vous offre de nombreuses fonctionnalit\u00e9s pour am\u00e9liorer votre exp\u00e9rience de jeu sur PokerStars. Toutes ces fonctionnalit\u00e9s rendent vos sessions de poker indescriptiblement plus pratiques. Votre vie sera divis\u00e9e entre le moment avant et apr\u00e8s l&#8217;int\u00e9gration de Starscaption dans votre jeu.<\/p>\n\n\n\n<p>Les principales fonctionnalit\u00e9s de Starscaption sont :<\/p>\n\n\n\n<ul class=\"wp-block-list\">\n<li><strong>Jetons en BB<\/strong>. Affichage de tous les montants des jetons (mises et tailles de stack) en big blinds. Vous n&#8217;avez donc pas besoin de calculer dans votre t\u00eate combien de blinds il y a dans le stack de votre adversaire. Vous voyez maintenant cette information imm\u00e9diatement.<\/li>\n\n\n\n<li><strong>Betscript<\/strong>. Vous pouvez pr\u00e9d\u00e9finir diverses tailles de mise et de relance pour diff\u00e9rentes situations de jeu. Lorsque la situation se pr\u00e9sente \u00e0 la table, votre taille de mise sera d\u00e9j\u00e0 entr\u00e9e dans la bo\u00eete de mise.<\/li>\n\n\n\n<li><strong>Raccourcis clavier<\/strong>. D\u00e9finissez des raccourcis clavier pour presque toutes les actions possibles aux tables &#8211; Miser, Relancer, Passer, Checker, S&#8217;asseoir \u00e0 la prochaine BB, Passer \u00e0 toute mise, Fermer la table, etc.<\/li>\n\n\n\n<li><strong>HUD<\/strong>. Le HUD de Starscaption vous aidera \u00e0 afficher de nombreuses informations suppl\u00e9mentaires utiles pour les cash games et les tournois. Historique des mises, <a href=\"https:\/\/hand2noteguide.com\/fr\/poker\/free-poker-tools\/pot-odds-calculator\">cotes du pot<\/a>, ratio stack\/pot, equity de bluff, taille du stack \u00e0 la prochaine street (en fonction de votre taille de mise actuelle), et bien plus encore.<\/li>\n\n\n\n<li><strong>Organisateur de table<\/strong>. La fonctionnalit\u00e9 incontournable pour le multitabling. La capacit\u00e9 de configurer la <strong>mise en page des tables<\/strong> et de placer automatiquement les tables dans les emplacements n\u00e9cessaires. <strong>Le cadre autour de la table qui n\u00e9cessite votre attention<\/strong>.<\/li>\n\n\n\n<li>De nombreuses fonctionnalit\u00e9s &#8220;mineures&#8221; pour rendre votre jeu fluide et pratique. <strong>Clic automatique sur &#8220;Je suis de retour&#8221;<\/strong>, <strong>Activation automatique des Time Banks<\/strong>, <strong>Fermeture automatique des fen\u00eatres de dialogue de la salle de poker<\/strong>, et plus encore.<\/li>\n<\/ul>\n\n\n\n<p>Voir une description plus d\u00e9taill\u00e9e de toutes les fonctionnalit\u00e9s et des conseils de personnalisation sur la <a href=\"https:\/\/sites.google.com\/site\/starscaption\/betscript\" target=\"_blank\" aria-label=\"undefined (ouvre dans un nouvel onglet)\" rel=\"noreferrer noopener\">page d&#8217;aide officielle de Starscaption<\/a>.<\/p>\n\n\n\n<h2 class=\"wp-block-heading\">Quel est le prix de Starscaption ?<\/h2>\n\n\n\n<p>Le prix est de <strong>24 $ pour une licence d&#8217;un an<\/strong>. Vous pouvez acheter une nouvelle licence ou prolonger une licence existante : cliquez sur <strong>Acheter<\/strong> en haut de cette page.<\/p>\n\n\n\n<p>Aucune r\u00e9duction n&#8217;est accord\u00e9e selon la politique du d\u00e9veloppeur. De toute fa\u00e7on, le prix est tr\u00e8s abordable compte tenu de la fonctionnalit\u00e9 que le logiciel offre. Pour tout joueur de poker s\u00e9rieux qui joue sur PokerStars, Starscaption est un investissement rentable.<\/p>\n","protected":false},"excerpt":{"rendered":"<p>$24 (licence d&#8217;un an) StarsCaption est un outil d&#8217;assistance au poker pour jouer confortablement dans la salle PokerStars. Le programme vous permet de : Le logiciel est officiellement approuv\u00e9 par PokerStars. Quelles sont les fonctionnalit\u00e9s de Starscaption ? Starscaption vous offre de nombreuses fonctionnalit\u00e9s pour am\u00e9liorer votre exp\u00e9rience de jeu sur PokerStars. Toutes ces fonctionnalit\u00e9s &hellip; <a href=\"https:\/\/hand2noteguide.com\/fr\/starscaption\/\" class=\"more-link\">Continue reading <span class=\"screen-reader-text\">StarsCaption \u2b50 Votre meilleur assistant sur PokerStars<\/span><\/a><\/p>\n","protected":false},"author":1,"featured_media":0,"parent":0,"menu_order":0,"comment_status":"closed","ping_status":"closed","template":"page-templates\/full-width-page.php","meta":{"footnotes":""},"class_list":["post-6602","page","type-page","status-publish","hentry"],"translation":{"provider":"WPGlobus","version":"3.0.2","language":"fr","enabled_languages":["en","ru","pt","zh","es","fr","de","it","ja"],"languages":{"en":{"title":true,"content":true,"excerpt":false},"ru":{"title":true,"content":true,"excerpt":false},"pt":{"title":true,"content":true,"excerpt":false},"zh":{"title":true,"content":true,"excerpt":false},"es":{"title":true,"content":true,"excerpt":false},"fr":{"title":true,"content":true,"excerpt":false},"de":{"title":true,"content":true,"excerpt":false},"it":{"title":true,"content":true,"excerpt":false},"ja":{"title":true,"content":true,"excerpt":false}}},"yoast_head":"<!-- This site is optimized with the Yoast SEO plugin v27.0 - https:\/\/yoast.com\/product\/yoast-seo-wordpress\/ -->\n<title>StarsCaption \u2b50 Votre meilleur assistant sur PokerStars<\/title>\n<meta name=\"description\" content=\"StarsCaption est le meilleur outil d&#039;assistance pour jouer sur PokerStars. Convertissez les jetons en BB, voyez les positions des joueurs, utilisez des raccourcis clavier, affichez les cotes du pot et bien plus encore !\" \/>\n<meta name=\"robots\" content=\"index, follow, max-snippet:-1, max-image-preview:large, max-video-preview:-1\" \/>\n<link rel=\"canonical\" href=\"https:\/\/hand2noteguide.com\/starscaption\/\" \/>\n<meta property=\"og:locale\" content=\"fr_FR\" \/>\n<meta property=\"og:type\" content=\"article\" \/>\n<meta property=\"og:title\" content=\"StarsCaption \u2b50 Votre meilleur assistant sur PokerStars\" \/>\n<meta property=\"og:description\" content=\"StarsCaption est le meilleur outil d&#039;assistance pour jouer sur PokerStars. Convertissez les jetons en BB, voyez les positions des joueurs, utilisez des raccourcis clavier, affichez les cotes du pot et bien plus encore !\" \/>\n<meta property=\"og:url\" content=\"https:\/\/hand2noteguide.com\/starscaption\/\" \/>\n<meta property=\"og:site_name\" content=\"Hand2Note Guide\" \/>\n<meta property=\"article:modified_time\" content=\"2026-03-21T12:03:05+00:00\" \/>\n<meta property=\"og:image\" content=\"https:\/\/hand2noteguide.com\/wp-content\/uploads\/2024\/05\/Starscaption-1.png\" \/>\n\t<meta property=\"og:image:width\" content=\"1970\" \/>\n\t<meta property=\"og:image:height\" content=\"1390\" \/>\n\t<meta property=\"og:image:type\" content=\"image\/png\" \/>\n<meta name=\"twitter:card\" content=\"summary_large_image\" \/>\n<meta name=\"twitter:label1\" content=\"Est. reading time\" \/>\n\t<meta name=\"twitter:data1\" content=\"5 minutes\" \/>\n<!-- \/ Yoast SEO plugin. -->","yoast_head_json":{"title":"StarsCaption \u2b50 Votre meilleur assistant sur PokerStars","description":"StarsCaption est le meilleur outil d'assistance pour jouer sur PokerStars. Convertissez les jetons en BB, voyez les positions des joueurs, utilisez des raccourcis clavier, affichez les cotes du pot et bien plus encore !","robots":{"index":"index","follow":"follow","max-snippet":"max-snippet:-1","max-image-preview":"max-image-preview:large","max-video-preview":"max-video-preview:-1"},"canonical":"https:\/\/hand2noteguide.com\/starscaption\/","og_locale":"fr_FR","og_type":"article","og_title":"StarsCaption \u2b50 Votre meilleur assistant sur PokerStars","og_description":"StarsCaption est le meilleur outil d'assistance pour jouer sur PokerStars. Convertissez les jetons en BB, voyez les positions des joueurs, utilisez des raccourcis clavier, affichez les cotes du pot et bien plus encore !","og_url":"https:\/\/hand2noteguide.com\/starscaption\/","og_site_name":"Hand2Note Guide","article_modified_time":"2026-03-21T12:03:05+00:00","og_image":[{"width":1970,"height":1390,"url":"https:\/\/hand2noteguide.com\/wp-content\/uploads\/2024\/05\/Starscaption-1.png","type":"image\/png"}],"twitter_card":"summary_large_image","twitter_misc":{"Est. reading time":"5 minutes"},"schema":{"@context":"https:\/\/schema.org","@graph":[]}},"jetpack_sharing_enabled":true,"_links":{"self":[{"href":"https:\/\/hand2noteguide.com\/fr\/wp-json\/wp\/v2\/pages\/6602","targetHints":{"allow":["GET"]}}],"collection":[{"href":"https:\/\/hand2noteguide.com\/fr\/wp-json\/wp\/v2\/pages"}],"about":[{"href":"https:\/\/hand2noteguide.com\/fr\/wp-json\/wp\/v2\/types\/page"}],"author":[{"embeddable":true,"href":"https:\/\/hand2noteguide.com\/fr\/wp-json\/wp\/v2\/users\/1"}],"replies":[{"embeddable":true,"href":"https:\/\/hand2noteguide.com\/fr\/wp-json\/wp\/v2\/comments?post=6602"}],"version-history":[{"count":89,"href":"https:\/\/hand2noteguide.com\/fr\/wp-json\/wp\/v2\/pages\/6602\/revisions"}],"predecessor-version":[{"id":15961,"href":"https:\/\/hand2noteguide.com\/fr\/wp-json\/wp\/v2\/pages\/6602\/revisions\/15961"}],"wp:attachment":[{"href":"https:\/\/hand2noteguide.com\/fr\/wp-json\/wp\/v2\/media?parent=6602"}],"curies":[{"name":"wp","href":"https:\/\/api.w.org\/{rel}","templated":true}]}}