{"id":6879,"date":"2024-06-11T03:18:03","date_gmt":"2024-06-11T00:18:03","guid":{"rendered":"https:\/\/hand2noteguide.com\/?page_id=6879"},"modified":"2026-02-21T14:04:02","modified_gmt":"2026-02-21T11:04:02","slug":"hand2note-4-getting-started","status":"publish","type":"page","link":"https:\/\/hand2noteguide.com\/fr\/hand2note-4-getting-started\/","title":{"rendered":"Hand2Note 4 : D\u00e9marrage"},"content":{"rendered":"\n<p><a href=\"https:\/\/hand2note.com\/fr\/\" target=\"_blank\" rel=\"noreferrer noopener\">Hand2Note<\/a> est l&#8217;un des <a href=\"https:\/\/hand2noteguide.com\/fr\/poker\/5-best-online-poker-software\/\">meilleurs outils de poker<\/a>, et Hand2Note 4 est la derni\u00e8re version du logiciel. Il contient toutes les fonctions les plus avanc\u00e9es. Les principales diff\u00e9rences par rapport \u00e0 la version pr\u00e9c\u00e9dente sont les Smart Reports et une vitesse d&#8217;importation am\u00e9lior\u00e9e.<\/p>\n\n\n\n<p>Commen\u00e7ons par la configuration de Hand2Note 4.<\/p>\n\n\n\n<h2 class=\"wp-block-heading\">1. T\u00e9l\u00e9charger et Installer<\/h2>\n\n\n\n<p><a href=\"https:\/\/hand2noteguide.com\/fr\/go\/hand2note\/\" target=\"_blank\" rel=\"noreferrer noopener sponsored\">T\u00e9l\u00e9chargez Hand2Note 4 depuis le site officiel<\/a> et suivez les \u00e9tapes d&#8217;installation simples (il suffit de cliquer sur &#8220;Suivant&#8221; tout le temps).<\/p>\n\n\n\n<figure class=\"wp-block-image size-full is-resized\"><img loading=\"lazy\" decoding=\"async\" src=\"https:\/\/hand2noteguide.com\/wp-content\/uploads\/2024\/06\/hand2note4-setup-min.png\" alt=\"Installation de Hand2Note 4\" class=\"wp-image-6908\" width=\"495\" height=\"385\" srcset=\"https:\/\/hand2noteguide.com\/wp-content\/uploads\/2024\/06\/hand2note4-setup-min.png 990w, https:\/\/hand2noteguide.com\/wp-content\/uploads\/2024\/06\/hand2note4-setup-min-300x233.png 300w, https:\/\/hand2noteguide.com\/wp-content\/uploads\/2024\/06\/hand2note4-setup-min-768x597.png 768w, https:\/\/hand2noteguide.com\/wp-content\/uploads\/2024\/06\/hand2note4-setup-min-772x600.png 772w, https:\/\/hand2noteguide.com\/wp-content\/uploads\/2024\/06\/hand2note4-setup-min-624x485.png 624w\" sizes=\"auto, (max-width: 495px) 100vw, 495px\" \/><figcaption class=\"wp-element-caption\">Installation de Hand2Note 4<\/figcaption><\/figure>\n\n\n\n<h2 class=\"wp-block-heading\">2. Profitez de l&#8217;essai gratuit<\/h2>\n\n\n\n<p>Vous pouvez utiliser toutes les fonctionnalit\u00e9s de H2N gratuitement pendant la p\u00e9riode d&#8217;essai de 14 jours. Elle sera activ\u00e9e automatiquement apr\u00e8s votre premi\u00e8re utilisation de Hand2Note.<\/p>\n\n\n\n<div class=\"green-block\">\n<p style=\"margin-bottom:0\">\ud83d\udd25 Apr\u00e8s la fin de votre p\u00e9riode d&#8217;essai, vous pouvez <a href=\"\/fr\/promo\/\"><b>acheter Hand2Note PRO avec 10% de r\u00e9duction<\/b><\/a> en utilisant notre code promo <b>GUIDE10<\/b>.<\/p><\/div>\n\n\n\n<h2 class=\"wp-block-heading\">3. Transf\u00e9rez votre configuration Hand2Note 3 (Optionnel)<\/h2>\n\n\n\n<p>Si vous avez utilis\u00e9 Hand2Note 3 auparavant, vous pouvez transf\u00e9rer en toute s\u00e9curit\u00e9 tous vos HUDs, param\u00e8tres et base de donn\u00e9es vers Hand2Note 4.<\/p>\n\n\n\n<p>Pour importer vos HUDs, popups et param\u00e8tres, s\u00e9lectionnez &#8220;Tools&#8221; \u2192 &#8220;Convert Hand2Note 3 Config&#8230;&#8221; dans le menu sup\u00e9rieur.<\/p>\n\n\n\n<figure class=\"wp-block-image size-large is-resized\"><img loading=\"lazy\" decoding=\"async\" src=\"https:\/\/hand2noteguide.com\/wp-content\/uploads\/2024\/06\/image-1024x495.png\" alt=\"\" class=\"wp-image-6924\" width=\"768\" height=\"371\" srcset=\"https:\/\/hand2noteguide.com\/wp-content\/uploads\/2024\/06\/image-1024x495.png 1024w, https:\/\/hand2noteguide.com\/wp-content\/uploads\/2024\/06\/image-300x145.png 300w, https:\/\/hand2noteguide.com\/wp-content\/uploads\/2024\/06\/image-768x372.png 768w, https:\/\/hand2noteguide.com\/wp-content\/uploads\/2024\/06\/image-1536x743.png 1536w, https:\/\/hand2noteguide.com\/wp-content\/uploads\/2024\/06\/image-772x373.png 772w, https:\/\/hand2noteguide.com\/wp-content\/uploads\/2024\/06\/image-624x302.png 624w, https:\/\/hand2noteguide.com\/wp-content\/uploads\/2024\/06\/image.png 1726w\" sizes=\"auto, (max-width: 768px) 100vw, 768px\" \/><\/figure>\n\n\n\n<p>Ensuite, vous devrez s\u00e9lectionner l&#8217;emplacement de votre dossier Hand2Note 3. Veuillez noter : vous devez s\u00e9lectionner le dossier racine Hand2Note 3, pas le dossier Config. Par d\u00e9faut, le dossier racine Hand2Note 3 est &#8220;C:Program FilesHand2Note&#8221;.<\/p>\n\n\n\n<p>Apr\u00e8s avoir termin\u00e9 l&#8217;importation de vos param\u00e8tres, vous pouvez \u00e9galement importer votre base de donn\u00e9es. Pour ce faire, retournez dans le menu sup\u00e9rieur et s\u00e9lectionnez &#8220;Import&#8221; \u2192 &#8220;Import from Database&#8230;&#8221;<\/p>\n\n\n\n<figure class=\"wp-block-image size-large is-resized\"><img loading=\"lazy\" decoding=\"async\" src=\"https:\/\/hand2noteguide.com\/wp-content\/uploads\/2024\/06\/image-1-1024x495.png\" alt=\"\" class=\"wp-image-6933\" width=\"768\" height=\"371\" srcset=\"https:\/\/hand2noteguide.com\/wp-content\/uploads\/2024\/06\/image-1-1024x495.png 1024w, https:\/\/hand2noteguide.com\/wp-content\/uploads\/2024\/06\/image-1-300x145.png 300w, https:\/\/hand2noteguide.com\/wp-content\/uploads\/2024\/06\/image-1-768x372.png 768w, https:\/\/hand2noteguide.com\/wp-content\/uploads\/2024\/06\/image-1-1536x743.png 1536w, https:\/\/hand2noteguide.com\/wp-content\/uploads\/2024\/06\/image-1-772x373.png 772w, https:\/\/hand2noteguide.com\/wp-content\/uploads\/2024\/06\/image-1-624x302.png 624w, https:\/\/hand2noteguide.com\/wp-content\/uploads\/2024\/06\/image-1.png 1726w\" sizes=\"auto, (max-width: 768px) 100vw, 768px\" \/><\/figure>\n\n\n\n<p>Vous devrez \u00e0 nouveau s\u00e9lectionner l&#8217;emplacement du dossier Hand2Note 3 (C:Program FilesHand2Note), et \u00e9galement choisir quelle base de donn\u00e9es exacte vous souhaitez importer vos mains.<\/p>\n\n\n\n<p>Apr\u00e8s ces deux \u00e9tapes, vous aurez votre configuration compl\u00e8te de Hand2Note 3 dans votre nouveau logiciel Hand2Note 4.<\/p>\n\n\n\n<h2 class=\"wp-block-heading\">4. D\u00e9marrer le HUD<\/h2>\n\n\n\n<p>Pour d\u00e9marrer le HUD de Hand2Note, dans la plupart des cas, vous devez simplement lancer Hand2Note et votre client de poker en ligne en m\u00eame temps. Ensuite, apr\u00e8s avoir ouvert une table, le HUD devrait appara\u00eetre automatiquement. Vous pouvez am\u00e9liorer la pr\u00e9cision de la collecte des mains pour certaines salles en <a href=\"https:\/\/hand2noteguide.com\/fr\/user-manual\/setting-up-an-auto-import-in-hand2note\/\">configurant les dossiers d&#8217;importation automatique<\/a>.<\/p>\n\n\n\n<p>Si vous jouez sur des applications mobiles de poker comme PokerBros, veuillez suivre notre guide sp\u00e9cial : <a href=\"https:\/\/hand2noteguide.com\/fr\/user-manual\/configuring-hand2note-to-play-in-applications-via-an-emulator-using-the-example-of-pokerbros\/\">Configurer Hand2Note pour jouer dans des applications via un \u00e9mulateur<\/a>.<\/p>\n\n\n\n<figure class=\"wp-block-image size-large\"><img loading=\"lazy\" decoding=\"async\" width=\"1024\" height=\"727\" src=\"https:\/\/hand2noteguide.com\/wp-content\/uploads\/2024\/06\/hand2note-mtt-hud-min-1024x727.png\" alt=\"Hand2Note 4 HUD\" class=\"wp-image-6944\" srcset=\"https:\/\/hand2noteguide.com\/wp-content\/uploads\/2024\/06\/hand2note-mtt-hud-min-1024x727.png 1024w, https:\/\/hand2noteguide.com\/wp-content\/uploads\/2024\/06\/hand2note-mtt-hud-min-300x213.png 300w, https:\/\/hand2noteguide.com\/wp-content\/uploads\/2024\/06\/hand2note-mtt-hud-min-768x545.png 768w, https:\/\/hand2noteguide.com\/wp-content\/uploads\/2024\/06\/hand2note-mtt-hud-min-1536x1091.png 1536w, https:\/\/hand2noteguide.com\/wp-content\/uploads\/2024\/06\/hand2note-mtt-hud-min-772x548.png 772w, https:\/\/hand2noteguide.com\/wp-content\/uploads\/2024\/06\/hand2note-mtt-hud-min-624x443.png 624w, https:\/\/hand2noteguide.com\/wp-content\/uploads\/2024\/06\/hand2note-mtt-hud-min.png 1818w\" sizes=\"auto, (max-width: 1024px) 100vw, 1024px\" \/><figcaption class=\"wp-element-caption\">Exemple de HUD Hand2Note 4 : <a href=\"https:\/\/www.hudstore.poker\/products\/cosmos-mtt\" target=\"_blank\" aria-label=\"undefined (opens in a new tab)\" rel=\"noreferrer noopener\">Cosmos MTT<\/a><\/figcaption><\/figure>\n\n\n\n<p>Si vous rencontrez des probl\u00e8mes avec l&#8217;affichage du HUD, suivez&nbsp;<a href=\"https:\/\/hand2noteguide.com\/fr\/user-manual\/hand2note4-hud-problem\/\">les \u00e9tapes de d\u00e9pannage<\/a>. Si elles ne vous aident pas, contactez&nbsp;<a href=\"https:\/\/hand2noteguide.com\/fr\/hand2note-official-support\/\">l&#8217;\u00e9quipe de support Hand2Note<\/a>.<\/p>\n\n\n\n<p>Le HUD par d\u00e9faut de Hand2Note contient quelques statistiques de base : VPIP, PFR, <a href=\"https:\/\/hand2noteguide.com\/fr\/poker\/poker-hud-stats\/3bet-in-poker\/\">3Bet<\/a> et le nombre de mains. Vous pourriez vouloir utiliser un HUD un peu plus complexe. Dans ce cas, nous vous recommandons de consulter notre&nbsp;<a href=\"https:\/\/hand2noteguide.com\/fr\/free-hud\/\">HUD gratuit<\/a>. Pour des packages HUD &amp; Popup encore plus avanc\u00e9s et professionnels, consultez le <a aria-label=\"undefined (opens in a new tab)\" href=\"https:\/\/hudstore.poker\" target=\"_blank\" rel=\"noreferrer noopener\">HUD Store<\/a>.<\/p>\n\n\n\n<h2 class=\"wp-block-heading\">Et ensuite ?<\/h2>\n\n\n\n<p>Continuez \u00e0 explorer Hand2Note 4, car il poss\u00e8de de nombreuses fonctionnalit\u00e9s pour am\u00e9liorer votre jeu :<\/p>\n\n\n\n<ul class=\"wp-block-list\">\n<li>Explorez notre collection de <a href=\"https:\/\/hand2noteguide.com\/fr\/user-manual\/\">guides utiles Hand2Note<\/a><\/li>\n\n\n\n<li>Consultez le <a href=\"https:\/\/hand2note.com\/fr\/Help\/Index\" target=\"_blank\" rel=\"noreferrer noopener\">manuel officiel de Hand2Note<\/a><\/li>\n<\/ul>\n\n\n\n<p>L&#8217;une des meilleures fonctionnalit\u00e9s est les Multi-Player Reports (anciennement Range Research) qui vous permettent de lancer des rapports MDA et d&#8217;\u00e9tudier en profondeur diff\u00e9rents types de joueurs \u2013 leur comportement typique dans divers spots de jeu. Vous pouvez en savoir plus sur le MDA dans notre <a href=\"https:\/\/www.hudstore.poker\/mda-poker-how-to-use-mass-data-analysis-to-crush-games\" target=\"_blank\" rel=\"noreferrer noopener\">article sur l&#8217;utilisation de l&#8217;analyse de donn\u00e9es massives pour dominer les jeux<\/a>.<\/p>\n","protected":false},"excerpt":{"rendered":"<p>Hand2Note est l&#8217;un des meilleurs outils de poker, et Hand2Note 4 est la derni\u00e8re version du logiciel. Il contient toutes les fonctions les plus avanc\u00e9es. Les principales diff\u00e9rences par rapport \u00e0 la version pr\u00e9c\u00e9dente sont les Smart Reports et une vitesse d&#8217;importation am\u00e9lior\u00e9e. Commen\u00e7ons par la configuration de Hand2Note 4. 1. T\u00e9l\u00e9charger et Installer T\u00e9l\u00e9chargez &hellip; <a href=\"https:\/\/hand2noteguide.com\/fr\/hand2note-4-getting-started\/\" class=\"more-link\">Continue reading <span class=\"screen-reader-text\">Hand2Note 4 : D\u00e9marrage<\/span><\/a><\/p>\n","protected":false},"author":1,"featured_media":10163,"parent":0,"menu_order":0,"comment_status":"closed","ping_status":"closed","template":"","meta":{"footnotes":""},"class_list":["post-6879","page","type-page","status-publish","has-post-thumbnail","hentry"],"translation":{"provider":"WPGlobus","version":"3.0.2","language":"fr","enabled_languages":["en","ru","pt","zh","es","fr","de","it","ja"],"languages":{"en":{"title":true,"content":true,"excerpt":false},"ru":{"title":true,"content":true,"excerpt":false},"pt":{"title":true,"content":true,"excerpt":false},"zh":{"title":true,"content":true,"excerpt":false},"es":{"title":true,"content":true,"excerpt":false},"fr":{"title":true,"content":true,"excerpt":false},"de":{"title":true,"content":true,"excerpt":false},"it":{"title":true,"content":true,"excerpt":false},"ja":{"title":true,"content":true,"excerpt":false}}},"yoast_head":"<!-- This site is optimized with the Yoast SEO plugin v27.0 - https:\/\/yoast.com\/product\/yoast-seo-wordpress\/ -->\n<title>Hand2Note 4 : D\u00e9marrage<\/title>\n<meta name=\"description\" content=\"Hand2Note 4 est la toute derni\u00e8re version avec Smart Reports et une vitesse d&#039;importation incroyable. Suivez notre guide pour installer H2N 4, obtenir une licence gratuite et le meilleur HUD.\" \/>\n<meta name=\"robots\" content=\"index, follow, max-snippet:-1, max-image-preview:large, max-video-preview:-1\" \/>\n<link rel=\"canonical\" href=\"https:\/\/hand2noteguide.com\/hand2note-4-getting-started\/\" \/>\n<meta property=\"og:locale\" content=\"fr_FR\" \/>\n<meta property=\"og:type\" content=\"article\" \/>\n<meta property=\"og:title\" content=\"Hand2Note 4 : D\u00e9marrage\" \/>\n<meta property=\"og:description\" content=\"Hand2Note 4 est la toute derni\u00e8re version avec Smart Reports et une vitesse d&#039;importation incroyable. Suivez notre guide pour installer H2N 4, obtenir une licence gratuite et le meilleur HUD.\" \/>\n<meta property=\"og:url\" content=\"https:\/\/hand2noteguide.com\/hand2note-4-getting-started\/\" \/>\n<meta property=\"og:site_name\" content=\"Hand2Note Guide\" \/>\n<meta property=\"article:modified_time\" content=\"2026-02-21T11:04:02+00:00\" \/>\n<meta property=\"og:image\" content=\"https:\/\/hand2noteguide.com\/wp-content\/uploads\/2025\/04\/h2n-1-min.webp\" \/>\n\t<meta property=\"og:image:width\" content=\"1590\" \/>\n\t<meta property=\"og:image:height\" content=\"989\" \/>\n\t<meta property=\"og:image:type\" content=\"image\/webp\" \/>\n<meta name=\"twitter:card\" content=\"summary_large_image\" \/>\n<meta name=\"twitter:label1\" content=\"Est. reading time\" \/>\n\t<meta name=\"twitter:data1\" content=\"4 minutes\" \/>\n<!-- \/ Yoast SEO plugin. -->","yoast_head_json":{"title":"Hand2Note 4 : D\u00e9marrage","description":"Hand2Note 4 est la toute derni\u00e8re version avec Smart Reports et une vitesse d'importation incroyable. Suivez notre guide pour installer H2N 4, obtenir une licence gratuite et le meilleur HUD.","robots":{"index":"index","follow":"follow","max-snippet":"max-snippet:-1","max-image-preview":"max-image-preview:large","max-video-preview":"max-video-preview:-1"},"canonical":"https:\/\/hand2noteguide.com\/hand2note-4-getting-started\/","og_locale":"fr_FR","og_type":"article","og_title":"Hand2Note 4 : D\u00e9marrage","og_description":"Hand2Note 4 est la toute derni\u00e8re version avec Smart Reports et une vitesse d'importation incroyable. Suivez notre guide pour installer H2N 4, obtenir une licence gratuite et le meilleur HUD.","og_url":"https:\/\/hand2noteguide.com\/hand2note-4-getting-started\/","og_site_name":"Hand2Note Guide","article_modified_time":"2026-02-21T11:04:02+00:00","og_image":[{"width":1590,"height":989,"url":"https:\/\/hand2noteguide.com\/wp-content\/uploads\/2025\/04\/h2n-1-min.webp","type":"image\/webp"}],"twitter_card":"summary_large_image","twitter_misc":{"Est. reading time":"4 minutes"},"schema":{"@context":"https:\/\/schema.org","@graph":[]}},"jetpack_sharing_enabled":true,"_links":{"self":[{"href":"https:\/\/hand2noteguide.com\/fr\/wp-json\/wp\/v2\/pages\/6879","targetHints":{"allow":["GET"]}}],"collection":[{"href":"https:\/\/hand2noteguide.com\/fr\/wp-json\/wp\/v2\/pages"}],"about":[{"href":"https:\/\/hand2noteguide.com\/fr\/wp-json\/wp\/v2\/types\/page"}],"author":[{"embeddable":true,"href":"https:\/\/hand2noteguide.com\/fr\/wp-json\/wp\/v2\/users\/1"}],"replies":[{"embeddable":true,"href":"https:\/\/hand2noteguide.com\/fr\/wp-json\/wp\/v2\/comments?post=6879"}],"version-history":[{"count":84,"href":"https:\/\/hand2noteguide.com\/fr\/wp-json\/wp\/v2\/pages\/6879\/revisions"}],"predecessor-version":[{"id":13434,"href":"https:\/\/hand2noteguide.com\/fr\/wp-json\/wp\/v2\/pages\/6879\/revisions\/13434"}],"wp:featuredmedia":[{"embeddable":true,"href":"https:\/\/hand2noteguide.com\/fr\/wp-json\/wp\/v2\/media\/10163"}],"wp:attachment":[{"href":"https:\/\/hand2noteguide.com\/fr\/wp-json\/wp\/v2\/media?parent=6879"}],"curies":[{"name":"wp","href":"https:\/\/api.w.org\/{rel}","templated":true}]}}