{"id":700,"date":"2019-05-20T23:55:24","date_gmt":"2019-05-20T20:55:24","guid":{"rendered":"https:\/\/h2n312.wordpress.com\/?page_id=700"},"modified":"2025-06-04T17:48:11","modified_gmt":"2025-06-04T14:48:11","slug":"trial","status":"publish","type":"page","link":"https:\/\/hand2noteguide.com\/fr\/trial\/","title":{"rendered":"Essai gratuit"},"content":{"rendered":"<p>La p\u00e9riode d&#8217;essai gratuite de 30 jours pour les salles europ\u00e9ennes et am\u00e9ricaines est activ\u00e9e automatiquement d\u00e8s le premier lancement de Hand2Note. Un essai s\u00e9par\u00e9 de 14 jours pour les <a href=\"https:\/\/hand2noteguide.com\/fr\/asian\/\">salles asiatiques<\/a> est \u00e9galement activ\u00e9 automatiquement lorsque vous d\u00e9marrez l&#8217;\u00e9mulateur pour la premi\u00e8re fois.<\/p>\n<p><img loading=\"lazy\" decoding=\"async\" class=\"alignnone size-full wp-image-1611\" src=\"https:\/\/hand2noteguide.com\/wp-content\/uploads\/2019\/07\/hand2note-trial.png\" alt=\"hand2note trial\" width=\"423\" height=\"92\" srcset=\"https:\/\/hand2noteguide.com\/wp-content\/uploads\/2019\/07\/hand2note-trial.png 423w, https:\/\/hand2noteguide.com\/wp-content\/uploads\/2019\/07\/hand2note-trial-300x65.png 300w\" sizes=\"auto, (max-width: 423px) 100vw, 423px\" \/><\/p>\n<p>Pendant la p\u00e9riode d&#8217;essai, vous pouvez utiliser toutes les fonctionnalit\u00e9s du programme (sauf pour&nbsp;<a href=\"https:\/\/hand2noteguide.com\/fr\/guide\/range-research\/\">Range Research<\/a>&nbsp;et&nbsp;<a href=\"https:\/\/hand2noteguide.com\/fr\/guide\/decision-analysis\/\">Decision Analysis<\/a>) pour jouer \u00e0 n&#8217;importe quelle mise gratuitement.<\/p>\n<p>Si vous souhaitez essayer Hand2Note dans l&#8217;une des applications chinoises, mais que l&#8217;activation de l&#8217;essai ne fonctionne pas pour une raison quelconque, <a href=\"https:\/\/hand2noteguide.com\/fr\/contact-us\/\">contactez-nous<\/a>, nous vous fournirons 3 jours gratuits d&#8217;abonnement PRO pour que vous puissiez tester le logiciel.<\/p>\n<p>Si l&#8217;essai est termin\u00e9, vous pouvez soit continuer \u00e0 utiliser Hand2Note en mode gratuit, soit acheter un abonnement. Consultez <a href=\"https:\/\/hand2noteguide.com\/fr\/guide\/choose-subscription\/\">quelle option d&#8217;abonnement vous convient<\/a>.<\/p>\n","protected":false},"excerpt":{"rendered":"<p>La p\u00e9riode d&#8217;essai gratuite de 30 jours pour les salles europ\u00e9ennes et am\u00e9ricaines est activ\u00e9e automatiquement d\u00e8s le premier lancement de Hand2Note. Un essai s\u00e9par\u00e9 de 14 jours pour les salles asiatiques est \u00e9galement activ\u00e9 automatiquement lorsque vous d\u00e9marrez l&#8217;\u00e9mulateur pour la premi\u00e8re fois. Pendant la p\u00e9riode d&#8217;essai, vous pouvez utiliser toutes les fonctionnalit\u00e9s du &hellip; <a href=\"https:\/\/hand2noteguide.com\/fr\/trial\/\" class=\"more-link\">Continue reading <span class=\"screen-reader-text\">Essai gratuit<\/span><\/a><\/p>\n","protected":false},"author":1,"featured_media":0,"parent":0,"menu_order":0,"comment_status":"closed","ping_status":"closed","template":"page-templates\/full-width-page.php","meta":{"footnotes":""},"class_list":["post-700","page","type-page","status-publish","hentry"],"translation":{"provider":"WPGlobus","version":"3.0.2","language":"fr","enabled_languages":["en","ru","pt","zh","es","fr","de","it","ja"],"languages":{"en":{"title":true,"content":true,"excerpt":false},"ru":{"title":true,"content":true,"excerpt":false},"pt":{"title":true,"content":true,"excerpt":false},"zh":{"title":true,"content":true,"excerpt":false},"es":{"title":true,"content":true,"excerpt":false},"fr":{"title":true,"content":true,"excerpt":false},"de":{"title":true,"content":true,"excerpt":false},"it":{"title":true,"content":true,"excerpt":false},"ja":{"title":true,"content":true,"excerpt":false}}},"yoast_head":"<!-- This site is optimized with the Yoast SEO plugin v27.0 - https:\/\/yoast.com\/product\/yoast-seo-wordpress\/ -->\n<title>Essayez Hand2Note 3 : P\u00e9riode d&#039;essai gratuite<\/title>\n<meta name=\"description\" content=\"L&#039;essai de Hand2Note devrait \u00eatre activ\u00e9 automatiquement apr\u00e8s le premier lancement. Si cela ne fonctionne pas, contactez-nous, nous vous fournirons 3 jours d&#039;abonnement gratuitement.\" \/>\n<meta name=\"robots\" content=\"index, follow, max-snippet:-1, max-image-preview:large, max-video-preview:-1\" \/>\n<link rel=\"canonical\" href=\"https:\/\/hand2noteguide.com\/trial\/\" \/>\n<meta property=\"og:locale\" content=\"fr_FR\" \/>\n<meta property=\"og:type\" content=\"article\" \/>\n<meta property=\"og:title\" content=\"Essayez Hand2Note 3 : P\u00e9riode d&#039;essai gratuite\" \/>\n<meta property=\"og:description\" content=\"L&#039;essai de Hand2Note devrait \u00eatre activ\u00e9 automatiquement apr\u00e8s le premier lancement. Si cela ne fonctionne pas, contactez-nous, nous vous fournirons 3 jours d&#039;abonnement gratuitement.\" \/>\n<meta property=\"og:url\" content=\"https:\/\/hand2noteguide.com\/trial\/\" \/>\n<meta property=\"og:site_name\" content=\"Hand2Note Guide\" \/>\n<meta property=\"article:modified_time\" content=\"2025-06-04T14:48:11+00:00\" \/>\n<meta property=\"og:image\" content=\"https:\/\/hand2noteguide.com\/wp-content\/uploads\/2019\/07\/hand2note-trial.png\" \/>\n<meta name=\"twitter:card\" content=\"summary_large_image\" \/>\n<meta name=\"twitter:label1\" content=\"Est. reading time\" \/>\n\t<meta name=\"twitter:data1\" content=\"4 minutes\" \/>\n<!-- \/ Yoast SEO plugin. -->","yoast_head_json":{"title":"Essayez Hand2Note 3 : P\u00e9riode d'essai gratuite","description":"L'essai de Hand2Note devrait \u00eatre activ\u00e9 automatiquement apr\u00e8s le premier lancement. Si cela ne fonctionne pas, contactez-nous, nous vous fournirons 3 jours d'abonnement gratuitement.","robots":{"index":"index","follow":"follow","max-snippet":"max-snippet:-1","max-image-preview":"max-image-preview:large","max-video-preview":"max-video-preview:-1"},"canonical":"https:\/\/hand2noteguide.com\/trial\/","og_locale":"fr_FR","og_type":"article","og_title":"Essayez Hand2Note 3 : P\u00e9riode d'essai gratuite","og_description":"L'essai de Hand2Note devrait \u00eatre activ\u00e9 automatiquement apr\u00e8s le premier lancement. Si cela ne fonctionne pas, contactez-nous, nous vous fournirons 3 jours d'abonnement gratuitement.","og_url":"https:\/\/hand2noteguide.com\/trial\/","og_site_name":"Hand2Note Guide","article_modified_time":"2025-06-04T14:48:11+00:00","og_image":[{"url":"https:\/\/hand2noteguide.com\/wp-content\/uploads\/2019\/07\/hand2note-trial.png","type":"","width":"","height":""}],"twitter_card":"summary_large_image","twitter_misc":{"Est. reading time":"4 minutes"},"schema":{"@context":"https:\/\/schema.org","@graph":[]}},"jetpack_sharing_enabled":false,"_links":{"self":[{"href":"https:\/\/hand2noteguide.com\/fr\/wp-json\/wp\/v2\/pages\/700","targetHints":{"allow":["GET"]}}],"collection":[{"href":"https:\/\/hand2noteguide.com\/fr\/wp-json\/wp\/v2\/pages"}],"about":[{"href":"https:\/\/hand2noteguide.com\/fr\/wp-json\/wp\/v2\/types\/page"}],"author":[{"embeddable":true,"href":"https:\/\/hand2noteguide.com\/fr\/wp-json\/wp\/v2\/users\/1"}],"replies":[{"embeddable":true,"href":"https:\/\/hand2noteguide.com\/fr\/wp-json\/wp\/v2\/comments?post=700"}],"version-history":[{"count":24,"href":"https:\/\/hand2noteguide.com\/fr\/wp-json\/wp\/v2\/pages\/700\/revisions"}],"predecessor-version":[{"id":13517,"href":"https:\/\/hand2noteguide.com\/fr\/wp-json\/wp\/v2\/pages\/700\/revisions\/13517"}],"wp:attachment":[{"href":"https:\/\/hand2noteguide.com\/fr\/wp-json\/wp\/v2\/media?parent=700"}],"curies":[{"name":"wp","href":"https:\/\/api.w.org\/{rel}","templated":true}]}}