{"id":708,"date":"2019-05-21T00:06:10","date_gmt":"2019-05-20T21:06:10","guid":{"rendered":"https:\/\/h2n312.wordpress.com\/?page_id=708"},"modified":"2025-06-04T17:47:23","modified_gmt":"2025-06-04T14:47:23","slug":"choose-subscription","status":"publish","type":"page","link":"https:\/\/hand2noteguide.com\/fr\/guide\/choose-subscription\/","title":{"rendered":"Quel plan d&#8217;abonnement me convient ?"},"content":{"rendered":"<p>Le choix de l&#8217;abonnement d\u00e9pend de la salle, des enjeux jou\u00e9s et des fonctionnalit\u00e9s souhait\u00e9es.<\/p>\n<p><img loading=\"lazy\" decoding=\"async\" class=\"alignnone size-full wp-image-1488\" src=\"https:\/\/hand2noteguide.com\/wp-content\/uploads\/2019\/07\/hand2note-subscriptions.png\" alt=\"hand2note subscriptions\" width=\"486\" height=\"104\" srcset=\"https:\/\/hand2noteguide.com\/wp-content\/uploads\/2019\/07\/hand2note-subscriptions.png 486w, https:\/\/hand2noteguide.com\/wp-content\/uploads\/2019\/07\/hand2note-subscriptions-300x64.png 300w\" sizes=\"auto, (max-width: 486px) 100vw, 486px\" \/><\/p>\n<h3>Salles europ\u00e9ennes et am\u00e9ricaines<\/h3>\n<p>Hand2Note est totalement gratuit pour les enjeux jusqu&#8217;\u00e0 NL25 et les tournois avec des buy-ins jusqu&#8217;\u00e0 9 $. Dans ce cas, vous n&#8217;avez pas besoin d&#8217;abonnement. Lorsque la <a href=\"https:\/\/hand2noteguide.com\/fr\/trial\/\">p\u00e9riode d&#8217;essai<\/a> se termine, le programme passe simplement en mode gratuit, vous n&#8217;avez rien \u00e0 faire.<\/p>\n<p>Si vous jouez des enjeux sup\u00e9rieurs \u00e0 NL25, vous pouvez acheter un abonnement ici : <a href=\"http:\/\/www.hand2note.com\/Purchase\" target=\"_blank\" rel=\"noopener noreferrer\">http:\/\/www.hand2note.com\/Purchase<\/a>. Utilisez le code promo GUIDE10 pour obtenir une r\u00e9duction de 10 % et <a href=\"https:\/\/hand2noteguide.com\/fr\/promo\/\">d&#8217;autres bonus<\/a>.<\/p>\n<p>Vous pouvez choisir la meilleure option pour vos enjeux. Notez que les fonctions <a href=\"https:\/\/hand2noteguide.com\/fr\/guide\/range-research\/\">Range Research<\/a> et <a href=\"https:\/\/hand2noteguide.com\/fr\/guide\/decision-analysis\/\">Decision Analysis<\/a> ne sont disponibles que sur la version EDGE. Par cons\u00e9quent, m\u00eame si vous jouez \u00e0 de faibles enjeux, mais souhaitez utiliser ces fonctions, vous devez acheter EDGE.<\/p>\n<h3>Salles asiatiques<\/h3>\n<p>Il n&#8217;existe pas de version gratuite de Hand2Note pour les <a href=\"https:\/\/hand2noteguide.com\/fr\/asian\/\">applications chinoises<\/a>. Apr\u00e8s la fin de la <a href=\"https:\/\/hand2noteguide.com\/fr\/trial\/\">p\u00e9riode d&#8217;essai<\/a>, vous devez acheter un abonnement sp\u00e9cial pour continuer \u00e0 utiliser le programme : <a href=\"http:\/\/www.hand2note.com\/Purchase#poker-master-subscription\" target=\"_blank\" rel=\"noopener noreferrer\">http:\/\/www.hand2note.com\/Purchase#poker-master-subscription<\/a>. Utilisez le code promo GUIDE10 lors de l&#8217;achat pour obtenir une r\u00e9duction de 10 % et <a href=\"https:\/\/hand2noteguide.com\/fr\/promo\/\">d&#8217;autres avantages<\/a>.<\/p>\n<p>Veuillez noter que le HUD positionnel et dynamique ne fonctionne pas sur la version STANDARD, et il n&#8217;est pas possible de capturer les mains en mode observateur (vous devez vous asseoir \u00e0 la table pour que les mains puissent \u00eatre collect\u00e9es). Ces fonctionnalit\u00e9s ne sont disponibles que sur la version HYPER.<\/p>\n<p>Si vous jouez uniquement dans des salles asiatiques, vous n&#8217;avez pas besoin d&#8217;un abonnement r\u00e9gulier. Cependant, si vous souhaitez utiliser <a href=\"https:\/\/hand2noteguide.com\/fr\/guide\/range-research\/\">Range Research<\/a> ou <a href=\"https:\/\/hand2noteguide.com\/fr\/guide\/decision-analysis\/\">Decision Analysis<\/a>, vous devez acheter en plus la version EDGE.<\/p>\n","protected":false},"excerpt":{"rendered":"<p>Le choix de l&#8217;abonnement d\u00e9pend de la salle, des enjeux jou\u00e9s et des fonctionnalit\u00e9s souhait\u00e9es. Salles europ\u00e9ennes et am\u00e9ricaines Hand2Note est totalement gratuit pour les enjeux jusqu&#8217;\u00e0 NL25 et les tournois avec des buy-ins jusqu&#8217;\u00e0 9 $. Dans ce cas, vous n&#8217;avez pas besoin d&#8217;abonnement. Lorsque la p\u00e9riode d&#8217;essai se termine, le programme passe simplement &hellip; <a href=\"https:\/\/hand2noteguide.com\/fr\/guide\/choose-subscription\/\" class=\"more-link\">Continue reading <span class=\"screen-reader-text\">Quel plan d&#8217;abonnement me convient ?<\/span><\/a><\/p>\n","protected":false},"author":1,"featured_media":0,"parent":74,"menu_order":0,"comment_status":"closed","ping_status":"closed","template":"page-templates\/full-width-page.php","meta":{"footnotes":""},"class_list":["post-708","page","type-page","status-publish","hentry"],"translation":{"provider":"WPGlobus","version":"3.0.2","language":"fr","enabled_languages":["en","ru","pt","zh","es","fr","de","it","ja"],"languages":{"en":{"title":true,"content":true,"excerpt":false},"ru":{"title":true,"content":true,"excerpt":false},"pt":{"title":true,"content":true,"excerpt":false},"zh":{"title":true,"content":true,"excerpt":false},"es":{"title":true,"content":true,"excerpt":false},"fr":{"title":true,"content":true,"excerpt":false},"de":{"title":true,"content":true,"excerpt":false},"it":{"title":true,"content":true,"excerpt":false},"ja":{"title":true,"content":true,"excerpt":false}}},"yoast_head":"<!-- This site is optimized with the Yoast SEO plugin v27.0 - https:\/\/yoast.com\/product\/yoast-seo-wordpress\/ -->\n<title>Choisir le bon plan d&#039;abonnement Hand2Note<\/title>\n<meta name=\"description\" content=\"D\u00e9couvrez quel abonnement Hand2Note correspond \u00e0 vos besoins en poker. Comparez les fonctionnalit\u00e9s pour les salles europ\u00e9ennes, am\u00e9ricaines et asiatiques afin d&#039;am\u00e9liorer votre jeu.\" \/>\n<meta name=\"robots\" content=\"index, follow, max-snippet:-1, max-image-preview:large, max-video-preview:-1\" \/>\n<link rel=\"canonical\" href=\"https:\/\/hand2noteguide.com\/it\/guide\/choose-subscription\/\" \/>\n<meta property=\"og:locale\" content=\"fr_FR\" \/>\n<meta property=\"og:type\" content=\"article\" \/>\n<meta property=\"og:title\" content=\"Choisir le bon plan d&#039;abonnement Hand2Note\" \/>\n<meta property=\"og:description\" content=\"D\u00e9couvrez quel abonnement Hand2Note correspond \u00e0 vos besoins en poker. Comparez les fonctionnalit\u00e9s pour les salles europ\u00e9ennes, am\u00e9ricaines et asiatiques afin d&#039;am\u00e9liorer votre jeu.\" \/>\n<meta property=\"og:url\" content=\"https:\/\/hand2noteguide.com\/it\/guide\/choose-subscription\/\" \/>\n<meta property=\"og:site_name\" content=\"Hand2Note Guide\" \/>\n<meta property=\"article:modified_time\" content=\"2025-06-04T14:47:23+00:00\" \/>\n<meta property=\"og:image\" content=\"https:\/\/hand2noteguide.com\/wp-content\/uploads\/2019\/07\/hand2note-subscriptions.png\" \/>\n<meta name=\"twitter:card\" content=\"summary_large_image\" \/>\n<meta name=\"twitter:label1\" content=\"Est. reading time\" \/>\n\t<meta name=\"twitter:data1\" content=\"9 minutes\" \/>\n<!-- \/ Yoast SEO plugin. -->","yoast_head_json":{"title":"Choisir le bon plan d'abonnement Hand2Note","description":"D\u00e9couvrez quel abonnement Hand2Note correspond \u00e0 vos besoins en poker. Comparez les fonctionnalit\u00e9s pour les salles europ\u00e9ennes, am\u00e9ricaines et asiatiques afin d'am\u00e9liorer votre jeu.","robots":{"index":"index","follow":"follow","max-snippet":"max-snippet:-1","max-image-preview":"max-image-preview:large","max-video-preview":"max-video-preview:-1"},"canonical":"https:\/\/hand2noteguide.com\/it\/guide\/choose-subscription\/","og_locale":"fr_FR","og_type":"article","og_title":"Choisir le bon plan d'abonnement Hand2Note","og_description":"D\u00e9couvrez quel abonnement Hand2Note correspond \u00e0 vos besoins en poker. Comparez les fonctionnalit\u00e9s pour les salles europ\u00e9ennes, am\u00e9ricaines et asiatiques afin d'am\u00e9liorer votre jeu.","og_url":"https:\/\/hand2noteguide.com\/it\/guide\/choose-subscription\/","og_site_name":"Hand2Note Guide","article_modified_time":"2025-06-04T14:47:23+00:00","og_image":[{"url":"https:\/\/hand2noteguide.com\/wp-content\/uploads\/2019\/07\/hand2note-subscriptions.png","type":"","width":"","height":""}],"twitter_card":"summary_large_image","twitter_misc":{"Est. reading time":"9 minutes"},"schema":{"@context":"https:\/\/schema.org","@graph":[]}},"jetpack_sharing_enabled":false,"_links":{"self":[{"href":"https:\/\/hand2noteguide.com\/fr\/wp-json\/wp\/v2\/pages\/708","targetHints":{"allow":["GET"]}}],"collection":[{"href":"https:\/\/hand2noteguide.com\/fr\/wp-json\/wp\/v2\/pages"}],"about":[{"href":"https:\/\/hand2noteguide.com\/fr\/wp-json\/wp\/v2\/types\/page"}],"author":[{"embeddable":true,"href":"https:\/\/hand2noteguide.com\/fr\/wp-json\/wp\/v2\/users\/1"}],"replies":[{"embeddable":true,"href":"https:\/\/hand2noteguide.com\/fr\/wp-json\/wp\/v2\/comments?post=708"}],"version-history":[{"count":18,"href":"https:\/\/hand2noteguide.com\/fr\/wp-json\/wp\/v2\/pages\/708\/revisions"}],"predecessor-version":[{"id":13516,"href":"https:\/\/hand2noteguide.com\/fr\/wp-json\/wp\/v2\/pages\/708\/revisions\/13516"}],"up":[{"embeddable":true,"href":"https:\/\/hand2noteguide.com\/fr\/wp-json\/wp\/v2\/pages\/74"}],"wp:attachment":[{"href":"https:\/\/hand2noteguide.com\/fr\/wp-json\/wp\/v2\/media?parent=708"}],"curies":[{"name":"wp","href":"https:\/\/api.w.org\/{rel}","templated":true}]}}