{"id":71,"date":"2018-07-30T00:35:21","date_gmt":"2018-07-29T21:35:21","guid":{"rendered":"https:\/\/h2n312.wordpress.com\/?page_id=71"},"modified":"2025-06-04T19:22:41","modified_gmt":"2025-06-04T16:22:41","slug":"asian","status":"publish","type":"page","link":"https:\/\/hand2noteguide.com\/fr\/asian\/","title":{"rendered":"Le Meilleur HUD de Poker pour les Applications Asiatiques"},"content":{"rendered":"\n<p>Les applications mobiles chinoises sont une nouvelle tendance dans le poker en ligne. Le tr\u00e8s faible niveau des joueurs et la disponibilit\u00e9 constante du jeu \u00e0 toutes les mises attirent de plus en plus de r\u00e9guliers des salles europ\u00e9ennes. Le jeu en Chine est plus rapide, plus l\u00e2che et plus dispersif, mais les taux de gain des joueurs r\u00e9guliers sont beaucoup plus \u00e9lev\u00e9s.<\/p>\n\n\n\n<div class=\"wp-block-buttons h2n-buttons-block\">\n<div class=\"wp-block-button\"><a class=\"wp-block-button__link has-text-color has-background\" href=\"https:\/\/hand2note.com\/fr\/\" style=\"background-color:#2abb68;color:#ffffff\" target=\"_blank\" rel=\"noreferrer noopener\"><span style=\"font-size:22px\">Obtenez Hand2Note Asia HUD<\/span><br><span style=\"font-size:12px;font-weight:normal\">PokerBros, PPPoker, RedDragon et bien d&#8217;autres applications<\/span><\/a><\/div>\n<\/div>\n\n\n\n<div class=\"green-block\"><p style=\"margin-bottom:0\">Si vous souhaitez commencer \u00e0 utiliser Hand2Note, jetez un \u0153il \u00e0 notre offre <a href=\"https:\/\/hand2noteguide.com\/fr\/starter-pack\/\">Hand2Note starter pack<\/a>. Elle contient une licence PRO annuelle, un HUD avanc\u00e9, un cours vid\u00e9o complet et un support personnel.<\/p><\/div>\n\n\n\n<p>\u00c9videmment, vous pouvez utiliser votre t\u00e9l\u00e9phone pour jouer dans ces applications. Mais il est \u00e9galement possible d&#8217;utiliser un logiciel \u00e9mulateur Android sp\u00e9cial pour jouer sur un PC. Vous pouvez utiliser le HUD Hand2Note sur les \u00e9mulateurs de la m\u00eame mani\u00e8re que vous le faites sur les tables r\u00e9guli\u00e8res dans les salles classiques.<\/p>\n\n\n\n<figure class=\"wp-block-image\"><img loading=\"lazy\" decoding=\"async\" width=\"1024\" height=\"682\" src=\"https:\/\/hand2noteguide.com\/wp-content\/uploads\/2020\/03\/hand2note-pokermaster-1024x682.png\" alt=\"hand2note pokermaster\" class=\"wp-image-2029\" srcset=\"https:\/\/hand2noteguide.com\/wp-content\/uploads\/2020\/03\/hand2note-pokermaster-1024x682.png 1024w, https:\/\/hand2noteguide.com\/wp-content\/uploads\/2020\/03\/hand2note-pokermaster-300x200.png 300w, https:\/\/hand2noteguide.com\/wp-content\/uploads\/2020\/03\/hand2note-pokermaster-768x511.png 768w, https:\/\/hand2noteguide.com\/wp-content\/uploads\/2020\/03\/hand2note-pokermaster-772x514.png 772w, https:\/\/hand2noteguide.com\/wp-content\/uploads\/2020\/03\/hand2note-pokermaster-624x416.png 624w, https:\/\/hand2noteguide.com\/wp-content\/uploads\/2020\/03\/hand2note-pokermaster.png 1389w\" sizes=\"auto, (max-width: 1024px) 100vw, 1024px\" \/><figcaption class=\"wp-element-caption\">Jouez dans les applications asiatiques avec le HUD Hand2Note<\/figcaption><\/figure>\n\n\n\n<p>L&#8217;inscription dans les salles chinoises n&#8217;est disponible que par l&#8217;interm\u00e9diaire d&#8217;affili\u00e9s sp\u00e9ciaux. <a href=\"https:\/\/hand2noteguide.com\/fr\/contact-us\/\">Contactez-nous<\/a> pour plus d&#8217;informations.<\/p>\n\n\n\n<h2 class=\"wp-block-heading\">Quelles applications sont prises en charge ?<\/h2>\n\n\n\n<p>La liste peut \u00eatre mise \u00e0 jour avec de nouvelles salles ou temporairement r\u00e9duite en raison des mises \u00e0 jour de certaines applications. Vous pouvez toujours v\u00e9rifier les informations actuelles sur votre salle avec le <a href=\"https:\/\/hand2noteguide.com\/fr\/hand2note-official-support\/\">service de support<\/a>.<\/p>\n\n\n\n<ul class=\"wp-block-list\">\n<li>PokerKing<\/li>\n\n\n\n<li><a href=\"https:\/\/hand2noteguide.com\/fr\/pokerbros-hud\/\">PokerBros<\/a><\/li>\n\n\n\n<li>Molly\u2019s Game (ex. PokerKingdom)<\/li>\n\n\n\n<li><a href=\"https:\/\/hand2noteguide.com\/fr\/pppoker-hud\/\">PPPoker<\/a><\/li>\n\n\n\n<li>KKpoker<\/li>\n\n\n\n<li><a href=\"https:\/\/hand2noteguide.com\/fr\/coinpoker-hud\/\">CoinPoker<\/a><\/li>\n\n\n\n<li>PokerCommunity<\/li>\n\n\n\n<li>FishPoker<\/li>\n\n\n\n<li>Tribal Pioneer (ex. PokerClans)<\/li>\n\n\n\n<li>RedDragon<\/li>\n\n\n\n<li>RealPoker (ex. 1pokerstars)<\/li>\n\n\n\n<li>AllinPoker<\/li>\n\n\n\n<li>Bingo (ex. HiTea)<\/li>\n\n\n\n<li>UPoker<\/li>\n\n\n\n<li>WePoker<\/li>\n\n\n\n<li>PokerTime<\/li>\n<\/ul>\n\n\n\n<figure class=\"wp-block-image size-large\"><img loading=\"lazy\" decoding=\"async\" width=\"416\" height=\"765\" src=\"https:\/\/hand2noteguide.com\/wp-content\/uploads\/2020\/07\/pokerbros.png\" alt=\"\" class=\"wp-image-2923\" srcset=\"https:\/\/hand2noteguide.com\/wp-content\/uploads\/2020\/07\/pokerbros.png 416w, https:\/\/hand2noteguide.com\/wp-content\/uploads\/2020\/07\/pokerbros-163x300.png 163w, https:\/\/hand2noteguide.com\/wp-content\/uploads\/2020\/07\/pokerbros-339x624.png 339w\" sizes=\"auto, (max-width: 416px) 100vw, 416px\" \/><figcaption class=\"wp-element-caption\">Vous pouvez utiliser le <a href=\"https:\/\/hand2noteguide.com\/fr\/pokerbros-hud\/\">HUD sur PokerBros<\/a> et d&#8217;autres applications prises en charge<\/figcaption><\/figure>\n\n\n\n<h2 class=\"wp-block-heading\">Comment tout configurer ?<\/h2>\n\n\n\n<p><a href=\"https:\/\/hand2noteguide.com\/fr\/basic-setup\/\">Commencer avec Hand2Note<\/a> dans les applications chinoises est tr\u00e8s facile. Il vous suffit de lancer Hand2Note et la table de poker dans l&#8217;une des salles prises en charge en m\u00eame temps. Le HUD appara\u00eetra automatiquement, et les mains commenceront \u00e0 \u00eatre enregistr\u00e9es dans la base de donn\u00e9es. Si n\u00e9cessaire, vous pouvez ex\u00e9cuter plusieurs \u00e9mulateurs. Hand2Note affichera le HUD sur toutes les tables en cours d&#8217;ex\u00e9cution.<\/p>\n\n\n\n<p>Par d\u00e9faut, Hand2Note affiche un HUD standard, compos\u00e9 des statistiques les plus simples &#8211; VPIP, PFR et le nombre de mains. Si cela ne vous suffit pas, vous pouvez <a href=\"https:\/\/hand2noteguide.com\/fr\/hand2note-hud\/\">cr\u00e9er ou acheter un HUD et des popups plus complexes<\/a>.<\/p>\n\n\n\n<figure class=\"wp-block-image size-large\"><img loading=\"lazy\" decoding=\"async\" width=\"1024\" height=\"660\" src=\"https:\/\/hand2noteguide.com\/wp-content\/uploads\/2020\/07\/hand2note-asian-hud-1024x660.png\" alt=\"\" class=\"wp-image-3285\" srcset=\"https:\/\/hand2noteguide.com\/wp-content\/uploads\/2020\/07\/hand2note-asian-hud-1024x660.png 1024w, https:\/\/hand2noteguide.com\/wp-content\/uploads\/2020\/07\/hand2note-asian-hud-300x193.png 300w, https:\/\/hand2noteguide.com\/wp-content\/uploads\/2020\/07\/hand2note-asian-hud-768x495.png 768w, https:\/\/hand2noteguide.com\/wp-content\/uploads\/2020\/07\/hand2note-asian-hud-772x498.png 772w, https:\/\/hand2noteguide.com\/wp-content\/uploads\/2020\/07\/hand2note-asian-hud-624x402.png 624w, https:\/\/hand2noteguide.com\/wp-content\/uploads\/2020\/07\/hand2note-asian-hud.png 1027w\" sizes=\"auto, (max-width: 1024px) 100vw, 1024px\" \/><figcaption class=\"wp-element-caption\">Exemple de popup avanc\u00e9. Ceci fait partie du package <a href=\"https:\/\/hand2noteguide.com\/fr\/hud-store\/#package_venom_straddle\">Venom Straddle<\/a> de notre boutique.<\/figcaption><\/figure>\n","protected":false},"excerpt":{"rendered":"<p>Instructions for using Hand2Note in Chinese applications, resolving issues with the lack of HUD at the tables<\/p>\n","protected":false},"author":1,"featured_media":0,"parent":0,"menu_order":3,"comment_status":"closed","ping_status":"closed","template":"page-templates\/full-width-page.php","meta":{"footnotes":""},"class_list":["post-71","page","type-page","status-publish","hentry"],"translation":{"provider":"WPGlobus","version":"3.0.2","language":"fr","enabled_languages":["en","ru","pt","zh","es","fr","de","it","ja"],"languages":{"en":{"title":true,"content":true,"excerpt":true},"ru":{"title":true,"content":true,"excerpt":true},"pt":{"title":true,"content":true,"excerpt":false},"zh":{"title":true,"content":true,"excerpt":true},"es":{"title":true,"content":true,"excerpt":false},"fr":{"title":true,"content":true,"excerpt":false},"de":{"title":true,"content":true,"excerpt":false},"it":{"title":true,"content":true,"excerpt":false},"ja":{"title":true,"content":true,"excerpt":false}}},"yoast_head":"<!-- This site is optimized with the Yoast SEO plugin v27.0 - https:\/\/yoast.com\/product\/yoast-seo-wordpress\/ -->\n<title>Le Meilleur HUD de Poker pour Applications Mobiles (PPPoker, PokerBros, CoinPoker, ...)<\/title>\n<meta name=\"description\" content=\"Jouez dans les applications asiatiques avec Hand2Note - le meilleur logiciel de suivi de poker sur le march\u00e9. Utilisez un HUD avanc\u00e9 et pr\u00e9cis ainsi que d&#039;autres fonctionnalit\u00e9s.\" \/>\n<meta name=\"robots\" content=\"index, follow, max-snippet:-1, max-image-preview:large, max-video-preview:-1\" \/>\n<link rel=\"canonical\" href=\"https:\/\/hand2noteguide.com\/asian\/\" \/>\n<meta property=\"og:locale\" content=\"fr_FR\" \/>\n<meta property=\"og:type\" content=\"article\" \/>\n<meta property=\"og:title\" content=\"Le Meilleur HUD de Poker pour Applications Mobiles (PPPoker, PokerBros, CoinPoker, ...)\" \/>\n<meta property=\"og:description\" content=\"Jouez dans les applications asiatiques avec Hand2Note - le meilleur logiciel de suivi de poker sur le march\u00e9. Utilisez un HUD avanc\u00e9 et pr\u00e9cis ainsi que d&#039;autres fonctionnalit\u00e9s.\" \/>\n<meta property=\"og:url\" content=\"https:\/\/hand2noteguide.com\/asian\/\" \/>\n<meta property=\"og:site_name\" content=\"Hand2Note Guide\" \/>\n<meta property=\"article:modified_time\" content=\"2025-06-04T16:22:41+00:00\" \/>\n<meta property=\"og:image\" content=\"https:\/\/hand2noteguide.com\/wp-content\/uploads\/2020\/03\/hand2note-pokermaster-1024x682.png\" \/>\n<meta name=\"twitter:card\" content=\"summary_large_image\" \/>\n<meta name=\"twitter:label1\" content=\"Est. reading time\" \/>\n\t<meta name=\"twitter:data1\" content=\"13 minutes\" \/>\n<!-- \/ Yoast SEO plugin. -->","yoast_head_json":{"title":"Le Meilleur HUD de Poker pour Applications Mobiles (PPPoker, PokerBros, CoinPoker, ...)","description":"Jouez dans les applications asiatiques avec Hand2Note - le meilleur logiciel de suivi de poker sur le march\u00e9. Utilisez un HUD avanc\u00e9 et pr\u00e9cis ainsi que d'autres fonctionnalit\u00e9s.","robots":{"index":"index","follow":"follow","max-snippet":"max-snippet:-1","max-image-preview":"max-image-preview:large","max-video-preview":"max-video-preview:-1"},"canonical":"https:\/\/hand2noteguide.com\/asian\/","og_locale":"fr_FR","og_type":"article","og_title":"Le Meilleur HUD de Poker pour Applications Mobiles (PPPoker, PokerBros, CoinPoker, ...)","og_description":"Jouez dans les applications asiatiques avec Hand2Note - le meilleur logiciel de suivi de poker sur le march\u00e9. Utilisez un HUD avanc\u00e9 et pr\u00e9cis ainsi que d'autres fonctionnalit\u00e9s.","og_url":"https:\/\/hand2noteguide.com\/asian\/","og_site_name":"Hand2Note Guide","article_modified_time":"2025-06-04T16:22:41+00:00","og_image":[{"url":"https:\/\/hand2noteguide.com\/wp-content\/uploads\/2020\/03\/hand2note-pokermaster-1024x682.png","type":"","width":"","height":""}],"twitter_card":"summary_large_image","twitter_misc":{"Est. reading time":"13 minutes"},"schema":{"@context":"https:\/\/schema.org","@graph":[]}},"jetpack_sharing_enabled":false,"_links":{"self":[{"href":"https:\/\/hand2noteguide.com\/fr\/wp-json\/wp\/v2\/pages\/71","targetHints":{"allow":["GET"]}}],"collection":[{"href":"https:\/\/hand2noteguide.com\/fr\/wp-json\/wp\/v2\/pages"}],"about":[{"href":"https:\/\/hand2noteguide.com\/fr\/wp-json\/wp\/v2\/types\/page"}],"author":[{"embeddable":true,"href":"https:\/\/hand2noteguide.com\/fr\/wp-json\/wp\/v2\/users\/1"}],"replies":[{"embeddable":true,"href":"https:\/\/hand2noteguide.com\/fr\/wp-json\/wp\/v2\/comments?post=71"}],"version-history":[{"count":71,"href":"https:\/\/hand2noteguide.com\/fr\/wp-json\/wp\/v2\/pages\/71\/revisions"}],"predecessor-version":[{"id":13562,"href":"https:\/\/hand2noteguide.com\/fr\/wp-json\/wp\/v2\/pages\/71\/revisions\/13562"}],"wp:attachment":[{"href":"https:\/\/hand2noteguide.com\/fr\/wp-json\/wp\/v2\/media?parent=71"}],"curies":[{"name":"wp","href":"https:\/\/api.w.org\/{rel}","templated":true}]}}