{"id":7322,"date":"2024-07-02T21:28:26","date_gmt":"2024-07-02T18:28:26","guid":{"rendered":"https:\/\/hand2noteguide.com\/?page_id=7322"},"modified":"2026-03-11T20:16:29","modified_gmt":"2026-03-11T17:16:29","slug":"3bet-in-poker","status":"publish","type":"page","link":"https:\/\/hand2noteguide.com\/fr\/poker\/poker-hud-stats\/3bet-in-poker\/","title":{"rendered":"3-bet au poker : le guide complet avec exemples"},"content":{"rendered":"\n<h2 class=\"wp-block-heading\">Qu\u2019est-ce qu\u2019un 3-bet au poker ?<\/h2>\n\n\n\n<p>Un 3-bet au poker est l\u2019action de sur-relancer la relance d\u2019un joueur initial. Le terme est le plus souvent utilis\u00e9 pr\u00e9flop, mais il peut aussi s\u2019appliquer \u00e0 une action postflop. Bien que le nom du terme contienne le chiffre <em>3<\/em>, le sizing d\u2019un 3-bet n\u2019a pas besoin d\u2019\u00eatre de 3x. Techniquement, il peut aller d\u2019une relance minimale (click-3-bet) jusqu\u2019\u00e0 un tapis (3-bet push).<\/p>\n\n\n\n<figure class=\"wp-block-image size-large\"><img loading=\"lazy\" decoding=\"async\" width=\"1024\" height=\"576\" src=\"http:\/\/hand2noteguide.com\/wp-content\/uploads\/2024\/09\/3Bet-min-1024x576.jpg\" alt=\"3bet\" class=\"wp-image-8154\" srcset=\"https:\/\/hand2noteguide.com\/wp-content\/uploads\/2024\/09\/3Bet-min-1024x576.jpg 1024w, https:\/\/hand2noteguide.com\/wp-content\/uploads\/2024\/09\/3Bet-min-300x169.jpg 300w, https:\/\/hand2noteguide.com\/wp-content\/uploads\/2024\/09\/3Bet-min-768x432.jpg 768w, https:\/\/hand2noteguide.com\/wp-content\/uploads\/2024\/09\/3Bet-min-1536x864.jpg 1536w, https:\/\/hand2noteguide.com\/wp-content\/uploads\/2024\/09\/3Bet-min-772x434.jpg 772w, https:\/\/hand2noteguide.com\/wp-content\/uploads\/2024\/09\/3Bet-min-624x351.jpg 624w, https:\/\/hand2noteguide.com\/wp-content\/uploads\/2024\/09\/3Bet-min.jpg 1600w\" sizes=\"auto, (max-width: 1024px) 100vw, 1024px\" \/><figcaption class=\"wp-element-caption\">Exemple de 3-bet au poker : Hero open raise depuis la position Button et l\u2019adversaire en Small Blind effectue un 3-bet.<\/figcaption><\/figure>\n\n\n\n<h2 class=\"wp-block-heading\">Exemples de 3-bet<\/h2>\n\n\n\n<ol class=\"wp-block-list\">\n<li>Le joueur A relance \u00e0 2bb, le joueur B sur-relance \u00e0 6bb. Le joueur B a effectu\u00e9 un 3-bet.<\/li>\n\n\n\n<li>Le joueur A relance \u00e0 2bb, le joueur B sur-relance \u00e0 3bb. Le joueur B a effectu\u00e9 un click-3-bet.<\/li>\n\n\n\n<li>Le joueur A relance \u00e0 2bb, le joueur B sur-relance \u00e0 100bb. Le joueur B a effectu\u00e9 un 3-bet push.<\/li>\n<\/ol>\n\n\n\n<h2 class=\"wp-block-heading\">Ranges de 3-bet<\/h2>\n\n\n\n<p>Il existe trois types g\u00e9n\u00e9raux de ranges de 3-bet au poker :<\/p>\n\n\n\n<h3 class=\"wp-block-heading\">1. Range de 3-bet conservatrice<\/h3>\n\n\n\n<p>Cette range se compose uniquement de mains premium.<\/p>\n\n\n\n<figure class=\"wp-block-image size-large is-resized\"><img loading=\"lazy\" decoding=\"async\" src=\"http:\/\/hand2noteguide.com\/wp-content\/uploads\/2024\/07\/poker-3bet-conservative-min-960x1024.png\" alt=\"poker 3bet range\" class=\"wp-image-7324\" width=\"480\" height=\"512\" srcset=\"https:\/\/hand2noteguide.com\/wp-content\/uploads\/2024\/07\/poker-3bet-conservative-min-960x1024.png 960w, https:\/\/hand2noteguide.com\/wp-content\/uploads\/2024\/07\/poker-3bet-conservative-min-281x300.png 281w, https:\/\/hand2noteguide.com\/wp-content\/uploads\/2024\/07\/poker-3bet-conservative-min-768x819.png 768w, https:\/\/hand2noteguide.com\/wp-content\/uploads\/2024\/07\/poker-3bet-conservative-min-772x823.png 772w, https:\/\/hand2noteguide.com\/wp-content\/uploads\/2024\/07\/poker-3bet-conservative-min-585x624.png 585w, https:\/\/hand2noteguide.com\/wp-content\/uploads\/2024\/07\/poker-3bet-conservative-min.png 1080w\" sizes=\"auto, (max-width: 480px) 100vw, 480px\" \/><\/figure>\n\n\n\n<h3 class=\"wp-block-heading\">2. Range de 3-bet merg\u00e9e<\/h3>\n\n\n\n<p>Une range merg\u00e9e se compose de mains premium ainsi que de bonnes mains jouables postflop.<\/p>\n\n\n\n<figure class=\"wp-block-image size-large is-resized\"><img loading=\"lazy\" decoding=\"async\" src=\"http:\/\/hand2noteguide.com\/wp-content\/uploads\/2024\/07\/poker-3bet-merged-min-960x1024.png\" alt=\"poker 3bet merged range\" class=\"wp-image-7325\" width=\"480\" height=\"512\" srcset=\"https:\/\/hand2noteguide.com\/wp-content\/uploads\/2024\/07\/poker-3bet-merged-min-960x1024.png 960w, https:\/\/hand2noteguide.com\/wp-content\/uploads\/2024\/07\/poker-3bet-merged-min-281x300.png 281w, https:\/\/hand2noteguide.com\/wp-content\/uploads\/2024\/07\/poker-3bet-merged-min-768x819.png 768w, https:\/\/hand2noteguide.com\/wp-content\/uploads\/2024\/07\/poker-3bet-merged-min-772x823.png 772w, https:\/\/hand2noteguide.com\/wp-content\/uploads\/2024\/07\/poker-3bet-merged-min-585x624.png 585w, https:\/\/hand2noteguide.com\/wp-content\/uploads\/2024\/07\/poker-3bet-merged-min.png 1080w\" sizes=\"auto, (max-width: 480px) 100vw, 480px\" \/><\/figure>\n\n\n\n<h3 class=\"wp-block-heading\">3. Range de 3-bet polaris\u00e9e<\/h3>\n\n\n\n<p>En plus des mains premium, une range polaris\u00e9e inclut \u00e9galement des mains de pur bluff.<\/p>\n\n\n\n<figure class=\"wp-block-image size-large is-resized\"><img loading=\"lazy\" decoding=\"async\" src=\"http:\/\/hand2noteguide.com\/wp-content\/uploads\/2024\/07\/poker-3bet-polarized-min-960x1024.png\" alt=\"poker 3bet polarized range\" class=\"wp-image-7326\" width=\"480\" height=\"512\" srcset=\"https:\/\/hand2noteguide.com\/wp-content\/uploads\/2024\/07\/poker-3bet-polarized-min-960x1024.png 960w, https:\/\/hand2noteguide.com\/wp-content\/uploads\/2024\/07\/poker-3bet-polarized-min-281x300.png 281w, https:\/\/hand2noteguide.com\/wp-content\/uploads\/2024\/07\/poker-3bet-polarized-min-768x819.png 768w, https:\/\/hand2noteguide.com\/wp-content\/uploads\/2024\/07\/poker-3bet-polarized-min-772x823.png 772w, https:\/\/hand2noteguide.com\/wp-content\/uploads\/2024\/07\/poker-3bet-polarized-min-585x624.png 585w, https:\/\/hand2noteguide.com\/wp-content\/uploads\/2024\/07\/poker-3bet-polarized-min.png 1080w\" sizes=\"auto, (max-width: 480px) 100vw, 480px\" \/><\/figure>\n\n\n\n<h2 class=\"wp-block-heading\">Le but du 3-bet<\/h2>\n\n\n\n<p>En g\u00e9n\u00e9ral, le but du 3-bet est <strong>d\u2019augmenter la taille du pot avec des mains premium<\/strong> afin de gagner le plus de jetons possible. Par mains premium, on entend g\u00e9n\u00e9ralement la range JJ+, AK+ (environ 3 % de toutes les mains).<\/p>\n\n\n\n<div class=\"green-block\">\n<p style=\"margin-bottom:0\">\u261d\ufe0f Cependant, 3-bet uniquement des mains premium dans le poker moderne est quelque peu d\u00e9pass\u00e9. Tout simplement parce que les adversaires, en voyant votre pourcentage de 3-bet, vont souvent tout folder, ce qui vous emp\u00eache d\u2019extraire de la value avec vos mains fortes.<\/p><\/div>\n\n\n\n<p>Aujourd\u2019hui, il existe donc <strong>plusieurs raisons suppl\u00e9mentaires d\u2019utiliser le 3-bet :<\/strong><\/p>\n\n\n\n<ol class=\"wp-block-list\">\n<li>Le 3-bet, contrairement au cold call, vous donne une chance de remporter le pot pr\u00e9flop.<\/li>\n\n\n\n<li>En 3-bettant, vous pouvez isoler des adversaires plus faibles qui ont tendance \u00e0 abandonner s\u2019ils manquent le flop. Statistiquement, ils vont manquer le flop dans plus de \u2154 des cas.<\/li>\n\n\n\n<li>En 3-bettant, vous forcez les joueurs derri\u00e8re vous \u00e0 folder des mains parfois m\u00eame plus fortes que la v\u00f4tre.<\/li>\n\n\n\n<li>En 3-bettant, vous jouez plus souvent un pot en heads-up contre votre adversaire, ce qui augmente l\u2019\u00e9quit\u00e9 de votre main par rapport \u00e0 un pot multiway.<\/li>\n<\/ol>\n\n\n\n<h2 class=\"wp-block-heading\">Sizings de 3-bet<\/h2>\n\n\n\n<p>En supposant des stacks de 100bb, les sizings de 3-bet les plus courants sont de 3 \u00e0 3,5x en position et de 4 \u00e0 5x hors position.<\/p>\n\n\n\n<h2 class=\"wp-block-heading\">Fr\u00e9quences de 3-bet<\/h2>\n\n\n\n<p><strong>Moins de 4 % est tr\u00e8s serr\u00e9.<\/strong> Ces joueurs ne 3-bettent que des mains premium JJ+, AK+. Ils passent \u00e0 c\u00f4t\u00e9 d\u2019opportunit\u00e9s d\u2019extraire plus de value avec d\u2019autres bonnes mains.<\/p>\n\n\n\n<p><strong>Entre 4 % et 10 % est solide.<\/strong> Ces joueurs 3-bettent g\u00e9n\u00e9ralement de bonnes mains et des mains premium dans de bonnes positions.<\/p>\n\n\n\n<p><strong>Entre 10 % et 14 % est semi-loose.<\/strong> Ces joueurs peuvent inclure davantage de mains sp\u00e9culatives dans leur range de 3-bet. Avec de bonnes comp\u00e9tences postflop, ils peuvent \u00eatre aussi rentables, voire plus, que les joueurs solides. En revanche, si leur jeu postflop n\u2019est pas bon, ils jouent probablement trop de mains.<\/p>\n\n\n\n<p><strong>Plus de 15 % est tr\u00e8s loose.<\/strong> G\u00e9n\u00e9ralement, ces joueurs sont des maniacs. Il est difficile d\u2019\u00eatre un joueur gagnant avec un 3-bet aussi \u00e9lev\u00e9. Les bons adversaires s\u2019adapteront rapidement \u00e0 leur range faible en payant avec des mains fortes ou en les 4-bettant.<\/p>\n\n\n\n<h2 class=\"wp-block-heading\">Conclusion<\/h2>\n\n\n\n<p>Le 3-bet est une action importante au poker. Il fait partie int\u00e9grante d\u2019une strat\u00e9gie gagnante. Assurez-vous d\u2019int\u00e9grer le 3-bet dans votre jeu. Cependant, utilisez-le intelligemment : dans les bonnes situations, avec les bons sizings et une range jouable.<\/p>\n","protected":false},"excerpt":{"rendered":"<p>Qu\u2019est-ce qu\u2019un 3-bet au poker ? Un 3-bet au poker est l\u2019action de sur-relancer la relance d\u2019un joueur initial. Le terme est le plus souvent utilis\u00e9 pr\u00e9flop, mais il peut aussi s\u2019appliquer \u00e0 une action postflop. Bien que le nom du terme contienne le chiffre 3, le sizing d\u2019un 3-bet n\u2019a pas besoin d\u2019\u00eatre de &hellip; <a href=\"https:\/\/hand2noteguide.com\/fr\/poker\/poker-hud-stats\/3bet-in-poker\/\" class=\"more-link\">Continue reading <span class=\"screen-reader-text\">3-bet au poker : le guide complet avec exemples<\/span><\/a><\/p>\n","protected":false},"author":1,"featured_media":0,"parent":8180,"menu_order":0,"comment_status":"closed","ping_status":"closed","template":"","meta":{"footnotes":""},"class_list":["post-7322","page","type-page","status-publish","hentry"],"translation":{"provider":"WPGlobus","version":"3.0.2","language":"fr","enabled_languages":["en","ru","pt","zh","es","fr","de","it","ja"],"languages":{"en":{"title":true,"content":true,"excerpt":false},"ru":{"title":true,"content":true,"excerpt":false},"pt":{"title":true,"content":true,"excerpt":false},"zh":{"title":true,"content":true,"excerpt":false},"es":{"title":true,"content":true,"excerpt":false},"fr":{"title":true,"content":true,"excerpt":false},"de":{"title":true,"content":true,"excerpt":false},"it":{"title":true,"content":true,"excerpt":false},"ja":{"title":true,"content":true,"excerpt":false}}},"yoast_head":"<!-- This site is optimized with the Yoast SEO plugin v27.0 - https:\/\/yoast.com\/product\/yoast-seo-wordpress\/ -->\n<title>3-bet au poker : le guide complet avec exemples<\/title>\n<meta name=\"description\" content=\"Le 3-bet au poker est une action o\u00f9 un joueur sur-relance. D\u00e9couvrez pourquoi et \u00e0 quelle fr\u00e9quence vous devriez utiliser le 3-bet dans votre strat\u00e9gie. Guide d\u00e9taill\u00e9 avec exemples.\" \/>\n<meta name=\"robots\" content=\"index, follow, max-snippet:-1, max-image-preview:large, max-video-preview:-1\" \/>\n<link rel=\"canonical\" href=\"https:\/\/hand2noteguide.com\/poker\/poker-hud-stats\/3bet-in-poker\/\" \/>\n<meta property=\"og:locale\" content=\"fr_FR\" \/>\n<meta property=\"og:type\" content=\"article\" \/>\n<meta property=\"og:title\" content=\"3-bet au poker : le guide complet avec exemples\" \/>\n<meta property=\"og:description\" content=\"Le 3-bet au poker est une action o\u00f9 un joueur sur-relance. D\u00e9couvrez pourquoi et \u00e0 quelle fr\u00e9quence vous devriez utiliser le 3-bet dans votre strat\u00e9gie. Guide d\u00e9taill\u00e9 avec exemples.\" \/>\n<meta property=\"og:url\" content=\"https:\/\/hand2noteguide.com\/poker\/poker-hud-stats\/3bet-in-poker\/\" \/>\n<meta property=\"og:site_name\" content=\"Hand2Note Guide\" \/>\n<meta property=\"article:modified_time\" content=\"2026-03-11T17:16:29+00:00\" \/>\n<meta property=\"og:image\" content=\"http:\/\/hand2noteguide.com\/wp-content\/uploads\/2024\/09\/3Bet-min-1024x576.jpg\" \/>\n<meta name=\"twitter:card\" content=\"summary_large_image\" \/>\n<meta name=\"twitter:label1\" content=\"Est. reading time\" \/>\n\t<meta name=\"twitter:data1\" content=\"19 minutes\" \/>\n<!-- \/ Yoast SEO plugin. -->","yoast_head_json":{"title":"3-bet au poker : le guide complet avec exemples","description":"Le 3-bet au poker est une action o\u00f9 un joueur sur-relance. D\u00e9couvrez pourquoi et \u00e0 quelle fr\u00e9quence vous devriez utiliser le 3-bet dans votre strat\u00e9gie. Guide d\u00e9taill\u00e9 avec exemples.","robots":{"index":"index","follow":"follow","max-snippet":"max-snippet:-1","max-image-preview":"max-image-preview:large","max-video-preview":"max-video-preview:-1"},"canonical":"https:\/\/hand2noteguide.com\/poker\/poker-hud-stats\/3bet-in-poker\/","og_locale":"fr_FR","og_type":"article","og_title":"3-bet au poker : le guide complet avec exemples","og_description":"Le 3-bet au poker est une action o\u00f9 un joueur sur-relance. D\u00e9couvrez pourquoi et \u00e0 quelle fr\u00e9quence vous devriez utiliser le 3-bet dans votre strat\u00e9gie. Guide d\u00e9taill\u00e9 avec exemples.","og_url":"https:\/\/hand2noteguide.com\/poker\/poker-hud-stats\/3bet-in-poker\/","og_site_name":"Hand2Note Guide","article_modified_time":"2026-03-11T17:16:29+00:00","og_image":[{"url":"http:\/\/hand2noteguide.com\/wp-content\/uploads\/2024\/09\/3Bet-min-1024x576.jpg","type":"","width":"","height":""}],"twitter_card":"summary_large_image","twitter_misc":{"Est. reading time":"19 minutes"},"schema":{"@context":"https:\/\/schema.org","@graph":[]}},"jetpack_sharing_enabled":true,"_links":{"self":[{"href":"https:\/\/hand2noteguide.com\/fr\/wp-json\/wp\/v2\/pages\/7322","targetHints":{"allow":["GET"]}}],"collection":[{"href":"https:\/\/hand2noteguide.com\/fr\/wp-json\/wp\/v2\/pages"}],"about":[{"href":"https:\/\/hand2noteguide.com\/fr\/wp-json\/wp\/v2\/types\/page"}],"author":[{"embeddable":true,"href":"https:\/\/hand2noteguide.com\/fr\/wp-json\/wp\/v2\/users\/1"}],"replies":[{"embeddable":true,"href":"https:\/\/hand2noteguide.com\/fr\/wp-json\/wp\/v2\/comments?post=7322"}],"version-history":[{"count":26,"href":"https:\/\/hand2noteguide.com\/fr\/wp-json\/wp\/v2\/pages\/7322\/revisions"}],"predecessor-version":[{"id":15855,"href":"https:\/\/hand2noteguide.com\/fr\/wp-json\/wp\/v2\/pages\/7322\/revisions\/15855"}],"up":[{"embeddable":true,"href":"https:\/\/hand2noteguide.com\/fr\/wp-json\/wp\/v2\/pages\/8180"}],"wp:attachment":[{"href":"https:\/\/hand2noteguide.com\/fr\/wp-json\/wp\/v2\/media?parent=7322"}],"curies":[{"name":"wp","href":"https:\/\/api.w.org\/{rel}","templated":true}]}}