{"id":74,"date":"2018-07-30T00:39:48","date_gmt":"2018-07-29T21:39:48","guid":{"rendered":"https:\/\/h2n312.wordpress.com\/?page_id=74"},"modified":"2025-06-04T19:21:44","modified_gmt":"2025-06-04T16:21:44","slug":"guide","status":"publish","type":"page","link":"https:\/\/hand2noteguide.com\/fr\/guide\/","title":{"rendered":"Manuel de l&#8217;utilisateur Hand2Note 3"},"content":{"rendered":"\n<p>Dans cet article, nous passerons en revue toutes les fonctionnalit\u00e9s de Hand2Note. Le manuel contient des informations sur toutes les fonctions du logiciel.<\/p>\n\n\n\n<div class=\"red-block\">\n<p style=\"margin-bottom:0\">\u26a0\ufe0f Ce manuel concerne la version 3 de Hand2Note, qui est d\u00e9sormais obsol\u00e8te. Consultez le <a href=\"https:\/\/hand2noteguide.com\/fr\/user-manual\/\"><strong>Manuel de l&#8217;utilisateur Hand2Note 4<\/strong><\/a>.<\/p>\n<\/div>\n\n\n\n<h2 class=\"wp-block-heading\"><a href=\"https:\/\/hand2noteguide.com\/fr\/guide\/hud\/\">HUD<\/a><\/h2>\n\n\n\n<figure class=\"wp-block-image\"><img loading=\"lazy\" decoding=\"async\" width=\"887\" height=\"604\" src=\"https:\/\/hand2noteguide.com\/wp-content\/uploads\/2020\/03\/hand2note-default-hud.png\" alt=\"hand2note hud\" class=\"wp-image-1792\" srcset=\"https:\/\/hand2noteguide.com\/wp-content\/uploads\/2020\/03\/hand2note-default-hud.png 887w, https:\/\/hand2noteguide.com\/wp-content\/uploads\/2020\/03\/hand2note-default-hud-300x204.png 300w, https:\/\/hand2noteguide.com\/wp-content\/uploads\/2020\/03\/hand2note-default-hud-768x523.png 768w, https:\/\/hand2noteguide.com\/wp-content\/uploads\/2020\/03\/hand2note-default-hud-772x526.png 772w, https:\/\/hand2noteguide.com\/wp-content\/uploads\/2020\/03\/hand2note-default-hud-624x425.png 624w\" sizes=\"auto, (max-width: 887px) 100vw, 887px\" \/><figcaption class=\"wp-element-caption\">HUD par d\u00e9faut de Hand2Note<\/figcaption><\/figure>\n\n\n\n<p><a href=\"https:\/\/hand2noteguide.com\/fr\/poker\/poker-hud\/\">HUD<\/a> est l&#8217;une des principales fonctions de tout logiciel de suivi de poker et Hand2Note ne fait pas exception. Hand2Note offre aux utilisateurs des HUDs positionnels et dynamiques avanc\u00e9s, mais vous pouvez \u00e9galement utiliser un HUD statique simple. Apprenez-en plus sur les diff\u00e9rents types de HUD dans <a aria-label=\"cet article (s'ouvre dans un nouvel onglet)\" href=\"http:\/\/www.hand2note.com\/Help\/pages\/HUDOverview\/\" target=\"_blank\" rel=\"noreferrer noopener\">cet article<\/a>.<\/p>\n\n\n\n<p>Deux profils HUD par d\u00e9faut sont disponibles dans Hand2Note imm\u00e9diatement apr\u00e8s l&#8217;installation. Vous pouvez \u00e9galement cr\u00e9er votre propre HUD, importer un HUD d&#8217;un autre tracker, ou acheter l&#8217;un des packs commerciaux dans la boutique officielle. Lisez <a href=\"https:\/\/hand2noteguide.com\/fr\/hand2note-hud\/\">ce mat\u00e9riel<\/a> pour comprendre quelle option HUD vous convient le mieux.<\/p>\n\n\n\n<h3 class=\"wp-block-heading\">FAQ sur le HUD<\/h3>\n\n\n\n\n<!-- Page-list plugin v.5.2 wordpress.org\/plugins\/page-list\/ -->\n<ul class=\"page-list \">\n<li class=\"page_item page-item-1556\"><a href=\"https:\/\/hand2noteguide.com\/fr\/guide\/hud\/different-huds-in-different-rooms\/\">Utiliser diff\u00e9rents HUD dans diff\u00e9rentes salles<\/a><\/li>\n<li class=\"page_item page-item-379\"><a href=\"https:\/\/hand2noteguide.com\/fr\/guide\/hud\/activate-session-hud\/\">Comment activer le HUD de session<\/a><\/li>\n<li class=\"page_item page-item-409\"><a href=\"https:\/\/hand2noteguide.com\/fr\/guide\/hud\/hero-hud\/\">Comment obtenir un HUD sur Hero ?<\/a><\/li>\n<li class=\"page_item page-item-472\"><a href=\"https:\/\/hand2noteguide.com\/fr\/guide\/hud\/disable-hud\/\">Comment d\u00e9sactiver le HUD<\/a><\/li>\n<li class=\"page_item page-item-452\"><a href=\"https:\/\/hand2noteguide.com\/fr\/guide\/hud\/divide-stats-sh-fr\/\">Comment diviser les statistiques selon le nombre de joueurs (SH\/FR) ?<\/a><\/li>\n<li class=\"page_item page-item-1527\"><a href=\"https:\/\/hand2noteguide.com\/fr\/guide\/hud\/switch-profile\/\">Comment changer de profil HUD<\/a><\/li>\n\n<\/ul>\n\n\n\n<h3 class=\"wp-block-heading\">Cr\u00e9ation de HUD<\/h3>\n\n\n\n<p>Hand2Note dispose d&#8217;outils tr\u00e8s flexibles pour cr\u00e9er votre propre HUD. Vous pouvez personnaliser en profondeur vos stats, HUD et popups pour cr\u00e9er un profil adapt\u00e9 \u00e0 vos besoins.<\/p>\n\n\n\n<p>Consultez d&#8217;abord le manuel de <a href=\"https:\/\/www.hand2note.com\/Help\/pages\/HUDCustomization\/\" target=\"_blank\" rel=\"noreferrer noopener\" aria-label=\"travailler avec l'\u00e9diteur de HUD (s'ouvre dans un nouvel onglet)\">travail avec l&#8217;\u00e9diteur de HUD<\/a>. Vous trouverez ci-dessous des r\u00e9ponses aux questions fr\u00e9quemment pos\u00e9es.<\/p>\n\n\n\n\n<!-- Page-list plugin v.5.2 wordpress.org\/plugins\/page-list\/ -->\n<ul class=\"page-list \">\n<li class=\"page_item page-item-367\"><a href=\"https:\/\/hand2noteguide.com\/fr\/guide\/hud\/add-aggression-wtsd\/\">Comment ins\u00e9rer les statistiques d&#8217;agression et de showdown dans le HUD<\/a><\/li>\n<li class=\"page_item page-item-402\"><a href=\"https:\/\/hand2noteguide.com\/fr\/guide\/hud\/add-hands-counter\/\">Comment ins\u00e9rer un compteur de mains ?<\/a><\/li>\n<li class=\"page_item page-item-396\"><a href=\"https:\/\/hand2noteguide.com\/fr\/guide\/hud\/add-abbreviations\/\">Comment ajouter des abr\u00e9viations aux stats ?<\/a><\/li>\n<li class=\"page_item page-item-375\"><a href=\"https:\/\/hand2noteguide.com\/fr\/guide\/hud\/add-nickname-winrate-stacksize\/\">Comment ins\u00e9rer le pseudo, le winrate et la taille de stack dans le HUD<\/a><\/li>\n\n<\/ul>\n\n\n\n<h2 class=\"wp-block-heading\"><a href=\"https:\/\/hand2noteguide.com\/fr\/guide\/creating-stats\/\">Stats<\/a><\/h2>\n\n\n\n<figure class=\"wp-block-image\"><img loading=\"lazy\" decoding=\"async\" width=\"1024\" height=\"569\" src=\"https:\/\/hand2noteguide.com\/wp-content\/uploads\/2020\/03\/hand2note-stats-editor-1024x569.png\" alt=\"hand2note stats editor\" class=\"wp-image-1804\" srcset=\"https:\/\/hand2noteguide.com\/wp-content\/uploads\/2020\/03\/hand2note-stats-editor-1024x569.png 1024w, https:\/\/hand2noteguide.com\/wp-content\/uploads\/2020\/03\/hand2note-stats-editor-300x167.png 300w, https:\/\/hand2noteguide.com\/wp-content\/uploads\/2020\/03\/hand2note-stats-editor-768x427.png 768w, https:\/\/hand2noteguide.com\/wp-content\/uploads\/2020\/03\/hand2note-stats-editor-772x429.png 772w, https:\/\/hand2noteguide.com\/wp-content\/uploads\/2020\/03\/hand2note-stats-editor-624x347.png 624w, https:\/\/hand2noteguide.com\/wp-content\/uploads\/2020\/03\/hand2note-stats-editor.png 1121w\" sizes=\"auto, (max-width: 1024px) 100vw, 1024px\" \/><figcaption class=\"wp-element-caption\">\u00c9diteur de statistiques de Hand2Note<\/figcaption><\/figure>\n\n\n\n<p>Hand2Note dispose d&#8217;une interface intuitive et puissante pour cr\u00e9er des <a href=\"https:\/\/hand2noteguide.com\/fr\/poker\/poker-hud-stats\/\">statistiques de poker<\/a> personnalis\u00e9es. De plus, un grand nombre de statistiques pr\u00eates \u00e0 l&#8217;emploi sont disponibles imm\u00e9diatement apr\u00e8s l&#8217;installation.<\/p>\n\n\n\n<p>Consultez l&#8217;<a href=\"https:\/\/hand2noteguide.com\/fr\/guide\/creating-stats\/\">introduction<\/a> aux statistiques de poker dans Hand2Note. Ensuite, jetez un \u0153il aux manuels d&#8217;utilisation des diff\u00e9rents types de statistiques dans le logiciel :<\/p>\n\n\n\n\n<!-- Page-list plugin v.5.2 wordpress.org\/plugins\/page-list\/ -->\n<ul class=\"page-list \">\n<li class=\"page_item page-item-548\"><a href=\"https:\/\/hand2noteguide.com\/fr\/guide\/creating-stats\/simple\/\">Statistiques simples<\/a><\/li>\n<li class=\"page_item page-item-555\"><a href=\"https:\/\/hand2noteguide.com\/fr\/guide\/creating-stats\/expression\/\">Statistiques d&#8217;expression<\/a><\/li>\n\n<\/ul>\n\n\n\n<h2 class=\"wp-block-heading\"><a href=\"https:\/\/hand2noteguide.com\/fr\/guide\/database\/\">Base de donn\u00e9es<\/a><\/h2>\n\n\n\n<figure class=\"wp-block-image\"><img loading=\"lazy\" decoding=\"async\" width=\"985\" height=\"661\" src=\"https:\/\/hand2noteguide.com\/wp-content\/uploads\/2020\/03\/hand2note-database.png\" alt=\"hand2note database\" class=\"wp-image-1802\" srcset=\"https:\/\/hand2noteguide.com\/wp-content\/uploads\/2020\/03\/hand2note-database.png 985w, https:\/\/hand2noteguide.com\/wp-content\/uploads\/2020\/03\/hand2note-database-300x201.png 300w, https:\/\/hand2noteguide.com\/wp-content\/uploads\/2020\/03\/hand2note-database-768x515.png 768w, https:\/\/hand2noteguide.com\/wp-content\/uploads\/2020\/03\/hand2note-database-772x518.png 772w, https:\/\/hand2noteguide.com\/wp-content\/uploads\/2020\/03\/hand2note-database-624x419.png 624w\" sizes=\"auto, (max-width: 985px) 100vw, 985px\" \/><figcaption class=\"wp-element-caption\">Gestion de la base de donn\u00e9es Hand2Note<\/figcaption><\/figure>\n\n\n\n<p>Hand2Note utilise par d\u00e9faut son serveur de base de donn\u00e9es int\u00e9gr\u00e9. Vous n&#8217;avez donc pas besoin d&#8217;avoir PostgreSQL install\u00e9 sur votre PC pour corriger le fonctionnement de Hand2Note.<\/p>\n\n\n\n<p>Vous pouvez g\u00e9rer les bases de donn\u00e9es via l&#8217;interface de Hand2Note dans&nbsp;<em>Configuration \u2192 Database<\/em>. Lisez le <a href=\"https:\/\/hand2noteguide.com\/fr\/guide\/database\/\">court manuel<\/a> sur les bases de donn\u00e9es dans Hand2Note. Voici \u00e9galement quelques liens rapides pour les demandes les plus fr\u00e9quentes :<\/p>\n\n\n\n\n<!-- Page-list plugin v.5.2 wordpress.org\/plugins\/page-list\/ -->\n<ul class=\"page-list \">\n<li class=\"page_item page-item-196\"><a href=\"https:\/\/hand2noteguide.com\/fr\/guide\/database\/where-is-database-stored\/\">O\u00f9 est stock\u00e9e la base de donn\u00e9es ?<\/a><\/li>\n<li class=\"page_item page-item-199\"><a href=\"https:\/\/hand2noteguide.com\/fr\/guide\/database\/move-database-to-another-drive\/\">Comment d\u00e9placer la base de donn\u00e9es vers un autre disque<\/a><\/li>\n<li class=\"page_item page-item-160\"><a href=\"https:\/\/hand2noteguide.com\/fr\/guide\/database\/move-database-to-another-pc\/\">Comment d\u00e9placer la base de donn\u00e9es vers un autre PC<\/a><\/li>\n<li class=\"page_item page-item-208\"><a href=\"https:\/\/hand2noteguide.com\/fr\/guide\/database\/create-database\/\">Comment cr\u00e9er une nouvelle base de donn\u00e9es<\/a><\/li>\n<li class=\"page_item page-item-204\"><a href=\"https:\/\/hand2noteguide.com\/fr\/guide\/database\/delete-hands\/\">Comment supprimer des mains de la base de donn\u00e9es<\/a><\/li>\n\n<\/ul>\n\n\n\n<h2 class=\"wp-block-heading\">Abonnement<\/h2>\n\n\n\n<p>Hand2Note est <a href=\"https:\/\/hand2noteguide.com\/fr\/hand2note-for-free\/\">gratuit<\/a> pour toutes les mises dans la version BASE avec certaines limitations fonctionnelles. Si vous souhaitez utiliser toutes les fonctionnalit\u00e9s avanc\u00e9es du logiciel, vous pouvez acheter l&#8217;un des modules compl\u00e9mentaires : ASIA, EDGE ou PRO. Le choix du plan d&#8217;abonnement d\u00e9pend des salles o\u00f9 vous jouez et des fonctions dont vous avez besoin. Voici les informations les plus importantes sur la licence :<\/p>\n\n\n\n<ul class=\"wp-block-list\">\n<li><a href=\"https:\/\/hand2noteguide.com\/fr\/guide\/choose-subscription\/\">Quel plan d&#8217;abonnement est adapt\u00e9 pour moi ?<\/a><\/li>\n\n\n\n<li><a href=\"https:\/\/hand2noteguide.com\/fr\/why-purchase-hand2note\/\">Quels avantages vais-je tirer de l&#8217;abonnement ?<\/a><\/li>\n\n\n\n<li><a href=\"https:\/\/hand2noteguide.com\/fr\/promo\/\"><strong>Puis-je obtenir une r\u00e9duction ? (Oui)<\/strong><\/a><\/li>\n\n\n\n<li><a href=\"https:\/\/hand2noteguide.com\/fr\/guide\/upgrade-subscription\/\">Comment mettre \u00e0 niveau\/r\u00e9trograder le plan d&#8217;abonnement ?<\/a><\/li>\n<\/ul>\n\n\n\n<h2 class=\"wp-block-heading\">Commun<\/h2>\n\n\n\n<p>Voici les principales fonctionnalit\u00e9s communes du tracker que chaque joueur trouvera utiles. Consultez attentivement les manuels :<\/p>\n\n\n\n\n<!-- Page-list plugin v.5.2 wordpress.org\/plugins\/page-list\/ -->\n<ul class=\"page-list \">\n<li class=\"page_item page-item-316\"><a href=\"https:\/\/hand2noteguide.com\/fr\/guide\/alias\/\">Alias des joueurs<\/a><\/li>\n<li class=\"page_item page-item-420\"><a href=\"https:\/\/hand2noteguide.com\/fr\/guide\/notes-on-players\/\">Prendre des notes sur les joueurs<\/a><\/li>\n<li class=\"page_item page-item-269\"><a href=\"https:\/\/hand2noteguide.com\/fr\/guide\/how-to-mark-hands\/\">Comment marquer les mains pendant le jeu<\/a><\/li>\n<li class=\"page_item page-item-413\"><a href=\"https:\/\/hand2noteguide.com\/fr\/guide\/hero-stats\/\">Comment analyser les stats du Hero ?<\/a><\/li>\n<li class=\"page_item page-item-876\"><a href=\"https:\/\/hand2noteguide.com\/fr\/guide\/rebuild-stats\/\">Reconstruire les stats<\/a><\/li>\n\n<\/ul>\n\n\n\n<h2 class=\"wp-block-heading\">Fonctions exclusives<\/h2>\n\n\n\n<p>Range Research et Decision Analysis sont les outils les plus puissants de Hand2Note. Ils vous permettent d&#8217;explorer en profondeur vos adversaires et vos propres faiblesses. Ces outils ne sont disponibles que sur la version EDGE ou PRO, ce qui peut \u00eatre une motivation pour l&#8217;acheter.<\/p>\n\n\n\n<ul class=\"page-list \">\n<li class=\"page_item page-item-3424\"><a href=\"https:\/\/hand2noteguide.com\/fr\/guide\/range-research\/\"><strong>Range Research<\/strong><\/a><\/li>\n<li class=\"page_item page-item-586\"><a href=\"https:\/\/hand2noteguide.com\/fr\/guide\/decision-analysis\/\">D\u00e9couvrez la rentabilit\u00e9 de diverses cat\u00e9gories de mains<\/a><\/li>\n\n<\/ul>\n\n\n\n<h2 class=\"wp-block-heading\">Exportation &amp; d\u00e9placement<\/h2>\n\n\n\n<p>Hand2Note est tr\u00e8s flexible et vous pouvez facilement exporter tous les param\u00e8tres, HUDs, notes et mains ou les d\u00e9placer vers un autre tracker de Hand2Note sur un autre appareil. Consultez les manuels rapides pour extraire les informations n\u00e9cessaires du logiciel :<\/p>\n\n\n\n\n<!-- Page-list plugin v.5.2 wordpress.org\/plugins\/page-list\/ -->\n<ul class=\"page-list \">\n<li class=\"page_item page-item-254\"><a href=\"https:\/\/hand2noteguide.com\/fr\/guide\/where-are-notes-stored\/\">O\u00f9 sont stock\u00e9es les notes ?<\/a><\/li>\n<li class=\"page_item page-item-151\"><a href=\"https:\/\/hand2noteguide.com\/fr\/guide\/hands-archive\/\">O\u00f9 Hand2Note enregistre-t-il les historiques de mains ?<\/a><\/li>\n<li class=\"page_item page-item-263\"><a href=\"https:\/\/hand2noteguide.com\/fr\/guide\/moving-marked-hands\/\">D\u00e9placement des mains marqu\u00e9es<\/a><\/li>\n<li class=\"page_item page-item-256\"><a href=\"https:\/\/hand2noteguide.com\/fr\/guide\/moving-hud-and-settings\/\">D\u00e9placer le HUD et les param\u00e8tres<\/a><\/li>\n<li class=\"page_item page-item-166\"><a href=\"https:\/\/hand2noteguide.com\/fr\/guide\/export-hands\/\">Exporter des mains depuis Hand2Note<\/a><\/li>\n\n<\/ul>\n\n\n\n<h2 class=\"wp-block-heading\">Divers<\/h2>\n\n\n\n<p>Informations techniques suppl\u00e9mentaires qui peuvent \u00eatre utiles :<\/p>\n\n\n\n\n<!-- Page-list plugin v.5.2 wordpress.org\/plugins\/page-list\/ -->\n<ul class=\"page-list \">\n<li class=\"page_item page-item-572\"><a href=\"https:\/\/hand2noteguide.com\/fr\/guide\/system-requirements\/\">Exigences du syst\u00e8me<\/a><\/li>\n<li class=\"page_item page-item-113\"><a href=\"https:\/\/hand2noteguide.com\/fr\/guide\/hand2note-version\/\">Version utilis\u00e9e. Mise \u00e0 jour de Hand2Note.<\/a><\/li>\n\n<\/ul>\n\n\n\n<p>C&#8217;est tout pour le guide Hand2Note, mais nous avons quelques autres manuels connexes qui pourraient vous \u00eatre utiles.<\/p>\n\n\n\n<h2 class=\"wp-block-heading\">Autres manuels logiciels<\/h2>\n\n\n\n<p>Consultez nos critiques sur les autres <a href=\"https:\/\/hand2noteguide.com\/fr\/poker\/5-best-online-poker-software\/\">outils de poker populaires<\/a> que presque tous les joueurs trouveront utiles.<\/p>\n\n\n\n<ul class=\"page-list\">\n<li><a href=\"https:\/\/hand2noteguide.com\/fr\/poker\/the-best-poker-preflop-charts-software\/\">FreeBetRange<\/a><\/li>\n<li><a href=\"https:\/\/hand2noteguide.com\/fr\/poker\/poker-gto\/gto-wizard-review\/\">GTO Wizard<\/a><\/li>\n<li><a href=\"https:\/\/hand2noteguide.com\/fr\/starscaption\/\">StarsCaption<\/a><\/li>\n<\/ul>\n\n\n\n<h2 class=\"wp-block-heading\"><a href=\"http:\/\/hand2noteguide.com\/poker\/\">Manuel g\u00e9n\u00e9ral de poker<\/a><\/h2>\n\n\n\n<p>En plus des manuels logiciels, nous avons \u00e9galement un <a href=\"http:\/\/hand2noteguide.com\/poker\/\">guide g\u00e9n\u00e9ral de poker<\/a>. Il vous aidera \u00e0 comprendre les concepts de base du poker ainsi que les \u00e9l\u00e9ments avanc\u00e9s d&#8217;une strat\u00e9gie gagnante. Il y a 9 \u00e9tapes pour \u00e9tudier la th\u00e9orie du poker et devenir un joueur \u00e0 succ\u00e8s. V\u00e9rifiez \u00e0 quelle \u00e9tape vous en \u00eates maintenant ?<\/p>\n","protected":false},"excerpt":{"rendered":"<p>A detailed description of all the functions of Hand2Note, answers to frequently asked questions<\/p>\n","protected":false},"author":1,"featured_media":0,"parent":0,"menu_order":5,"comment_status":"closed","ping_status":"closed","template":"page-templates\/full-width-page.php","meta":{"footnotes":""},"class_list":["post-74","page","type-page","status-publish","hentry"],"translation":{"provider":"WPGlobus","version":"3.0.2","language":"fr","enabled_languages":["en","ru","pt","zh","es","fr","de","it","ja"],"languages":{"en":{"title":true,"content":true,"excerpt":true},"ru":{"title":true,"content":true,"excerpt":true},"pt":{"title":true,"content":true,"excerpt":false},"zh":{"title":true,"content":true,"excerpt":true},"es":{"title":true,"content":true,"excerpt":false},"fr":{"title":true,"content":true,"excerpt":false},"de":{"title":true,"content":true,"excerpt":false},"it":{"title":true,"content":true,"excerpt":false},"ja":{"title":true,"content":true,"excerpt":false}}},"yoast_head":"<!-- This site is optimized with the Yoast SEO plugin v27.0 - https:\/\/yoast.com\/product\/yoast-seo-wordpress\/ -->\n<title>Manuel de l&#039;utilisateur Hand2Note 3<\/title>\n<meta name=\"description\" content=\"Dans cet article, nous passerons en revue toutes les fonctionnalit\u00e9s de Hand2Note. Le manuel contient des informations sur toutes les fonctions du logiciel.\" \/>\n<meta name=\"robots\" content=\"index, follow, max-snippet:-1, max-image-preview:large, max-video-preview:-1\" \/>\n<link rel=\"canonical\" href=\"https:\/\/hand2noteguide.com\/guide\/\" \/>\n<meta property=\"og:locale\" content=\"fr_FR\" \/>\n<meta property=\"og:type\" content=\"article\" \/>\n<meta property=\"og:title\" content=\"Manuel de l&#039;utilisateur Hand2Note 3\" \/>\n<meta property=\"og:description\" content=\"Dans cet article, nous passerons en revue toutes les fonctionnalit\u00e9s de Hand2Note. Le manuel contient des informations sur toutes les fonctions du logiciel.\" \/>\n<meta property=\"og:url\" content=\"https:\/\/hand2noteguide.com\/guide\/\" \/>\n<meta property=\"og:site_name\" content=\"Hand2Note Guide\" \/>\n<meta property=\"article:modified_time\" content=\"2025-06-04T16:21:44+00:00\" \/>\n<meta property=\"og:image\" content=\"https:\/\/hand2noteguide.com\/wp-content\/uploads\/2020\/03\/hand2note-default-hud.png\" \/>\n<meta name=\"twitter:card\" content=\"summary_large_image\" \/>\n<meta name=\"twitter:label1\" content=\"Est. reading time\" \/>\n\t<meta name=\"twitter:data1\" content=\"22 minutes\" \/>\n<!-- \/ Yoast SEO plugin. -->","yoast_head_json":{"title":"Manuel de l'utilisateur Hand2Note 3","description":"Dans cet article, nous passerons en revue toutes les fonctionnalit\u00e9s de Hand2Note. Le manuel contient des informations sur toutes les fonctions du logiciel.","robots":{"index":"index","follow":"follow","max-snippet":"max-snippet:-1","max-image-preview":"max-image-preview:large","max-video-preview":"max-video-preview:-1"},"canonical":"https:\/\/hand2noteguide.com\/guide\/","og_locale":"fr_FR","og_type":"article","og_title":"Manuel de l'utilisateur Hand2Note 3","og_description":"Dans cet article, nous passerons en revue toutes les fonctionnalit\u00e9s de Hand2Note. Le manuel contient des informations sur toutes les fonctions du logiciel.","og_url":"https:\/\/hand2noteguide.com\/guide\/","og_site_name":"Hand2Note Guide","article_modified_time":"2025-06-04T16:21:44+00:00","og_image":[{"url":"https:\/\/hand2noteguide.com\/wp-content\/uploads\/2020\/03\/hand2note-default-hud.png","type":"","width":"","height":""}],"twitter_card":"summary_large_image","twitter_misc":{"Est. reading time":"22 minutes"},"schema":{"@context":"https:\/\/schema.org","@graph":[]}},"jetpack_sharing_enabled":false,"_links":{"self":[{"href":"https:\/\/hand2noteguide.com\/fr\/wp-json\/wp\/v2\/pages\/74","targetHints":{"allow":["GET"]}}],"collection":[{"href":"https:\/\/hand2noteguide.com\/fr\/wp-json\/wp\/v2\/pages"}],"about":[{"href":"https:\/\/hand2noteguide.com\/fr\/wp-json\/wp\/v2\/types\/page"}],"author":[{"embeddable":true,"href":"https:\/\/hand2noteguide.com\/fr\/wp-json\/wp\/v2\/users\/1"}],"replies":[{"embeddable":true,"href":"https:\/\/hand2noteguide.com\/fr\/wp-json\/wp\/v2\/comments?post=74"}],"version-history":[{"count":160,"href":"https:\/\/hand2noteguide.com\/fr\/wp-json\/wp\/v2\/pages\/74\/revisions"}],"predecessor-version":[{"id":13561,"href":"https:\/\/hand2noteguide.com\/fr\/wp-json\/wp\/v2\/pages\/74\/revisions\/13561"}],"wp:attachment":[{"href":"https:\/\/hand2noteguide.com\/fr\/wp-json\/wp\/v2\/media?parent=74"}],"curies":[{"name":"wp","href":"https:\/\/api.w.org\/{rel}","templated":true}]}}