{"id":7498,"date":"2024-07-31T10:57:12","date_gmt":"2024-07-31T07:57:12","guid":{"rendered":"https:\/\/hand2noteguide.com\/?page_id=7498"},"modified":"2026-03-11T18:38:41","modified_gmt":"2026-03-11T15:38:41","slug":"gto-wizard-price","status":"publish","type":"page","link":"https:\/\/hand2noteguide.com\/fr\/poker\/poker-gto\/gto-wizard-review\/gto-wizard-price\/","title":{"rendered":"Prix de GTO Wizard \ud83d\udcb0 : combien co\u00fbte la meilleure application GTO ?"},"content":{"rendered":"\n<p>GTO Wizard est la meilleure application d\u2019entra\u00eenement <a href=\"https:\/\/hand2noteguide.com\/fr\/poker\/poker-gto\/\">GTO<\/a> et l\u2019un des meilleurs logiciels de poker au global. Elle est largement utilis\u00e9e par des joueurs de poker de tous niveaux pour am\u00e9liorer leur compr\u00e9hension du GTO. Vous pouvez en apprendre davantage sur les fonctionnalit\u00e9s de GTO Wizard dans notre <a href=\"https:\/\/hand2noteguide.com\/fr\/poker\/poker-gto\/gto-wizard-review\/\">pr\u00e9sentation<\/a>.<\/p>\n\n\n\n<p>Beaucoup de joueurs se posent des questions sur la politique tarifaire de GTO Wizard. Dans ce court article, nous allons passer en revue tous les plans payants propos\u00e9s par GTO Wizard \u00e0 ses utilisateurs.<\/p>\n\n\n\n<figure class=\"wp-block-image size-large\"><img loading=\"lazy\" decoding=\"async\" width=\"1024\" height=\"707\" src=\"https:\/\/hand2noteguide.com\/wp-content\/uploads\/2024\/07\/gto-wizard-price-min-1024x707.png\" alt=\"Prix de GTO Wizard\" class=\"wp-image-7503\" srcset=\"https:\/\/hand2noteguide.com\/wp-content\/uploads\/2024\/07\/gto-wizard-price-min-1024x707.png 1024w, https:\/\/hand2noteguide.com\/wp-content\/uploads\/2024\/07\/gto-wizard-price-min-300x207.png 300w, https:\/\/hand2noteguide.com\/wp-content\/uploads\/2024\/07\/gto-wizard-price-min-768x530.png 768w, https:\/\/hand2noteguide.com\/wp-content\/uploads\/2024\/07\/gto-wizard-price-min-1536x1061.png 1536w, https:\/\/hand2noteguide.com\/wp-content\/uploads\/2024\/07\/gto-wizard-price-min-2048x1414.png 2048w, https:\/\/hand2noteguide.com\/wp-content\/uploads\/2024\/07\/gto-wizard-price-min-772x533.png 772w, https:\/\/hand2noteguide.com\/wp-content\/uploads\/2024\/07\/gto-wizard-price-min-624x431.png 624w\" sizes=\"auto, (max-width: 1024px) 100vw, 1024px\" \/><figcaption class=\"wp-element-caption\">Tarifs de GTO Wizard<\/figcaption><\/figure>\n\n\n\n<p><strong>Le prix de GTO Wizard commence \u00e0 35 $ par mois.<\/strong> Tous les niveaux payants sont divis\u00e9s selon le type de jeu ainsi que selon les fonctionnalit\u00e9s.<\/p>\n\n\n\n<p>Il existe 5 groupes de types de jeu :<\/p>\n\n\n\n<ul class=\"wp-block-list\">\n<li>Cash game<\/li>\n\n\n\n<li>MTT<\/li>\n\n\n\n<li>Spin &amp; Go<\/li>\n\n\n\n<li>HU SNG<\/li>\n\n\n\n<li>Straddle + Ante<\/li>\n<\/ul>\n\n\n\n<p>Et il existe 3 types d\u2019abonnement :<\/p>\n\n\n\n<ul class=\"wp-block-list\">\n<li>Starter<\/li>\n\n\n\n<li>Premium<\/li>\n\n\n\n<li>Elite<\/li>\n<\/ul>\n\n\n\n<p>Selon le type de jeux que vous pr\u00e9f\u00e9rez et le niveau de fonctionnalit\u00e9s dont vous avez besoin, le prix peut varier. Dans le tableau ci-dessous, vous pouvez voir les tarifs pour tous les cas de figure.<\/p>\n\n\n\n<p><strong>\u2705 Tous les prix du tableau incluent notre <a href=\"https:\/\/hand2noteguide.com\/fr\/poker\/poker-gto\/gto-wizard-review\/gto-wizard-discount\/\">r\u00e9duction<\/a>.<\/strong><\/p>\n\n\n\n<figure class=\"wp-block-table\"><table><tbody><tr><td><\/td><td><strong>Cash game<\/strong><\/td><td><strong>MTT<\/strong><\/td><td><strong>Spin &amp; Go<\/strong><\/td><td><strong>HU SNG<\/strong><\/td><td><strong>Straddle + Ante<\/strong><\/td><\/tr><tr><td><strong>Starter<\/strong><\/td><td>\u00c0 partir de <strong>35 $ par mois<\/strong><\/td><td>\u00c0 partir de <strong>35 $ par mois<\/strong><\/td><td>\u00c0 partir de <strong>35 $ par mois<\/strong><\/td><td>\u00c0 partir de <strong>26 $ par mois<\/strong><\/td><td>&#8211;<\/td><\/tr><tr><td><strong>Premium<\/strong><\/td><td>\u00c0 partir de <strong><s>69 $<\/s> 62 $ par mois<\/strong><\/td><td>\u00c0 partir de <strong><s>69 $<\/s> 62 $ par mois<\/strong><\/td><td>\u00c0 partir de <strong><s>69 $<\/s> 62 $ par mois<\/strong><\/td><td>\u00c0 partir de <strong><s>49 $<\/s> 44 $ par mois<\/strong><\/td><td>\u00c0 partir de <strong><s>69 $<\/s> 62 $ par mois<\/strong><\/td><\/tr><tr><td><strong>Elite<\/strong><\/td><td>\u00c0 partir de <strong><s>129 $<\/s> 116 $ par mois<\/strong><\/td><td>\u00c0 partir de <strong><s>129 $<\/s> 116 $ par mois<\/strong><\/td><td>\u00c0 partir de <strong><s>129 $<\/s> 116 $ par mois<\/strong><\/td><td>\u00c0 partir de <strong><s>129 $<\/s> 116 $ par mois<\/strong><\/td><td>\u00c0 partir de <strong><s>129 $<\/s> 116 $ par mois<\/strong><\/td><\/tr><tr><td><strong>Ultra<\/strong><\/td><td>\u00c0 partir de <strong><s>229 $<\/s> 206 $ par mois<\/strong><\/td><td>\u00c0 partir de <strong><s>229 $<\/s> 206 $ par mois<\/strong><\/td><td>\u00c0 partir de <strong><s>229 $<\/s> 206 $ par mois<\/strong><\/td><td>&#8211;<\/td><td>\u00c0 partir de <strong><s>229 $<\/s> 206 $ par mois<\/strong><\/td><\/tr><\/tbody><\/table><figcaption class=\"wp-element-caption\">D\u00e9tail des tarifs de GTO Wizard<\/figcaption><\/figure>\n\n\n\n<p>La description d\u00e9taill\u00e9e de chaque plan est disponible directement dans l\u2019application GTO Wizard. Pas d\u2019inqui\u00e9tude : vous pourrez facilement comprendre ce dont vous avez besoin directement sur leur page de paiement.<\/p>\n\n\n<div class=\"wp-block-h2n-cta-button\" style=\"text-align: left;\"><a href=\"https:\/\/hand2noteguide.com\/fr\/go\/gtowizard\/\" class=\"btn btn-primary btn-color-amber\" target=\"_blank\" rel=\"noopener noreferrer nofollow sponsored\">Aller sur le site de GTO Wizard \u2192<\/a><\/div>\n\n\n<p>Vous pouvez obtenir un meilleur tarif en optant pour un abonnement annuel. En combinaison avec notre <a href=\"https:\/\/hand2noteguide.com\/fr\/poker\/poker-gto\/gto-wizard-review\/gto-wizard-discount\/\">offre<\/a>, vous b\u00e9n\u00e9ficierez du meilleur prix possible pour acheter GTO Wizard.<\/p>\n\n\n\n<figure class=\"wp-block-image size-large\"><img loading=\"lazy\" decoding=\"async\" width=\"1024\" height=\"649\" src=\"https:\/\/hand2noteguide.com\/wp-content\/uploads\/2024\/07\/gto-wizard-discount-min-1024x649.png\" alt=\"\" class=\"wp-image-7529\" srcset=\"https:\/\/hand2noteguide.com\/wp-content\/uploads\/2024\/07\/gto-wizard-discount-min-1024x649.png 1024w, https:\/\/hand2noteguide.com\/wp-content\/uploads\/2024\/07\/gto-wizard-discount-min-300x190.png 300w, https:\/\/hand2noteguide.com\/wp-content\/uploads\/2024\/07\/gto-wizard-discount-min-768x487.png 768w, https:\/\/hand2noteguide.com\/wp-content\/uploads\/2024\/07\/gto-wizard-discount-min-1536x973.png 1536w, https:\/\/hand2noteguide.com\/wp-content\/uploads\/2024\/07\/gto-wizard-discount-min-2048x1298.png 2048w, https:\/\/hand2noteguide.com\/wp-content\/uploads\/2024\/07\/gto-wizard-discount-min-772x489.png 772w, https:\/\/hand2noteguide.com\/wp-content\/uploads\/2024\/07\/gto-wizard-discount-min-624x395.png 624w\" sizes=\"auto, (max-width: 1024px) 100vw, 1024px\" \/><figcaption class=\"wp-element-caption\">Choisissez un abonnement annuel pour obtenir la r\u00e9duction maximale<\/figcaption><\/figure>\n\n\n\n<h2 class=\"wp-block-heading\">Mise \u00e0 jour 2026 : le nouveau niveau \u00ab Ultra \u00bb<\/h2>\n\n\n\n<p>D\u00e9but 2026, GTO Wizard a introduit le niveau <strong>Ultra<\/strong>, con\u00e7u pour les professionnels des high stakes et les utilisateurs avanc\u00e9s qui ont besoin de plus qu\u2019une simple biblioth\u00e8que de solutions pr\u00e9-calcul\u00e9es. Ce niveau int\u00e8gre officiellement le puissant <strong>Multiway AI Solver<\/strong> directement dans l\u2019interface.<\/p>\n\n\n\n<p><strong>Principales fonctionnalit\u00e9s du plan Ultra :<\/strong><\/p>\n\n\n\n<ul class=\"wp-block-list\">\n<li><strong>R\u00e9solution pr\u00e9flop multiway illimit\u00e9e :<\/strong> R\u00e9solvez n\u2019importe quelle situation avec jusqu\u2019\u00e0 9 joueurs depuis z\u00e9ro. Vous pouvez personnaliser les profondeurs de tapis, les antes et les tailles de mise pour chaque joueur.<\/li>\n\n\n\n<li><strong>R\u00e9solution postflop multiway :<\/strong> Acc\u00e9dez \u00e0 des solutions pour des pots postflop \u00e0 3 joueurs avec une personnalisation compl\u00e8te gr\u00e2ce \u00e0 l\u2019IA.<\/li>\n\n\n\n<li><strong>1500 Power Credits par mois :<\/strong> utilis\u00e9s pour g\u00e9n\u00e9rer des Aggregated Reports avanc\u00e9s et des sous\u2011ensembles de flops personnalis\u00e9s.<\/li>\n<\/ul>\n\n\n\n<p>Le prix du plan Ultra commence \u00e0 <strong>206 $\/mois<\/strong> (\u00e9conomies de l\u2019abonnement annuel et notre r\u00e9duction exclusive de 10 % incluses).<\/p>\n\n\n\n<h2 class=\"wp-block-heading\">Les questions fr\u00e9quentes sur GTO Wizard<\/h2>\n\n\n\n<h3 class=\"wp-block-heading\">Faut-il payer pour utiliser GTO Wizard ?<\/h3>\n\n\n\n<p>GTO Wizard propose une version gratuite, mais elle est tr\u00e8s limit\u00e9e en termes de fonctionnalit\u00e9s. Pour utiliser toutes les fonctionnalit\u00e9s avanc\u00e9es de l\u2019application, vous devrez acheter l\u2019un des abonnements payants.<\/p>\n\n\n\n<h3 class=\"wp-block-heading\">GTO Wizard est-il vraiment efficace ?<\/h3>\n\n\n\n<p>Oui, GTO Wizard est une application de poker fiable et reconnue, largement test\u00e9e et approuv\u00e9e par des joueurs professionnels et des coachs. C\u2019est un outil essentiel pour tout joueur de poker qui souhaite \u00e9tudier et pratiquer le GTO.<\/p>\n\n\n\n<h3 class=\"wp-block-heading\">Peut-on t\u00e9l\u00e9charger GTO Wizard ?<\/h3>\n\n\n\n<p>Non, c\u2019est une application bas\u00e9e sur le navigateur. Vous pouvez uniquement l\u2019utiliser dans votre navigateur. Il n\u2019y a rien \u00e0 t\u00e9l\u00e9charger sur votre PC. Vous pouvez vous connecter \u00e0 l\u2019application \u00e0 tout moment depuis n\u2019importe quel appareil, toutes les donn\u00e9es \u00e9tant stock\u00e9es sur les serveurs de GTO Wizard.<\/p>\n","protected":false},"excerpt":{"rendered":"<p>GTO Wizard est la meilleure application d\u2019entra\u00eenement GTO et l\u2019un des meilleurs logiciels de poker au global. Elle est largement utilis\u00e9e par des joueurs de poker de tous niveaux pour am\u00e9liorer leur compr\u00e9hension du GTO. Vous pouvez en apprendre davantage sur les fonctionnalit\u00e9s de GTO Wizard dans notre pr\u00e9sentation. Beaucoup de joueurs se posent des &hellip; <a href=\"https:\/\/hand2noteguide.com\/fr\/poker\/poker-gto\/gto-wizard-review\/gto-wizard-price\/\" class=\"more-link\">Continue reading <span class=\"screen-reader-text\">Prix de GTO Wizard \ud83d\udcb0 : combien co\u00fbte la meilleure application GTO ?<\/span><\/a><\/p>\n","protected":false},"author":1,"featured_media":0,"parent":6182,"menu_order":0,"comment_status":"closed","ping_status":"closed","template":"","meta":{"footnotes":""},"class_list":["post-7498","page","type-page","status-publish","hentry"],"translation":{"provider":"WPGlobus","version":"3.0.2","language":"fr","enabled_languages":["en","ru","pt","zh","es","fr","de","it","ja"],"languages":{"en":{"title":true,"content":true,"excerpt":false},"ru":{"title":true,"content":true,"excerpt":false},"pt":{"title":true,"content":true,"excerpt":false},"zh":{"title":true,"content":true,"excerpt":false},"es":{"title":true,"content":true,"excerpt":false},"fr":{"title":true,"content":true,"excerpt":false},"de":{"title":true,"content":true,"excerpt":false},"it":{"title":true,"content":true,"excerpt":false},"ja":{"title":true,"content":true,"excerpt":false}}},"yoast_head":"<!-- This site is optimized with the Yoast SEO plugin v27.0 - https:\/\/yoast.com\/product\/yoast-seo-wordpress\/ -->\n<title>Prix de GTO Wizard \ud83d\udcb0 : combien co\u00fbte la meilleure application GTO ?<\/title>\n<meta name=\"description\" content=\"D\u00e9couvrez le prix de GTO Wizard, la meilleure application d\u2019entra\u00eenement GTO pour les joueurs de poker. Comparez les plans tarifaires et obtenez la meilleure offre gr\u00e2ce \u00e0 notre r\u00e9duction exclusive.\" \/>\n<meta name=\"robots\" content=\"index, follow, max-snippet:-1, max-image-preview:large, max-video-preview:-1\" \/>\n<link rel=\"canonical\" href=\"https:\/\/hand2noteguide.com\/poker\/poker-gto\/gto-wizard-review\/gto-wizard-price\/\" \/>\n<meta property=\"og:locale\" content=\"fr_FR\" \/>\n<meta property=\"og:type\" content=\"article\" \/>\n<meta property=\"og:title\" content=\"Prix de GTO Wizard \ud83d\udcb0 : combien co\u00fbte la meilleure application GTO ?\" \/>\n<meta property=\"og:description\" content=\"D\u00e9couvrez le prix de GTO Wizard, la meilleure application d\u2019entra\u00eenement GTO pour les joueurs de poker. Comparez les plans tarifaires et obtenez la meilleure offre gr\u00e2ce \u00e0 notre r\u00e9duction exclusive.\" \/>\n<meta property=\"og:url\" content=\"https:\/\/hand2noteguide.com\/poker\/poker-gto\/gto-wizard-review\/gto-wizard-price\/\" \/>\n<meta property=\"og:site_name\" content=\"Hand2Note Guide\" \/>\n<meta property=\"article:modified_time\" content=\"2026-03-11T15:38:41+00:00\" \/>\n<meta property=\"og:image\" content=\"https:\/\/hand2noteguide.com\/wp-content\/uploads\/2024\/07\/gto-wizard-price-min.png\" \/>\n\t<meta property=\"og:image:width\" content=\"2246\" \/>\n\t<meta property=\"og:image:height\" content=\"1551\" \/>\n\t<meta property=\"og:image:type\" content=\"image\/png\" \/>\n<meta name=\"twitter:card\" content=\"summary_large_image\" \/>\n<meta name=\"twitter:label1\" content=\"Est. reading time\" \/>\n\t<meta name=\"twitter:data1\" content=\"4 minutes\" \/>\n<!-- \/ Yoast SEO plugin. -->","yoast_head_json":{"title":"Prix de GTO Wizard \ud83d\udcb0 : combien co\u00fbte la meilleure application GTO ?","description":"D\u00e9couvrez le prix de GTO Wizard, la meilleure application d\u2019entra\u00eenement GTO pour les joueurs de poker. Comparez les plans tarifaires et obtenez la meilleure offre gr\u00e2ce \u00e0 notre r\u00e9duction exclusive.","robots":{"index":"index","follow":"follow","max-snippet":"max-snippet:-1","max-image-preview":"max-image-preview:large","max-video-preview":"max-video-preview:-1"},"canonical":"https:\/\/hand2noteguide.com\/poker\/poker-gto\/gto-wizard-review\/gto-wizard-price\/","og_locale":"fr_FR","og_type":"article","og_title":"Prix de GTO Wizard \ud83d\udcb0 : combien co\u00fbte la meilleure application GTO ?","og_description":"D\u00e9couvrez le prix de GTO Wizard, la meilleure application d\u2019entra\u00eenement GTO pour les joueurs de poker. Comparez les plans tarifaires et obtenez la meilleure offre gr\u00e2ce \u00e0 notre r\u00e9duction exclusive.","og_url":"https:\/\/hand2noteguide.com\/poker\/poker-gto\/gto-wizard-review\/gto-wizard-price\/","og_site_name":"Hand2Note Guide","article_modified_time":"2026-03-11T15:38:41+00:00","og_image":[{"width":2246,"height":1551,"url":"https:\/\/hand2noteguide.com\/wp-content\/uploads\/2024\/07\/gto-wizard-price-min.png","type":"image\/png"}],"twitter_card":"summary_large_image","twitter_misc":{"Est. reading time":"4 minutes"},"schema":{"@context":"https:\/\/schema.org","@graph":[]}},"jetpack_sharing_enabled":true,"_links":{"self":[{"href":"https:\/\/hand2noteguide.com\/fr\/wp-json\/wp\/v2\/pages\/7498","targetHints":{"allow":["GET"]}}],"collection":[{"href":"https:\/\/hand2noteguide.com\/fr\/wp-json\/wp\/v2\/pages"}],"about":[{"href":"https:\/\/hand2noteguide.com\/fr\/wp-json\/wp\/v2\/types\/page"}],"author":[{"embeddable":true,"href":"https:\/\/hand2noteguide.com\/fr\/wp-json\/wp\/v2\/users\/1"}],"replies":[{"embeddable":true,"href":"https:\/\/hand2noteguide.com\/fr\/wp-json\/wp\/v2\/comments?post=7498"}],"version-history":[{"count":67,"href":"https:\/\/hand2noteguide.com\/fr\/wp-json\/wp\/v2\/pages\/7498\/revisions"}],"predecessor-version":[{"id":15848,"href":"https:\/\/hand2noteguide.com\/fr\/wp-json\/wp\/v2\/pages\/7498\/revisions\/15848"}],"up":[{"embeddable":true,"href":"https:\/\/hand2noteguide.com\/fr\/wp-json\/wp\/v2\/pages\/6182"}],"wp:attachment":[{"href":"https:\/\/hand2noteguide.com\/fr\/wp-json\/wp\/v2\/media?parent=7498"}],"curies":[{"name":"wp","href":"https:\/\/api.w.org\/{rel}","templated":true}]}}