{"id":7911,"date":"2024-09-11T01:03:12","date_gmt":"2024-09-10T22:03:12","guid":{"rendered":"https:\/\/hand2noteguide.com\/?page_id=7911"},"modified":"2026-03-11T17:00:45","modified_gmt":"2026-03-11T14:00:45","slug":"poker-positions","status":"publish","type":"page","link":"https:\/\/hand2noteguide.com\/fr\/poker\/poker-positions\/","title":{"rendered":"Les positions au poker : leurs noms et leur importance \u00e0 la table"},"content":{"rendered":"\n<p>Le poker est un jeu de table o\u00f9 chaque si\u00e8ge poss\u00e8de son propre nom ou sa propre \u00ab\u202fposition\u202f\u00bb. La position n\u2019est pas li\u00e9e \u00e0 un si\u00e8ge sp\u00e9cifique\u202f: elle \ud83d\udd52 <strong>se d\u00e9place dans le sens des aiguilles d\u2019une montre<\/strong> \u00e0 chaque nouvelle main.<\/p>\n\n\n\n<p>De mani\u00e8re g\u00e9n\u00e9rale, les positions peuvent \u00eatre divis\u00e9es en 4 groupes principaux :<\/p>\n\n\n\n<ul class=\"wp-block-list\">\n<li>\ud83d\udd35 <strong>Blinds<\/strong> (Small Blind, Big Blind) ;<\/li>\n\n\n\n<li><strong>\ud83d\udfe2<\/strong> <strong>Positions tardives<\/strong> (Button, Cutoff) ;<\/li>\n\n\n\n<li>\ud83d\udfe0 <strong>Positions interm\u00e9diaires<\/strong> (Hi-Jack, Lo-Jack) ;<\/li>\n\n\n\n<li>\ud83d\udd34 <strong>Positions pr\u00e9coces<\/strong> (UTG, UTG+1, UTG+2).<\/li>\n<\/ul>\n\n\n\n<p>Deux des formats de table les plus courants au poker Texas Hold\u2019em sont la table full-ring (9 positions) et la table short-handed (6 positions). Les noms de toutes les positions pour ces formats sont illustr\u00e9s dans les images ci\u2011dessous :<\/p>\n\n\n\n<div class=\"wp-block-jetpack-tiled-gallery aligncenter is-style-columns has-rounded-corners-5\"><div class=\"tiled-gallery__gallery\"><div class=\"tiled-gallery__row\"><div class=\"tiled-gallery__col\"><figure class=\"tiled-gallery__item\"><img decoding=\"async\" srcset=\"https:\/\/i1.wp.com\/hand2noteguide.com\/wp-content\/uploads\/2024\/09\/Short-Handed-Game-min.jpg?strip=info&#038;w=600&#038;ssl=1 600w,https:\/\/i1.wp.com\/hand2noteguide.com\/wp-content\/uploads\/2024\/09\/Short-Handed-Game-min.jpg?strip=info&#038;w=900&#038;ssl=1 900w,https:\/\/i1.wp.com\/hand2noteguide.com\/wp-content\/uploads\/2024\/09\/Short-Handed-Game-min.jpg?strip=info&#038;w=1200&#038;ssl=1 1200w,https:\/\/i1.wp.com\/hand2noteguide.com\/wp-content\/uploads\/2024\/09\/Short-Handed-Game-min.jpg?strip=info&#038;w=1500&#038;ssl=1 1500w,https:\/\/i1.wp.com\/hand2noteguide.com\/wp-content\/uploads\/2024\/09\/Short-Handed-Game-min.jpg?strip=info&#038;w=1600&#038;ssl=1 1600w\" alt=\"\" data-height=\"900\" data-id=\"7913\" data-link=\"https:\/\/hand2noteguide.com\/?attachment_id=7913\" data-url=\"https:\/\/hand2noteguide.com\/wp-content\/uploads\/2024\/09\/Short-Handed-Game-min.jpg\" data-width=\"1600\" src=\"https:\/\/i1.wp.com\/hand2noteguide.com\/wp-content\/uploads\/2024\/09\/Short-Handed-Game-min.jpg?ssl=1\" \/><\/figure><\/div><div class=\"tiled-gallery__col\"><figure class=\"tiled-gallery__item\"><img decoding=\"async\" srcset=\"https:\/\/i0.wp.com\/hand2noteguide.com\/wp-content\/uploads\/2024\/09\/Full-Ring-Game-min.jpg?strip=info&#038;w=600&#038;ssl=1 600w,https:\/\/i0.wp.com\/hand2noteguide.com\/wp-content\/uploads\/2024\/09\/Full-Ring-Game-min.jpg?strip=info&#038;w=900&#038;ssl=1 900w,https:\/\/i0.wp.com\/hand2noteguide.com\/wp-content\/uploads\/2024\/09\/Full-Ring-Game-min.jpg?strip=info&#038;w=1200&#038;ssl=1 1200w,https:\/\/i0.wp.com\/hand2noteguide.com\/wp-content\/uploads\/2024\/09\/Full-Ring-Game-min.jpg?strip=info&#038;w=1500&#038;ssl=1 1500w,https:\/\/i0.wp.com\/hand2noteguide.com\/wp-content\/uploads\/2024\/09\/Full-Ring-Game-min.jpg?strip=info&#038;w=1600&#038;ssl=1 1600w\" alt=\"\" data-height=\"900\" data-id=\"7914\" data-link=\"https:\/\/hand2noteguide.com\/?attachment_id=7914\" data-url=\"https:\/\/hand2noteguide.com\/wp-content\/uploads\/2024\/09\/Full-Ring-Game-min.jpg\" data-width=\"1600\" src=\"https:\/\/i0.wp.com\/hand2noteguide.com\/wp-content\/uploads\/2024\/09\/Full-Ring-Game-min.jpg?ssl=1\" \/><\/figure><\/div><\/div><\/div><\/div>\n\n\n\n<h2 class=\"wp-block-heading\">Le concept d\u2019In Position \/ Out Of Position au poker<\/h2>\n\n\n\n<p>Avant d\u2019aller plus loin dans la description des positions au poker, il est essentiel de comprendre ce que signifie \u00eatre \u00ab\u202fen position\u202f\u00bb au poker. Si le joueur A est en position sur le joueur B, on peut supposer que :<\/p>\n\n\n\n<ul class=\"wp-block-list\">\n<li>Le joueur A est assis \u00e0 <strong>droite<\/strong> du joueur B ;<\/li>\n\n\n\n<li>Le joueur A prendra sa d\u00e9cision <strong>apr\u00e8s<\/strong> le joueur B, \u00e0 la fois pr\u00e9flop et postflop.<\/li>\n<\/ul>\n\n\n\n<p>Un joueur en position <strong>re\u00e7oit plus d\u2019informations<\/strong> sur la <a href=\"\/fr\/poker\/poker-hand-rankings\/\"><strong>force des mains<\/strong><\/a> des joueurs assis avant lui, en fonction des <a href=\"\/fr\/poker\/poker-actions\/\"><strong>actions qu\u2019ils effectuent<\/strong><\/a>. Le joueur A, ayant obtenu ces informations de ses adversaires, peut facilement ajuster sa strat\u00e9gie.<\/p>\n\n\n\n<div class=\"green-block\">\n<p style=\"margin-bottom:0\">\u261d\ufe0f \u00catre en position est la situation la plus avantageuse au poker. Les joueurs exp\u00e9riment\u00e9s utilisent cet avantage dans leur strat\u00e9gie et jouent des ranges plus larges depuis les positions tardives.<\/p>\n<\/div>\n\n\n\n<h2 class=\"wp-block-heading\">Position pr\u00e9coce (EP)<\/h2>\n\n\n\n<figure class=\"wp-block-image size-large\"><img loading=\"lazy\" decoding=\"async\" width=\"1024\" height=\"576\" src=\"http:\/\/hand2noteguide.com\/wp-content\/uploads\/2024\/09\/Early-Position-min-1024x576.jpg\" alt=\"Position pr\u00e9coce au poker\" class=\"wp-image-7905\" srcset=\"https:\/\/hand2noteguide.com\/wp-content\/uploads\/2024\/09\/Early-Position-min-1024x576.jpg 1024w, https:\/\/hand2noteguide.com\/wp-content\/uploads\/2024\/09\/Early-Position-min-300x169.jpg 300w, https:\/\/hand2noteguide.com\/wp-content\/uploads\/2024\/09\/Early-Position-min-768x432.jpg 768w, https:\/\/hand2noteguide.com\/wp-content\/uploads\/2024\/09\/Early-Position-min-1536x864.jpg 1536w, https:\/\/hand2noteguide.com\/wp-content\/uploads\/2024\/09\/Early-Position-min-772x434.jpg 772w, https:\/\/hand2noteguide.com\/wp-content\/uploads\/2024\/09\/Early-Position-min-624x351.jpg 624w, https:\/\/hand2noteguide.com\/wp-content\/uploads\/2024\/09\/Early-Position-min.jpg 1600w\" sizes=\"auto, (max-width: 1024px) 100vw, 1024px\" \/><\/figure>\n\n\n\n<p>Les joueurs assis en <strong>Under The Gun<\/strong> (<strong>UTG, UTG+1, UTG+2<\/strong>) commencent l\u2019action pr\u00e9flop. C\u2019est pourquoi ces positions sont regroup\u00e9es sous le nom de <strong>positions pr\u00e9coces<\/strong> (EP). Les positions pr\u00e9coces sont g\u00e9n\u00e9ralement difficiles \u00e0 jouer, car le joueur ne dispose d\u2019aucune information sur les autres joueurs ni sur leurs actions. En tenant compte de cela, la range d\u2019open-raise depuis EP doit \u00eatre tr\u00e8s serr\u00e9e.<\/p>\n\n\n\n<h2 class=\"wp-block-heading\">Position interm\u00e9diaire (MP)<\/h2>\n\n\n\n<figure class=\"wp-block-image size-large\"><img loading=\"lazy\" decoding=\"async\" width=\"1024\" height=\"576\" src=\"https:\/\/hand2noteguide.com\/wp-content\/uploads\/2024\/09\/Middle-Position-min-1-1024x576.jpg\" alt=\"Position interm\u00e9diaire au poker\" class=\"wp-image-7922\" srcset=\"https:\/\/hand2noteguide.com\/wp-content\/uploads\/2024\/09\/Middle-Position-min-1-1024x576.jpg 1024w, https:\/\/hand2noteguide.com\/wp-content\/uploads\/2024\/09\/Middle-Position-min-1-300x169.jpg 300w, https:\/\/hand2noteguide.com\/wp-content\/uploads\/2024\/09\/Middle-Position-min-1-768x432.jpg 768w, https:\/\/hand2noteguide.com\/wp-content\/uploads\/2024\/09\/Middle-Position-min-1-1536x864.jpg 1536w, https:\/\/hand2noteguide.com\/wp-content\/uploads\/2024\/09\/Middle-Position-min-1-772x434.jpg 772w, https:\/\/hand2noteguide.com\/wp-content\/uploads\/2024\/09\/Middle-Position-min-1-624x351.jpg 624w, https:\/\/hand2noteguide.com\/wp-content\/uploads\/2024\/09\/Middle-Position-min-1.jpg 1600w\" sizes=\"auto, (max-width: 1024px) 100vw, 1024px\" \/><\/figure>\n\n\n\n<p>Apr\u00e8s les positions pr\u00e9coces viennent <strong>LoJack<\/strong> (<strong>LJ<\/strong>) et <strong>HiJack<\/strong> (<strong>HJ<\/strong>), appel\u00e9es <strong>positions interm\u00e9diaires<\/strong> (<strong>MP<\/strong>). Elles se situent entre les positions pr\u00e9coces et tardives. Un joueur assis en <strong>LJ<\/strong> doit encore faire attention \u00e0 sa range de VPIP, car il reste encore 5 joueurs \u00e0 parler apr\u00e8s lui. Un joueur en <strong>HJ<\/strong>, ayant d\u00e9j\u00e0 obtenu des informations sur les joueurs en EP, peut commencer \u00e0 ajouter quelques mains plus cr\u00e9atives \u00e0 sa range d\u2019ouverture afin de voler les blinds.<\/p>\n\n\n\n<h2 class=\"wp-block-heading\">Position tardive<\/h2>\n\n\n\n<h3 class=\"wp-block-heading\">Cutoff (CO)<\/h3>\n\n\n\n<figure class=\"wp-block-image size-large\"><img loading=\"lazy\" decoding=\"async\" width=\"1024\" height=\"576\" src=\"http:\/\/hand2noteguide.com\/wp-content\/uploads\/2024\/09\/Cutoff-min-1024x576.jpg\" alt=\"Position cutoff\" class=\"wp-image-7908\" srcset=\"https:\/\/hand2noteguide.com\/wp-content\/uploads\/2024\/09\/Cutoff-min-1024x576.jpg 1024w, https:\/\/hand2noteguide.com\/wp-content\/uploads\/2024\/09\/Cutoff-min-300x169.jpg 300w, https:\/\/hand2noteguide.com\/wp-content\/uploads\/2024\/09\/Cutoff-min-768x432.jpg 768w, https:\/\/hand2noteguide.com\/wp-content\/uploads\/2024\/09\/Cutoff-min-1536x864.jpg 1536w, https:\/\/hand2noteguide.com\/wp-content\/uploads\/2024\/09\/Cutoff-min-772x434.jpg 772w, https:\/\/hand2noteguide.com\/wp-content\/uploads\/2024\/09\/Cutoff-min-624x351.jpg 624w, https:\/\/hand2noteguide.com\/wp-content\/uploads\/2024\/09\/Cutoff-min.jpg 1600w\" sizes=\"auto, (max-width: 1024px) 100vw, 1024px\" \/><\/figure>\n\n\n\n<p>Le Cutoff agit tard dans le tour d\u2019ench\u00e8res pr\u00e9flop. Depuis cette position, un joueur devrait commencer \u00e0 voler les blinds de mani\u00e8re agressive, car il ne reste qu\u2019un seul adversaire en position. Et si vous parvenez \u00e0 faire passer le BTN, vous serez en position contre les blinds pendant toute la main.<\/p>\n\n\n\n<h3 class=\"wp-block-heading\">Button (BU ou BTN)<\/h3>\n\n\n\n<figure class=\"wp-block-image size-large\"><img loading=\"lazy\" decoding=\"async\" width=\"1024\" height=\"576\" src=\"http:\/\/hand2noteguide.com\/wp-content\/uploads\/2024\/09\/BUTTON-min-1024x576.jpg\" alt=\"Position button au poker\" class=\"wp-image-7909\" srcset=\"https:\/\/hand2noteguide.com\/wp-content\/uploads\/2024\/09\/BUTTON-min-1024x576.jpg 1024w, https:\/\/hand2noteguide.com\/wp-content\/uploads\/2024\/09\/BUTTON-min-300x169.jpg 300w, https:\/\/hand2noteguide.com\/wp-content\/uploads\/2024\/09\/BUTTON-min-768x432.jpg 768w, https:\/\/hand2noteguide.com\/wp-content\/uploads\/2024\/09\/BUTTON-min-1536x864.jpg 1536w, https:\/\/hand2noteguide.com\/wp-content\/uploads\/2024\/09\/BUTTON-min-772x434.jpg 772w, https:\/\/hand2noteguide.com\/wp-content\/uploads\/2024\/09\/BUTTON-min-624x351.jpg 624w, https:\/\/hand2noteguide.com\/wp-content\/uploads\/2024\/09\/BUTTON-min.jpg 1600w\" sizes=\"auto, (max-width: 1024px) 100vw, 1024px\" \/><\/figure>\n\n\n\n<p>Le Button est la meilleure position possible au poker, car elle permet \u00e0 un joueur \u00e0 la fois de <strong>collecter des informations<\/strong> aupr\u00e8s de ses adversaires et d\u2019\u00eatre <strong>le dernier \u00e0 agir postflop<\/strong>. Par cons\u00e9quent, le BTN poss\u00e8de la range de mains la plus large pour entrer dans le coup.<\/p>\n\n\n\n<p>Dans les parties \u00e0 domicile, le joueur en position de Button est \u00e9galement responsable de distribuer les cartes lors de la main en cours.<\/p>\n\n\n\n<h2 class=\"wp-block-heading\">Les blinds<\/h2>\n\n\n\n<figure class=\"wp-block-image size-large\"><img loading=\"lazy\" decoding=\"async\" width=\"1024\" height=\"576\" src=\"http:\/\/hand2noteguide.com\/wp-content\/uploads\/2024\/09\/blinds-min-1-1024x576.jpg\" alt=\"blinds au poker\" class=\"wp-image-7816\" srcset=\"https:\/\/hand2noteguide.com\/wp-content\/uploads\/2024\/09\/blinds-min-1-1024x576.jpg 1024w, https:\/\/hand2noteguide.com\/wp-content\/uploads\/2024\/09\/blinds-min-1-300x169.jpg 300w, https:\/\/hand2noteguide.com\/wp-content\/uploads\/2024\/09\/blinds-min-1-768x432.jpg 768w, https:\/\/hand2noteguide.com\/wp-content\/uploads\/2024\/09\/blinds-min-1-1536x864.jpg 1536w, https:\/\/hand2noteguide.com\/wp-content\/uploads\/2024\/09\/blinds-min-1-772x434.jpg 772w, https:\/\/hand2noteguide.com\/wp-content\/uploads\/2024\/09\/blinds-min-1-624x351.jpg 624w, https:\/\/hand2noteguide.com\/wp-content\/uploads\/2024\/09\/blinds-min-1.jpg 1600w\" sizes=\"auto, (max-width: 1024px) 100vw, 1024px\" \/><\/figure>\n\n\n\n<p>Les Small Blind et Big Blind sont d\u00e9j\u00e0 des positions d\u00e9savantageuses, car les joueurs doivent placer une mise obligatoire pr\u00e9flop avant m\u00eame de voir leurs cartes.<\/p>\n\n\n\n<h3 class=\"wp-block-heading\">Small Blind (SB)<\/h3>\n\n\n\n<p>La Small Blind est assise imm\u00e9diatement \u00e0 gauche du bouton du donneur. Bien qu\u2019elle ait re\u00e7u certaines informations sur les adversaires pr\u00e9flop, elle <strong>commence toujours l\u2019action<\/strong> postflop, ce qui est plus difficile que d\u2019\u00eatre en position.<\/p>\n\n\n\n<h3 class=\"wp-block-heading\">Big Blind (BB)<\/h3>\n\n\n\n<p>La Big Blind est la pire et \ud83d\ude23 <strong>la position la plus difficile<\/strong> \u00e0 la table de poker. Comme elle doit poster une blind compl\u00e8te avant de voir ses cartes, la BB doit <strong>jouer une range large<\/strong> de mains <strong>hors de position<\/strong> \u00e0 chaque <a href=\"\/fr\/poker\/poker-streets\/\">street<\/a>.<\/p>\n\n\n\n<p>Une autre particularit\u00e9 du jeu en BB est que vous b\u00e9n\u00e9ficiez de meilleures cotes du pot pour entrer dans le coup pr\u00e9flop. Ainsi, des mains qui ne sont pas jouables depuis d\u2019autres positions, m\u00eame au bouton, sont souvent jou\u00e9es depuis la big blind.<\/p>\n\n\n\n<h2 class=\"wp-block-heading\">Conclusion<\/h2>\n\n\n\n<p>Pour conclure, le concept de \u00ab\u202fposition\u202f\u00bb est tr\u00e8s important au poker. Conna\u00eetre toutes les positions \u00e0 la table vous permet non seulement de d\u00e9crire correctement une main de poker \u00e0 un ami, mais aussi d\u2019augmenter votre EV \u00e0 la table en profitant de l\u2019avantage d\u2019\u00eatre en position.<\/p>\n","protected":false},"excerpt":{"rendered":"<p>Le poker est un jeu de table o\u00f9 chaque si\u00e8ge poss\u00e8de son propre nom ou sa propre \u00ab\u202fposition\u202f\u00bb. La position n\u2019est pas li\u00e9e \u00e0 un si\u00e8ge sp\u00e9cifique\u202f: elle \ud83d\udd52 se d\u00e9place dans le sens des aiguilles d\u2019une montre \u00e0 chaque nouvelle main. De mani\u00e8re g\u00e9n\u00e9rale, les positions peuvent \u00eatre divis\u00e9es en 4 groupes principaux : &hellip; <a href=\"https:\/\/hand2noteguide.com\/fr\/poker\/poker-positions\/\" class=\"more-link\">Continue reading <span class=\"screen-reader-text\">Les positions au poker : leurs noms et leur importance \u00e0 la table<\/span><\/a><\/p>\n","protected":false},"author":1,"featured_media":0,"parent":7017,"menu_order":0,"comment_status":"closed","ping_status":"closed","template":"","meta":{"footnotes":""},"class_list":["post-7911","page","type-page","status-publish","hentry"],"translation":{"provider":"WPGlobus","version":"3.0.2","language":"fr","enabled_languages":["en","ru","pt","zh","es","fr","de","it","ja"],"languages":{"en":{"title":true,"content":true,"excerpt":false},"ru":{"title":true,"content":true,"excerpt":false},"pt":{"title":true,"content":true,"excerpt":false},"zh":{"title":true,"content":true,"excerpt":false},"es":{"title":true,"content":true,"excerpt":false},"fr":{"title":true,"content":true,"excerpt":false},"de":{"title":true,"content":true,"excerpt":false},"it":{"title":true,"content":true,"excerpt":false},"ja":{"title":true,"content":true,"excerpt":false}}},"yoast_head":"<!-- This site is optimized with the Yoast SEO plugin v27.0 - https:\/\/yoast.com\/product\/yoast-seo-wordpress\/ -->\n<title>Positions au poker : leurs noms et leur importance \u00e0 la table<\/title>\n<meta name=\"description\" content=\"Ma\u00eetriser les positions au poker am\u00e9liorera votre compr\u00e9hension du jeu. Positions pr\u00e9coces, interm\u00e9diaires, tardives et blinds : chacune a un r\u00f4le diff\u00e9rent.\" \/>\n<meta name=\"robots\" content=\"index, follow, max-snippet:-1, max-image-preview:large, max-video-preview:-1\" \/>\n<link rel=\"canonical\" href=\"https:\/\/hand2noteguide.com\/poker\/poker-positions\/\" \/>\n<meta property=\"og:locale\" content=\"fr_FR\" \/>\n<meta property=\"og:type\" content=\"article\" \/>\n<meta property=\"og:title\" content=\"Positions au poker : leurs noms et leur importance \u00e0 la table\" \/>\n<meta property=\"og:description\" content=\"Ma\u00eetriser les positions au poker am\u00e9liorera votre compr\u00e9hension du jeu. Positions pr\u00e9coces, interm\u00e9diaires, tardives et blinds : chacune a un r\u00f4le diff\u00e9rent.\" \/>\n<meta property=\"og:url\" content=\"https:\/\/hand2noteguide.com\/poker\/poker-positions\/\" \/>\n<meta property=\"og:site_name\" content=\"Hand2Note Guide\" \/>\n<meta property=\"article:modified_time\" content=\"2026-03-11T14:00:45+00:00\" \/>\n<meta property=\"og:image\" content=\"https:\/\/i1.wp.com\/hand2noteguide.com\/wp-content\/uploads\/2024\/09\/Short-Handed-Game-min.jpg?ssl=1\" \/>\n<meta name=\"twitter:card\" content=\"summary_large_image\" \/>\n<meta name=\"twitter:label1\" content=\"Est. reading time\" \/>\n\t<meta name=\"twitter:data1\" content=\"23 minutes\" \/>\n<!-- \/ Yoast SEO plugin. -->","yoast_head_json":{"title":"Positions au poker : leurs noms et leur importance \u00e0 la table","description":"Ma\u00eetriser les positions au poker am\u00e9liorera votre compr\u00e9hension du jeu. Positions pr\u00e9coces, interm\u00e9diaires, tardives et blinds : chacune a un r\u00f4le diff\u00e9rent.","robots":{"index":"index","follow":"follow","max-snippet":"max-snippet:-1","max-image-preview":"max-image-preview:large","max-video-preview":"max-video-preview:-1"},"canonical":"https:\/\/hand2noteguide.com\/poker\/poker-positions\/","og_locale":"fr_FR","og_type":"article","og_title":"Positions au poker : leurs noms et leur importance \u00e0 la table","og_description":"Ma\u00eetriser les positions au poker am\u00e9liorera votre compr\u00e9hension du jeu. Positions pr\u00e9coces, interm\u00e9diaires, tardives et blinds : chacune a un r\u00f4le diff\u00e9rent.","og_url":"https:\/\/hand2noteguide.com\/poker\/poker-positions\/","og_site_name":"Hand2Note Guide","article_modified_time":"2026-03-11T14:00:45+00:00","og_image":[{"url":"https:\/\/i1.wp.com\/hand2noteguide.com\/wp-content\/uploads\/2024\/09\/Short-Handed-Game-min.jpg?ssl=1","type":"","width":"","height":""}],"twitter_card":"summary_large_image","twitter_misc":{"Est. reading time":"23 minutes"},"schema":{"@context":"https:\/\/schema.org","@graph":[]}},"jetpack_sharing_enabled":true,"_links":{"self":[{"href":"https:\/\/hand2noteguide.com\/fr\/wp-json\/wp\/v2\/pages\/7911","targetHints":{"allow":["GET"]}}],"collection":[{"href":"https:\/\/hand2noteguide.com\/fr\/wp-json\/wp\/v2\/pages"}],"about":[{"href":"https:\/\/hand2noteguide.com\/fr\/wp-json\/wp\/v2\/types\/page"}],"author":[{"embeddable":true,"href":"https:\/\/hand2noteguide.com\/fr\/wp-json\/wp\/v2\/users\/1"}],"replies":[{"embeddable":true,"href":"https:\/\/hand2noteguide.com\/fr\/wp-json\/wp\/v2\/comments?post=7911"}],"version-history":[{"count":37,"href":"https:\/\/hand2noteguide.com\/fr\/wp-json\/wp\/v2\/pages\/7911\/revisions"}],"predecessor-version":[{"id":15818,"href":"https:\/\/hand2noteguide.com\/fr\/wp-json\/wp\/v2\/pages\/7911\/revisions\/15818"}],"up":[{"embeddable":true,"href":"https:\/\/hand2noteguide.com\/fr\/wp-json\/wp\/v2\/pages\/7017"}],"wp:attachment":[{"href":"https:\/\/hand2noteguide.com\/fr\/wp-json\/wp\/v2\/media?parent=7911"}],"curies":[{"name":"wp","href":"https:\/\/api.w.org\/{rel}","templated":true}]}}