{"id":7936,"date":"2024-09-11T01:50:12","date_gmt":"2024-09-10T22:50:12","guid":{"rendered":"https:\/\/hand2noteguide.com\/?page_id=7936"},"modified":"2026-03-11T16:55:58","modified_gmt":"2026-03-11T13:55:58","slug":"poker-streets","status":"publish","type":"page","link":"https:\/\/hand2noteguide.com\/fr\/poker\/poker-streets\/","title":{"rendered":"Les streets au poker : guide strat\u00e9gique du pr\u00e9flop \u00e0 la river"},"content":{"rendered":"\n<p>Le mot \u00ab street \u00bb est un <a href=\"\/fr\/poker\/poker-terms\/\">terme de poker<\/a> que vous rencontrerez tr\u00e8s souvent. Vous vous demandez ce que signifie une street au poker et comment elle influence la strat\u00e9gie ?<\/p>\n\n\n\n<p>L\u2019expression street fait r\u00e9f\u00e9rence \u00e0 l\u2019id\u00e9e que jouer au poker ressemble \u00e0 \ud83c\udfcd\ufe0f se promener dans une rue. Chaque nouvelle street <strong>apporte de nouvelles informations<\/strong> qui vous aident \u00e0 prendre des d\u00e9cisions plus \u00e9clair\u00e9es.<\/p>\n\n\n\n<div class=\"green-block\">\n<p style=\"margin-bottom:0\">\ud83d\udc49 <b>Les streets correspondent aux cartes distribu\u00e9es \u00e0 des moments pr\u00e9cis d\u2019une main<\/b>. Le terme est identique dans toutes les variantes de poker, y compris le poker \u00e0 cartes communes, le stud et le draw poker. Cependant, le nombre et les noms des streets peuvent varier.<\/p>\n<\/div>\n\n\n\n<p>Par exemple, dans les jeux \u00e0 cartes communes comme l\u2019Omaha et le Texas Hold\u2019em, on distingue cinq streets. Le Flop correspond \u00e0 trois streets puisque trois cartes sont r\u00e9v\u00e9l\u00e9es en m\u00eame temps. Ensuite viennent le Turn et la River, chacun apportant une carte suppl\u00e9mentaire.<\/p>\n\n\n\n<h2 class=\"wp-block-heading\">Les bases des streets au poker<\/h2>\n\n\n\n<p>Dans les jeux \u00e0 cartes communes comme le Texas Hold\u2019em et l\u2019Omaha, il est courant d\u2019utiliser les termes <strong>Pre-flop<\/strong>, <strong>Flop<\/strong>, <strong>Turn<\/strong> et <strong>River<\/strong>. Cependant, certains joueurs appellent \u00e9galement les cartes du Turn et de la River la quatri\u00e8me et la cinqui\u00e8me street.&nbsp;<\/p>\n\n\n\n<figure class=\"wp-block-image size-large\"><img loading=\"lazy\" decoding=\"async\" width=\"1024\" height=\"576\" src=\"http:\/\/hand2noteguide.com\/wp-content\/uploads\/2024\/09\/Streets-min-1-1024x576.jpg\" alt=\"Poker streets\" class=\"wp-image-7843\" srcset=\"https:\/\/hand2noteguide.com\/wp-content\/uploads\/2024\/09\/Streets-min-1-1024x576.jpg 1024w, https:\/\/hand2noteguide.com\/wp-content\/uploads\/2024\/09\/Streets-min-1-300x169.jpg 300w, https:\/\/hand2noteguide.com\/wp-content\/uploads\/2024\/09\/Streets-min-1-768x432.jpg 768w, https:\/\/hand2noteguide.com\/wp-content\/uploads\/2024\/09\/Streets-min-1-1536x864.jpg 1536w, https:\/\/hand2noteguide.com\/wp-content\/uploads\/2024\/09\/Streets-min-1-772x434.jpg 772w, https:\/\/hand2noteguide.com\/wp-content\/uploads\/2024\/09\/Streets-min-1-624x351.jpg 624w, https:\/\/hand2noteguide.com\/wp-content\/uploads\/2024\/09\/Streets-min-1.jpg 1600w\" sizes=\"auto, (max-width: 1024px) 100vw, 1024px\" \/><\/figure>\n\n\n\n<p>Une street d\u00e9crit la distribution des cartes, et non un tour d\u2019ench\u00e8res. Au Hold\u2019em et \u00e0 l\u2019Omaha, il y a quatre tours d\u2019ench\u00e8res : Pre-Flop, Flop, Turn et River.<\/p>\n\n\n\n<h2 class=\"wp-block-heading\">Le preflop<\/h2>\n\n\n\n<p>Le preflop est <strong>le premier tour d\u2019ench\u00e8res<\/strong> dans les jeux de poker \u00e0 cartes communes. C\u2019est le moment o\u00f9 les joueurs re\u00e7oivent leurs cartes ferm\u00e9es, mais aucune carte commune n\u2019a encore \u00e9t\u00e9 distribu\u00e9e. Les deux joueurs \u00e0 gauche du bouton placent les blinds, et cet argent mort constitue une incitation financi\u00e8re pour lancer la main.<\/p>\n\n\n\n<figure class=\"wp-block-image size-large\"><img loading=\"lazy\" decoding=\"async\" width=\"1024\" height=\"576\" src=\"https:\/\/hand2noteguide.com\/wp-content\/uploads\/2024\/09\/Preflop-min-1024x576.jpg\" alt=\"poker preflop\" class=\"wp-image-8069\" srcset=\"https:\/\/hand2noteguide.com\/wp-content\/uploads\/2024\/09\/Preflop-min-1024x576.jpg 1024w, https:\/\/hand2noteguide.com\/wp-content\/uploads\/2024\/09\/Preflop-min-300x169.jpg 300w, https:\/\/hand2noteguide.com\/wp-content\/uploads\/2024\/09\/Preflop-min-768x432.jpg 768w, https:\/\/hand2noteguide.com\/wp-content\/uploads\/2024\/09\/Preflop-min-1536x864.jpg 1536w, https:\/\/hand2noteguide.com\/wp-content\/uploads\/2024\/09\/Preflop-min-772x434.jpg 772w, https:\/\/hand2noteguide.com\/wp-content\/uploads\/2024\/09\/Preflop-min-624x351.jpg 624w, https:\/\/hand2noteguide.com\/wp-content\/uploads\/2024\/09\/Preflop-min.jpg 1600w\" sizes=\"auto, (max-width: 1024px) 100vw, 1024px\" \/><\/figure>\n\n\n\n<p>L\u2019action preflop commence avec le joueur en <a href=\"\/fr\/poker\/poker-positions\/\">position<\/a> under-the-gun et continue jusqu\u2019\u00e0 ce que tous les joueurs restants dans la main aient pay\u00e9 la plus grosse relance. Il est \u00e9galement possible que tous les joueurs sauf un se couchent. Dans ce cas, le gagnant de la main est d\u00e9j\u00e0 d\u00e9termin\u00e9 preflop et il n\u2019y aura pas d\u2019autres streets dans cette main.<\/p>\n\n\n\n<p>Le preflop peut sembler simple au premier abord, mais les d\u00e9cisions que vous prenez \u00e0 ce moment-l\u00e0 peuvent fortement influencer la fa\u00e7on dont vous jouerez le reste de la main.<\/p>\n\n\n\n<h3 class=\"wp-block-heading\">Pose les bases<\/h3>\n\n\n\n<p>Le preflop \u00e9tablit les bases du d\u00e9roulement de la main. Vous d\u00e9cidez de <a href=\"\/fr\/poker\/poker-actions\/\">payer, relancer ou vous coucher<\/a> en fonction de :<\/p>\n\n\n\n<ul class=\"wp-block-list\">\n<li>\ud83e\udd14 la force de vos cartes ferm\u00e9es ;<\/li>\n\n\n\n<li>\u2753 votre <a href=\"\/fr\/poker\/poker-positions\/\">position<\/a> \u00e0 la table ;<\/li>\n\n\n\n<li>\u2753 les <a href=\"\/fr\/poker\/poker-actions\/\">actions<\/a> effectu\u00e9es avant vous.<\/li>\n<\/ul>\n\n\n\n<p>Vos d\u00e9cisions d\u00e9pendent beaucoup de votre position \u00e0 la table : position early, middle ou late. Par exemple, vous devez jouer plus serr\u00e9 en position pr\u00e9coce. En revanche, en position tardive, vous pouvez observer les actions de vos adversaires avant de prendre votre d\u00e9cision. Cela vous donne plus de libert\u00e9 et vous permet de jouer davantage de mains de mani\u00e8re rentable.<\/p>\n\n\n\n<h3 class=\"wp-block-heading\">D\u00e9finit les <a href=\"https:\/\/blog.freebetrange.com\/fr\/article\/poker-preflop-ranges-a-comprehensive-guide\" target=\"_blank\" aria-label=\"undefined (opens in a new tab)\" rel=\"noreferrer noopener\">ranges de mains<\/a><\/h3>\n\n\n\n<p>Les joueurs exp\u00e9riment\u00e9s <strong>ne pensent pas seulement \u00e0 leurs cartes ferm\u00e9es<\/strong> pendant le preflop. Ils r\u00e9fl\u00e9chissent aussi aux diff\u00e9rentes mains possibles que leurs adversaires peuvent avoir en fonction de leurs actions. Si vous pouvez estimer la range de mains de votre adversaire, vous pouvez d\u00e9terminer si votre main est probablement devant ou derri\u00e8re. Vous pouvez alors adapter votre strat\u00e9gie en cons\u00e9quence.<\/p>\n\n\n\n<p>Par exemple : vous voyez votre adversaire effectuer un <a aria-label=\"undefined (opens in a new tab)\" href=\"https:\/\/blog.freebetrange.com\/fr\/article\/preflop-charts-open-raise-in-6-max-poker-cash-games\" target=\"_blank\" rel=\"noreferrer noopener\">open raise<\/a> depuis une position pr\u00e9coce. Cela indique souvent qu\u2019il poss\u00e8de une main premium ou au moins tr\u00e8s jouable.<\/p>\n\n\n\n<div class=\"green-block\">\n<p>En moyenne, un bon joueur open raise environ 15 % des mains depuis une position early :<\/p>\n<p style=\"margin-bottom:0\"><img decoding=\"async\" style=\"width:500px\" src=\"http:\/\/hand2noteguide.com\/wp-content\/uploads\/2024\/09\/ep-open-raise-min.png\" alt=\"utg open raise\"><\/p>\n<\/div>\n\n\n\n<h2 class=\"wp-block-heading\">Le flop<\/h2>\n\n\n\n<p>Dans les variantes Omaha et Texas Hold\u2019em, le Flop est le deuxi\u00e8me tour d\u2019ench\u00e8res apr\u00e8s le preflop. C\u2019est un moment passionnant o\u00f9 <strong>les trois premi\u00e8res cartes communes<\/strong> sont r\u00e9v\u00e9l\u00e9es sur le board. Ces cartes sont plac\u00e9es face visible pour tous les joueurs.<\/p>\n\n\n\n<figure class=\"wp-block-image size-large\"><img loading=\"lazy\" decoding=\"async\" width=\"1024\" height=\"576\" src=\"https:\/\/hand2noteguide.com\/wp-content\/uploads\/2024\/09\/Flop-min-1024x576.jpg\" alt=\"poker flop\" class=\"wp-image-7962\" srcset=\"https:\/\/hand2noteguide.com\/wp-content\/uploads\/2024\/09\/Flop-min-1024x576.jpg 1024w, https:\/\/hand2noteguide.com\/wp-content\/uploads\/2024\/09\/Flop-min-300x169.jpg 300w, https:\/\/hand2noteguide.com\/wp-content\/uploads\/2024\/09\/Flop-min-768x432.jpg 768w, https:\/\/hand2noteguide.com\/wp-content\/uploads\/2024\/09\/Flop-min-1536x864.jpg 1536w, https:\/\/hand2noteguide.com\/wp-content\/uploads\/2024\/09\/Flop-min-772x434.jpg 772w, https:\/\/hand2noteguide.com\/wp-content\/uploads\/2024\/09\/Flop-min-624x351.jpg 624w, https:\/\/hand2noteguide.com\/wp-content\/uploads\/2024\/09\/Flop-min.jpg 1600w\" sizes=\"auto, (max-width: 1024px) 100vw, 1024px\" \/><\/figure>\n\n\n\n<p>Il ne s\u2019agit pas simplement d\u2019un nouveau tour de distribution de cartes : c\u2019est souvent un moment d\u00e9cisif pour chaque joueur \u00e0 la table.<\/p>\n\n\n\n<h3 class=\"wp-block-heading\">D\u00e9termine la <a href=\"\/fr\/poker\/poker-hand-rankings\/\">force de votre main<\/a><\/h3>\n\n\n\n<p>Le flop est une \u00e9tape cruciale. Il fournit des informations essentielles qui aident les joueurs \u00e0 \u00e9valuer la force de leur main. En combinant les trois cartes communes du flop avec leurs cartes ferm\u00e9es, les joueurs peuvent estimer leurs chances de d\u00e9tenir la meilleure main. Cette information est essentielle pour d\u00e9cider de se coucher, checker, miser ou payer.&nbsp;<\/p>\n\n\n\n<h3 class=\"wp-block-heading\">Force les joueurs \u00e0 s\u2019adapter<\/h3>\n\n\n\n<p>Le flop pousse souvent les joueurs \u00e0 ajuster leur strat\u00e9gie, car il apporte de nouvelles informations. Les joueurs doivent tenir compte non seulement de leur propre main, mais aussi des mains possibles de leurs adversaires.&nbsp;<\/p>\n\n\n\n<p>Savoir s\u2019adapter au flop est un \u00e9l\u00e9ment cl\u00e9 du poker et peut avoir un impact majeur sur l\u2019issue de la main.<\/p>\n\n\n\n<h2 class=\"wp-block-heading\">Le turn<\/h2>\n\n\n\n<p>Apr\u00e8s le tour d\u2019ench\u00e8res du Flop, une carte est br\u00fbl\u00e9e du paquet et <strong>une quatri\u00e8me carte commune<\/strong> est r\u00e9v\u00e9l\u00e9e. Cette carte s\u2019appelle le Turn, \u00e9galement connu sous le nom de <strong>Fourth Street<\/strong>.<\/p>\n\n\n\n<figure class=\"wp-block-image size-large\"><img loading=\"lazy\" decoding=\"async\" width=\"1024\" height=\"576\" src=\"http:\/\/hand2noteguide.com\/wp-content\/uploads\/2024\/09\/Turn-min-1024x576.jpg\" alt=\"poker turn\" class=\"wp-image-7968\" srcset=\"https:\/\/hand2noteguide.com\/wp-content\/uploads\/2024\/09\/Turn-min-1024x576.jpg 1024w, https:\/\/hand2noteguide.com\/wp-content\/uploads\/2024\/09\/Turn-min-300x169.jpg 300w, https:\/\/hand2noteguide.com\/wp-content\/uploads\/2024\/09\/Turn-min-768x432.jpg 768w, https:\/\/hand2noteguide.com\/wp-content\/uploads\/2024\/09\/Turn-min-1536x864.jpg 1536w, https:\/\/hand2noteguide.com\/wp-content\/uploads\/2024\/09\/Turn-min-772x434.jpg 772w, https:\/\/hand2noteguide.com\/wp-content\/uploads\/2024\/09\/Turn-min-624x351.jpg 624w, https:\/\/hand2noteguide.com\/wp-content\/uploads\/2024\/09\/Turn-min.jpg 1600w\" sizes=\"auto, (max-width: 1024px) 100vw, 1024px\" \/><\/figure>\n\n\n\n<p>Le Turn est souvent un tour d\u2019ench\u00e8res sous-estim\u00e9 et rarement analys\u00e9 en profondeur. La plupart des contenus strat\u00e9giques se concentrent sur la bonne fa\u00e7on de jouer le flop et la river. Pourtant, le Turn est souvent n\u00e9glig\u00e9, consid\u00e9r\u00e9 simplement comme un pont entre deux streets plus importantes.<\/p>\n\n\n\n<p>Apr\u00e8s les tours d\u2019ench\u00e8res du Pre-flop et du Flop, le pot a souvent d\u00e9j\u00e0 grossi au point o\u00f9 vous devez d\u00e9cider si vous souhaitez vous engager r\u00e9ellement dans la main. C\u2019est pourquoi la strat\u00e9gie au Turn est une composante essentielle de toute main de poker.<\/p>\n\n\n\n<h3 class=\"wp-block-heading\">Change fortement <a href=\"https:\/\/www.getcoach.poker\/calculators\/holdem-odds\/\" target=\"_blank\" aria-label=\"undefined (opens in a new tab)\" rel=\"noreferrer noopener\">les probabilit\u00e9s des mains<\/a><\/h3>\n\n\n\n<p>En plus d\u2019ajouter une carte au board, la carte du Turn modifie les probabilit\u00e9s d\u2019am\u00e9lioration des mains.&nbsp; Les joueurs peuvent r\u00e9\u00e9valuer leurs chances de compl\u00e9ter une main gagnante et disposent de plus d\u2019informations pour analyser la situation.<\/p>\n\n\n\n<p>Par exemple, les chances de gagner d\u2019un joueur augmentent fortement \ud83d\ude80 si la carte du turn compl\u00e8te son tirage couleur. En revanche, si le Turn n\u2019am\u00e9liore pas sa main, il devra peut\u2011\u00eatre repenser sa strat\u00e9gie et d\u00e9cider s\u2019il doit se coucher ou continuer jusqu\u2019\u00e0 la derni\u00e8re street.<\/p>\n\n\n\n<div class=\"green-block\">\n<p>Au Turn, <b>les mains \u00e0 tirage ont beaucoup moins d\u2019\u00e9quit\u00e9 qu\u2019au Flop<\/b>. Par exemple, au Texas Hold\u2019em, avec un tirage couleur contre une top paire, vous aviez presque 40 % d\u2019\u00e9quit\u00e9 au Flop :<\/p>\n<p><img decoding=\"async\" src=\"http:\/\/hand2noteguide.com\/wp-content\/uploads\/2024\/09\/equity-1-min.png\"><\/p>\n<p>Apr\u00e8s avoir manqu\u00e9 votre carte au turn, il ne vous reste plus que 20 %.<\/p>\n<p><img decoding=\"async\" src=\"http:\/\/hand2noteguide.com\/wp-content\/uploads\/2024\/09\/equity-2-min.png\"><\/p>\n<p style=\"margin-bottom:0\">Votre \u00e9quit\u00e9 vient d\u2019\u00eatre divis\u00e9e par deux. Essayez des situations similaires avec le <a target=\"_blank\" href=\"https:\/\/www.getcoach.poker\/calculators\/holdem-odds\/\" rel=\"noopener\">Poker Odds Calculator<\/a>.<\/p>\n<\/div>\n\n\n\n<h3 class=\"wp-block-heading\">Met les comp\u00e9tences des joueurs \u00e0 l\u2019\u00e9preuve<\/h3>\n\n\n\n<p>Le turn est un moment crucial du jeu, o\u00f9 les comp\u00e9tences des joueurs sont mises \u00e0 l\u2019\u00e9preuve. \u00c0 ce stade, les joueurs doivent analyser attentivement les r\u00e9actions de leurs adversaires, leurs strat\u00e9gies de mise et leur approche globale de la main.<\/p>\n\n\n\n<p>\u00c0 ce stade, les <a href=\"\/fr\/poker\/poker-bluff\/\">techniques de bluff<\/a> deviennent encore plus importantes. Le pot est d\u00e9j\u00e0 cons\u00e9quent et il ne reste qu\u2019une seule street pour am\u00e9liorer sa main. Le tour d\u2019ench\u00e8res du Turn est donc une excellente occasion de mettre davantage de pression sur vos adversaires.<\/p>\n\n\n\n<h2 class=\"wp-block-heading\">La river<\/h2>\n\n\n\n<p>Apr\u00e8s le turn, la River commence avec la r\u00e9v\u00e9lation de la cinqui\u00e8me et <strong>derni\u00e8re carte commune face visible<\/strong> sur la table. C\u2019est la derni\u00e8re chance pour les joueurs d\u2019am\u00e9liorer leur main.<\/p>\n\n\n\n<figure class=\"wp-block-image size-large\"><img loading=\"lazy\" decoding=\"async\" width=\"1024\" height=\"576\" src=\"http:\/\/hand2noteguide.com\/wp-content\/uploads\/2024\/09\/River-min-1024x576.jpg\" alt=\"poker river\" class=\"wp-image-7969\" srcset=\"https:\/\/hand2noteguide.com\/wp-content\/uploads\/2024\/09\/River-min-1024x576.jpg 1024w, https:\/\/hand2noteguide.com\/wp-content\/uploads\/2024\/09\/River-min-300x169.jpg 300w, https:\/\/hand2noteguide.com\/wp-content\/uploads\/2024\/09\/River-min-768x432.jpg 768w, https:\/\/hand2noteguide.com\/wp-content\/uploads\/2024\/09\/River-min-1536x864.jpg 1536w, https:\/\/hand2noteguide.com\/wp-content\/uploads\/2024\/09\/River-min-772x434.jpg 772w, https:\/\/hand2noteguide.com\/wp-content\/uploads\/2024\/09\/River-min-624x351.jpg 624w, https:\/\/hand2noteguide.com\/wp-content\/uploads\/2024\/09\/River-min.jpg 1600w\" sizes=\"auto, (max-width: 1024px) 100vw, 1024px\" \/><\/figure>\n\n\n\n<p>La river est une street tr\u00e8s int\u00e9ressante et techniquement difficile, car les joueurs ne peuvent plus am\u00e9liorer leur main. Toutes les combinaisons sont d\u00e9j\u00e0 form\u00e9es et il ne reste plus qu\u2019un seul tour d\u2019ench\u00e8res avant le Showdown.<\/p>\n\n\n\n<h3 class=\"wp-block-heading\">Force des d\u00e9cisions co\u00fbteuses<\/h3>\n\n\n\n<p>Apr\u00e8s plusieurs tours d\u2019ench\u00e8res, le pot est g\u00e9n\u00e9ralement devenu tr\u00e8s important. Les d\u00e9cisions \u00e0 la river sont donc tr\u00e8s co\u00fbteuses, et vous pouvez ressentir une forte envie \u00e9motionnelle de remporter le pot. Vous pouvez aussi ressentir de la pression parce que vous avez d\u00e9j\u00e0 investi beaucoup d\u2019argent. Essayez de \ud83e\udde0 <strong>garder l\u2019esprit clair<\/strong> et de ne pas laisser vos \u00e9motions influencer vos d\u00e9cisions.<\/p>\n\n\n\n<p>N\u2019oubliez pas que vos adversaires sont dans la m\u00eame situation. Ainsi, <a href=\"\/fr\/poker\/poker-bluff\/\"><strong>bluffer \u00e0 la River<\/strong><\/a> peut \u00eatre une action risqu\u00e9e mais tr\u00e8s rentable. L\u2019essentiel est de choisir les bonnes situations et un sizing de mise adapt\u00e9.<\/p>\n\n\n\n<div class=\"green-block\">\n<p style=\"margin-bottom:0\">\ud83d\udca1 Faites attention \u00e0 vos value bets : <b>une main forte au Flop ne reste pas forc\u00e9ment forte \u00e0 la River<\/b>.<\/p>\n<\/div>\n\n\n\n<h3 class=\"wp-block-heading\">Provoque du <a href=\"\/fr\/poker\/poker-tilt\/\">tilt<\/a><\/h3>\n\n\n\n<p>Les erreurs les plus stupides et les plus co\u00fbteuses au poker sont souvent commises \u00e0 la River. Un probl\u00e8me fr\u00e9quent chez les joueurs est leur incapacit\u00e9 \u00e0 se coucher, m\u00eame lorsqu\u2019ils comprennent qu\u2019ils vont probablement perdre au showdown. \u00c0 la River, plus que sur toute autre street, l\u2019aspect psychologique est extr\u00eamement important.<\/p>\n\n\n\n<h2 class=\"wp-block-heading\">Conclusion<\/h2>\n\n\n\n<p>Pour r\u00e9ussir au poker, vous devez comprendre ce que sont les streets et comment elles influencent votre strat\u00e9gie.&nbsp;<\/p>\n\n\n\n<p>Du preflop \u00e0 la river, chaque street apporte ses propres opportunit\u00e9s et d\u00e9fis. En ma\u00eetrisant les sp\u00e9cificit\u00e9s de chaque \u00e9tape, vous pourrez prendre de meilleures d\u00e9cisions, vous adapter aux nouvelles informations et am\u00e9liorer votre jeu global.<\/p>\n","protected":false},"excerpt":{"rendered":"<p>Le mot \u00ab street \u00bb est un terme de poker que vous rencontrerez tr\u00e8s souvent. Vous vous demandez ce que signifie une street au poker et comment elle influence la strat\u00e9gie ? L\u2019expression street fait r\u00e9f\u00e9rence \u00e0 l\u2019id\u00e9e que jouer au poker ressemble \u00e0 \ud83c\udfcd\ufe0f se promener dans une rue. Chaque nouvelle street apporte de &hellip; <a href=\"https:\/\/hand2noteguide.com\/fr\/poker\/poker-streets\/\" class=\"more-link\">Continue reading <span class=\"screen-reader-text\">Les streets au poker : guide strat\u00e9gique du pr\u00e9flop \u00e0 la river<\/span><\/a><\/p>\n","protected":false},"author":1,"featured_media":0,"parent":7017,"menu_order":0,"comment_status":"closed","ping_status":"closed","template":"","meta":{"footnotes":""},"class_list":["post-7936","page","type-page","status-publish","hentry"],"translation":{"provider":"WPGlobus","version":"3.0.2","language":"fr","enabled_languages":["en","ru","pt","zh","es","fr","de","it","ja"],"languages":{"en":{"title":true,"content":true,"excerpt":false},"ru":{"title":true,"content":true,"excerpt":false},"pt":{"title":true,"content":true,"excerpt":false},"zh":{"title":true,"content":true,"excerpt":false},"es":{"title":true,"content":true,"excerpt":false},"fr":{"title":true,"content":true,"excerpt":false},"de":{"title":true,"content":true,"excerpt":false},"it":{"title":true,"content":true,"excerpt":false},"ja":{"title":true,"content":true,"excerpt":false}}},"yoast_head":"<!-- This site is optimized with the Yoast SEO plugin v27.0 - https:\/\/yoast.com\/product\/yoast-seo-wordpress\/ -->\n<title>Les streets au poker : guide strat\u00e9gique du pr\u00e9flop \u00e0 la river<\/title>\n<meta name=\"description\" content=\"D\u00e9couvrez le nom de toutes les streets au poker et leurs sp\u00e9cificit\u00e9s. Preflop, flop, turn et river : chaque street a ses propres \u00e9l\u00e9ments strat\u00e9giques.\" \/>\n<meta name=\"robots\" content=\"index, follow, max-snippet:-1, max-image-preview:large, max-video-preview:-1\" \/>\n<link rel=\"canonical\" href=\"https:\/\/hand2noteguide.com\/poker\/poker-streets\/\" \/>\n<meta property=\"og:locale\" content=\"fr_FR\" \/>\n<meta property=\"og:type\" content=\"article\" \/>\n<meta property=\"og:title\" content=\"Les streets au poker : guide strat\u00e9gique du pr\u00e9flop \u00e0 la river\" \/>\n<meta property=\"og:description\" content=\"D\u00e9couvrez le nom de toutes les streets au poker et leurs sp\u00e9cificit\u00e9s. Preflop, flop, turn et river : chaque street a ses propres \u00e9l\u00e9ments strat\u00e9giques.\" \/>\n<meta property=\"og:url\" content=\"https:\/\/hand2noteguide.com\/poker\/poker-streets\/\" \/>\n<meta property=\"og:site_name\" content=\"Hand2Note Guide\" \/>\n<meta property=\"article:modified_time\" content=\"2026-03-11T13:55:58+00:00\" \/>\n<meta property=\"og:image\" content=\"http:\/\/hand2noteguide.com\/wp-content\/uploads\/2024\/09\/Streets-min-1-1024x576.jpg\" \/>\n<meta name=\"twitter:card\" content=\"summary_large_image\" \/>\n<meta name=\"twitter:label1\" content=\"Est. reading time\" \/>\n\t<meta name=\"twitter:data1\" content=\"70 minutes\" \/>\n<!-- \/ Yoast SEO plugin. -->","yoast_head_json":{"title":"Les streets au poker : guide strat\u00e9gique du pr\u00e9flop \u00e0 la river","description":"D\u00e9couvrez le nom de toutes les streets au poker et leurs sp\u00e9cificit\u00e9s. Preflop, flop, turn et river : chaque street a ses propres \u00e9l\u00e9ments strat\u00e9giques.","robots":{"index":"index","follow":"follow","max-snippet":"max-snippet:-1","max-image-preview":"max-image-preview:large","max-video-preview":"max-video-preview:-1"},"canonical":"https:\/\/hand2noteguide.com\/poker\/poker-streets\/","og_locale":"fr_FR","og_type":"article","og_title":"Les streets au poker : guide strat\u00e9gique du pr\u00e9flop \u00e0 la river","og_description":"D\u00e9couvrez le nom de toutes les streets au poker et leurs sp\u00e9cificit\u00e9s. Preflop, flop, turn et river : chaque street a ses propres \u00e9l\u00e9ments strat\u00e9giques.","og_url":"https:\/\/hand2noteguide.com\/poker\/poker-streets\/","og_site_name":"Hand2Note Guide","article_modified_time":"2026-03-11T13:55:58+00:00","og_image":[{"url":"http:\/\/hand2noteguide.com\/wp-content\/uploads\/2024\/09\/Streets-min-1-1024x576.jpg","type":"","width":"","height":""}],"twitter_card":"summary_large_image","twitter_misc":{"Est. reading time":"70 minutes"},"schema":{"@context":"https:\/\/schema.org","@graph":[]}},"jetpack_sharing_enabled":true,"_links":{"self":[{"href":"https:\/\/hand2noteguide.com\/fr\/wp-json\/wp\/v2\/pages\/7936","targetHints":{"allow":["GET"]}}],"collection":[{"href":"https:\/\/hand2noteguide.com\/fr\/wp-json\/wp\/v2\/pages"}],"about":[{"href":"https:\/\/hand2noteguide.com\/fr\/wp-json\/wp\/v2\/types\/page"}],"author":[{"embeddable":true,"href":"https:\/\/hand2noteguide.com\/fr\/wp-json\/wp\/v2\/users\/1"}],"replies":[{"embeddable":true,"href":"https:\/\/hand2noteguide.com\/fr\/wp-json\/wp\/v2\/comments?post=7936"}],"version-history":[{"count":57,"href":"https:\/\/hand2noteguide.com\/fr\/wp-json\/wp\/v2\/pages\/7936\/revisions"}],"predecessor-version":[{"id":15811,"href":"https:\/\/hand2noteguide.com\/fr\/wp-json\/wp\/v2\/pages\/7936\/revisions\/15811"}],"up":[{"embeddable":true,"href":"https:\/\/hand2noteguide.com\/fr\/wp-json\/wp\/v2\/pages\/7017"}],"wp:attachment":[{"href":"https:\/\/hand2noteguide.com\/fr\/wp-json\/wp\/v2\/media?parent=7936"}],"curies":[{"name":"wp","href":"https:\/\/api.w.org\/{rel}","templated":true}]}}