{"id":7989,"date":"2024-09-11T06:48:33","date_gmt":"2024-09-11T03:48:33","guid":{"rendered":"https:\/\/hand2noteguide.com\/?page_id=7989"},"modified":"2026-03-21T15:23:53","modified_gmt":"2026-03-21T12:23:53","slug":"888caption","status":"publish","type":"page","link":"https:\/\/hand2noteguide.com\/fr\/888caption\/","title":{"rendered":"888Caption \u267e\ufe0f Votre meilleur assistant sur 888poker et WSOP.com"},"content":{"rendered":"\n<p style=\"margin-top:8px\"><span class=\"product-price\">25 $<\/span> <span class=\"product-price-desc\">(licence d&#8217;un an)<\/span><\/p>\n\n\n<p><a class=\"btn btn-primary h2n-crypto-open-checkout\" href=\"https:\/\/hand2noteguide.com\/fr\/?h2n_crypto_checkout=1&#038;cfg=eyJwcm9kdWN0X2lkIjoyLCJwcm9kdWN0X3ByaWNlIjoiMjUiLCJkb3dubG9hZF9saW5rIjoiaHR0cHM6XC9cL3Bva2VyY2FwdGlvbi5jb21cL2Rvd25sb2Fkcy5odG1sIiwidmVuZG9yX2VtYWlsIjoicG9rZXJjYXB0aW9uQGdtYWlsLmNvbSIsImxpY2Vuc2VfaWRfcmVxdWlyZWQiOnRydWUsIm5ldHdvcmsiOiJ1c2R0X3RyYzIwIiwiY3VycmVuY3kiOiJVU0RUIiwiYmFzZV9hbW91bnQiOiIyNS4wMDAwMDAiLCJidXR0b25fdGV4dCI6IkFjaGV0ZXIiLCJ0aXRsZSI6IiIsImRlc2NyaXB0aW9uIjoiIiwic3VjY2Vzc19tb2RlIjoibWFudWFsX2Z1bGZpbGxtZW50IiwicmVxdWlyZV9lbWFpbCI6dHJ1ZSwidHRsX21pbnV0ZXMiOjYwLCJ3YWxsZXQiOiJUTUp3UjNHZTV5TEpvQ0o4ckZ0Y2lRa1JjaDVqRFJMbnUzIn0%3D&#038;sig=c8cd52b7dc36980b228ed57edd3849e55f2fb8e2fe1b71eb6e76ebe05f60f2ef\" target=\"_blank\" rel=\"noopener noreferrer\">Acheter<\/a><\/p>\n\n\n\n<p>888Caption est un outil d&#8217;assistance au poker pour jouer confortablement dans les salles de poker 888poker et WSOP.com. Le programme prend \u00e9galement en charge 888poker.es, 888poker.dk, et toutes les autres r\u00e9servations 888. Voici quelques-unes des <strong>fonctionnalit\u00e9s de 888caption<\/strong> :<\/p>\n\n\n\n<ul class=\"wp-block-list\">\n<li><strong>Tailles de mises automatiques<\/strong> : Tailles de mises pr\u00e9d\u00e9finies pour diff\u00e9rentes situations dans les parties en cash et les tournois.<\/li>\n\n\n\n<li><strong>Raccourcis clavier<\/strong> : Boutons d&#8217;action rapide pour se coucher, relancer, se retirer, et plus encore.<\/li>\n\n\n\n<li><strong>HUD personnalis\u00e9<\/strong> : Affiche des statistiques utiles comme les <a href=\"https:\/\/hand2noteguide.com\/fr\/poker\/free-poker-tools\/pot-odds-calculator\">cotes du pot<\/a>, les tailles de stack, et les positions des joueurs.<\/li>\n\n\n\n<li><strong>Ajustements des mises avec la molette de la souris<\/strong> : Changez facilement les tailles de mise en utilisant la molette de la souris.<\/li>\n\n\n\n<li><strong>Gestion du lobby<\/strong> : Cache les publicit\u00e9s et emp\u00eache le lobby de se minimiser lors de l&#8217;ouverture des tables.<\/li>\n\n\n\n<li><strong>Rebuy automatique<\/strong> : Rach\u00e8te automatiquement lorsque votre stack devient faible.<\/li>\n\n\n\n<li><strong>Personnalisation de la table<\/strong> : Ajustez la taille de la table, le cadre, et les couleurs du texte \u00e0 votre convenance.<\/li>\n\n\n\n<li>Et bien plus encore !<\/li>\n<\/ul>\n\n\n\n<p>888Caption fonctionne parfaitement avec <strong><a aria-label=\"undefined (ouvre dans un nouvel onglet)\" href=\"https:\/\/hand2note.com\/fr\/\" target=\"_blank\" rel=\"noreferrer noopener\">Hand2Note<\/a><\/strong> et est officiellement \u2705 <strong>approuv\u00e9 par le support 888<\/strong>.<\/p>\n\n\n\n<figure class=\"wp-block-gallery has-nested-images columns-default is-cropped wp-block-gallery-1 is-layout-flex wp-block-gallery-is-layout-flex\">\n<figure class=\"wp-block-image size-large\"><img loading=\"lazy\" decoding=\"async\" width=\"972\" height=\"664\" data-id=\"7997\" src=\"https:\/\/hand2noteguide.com\/wp-content\/uploads\/2024\/09\/Betscript.jpg\" alt=\"\" class=\"wp-image-7997\" srcset=\"https:\/\/hand2noteguide.com\/wp-content\/uploads\/2024\/09\/Betscript.jpg 972w, https:\/\/hand2noteguide.com\/wp-content\/uploads\/2024\/09\/Betscript-300x205.jpg 300w, https:\/\/hand2noteguide.com\/wp-content\/uploads\/2024\/09\/Betscript-768x525.jpg 768w, https:\/\/hand2noteguide.com\/wp-content\/uploads\/2024\/09\/Betscript-772x527.jpg 772w, https:\/\/hand2noteguide.com\/wp-content\/uploads\/2024\/09\/Betscript-624x426.jpg 624w\" sizes=\"auto, (max-width: 972px) 100vw, 972px\" \/><\/figure>\n\n\n\n<figure class=\"wp-block-image size-large\"><img loading=\"lazy\" decoding=\"async\" width=\"970\" height=\"663\" data-id=\"7998\" src=\"https:\/\/hand2noteguide.com\/wp-content\/uploads\/2024\/09\/Convert-chips.jpg\" alt=\"\" class=\"wp-image-7998\" srcset=\"https:\/\/hand2noteguide.com\/wp-content\/uploads\/2024\/09\/Convert-chips.jpg 970w, https:\/\/hand2noteguide.com\/wp-content\/uploads\/2024\/09\/Convert-chips-300x205.jpg 300w, https:\/\/hand2noteguide.com\/wp-content\/uploads\/2024\/09\/Convert-chips-768x525.jpg 768w, https:\/\/hand2noteguide.com\/wp-content\/uploads\/2024\/09\/Convert-chips-772x528.jpg 772w, https:\/\/hand2noteguide.com\/wp-content\/uploads\/2024\/09\/Convert-chips-624x427.jpg 624w\" sizes=\"auto, (max-width: 970px) 100vw, 970px\" \/><\/figure>\n\n\n\n<figure class=\"wp-block-image size-large\"><img loading=\"lazy\" decoding=\"async\" width=\"970\" height=\"664\" data-id=\"8002\" src=\"https:\/\/hand2noteguide.com\/wp-content\/uploads\/2024\/09\/Dialogs.jpg\" alt=\"\" class=\"wp-image-8002\" srcset=\"https:\/\/hand2noteguide.com\/wp-content\/uploads\/2024\/09\/Dialogs.jpg 970w, https:\/\/hand2noteguide.com\/wp-content\/uploads\/2024\/09\/Dialogs-300x205.jpg 300w, https:\/\/hand2noteguide.com\/wp-content\/uploads\/2024\/09\/Dialogs-768x526.jpg 768w, https:\/\/hand2noteguide.com\/wp-content\/uploads\/2024\/09\/Dialogs-772x528.jpg 772w, https:\/\/hand2noteguide.com\/wp-content\/uploads\/2024\/09\/Dialogs-624x427.jpg 624w\" sizes=\"auto, (max-width: 970px) 100vw, 970px\" \/><\/figure>\n\n\n\n<figure class=\"wp-block-image size-large\"><img loading=\"lazy\" decoding=\"async\" width=\"969\" height=\"665\" data-id=\"8001\" src=\"https:\/\/hand2noteguide.com\/wp-content\/uploads\/2024\/09\/Hotkeys.jpg\" alt=\"\" class=\"wp-image-8001\" srcset=\"https:\/\/hand2noteguide.com\/wp-content\/uploads\/2024\/09\/Hotkeys.jpg 969w, https:\/\/hand2noteguide.com\/wp-content\/uploads\/2024\/09\/Hotkeys-300x206.jpg 300w, https:\/\/hand2noteguide.com\/wp-content\/uploads\/2024\/09\/Hotkeys-768x527.jpg 768w, https:\/\/hand2noteguide.com\/wp-content\/uploads\/2024\/09\/Hotkeys-772x530.jpg 772w, https:\/\/hand2noteguide.com\/wp-content\/uploads\/2024\/09\/Hotkeys-624x428.jpg 624w\" sizes=\"auto, (max-width: 969px) 100vw, 969px\" \/><\/figure>\n\n\n\n<figure class=\"wp-block-image size-large\"><img loading=\"lazy\" decoding=\"async\" width=\"969\" height=\"664\" data-id=\"8003\" src=\"https:\/\/hand2noteguide.com\/wp-content\/uploads\/2024\/09\/HUD.jpg\" alt=\"\" class=\"wp-image-8003\" srcset=\"https:\/\/hand2noteguide.com\/wp-content\/uploads\/2024\/09\/HUD.jpg 969w, https:\/\/hand2noteguide.com\/wp-content\/uploads\/2024\/09\/HUD-300x206.jpg 300w, https:\/\/hand2noteguide.com\/wp-content\/uploads\/2024\/09\/HUD-768x526.jpg 768w, https:\/\/hand2noteguide.com\/wp-content\/uploads\/2024\/09\/HUD-772x529.jpg 772w, https:\/\/hand2noteguide.com\/wp-content\/uploads\/2024\/09\/HUD-624x428.jpg 624w\" sizes=\"auto, (max-width: 969px) 100vw, 969px\" \/><\/figure>\n\n\n\n<figure class=\"wp-block-image size-large\"><img loading=\"lazy\" decoding=\"async\" width=\"970\" height=\"664\" data-id=\"8000\" src=\"https:\/\/hand2noteguide.com\/wp-content\/uploads\/2024\/09\/Layout-editor.jpg\" alt=\"\" class=\"wp-image-8000\" srcset=\"https:\/\/hand2noteguide.com\/wp-content\/uploads\/2024\/09\/Layout-editor.jpg 970w, https:\/\/hand2noteguide.com\/wp-content\/uploads\/2024\/09\/Layout-editor-300x205.jpg 300w, https:\/\/hand2noteguide.com\/wp-content\/uploads\/2024\/09\/Layout-editor-768x526.jpg 768w, https:\/\/hand2noteguide.com\/wp-content\/uploads\/2024\/09\/Layout-editor-772x528.jpg 772w, https:\/\/hand2noteguide.com\/wp-content\/uploads\/2024\/09\/Layout-editor-624x427.jpg 624w\" sizes=\"auto, (max-width: 970px) 100vw, 970px\" \/><\/figure>\n\n\n\n<figure class=\"wp-block-image size-large\"><img loading=\"lazy\" decoding=\"async\" width=\"969\" height=\"663\" data-id=\"7996\" src=\"https:\/\/hand2noteguide.com\/wp-content\/uploads\/2024\/09\/License.jpg\" alt=\"\" class=\"wp-image-7996\" srcset=\"https:\/\/hand2noteguide.com\/wp-content\/uploads\/2024\/09\/License.jpg 969w, https:\/\/hand2noteguide.com\/wp-content\/uploads\/2024\/09\/License-300x205.jpg 300w, https:\/\/hand2noteguide.com\/wp-content\/uploads\/2024\/09\/License-768x525.jpg 768w, https:\/\/hand2noteguide.com\/wp-content\/uploads\/2024\/09\/License-772x528.jpg 772w, https:\/\/hand2noteguide.com\/wp-content\/uploads\/2024\/09\/License-624x427.jpg 624w\" sizes=\"auto, (max-width: 969px) 100vw, 969px\" \/><\/figure>\n\n\n\n<figure class=\"wp-block-image size-large\"><img loading=\"lazy\" decoding=\"async\" width=\"970\" height=\"667\" data-id=\"7995\" src=\"https:\/\/hand2noteguide.com\/wp-content\/uploads\/2024\/09\/Lobby.jpg\" alt=\"\" class=\"wp-image-7995\" srcset=\"https:\/\/hand2noteguide.com\/wp-content\/uploads\/2024\/09\/Lobby.jpg 970w, https:\/\/hand2noteguide.com\/wp-content\/uploads\/2024\/09\/Lobby-300x206.jpg 300w, https:\/\/hand2noteguide.com\/wp-content\/uploads\/2024\/09\/Lobby-768x528.jpg 768w, https:\/\/hand2noteguide.com\/wp-content\/uploads\/2024\/09\/Lobby-772x531.jpg 772w, https:\/\/hand2noteguide.com\/wp-content\/uploads\/2024\/09\/Lobby-624x429.jpg 624w\" sizes=\"auto, (max-width: 970px) 100vw, 970px\" \/><\/figure>\n\n\n\n<figure class=\"wp-block-image size-large\"><img loading=\"lazy\" decoding=\"async\" width=\"969\" height=\"663\" data-id=\"8004\" src=\"https:\/\/hand2noteguide.com\/wp-content\/uploads\/2024\/09\/Options.jpg\" alt=\"\" class=\"wp-image-8004\" srcset=\"https:\/\/hand2noteguide.com\/wp-content\/uploads\/2024\/09\/Options.jpg 969w, https:\/\/hand2noteguide.com\/wp-content\/uploads\/2024\/09\/Options-300x205.jpg 300w, https:\/\/hand2noteguide.com\/wp-content\/uploads\/2024\/09\/Options-768x525.jpg 768w, https:\/\/hand2noteguide.com\/wp-content\/uploads\/2024\/09\/Options-772x528.jpg 772w, https:\/\/hand2noteguide.com\/wp-content\/uploads\/2024\/09\/Options-624x427.jpg 624w\" sizes=\"auto, (max-width: 969px) 100vw, 969px\" \/><\/figure>\n\n\n\n<figure class=\"wp-block-image size-large\"><img loading=\"lazy\" decoding=\"async\" width=\"969\" height=\"663\" data-id=\"7994\" src=\"https:\/\/hand2noteguide.com\/wp-content\/uploads\/2024\/09\/Table-highlight.jpg\" alt=\"\" class=\"wp-image-7994\" srcset=\"https:\/\/hand2noteguide.com\/wp-content\/uploads\/2024\/09\/Table-highlight.jpg 969w, https:\/\/hand2noteguide.com\/wp-content\/uploads\/2024\/09\/Table-highlight-300x205.jpg 300w, https:\/\/hand2noteguide.com\/wp-content\/uploads\/2024\/09\/Table-highlight-768x525.jpg 768w, https:\/\/hand2noteguide.com\/wp-content\/uploads\/2024\/09\/Table-highlight-772x528.jpg 772w, https:\/\/hand2noteguide.com\/wp-content\/uploads\/2024\/09\/Table-highlight-624x427.jpg 624w\" sizes=\"auto, (max-width: 969px) 100vw, 969px\" \/><\/figure>\n\n\n\n<figure class=\"wp-block-image size-large\"><img loading=\"lazy\" decoding=\"async\" width=\"969\" height=\"663\" data-id=\"7999\" src=\"https:\/\/hand2noteguide.com\/wp-content\/uploads\/2024\/09\/Table-manager.jpg\" alt=\"\" class=\"wp-image-7999\" srcset=\"https:\/\/hand2noteguide.com\/wp-content\/uploads\/2024\/09\/Table-manager.jpg 969w, https:\/\/hand2noteguide.com\/wp-content\/uploads\/2024\/09\/Table-manager-300x205.jpg 300w, https:\/\/hand2noteguide.com\/wp-content\/uploads\/2024\/09\/Table-manager-768x525.jpg 768w, https:\/\/hand2noteguide.com\/wp-content\/uploads\/2024\/09\/Table-manager-772x528.jpg 772w, https:\/\/hand2noteguide.com\/wp-content\/uploads\/2024\/09\/Table-manager-624x427.jpg 624w\" sizes=\"auto, (max-width: 969px) 100vw, 969px\" \/><\/figure>\n<\/figure>\n","protected":false},"excerpt":{"rendered":"<p>25 $ (licence d&#8217;un an) 888Caption est un outil d&#8217;assistance au poker pour jouer confortablement dans les salles de poker 888poker et WSOP.com. Le programme prend \u00e9galement en charge 888poker.es, 888poker.dk, et toutes les autres r\u00e9servations 888. Voici quelques-unes des fonctionnalit\u00e9s de 888caption : 888Caption fonctionne parfaitement avec Hand2Note et est officiellement \u2705 approuv\u00e9 par &hellip; <a href=\"https:\/\/hand2noteguide.com\/fr\/888caption\/\" class=\"more-link\">Continue reading <span class=\"screen-reader-text\">888Caption \u267e\ufe0f Votre meilleur assistant sur 888poker et WSOP.com<\/span><\/a><\/p>\n","protected":false},"author":1,"featured_media":0,"parent":0,"menu_order":0,"comment_status":"closed","ping_status":"closed","template":"page-templates\/full-width-page.php","meta":{"footnotes":""},"class_list":["post-7989","page","type-page","status-publish","hentry"],"translation":{"provider":"WPGlobus","version":"3.0.2","language":"fr","enabled_languages":["en","ru","pt","zh","es","fr","de","it","ja"],"languages":{"en":{"title":true,"content":true,"excerpt":false},"ru":{"title":true,"content":true,"excerpt":false},"pt":{"title":true,"content":true,"excerpt":false},"zh":{"title":true,"content":true,"excerpt":false},"es":{"title":true,"content":true,"excerpt":false},"fr":{"title":true,"content":true,"excerpt":false},"de":{"title":true,"content":true,"excerpt":false},"it":{"title":true,"content":true,"excerpt":false},"ja":{"title":true,"content":true,"excerpt":false}}},"yoast_head":"<!-- This site is optimized with the Yoast SEO plugin v27.0 - https:\/\/yoast.com\/product\/yoast-seo-wordpress\/ -->\n<title>888Caption \u267e\ufe0f Votre meilleur assistant sur 888poker et WSOP.com<\/title>\n<meta name=\"description\" content=\"888Caption est le meilleur outil d&#039;assistance pour jouer sur 888poker et WSOP.com. Convertissez les jetons en BB, utilisez des raccourcis clavier, affichez les positions, les cotes du pot, et bien plus encore !\" \/>\n<meta name=\"robots\" content=\"index, follow, max-snippet:-1, max-image-preview:large, max-video-preview:-1\" \/>\n<link rel=\"canonical\" href=\"https:\/\/hand2noteguide.com\/888caption\/\" \/>\n<meta property=\"og:locale\" content=\"fr_FR\" \/>\n<meta property=\"og:type\" content=\"article\" \/>\n<meta property=\"og:title\" content=\"888Caption \u267e\ufe0f Votre meilleur assistant sur 888poker et WSOP.com\" \/>\n<meta property=\"og:description\" content=\"888Caption est le meilleur outil d&#039;assistance pour jouer sur 888poker et WSOP.com. Convertissez les jetons en BB, utilisez des raccourcis clavier, affichez les positions, les cotes du pot, et bien plus encore !\" \/>\n<meta property=\"og:url\" content=\"https:\/\/hand2noteguide.com\/888caption\/\" \/>\n<meta property=\"og:site_name\" content=\"Hand2Note Guide\" \/>\n<meta property=\"article:modified_time\" content=\"2026-03-21T12:23:53+00:00\" \/>\n<meta property=\"og:image\" content=\"https:\/\/hand2noteguide.com\/wp-content\/uploads\/2024\/09\/Betscript.jpg\" \/>\n\t<meta property=\"og:image:width\" content=\"972\" \/>\n\t<meta property=\"og:image:height\" content=\"664\" \/>\n\t<meta property=\"og:image:type\" content=\"image\/jpeg\" \/>\n<meta name=\"twitter:card\" content=\"summary_large_image\" \/>\n<meta name=\"twitter:label1\" content=\"Est. reading time\" \/>\n\t<meta name=\"twitter:data1\" content=\"3 minutes\" \/>\n<!-- \/ Yoast SEO plugin. -->","yoast_head_json":{"title":"888Caption \u267e\ufe0f Votre meilleur assistant sur 888poker et WSOP.com","description":"888Caption est le meilleur outil d'assistance pour jouer sur 888poker et WSOP.com. Convertissez les jetons en BB, utilisez des raccourcis clavier, affichez les positions, les cotes du pot, et bien plus encore !","robots":{"index":"index","follow":"follow","max-snippet":"max-snippet:-1","max-image-preview":"max-image-preview:large","max-video-preview":"max-video-preview:-1"},"canonical":"https:\/\/hand2noteguide.com\/888caption\/","og_locale":"fr_FR","og_type":"article","og_title":"888Caption \u267e\ufe0f Votre meilleur assistant sur 888poker et WSOP.com","og_description":"888Caption est le meilleur outil d'assistance pour jouer sur 888poker et WSOP.com. Convertissez les jetons en BB, utilisez des raccourcis clavier, affichez les positions, les cotes du pot, et bien plus encore !","og_url":"https:\/\/hand2noteguide.com\/888caption\/","og_site_name":"Hand2Note Guide","article_modified_time":"2026-03-21T12:23:53+00:00","og_image":[{"width":972,"height":664,"url":"https:\/\/hand2noteguide.com\/wp-content\/uploads\/2024\/09\/Betscript.jpg","type":"image\/jpeg"}],"twitter_card":"summary_large_image","twitter_misc":{"Est. reading time":"3 minutes"},"schema":{"@context":"https:\/\/schema.org","@graph":[]}},"jetpack_sharing_enabled":true,"_links":{"self":[{"href":"https:\/\/hand2noteguide.com\/fr\/wp-json\/wp\/v2\/pages\/7989","targetHints":{"allow":["GET"]}}],"collection":[{"href":"https:\/\/hand2noteguide.com\/fr\/wp-json\/wp\/v2\/pages"}],"about":[{"href":"https:\/\/hand2noteguide.com\/fr\/wp-json\/wp\/v2\/types\/page"}],"author":[{"embeddable":true,"href":"https:\/\/hand2noteguide.com\/fr\/wp-json\/wp\/v2\/users\/1"}],"replies":[{"embeddable":true,"href":"https:\/\/hand2noteguide.com\/fr\/wp-json\/wp\/v2\/comments?post=7989"}],"version-history":[{"count":17,"href":"https:\/\/hand2noteguide.com\/fr\/wp-json\/wp\/v2\/pages\/7989\/revisions"}],"predecessor-version":[{"id":15964,"href":"https:\/\/hand2noteguide.com\/fr\/wp-json\/wp\/v2\/pages\/7989\/revisions\/15964"}],"wp:attachment":[{"href":"https:\/\/hand2noteguide.com\/fr\/wp-json\/wp\/v2\/media?parent=7989"}],"curies":[{"name":"wp","href":"https:\/\/api.w.org\/{rel}","templated":true}]}}