{"id":8012,"date":"2024-09-11T09:08:57","date_gmt":"2024-09-11T06:08:57","guid":{"rendered":"https:\/\/hand2noteguide.com\/?page_id=8012"},"modified":"2026-02-21T13:14:40","modified_gmt":"2026-02-21T10:14:40","slug":"partycaption","status":"publish","type":"page","link":"https:\/\/hand2noteguide.com\/fr\/partycaption\/","title":{"rendered":"PartyCaption \ud83d\udd38 Votre meilleur assistant sur PartyPoker et Bwin"},"content":{"rendered":"\n<p style=\"margin-top:8px\"><span class=\"product-price\">$30<\/span> <span class=\"product-price-desc\">(licence de 1 an)<\/span><\/p>\n\n\n<p><a class=\"btn btn-primary h2n-crypto-open-checkout\" href=\"https:\/\/hand2noteguide.com\/fr\/?h2n_crypto_checkout=1&#038;cfg=eyJwcm9kdWN0X2lkIjozLCJwcm9kdWN0X3ByaWNlIjoiMzAiLCJkb3dubG9hZF9saW5rIjoiaHR0cHM6XC9cL3Bva2VyY2FwdGlvbi5jb21cL2Rvd25sb2Fkcy5odG1sIiwidmVuZG9yX2VtYWlsIjoicG9rZXJjYXB0aW9uQGdtYWlsLmNvbSIsImxpY2Vuc2VfaWRfcmVxdWlyZWQiOnRydWUsIm5ldHdvcmsiOiJ1c2R0X3RyYzIwIiwiY3VycmVuY3kiOiJVU0RUIiwiYmFzZV9hbW91bnQiOiIzMC4wMDAwMDAiLCJidXR0b25fdGV4dCI6IkFjaGV0ZXIiLCJ0aXRsZSI6IiIsImRlc2NyaXB0aW9uIjoiIiwic3VjY2Vzc19tb2RlIjoibWFudWFsX2Z1bGZpbGxtZW50IiwicmVxdWlyZV9lbWFpbCI6dHJ1ZSwidHRsX21pbnV0ZXMiOjYwLCJ3YWxsZXQiOiJUTUp3UjNHZTV5TEpvQ0o4ckZ0Y2lRa1JjaDVqRFJMbnUzIn0%3D&#038;sig=12c30ec58987a235e8f6bf1bb44ba5211aa879a2ebd742efee535fe9d3db1dc4\" target=\"_blank\" rel=\"noopener noreferrer\">Acheter<\/a><\/p>\n\n\n\n<p><strong>PartyCaption<\/strong>&nbsp;est un outil d&#8217;assistance pour les r\u00e9seaux de poker Partypoker et Bwin. C&#8217;est un compl\u00e9ment aux programmes clients des salles qui rend vos sessions de poker beaucoup plus pratiques. PartyCaption effectue beaucoup de travail pour vous, afin que vous ne soyez pas distrait par les actions typiques, et que vous puissiez vous concentrer davantage sur l&#8217;action aux tables.<\/p>\n\n\n\n<p>PartyCaption vous permet de :<\/p>\n\n\n\n<ul class=\"wp-block-list\">\n<li><strong>Voir tous les montants de jetons en big blinds<\/strong> (Par exemple, 100 $ sur NL50 serait affich\u00e9 comme &#8220;200 BB&#8221;)<\/li>\n\n\n\n<li><strong>D\u00e9finir des raccourcis clavier<\/strong> pour toutes les actions typiques dans le jeu et le lobby<\/li>\n\n\n\n<li><strong>Prendre rapidement des notes de couleur et de texte<\/strong> sur vos adversaires<\/li>\n\n\n\n<li><strong>Am\u00e9liorer l&#8217;interface de la salle :<\/strong> fermer automatiquement les fen\u00eatres de dialogue inutiles, masquer les publicit\u00e9s, personnaliser les cartes, etc.<\/li>\n\n\n\n<li><strong>Afficher le HUD<\/strong> avec des informations pr\u00e9cieuses sur la main : stack moyen, niveau des blinds, cotes du pot, etc.<\/li>\n\n\n\n<li><strong>Organiser les tables<\/strong> avec des dispositions personnalis\u00e9es<\/li>\n\n\n\n<li>Et plus encore.<\/li>\n<\/ul>\n\n\n\n<p>PartyCaption est \u2705 <strong>officiellement autoris\u00e9 \u00e0 \u00eatre utilis\u00e9 sur PartyPoker<\/strong>.<\/p>\n\n\n\n<figure class=\"wp-block-gallery has-nested-images columns-default is-cropped wp-block-gallery-1 is-layout-flex wp-block-gallery-is-layout-flex\">\n<figure class=\"wp-block-image size-large\"><img loading=\"lazy\" decoding=\"async\" width=\"1024\" height=\"689\" data-id=\"8022\" src=\"https:\/\/hand2noteguide.com\/wp-content\/uploads\/2024\/09\/0-min-1024x689.png\" alt=\"\" class=\"wp-image-8022\" srcset=\"https:\/\/hand2noteguide.com\/wp-content\/uploads\/2024\/09\/0-min-1024x689.png 1024w, https:\/\/hand2noteguide.com\/wp-content\/uploads\/2024\/09\/0-min-300x202.png 300w, https:\/\/hand2noteguide.com\/wp-content\/uploads\/2024\/09\/0-min-768x517.png 768w, https:\/\/hand2noteguide.com\/wp-content\/uploads\/2024\/09\/0-min-1536x1034.png 1536w, https:\/\/hand2noteguide.com\/wp-content\/uploads\/2024\/09\/0-min-772x520.png 772w, https:\/\/hand2noteguide.com\/wp-content\/uploads\/2024\/09\/0-min-624x420.png 624w, https:\/\/hand2noteguide.com\/wp-content\/uploads\/2024\/09\/0-min.png 1988w\" sizes=\"auto, (max-width: 1024px) 100vw, 1024px\" \/><\/figure>\n\n\n\n<figure class=\"wp-block-image size-large\"><img loading=\"lazy\" decoding=\"async\" width=\"1024\" height=\"691\" data-id=\"8029\" src=\"https:\/\/hand2noteguide.com\/wp-content\/uploads\/2024\/09\/1-min-1-1024x691.png\" alt=\"\" class=\"wp-image-8029\" srcset=\"https:\/\/hand2noteguide.com\/wp-content\/uploads\/2024\/09\/1-min-1-1024x691.png 1024w, https:\/\/hand2noteguide.com\/wp-content\/uploads\/2024\/09\/1-min-1-300x202.png 300w, https:\/\/hand2noteguide.com\/wp-content\/uploads\/2024\/09\/1-min-1-768x518.png 768w, https:\/\/hand2noteguide.com\/wp-content\/uploads\/2024\/09\/1-min-1-1536x1037.png 1536w, https:\/\/hand2noteguide.com\/wp-content\/uploads\/2024\/09\/1-min-1-772x521.png 772w, https:\/\/hand2noteguide.com\/wp-content\/uploads\/2024\/09\/1-min-1-624x421.png 624w, https:\/\/hand2noteguide.com\/wp-content\/uploads\/2024\/09\/1-min-1.png 1987w\" sizes=\"auto, (max-width: 1024px) 100vw, 1024px\" \/><\/figure>\n\n\n\n<figure class=\"wp-block-image size-large\"><img loading=\"lazy\" decoding=\"async\" width=\"1024\" height=\"691\" data-id=\"8027\" src=\"https:\/\/hand2noteguide.com\/wp-content\/uploads\/2024\/09\/2-min-1024x691.png\" alt=\"\" class=\"wp-image-8027\" srcset=\"https:\/\/hand2noteguide.com\/wp-content\/uploads\/2024\/09\/2-min-1024x691.png 1024w, https:\/\/hand2noteguide.com\/wp-content\/uploads\/2024\/09\/2-min-300x202.png 300w, https:\/\/hand2noteguide.com\/wp-content\/uploads\/2024\/09\/2-min-768x518.png 768w, https:\/\/hand2noteguide.com\/wp-content\/uploads\/2024\/09\/2-min-1536x1037.png 1536w, https:\/\/hand2noteguide.com\/wp-content\/uploads\/2024\/09\/2-min-772x521.png 772w, https:\/\/hand2noteguide.com\/wp-content\/uploads\/2024\/09\/2-min-624x421.png 624w, https:\/\/hand2noteguide.com\/wp-content\/uploads\/2024\/09\/2-min.png 1987w\" sizes=\"auto, (max-width: 1024px) 100vw, 1024px\" \/><\/figure>\n\n\n\n<figure class=\"wp-block-image size-large\"><img loading=\"lazy\" decoding=\"async\" width=\"1024\" height=\"690\" data-id=\"8028\" src=\"https:\/\/hand2noteguide.com\/wp-content\/uploads\/2024\/09\/3-min-1024x690.png\" alt=\"\" class=\"wp-image-8028\" srcset=\"https:\/\/hand2noteguide.com\/wp-content\/uploads\/2024\/09\/3-min-1024x690.png 1024w, https:\/\/hand2noteguide.com\/wp-content\/uploads\/2024\/09\/3-min-300x202.png 300w, https:\/\/hand2noteguide.com\/wp-content\/uploads\/2024\/09\/3-min-768x517.png 768w, https:\/\/hand2noteguide.com\/wp-content\/uploads\/2024\/09\/3-min-1536x1034.png 1536w, https:\/\/hand2noteguide.com\/wp-content\/uploads\/2024\/09\/3-min-772x520.png 772w, https:\/\/hand2noteguide.com\/wp-content\/uploads\/2024\/09\/3-min-624x420.png 624w, https:\/\/hand2noteguide.com\/wp-content\/uploads\/2024\/09\/3-min.png 1987w\" sizes=\"auto, (max-width: 1024px) 100vw, 1024px\" \/><\/figure>\n\n\n\n<figure class=\"wp-block-image size-large\"><img loading=\"lazy\" decoding=\"async\" width=\"1024\" height=\"690\" data-id=\"8021\" src=\"https:\/\/hand2noteguide.com\/wp-content\/uploads\/2024\/09\/4-min-1024x690.png\" alt=\"\" class=\"wp-image-8021\" srcset=\"https:\/\/hand2noteguide.com\/wp-content\/uploads\/2024\/09\/4-min-1024x690.png 1024w, https:\/\/hand2noteguide.com\/wp-content\/uploads\/2024\/09\/4-min-300x202.png 300w, https:\/\/hand2noteguide.com\/wp-content\/uploads\/2024\/09\/4-min-768x518.png 768w, https:\/\/hand2noteguide.com\/wp-content\/uploads\/2024\/09\/4-min-1536x1035.png 1536w, https:\/\/hand2noteguide.com\/wp-content\/uploads\/2024\/09\/4-min-772x520.png 772w, https:\/\/hand2noteguide.com\/wp-content\/uploads\/2024\/09\/4-min-624x420.png 624w, https:\/\/hand2noteguide.com\/wp-content\/uploads\/2024\/09\/4-min.png 1990w\" sizes=\"auto, (max-width: 1024px) 100vw, 1024px\" \/><\/figure>\n\n\n\n<figure class=\"wp-block-image size-large\"><img loading=\"lazy\" decoding=\"async\" width=\"1024\" height=\"691\" data-id=\"8025\" src=\"https:\/\/hand2noteguide.com\/wp-content\/uploads\/2024\/09\/5-min-1024x691.png\" alt=\"\" class=\"wp-image-8025\" srcset=\"https:\/\/hand2noteguide.com\/wp-content\/uploads\/2024\/09\/5-min-1024x691.png 1024w, https:\/\/hand2noteguide.com\/wp-content\/uploads\/2024\/09\/5-min-300x202.png 300w, https:\/\/hand2noteguide.com\/wp-content\/uploads\/2024\/09\/5-min-768x518.png 768w, https:\/\/hand2noteguide.com\/wp-content\/uploads\/2024\/09\/5-min-1536x1036.png 1536w, https:\/\/hand2noteguide.com\/wp-content\/uploads\/2024\/09\/5-min-772x521.png 772w, https:\/\/hand2noteguide.com\/wp-content\/uploads\/2024\/09\/5-min-624x421.png 624w, https:\/\/hand2noteguide.com\/wp-content\/uploads\/2024\/09\/5-min.png 1988w\" sizes=\"auto, (max-width: 1024px) 100vw, 1024px\" \/><\/figure>\n\n\n\n<figure class=\"wp-block-image size-large\"><img loading=\"lazy\" decoding=\"async\" width=\"1024\" height=\"691\" data-id=\"8023\" src=\"https:\/\/hand2noteguide.com\/wp-content\/uploads\/2024\/09\/6-min-1024x691.png\" alt=\"\" class=\"wp-image-8023\" srcset=\"https:\/\/hand2noteguide.com\/wp-content\/uploads\/2024\/09\/6-min-1024x691.png 1024w, https:\/\/hand2noteguide.com\/wp-content\/uploads\/2024\/09\/6-min-300x202.png 300w, https:\/\/hand2noteguide.com\/wp-content\/uploads\/2024\/09\/6-min-768x518.png 768w, https:\/\/hand2noteguide.com\/wp-content\/uploads\/2024\/09\/6-min-1536x1037.png 1536w, https:\/\/hand2noteguide.com\/wp-content\/uploads\/2024\/09\/6-min-772x521.png 772w, https:\/\/hand2noteguide.com\/wp-content\/uploads\/2024\/09\/6-min-624x421.png 624w, https:\/\/hand2noteguide.com\/wp-content\/uploads\/2024\/09\/6-min.png 1984w\" sizes=\"auto, (max-width: 1024px) 100vw, 1024px\" \/><\/figure>\n\n\n\n<figure class=\"wp-block-image size-large\"><img loading=\"lazy\" decoding=\"async\" width=\"1024\" height=\"690\" data-id=\"8024\" src=\"https:\/\/hand2noteguide.com\/wp-content\/uploads\/2024\/09\/7-min-1024x690.png\" alt=\"\" class=\"wp-image-8024\" srcset=\"https:\/\/hand2noteguide.com\/wp-content\/uploads\/2024\/09\/7-min-1024x690.png 1024w, https:\/\/hand2noteguide.com\/wp-content\/uploads\/2024\/09\/7-min-300x202.png 300w, https:\/\/hand2noteguide.com\/wp-content\/uploads\/2024\/09\/7-min-768x517.png 768w, https:\/\/hand2noteguide.com\/wp-content\/uploads\/2024\/09\/7-min-1536x1035.png 1536w, https:\/\/hand2noteguide.com\/wp-content\/uploads\/2024\/09\/7-min-772x520.png 772w, https:\/\/hand2noteguide.com\/wp-content\/uploads\/2024\/09\/7-min-624x420.png 624w, https:\/\/hand2noteguide.com\/wp-content\/uploads\/2024\/09\/7-min.png 1986w\" sizes=\"auto, (max-width: 1024px) 100vw, 1024px\" \/><\/figure>\n\n\n\n<figure class=\"wp-block-image size-large\"><img loading=\"lazy\" decoding=\"async\" width=\"1024\" height=\"691\" data-id=\"8018\" src=\"https:\/\/hand2noteguide.com\/wp-content\/uploads\/2024\/09\/8-min-1024x691.png\" alt=\"\" class=\"wp-image-8018\" srcset=\"https:\/\/hand2noteguide.com\/wp-content\/uploads\/2024\/09\/8-min-1024x691.png 1024w, https:\/\/hand2noteguide.com\/wp-content\/uploads\/2024\/09\/8-min-300x202.png 300w, https:\/\/hand2noteguide.com\/wp-content\/uploads\/2024\/09\/8-min-768x518.png 768w, https:\/\/hand2noteguide.com\/wp-content\/uploads\/2024\/09\/8-min-1536x1036.png 1536w, https:\/\/hand2noteguide.com\/wp-content\/uploads\/2024\/09\/8-min-772x521.png 772w, https:\/\/hand2noteguide.com\/wp-content\/uploads\/2024\/09\/8-min-624x421.png 624w, https:\/\/hand2noteguide.com\/wp-content\/uploads\/2024\/09\/8-min.png 1988w\" sizes=\"auto, (max-width: 1024px) 100vw, 1024px\" \/><\/figure>\n\n\n\n<figure class=\"wp-block-image size-large\"><img loading=\"lazy\" decoding=\"async\" width=\"1024\" height=\"690\" data-id=\"8017\" src=\"https:\/\/hand2noteguide.com\/wp-content\/uploads\/2024\/09\/9-min-1024x690.png\" alt=\"\" class=\"wp-image-8017\" srcset=\"https:\/\/hand2noteguide.com\/wp-content\/uploads\/2024\/09\/9-min-1024x690.png 1024w, https:\/\/hand2noteguide.com\/wp-content\/uploads\/2024\/09\/9-min-300x202.png 300w, https:\/\/hand2noteguide.com\/wp-content\/uploads\/2024\/09\/9-min-768x517.png 768w, https:\/\/hand2noteguide.com\/wp-content\/uploads\/2024\/09\/9-min-1536x1035.png 1536w, https:\/\/hand2noteguide.com\/wp-content\/uploads\/2024\/09\/9-min-772x520.png 772w, https:\/\/hand2noteguide.com\/wp-content\/uploads\/2024\/09\/9-min-624x420.png 624w, https:\/\/hand2noteguide.com\/wp-content\/uploads\/2024\/09\/9-min.png 1989w\" sizes=\"auto, (max-width: 1024px) 100vw, 1024px\" \/><\/figure>\n\n\n\n<figure class=\"wp-block-image size-large\"><img loading=\"lazy\" decoding=\"async\" width=\"1024\" height=\"692\" data-id=\"8020\" src=\"https:\/\/hand2noteguide.com\/wp-content\/uploads\/2024\/09\/10-min-1024x692.png\" alt=\"\" class=\"wp-image-8020\" srcset=\"https:\/\/hand2noteguide.com\/wp-content\/uploads\/2024\/09\/10-min-1024x692.png 1024w, https:\/\/hand2noteguide.com\/wp-content\/uploads\/2024\/09\/10-min-300x203.png 300w, https:\/\/hand2noteguide.com\/wp-content\/uploads\/2024\/09\/10-min-768x519.png 768w, https:\/\/hand2noteguide.com\/wp-content\/uploads\/2024\/09\/10-min-1536x1037.png 1536w, https:\/\/hand2noteguide.com\/wp-content\/uploads\/2024\/09\/10-min-772x521.png 772w, https:\/\/hand2noteguide.com\/wp-content\/uploads\/2024\/09\/10-min-624x421.png 624w, https:\/\/hand2noteguide.com\/wp-content\/uploads\/2024\/09\/10-min.png 1987w\" sizes=\"auto, (max-width: 1024px) 100vw, 1024px\" \/><\/figure>\n\n\n\n<figure class=\"wp-block-image size-large\"><img loading=\"lazy\" decoding=\"async\" width=\"1024\" height=\"688\" data-id=\"8026\" src=\"https:\/\/hand2noteguide.com\/wp-content\/uploads\/2024\/09\/11-min-1024x688.png\" alt=\"\" class=\"wp-image-8026\" srcset=\"https:\/\/hand2noteguide.com\/wp-content\/uploads\/2024\/09\/11-min-1024x688.png 1024w, https:\/\/hand2noteguide.com\/wp-content\/uploads\/2024\/09\/11-min-300x201.png 300w, https:\/\/hand2noteguide.com\/wp-content\/uploads\/2024\/09\/11-min-768x516.png 768w, https:\/\/hand2noteguide.com\/wp-content\/uploads\/2024\/09\/11-min-1536x1031.png 1536w, https:\/\/hand2noteguide.com\/wp-content\/uploads\/2024\/09\/11-min-772x518.png 772w, https:\/\/hand2noteguide.com\/wp-content\/uploads\/2024\/09\/11-min-624x419.png 624w, https:\/\/hand2noteguide.com\/wp-content\/uploads\/2024\/09\/11-min.png 1988w\" sizes=\"auto, (max-width: 1024px) 100vw, 1024px\" \/><\/figure>\n<\/figure>\n\n","protected":false},"excerpt":{"rendered":"<p>$30 (licence de 1 an) PartyCaption&nbsp;est un outil d&#8217;assistance pour les r\u00e9seaux de poker Partypoker et Bwin. C&#8217;est un compl\u00e9ment aux programmes clients des salles qui rend vos sessions de poker beaucoup plus pratiques. PartyCaption effectue beaucoup de travail pour vous, afin que vous ne soyez pas distrait par les actions typiques, et que vous &hellip; <a href=\"https:\/\/hand2noteguide.com\/fr\/partycaption\/\" class=\"more-link\">Continue reading <span class=\"screen-reader-text\">PartyCaption \ud83d\udd38 Votre meilleur assistant sur PartyPoker et Bwin<\/span><\/a><\/p>\n","protected":false},"author":1,"featured_media":0,"parent":0,"menu_order":0,"comment_status":"closed","ping_status":"closed","template":"page-templates\/full-width-page.php","meta":{"footnotes":""},"class_list":["post-8012","page","type-page","status-publish","hentry"],"translation":{"provider":"WPGlobus","version":"3.0.2","language":"fr","enabled_languages":["en","ru","pt","zh","es","fr","de","it","ja"],"languages":{"en":{"title":true,"content":true,"excerpt":false},"ru":{"title":true,"content":true,"excerpt":false},"pt":{"title":true,"content":true,"excerpt":false},"zh":{"title":true,"content":true,"excerpt":false},"es":{"title":true,"content":true,"excerpt":false},"fr":{"title":true,"content":true,"excerpt":false},"de":{"title":true,"content":true,"excerpt":false},"it":{"title":true,"content":true,"excerpt":false},"ja":{"title":true,"content":true,"excerpt":false}}},"yoast_head":"<!-- This site is optimized with the Yoast SEO plugin v27.0 - https:\/\/yoast.com\/product\/yoast-seo-wordpress\/ -->\n<title>PartyCaption \ud83d\udd38 Votre meilleur assistant sur PartyPoker et Bwin<\/title>\n<meta name=\"description\" content=\"PartyCaption est le meilleur outil d&#039;assistance pour jouer sur PartyPoker et Bwin. Convertissez les jetons en BB, utilisez des raccourcis clavier, affichez les positions, les cotes du pot, et plus encore !\" \/>\n<meta name=\"robots\" content=\"index, follow, max-snippet:-1, max-image-preview:large, max-video-preview:-1\" \/>\n<link rel=\"canonical\" href=\"https:\/\/hand2noteguide.com\/partycaption\/\" \/>\n<meta property=\"og:locale\" content=\"fr_FR\" \/>\n<meta property=\"og:type\" content=\"article\" \/>\n<meta property=\"og:title\" content=\"PartyCaption \ud83d\udd38 Votre meilleur assistant sur PartyPoker et Bwin\" \/>\n<meta property=\"og:description\" content=\"PartyCaption est le meilleur outil d&#039;assistance pour jouer sur PartyPoker et Bwin. Convertissez les jetons en BB, utilisez des raccourcis clavier, affichez les positions, les cotes du pot, et plus encore !\" \/>\n<meta property=\"og:url\" content=\"https:\/\/hand2noteguide.com\/partycaption\/\" \/>\n<meta property=\"og:site_name\" content=\"Hand2Note Guide\" \/>\n<meta property=\"article:modified_time\" content=\"2026-02-21T10:14:40+00:00\" \/>\n<meta property=\"og:image\" content=\"https:\/\/hand2noteguide.com\/wp-content\/uploads\/2024\/09\/0-min-1024x689.png\" \/>\n<meta name=\"twitter:card\" content=\"summary_large_image\" \/>\n<meta name=\"twitter:label1\" content=\"Est. reading time\" \/>\n\t<meta name=\"twitter:data1\" content=\"4 minutes\" \/>\n<!-- \/ Yoast SEO plugin. -->","yoast_head_json":{"title":"PartyCaption \ud83d\udd38 Votre meilleur assistant sur PartyPoker et Bwin","description":"PartyCaption est le meilleur outil d'assistance pour jouer sur PartyPoker et Bwin. Convertissez les jetons en BB, utilisez des raccourcis clavier, affichez les positions, les cotes du pot, et plus encore !","robots":{"index":"index","follow":"follow","max-snippet":"max-snippet:-1","max-image-preview":"max-image-preview:large","max-video-preview":"max-video-preview:-1"},"canonical":"https:\/\/hand2noteguide.com\/partycaption\/","og_locale":"fr_FR","og_type":"article","og_title":"PartyCaption \ud83d\udd38 Votre meilleur assistant sur PartyPoker et Bwin","og_description":"PartyCaption est le meilleur outil d'assistance pour jouer sur PartyPoker et Bwin. Convertissez les jetons en BB, utilisez des raccourcis clavier, affichez les positions, les cotes du pot, et plus encore !","og_url":"https:\/\/hand2noteguide.com\/partycaption\/","og_site_name":"Hand2Note Guide","article_modified_time":"2026-02-21T10:14:40+00:00","og_image":[{"url":"https:\/\/hand2noteguide.com\/wp-content\/uploads\/2024\/09\/0-min-1024x689.png","type":"","width":"","height":""}],"twitter_card":"summary_large_image","twitter_misc":{"Est. reading time":"4 minutes"},"schema":{"@context":"https:\/\/schema.org","@graph":[]}},"jetpack_sharing_enabled":true,"_links":{"self":[{"href":"https:\/\/hand2noteguide.com\/fr\/wp-json\/wp\/v2\/pages\/8012","targetHints":{"allow":["GET"]}}],"collection":[{"href":"https:\/\/hand2noteguide.com\/fr\/wp-json\/wp\/v2\/pages"}],"about":[{"href":"https:\/\/hand2noteguide.com\/fr\/wp-json\/wp\/v2\/types\/page"}],"author":[{"embeddable":true,"href":"https:\/\/hand2noteguide.com\/fr\/wp-json\/wp\/v2\/users\/1"}],"replies":[{"embeddable":true,"href":"https:\/\/hand2noteguide.com\/fr\/wp-json\/wp\/v2\/comments?post=8012"}],"version-history":[{"count":14,"href":"https:\/\/hand2noteguide.com\/fr\/wp-json\/wp\/v2\/pages\/8012\/revisions"}],"predecessor-version":[{"id":15181,"href":"https:\/\/hand2noteguide.com\/fr\/wp-json\/wp\/v2\/pages\/8012\/revisions\/15181"}],"wp:attachment":[{"href":"https:\/\/hand2noteguide.com\/fr\/wp-json\/wp\/v2\/media?parent=8012"}],"curies":[{"name":"wp","href":"https:\/\/api.w.org\/{rel}","templated":true}]}}