{"id":8034,"date":"2024-09-11T15:31:31","date_gmt":"2024-09-11T12:31:31","guid":{"rendered":"https:\/\/hand2noteguide.com\/?page_id=8034"},"modified":"2026-03-11T14:30:38","modified_gmt":"2026-03-11T11:30:38","slug":"is-poker-luck-or-skill","status":"publish","type":"page","link":"https:\/\/hand2noteguide.com\/fr\/poker\/is-poker-luck-or-skill\/","title":{"rendered":"Le poker est-il un jeu de chance ou de comp\u00e9tence ?"},"content":{"rendered":"\n<p>Le poker est l&#8217;un des jeux de cartes les plus populaires au monde. Des millions de personnes y jouent, tant de mani\u00e8re occasionnelle que professionnelle. Mais une question se pose souvent : le poker est-il un jeu de chance ou de comp\u00e9tence ? Ce d\u00e9bat dure depuis de nombreuses ann\u00e9es, avec de solides arguments de chaque c\u00f4t\u00e9.<\/p>\n\n\n\n<p><strong>Le poker est un m\u00e9lange de \ud83c\udf40 chance et de \ud83e\udde0<\/strong> <strong>comp\u00e9tence<\/strong>. \u00c0 court terme, la chance joue un r\u00f4le important, car le r\u00e9sultat de chaque main est influenc\u00e9 par les cartes distribu\u00e9es, qui sont al\u00e9atoires. Cependant, \u00e0 long terme, la comp\u00e9tence devient le facteur dominant. Les joueurs exp\u00e9riment\u00e9s utilisent la strat\u00e9gie, <a href=\"\/fr\/poker\/poker-tilt\/\">la psychologie<\/a> et les probabilit\u00e9s math\u00e9matiques pour prendre des d\u00e9cisions qui maximisent leurs chances de gagner. Les joueurs comp\u00e9tents surpassent syst\u00e9matiquement les adversaires moins exp\u00e9riment\u00e9s, surtout sur de nombreuses mains.<\/p>\n\n\n\n<div class=\"green-block\">\n<p style=\"margin-bottom:0\">\u261d Ainsi, bien que <b>la chance puisse affecter les r\u00e9sultats individuels<\/b>, <b>le poker est fondamentalement un jeu de comp\u00e9tence<\/b>, o\u00f9 la connaissance, l&#8217;exp\u00e9rience et la prise de d\u00e9cision ont un impact d\u00e9cisif.<\/p>\n<\/div>\n\n\n\n<p>Plongeons maintenant plus profond\u00e9ment dans le sujet.<\/p>\n\n\n\n<h2 class=\"wp-block-heading\">Les bases du poker<\/h2>\n\n\n\n<p>Avant de plonger dans le d\u00e9bat, il est important de comprendre les <a href=\"\/fr\/poker\/poker-rules\/\">principes de base du jeu de poker<\/a>. Le poker est un jeu de cartes qui implique des <a href=\"\/fr\/poker\/poker-hand-rankings\/\">combinaisons de cartes<\/a> et des <a href=\"\/fr\/poker\/poker-streets\/\">tours de mise<\/a>. Le but est de gagner des jetons ou de l&#8217;argent en faisant la meilleure main ou en convainquant les autres de se coucher. Il existe diff\u00e9rents types de poker, tels que le Texas Hold&#8217;em, l&#8217;Omaha et le Seven-Card Stud, mais les principes de base sont similaires dans ces jeux.<\/p>\n\n\n\n<h2 class=\"wp-block-heading\">Le r\u00f4le de la chance au poker<\/h2>\n\n\n\n<p>La chance joue un r\u00f4le important au poker, surtout \u00e0 court terme. <strong>Lorsque vous \u00eates \u00e0 la table de poker, vous n&#8217;avez aucun contr\u00f4le sur les cartes qui vous sont distribu\u00e9es.<\/strong> Parfois, vous recevez une excellente main, et parfois, vous en recevez une terrible. C&#8217;est cette part de hasard qui fait intervenir la chance.<\/p>\n\n\n\n<figure class=\"wp-block-embed is-type-video is-provider-youtube wp-block-embed-youtube wp-embed-aspect-16-9 wp-has-aspect-ratio\"><div class=\"wp-block-embed__wrapper\">\n<div class=\"jetpack-video-wrapper\"><iframe loading=\"lazy\" title=\"Aces vs Aces Connor Drinan vs Cary Katz | $1,000,000 WSOP Big One for One Drop\" width=\"700\" height=\"394\" src=\"https:\/\/www.youtube.com\/embed\/iFR5i6RtX18?feature=oembed\" frameborder=\"0\" allow=\"accelerometer; autoplay; clipboard-write; encrypted-media; gyroscope; picture-in-picture; web-share\" referrerpolicy=\"strict-origin-when-cross-origin\" allowfullscreen><\/iframe><\/div>\n<\/div><\/figure>\n\n\n\n<p>Par exemple, imaginez que vous jouez au Texas Hold&#8217;em et que vous recevez des as en poche (deux as comme main de d\u00e9part). C&#8217;est la meilleure main de d\u00e9part possible dans le jeu. Cependant, si <a href=\"\/fr\/poker\/poker-streets\/\">les cartes communes<\/a> (les cartes que tout le monde partage) ne vous aident pas, ou si votre adversaire a de la chance et obtient une meilleure main, vous pourriez quand m\u00eame perdre. Dans ce cas, la chance joue un r\u00f4le crucial.<\/p>\n\n\n\n<p>Dans une seule main ou m\u00eame dans quelques parties, la chance peut grandement affecter les r\u00e9sultats. Un d\u00e9butant pourrait battre un professionnel s&#8217;il a de la chance avec les cartes. Cette part de hasard rend le poker excitant, car n&#8217;importe qui peut gagner \u00e0 tout moment.<\/p>\n\n\n\n<h2 class=\"wp-block-heading\">Le r\u00f4le de la comp\u00e9tence au poker<\/h2>\n\n\n\n<p>Bien que la chance soit un facteur au poker, la comp\u00e9tence est ce qui s\u00e9pare les bons joueurs des grands joueurs. Le poker ne se r\u00e9sume pas aux cartes que vous recevez ; c&#8217;est aussi la mani\u00e8re dont vous les jouez.<\/p>\n\n\n\n<figure class=\"wp-block-embed is-type-video is-provider-youtube wp-block-embed-youtube wp-embed-aspect-16-9 wp-has-aspect-ratio\"><div class=\"wp-block-embed__wrapper\">\n<div class=\"jetpack-video-wrapper\"><iframe loading=\"lazy\" title=\"PHIL IVEY TOP 5 POKER READS \u2660\ufe0f  PokerStars\" width=\"700\" height=\"394\" src=\"https:\/\/www.youtube.com\/embed\/SMJ7C4atMi0?feature=oembed\" frameborder=\"0\" allow=\"accelerometer; autoplay; clipboard-write; encrypted-media; gyroscope; picture-in-picture; web-share\" referrerpolicy=\"strict-origin-when-cross-origin\" allowfullscreen><\/iframe><\/div>\n<\/div><\/figure>\n\n\n\n<p>La comp\u00e9tence au poker implique plusieurs \u00e9l\u00e9ments cl\u00e9s :<\/p>\n\n\n\n<h3 class=\"wp-block-heading\">\ud83d\udcc8 <strong>Comprendre les probabilit\u00e9s<\/strong><\/h3>\n\n\n\n<p>Un joueur de poker comp\u00e9tent conna\u00eet les probabilit\u00e9s de gagner ou de perdre certaines mains. Il peut \u00e9galement calculer la probabilit\u00e9 d&#8217;obtenir la carte dont il a besoin pour compl\u00e9ter sa main. Cela l&#8217;aide \u00e0 prendre des d\u00e9cisions \u00e9clair\u00e9es sur le fait de miser, suivre ou se coucher. Comprendre les probabilit\u00e9s est une partie fondamentale de la strat\u00e9gie au poker.<\/p>\n\n\n\n<h3 class=\"wp-block-heading\">\ud83e\uddb8\u200d\u2642 <strong><a href=\"\/fr\/poker\/poker-bluff\/\">Bluffer<\/a><\/strong><\/h3>\n\n\n\n<p>Bluffer est une comp\u00e9tence essentielle au poker. Cela consiste \u00e0 faire croire \u00e0 vos adversaires que vous avez une main plus forte que la v\u00f4tre. Un bon bluff peut faire coucher vos adversaires, m\u00eame si vous n&#8217;avez pas une main forte. Les joueurs comp\u00e9tents savent quand bluffer et quand jouer franc jeu. Ils peuvent lire leurs adversaires et d\u00e9tecter les tells (indices subtils sur la force de la main de leur adversaire).<\/p>\n\n\n\n<h3 class=\"wp-block-heading\">\ud83e\uddd8\u200d\u2642\ufe0f <strong><a href=\"\/fr\/poker\/poker-tilt\/\">Le jeu mental<\/a><\/strong><\/h3>\n\n\n\n<p>Le poker est autant un jeu de psychologie qu&#8217;un jeu de cartes. Les joueurs comp\u00e9tents comprennent le comportement humain et peuvent anticiper les mouvements de leurs adversaires. Ils savent comment mettre la pression sur les autres joueurs, les mettre mal \u00e0 l&#8217;aise et les pousser \u00e0 faire des erreurs. Cet aspect psychologique du poker est l\u00e0 o\u00f9 la comp\u00e9tence brille vraiment.<\/p>\n\n\n\n<h3 class=\"wp-block-heading\">\ud83c\udfaf <strong>Exp\u00e9rience et adaptabilit\u00e9<\/strong><\/h3>\n\n\n\n<p>L&#8217;exp\u00e9rience est un autre facteur crucial au poker. Plus vous jouez, plus vous rencontrez de situations, et mieux vous devenez dans la prise de d\u00e9cisions. Les joueurs exp\u00e9riment\u00e9s peuvent rapidement s&#8217;adapter \u00e0 diff\u00e9rents styles de jeu et ajuster leurs strat\u00e9gies en cons\u00e9quence. Ils ont tout vu, et ils savent comment g\u00e9rer divers sc\u00e9narios.<\/p>\n\n\n\n<h2 class=\"wp-block-heading\">La vision \u00e0 long terme : Chance vs Comp\u00e9tence<\/h2>\n\n\n\n<p>Bien que la chance puisse influencer le r\u00e9sultat de mains ou de parties individuelles, la comp\u00e9tence devient plus importante \u00e0 long terme. Dans une seule partie, un d\u00e9butant pourrait avoir de la chance et gagner, mais sur des centaines ou des milliers de parties, les joueurs comp\u00e9tents l&#8217;emporteront syst\u00e9matiquement.<\/p>\n\n\n\n<p>C&#8217;est pourquoi les joueurs de poker professionnels peuvent vivre du jeu. Ils ne comptent pas sur la chance. Ils comptent sur leurs comp\u00e9tences et sur le long terme. Ils savent qu&#8217;\u00e0 long terme, leur compr\u00e9hension du jeu, leur capacit\u00e9 \u00e0 lire les adversaires et leur r\u00e9flexion strat\u00e9gique conduiront \u00e0 des victoires constantes. C&#8217;est l&#8217;oppos\u00e9 de l&#8217;approche de jeu dans le casino, o\u00f9 vous comptez sur le succ\u00e8s \u00e0 court terme.<\/p>\n\n\n\n<div class=\"green-block\">\n<p style=\"margin-bottom:0\">\ud83c\udf93 Observer les joueurs de poker professionnels donne un aper\u00e7u de l&#8217;aspect comp\u00e9tence du jeu. Ces joueurs passent des ann\u00e9es \u00e0 peaufiner leur art. Ils <strong>\u00e9tudient le jeu<\/strong>, <strong>analysent les mains<\/strong> et <strong>travaillent continuellement pour am\u00e9liorer leurs comp\u00e9tences<\/strong>. Ils comprennent les aspects math\u00e9matiques et psychologiques du poker \u00e0 un niveau profond.<\/p>\n<\/div>\n\n\n\n<p>Dans les grands tournois de poker, comme les World Series of Poker (WSOP), les m\u00eames joueurs atteignent souvent les tables finales ann\u00e9e apr\u00e8s ann\u00e9e. Comme Mark Newhouse l&#8217;a fait en 2013 et 2014, terminant 9e dans le tournoi de poker le plus populaire au monde deux ann\u00e9es cons\u00e9cutives de suite.<\/p>\n\n\n\n<figure class=\"wp-block-embed is-type-video is-provider-youtube wp-block-embed-youtube wp-embed-aspect-16-9 wp-has-aspect-ratio\"><div class=\"wp-block-embed__wrapper\">\n<div class=\"jetpack-video-wrapper\"><iframe loading=\"lazy\" title=\"Mark Newhouse Finishes Ninth, Again | 2014 WSOP Main Event: Final Table | PokerGO\" width=\"700\" height=\"394\" src=\"https:\/\/www.youtube.com\/embed\/mD5dYRAP8bs?feature=oembed\" frameborder=\"0\" allow=\"accelerometer; autoplay; clipboard-write; encrypted-media; gyroscope; picture-in-picture; web-share\" referrerpolicy=\"strict-origin-when-cross-origin\" allowfullscreen><\/iframe><\/div>\n<\/div><\/figure>\n\n\n\n<p>Si le poker \u00e9tait purement un jeu de chance, nous nous attendrions \u00e0 une vari\u00e9t\u00e9 beaucoup plus large de gagnants. Le fait que certains joueurs performent constamment bien est une preuve solide que la comp\u00e9tence joue un r\u00f4le dominant.<\/p>\n\n\n\n<p>Le v\u00e9ritable d\u00e9fi pour les joueurs de poker professionnels est que parfois la chance devient un probl\u00e8me m\u00eame sur de longues distances. Il existe un terme &#8220;variance&#8221; en th\u00e9orie des probabilit\u00e9s. En termes simples, cela signifie &#8220;\u00e9cart&#8221; par rapport au r\u00e9sultat le plus probable, et cet \u00e9cart peut parfois \u00eatre \u00e9norme.<\/p>\n\n\n\n<figure class=\"wp-block-image size-large is-resized\"><img loading=\"lazy\" decoding=\"async\" src=\"https:\/\/hand2noteguide.com\/wp-content\/uploads\/2024\/09\/variance-min-1024x499.png\" alt=\"\" class=\"wp-image-8051\" width=\"840\" height=\"409\" srcset=\"https:\/\/hand2noteguide.com\/wp-content\/uploads\/2024\/09\/variance-min-1024x499.png 1024w, https:\/\/hand2noteguide.com\/wp-content\/uploads\/2024\/09\/variance-min-300x146.png 300w, https:\/\/hand2noteguide.com\/wp-content\/uploads\/2024\/09\/variance-min-768x374.png 768w, https:\/\/hand2noteguide.com\/wp-content\/uploads\/2024\/09\/variance-min-1536x748.png 1536w, https:\/\/hand2noteguide.com\/wp-content\/uploads\/2024\/09\/variance-min-772x376.png 772w, https:\/\/hand2noteguide.com\/wp-content\/uploads\/2024\/09\/variance-min-624x304.png 624w, https:\/\/hand2noteguide.com\/wp-content\/uploads\/2024\/09\/variance-min.png 1880w\" sizes=\"auto, (max-width: 840px) 100vw, 840px\" \/><figcaption class=\"wp-element-caption\">Un exemple du <a href=\"https:\/\/www.primedope.com\/poker-variance-calculator\/\" target=\"_blank\" aria-label=\"undefined (ouvre dans un nouvel onglet)\" rel=\"noreferrer noopener nofollow\">calculateur de variance au poker<\/a>. En jouant la m\u00eame strat\u00e9gie pendant 30 000 mains, les r\u00e9sultats peuvent \u00eatre radicalement diff\u00e9rents.<\/figcaption><\/figure>\n\n\n\n<p>Disons que vous lancez une pi\u00e8ce 100 fois. Appelons le fait de lancer une pi\u00e8ce 100 fois une &#8220;tentative&#8221;. Ensuite, imaginez que vous faites des millions de ces tentatives. Dans la plupart des tentatives, vous obtiendrez un r\u00e9sultat moyen de 50-50 pile ou face, peut-\u00eatre d\u00e9cal\u00e9 vers un c\u00f4t\u00e9 ou l&#8217;autre &#8211; comme 52-48, 57-43, 39-61, etc. Mais il y aura des tentatives qui vous choqueront &#8211; comme 91-9. Cela semble impossible, mais sur une distance d&#8217;un million de tentatives, vous obtiendrez \u00e9galement ce r\u00e9sultat. De m\u00eame au poker &#8211; certains professionnels sont moins chanceux que d&#8217;autres, et ils peuvent perdre continuellement dans des pots cruciaux ann\u00e9e apr\u00e8s ann\u00e9e. Mais ici dans la vraie vie, vous n&#8217;avez pas l&#8217;opportunit\u00e9 de simuler de nombreuses &#8220;tentatives&#8221;, vous n&#8217;avez qu&#8217;une seule vie. Et <strong>une vie humaine pourrait ne pas suffire \u00e0 battre la variance au poker<\/strong>.<\/p>\n\n\n\n<h2 class=\"wp-block-heading\">Chance vs Comp\u00e9tence dans les tournois de poker<\/h2>\n\n\n\n<p>Dans un tournoi de poker, les joueurs commencent avec un nombre fixe de jetons et s&#8217;affrontent jusqu&#8217;\u00e0 ce qu&#8217;un joueur ait tous les jetons. \u2b50 <strong>Dans un seul tournoi, la chance joue un r\u00f4le crucial.<\/strong> Les cartes que vous recevez et le timing de vos mains peuvent grandement influencer votre succ\u00e8s. M\u00eame le meilleur joueur du monde peut \u00eatre \u00e9limin\u00e9 t\u00f4t s&#8217;il fait face \u00e0 une s\u00e9rie de malchance. C&#8217;est pourquoi, \u00e0 court terme, la chance d\u00e9cide souvent de qui gagne et de qui perd.<\/p>\n\n\n\n<figure class=\"wp-block-embed is-type-video is-provider-youtube wp-block-embed-youtube wp-embed-aspect-16-9 wp-has-aspect-ratio\"><div class=\"wp-block-embed__wrapper\">\n<div class=\"jetpack-video-wrapper\"><iframe loading=\"lazy\" title=\"Heartbreak in the Biggest World Series of Poker Main Event in History! [INSANE HAND]\" width=\"700\" height=\"394\" src=\"https:\/\/www.youtube.com\/embed\/OP_TWxC0hDA?feature=oembed\" frameborder=\"0\" allow=\"accelerometer; autoplay; clipboard-write; encrypted-media; gyroscope; picture-in-picture; web-share\" referrerpolicy=\"strict-origin-when-cross-origin\" allowfullscreen><\/iframe><\/div>\n<\/div><\/figure>\n\n\n\n<p>Cependant, la comp\u00e9tence est toujours importante. Les joueurs comp\u00e9tents savent comment maximiser leurs chances lorsqu&#8217;ils ont de bonnes mains et minimiser les pertes lorsqu&#8217;ils n&#8217;en ont pas. Ils comprennent les strat\u00e9gies du jeu et savent comment lire leurs adversaires.<\/p>\n\n\n\n<p>Mais m\u00eame les joueurs les plus comp\u00e9tents ne peuvent pas contr\u00f4ler la chance dans un seul tournoi. C&#8217;est pourquoi les professionnels jouent de nombreux tournois. <strong>Sur un grand nombre de tournois, la comp\u00e9tence devient le facteur dominant.<\/strong> La chance des cartes s&#8217;\u00e9quilibre avec le temps, et les meilleurs joueurs performent constamment bien.<\/p>\n\n\n\n<p>En r\u00e9sum\u00e9, bien que la chance soit plus importante dans un seul tournoi de poker, la comp\u00e9tence est ce qui permet \u00e0 un bon joueur de r\u00e9ussir \u00e0 long terme. Plus vous jouez de tournois, plus la comp\u00e9tence prend le dessus, et la chance joue un r\u00f4le moindre dans votre succ\u00e8s global.<\/p>\n\n\n\n<h2 class=\"wp-block-heading\">La perspective l\u00e9gale : le poker est-il un jeu de comp\u00e9tence ?<\/h2>\n\n\n\n<p>La question de savoir si le poker est un jeu de chance ou de comp\u00e9tence a \u00e9galement des implications l\u00e9gales. Dans certains pays et \u00c9tats, les jeux de hasard (comme la roulette) sont fortement r\u00e9glement\u00e9s voire ill\u00e9gaux, tandis que les jeux de comp\u00e9tence (comme les \u00e9checs) ne le sont pas. La classification du poker peut d\u00e9terminer comment il est r\u00e9glement\u00e9.<\/p>\n\n\n\n<p>Dans de nombreux endroits, les tribunaux ont statu\u00e9 que le poker est un jeu de comp\u00e9tence. Par exemple, en 2012, <strong>un \ud83d\udc68\ud83c\udffb\u200d\u2696\ufe0f juge f\u00e9d\u00e9ral \u00e0 New York a statu\u00e9 que le poker est plus un jeu de comp\u00e9tence<\/strong> que de hasard, et donc pas soumis aux m\u00eames lois sur les jeux de hasard que les jeux de hasard. Cette d\u00e9cision \u00e9tait bas\u00e9e sur l&#8217;argument que bien que la chance joue un r\u00f4le \u00e0 court terme, la comp\u00e9tence est le facteur dominant \u00e0 long terme.<\/p>\n\n\n\n<div class=\"green-block\">\n<p style=\"margin-bottom:0\">\ud83c\udfdb\ufe0f Il n&#8217;existe pas de position unique dans l&#8217;environnement l\u00e9gislatif mondial concernant la cat\u00e9gorie de jeux dans laquelle le poker doit \u00eatre class\u00e9.<\/p>\n<\/div>\n\n\n\n<p>Les lois dans diff\u00e9rents pays du monde peuvent diff\u00e9rer consid\u00e9rablement. Dans certains, le poker est strictement interdit avec les jeux de hasard tels que les machines \u00e0 sous ou la roulette, tandis que dans d&#8217;autres, le poker est consid\u00e9r\u00e9 comme un sport professionnel, et des comp\u00e9titions officielles sont organis\u00e9es.<\/p>\n\n\n\n<h2 class=\"wp-block-heading\">Conclusion : le poker est-il un jeu de chance ou de comp\u00e9tence ?<\/h2>\n\n\n\n<p>Alors, finalement, le poker est-il un jeu de chance ou de comp\u00e9tence ? La r\u00e9ponse est que <strong>c&#8217;est les deux.<\/strong> La chance a plus d&#8217;influence dans une main ou une partie donn\u00e9e, tandis que la comp\u00e9tence prend le r\u00f4le principal avec le temps. Les joueurs comp\u00e9tents comprennent les probabilit\u00e9s, savent <a href=\"\/fr\/poker\/poker-bluff\/\">quand bluffer<\/a> et peuvent lire leurs adversaires. Ils surpassent syst\u00e9matiquement les joueurs moins comp\u00e9tents, prouvant que le poker est fondamentalement un jeu de comp\u00e9tence.<\/p>\n\n\n\n<p>Pour les joueurs occasionnels, l&#8217;\u00e9l\u00e9ment de chance rend le poker excitant et accessible. N&#8217;importe qui peut gagner une main, m\u00eame contre le meilleur joueur de poker de la plan\u00e8te. Mais pour ceux qui veulent r\u00e9ussir \u00e0 long terme, d\u00e9velopper leurs comp\u00e9tences et <a href=\"\/fr\/poker\/5-best-online-poker-training-sites\/\">s&#8217;entra\u00eener<\/a> est essentiel, comme dans tout autre sport professionnel. Le poker est un jeu complexe et fascinant qui n\u00e9cessite \u00e0 la fois chance et comp\u00e9tence, ce qui en fait l&#8217;un des plus beaux jeux de cartes jamais cr\u00e9\u00e9s.<\/p>\n","protected":false},"excerpt":{"rendered":"<p>Le poker est l&#8217;un des jeux de cartes les plus populaires au monde. Des millions de personnes y jouent, tant de mani\u00e8re occasionnelle que professionnelle. Mais une question se pose souvent : le poker est-il un jeu de chance ou de comp\u00e9tence ? Ce d\u00e9bat dure depuis de nombreuses ann\u00e9es, avec de solides arguments de &hellip; <a href=\"https:\/\/hand2noteguide.com\/fr\/poker\/is-poker-luck-or-skill\/\" class=\"more-link\">Continue reading <span class=\"screen-reader-text\">Le poker est-il un jeu de chance ou de comp\u00e9tence ?<\/span><\/a><\/p>\n","protected":false},"author":1,"featured_media":0,"parent":7017,"menu_order":0,"comment_status":"closed","ping_status":"closed","template":"","meta":{"footnotes":""},"class_list":["post-8034","page","type-page","status-publish","hentry"],"translation":{"provider":"WPGlobus","version":"3.0.2","language":"fr","enabled_languages":["en","ru","pt","zh","es","fr","de","it","ja"],"languages":{"en":{"title":true,"content":true,"excerpt":false},"ru":{"title":true,"content":true,"excerpt":false},"pt":{"title":true,"content":true,"excerpt":false},"zh":{"title":true,"content":true,"excerpt":false},"es":{"title":true,"content":true,"excerpt":false},"fr":{"title":true,"content":true,"excerpt":false},"de":{"title":true,"content":true,"excerpt":false},"it":{"title":true,"content":true,"excerpt":false},"ja":{"title":true,"content":true,"excerpt":false}}},"yoast_head":"<!-- This site is optimized with the Yoast SEO plugin v27.0 - https:\/\/yoast.com\/product\/yoast-seo-wordpress\/ -->\n<title>Le poker est-il un jeu de chance ou de comp\u00e9tence ?<\/title>\n<meta name=\"description\" content=\"D\u00e9battu depuis des ann\u00e9es, le poker est-il un jeu de chance ou de comp\u00e9tence ? Initialement influenc\u00e9 par la chance, mais ma\u00eetris\u00e9 par la comp\u00e9tence, la strat\u00e9gie et l&#039;exp\u00e9rience.\" \/>\n<meta name=\"robots\" content=\"index, follow, max-snippet:-1, max-image-preview:large, max-video-preview:-1\" \/>\n<link rel=\"canonical\" href=\"https:\/\/hand2noteguide.com\/poker\/is-poker-luck-or-skill\/\" \/>\n<meta property=\"og:locale\" content=\"fr_FR\" \/>\n<meta property=\"og:type\" content=\"article\" \/>\n<meta property=\"og:title\" content=\"Le poker est-il un jeu de chance ou de comp\u00e9tence ?\" \/>\n<meta property=\"og:description\" content=\"D\u00e9battu depuis des ann\u00e9es, le poker est-il un jeu de chance ou de comp\u00e9tence ? Initialement influenc\u00e9 par la chance, mais ma\u00eetris\u00e9 par la comp\u00e9tence, la strat\u00e9gie et l&#039;exp\u00e9rience.\" \/>\n<meta property=\"og:url\" content=\"https:\/\/hand2noteguide.com\/poker\/is-poker-luck-or-skill\/\" \/>\n<meta property=\"og:site_name\" content=\"Hand2Note Guide\" \/>\n<meta property=\"article:modified_time\" content=\"2026-03-11T11:30:38+00:00\" \/>\n<meta property=\"og:image\" content=\"https:\/\/hand2noteguide.com\/wp-content\/uploads\/2024\/09\/variance-min.png\" \/>\n\t<meta property=\"og:image:width\" content=\"1880\" \/>\n\t<meta property=\"og:image:height\" content=\"916\" \/>\n\t<meta property=\"og:image:type\" content=\"image\/png\" \/>\n<meta name=\"twitter:card\" content=\"summary_large_image\" \/>\n<meta name=\"twitter:label1\" content=\"Est. reading time\" \/>\n\t<meta name=\"twitter:data1\" content=\"56 minutes\" \/>\n<!-- \/ Yoast SEO plugin. -->","yoast_head_json":{"title":"Le poker est-il un jeu de chance ou de comp\u00e9tence ?","description":"D\u00e9battu depuis des ann\u00e9es, le poker est-il un jeu de chance ou de comp\u00e9tence ? Initialement influenc\u00e9 par la chance, mais ma\u00eetris\u00e9 par la comp\u00e9tence, la strat\u00e9gie et l'exp\u00e9rience.","robots":{"index":"index","follow":"follow","max-snippet":"max-snippet:-1","max-image-preview":"max-image-preview:large","max-video-preview":"max-video-preview:-1"},"canonical":"https:\/\/hand2noteguide.com\/poker\/is-poker-luck-or-skill\/","og_locale":"fr_FR","og_type":"article","og_title":"Le poker est-il un jeu de chance ou de comp\u00e9tence ?","og_description":"D\u00e9battu depuis des ann\u00e9es, le poker est-il un jeu de chance ou de comp\u00e9tence ? Initialement influenc\u00e9 par la chance, mais ma\u00eetris\u00e9 par la comp\u00e9tence, la strat\u00e9gie et l'exp\u00e9rience.","og_url":"https:\/\/hand2noteguide.com\/poker\/is-poker-luck-or-skill\/","og_site_name":"Hand2Note Guide","article_modified_time":"2026-03-11T11:30:38+00:00","og_image":[{"width":1880,"height":916,"url":"https:\/\/hand2noteguide.com\/wp-content\/uploads\/2024\/09\/variance-min.png","type":"image\/png"}],"twitter_card":"summary_large_image","twitter_misc":{"Est. reading time":"56 minutes"},"schema":{"@context":"https:\/\/schema.org","@graph":[]}},"jetpack_sharing_enabled":true,"_links":{"self":[{"href":"https:\/\/hand2noteguide.com\/fr\/wp-json\/wp\/v2\/pages\/8034","targetHints":{"allow":["GET"]}}],"collection":[{"href":"https:\/\/hand2noteguide.com\/fr\/wp-json\/wp\/v2\/pages"}],"about":[{"href":"https:\/\/hand2noteguide.com\/fr\/wp-json\/wp\/v2\/types\/page"}],"author":[{"embeddable":true,"href":"https:\/\/hand2noteguide.com\/fr\/wp-json\/wp\/v2\/users\/1"}],"replies":[{"embeddable":true,"href":"https:\/\/hand2noteguide.com\/fr\/wp-json\/wp\/v2\/comments?post=8034"}],"version-history":[{"count":38,"href":"https:\/\/hand2noteguide.com\/fr\/wp-json\/wp\/v2\/pages\/8034\/revisions"}],"predecessor-version":[{"id":15790,"href":"https:\/\/hand2noteguide.com\/fr\/wp-json\/wp\/v2\/pages\/8034\/revisions\/15790"}],"up":[{"embeddable":true,"href":"https:\/\/hand2noteguide.com\/fr\/wp-json\/wp\/v2\/pages\/7017"}],"wp:attachment":[{"href":"https:\/\/hand2noteguide.com\/fr\/wp-json\/wp\/v2\/media?parent=8034"}],"curies":[{"name":"wp","href":"https:\/\/api.w.org\/{rel}","templated":true}]}}