{"id":8133,"date":"2024-09-12T11:15:43","date_gmt":"2024-09-12T08:15:43","guid":{"rendered":"https:\/\/hand2noteguide.com\/?page_id=8133"},"modified":"2026-03-11T14:29:10","modified_gmt":"2026-03-11T11:29:10","slug":"poker-hud","status":"publish","type":"page","link":"https:\/\/hand2noteguide.com\/fr\/poker\/poker-hud\/","title":{"rendered":"HUD de poker : le guide ultime pour les d\u00e9butants"},"content":{"rendered":"\n<p>Si vous d\u00e9butez au poker en ligne, vous avez probablement d\u00e9j\u00e0 entendu parler d\u2019un \u00ab\u202fPoker HUD\u202f\u00bb, sans forc\u00e9ment savoir exactement ce que c\u2019est ni comment l\u2019utiliser.<\/p>\n\n\n\n<div class=\"green-block\">\n<p style=\"margin-bottom:0\">\ud83d\udc68\ud83c\udffb\u200d\ud83d\udcbb <b>Un Poker HUD<\/b> (Heads-Up Display) est un outil qui <b>affiche en temps r\u00e9el des statistiques sur vos adversaires<\/b> pendant que vous jouez.<\/p>\n<\/div>\n\n\n\n<p>Le HUD vous aide \u00e0 prendre de meilleures d\u00e9cisions en vous fournissant des donn\u00e9es sur la fa\u00e7on dont vos adversaires jouent. Dans ce guide, nous allons expliquer en d\u00e9tail ce qu\u2019est un poker HUD, pourquoi vous devriez en utiliser un et comment commencer \u00e0 l\u2019utiliser.<\/p>\n\n\n\n<h2 class=\"wp-block-heading\">Qu\u2019est-ce qu\u2019un Poker HUD\u202f?<\/h2>\n\n\n\n<p>Un Poker HUD est un logiciel qui collecte des donn\u00e9es sur vos adversaires pendant que vous jouez. Il affiche ensuite ces donn\u00e9es sous forme de statistiques directement sur votre table de poker. Ces statistiques vous donnent un aper\u00e7u rapide de la mani\u00e8re dont vos adversaires ont tendance \u00e0 jouer, ce qui vous permet d\u2019adapter votre strat\u00e9gie en cons\u00e9quence.<\/p>\n\n\n\n<figure class=\"wp-block-image size-full\"><img loading=\"lazy\" decoding=\"async\" width=\"907\" height=\"627\" src=\"http:\/\/hand2noteguide.com\/wp-content\/uploads\/2024\/05\/hud-2-min.png\" alt=\"Hand2Note HUD at PokerStars table\" class=\"wp-image-6823\" srcset=\"https:\/\/hand2noteguide.com\/wp-content\/uploads\/2024\/05\/hud-2-min.png 907w, https:\/\/hand2noteguide.com\/wp-content\/uploads\/2024\/05\/hud-2-min-300x207.png 300w, https:\/\/hand2noteguide.com\/wp-content\/uploads\/2024\/05\/hud-2-min-768x531.png 768w, https:\/\/hand2noteguide.com\/wp-content\/uploads\/2024\/05\/hud-2-min-772x534.png 772w, https:\/\/hand2noteguide.com\/wp-content\/uploads\/2024\/05\/hud-2-min-624x431.png 624w\" sizes=\"auto, (max-width: 907px) 100vw, 907px\" \/><figcaption class=\"wp-element-caption\"><a href=\"https:\/\/hand2note.com\/\" target=\"_blank\" aria-label=\"undefined (opens in a new tab)\" rel=\"noreferrer noopener\">HUD Hand2Note<\/a> sur une table PokerStars<\/figcaption><\/figure>\n\n\n\n<p>Par exemple, un poker HUD peut vous montrer\u202f:<\/p>\n\n\n\n<ul class=\"wp-block-list\">\n<li>\u00c0 quelle fr\u00e9quence un joueur relance avant le flop<\/li>\n\n\n\n<li>\u00c0 quelle fr\u00e9quence il se couche face \u00e0 un continuation bet<\/li>\n\n\n\n<li>\u00c0 quelle fr\u00e9quence il part \u00e0 tapis dans certaines situations<\/li>\n<\/ul>\n\n\n\n<p>Ces chiffres vous aident \u00e0 anticiper les actions de vos adversaires et \u00e0 classifier leur style de jeu\u202f: agressif ou passif, serr\u00e9 ou loose, etc.<\/p>\n\n\n\n<h2 class=\"wp-block-heading\">Pourquoi utiliser un Poker HUD\u202f?<\/h2>\n\n\n\n<p>Un HUD vous donne un avantage sur vos adversaires. Voici quelques b\u00e9n\u00e9fices cl\u00e9s\u202f:<\/p>\n\n\n\n<ul class=\"wp-block-list\">\n<li>\ud83e\udde0 <strong>De meilleures d\u00e9cisions<\/strong>. Avec un HUD, vous disposez de plus d\u2019informations pour prendre vos d\u00e9cisions. Vous pouvez identifier des tendances dans le jeu de vos adversaires et exploiter leurs faiblesses.<\/li>\n\n\n\n<li>\ud83e\uddd8\u200d\u2642\ufe0f <strong>\u00c9conomiser de l\u2019\u00e9nergie mentale<\/strong>. Au lieu d\u2019essayer de vous souvenir du style de jeu de chaque joueur \u00e0 la table, votre HUD s\u2019en charge pour vous. Cela lib\u00e8re vos ressources mentales pour d\u2019autres d\u00e9cisions importantes.<\/li>\n\n\n\n<li>\u2699\ufe0f <strong>S\u2019adapter rapidement<\/strong>. Le poker en ligne va vite. Un HUD vous aide \u00e0 vous adapter rapidement aux nouveaux joueurs \u00e0 la table en vous donnant leurs statistiques en quelques minutes.<\/li>\n\n\n\n<li>\ud83d\udcc8 <strong>Am\u00e9liorer votre jeu<\/strong>. Analyser vos propres statistiques HUD apr\u00e8s une session peut vous aider \u00e0 identifier les fuites dans votre jeu. Vous pouvez voir o\u00f9 vous perdez de l\u2019argent et travailler ces aspects.<\/li>\n<\/ul>\n\n\n\n<h2 class=\"wp-block-heading\">Statistiques cl\u00e9s du <a href=\"\/fr\/poker\/poker-hud-stats\/\">Poker HUD<\/a> pour les d\u00e9butants<\/h2>\n\n\n\n<p>Un Poker HUD peut afficher de nombreuses statistiques, mais en tant que d\u00e9butant vous devriez vous concentrer sur quelques statistiques essentielles\u202f:<\/p>\n\n\n\n<ul class=\"wp-block-list\">\n<li><strong>VPIP (Voluntarily Put Money in Pot)<\/strong>. Cette statistique montre \u00e0 quelle fr\u00e9quence un joueur met de l\u2019argent dans le pot lorsqu\u2019il n\u2019y est pas oblig\u00e9 (hors blindes). Un VPIP \u00e9lev\u00e9 signifie qu\u2019un joueur est loose (il joue beaucoup de mains), tandis qu\u2019un VPIP faible indique un joueur serr\u00e9 (il ne joue que des mains fortes). <img decoding=\"async\" alt=\"poker vpip\" src=\"http:\/\/hand2noteguide.com\/wp-content\/uploads\/2024\/09\/VPIP-min.jpg\"> <\/li>\n<\/ul>\n\n\n\n<ul class=\"wp-block-list\">\n<li><strong>PFR (Pre-Flop Raise)<\/strong>. Indique la fr\u00e9quence \u00e0 laquelle un joueur relance avant le flop. Un PFR \u00e9lev\u00e9 indique un joueur agressif, tandis qu\u2019un PFR faible sugg\u00e8re un style plus passif.<\/li>\n\n\n\n<li><strong>AFq (Aggression Frequency)<\/strong>. Cette statistique mesure la fr\u00e9quence \u00e0 laquelle un joueur choisit de miser ou de relancer par rapport aux folds, checks et calls. Un AFq \u00e9lev\u00e9 indique un joueur agressif, tandis qu\u2019un AFq faible indique un joueur passif.<\/li>\n\n\n\n<li><a href=\"\/fr\/poker\/3bet-in-poker\/\"><strong>3-Bet<\/strong><\/a>. Cette statistique montre \u00e0 quelle fr\u00e9quence un joueur effectue un 3-bet (sur-relance) avant le flop. Un pourcentage de 3-bet \u00e9lev\u00e9 indique un joueur qui met souvent la pression avec des sur-relances.<\/li>\n\n\n\n<li><strong>Fold to C-Bet<\/strong>. Cette statistique indique \u00e0 quelle fr\u00e9quence un joueur se couche face \u00e0 un continuation bet (une mise faite au flop par le relanceur pr\u00e9flop). Un pourcentage \u00e9lev\u00e9 signifie qu\u2019il abandonne souvent face \u00e0 un c-bet. Vous pouvez donc exploiter cela en faisant plus souvent des continuation bets.<\/li>\n\n\n\n<li><strong>WTSD (Went to Showdown)<\/strong>. Indique \u00e0 quelle fr\u00e9quence un joueur va jusqu\u2019au showdown apr\u00e8s avoir vu le flop. Un WTSD \u00e9lev\u00e9 signifie que le joueur aime aller au showdown et peut \u00eatre une \u00ab\u202fcalling station\u202f\u00bb qui se couche rarement et paiera souvent vos mains fortes.<\/li>\n<\/ul>\n\n\n\n<div class=\"green-block\">\n<p style=\"margin-bottom:0\">\ud83d\udc49 Lisez notre article sur les <a href=\"\/fr\/poker\/poker-hud-stats\/\"><strong>statistiques de poker<\/strong><\/a> pour d\u00e9couvrir une liste plus compl\u00e8te de statistiques avec l\u2019analyse de leurs valeurs.<\/p>\n<\/div>\n\n\n\n<h2 class=\"wp-block-heading\">Comment configurer un Poker HUD<\/h2>\n\n\n\n<p>Configurer un Poker HUD est relativement simple. Voici un guide \u00e9tape par \u00e9tape\u202f:<\/p>\n\n\n\n<h3 class=\"wp-block-heading\">1. Choisir et installer un logiciel HUD<\/h3>\n\n\n\n<p>Il existe plusieurs logiciels de tracking de poker qui proposent un HUD. La plupart des joueurs professionnels en ligne utilisent <strong>Hand2Note<\/strong> \u2014 le logiciel HUD le plus rapide, le plus pratique, le plus fonctionnel et le plus simple \u00e0 utiliser. Il est <a href=\"https:\/\/hand2note.com\/Help\/hand2note-vs-other-tools\" target=\"_blank\" rel=\"noreferrer noopener\">en avance sur tous ses concurrents \u00e0 tous les niveaux<\/a> : fonctionnalit\u00e9s, interface, fiabilit\u00e9 et vitesse.<\/p>\n\n\n<div class=\"wp-block-h2n-cta-button\" style=\"text-align: left;\"><a href=\"https:\/\/hand2noteguide.com\/fr\/go\/hand2note\/\" class=\"btn btn-primary\" target=\"_blank\" rel=\"noopener noreferrer nofollow sponsored\">T\u00e9l\u00e9charger Hand2Note<\/a><\/div>\n\n\n<figure class=\"wp-block-image size-large\"><img loading=\"lazy\" decoding=\"async\" width=\"1024\" height=\"638\" src=\"https:\/\/hand2noteguide.com\/wp-content\/uploads\/2024\/09\/hand2note-min-1024x638.png\" alt=\"\" class=\"wp-image-8163\" srcset=\"https:\/\/hand2noteguide.com\/wp-content\/uploads\/2024\/09\/hand2note-min-1024x638.png 1024w, https:\/\/hand2noteguide.com\/wp-content\/uploads\/2024\/09\/hand2note-min-300x187.png 300w, https:\/\/hand2noteguide.com\/wp-content\/uploads\/2024\/09\/hand2note-min-768x478.png 768w, https:\/\/hand2noteguide.com\/wp-content\/uploads\/2024\/09\/hand2note-min-1536x956.png 1536w, https:\/\/hand2noteguide.com\/wp-content\/uploads\/2024\/09\/hand2note-min-772x481.png 772w, https:\/\/hand2noteguide.com\/wp-content\/uploads\/2024\/09\/hand2note-min-624x389.png 624w, https:\/\/hand2noteguide.com\/wp-content\/uploads\/2024\/09\/hand2note-min.png 1590w\" sizes=\"auto, (max-width: 1024px) 100vw, 1024px\" \/><figcaption class=\"wp-element-caption\">Hand2Note est l\u2019un des principaux logiciels HUD du march\u00e9<\/figcaption><\/figure>\n\n\n\n<p>Parmi les autres options de logiciels HUD, il convient de mentionner les \u00ab\u202fanciens\u202f\u00bb du march\u00e9 \u2014 <strong>PokerTracker 4<\/strong> et <strong>Holdem Manager 3<\/strong>. Ces marques sont tr\u00e8s populaires dans la communaut\u00e9 poker. Elles ont longtemps domin\u00e9 le march\u00e9 avant d\u2019\u00eatre remplac\u00e9es par des logiciels plus modernes. PokerTracker 4 et Holdem Manager 3 sont des programmes payants, mais ils proposent un essai gratuit pour vous permettre de tester le logiciel.<\/p>\n\n\n\n<p>Pour vous donner une vision plus large du march\u00e9 des logiciels de poker, mentionnons \u00e9galement des options moins populaires mais int\u00e9ressantes que certains joueurs utilisent\u202f: <strong>Poker Copilot<\/strong> et <strong>DriveHUD<\/strong>. Elles peuvent convenir aux d\u00e9butants qui commencent \u00e0 d\u00e9couvrir les outils HUD.<\/p>\n\n\n\n<h3 class=\"wp-block-heading\">2. Suivre le guide de configuration du HUD<\/h3>\n\n\n\n<p>Une fois votre logiciel de tracking install\u00e9, vous devrez suivre leur guide par d\u00e9faut pour lancer le HUD dans votre room de poker.<\/p>\n\n\n\n<p>Avec Hand2Note, aucune \u00e9tape suppl\u00e9mentaire n\u2019est n\u00e9cessaire\u202f: lancez simplement Hand2Note et la table en m\u00eame temps \u2014 le HUD devrait appara\u00eetre apr\u00e8s environ une minute. Pour les autres logiciels de poker, consultez les guides utilisateurs sur leurs sites officiels.<\/p>\n\n\n\n<h3 class=\"wp-block-heading\">3. Commencez \u00e0 jouer\u202f!<\/h3>\n\n\n\n<p>Maintenant, jouez. Plus vous jouez, plus des donn\u00e9es seront accumul\u00e9es et plus les statistiques affich\u00e9es sur vos adversaires seront pr\u00e9cises. Vous verrez le HUD se mettre \u00e0 jour apr\u00e8s chaque main jou\u00e9e.<\/p>\n\n\n\n<figure class=\"wp-block-image size-full\"><img loading=\"lazy\" decoding=\"async\" width=\"916\" height=\"559\" src=\"http:\/\/hand2noteguide.com\/wp-content\/uploads\/2020\/07\/best-poker-tracker-hud.png\" alt=\"poker hud in action\" class=\"wp-image-2876\" srcset=\"https:\/\/hand2noteguide.com\/wp-content\/uploads\/2020\/07\/best-poker-tracker-hud.png 916w, https:\/\/hand2noteguide.com\/wp-content\/uploads\/2020\/07\/best-poker-tracker-hud-300x183.png 300w, https:\/\/hand2noteguide.com\/wp-content\/uploads\/2020\/07\/best-poker-tracker-hud-768x469.png 768w, https:\/\/hand2noteguide.com\/wp-content\/uploads\/2020\/07\/best-poker-tracker-hud-772x471.png 772w, https:\/\/hand2noteguide.com\/wp-content\/uploads\/2020\/07\/best-poker-tracker-hud-624x381.png 624w\" sizes=\"auto, (max-width: 916px) 100vw, 916px\" \/><figcaption class=\"wp-element-caption\">Poker HUD en action<\/figcaption><\/figure>\n\n\n\n<p>Nous ne recommandons pas de trop vous concentrer sur les statistiques lorsque vous commencez \u00e0 utiliser cet outil. Gardez-y un \u0153il, mais ne perdez pas la t\u00eate \u00e0 analyser chaque chiffre. Commencez simplement par utiliser les <a href=\"\/fr\/poker\/poker-hud-stats\/\">statistiques VPIP et PFR<\/a> pour d\u00e9finir le style de jeu g\u00e9n\u00e9ral de vos adversaires.<\/p>\n\n\n\n<h3 class=\"wp-block-heading\">4. \u00c9tape suivante : personnaliser votre HUD<\/h3>\n\n\n\n<p>Lorsque vous serez plus \u00e0 l\u2019aise avec l\u2019utilisation d\u2019un HUD, vous voudrez bien s\u00fbr l\u2019\u00e9tendre, l\u2019am\u00e9liorer et l\u2019optimiser. Hand2Note et d\u2019autres programmes de poker proposent des outils pour cr\u00e9er votre propre HUD et vos propres statistiques.<\/p>\n\n\n\n<figure class=\"wp-block-image size-large\"><img loading=\"lazy\" decoding=\"async\" width=\"1024\" height=\"608\" src=\"https:\/\/hand2noteguide.com\/wp-content\/uploads\/2024\/09\/hud-editor-min-1024x608.png\" alt=\"\" class=\"wp-image-8167\" srcset=\"https:\/\/hand2noteguide.com\/wp-content\/uploads\/2024\/09\/hud-editor-min-1024x608.png 1024w, https:\/\/hand2noteguide.com\/wp-content\/uploads\/2024\/09\/hud-editor-min-300x178.png 300w, https:\/\/hand2noteguide.com\/wp-content\/uploads\/2024\/09\/hud-editor-min-768x456.png 768w, https:\/\/hand2noteguide.com\/wp-content\/uploads\/2024\/09\/hud-editor-min-1536x911.png 1536w, https:\/\/hand2noteguide.com\/wp-content\/uploads\/2024\/09\/hud-editor-min-2048x1215.png 2048w, https:\/\/hand2noteguide.com\/wp-content\/uploads\/2024\/09\/hud-editor-min-772x458.png 772w, https:\/\/hand2noteguide.com\/wp-content\/uploads\/2024\/09\/hud-editor-min-624x370.png 624w\" sizes=\"auto, (max-width: 1024px) 100vw, 1024px\" \/><figcaption class=\"wp-element-caption\">Personnalisation du HUD dans l\u2019Editor<\/figcaption><\/figure>\n\n\n\n<p>Vous pouvez \u00e9galement acheter des packages professionnels de HUD et de statistiques pr\u00eats \u00e0 l\u2019emploi dans le <a aria-label=\"undefined (opens in a new tab)\" href=\"https:\/\/hudstore.poker\/\" target=\"_blank\" rel=\"noreferrer noopener\"><strong>Poker HUD Store<\/strong><\/a>. C\u2019est une excellente option pour gagner du temps et faire confiance \u00e0 des solutions professionnelles. Dans le Store, vous trouverez des packages fiables cr\u00e9\u00e9s par des d\u00e9veloppeurs HUD professionnels et des joueurs \u00e0 succ\u00e8s. Vous pouvez aussi <a aria-label=\"undefined (opens in a new tab)\" href=\"https:\/\/www.hudstore.poker\/custom-hud\" target=\"_blank\" rel=\"noreferrer noopener\"><strong>commander un HUD personnalis\u00e9<\/strong><\/a> aupr\u00e8s d\u2019un expert officiel Hand2Note.<\/p>\n\n\n\n<h2 class=\"wp-block-heading\">Conseils pour utiliser efficacement un Poker HUD<\/h2>\n\n\n\n<ul class=\"wp-block-list\">\n<li>\u2714\ufe0f <strong>Commencez simple<\/strong>. Concentrez-vous d\u2019abord sur les statistiques les plus basiques : VPIP, PFR et <a href=\"\/fr\/poker\/3bet-in-poker\/\">3Bet<\/a>. Avec l\u2019exp\u00e9rience, vous pourrez ajouter des statistiques plus avanc\u00e9es \u00e0 votre HUD.<\/li>\n\n\n\n<li>\u2714\ufe0f <strong>Adaptez-vous \u00e0 la taille de l\u2019\u00e9chantillon<\/strong>. La fiabilit\u00e9 des statistiques HUD d\u00e9pend du nombre de mains que vous avez sur un adversaire. Un grand \u00e9chantillon fournit des donn\u00e9es plus pr\u00e9cises, tandis qu\u2019un petit \u00e9chantillon peut \u00eatre trompeur.<\/li>\n\n\n\n<li>\u2714\ufe0f <strong>Utilisez le code couleur<\/strong>. La plupart des HUD permettent de colorer les statistiques pour faciliter la lecture. Par exemple, vous pouvez utiliser le vert pour les joueurs avec un VPIP \u00e9lev\u00e9 (loose) et le rouge pour les joueurs avec un VPIP faible (serr\u00e9s).<\/li>\n\n\n\n<li>\u2714\ufe0f <strong>Analysez vos sessions<\/strong>. Apr\u00e8s une session, examinez les donn\u00e9es du HUD afin d\u2019identifier des tendances dans votre propre jeu et les axes d\u2019am\u00e9lioration.<\/li>\n<\/ul>\n\n\n\n<h2 class=\"wp-block-heading\">Erreurs courantes \u00e0 \u00e9viter<\/h2>\n\n\n\n<ul class=\"wp-block-list\">\n<li>\ud83d\udeab <strong>Surcharger votre HUD<\/strong>. Il peut \u00eatre tentant d\u2019inclure toutes les statistiques possibles dans votre HUD, mais trop d\u2019informations peuvent devenir \u00e9crasantes. Restez sur les bases et ajoutez plus de statistiques avec l\u2019exp\u00e9rience.<\/li>\n\n\n\n<li>\ud83d\udeab <strong>Ignorer les profils des joueurs<\/strong>. Tous les joueurs ne rentrent pas parfaitement dans des cat\u00e9gories statistiques. Utilisez le HUD en compl\u00e9ment de vos propres observations. Par exemple, un joueur peut avoir une fr\u00e9quence d\u2019agression \u00e9lev\u00e9e, mais si vous remarquez qu\u2019il n\u2019est agressif qu\u2019avec des mains premium, vous devrez adapter votre strat\u00e9gie.<\/li>\n\n\n\n<li>\ud83d\udeab <strong>S\u2019appuyer uniquement sur le HUD<\/strong>. Bien qu\u2019un HUD soit un outil puissant, il ne doit pas remplacer votre jugement. Utilisez-le comme un compl\u00e9ment \u00e0 vos propres reads et observations.<\/li>\n<\/ul>\n\n\n\n<div class=\"green-block\">\n<p style=\"margin-bottom:0\">\ud83d\udc49 Consultez l\u2019article <a aria-label=\"undefined (opens in a new tab)\" href=\"https:\/\/www.hudstore.poker\/7-common-mistakes-poker-players-make-when-using-hud\" target=\"_blank\" rel=\"noopener\"><strong>7 erreurs courantes que les joueurs font en utilisant un HUD<\/strong><\/a> pour d\u00e9couvrir la liste compl\u00e8te des erreurs avec des explications d\u00e9taill\u00e9es.<\/p>\n<\/div>\n\n\n\n<h2 class=\"wp-block-heading\">Conclusion<\/h2>\n\n\n\n<p>Un Poker HUD est un outil essentiel pour tout joueur de poker en ligne s\u00e9rieux. Il fournit des donn\u00e9es en temps r\u00e9el qui peuvent vous aider \u00e0 prendre des d\u00e9cisions plus \u00e9clair\u00e9es, \u00e9conomiser de l\u2019\u00e9nergie mentale et vous adapter rapidement \u00e0 vos adversaires. En vous concentrant sur les statistiques cl\u00e9s et en utilisant votre HUD efficacement, vous pouvez obtenir un avantage significatif sur les joueurs qui n\u2019en utilisent pas. N\u2019oubliez pas de commencer simplement, d\u2019\u00e9viter les erreurs courantes et de toujours combiner les donn\u00e9es du HUD avec votre propre analyse de la main. Avec de la pratique, vous verrez qu\u2019un <strong>HUD peut consid\u00e9rablement am\u00e9liorer vos performances au poker en ligne<\/strong>.<\/p>\n","protected":false},"excerpt":{"rendered":"<p>Si vous d\u00e9butez au poker en ligne, vous avez probablement d\u00e9j\u00e0 entendu parler d\u2019un \u00ab\u202fPoker HUD\u202f\u00bb, sans forc\u00e9ment savoir exactement ce que c\u2019est ni comment l\u2019utiliser. \ud83d\udc68\ud83c\udffb\u200d\ud83d\udcbb Un Poker HUD (Heads-Up Display) est un outil qui affiche en temps r\u00e9el des statistiques sur vos adversaires pendant que vous jouez. Le HUD vous aide \u00e0 prendre &hellip; <a href=\"https:\/\/hand2noteguide.com\/fr\/poker\/poker-hud\/\" class=\"more-link\">Continue reading <span class=\"screen-reader-text\">HUD de poker : le guide ultime pour les d\u00e9butants<\/span><\/a><\/p>\n","protected":false},"author":1,"featured_media":0,"parent":7017,"menu_order":0,"comment_status":"closed","ping_status":"closed","template":"","meta":{"footnotes":""},"class_list":["post-8133","page","type-page","status-publish","hentry"],"translation":{"provider":"WPGlobus","version":"3.0.2","language":"fr","enabled_languages":["en","ru","pt","zh","es","fr","de","it","ja"],"languages":{"en":{"title":true,"content":true,"excerpt":false},"ru":{"title":true,"content":true,"excerpt":false},"pt":{"title":true,"content":true,"excerpt":false},"zh":{"title":true,"content":true,"excerpt":false},"es":{"title":true,"content":true,"excerpt":false},"fr":{"title":true,"content":true,"excerpt":false},"de":{"title":true,"content":true,"excerpt":false},"it":{"title":true,"content":true,"excerpt":false},"ja":{"title":true,"content":true,"excerpt":false}}},"yoast_head":"<!-- This site is optimized with the Yoast SEO plugin v27.0 - https:\/\/yoast.com\/product\/yoast-seo-wordpress\/ -->\n<title>HUD de poker : le guide ultime pour les d\u00e9butants<\/title>\n<meta name=\"description\" content=\"Ma\u00eetrisez l\u2019utilisation d\u2019un HUD de poker pour prendre des d\u00e9cisions \u00e9clair\u00e9es contre vos adversaires et am\u00e9liorer votre propre jeu. Gagnez du temps et obtenez rapidement un avantage comp\u00e9titif.\" \/>\n<meta name=\"robots\" content=\"index, follow, max-snippet:-1, max-image-preview:large, max-video-preview:-1\" \/>\n<link rel=\"canonical\" href=\"https:\/\/hand2noteguide.com\/poker\/poker-hud\/\" \/>\n<meta property=\"og:locale\" content=\"fr_FR\" \/>\n<meta property=\"og:type\" content=\"article\" \/>\n<meta property=\"og:title\" content=\"HUD de poker : le guide ultime pour les d\u00e9butants\" \/>\n<meta property=\"og:description\" content=\"Ma\u00eetrisez l\u2019utilisation d\u2019un HUD de poker pour prendre des d\u00e9cisions \u00e9clair\u00e9es contre vos adversaires et am\u00e9liorer votre propre jeu. Gagnez du temps et obtenez rapidement un avantage comp\u00e9titif.\" \/>\n<meta property=\"og:url\" content=\"https:\/\/hand2noteguide.com\/poker\/poker-hud\/\" \/>\n<meta property=\"og:site_name\" content=\"Hand2Note Guide\" \/>\n<meta property=\"article:modified_time\" content=\"2026-03-11T11:29:10+00:00\" \/>\n<meta property=\"og:image\" content=\"http:\/\/hand2noteguide.com\/wp-content\/uploads\/2024\/05\/hud-2-min.png\" \/>\n<meta name=\"twitter:card\" content=\"summary_large_image\" \/>\n<meta name=\"twitter:label1\" content=\"Est. reading time\" \/>\n\t<meta name=\"twitter:data1\" content=\"9 minutes\" \/>\n<!-- \/ Yoast SEO plugin. -->","yoast_head_json":{"title":"HUD de poker : le guide ultime pour les d\u00e9butants","description":"Ma\u00eetrisez l\u2019utilisation d\u2019un HUD de poker pour prendre des d\u00e9cisions \u00e9clair\u00e9es contre vos adversaires et am\u00e9liorer votre propre jeu. Gagnez du temps et obtenez rapidement un avantage comp\u00e9titif.","robots":{"index":"index","follow":"follow","max-snippet":"max-snippet:-1","max-image-preview":"max-image-preview:large","max-video-preview":"max-video-preview:-1"},"canonical":"https:\/\/hand2noteguide.com\/poker\/poker-hud\/","og_locale":"fr_FR","og_type":"article","og_title":"HUD de poker : le guide ultime pour les d\u00e9butants","og_description":"Ma\u00eetrisez l\u2019utilisation d\u2019un HUD de poker pour prendre des d\u00e9cisions \u00e9clair\u00e9es contre vos adversaires et am\u00e9liorer votre propre jeu. Gagnez du temps et obtenez rapidement un avantage comp\u00e9titif.","og_url":"https:\/\/hand2noteguide.com\/poker\/poker-hud\/","og_site_name":"Hand2Note Guide","article_modified_time":"2026-03-11T11:29:10+00:00","og_image":[{"url":"http:\/\/hand2noteguide.com\/wp-content\/uploads\/2024\/05\/hud-2-min.png","type":"","width":"","height":""}],"twitter_card":"summary_large_image","twitter_misc":{"Est. reading time":"9 minutes"},"schema":{"@context":"https:\/\/schema.org","@graph":[]}},"jetpack_sharing_enabled":true,"_links":{"self":[{"href":"https:\/\/hand2noteguide.com\/fr\/wp-json\/wp\/v2\/pages\/8133","targetHints":{"allow":["GET"]}}],"collection":[{"href":"https:\/\/hand2noteguide.com\/fr\/wp-json\/wp\/v2\/pages"}],"about":[{"href":"https:\/\/hand2noteguide.com\/fr\/wp-json\/wp\/v2\/types\/page"}],"author":[{"embeddable":true,"href":"https:\/\/hand2noteguide.com\/fr\/wp-json\/wp\/v2\/users\/1"}],"replies":[{"embeddable":true,"href":"https:\/\/hand2noteguide.com\/fr\/wp-json\/wp\/v2\/comments?post=8133"}],"version-history":[{"count":70,"href":"https:\/\/hand2noteguide.com\/fr\/wp-json\/wp\/v2\/pages\/8133\/revisions"}],"predecessor-version":[{"id":15789,"href":"https:\/\/hand2noteguide.com\/fr\/wp-json\/wp\/v2\/pages\/8133\/revisions\/15789"}],"up":[{"embeddable":true,"href":"https:\/\/hand2noteguide.com\/fr\/wp-json\/wp\/v2\/pages\/7017"}],"wp:attachment":[{"href":"https:\/\/hand2noteguide.com\/fr\/wp-json\/wp\/v2\/media?parent=8133"}],"curies":[{"name":"wp","href":"https:\/\/api.w.org\/{rel}","templated":true}]}}