{"id":8180,"date":"2024-09-12T13:44:54","date_gmt":"2024-09-12T10:44:54","guid":{"rendered":"https:\/\/hand2noteguide.com\/?page_id=8180"},"modified":"2026-03-11T13:56:09","modified_gmt":"2026-03-11T10:56:09","slug":"poker-hud-stats","status":"publish","type":"page","link":"https:\/\/hand2noteguide.com\/fr\/poker\/poker-hud-stats\/","title":{"rendered":"Statistiques du HUD de poker &#8211; apprenez \u00e0 utiliser les statistiques dans le jeu de poker"},"content":{"rendered":"\n<p>Le poker est un jeu de strat\u00e9gie, d&#8217;observation et de prise de d\u00e9cision rapide. Dans le poker en ligne, un Poker HUD (Heads-Up Display) peut \u00eatre un outil puissant. Il vous montre des statistiques importantes sur vos adversaires en temps r\u00e9el. Ces statistiques vous aident \u00e0 comprendre comment vos adversaires jouent, vous permettant ainsi de prendre de meilleures d\u00e9cisions.<\/p>\n\n\n\n<p>Si vous n&#8217;\u00eates pas encore familier avec le HUD, nous vous recommandons de lire d&#8217;abord notre article <a href=\"\/fr\/poker\/poker-hud\/\">Poker HUD : Le Guide Ultime pour les D\u00e9butants<\/a>. Dans l&#8217;article actuel, nous n&#8217;aborderons pas les questions techniques du HUD. Nous nous concentrerons sur une explication d\u00e9taill\u00e9e des statistiques les plus importantes que les joueurs professionnels ont g\u00e9n\u00e9ralement dans leurs HUDs.<\/p>\n\n\n\n<h2 class=\"wp-block-heading\">Quelles sont les Statistiques de Poker dans le HUD ?<\/h2>\n\n\n\n<p>Les statistiques de poker HUD sont des points de donn\u00e9es qu&#8217;un HUD collecte et affiche pendant que vous jouez. Ces statistiques suivent les actions et les tendances de vos adversaires au fil du temps. En analysant ces statistiques, vous pouvez rep\u00e9rer des sch\u00e9mas dans la fa\u00e7on dont vos adversaires jouent, ce qui facilite l&#8217;exploitation de leurs faiblesses. Vous pouvez utiliser ces statistiques \u00e0 la fois pour la prise de d\u00e9cision en jeu et pour analyser le jeu en dehors des tables.<\/p>\n\n\n\n<figure class=\"wp-block-image size-full\"><img loading=\"lazy\" decoding=\"async\" width=\"599\" height=\"232\" src=\"http:\/\/hand2noteguide.com\/wp-content\/uploads\/2020\/08\/simple-cash-transcription-1.png\" alt=\"statistiques hud poker\" class=\"wp-image-3817\" srcset=\"https:\/\/hand2noteguide.com\/wp-content\/uploads\/2020\/08\/simple-cash-transcription-1.png 599w, https:\/\/hand2noteguide.com\/wp-content\/uploads\/2020\/08\/simple-cash-transcription-1-300x116.png 300w\" sizes=\"auto, (max-width: 599px) 100vw, 599px\" \/><\/figure>\n\n\n\n<h2 class=\"wp-block-heading\">Statistiques Cl\u00e9s du HUD Poker<\/h2>\n\n\n\n<p>Il existe de nombreuses statistiques qu&#8217;un HUD peut afficher, mais voici les plus importantes pour les d\u00e9butants :<\/p>\n\n\n\n<h3 class=\"wp-block-heading\">VPIP (Voluntarily Put Money in Pot)<\/h3>\n\n\n\n<p>Le VPIP est la statistique la plus fondamentale au poker. Il montre un <strong>% de mains dans lesquelles un joueur met de l&#8217;argent dans le pot alors qu&#8217;il n&#8217;est pas oblig\u00e9 de le faire<\/strong> (les mises obligatoires de petite et grosse blind ne comptent pas).<\/p>\n\n\n\n<figure class=\"wp-block-image size-large\"><img loading=\"lazy\" decoding=\"async\" width=\"1024\" height=\"576\" src=\"http:\/\/hand2noteguide.com\/wp-content\/uploads\/2024\/09\/VPIP-min-1024x576.jpg\" alt=\"formule statistique vpip poker\" class=\"wp-image-8153\" srcset=\"https:\/\/hand2noteguide.com\/wp-content\/uploads\/2024\/09\/VPIP-min-1024x576.jpg 1024w, https:\/\/hand2noteguide.com\/wp-content\/uploads\/2024\/09\/VPIP-min-300x169.jpg 300w, https:\/\/hand2noteguide.com\/wp-content\/uploads\/2024\/09\/VPIP-min-768x432.jpg 768w, https:\/\/hand2noteguide.com\/wp-content\/uploads\/2024\/09\/VPIP-min-1536x864.jpg 1536w, https:\/\/hand2noteguide.com\/wp-content\/uploads\/2024\/09\/VPIP-min-772x434.jpg 772w, https:\/\/hand2noteguide.com\/wp-content\/uploads\/2024\/09\/VPIP-min-624x351.jpg 624w, https:\/\/hand2noteguide.com\/wp-content\/uploads\/2024\/09\/VPIP-min.jpg 1600w\" sizes=\"auto, (max-width: 1024px) 100vw, 1024px\" \/><figcaption class=\"wp-element-caption\">Formule VPIP : un ratio entre [le nombre de mains o\u00f9 un joueur a volontairement mis de l&#8217;argent dans le pot] et [le nombre total de mains].<\/figcaption><\/figure>\n\n\n\n<p>Le VPIP est la statistique la plus importante dans votre HUD. M\u00eame avec un faible \u00e9chantillon, alors que d&#8217;autres statistiques peuvent ne pas encore \u00eatre informatives, le VPIP peut d\u00e9j\u00e0 fournir des informations pr\u00e9cieuses sur le style de jeu de votre adversaire. Un <strong>VPIP \u00e9lev\u00e9 signifie qu&#8217;un joueur est loose<\/strong>, jouant de nombreuses mains, tandis qu&#8217;un <strong>VPIP faible indique un joueur tight<\/strong> qui ne joue que des mains fortes. Utilisez cette statistique pour d\u00e9terminer si un adversaire est loose ou tight et ajustez votre strat\u00e9gie en cons\u00e9quence.<\/p>\n\n\n\n<h4 class=\"wp-block-heading\">Quelle est une Bonne Plage de VPIP ?<\/h4>\n\n\n\n<p>Veuillez noter que les valeurs donn\u00e9es pour le VPIP et d&#8217;autres statistiques sont approximatives afin que vous ayez une sorte de r\u00e9f\u00e9rence en t\u00eate. En r\u00e9alit\u00e9, les intervalles peuvent varier consid\u00e9rablement en fonction du type de jeu, des styles des joueurs, des tailles de stack, des limites de jeu et d&#8217;autres facteurs.<\/p>\n\n\n\n<ul class=\"wp-block-list\">\n<li>\ud83d\udc4d <strong>La valeur typique du VPIP pour un bon joueur en ligne<\/strong> se situe g\u00e9n\u00e9ralement dans l&#8217;intervalle <strong>de 20 \u00e0 30<\/strong>. Toutes les valeurs mentionn\u00e9es ici et plus loin sont pertinentes pour un jeu classique de Cash No-Limit Holdem 6-max.<\/li>\n\n\n\n<li>\ud83d\uddff <strong>Si le VPIP est inf\u00e9rieur \u00e0 15<\/strong>, ce joueur est <strong>trop tight<\/strong>, il ne joue que des mains premium et est g\u00e9n\u00e9ralement facile \u00e0 lire. On les appelle aussi souvent des &#8220;nits&#8221;.<\/li>\n\n\n\n<li>\ud83d\udc35 <strong>Si le VPIP est sup\u00e9rieur \u00e0 35<\/strong>, c&#8217;est un style <strong>tr\u00e8s loose<\/strong>. Le plus souvent, les joueurs r\u00e9cr\u00e9atifs ont un VPIP gonfl\u00e9 car ils entrent souvent dans le jeu avec des mains &#8220;jouables&#8221; qui en r\u00e9alit\u00e9 ont une EV n\u00e9gative.<\/li>\n<\/ul>\n\n\n\n<div class=\"green-block\">\n<p style=\"margin-bottom:0\">Pour mieux comprendre le sens des statistiques, nous vous recommandons d&#8217;\u00e9tudier <a target=\"_blank\" href=\"https:\/\/blog.freebetrange.com\/fr\/article\/poker-preflop-ranges-a-comprehensive-guide\" rel=\"noopener\"><b>le concept des ranges au poker<\/b><\/a>. Avec l&#8217;aide des ranges, nous pouvons faire des suppositions sur les mains qu&#8217;un adversaire pourrait avoir avec une valeur de statistique donn\u00e9e.<\/p>\n<\/div>\n\n\n\n<h3 class=\"wp-block-heading\">PFR (Pre-Flop Raise)<\/h3>\n\n\n\n<p>PFR signifie Pre-Flop Raise et montre \u00e0 quelle fr\u00e9quence un joueur relance avant le flop. Un PFR \u00e9lev\u00e9 signifie qu&#8217;un joueur est agressif, essayant souvent de prendre le contr\u00f4le de la main t\u00f4t. Un PFR faible sugg\u00e8re un joueur plus passif qui pr\u00e9f\u00e8re suivre ou se coucher plut\u00f4t que de relancer.<\/p>\n\n\n\n<figure class=\"wp-block-image size-large\"><img loading=\"lazy\" decoding=\"async\" width=\"1024\" height=\"576\" src=\"https:\/\/hand2noteguide.com\/wp-content\/uploads\/2024\/09\/pfr-min-1024x576.png\" alt=\"formule statistique pfr poker\" class=\"wp-image-8500\" srcset=\"https:\/\/hand2noteguide.com\/wp-content\/uploads\/2024\/09\/pfr-min-1024x576.png 1024w, https:\/\/hand2noteguide.com\/wp-content\/uploads\/2024\/09\/pfr-min-300x169.png 300w, https:\/\/hand2noteguide.com\/wp-content\/uploads\/2024\/09\/pfr-min-768x432.png 768w, https:\/\/hand2noteguide.com\/wp-content\/uploads\/2024\/09\/pfr-min-1536x864.png 1536w, https:\/\/hand2noteguide.com\/wp-content\/uploads\/2024\/09\/pfr-min-772x434.png 772w, https:\/\/hand2noteguide.com\/wp-content\/uploads\/2024\/09\/pfr-min-624x351.png 624w, https:\/\/hand2noteguide.com\/wp-content\/uploads\/2024\/09\/pfr-min.png 1600w\" sizes=\"auto, (max-width: 1024px) 100vw, 1024px\" \/><figcaption class=\"wp-element-caption\">Formule PFR : un ratio entre [le nombre de mains o\u00f9 un joueur a fait une relance pr\u00e9-flop] et [le nombre total de mains].<\/figcaption><\/figure>\n\n\n\n<ul class=\"wp-block-list\">\n<li>\ud83d\udc4d <strong>La valeur PFR \u00e9quilibr\u00e9e<\/strong> est quelque chose <strong>entre 15 et 25<\/strong>. Les joueurs dans cette gamme sont agressifs mais pas imprudents. Ils relancent avec des mains fortes et m\u00e9langent quelques <a href=\"\/fr\/poker\/poker-bluff\/\">bluffs<\/a>.<\/li>\n\n\n\n<li>\ud83d\uddff Les joueurs avec un <strong>PFR inf\u00e9rieur \u00e0 10<\/strong> relancent <strong>tr\u00e8s rarement<\/strong>. Ils sont trop prudents et peuvent manquer des opportunit\u00e9s.<\/li>\n\n\n\n<li>\ud83d\udc35 Les joueurs avec un <strong>PFR sup\u00e9rieur \u00e0 28<\/strong> relancent <strong>trop souvent<\/strong>. Ils sont trop agressifs et peuvent \u00eatre exploit\u00e9s avec la bonne approche.<\/li>\n<\/ul>\n\n\n\n<h3 class=\"wp-block-heading\">Utiliser VPIP et PFR Ensemble<\/h3>\n\n\n\n<p>Comparer le VPIP d&#8217;un joueur \u00e0 son PFR peut vous donner des indications sur son style. Par exemple, un joueur avec un VPIP \u00e9lev\u00e9 mais un PFR faible pourrait \u00eatre loose-passif, ce qui signifie qu&#8217;il joue de nombreuses mains mais relance rarement.<\/p>\n\n\n\n<p>Dans les jeux de cash classiques de poker en ligne, les joueurs professionnels ont g\u00e9n\u00e9ralement une diff\u00e9rence entre le VPIP et le PFR ne d\u00e9passant pas 10. Un joueur r\u00e9gulier typique en 6-max aurait des statistiques <strong>VPIP\/PFR<\/strong> comme <strong>26\/21<\/strong>.<\/p>\n\n\n\n<p>Dans les discussions de mains et de strat\u00e9gie au poker, les joueurs mentionnent souvent ces 2 chiffres ensemble comme des informations cl\u00e9s sur leurs adversaires. Par exemple, vous pourriez entendre \u00ab<em>J&#8217;\u00e9tais au bouton, j&#8217;ai fait une relance d&#8217;ouverture avec <span class=\"hc club\">A\u2663<\/span> <span class=\"hc club\">5\u2663<\/span>, et j&#8217;ai re\u00e7u un 3bet d&#8217;un joueur r\u00e9gulier agressif 30\/25 de la petite blind<\/em>\u00bb. Cela signifie que le joueur en petite blind a un VPIP de 30 et un PFR de 25.<\/p>\n\n\n\n<div class=\"green-block\">\n<h4 style=\"color:#656565;font-size:20px\">Quel logiciel me permet d&#8217;utiliser toutes ces statistiques ?<\/h4>\n<p style=\"margin-bottom:0\">Le meilleur logiciel statistique de poker sur le march\u00e9 est <a target=\"_blank\" href=\"https:\/\/hand2note.com\/fr\/\" rel=\"noopener\"><b>Hand2Note<\/b><\/a>. Il vous fournit un HUD pratique et fonctionnel, avec la possibilit\u00e9 d&#8217;y ajouter toutes les statistiques. Une autre caract\u00e9ristique distinctive de Hand2Note est qu&#8217;il vous offre une interface pour cr\u00e9er vos propres statistiques. De cette fa\u00e7on, vous pouvez cr\u00e9er des statistiques uniques pour des situations de jeu.<\/p>\n<\/div>\n\n\n\n<h3 class=\"wp-block-heading\"><a href=\"\/fr\/poker\/3bet-in-poker\/\">Pourcentage de 3-Bet<\/a><\/h3>\n\n\n\n<p>Le pourcentage de 3-Bet montre \u00e0 quelle fr\u00e9quence un joueur sur-relance avant le flop. Un pourcentage de 3-Bet \u00e9lev\u00e9 signifie qu&#8217;un joueur est tr\u00e8s agressif, sur-relan\u00e7ant souvent avec une large gamme de mains. Un pourcentage de 3-Bet faible indique qu&#8217;un joueur ne sur-relance qu&#8217;avec des mains premium. Si vous connaissez le pourcentage de 3-Bet d&#8217;un adversaire, vous pouvez ajuster votre strat\u00e9gie face \u00e0 une sur-relance.<\/p>\n\n\n\n<figure class=\"wp-block-image size-large\"><img loading=\"lazy\" decoding=\"async\" width=\"1024\" height=\"576\" src=\"http:\/\/hand2noteguide.com\/wp-content\/uploads\/2024\/09\/3Bet-min-1024x576.jpg\" alt=\"3bet\" class=\"wp-image-8154\" srcset=\"https:\/\/hand2noteguide.com\/wp-content\/uploads\/2024\/09\/3Bet-min-1024x576.jpg 1024w, https:\/\/hand2noteguide.com\/wp-content\/uploads\/2024\/09\/3Bet-min-300x169.jpg 300w, https:\/\/hand2noteguide.com\/wp-content\/uploads\/2024\/09\/3Bet-min-768x432.jpg 768w, https:\/\/hand2noteguide.com\/wp-content\/uploads\/2024\/09\/3Bet-min-1536x864.jpg 1536w, https:\/\/hand2noteguide.com\/wp-content\/uploads\/2024\/09\/3Bet-min-772x434.jpg 772w, https:\/\/hand2noteguide.com\/wp-content\/uploads\/2024\/09\/3Bet-min-624x351.jpg 624w, https:\/\/hand2noteguide.com\/wp-content\/uploads\/2024\/09\/3Bet-min.jpg 1600w\" sizes=\"auto, (max-width: 1024px) 100vw, 1024px\" \/><\/figure>\n\n\n\n<p>En savoir plus sur les 3bets et les valeurs typiques dans notre article <a href=\"\/fr\/poker\/3bet-in-poker\/\">Poker 3Bet<\/a>.<\/p>\n\n\n\n<h3 class=\"wp-block-heading\">AF &amp; Afq (Facteur d&#8217;Agression &amp; Fr\u00e9quence d&#8217;Agression)<\/h3>\n\n\n\n<p>AF et Afq sont deux statistiques avec le m\u00eame principe : elles montrent le degr\u00e9 d&#8217;agression d&#8217;un joueur. Elles sont calcul\u00e9es en utilisant des formules l\u00e9g\u00e8rement diff\u00e9rentes. AF est le ratio du nombre total de mises et de relances au nombre total de suivis du joueur. Tandis que Afq est le ratio des mises et des relances \u00e0 toutes les actions passives possibles (se coucher, suivre, checker).<\/p>\n\n\n\n<figure class=\"wp-block-image size-large\"><img loading=\"lazy\" decoding=\"async\" width=\"1024\" height=\"576\" src=\"https:\/\/hand2noteguide.com\/wp-content\/uploads\/2024\/09\/agg-min-1024x576.png\" alt=\"\" class=\"wp-image-8501\" srcset=\"https:\/\/hand2noteguide.com\/wp-content\/uploads\/2024\/09\/agg-min-1024x576.png 1024w, https:\/\/hand2noteguide.com\/wp-content\/uploads\/2024\/09\/agg-min-300x169.png 300w, https:\/\/hand2noteguide.com\/wp-content\/uploads\/2024\/09\/agg-min-768x432.png 768w, https:\/\/hand2noteguide.com\/wp-content\/uploads\/2024\/09\/agg-min-1536x864.png 1536w, https:\/\/hand2noteguide.com\/wp-content\/uploads\/2024\/09\/agg-min-772x434.png 772w, https:\/\/hand2noteguide.com\/wp-content\/uploads\/2024\/09\/agg-min-624x351.png 624w, https:\/\/hand2noteguide.com\/wp-content\/uploads\/2024\/09\/agg-min.png 1600w\" sizes=\"auto, (max-width: 1024px) 100vw, 1024px\" \/><figcaption class=\"wp-element-caption\">Formules des statistiques d&#8217;agression au poker<\/figcaption><\/figure>\n\n\n\n<p>Quelle statistique est pr\u00e9f\u00e9rable d&#8217;utiliser ? Vous trouverez diff\u00e9rentes opinions dans la communaut\u00e9 du poker, mais AFq est consid\u00e9r\u00e9e comme une statistique plus pratique et moderne. Sa valeur est plus transparente &#8211; % d&#8217;actions agressives parmi toutes les actions. Elle est \u00e9galement plus informative sur de petits \u00e9chantillons &#8211; ce qui est un avantage tr\u00e8s important dans les jeux modernes.<\/p>\n\n\n\n<h3 class=\"wp-block-heading\">WTSD (Went to Showdown)<\/h3>\n\n\n\n<p>WTSD mesure la fr\u00e9quence \u00e0 laquelle un joueur va au showdown apr\u00e8s avoir vu le flop. Un WTSD \u00e9lev\u00e9 sugg\u00e8re que le joueur aime voir le showdown et peut \u00eatre une &#8220;calling station&#8221;, quelqu&#8217;un qui suit souvent et ne se couche pas facilement. Un WTSD faible signifie que le joueur est plus susceptible de se coucher avant le showdown, ce qui facilite le bluff pour le sortir du pot.<\/p>\n\n\n\n<figure class=\"wp-block-image size-large\"><img loading=\"lazy\" decoding=\"async\" width=\"1024\" height=\"576\" src=\"https:\/\/hand2noteguide.com\/wp-content\/uploads\/2024\/09\/WTSD-min-1024x576.jpg\" alt=\"\" class=\"wp-image-8396\" srcset=\"https:\/\/hand2noteguide.com\/wp-content\/uploads\/2024\/09\/WTSD-min-1024x576.jpg 1024w, https:\/\/hand2noteguide.com\/wp-content\/uploads\/2024\/09\/WTSD-min-300x169.jpg 300w, https:\/\/hand2noteguide.com\/wp-content\/uploads\/2024\/09\/WTSD-min-768x432.jpg 768w, https:\/\/hand2noteguide.com\/wp-content\/uploads\/2024\/09\/WTSD-min-1536x864.jpg 1536w, https:\/\/hand2noteguide.com\/wp-content\/uploads\/2024\/09\/WTSD-min-772x434.jpg 772w, https:\/\/hand2noteguide.com\/wp-content\/uploads\/2024\/09\/WTSD-min-624x351.jpg 624w, https:\/\/hand2noteguide.com\/wp-content\/uploads\/2024\/09\/WTSD-min.jpg 1600w\" sizes=\"auto, (max-width: 1024px) 100vw, 1024px\" \/><figcaption class=\"wp-element-caption\">Formule de la statistique Went To Showdown<\/figcaption><\/figure>\n\n\n\n<p>Il existe de nombreuses autres statistiques de poker que vous apprendrez progressivement \u00e0 mesure que vous progresserez dans votre parcours <a href=\"https:\/\/hand2note.com\/fr\/\" target=\"_blank\" aria-label=\"undefined (ouvre dans un nouvel onglet)\" rel=\"noreferrer noopener\">Hand2Note<\/a>. Nous vous recommandons d&#8217;incorporer progressivement les statistiques dans votre jeu et votre analyse, en passant des plus populaires aux moins populaires.<\/p>\n\n\n\n<h2 class=\"wp-block-heading\">Comment Utiliser les Statistiques du HUD Poker<\/h2>\n\n\n\n<p>Utiliser efficacement les statistiques du HUD Poker n\u00e9cessite de la pratique et de l&#8217;exp\u00e9rience. Voici quelques conseils pour vous aider \u00e0 d\u00e9marrer :<\/p>\n\n\n\n<ol class=\"wp-block-list\">\n<li><strong>Concentrez-vous sur les Bases<\/strong>. En tant que d\u00e9butant, commencez par vous concentrer sur les statistiques cl\u00e9s comme le VPIP, le PFR et l&#8217;Afq. Elles vous donneront une bonne id\u00e9e du style de jeu g\u00e9n\u00e9ral de vos adversaires.<\/li>\n\n\n\n<li><strong>Ajustez-vous \u00e0 la Taille de l&#8217;\u00c9chantillon<\/strong>. La pr\u00e9cision des statistiques d\u00e9pend du nombre de mains que vous avez sur un joueur. Un grand \u00e9chantillon vous donne des donn\u00e9es plus fiables, tandis qu&#8217;un petit \u00e9chantillon peut \u00eatre trompeur. Soyez tr\u00e8s prudent avec les statistiques avec de faibles \u00e9chantillons &#8211; la variance peut avoir un impact \u00e9norme sur elles, et elles ne transmettent aucune information pr\u00e9cieuse. Visez environ 10 \u00e9chantillons pour une statistique &#8211; ne prenez pas une statistique au s\u00e9rieux si elle a moins de cet \u00e9chantillon.<\/li>\n\n\n\n<li><strong>Utilisez les Statistiques en Combinaison<\/strong>. Ne vous fiez pas \u00e0 une seule statistique. Combinez plusieurs statistiques pour obtenir une image compl\u00e8te du style de votre adversaire. Par exemple, comparez le VPIP et le PFR pour voir si un joueur est loose-agressif ou tight-agressif.<\/li>\n\n\n\n<li><strong>Adaptez Votre Strat\u00e9gie<\/strong>. Utilisez les statistiques pour adapter votre strat\u00e9gie en temps r\u00e9el. Si vous voyez qu&#8217;un adversaire a un Fold to C-Bet \u00e9lev\u00e9, envisagez de <a href=\"\/fr\/poker\/poker-bluff\/\">bluffer<\/a> plus souvent. S&#8217;ils ont un WTSD \u00e9lev\u00e9, soyez plus prudent avec les bluffs.<\/li>\n\n\n\n<li><strong>Souvenez-vous du <\/strong><a href=\"\/fr\/poker\/poker-positions\/\"><strong>Facteur de Position<\/strong><\/a>. Les valeurs de statistique que nous vous avons donn\u00e9es ci-dessus sont typiques, mais le m\u00eame joueur peut avoir des valeurs tr\u00e8s diff\u00e9rentes pour la m\u00eame statistique dans diff\u00e9rentes positions. Par exemple, les bons joueurs ont une relance pr\u00e9-flop d&#8217;environ 14% depuis la position pr\u00e9coce et environ 40% depuis le bouton. C&#8217;est parce que sur le bouton vous avez une bien meilleure position pour entrer dans le jeu, et vous pouvez jouer beaucoup plus de mains de mani\u00e8re rentable.<\/li>\n\n\n\n<li><strong>Ne Perdez Pas la T\u00eate avec les Chiffres<\/strong>. Vous jouez toujours au poker &#8211; un jeu humain. Ne passez pas tout votre temps \u00e0 regarder les chiffres. Il y a beaucoup d&#8217;autres informations utiles disponibles pour vous dans la main &#8211; l&#8217;historique des actions, la texture du board, les tailles de mise, les tells de timing, l&#8217;\u00e9quit\u00e9 de votre main, etc.<\/li>\n<\/ol>\n\n\n\n<h2 class=\"wp-block-heading\">Conclusion<\/h2>\n\n\n\n<p>Les statistiques du HUD Poker sont des outils puissants qui peuvent vous donner un avantage significatif dans le poker en ligne. En comprenant et en utilisant ces statistiques efficacement, vous pouvez prendre de meilleures d\u00e9cisions et am\u00e9liorer vos chances de gagner. Commencez par les bases, apprenez \u00e0 lire les statistiques et pratiquez leur utilisation dans vos jeux. Avec le temps et l&#8217;exp\u00e9rience, vous deviendrez un joueur de poker plus habile et plus performant.<\/p>\n","protected":false},"excerpt":{"rendered":"<p>Le poker est un jeu de strat\u00e9gie, d&#8217;observation et de prise de d\u00e9cision rapide. Dans le poker en ligne, un Poker HUD (Heads-Up Display) peut \u00eatre un outil puissant. Il vous montre des statistiques importantes sur vos adversaires en temps r\u00e9el. Ces statistiques vous aident \u00e0 comprendre comment vos adversaires jouent, vous permettant ainsi de &hellip; <a href=\"https:\/\/hand2noteguide.com\/fr\/poker\/poker-hud-stats\/\" class=\"more-link\">Continue reading <span class=\"screen-reader-text\">Statistiques du HUD de poker &#8211; apprenez \u00e0 utiliser les statistiques dans le jeu de poker<\/span><\/a><\/p>\n","protected":false},"author":1,"featured_media":0,"parent":7017,"menu_order":0,"comment_status":"closed","ping_status":"closed","template":"","meta":{"footnotes":""},"class_list":["post-8180","page","type-page","status-publish","hentry"],"translation":{"provider":"WPGlobus","version":"3.0.2","language":"fr","enabled_languages":["en","ru","pt","zh","es","fr","de","it","ja"],"languages":{"en":{"title":true,"content":true,"excerpt":false},"ru":{"title":true,"content":true,"excerpt":false},"pt":{"title":true,"content":true,"excerpt":false},"zh":{"title":true,"content":true,"excerpt":false},"es":{"title":true,"content":true,"excerpt":false},"fr":{"title":true,"content":true,"excerpt":false},"de":{"title":true,"content":true,"excerpt":false},"it":{"title":true,"content":true,"excerpt":false},"ja":{"title":true,"content":true,"excerpt":false}}},"yoast_head":"<!-- This site is optimized with the Yoast SEO plugin v27.0 - https:\/\/yoast.com\/product\/yoast-seo-wordpress\/ -->\n<title>Statistiques du HUD de poker - apprenez \u00e0 utiliser les statistiques dans le jeu de poker<\/title>\n<meta name=\"description\" content=\"Apprenez \u00e0 utiliser les statistiques du HUD de poker et d\u00e9couvrez leurs valeurs courantes. Les statistiques cl\u00e9s incluent VPIP, PFR, 3BET et WTSD. Les statistiques peuvent vous aider \u00e0 exploiter vos adversaires.\" \/>\n<meta name=\"robots\" content=\"index, follow, max-snippet:-1, max-image-preview:large, max-video-preview:-1\" \/>\n<link rel=\"canonical\" href=\"https:\/\/hand2noteguide.com\/poker\/poker-hud-stats\/\" \/>\n<meta property=\"og:locale\" content=\"fr_FR\" \/>\n<meta property=\"og:type\" content=\"article\" \/>\n<meta property=\"og:title\" content=\"Statistiques du HUD de poker - apprenez \u00e0 utiliser les statistiques dans le jeu de poker\" \/>\n<meta property=\"og:description\" content=\"Apprenez \u00e0 utiliser les statistiques du HUD de poker et d\u00e9couvrez leurs valeurs courantes. Les statistiques cl\u00e9s incluent VPIP, PFR, 3BET et WTSD. Les statistiques peuvent vous aider \u00e0 exploiter vos adversaires.\" \/>\n<meta property=\"og:url\" content=\"https:\/\/hand2noteguide.com\/poker\/poker-hud-stats\/\" \/>\n<meta property=\"og:site_name\" content=\"Hand2Note Guide\" \/>\n<meta property=\"article:modified_time\" content=\"2026-03-11T10:56:09+00:00\" \/>\n<meta property=\"og:image\" content=\"http:\/\/hand2noteguide.com\/wp-content\/uploads\/2020\/08\/simple-cash-transcription-1.png\" \/>\n<meta name=\"twitter:card\" content=\"summary_large_image\" \/>\n<meta name=\"twitter:label1\" content=\"Est. reading time\" \/>\n\t<meta name=\"twitter:data1\" content=\"10 minutes\" \/>\n<!-- \/ Yoast SEO plugin. -->","yoast_head_json":{"title":"Statistiques du HUD de poker - apprenez \u00e0 utiliser les statistiques dans le jeu de poker","description":"Apprenez \u00e0 utiliser les statistiques du HUD de poker et d\u00e9couvrez leurs valeurs courantes. Les statistiques cl\u00e9s incluent VPIP, PFR, 3BET et WTSD. Les statistiques peuvent vous aider \u00e0 exploiter vos adversaires.","robots":{"index":"index","follow":"follow","max-snippet":"max-snippet:-1","max-image-preview":"max-image-preview:large","max-video-preview":"max-video-preview:-1"},"canonical":"https:\/\/hand2noteguide.com\/poker\/poker-hud-stats\/","og_locale":"fr_FR","og_type":"article","og_title":"Statistiques du HUD de poker - apprenez \u00e0 utiliser les statistiques dans le jeu de poker","og_description":"Apprenez \u00e0 utiliser les statistiques du HUD de poker et d\u00e9couvrez leurs valeurs courantes. Les statistiques cl\u00e9s incluent VPIP, PFR, 3BET et WTSD. Les statistiques peuvent vous aider \u00e0 exploiter vos adversaires.","og_url":"https:\/\/hand2noteguide.com\/poker\/poker-hud-stats\/","og_site_name":"Hand2Note Guide","article_modified_time":"2026-03-11T10:56:09+00:00","og_image":[{"url":"http:\/\/hand2noteguide.com\/wp-content\/uploads\/2020\/08\/simple-cash-transcription-1.png","type":"","width":"","height":""}],"twitter_card":"summary_large_image","twitter_misc":{"Est. reading time":"10 minutes"},"schema":{"@context":"https:\/\/schema.org","@graph":[]}},"jetpack_sharing_enabled":true,"_links":{"self":[{"href":"https:\/\/hand2noteguide.com\/fr\/wp-json\/wp\/v2\/pages\/8180","targetHints":{"allow":["GET"]}}],"collection":[{"href":"https:\/\/hand2noteguide.com\/fr\/wp-json\/wp\/v2\/pages"}],"about":[{"href":"https:\/\/hand2noteguide.com\/fr\/wp-json\/wp\/v2\/types\/page"}],"author":[{"embeddable":true,"href":"https:\/\/hand2noteguide.com\/fr\/wp-json\/wp\/v2\/users\/1"}],"replies":[{"embeddable":true,"href":"https:\/\/hand2noteguide.com\/fr\/wp-json\/wp\/v2\/comments?post=8180"}],"version-history":[{"count":79,"href":"https:\/\/hand2noteguide.com\/fr\/wp-json\/wp\/v2\/pages\/8180\/revisions"}],"predecessor-version":[{"id":15766,"href":"https:\/\/hand2noteguide.com\/fr\/wp-json\/wp\/v2\/pages\/8180\/revisions\/15766"}],"up":[{"embeddable":true,"href":"https:\/\/hand2noteguide.com\/fr\/wp-json\/wp\/v2\/pages\/7017"}],"wp:attachment":[{"href":"https:\/\/hand2noteguide.com\/fr\/wp-json\/wp\/v2\/media?parent=8180"}],"curies":[{"name":"wp","href":"https:\/\/api.w.org\/{rel}","templated":true}]}}