{"id":8237,"date":"2024-09-12T15:27:30","date_gmt":"2024-09-12T12:27:30","guid":{"rendered":"https:\/\/hand2noteguide.com\/?page_id=8237"},"modified":"2026-03-11T13:47:45","modified_gmt":"2026-03-11T10:47:45","slug":"poker-tilt","status":"publish","type":"page","link":"https:\/\/hand2noteguide.com\/fr\/poker\/poker-tilt\/","title":{"rendered":"Le tilt au poker : comprendre et g\u00e9rer ses \u00e9motions"},"content":{"rendered":"\n<p>Le poker n\u2019est pas seulement un jeu de comp\u00e9tence et de strat\u00e9gie. C\u2019est aussi un jeu d\u2019\u00e9motions. M\u00eame les meilleurs joueurs peuvent avoir du mal \u00e0 contr\u00f4ler leurs sentiments \u00e0 la table. L\u2019un des plus grands d\u00e9fis auxquels les joueurs de poker sont confront\u00e9s est le \u00ab tilt \u00bb. \u2620\ufe0f Le tilt peut ruiner votre jeu, vider votre bankroll et vous laisser frustr\u00e9. Comprendre ce qu\u2019est le tilt et apprendre \u00e0 le g\u00e9rer est essentiel pour tout joueur de poker s\u00e9rieux.<\/p>\n\n\n\n<figure class=\"wp-block-image size-full\"><img loading=\"lazy\" decoding=\"async\" width=\"540\" height=\"346\" src=\"http:\/\/hand2noteguide.com\/wp-content\/uploads\/2024\/09\/anger.jpg\" alt=\"\" class=\"wp-image-8250\" srcset=\"https:\/\/hand2noteguide.com\/wp-content\/uploads\/2024\/09\/anger.jpg 540w, https:\/\/hand2noteguide.com\/wp-content\/uploads\/2024\/09\/anger-300x192.jpg 300w\" sizes=\"auto, (max-width: 540px) 100vw, 540px\" \/><\/figure>\n\n\n\n<p>Dans cet article, nous allons explorer ce qu\u2019est le tilt au poker, pourquoi il appara\u00eet, comment il affecte votre jeu et, surtout, comment le g\u00e9rer et l\u2019\u00e9viter.<\/p>\n\n\n\n<h2 class=\"wp-block-heading\">Qu\u2019est-ce que le tilt au poker ?<\/h2>\n\n\n\n<p>Le tilt est un terme utilis\u00e9 au poker pour d\u00e9crire un \u00e9tat de <strong>frustration<\/strong> ou de <strong>col\u00e8re<\/strong> \u00e9motionnelle qui conduit \u00e0 de mauvaises d\u00e9cisions. Lorsqu\u2019un joueur est en tilt, il fait souvent des mises irrationnelles, tente de r\u00e9cup\u00e9rer ses pertes ou joue des mains qu\u2019il ne jouerait normalement pas. Le tilt ne signifie pas seulement perdre son sang-froid. Il peut aussi \u00eatre plus subtil, par exemple <strong>se sentir trop confiant<\/strong> apr\u00e8s un gros gain ou devenir anxieux apr\u00e8s une s\u00e9rie de pertes.<\/p>\n\n\n\n<div class=\"green-block\">\n<p style=\"margin-bottom:0\">\ud83d\udcad Toute \u00e9motion forte qui affecte votre capacit\u00e9 \u00e0 penser clairement et \u00e0 prendre de bonnes d\u00e9cisions peut \u00eatre consid\u00e9r\u00e9e comme du tilt.<\/p>\n<\/div>\n\n\n\n<figure class=\"wp-block-embed is-type-video is-provider-youtube wp-block-embed-youtube wp-embed-aspect-16-9 wp-has-aspect-ratio\"><div class=\"wp-block-embed__wrapper\">\n<div class=\"jetpack-video-wrapper\"><iframe loading=\"lazy\" title=\"Phil Hellmuth Is On MEGA TILT After These Monster Pots\" width=\"700\" height=\"394\" src=\"https:\/\/www.youtube.com\/embed\/u_KNDOtj0DU?feature=oembed\" frameborder=\"0\" allow=\"accelerometer; autoplay; clipboard-write; encrypted-media; gyroscope; picture-in-picture; web-share\" referrerpolicy=\"strict-origin-when-cross-origin\" allowfullscreen><\/iframe><\/div>\n<\/div><\/figure>\n\n\n\n<p>Le tilt peut arriver \u00e0 n\u2019importe qui, quel que soit le niveau d\u2019exp\u00e9rience. Nous sommes tous humains et sujets aux \u00e9motions. Les joueurs de poker professionnels peuvent aussi subir le tilt, mais cela leur arrive moins souvent et la qualit\u00e9 de leurs d\u00e9cisions se d\u00e9grade beaucoup moins. De plus, les bons joueurs connaissent diff\u00e9rentes techniques pour g\u00e9rer le tilt, ce qui leur permet de maintenir un bon niveau de discipline et de concentration, et de surmonter cet \u00e9tat plus facilement et plus rapidement.<\/p>\n\n\n\n<h2 class=\"wp-block-heading\">Pourquoi les joueurs partent-ils en tilt ?<\/h2>\n\n\n\n<p>Plusieurs facteurs peuvent pousser un joueur de poker, en ligne ou en live, \u00e0 partir en tilt. Voici quelques d\u00e9clencheurs courants :<\/p>\n\n\n\n<h3 class=\"wp-block-heading\">1. <strong>Bad beats<\/strong><\/h3>\n\n\n\n<p>Un bad beat se produit lorsque vous perdez une main malgr\u00e9 des cartes plus fortes. Cela peut \u00eatre extr\u00eamement frustrant, surtout si vous perdez contre un tirage chanceux sur <a href=\"\/fr\/poker\/poker-streets\/\">la River<\/a>. Les bad beats sont une cause fr\u00e9quente de tilt, car ils donnent l\u2019impression d\u2019\u00eatre malchanceux et impuissant.<\/p>\n\n\n\n<h3 class=\"wp-block-heading\">2. <strong>S\u00e9ries de pertes<\/strong><\/h3>\n\n\n\n<p>Lorsque vous perdez plusieurs mains d\u2019affil\u00e9e, il est facile de se frustrer et de commencer \u00e0 douter de ses comp\u00e9tences. Cela peut mener au d\u00e9sespoir, o\u00f9 vous commencez \u00e0 prendre des d\u00e9cisions imprudentes pour tenter de r\u00e9cup\u00e9rer vos pertes. Ce qui, \u00e0 son tour, peut entra\u00eener des pertes encore plus importantes, davantage de frustration et un \u00e9tat de tilt plus profond.<\/p>\n\n\n\n<figure class=\"wp-block-image size-large is-resized\"><img loading=\"lazy\" decoding=\"async\" src=\"http:\/\/hand2noteguide.com\/wp-content\/uploads\/2024\/09\/variance-min-1024x499.png\" alt=\"\" class=\"wp-image-8051\" width=\"840\" height=\"409\" srcset=\"https:\/\/hand2noteguide.com\/wp-content\/uploads\/2024\/09\/variance-min-1024x499.png 1024w, https:\/\/hand2noteguide.com\/wp-content\/uploads\/2024\/09\/variance-min-300x146.png 300w, https:\/\/hand2noteguide.com\/wp-content\/uploads\/2024\/09\/variance-min-768x374.png 768w, https:\/\/hand2noteguide.com\/wp-content\/uploads\/2024\/09\/variance-min-1536x748.png 1536w, https:\/\/hand2noteguide.com\/wp-content\/uploads\/2024\/09\/variance-min-772x376.png 772w, https:\/\/hand2noteguide.com\/wp-content\/uploads\/2024\/09\/variance-min-624x304.png 624w, https:\/\/hand2noteguide.com\/wp-content\/uploads\/2024\/09\/variance-min.png 1880w\" sizes=\"auto, (max-width: 840px) 100vw, 840px\" \/><figcaption class=\"wp-element-caption\">La variance au poker est brutale. Vous pouvez jouer une strat\u00e9gie gagnante et malgr\u00e9 tout subir une longue p\u00e9riode de downswing.<\/figcaption><\/figure>\n\n\n\n<h3 class=\"wp-block-heading\">3. <strong>Le comportement des adversaires<\/strong><\/h3>\n\n\n\n<p>Parfois, le comportement des autres joueurs peut vous mettre en tilt. Si un adversaire vous provoque, slow-roll ou se montre irrespectueux, cela peut vous mettre en col\u00e8re et vous distraire de votre jeu. C\u2019est plus fr\u00e9quent en poker live, mais dans les parties en ligne, les adversaires peuvent aussi se montrer provocateurs, par exemple en \u00e9crivant des messages agressifs dans le chat.<\/p>\n\n\n\n<figure class=\"wp-block-embed is-type-video is-provider-youtube wp-block-embed-youtube wp-embed-aspect-16-9 wp-has-aspect-ratio\"><div class=\"wp-block-embed__wrapper\">\n<div class=\"jetpack-video-wrapper\"><iframe loading=\"lazy\" title=\"TONY G Vs PHIL HELLMUTH: Part II of the EPIC Battle \u2660\ufe0f Poker Rivals \u2660\ufe0f PokerStars\" width=\"700\" height=\"394\" src=\"https:\/\/www.youtube.com\/embed\/oDqJZ-xEqWk?feature=oembed\" frameborder=\"0\" allow=\"accelerometer; autoplay; clipboard-write; encrypted-media; gyroscope; picture-in-picture; web-share\" referrerpolicy=\"strict-origin-when-cross-origin\" allowfullscreen><\/iframe><\/div>\n<\/div><\/figure>\n\n\n\n<h3 class=\"wp-block-heading\">4. <strong>Probl\u00e8mes personnels<\/strong><\/h3>\n\n\n\n<p>Des facteurs externes comme le stress li\u00e9 au travail, aux relations ou \u00e0 des probl\u00e8mes de sant\u00e9 peuvent \u00e9galement affecter votre \u00e9tat mental \u00e0 la table de poker. Si vous vous sentez d\u00e9j\u00e0 \u00e9motionnel avant de commencer \u00e0 jouer, vous aurez plus de chances de partir en tilt.<\/p>\n\n\n\n<h3 class=\"wp-block-heading\">5. <strong>La fatigue<\/strong><\/h3>\n\n\n\n<p>Jouer au poker pendant de longues heures sans pause peut entra\u00eener une fatigue mentale. Lorsque vous \u00eates fatigu\u00e9, il est plus difficile de contr\u00f4ler vos \u00e9motions et de r\u00e9fl\u00e9chir clairement, ce qui vous rend plus vuln\u00e9rable au tilt.<\/p>\n\n\n\n<h2 class=\"wp-block-heading\">Comment le tilt affecte-t-il votre jeu ?<\/h2>\n\n\n\n<p>Le tilt peut avoir un impact s\u00e9rieux sur vos performances au poker. Voici comment il peut affecter votre jeu :<\/p>\n\n\n\n<h3 class=\"wp-block-heading\">1. <strong>Mauvaises d\u00e9cisions<\/strong><\/h3>\n\n\n\n<p>Lorsque vous \u00eates en tilt, vos \u00e9motions prennent le dessus et vous cessez de r\u00e9fl\u00e9chir logiquement. Vous pouvez jouer des mains que vous ne joueriez normalement pas, faire des mises plus grosses que d\u2019habitude ou payer alors que vous devriez passer. Cela peut entra\u00eener des pertes importantes. Le gros probl\u00e8me est que ces mauvaises d\u00e9cisions peuvent vous mettre encore plus en tilt, ce qui vous pousse \u00e0 prendre des d\u00e9cisions encore pires, et ainsi de suite. Le mental au poker est un v\u00e9ritable d\u00e9fi pour chaque joueur.<\/p>\n\n\n\n<h3 class=\"wp-block-heading\">2. <strong>Vouloir r\u00e9cup\u00e9rer ses pertes<\/strong><\/h3>\n\n\n\n<p>L\u2019un des signes les plus courants du tilt est de vouloir r\u00e9cup\u00e9rer ses pertes. Au lieu d\u2019accepter que vous avez perdu et de rester fid\u00e8le \u00e0 votre strat\u00e9gie, vous commencez \u00e0 faire des mises imprudentes pour tenter de r\u00e9cup\u00e9rer votre argent. Cela conduit g\u00e9n\u00e9ralement \u00e0 des pertes encore plus importantes.<\/p>\n\n\n\n<h3 class=\"wp-block-heading\">3. <strong>Jouer trop agressivement ou trop passivement<\/strong><\/h3>\n\n\n\n<p>Le tilt peut vous rendre soit trop agressif, soit trop passif. Vous pouvez commencer \u00e0 miser de fa\u00e7on excessive sans tenir compte des probabilit\u00e9s, ou au contraire devenir tellement inquiet de perdre que vous passez trop souvent, m\u00eame avec une bonne main.<\/p>\n\n\n\n<h3 class=\"wp-block-heading\">4. <strong>Perte de concentration<\/strong><\/h3>\n\n\n\n<p>Lorsque vous \u00eates en tilt, il est facile de perdre votre concentration sur le jeu. Vous pouvez cesser de pr\u00eater attention aux <a href=\"\/fr\/poker\/poker-actions\/\">actions<\/a> de vos adversaires. Vous pouvez \u00e9galement manquer des d\u00e9tails importants, oublier de prendre en compte les cotes ou n\u00e9gliger de consulter les <a href=\"\/fr\/poker\/poker-hud-stats\/\">statistiques du HUD<\/a> pertinentes. Ce manque de concentration peut entra\u00eener des erreurs co\u00fbteuses.<\/p>\n\n\n\n<h3 class=\"wp-block-heading\">5. <strong>Dommages \u00e0 votre bankroll<\/strong><\/h3>\n\n\n\n<p>Si vous ne contr\u00f4lez pas votre tilt, il peut rapidement vider votre bankroll. Quelques mauvaises d\u00e9cisions peuvent entra\u00eener de grosses pertes, et si vous continuez \u00e0 poursuivre vos pertes en \u00e9tant en tilt, vous risquez de perdre bien plus que ce que vous pouvez vous permettre.<\/p>\n\n\n\n<figure class=\"wp-block-image size-large\"><img loading=\"lazy\" decoding=\"async\" width=\"1024\" height=\"628\" src=\"https:\/\/hand2noteguide.com\/wp-content\/uploads\/2024\/09\/bankroll-min-1024x628.png\" alt=\"\" class=\"wp-image-8255\" srcset=\"https:\/\/hand2noteguide.com\/wp-content\/uploads\/2024\/09\/bankroll-min-1024x628.png 1024w, https:\/\/hand2noteguide.com\/wp-content\/uploads\/2024\/09\/bankroll-min-300x184.png 300w, https:\/\/hand2noteguide.com\/wp-content\/uploads\/2024\/09\/bankroll-min-768x471.png 768w, https:\/\/hand2noteguide.com\/wp-content\/uploads\/2024\/09\/bankroll-min-1536x942.png 1536w, https:\/\/hand2noteguide.com\/wp-content\/uploads\/2024\/09\/bankroll-min-2048x1257.png 2048w, https:\/\/hand2noteguide.com\/wp-content\/uploads\/2024\/09\/bankroll-min-772x474.png 772w, https:\/\/hand2noteguide.com\/wp-content\/uploads\/2024\/09\/bankroll-min-624x383.png 624w\" sizes=\"auto, (max-width: 1024px) 100vw, 1024px\" \/><figcaption class=\"wp-element-caption\">Taille de bankroll recommand\u00e9e par le <a aria-label=\"undefined (opens in a new tab)\" href=\"https:\/\/www.getcoach.poker\/calculators\/bankroll-size\/\" target=\"_blank\" rel=\"noreferrer noopener\">Poker Bankroll Calculator<\/a><\/figcaption><\/figure>\n\n\n\n<h2 class=\"wp-block-heading\">Comment g\u00e9rer et pr\u00e9venir le tilt<\/h2>\n\n\n\n<p>Apprendre \u00e0 g\u00e9rer le tilt est une comp\u00e9tence essentielle si vous voulez devenir un joueur de poker gagnant. Voici quelques strat\u00e9gies pour vous aider \u00e0 garder le contr\u00f4le :<\/p>\n\n\n\n<h3 class=\"wp-block-heading\">1. Reconna\u00eetre les signes du tilt<\/h3>\n\n\n\n<p>La premi\u00e8re \u00e9tape pour g\u00e9rer le tilt est de reconna\u00eetre quand vous \u00eates en tilt. Faites attention \u00e0 vos \u00e9motions et \u00e0 votre comportement. Vous sentez-vous frustr\u00e9, en col\u00e8re ou anxieux ? Prenez-vous des d\u00e9cisions inhabituelles pour vous ? Si c\u2019est le cas, vous \u00eates peut-\u00eatre en tilt. Plus t\u00f4t vous le reconnaissez, plus il sera facile de reprendre le contr\u00f4le.<\/p>\n\n\n\n<h3 class=\"wp-block-heading\">2. Faire une pause<\/h3>\n\n\n\n<p>Lorsque vous remarquez que vous \u00eates en tilt, la meilleure chose \u00e0 faire est de faire une pause. \u00c9loignez-vous de la table, allez marcher ou faites quelque chose qui vous aide \u00e0 vous d\u00e9tendre. Faire une pause vous permet de vider votre esprit, de retrouver votre calme et de revenir au jeu avec une nouvelle perspective.<\/p>\n\n\n\n<figure class=\"wp-block-image size-large\"><img loading=\"lazy\" decoding=\"async\" width=\"1024\" height=\"683\" src=\"https:\/\/hand2noteguide.com\/wp-content\/uploads\/2024\/09\/break-from-work-min-1024x683.jpg\" alt=\"\" class=\"wp-image-8260\" srcset=\"https:\/\/hand2noteguide.com\/wp-content\/uploads\/2024\/09\/break-from-work-min-1024x683.jpg 1024w, https:\/\/hand2noteguide.com\/wp-content\/uploads\/2024\/09\/break-from-work-min-300x200.jpg 300w, https:\/\/hand2noteguide.com\/wp-content\/uploads\/2024\/09\/break-from-work-min-768x512.jpg 768w, https:\/\/hand2noteguide.com\/wp-content\/uploads\/2024\/09\/break-from-work-min-772x515.jpg 772w, https:\/\/hand2noteguide.com\/wp-content\/uploads\/2024\/09\/break-from-work-min-624x416.jpg 624w, https:\/\/hand2noteguide.com\/wp-content\/uploads\/2024\/09\/break-from-work-min.jpg 1536w\" sizes=\"auto, (max-width: 1024px) 100vw, 1024px\" \/><\/figure>\n\n\n\n<h3 class=\"wp-block-heading\">3. Fixer des \u270b stop-loss<\/h3>\n\n\n\n<p>Avant de commencer \u00e0 jouer, fixez-vous des limites. D\u00e9cidez combien vous \u00eates pr\u00eat \u00e0 perdre et respectez ce montant. Si vous atteignez votre limite, arr\u00eatez de jouer, m\u00eame si vous avez l\u2019impression de pouvoir r\u00e9cup\u00e9rer vos pertes. Fixer des limites aide \u00e0 pr\u00e9venir le tilt en gardant vos pertes sous contr\u00f4le.<\/p>\n\n\n\n<h3 class=\"wp-block-heading\">4. Pratiquer la pleine conscience et la \ud83e\uddd8\u200d\u2642\ufe0f m\u00e9ditation<\/h3>\n\n\n\n<p>La pleine conscience consiste \u00e0 rester pr\u00e9sent et conscient de ses pens\u00e9es et de ses \u00e9motions sans les laisser vous contr\u00f4ler. En pratiquant la pleine conscience, vous pouvez apprendre \u00e0 observer vos \u00e9motions sans y r\u00e9agir, ce qui peut vous aider \u00e0 rester calme et concentr\u00e9 \u00e0 la table de poker.<\/p>\n\n\n\n<h3 class=\"wp-block-heading\">5. Se concentrer sur le long terme<\/h3>\n\n\n\n<p>Le poker est un jeu de variance, ce qui signifie que les r\u00e9sultats \u00e0 court terme ne refl\u00e8tent pas toujours votre niveau de comp\u00e9tence. Au lieu de vous focaliser sur le r\u00e9sultat de chaque main, concentrez-vous sur la prise de bonnes d\u00e9cisions et l\u2019am\u00e9lioration globale de votre jeu. Cette perspective \u00e0 long terme peut vous aider \u00e0 rester calme et \u00e0 \u00e9viter le tilt.<\/p>\n\n\n\n<div class=\"green-block\">\n<p style=\"margin-bottom:0\">\ud83d\udc49 Nous vous recommandons de consulter le <a target=\"_blank\" href=\"https:\/\/courses.poker\/p\/tilt-buster-tilt-free-in-3-days\" rel=\"noopener\"><b>cours vid\u00e9o Tilt Buster<\/b><\/a>. C\u2019est une formation courte et efficace qui vous aidera \u00e0 apprendre rapidement des techniques simples pour g\u00e9rer vos \u00e9motions et ma\u00eetriser le tilt en g\u00e9n\u00e9ral.<\/p>\n<\/div>\n\n\n\n<h3 class=\"wp-block-heading\">6. Ne jouez pas lorsque vous \u00eates \u00e9motionnel<\/h3>\n\n\n\n<p>Si vous vous sentez d\u00e9j\u00e0 \u00e9motionnel ou stress\u00e9 avant de commencer \u00e0 jouer, il vaut mieux \u00e9viter la session. Jouer au poker demande un esprit clair et un bon contr\u00f4le \u00e9motionnel. Si vous n\u2019\u00eates pas dans le bon \u00e9tat mental, vous risquez davantage de partir en tilt.<\/p>\n\n\n\n<h3 class=\"wp-block-heading\">7. D\u00e9velopper une routine avant de jouer<\/h3>\n\n\n\n<p>Avoir une routine avant de jouer peut vous aider \u00e0 vous mettre dans le bon \u00e9tat d\u2019esprit. Cela peut inclure des exercices de respiration profonde, de la visualisation ou la r\u00e9vision de vos objectifs pour la session. Une routine r\u00e9guli\u00e8re peut vous aider \u00e0 rester concentr\u00e9 et calme.<\/p>\n\n\n\n<h3 class=\"wp-block-heading\">8. Analyser les d\u00e9clencheurs de votre tilt<\/h3>\n\n\n\n<p>Apr\u00e8s une session, prenez le temps de r\u00e9fl\u00e9chir \u00e0 ce qui a d\u00e9clench\u00e9 votre tilt. \u00c9tait-ce un bad beat, une s\u00e9rie de pertes ou autre chose ? En comprenant vos d\u00e9clencheurs, vous pourrez mieux les g\u00e9rer \u00e0 l\u2019avenir. Vous pourriez m\u00eame remarquer que certains types de parties ou certains adversaires d\u00e9clenchent plus souvent votre tilt.<\/p>\n\n\n\n<h3 class=\"wp-block-heading\">9. Apprendre de ses erreurs<\/h3>\n\n\n\n<p>Le tilt peut devenir une exp\u00e9rience d\u2019apprentissage pr\u00e9cieuse si vous prenez le temps d\u2019analyser vos erreurs. Apr\u00e8s une session, revoyez vos mains et vos d\u00e9cisions pour comprendre ce qui n\u2019a pas fonctionn\u00e9. Cette analyse peut vous aider \u00e0 reconna\u00eetre des sch\u00e9mas dans votre comportement et \u00e0 am\u00e9liorer votre jeu.<\/p>\n\n\n\n<h3 class=\"wp-block-heading\">10. Chercher du soutien<\/h3>\n\n\n\n<p>Si le tilt est un probl\u00e8me r\u00e9current pour vous, envisagez de demander de l\u2019aide \u00e0 d\u2019autres joueurs ou \u00e0 un coach. Parler de votre exp\u00e9rience et recevoir des conseils de personnes qui ont d\u00e9j\u00e0 travers\u00e9 la m\u00eame situation peut vous aider \u00e0 trouver de nouvelles strat\u00e9gies pour g\u00e9rer vos \u00e9motions.<\/p>\n\n\n\n<div class=\"green-block\">\n<p style=\"margin-bottom:0\">\ud83d\udc49 Faites attention au <a target=\"_blank\" href=\"https:\/\/www.getcoach.poker\/coaches\/psychology\/\" rel=\"noopener\"><b>coaching sur le mental<\/b><\/a>. Certains coachs de poker sont sp\u00e9cialis\u00e9s dans l\u2019aspect mental du jeu. Ils ont souvent une formation en psychologie ou une grande exp\u00e9rience dans ce domaine. Ils aident les joueurs gagnants \u00e0 rester performants m\u00eame pendant de longues p\u00e9riodes de downswing.<\/p>\n<\/div>\n\n\n\n<h3 class=\"wp-block-heading\">11. Construire un mode de vie sain en dehors des tables<\/h3>\n\n\n\n<p>Votre vie en dehors des tables influence vos d\u00e9cisions bien plus que vous ne le pensez. Si vous \u00eates globalement satisfait de votre vie, il vous sera beaucoup plus facile de prendre des d\u00e9cisions claires \u00e0 la table. Faites attention \u00e0 votre mode de vie : mangez \u00e9quilibr\u00e9, essayez de vous d\u00e9tendre davantage et am\u00e9liorez la qualit\u00e9 de votre sommeil. Entourez-vous de personnes partageant les m\u00eames int\u00e9r\u00eats avec qui vous aimez passer du temps.<\/p>\n\n\n\n<div class=\"green-block\">\n<p style=\"margin-bottom:0\">\u2728 Un environnement positif dans votre vie vous remplira d\u2019\u00e9motions positives, et vous n\u2019aurez pas besoin de les chercher dans vos d\u00e9cisions \u00e0 la table.<\/p>\n<\/div>\n\n\n\n<h2 class=\"wp-block-heading\">Conclusion<\/h2>\n\n\n\n<p>Le tilt est l\u2019un des plus grands d\u00e9fis auxquels tous les joueurs de poker sont confront\u00e9s, mais il n\u2019est pas insurmontable. En comprenant ce qu\u2019est le tilt, en reconnaissant ses signes et en utilisant des strat\u00e9gies pour le g\u00e9rer, vous pouvez garder vos \u00e9motions sous contr\u00f4le et prendre de meilleures d\u00e9cisions \u00e0 la table. N\u2019oubliez pas : le poker est un marathon, pas un sprint. Rester calme, concentr\u00e9 et disciplin\u00e9 m\u00e8nera au succ\u00e8s \u00e0 long terme. En appliquant ces conseils, vous apprendrez \u00e0 g\u00e9rer le tilt plus efficacement, ce qui am\u00e9liorera finalement vos performances globales au poker.<\/p>\n","protected":false},"excerpt":{"rendered":"<p>Le poker n\u2019est pas seulement un jeu de comp\u00e9tence et de strat\u00e9gie. C\u2019est aussi un jeu d\u2019\u00e9motions. M\u00eame les meilleurs joueurs peuvent avoir du mal \u00e0 contr\u00f4ler leurs sentiments \u00e0 la table. L\u2019un des plus grands d\u00e9fis auxquels les joueurs de poker sont confront\u00e9s est le \u00ab tilt \u00bb. \u2620\ufe0f Le tilt peut ruiner votre &hellip; <a href=\"https:\/\/hand2noteguide.com\/fr\/poker\/poker-tilt\/\" class=\"more-link\">Continue reading <span class=\"screen-reader-text\">Le tilt au poker : comprendre et g\u00e9rer ses \u00e9motions<\/span><\/a><\/p>\n","protected":false},"author":1,"featured_media":0,"parent":7017,"menu_order":0,"comment_status":"closed","ping_status":"closed","template":"","meta":{"footnotes":""},"class_list":["post-8237","page","type-page","status-publish","hentry"],"translation":{"provider":"WPGlobus","version":"3.0.2","language":"fr","enabled_languages":["en","ru","pt","zh","es","fr","de","it","ja"],"languages":{"en":{"title":true,"content":true,"excerpt":false},"ru":{"title":true,"content":true,"excerpt":false},"pt":{"title":true,"content":true,"excerpt":false},"zh":{"title":true,"content":true,"excerpt":false},"es":{"title":true,"content":true,"excerpt":false},"fr":{"title":true,"content":true,"excerpt":false},"de":{"title":true,"content":true,"excerpt":false},"it":{"title":true,"content":true,"excerpt":false},"ja":{"title":true,"content":true,"excerpt":false}}},"yoast_head":"<!-- This site is optimized with the Yoast SEO plugin v27.0 - https:\/\/yoast.com\/product\/yoast-seo-wordpress\/ -->\n<title>Le tilt au poker : comprendre et g\u00e9rer ses \u00e9motions<\/title>\n<meta name=\"description\" content=\"Comprendre et g\u00e9rer le tilt au poker est essentiel pour r\u00e9ussir sur le long terme. Identifiez les d\u00e9clencheurs et appliquez des strat\u00e9gies pour rester concentr\u00e9.\" \/>\n<meta name=\"robots\" content=\"index, follow, max-snippet:-1, max-image-preview:large, max-video-preview:-1\" \/>\n<link rel=\"canonical\" href=\"https:\/\/hand2noteguide.com\/poker\/poker-tilt\/\" \/>\n<meta property=\"og:locale\" content=\"fr_FR\" \/>\n<meta property=\"og:type\" content=\"article\" \/>\n<meta property=\"og:title\" content=\"Le tilt au poker : comprendre et g\u00e9rer ses \u00e9motions\" \/>\n<meta property=\"og:description\" content=\"Comprendre et g\u00e9rer le tilt au poker est essentiel pour r\u00e9ussir sur le long terme. Identifiez les d\u00e9clencheurs et appliquez des strat\u00e9gies pour rester concentr\u00e9.\" \/>\n<meta property=\"og:url\" content=\"https:\/\/hand2noteguide.com\/poker\/poker-tilt\/\" \/>\n<meta property=\"og:site_name\" content=\"Hand2Note Guide\" \/>\n<meta property=\"article:modified_time\" content=\"2026-03-11T10:47:45+00:00\" \/>\n<meta property=\"og:image\" content=\"http:\/\/hand2noteguide.com\/wp-content\/uploads\/2024\/09\/anger.jpg\" \/>\n<meta name=\"twitter:card\" content=\"summary_large_image\" \/>\n<meta name=\"twitter:label1\" content=\"Est. reading time\" \/>\n\t<meta name=\"twitter:data1\" content=\"55 minutes\" \/>\n<!-- \/ Yoast SEO plugin. -->","yoast_head_json":{"title":"Le tilt au poker : comprendre et g\u00e9rer ses \u00e9motions","description":"Comprendre et g\u00e9rer le tilt au poker est essentiel pour r\u00e9ussir sur le long terme. Identifiez les d\u00e9clencheurs et appliquez des strat\u00e9gies pour rester concentr\u00e9.","robots":{"index":"index","follow":"follow","max-snippet":"max-snippet:-1","max-image-preview":"max-image-preview:large","max-video-preview":"max-video-preview:-1"},"canonical":"https:\/\/hand2noteguide.com\/poker\/poker-tilt\/","og_locale":"fr_FR","og_type":"article","og_title":"Le tilt au poker : comprendre et g\u00e9rer ses \u00e9motions","og_description":"Comprendre et g\u00e9rer le tilt au poker est essentiel pour r\u00e9ussir sur le long terme. Identifiez les d\u00e9clencheurs et appliquez des strat\u00e9gies pour rester concentr\u00e9.","og_url":"https:\/\/hand2noteguide.com\/poker\/poker-tilt\/","og_site_name":"Hand2Note Guide","article_modified_time":"2026-03-11T10:47:45+00:00","og_image":[{"url":"http:\/\/hand2noteguide.com\/wp-content\/uploads\/2024\/09\/anger.jpg","type":"","width":"","height":""}],"twitter_card":"summary_large_image","twitter_misc":{"Est. reading time":"55 minutes"},"schema":{"@context":"https:\/\/schema.org","@graph":[]}},"jetpack_sharing_enabled":true,"_links":{"self":[{"href":"https:\/\/hand2noteguide.com\/fr\/wp-json\/wp\/v2\/pages\/8237","targetHints":{"allow":["GET"]}}],"collection":[{"href":"https:\/\/hand2noteguide.com\/fr\/wp-json\/wp\/v2\/pages"}],"about":[{"href":"https:\/\/hand2noteguide.com\/fr\/wp-json\/wp\/v2\/types\/page"}],"author":[{"embeddable":true,"href":"https:\/\/hand2noteguide.com\/fr\/wp-json\/wp\/v2\/users\/1"}],"replies":[{"embeddable":true,"href":"https:\/\/hand2noteguide.com\/fr\/wp-json\/wp\/v2\/comments?post=8237"}],"version-history":[{"count":66,"href":"https:\/\/hand2noteguide.com\/fr\/wp-json\/wp\/v2\/pages\/8237\/revisions"}],"predecessor-version":[{"id":15765,"href":"https:\/\/hand2noteguide.com\/fr\/wp-json\/wp\/v2\/pages\/8237\/revisions\/15765"}],"up":[{"embeddable":true,"href":"https:\/\/hand2noteguide.com\/fr\/wp-json\/wp\/v2\/pages\/7017"}],"wp:attachment":[{"href":"https:\/\/hand2noteguide.com\/fr\/wp-json\/wp\/v2\/media?parent=8237"}],"curies":[{"name":"wp","href":"https:\/\/api.w.org\/{rel}","templated":true}]}}