{"id":8482,"date":"2024-09-12T23:15:05","date_gmt":"2024-09-12T20:15:05","guid":{"rendered":"https:\/\/hand2noteguide.com\/?page_id=8482"},"modified":"2026-03-11T13:22:42","modified_gmt":"2026-03-11T10:22:42","slug":"chances-of-getting-a-royal-flush","status":"publish","type":"page","link":"https:\/\/hand2noteguide.com\/fr\/poker\/chances-of-getting-a-royal-flush\/","title":{"rendered":"Probabilit\u00e9 d\u2019obtenir une quinte flush royale au poker"},"content":{"rendered":"\n<p>La quinte flush royale est la main la plus rare et la plus recherch\u00e9e au poker. C\u2019est la main ultime, qui occupe la premi\u00e8re place dans la <a href=\"\/fr\/poker\/poker-hand-rankings\/\">liste de toutes les combinaisons au poker<\/a>. Mais \u00e0 quel point est-elle rare ? Et quelles sont vos chances de r\u00e9aliser une quinte flush royale dans une vraie partie au moins une fois dans votre vie ? Plongeons dans les math\u00e9matiques derri\u00e8re cette main et voyons ce qu\u2019il faut pour obtenir une quinte flush royale au poker.<\/p>\n\n\n\n<h2 class=\"wp-block-heading\">Qu\u2019est-ce qu\u2019une quinte flush royale ?<\/h2>\n\n\n\n<p>Commen\u00e7ons par comprendre ce qu\u2019est une quinte flush royale. Il s\u2019agit de la main la plus forte au poker. Elle se compose de cinq cartes cons\u00e9cutives de la m\u00eame couleur : dix, valet, dame, roi et as.<\/p>\n\n\n\n<p>Par exemple, si vous avez <span class=\"hc spade\">A\u2660<\/span> <span class=\"hc spade\">K\u2660<\/span> <span class=\"hc spade\">Q\u2660<\/span> <span class=\"hc spade\">J\u2660<\/span> <span class=\"hc spade\">T\u2660<\/span>, vous avez une quinte flush royale. Il n\u2019existe que quatre quintes flush royales possibles dans un jeu de cartes (une pour chaque couleur : \u2665 c\u0153urs, \u2666 carreaux, \u2663 tr\u00e8fles et \u2660 piques).<\/p>\n\n\n\n<figure class=\"wp-block-image size-large\"><img loading=\"lazy\" decoding=\"async\" width=\"1024\" height=\"576\" src=\"http:\/\/hand2noteguide.com\/wp-content\/uploads\/2024\/09\/royal-flush-min-1024x576.jpg\" alt=\"royal flush\" class=\"wp-image-7872\" srcset=\"https:\/\/hand2noteguide.com\/wp-content\/uploads\/2024\/09\/royal-flush-min-1024x576.jpg 1024w, https:\/\/hand2noteguide.com\/wp-content\/uploads\/2024\/09\/royal-flush-min-300x169.jpg 300w, https:\/\/hand2noteguide.com\/wp-content\/uploads\/2024\/09\/royal-flush-min-768x432.jpg 768w, https:\/\/hand2noteguide.com\/wp-content\/uploads\/2024\/09\/royal-flush-min-1536x864.jpg 1536w, https:\/\/hand2noteguide.com\/wp-content\/uploads\/2024\/09\/royal-flush-min-772x434.jpg 772w, https:\/\/hand2noteguide.com\/wp-content\/uploads\/2024\/09\/royal-flush-min-624x351.jpg 624w, https:\/\/hand2noteguide.com\/wp-content\/uploads\/2024\/09\/royal-flush-min.jpg 1600w\" sizes=\"auto, (max-width: 1024px) 100vw, 1024px\" \/><\/figure>\n\n\n\n<h2 class=\"wp-block-heading\">Calcul des chances d\u2019obtenir une quinte flush royale<\/h2>\n\n\n\n<h3 class=\"wp-block-heading\">\u00c9tape 1. Combien de mains de poker existent\u2011elles ?<\/h3>\n\n\n\n<p>Pour comprendre les chances d\u2019obtenir une quinte flush royale, il faut d\u2019abord savoir combien de mains de poker diff\u00e9rentes peuvent \u00eatre distribu\u00e9es. Un jeu standard contient 52 cartes. Pour calculer le nombre de mains possibles, nous devons calculer le nombre de combinaisons de 5 cartes parmi 52.<\/p>\n\n\n\n<p>La formule pour calculer les combinaisons est :<\/p>\n\n\n\n<blockquote class=\"wp-block-quote is-layout-flow wp-block-quote-is-layout-flow\">\n<p>C(n,k)=n! \/ (k! \u00d7 (n\u2212k)!)<\/p>\n<\/blockquote>\n\n\n\n<p>O\u00f9 (n) est le nombre total de cartes (52 dans un jeu), et (k) est le nombre de cartes dans la main (5 au poker). Donc :<\/p>\n\n\n\n<blockquote class=\"wp-block-quote is-layout-flow wp-block-quote-is-layout-flow\">\n<p>C(52, 5) = 52! \/ (5! \u00d7 (52\u22125)!) = 2,598,960.<\/p>\n<\/blockquote>\n\n\n\n<p>Cela signifie qu\u2019il existe 2\u202f598\u202f960 mains possibles de 5 cartes au poker.<\/p>\n\n\n\n<h3 class=\"wp-block-heading\">\u00c9tape 2. Combien existe\u2011t\u2011il de quintes flush royales ?<\/h3>\n\n\n\n<p>Voyons maintenant combien de quintes flush royales sont possibles. Comme mentionn\u00e9 pr\u00e9c\u00e9demment, une quinte flush royale est une s\u00e9quence de cinq cartes sp\u00e9cifiques (dix, valet, dame, roi et as) de la m\u00eame couleur. Comme il y a quatre couleurs, il existe 4 quintes flush royales.<\/p>\n\n\n\n<h3 class=\"wp-block-heading\">\u00c9tape 3. La probabilit\u00e9 d\u2019obtenir une quinte flush royale<\/h3>\n\n\n\n<p>La probabilit\u00e9 d\u2019un \u00e9v\u00e9nement se calcule ainsi :<\/p>\n\n\n\n<blockquote class=\"wp-block-quote is-layout-flow wp-block-quote-is-layout-flow\">\n<p>P(A) = nombre d\u2019issues favorables \/ nombre total d\u2019issues possibles<\/p>\n<\/blockquote>\n\n\n\n<p>Pour une quinte flush royale, la probabilit\u00e9 est :<\/p>\n\n\n\n<blockquote class=\"wp-block-quote is-layout-flow wp-block-quote-is-layout-flow\">\n<p>P(quinte flush royale) = 4 \/ 2,598,960 = 1 \/ 649,740<\/p>\n<\/blockquote>\n\n\n\n<p>Ainsi, les chances de recevoir une quinte flush royale dans une main de poker \u00e0 5 cartes sont de 1 sur 649\u202f740. Cela signifie qu\u2019en moyenne, <strong>vous obtiendrez une quinte flush royale une fois toutes les 650\u202f000 mains<\/strong>.<\/p>\n\n\n\n<h3 class=\"wp-block-heading\">Pourquoi est\u2011elle si rare ?<\/h3>\n\n\n\n<p>La raret\u00e9 de la quinte flush royale vient de la combinaison tr\u00e8s sp\u00e9cifique de cartes n\u00e9cessaire. Il existe de nombreuses autres mains au poker \u2014 paires, brelans, full houses ou quintes flush \u2014 mais la quinte flush royale reste la plus rare. Les probabilit\u00e9s d\u2019obtenir les autres mains sont bien plus \u00e9lev\u00e9es, ce qui les rend beaucoup plus fr\u00e9quentes en jeu.<\/p>\n\n\n\n<h3 class=\"wp-block-heading\">\u00c0 quelle fr\u00e9quence puis\u2011je obtenir une quinte flush royale en live ?<\/h3>\n\n\n\n<p>Aux tables en live, la vitesse de distribution est g\u00e9n\u00e9ralement d\u2019environ 20 mains par heure. Pour atteindre 650\u202f000 mains, vous devriez consacrer environ 32\u202f500 heures au poker. Si vous jouez 8 heures par jour, 5 jours par semaine (comme un vrai travail), il vous faudrait <strong>plus de 15 ans<\/strong> pour atteindre les 650\u202f000 mains jou\u00e9es.<\/p>\n\n\n\n<p>Mais m\u00eame dans ce cas, rien ne garantit que vous verrez une quinte flush royale ne serait\u2011ce qu\u2019une fois. Tout d\u00e9pend beaucoup de la chance. Certains joueurs en voient plusieurs dans leur carri\u00e8re, tandis que d\u2019autres n\u2019ont jamais ressenti la sensation de tenir la combinaison la plus forte.<\/p>\n\n\n\n<figure class=\"wp-block-embed is-type-video is-provider-youtube wp-block-embed-youtube wp-embed-aspect-16-9 wp-has-aspect-ratio\"><div class=\"wp-block-embed__wrapper\">\n<div class=\"jetpack-video-wrapper\"><iframe loading=\"lazy\" title=\"ROYAL FLUSH vs FULL HOUSE | Sickest Runout in Poker History!\" width=\"700\" height=\"394\" src=\"https:\/\/www.youtube.com\/embed\/Ff5PxLLi06g?feature=oembed\" frameborder=\"0\" allow=\"accelerometer; autoplay; clipboard-write; encrypted-media; gyroscope; picture-in-picture; web-share\" referrerpolicy=\"strict-origin-when-cross-origin\" allowfullscreen><\/iframe><\/div>\n<\/div><\/figure>\n\n\n\n<h3 class=\"wp-block-heading\"><strong>Et en poker en ligne ?<\/strong><\/h3>\n\n\n\n<p>En poker en ligne, vos chances d\u2019obtenir une quinte flush royale sont plus \u00e9lev\u00e9es gr\u00e2ce \u00e0 la vitesse de distribution plus rapide. Dans les parties en ligne, les joueurs re\u00e7oivent g\u00e9n\u00e9ralement environ 90 mains par heure. Si nous faisons les m\u00eames calculs, pour jouer 650\u202f000 mains vous aurez besoin d\u2019environ <strong>3,5 ans de grind \u00e0 plein temps<\/strong>.<\/p>\n\n\n\n<p>Vous pouvez encore am\u00e9liorer vos chances en jouant plusieurs tables en m\u00eame temps, comme le font de nombreux professionnels en ligne. Dans ce cas, vous verrez probablement au moins une quinte flush royale en moins d\u2019un an.<\/p>\n\n\n\n<figure class=\"wp-block-embed is-type-video is-provider-youtube wp-block-embed-youtube wp-embed-aspect-16-9 wp-has-aspect-ratio\"><div class=\"wp-block-embed__wrapper\">\n<div class=\"jetpack-video-wrapper\"><iframe loading=\"lazy\" title=\"Just Another Royal Flush! - PokerStars Online Twitch Stream Best Moments\" width=\"700\" height=\"394\" src=\"https:\/\/www.youtube.com\/embed\/pU1G67uLQRE?feature=oembed\" frameborder=\"0\" allow=\"accelerometer; autoplay; clipboard-write; encrypted-media; gyroscope; picture-in-picture; web-share\" referrerpolicy=\"strict-origin-when-cross-origin\" allowfullscreen><\/iframe><\/div>\n<\/div><\/figure>\n\n\n\n<h2 class=\"wp-block-heading\">Comparer la quinte flush royale aux autres mains<\/h2>\n\n\n\n<p>Pour mieux comprendre \u00e0 quel point la quinte flush royale est rare, comparons-la aux probabilit\u00e9s d\u2019obtenir d\u2019autres mains au poker :<\/p>\n\n\n\n<ul class=\"wp-block-list\">\n<li><strong>Quinte flush (hors quinte flush royale)<\/strong> : 1 sur 72\u202f193<\/li>\n\n\n\n<li><strong>Carr\u00e9<\/strong> : 1 sur 4\u202f165<\/li>\n\n\n\n<li><strong>Full house<\/strong> : 1 sur 694<\/li>\n\n\n\n<li><strong>Couleur<\/strong> : 1 sur 509<\/li>\n\n\n\n<li><strong>Quinte<\/strong> : 1 sur 255<\/li>\n\n\n\n<li><strong>Brelan<\/strong> : 1 sur 47<\/li>\n\n\n\n<li><strong>Deux paires<\/strong> : 1 sur 21<\/li>\n\n\n\n<li><strong>Une paire<\/strong> : 1 sur 2,4<\/li>\n\n\n\n<li><strong>Carte haute<\/strong> : 1 sur 1,3<\/li>\n<\/ul>\n\n\n\n<p>Comme vous pouvez le constater d\u2019apr\u00e8s ces chiffres, la quinte flush royale est de loin la main la plus rare.<\/p>\n\n\n\n<h2 class=\"wp-block-heading\">Probabilit\u00e9s dans diff\u00e9rentes variantes de poker<\/h2>\n\n\n\n<p>Les probabilit\u00e9s dont nous avons parl\u00e9 s\u2019appliquent au poker classique \u00e0 5 cartes. Mais il existe de nombreuses variantes de poker, comme le Texas Hold\u2019em, l\u2019Omaha ou le Seven\u2011Card Stud. Les chances d\u2019obtenir une quinte flush royale peuvent varier selon le jeu.<\/p>\n\n\n\n<ul class=\"wp-block-list\">\n<li><a href=\"\/fr\/poker\/poker-rules\/\"><strong>Texas Hold\u2019em<\/strong><\/a> : au Texas Hold\u2019em, chaque joueur re\u00e7oit deux cartes priv\u00e9es et cinq cartes communes sont pos\u00e9es face visible sur la table. La probabilit\u00e9 d\u2019obtenir une quinte flush royale est l\u00e9g\u00e8rement diff\u00e9rente, car les joueurs disposent de sept cartes pour former la meilleure main de cinq cartes. Les chances sont d\u2019environ 1 sur 30\u202f939.<\/li>\n\n\n\n<li><strong>Omaha<\/strong> : \u00e0 l\u2019Omaha, les joueurs re\u00e7oivent quatre cartes priv\u00e9es et cinq cartes communes sont partag\u00e9es. Les joueurs doivent utiliser exactement deux cartes priv\u00e9es et trois cartes communes pour former la meilleure main. Les chances sont d\u2019environ 1 sur 108\u202f290.<\/li>\n\n\n\n<li><strong>Seven\u2011Card Stud<\/strong> : au Seven\u2011Card Stud, chaque joueur re\u00e7oit sept cartes et la meilleure main de cinq cartes gagne. Les chances d\u2019obtenir une quinte flush royale sont d\u2019environ 1 sur 30\u202f939, similaires \u00e0 celles du Texas Hold\u2019em.<\/li>\n<\/ul>\n\n\n\n<p>Ces variantes rendent la quinte flush royale l\u00e9g\u00e8rement plus accessible dans certains jeux que dans d\u2019autres, mais elle reste une main extr\u00eamement rare.<\/p>\n\n\n\n<h2 class=\"wp-block-heading\">Que faire si vous obtenez une quinte flush royale<\/h2>\n\n\n\n<p>Si vous avez la chance d\u2019obtenir une quinte flush royale, c\u2019est un moment exceptionnel. C\u2019est une main imbattable. La meilleure strat\u00e9gie consiste \u00e0 miser avec confiance, mais sans \u00eatre trop agressif, afin de garder vos adversaires dans le coup. Si vous les effrayez avec une grosse mise, ils pourraient se coucher et vous gagnerez moins. Une quinte flush royale bien jou\u00e9e peut vous faire remporter un pot tr\u00e8s important. En live, vous avez aussi un autre d\u00e9fi : r\u00e9ussir \u00e0 garder votre poker face avec une telle main \ud83d\ude05<\/p>\n\n\n\n<h2 class=\"wp-block-heading\">Conclusion<\/h2>\n\n\n\n<p>La quinte flush royale est le sommet des mains au poker : rare et imbattable. Avec une probabilit\u00e9 de 1 sur 649\u202f740 au poker \u00e0 5 cartes, il n\u2019est pas surprenant que les joueurs r\u00eavent de toucher cette main. M\u00eame si les chances sont l\u00e9g\u00e8rement meilleures dans des jeux comme le Texas Hold\u2019em ou le Seven\u2011Card Stud, elle reste extr\u00eamement difficile \u00e0 obtenir. Si vous en recevez une un jour, savourez le moment et jouez-la intelligemment. C\u2019est une main qui n\u2019arrive pas souvent \u2014 et quand cela se produit, c\u2019est un moment dont on se souvient longtemps.<\/p>\n","protected":false},"excerpt":{"rendered":"<p>La quinte flush royale est la main la plus rare et la plus recherch\u00e9e au poker. C\u2019est la main ultime, qui occupe la premi\u00e8re place dans la liste de toutes les combinaisons au poker. Mais \u00e0 quel point est-elle rare ? Et quelles sont vos chances de r\u00e9aliser une quinte flush royale dans une vraie &hellip; <a href=\"https:\/\/hand2noteguide.com\/fr\/poker\/chances-of-getting-a-royal-flush\/\" class=\"more-link\">Continue reading <span class=\"screen-reader-text\">Probabilit\u00e9 d\u2019obtenir une quinte flush royale au poker<\/span><\/a><\/p>\n","protected":false},"author":1,"featured_media":0,"parent":7017,"menu_order":0,"comment_status":"closed","ping_status":"closed","template":"","meta":{"footnotes":""},"class_list":["post-8482","page","type-page","status-publish","hentry"],"translation":{"provider":"WPGlobus","version":"3.0.2","language":"fr","enabled_languages":["en","ru","pt","zh","es","fr","de","it","ja"],"languages":{"en":{"title":true,"content":true,"excerpt":false},"ru":{"title":true,"content":true,"excerpt":false},"pt":{"title":true,"content":true,"excerpt":false},"zh":{"title":true,"content":true,"excerpt":false},"es":{"title":true,"content":true,"excerpt":false},"fr":{"title":true,"content":true,"excerpt":false},"de":{"title":true,"content":true,"excerpt":false},"it":{"title":true,"content":true,"excerpt":false},"ja":{"title":true,"content":true,"excerpt":false}}},"yoast_head":"<!-- This site is optimized with the Yoast SEO plugin v27.0 - https:\/\/yoast.com\/product\/yoast-seo-wordpress\/ -->\n<title>Probabilit\u00e9 d\u2019obtenir une quinte flush royale au poker<\/title>\n<meta name=\"description\" content=\"La quinte flush royale est la main la plus rare et la meilleure combinaison au poker. Les chances d\u2019en obtenir une sont extr\u00eamement faibles : environ 1 sur 649\u202f740.\" \/>\n<meta name=\"robots\" content=\"index, follow, max-snippet:-1, max-image-preview:large, max-video-preview:-1\" \/>\n<link rel=\"canonical\" href=\"https:\/\/hand2noteguide.com\/poker\/chances-of-getting-a-royal-flush\/\" \/>\n<meta property=\"og:locale\" content=\"fr_FR\" \/>\n<meta property=\"og:type\" content=\"article\" \/>\n<meta property=\"og:title\" content=\"Probabilit\u00e9 d\u2019obtenir une quinte flush royale au poker\" \/>\n<meta property=\"og:description\" content=\"La quinte flush royale est la main la plus rare et la meilleure combinaison au poker. Les chances d\u2019en obtenir une sont extr\u00eamement faibles : environ 1 sur 649\u202f740.\" \/>\n<meta property=\"og:url\" content=\"https:\/\/hand2noteguide.com\/poker\/chances-of-getting-a-royal-flush\/\" \/>\n<meta property=\"og:site_name\" content=\"Hand2Note Guide\" \/>\n<meta property=\"article:modified_time\" content=\"2026-03-11T10:22:42+00:00\" \/>\n<meta property=\"og:image\" content=\"http:\/\/hand2noteguide.com\/wp-content\/uploads\/2024\/09\/royal-flush-min-1024x576.jpg\" \/>\n<meta name=\"twitter:card\" content=\"summary_large_image\" \/>\n<meta name=\"twitter:label1\" content=\"Est. reading time\" \/>\n\t<meta name=\"twitter:data1\" content=\"35 minutes\" \/>\n<!-- \/ Yoast SEO plugin. -->","yoast_head_json":{"title":"Probabilit\u00e9 d\u2019obtenir une quinte flush royale au poker","description":"La quinte flush royale est la main la plus rare et la meilleure combinaison au poker. Les chances d\u2019en obtenir une sont extr\u00eamement faibles : environ 1 sur 649\u202f740.","robots":{"index":"index","follow":"follow","max-snippet":"max-snippet:-1","max-image-preview":"max-image-preview:large","max-video-preview":"max-video-preview:-1"},"canonical":"https:\/\/hand2noteguide.com\/poker\/chances-of-getting-a-royal-flush\/","og_locale":"fr_FR","og_type":"article","og_title":"Probabilit\u00e9 d\u2019obtenir une quinte flush royale au poker","og_description":"La quinte flush royale est la main la plus rare et la meilleure combinaison au poker. Les chances d\u2019en obtenir une sont extr\u00eamement faibles : environ 1 sur 649\u202f740.","og_url":"https:\/\/hand2noteguide.com\/poker\/chances-of-getting-a-royal-flush\/","og_site_name":"Hand2Note Guide","article_modified_time":"2026-03-11T10:22:42+00:00","og_image":[{"url":"http:\/\/hand2noteguide.com\/wp-content\/uploads\/2024\/09\/royal-flush-min-1024x576.jpg","type":"","width":"","height":""}],"twitter_card":"summary_large_image","twitter_misc":{"Est. reading time":"35 minutes"},"schema":{"@context":"https:\/\/schema.org","@graph":[]}},"jetpack_sharing_enabled":true,"_links":{"self":[{"href":"https:\/\/hand2noteguide.com\/fr\/wp-json\/wp\/v2\/pages\/8482","targetHints":{"allow":["GET"]}}],"collection":[{"href":"https:\/\/hand2noteguide.com\/fr\/wp-json\/wp\/v2\/pages"}],"about":[{"href":"https:\/\/hand2noteguide.com\/fr\/wp-json\/wp\/v2\/types\/page"}],"author":[{"embeddable":true,"href":"https:\/\/hand2noteguide.com\/fr\/wp-json\/wp\/v2\/users\/1"}],"replies":[{"embeddable":true,"href":"https:\/\/hand2noteguide.com\/fr\/wp-json\/wp\/v2\/comments?post=8482"}],"version-history":[{"count":38,"href":"https:\/\/hand2noteguide.com\/fr\/wp-json\/wp\/v2\/pages\/8482\/revisions"}],"predecessor-version":[{"id":15740,"href":"https:\/\/hand2noteguide.com\/fr\/wp-json\/wp\/v2\/pages\/8482\/revisions\/15740"}],"up":[{"embeddable":true,"href":"https:\/\/hand2noteguide.com\/fr\/wp-json\/wp\/v2\/pages\/7017"}],"wp:attachment":[{"href":"https:\/\/hand2noteguide.com\/fr\/wp-json\/wp\/v2\/media?parent=8482"}],"curies":[{"name":"wp","href":"https:\/\/api.w.org\/{rel}","templated":true}]}}