{"id":8503,"date":"2024-09-13T13:15:27","date_gmt":"2024-09-13T10:15:27","guid":{"rendered":"https:\/\/hand2noteguide.com\/?page_id=8503"},"modified":"2026-03-11T12:55:43","modified_gmt":"2026-03-11T09:55:43","slug":"flopzilla","status":"publish","type":"page","link":"https:\/\/hand2noteguide.com\/fr\/flopzilla\/","title":{"rendered":"Flopzilla : calculateur d\u2019\u00e9quit\u00e9 poker, analyse de ranges et plus encore"},"content":{"rendered":"\n<p style=\"margin-top:8px\"><span class=\"product-price\">$25<\/span> <span class=\"product-price-desc\">(licence \u00e0 vie)<\/span><\/p>\n<p><a class=\"button add-to-cart\" href=\"\/fr\/flopzilla\/buy-flopzilla\/\">Acheter maintenant<\/a><\/p>\n\n\n\n<p>Flopzilla est le logiciel ultime d\u2019analyse de <a aria-label=\"undefined (opens in a new tab)\" href=\"https:\/\/blog.freebetrange.com\/fr\/article\/poker-preflop-ranges-a-comprehensive-guide\" target=\"_blank\" rel=\"noreferrer noopener\">ranges de poker<\/a> et de calcul d\u2019\u00e9quit\u00e9. Il vous permet de calculer rapidement les chances de gagner pour n\u2019importe quelle main contre une range, ainsi que range contre range sur n\u2019importe quelle <a href=\"\/fr\/poker\/poker-streets\/\">Flop, Turn et River<\/a>. En plus de cela, Flopzilla vous montre \u00e9galement comment une range touche certaines textures de board. C\u2019est un outil complet pour comprendre en profondeur comment fonctionnent les ranges et l\u2019\u00e9quit\u00e9 au poker.<\/p>\n\n\n\n<figure class=\"wp-block-image size-large\"><img loading=\"lazy\" decoding=\"async\" width=\"1024\" height=\"613\" src=\"https:\/\/hand2noteguide.com\/wp-content\/uploads\/2024\/09\/flopzilla-interface-min-1024x613.png\" alt=\"\" class=\"wp-image-8507\" srcset=\"https:\/\/hand2noteguide.com\/wp-content\/uploads\/2024\/09\/flopzilla-interface-min-1024x613.png 1024w, https:\/\/hand2noteguide.com\/wp-content\/uploads\/2024\/09\/flopzilla-interface-min-300x180.png 300w, https:\/\/hand2noteguide.com\/wp-content\/uploads\/2024\/09\/flopzilla-interface-min-768x460.png 768w, https:\/\/hand2noteguide.com\/wp-content\/uploads\/2024\/09\/flopzilla-interface-min-1536x919.png 1536w, https:\/\/hand2noteguide.com\/wp-content\/uploads\/2024\/09\/flopzilla-interface-min-2048x1225.png 2048w, https:\/\/hand2noteguide.com\/wp-content\/uploads\/2024\/09\/flopzilla-interface-min-772x462.png 772w, https:\/\/hand2noteguide.com\/wp-content\/uploads\/2024\/09\/flopzilla-interface-min-624x373.png 624w\" sizes=\"auto, (max-width: 1024px) 100vw, 1024px\" \/><figcaption class=\"wp-element-caption\">Flopzilla : le meilleur logiciel d\u2019analyse de ranges au poker<\/figcaption><\/figure>\n\n\n\n<h2 class=\"wp-block-heading\">Quelles sont les fonctionnalit\u00e9s de Flopzilla ?<\/h2>\n\n\n\n<p>Flopzilla vous propose de nombreux outils pour explorer les ranges de poker dans toutes les situations de jeu possibles.<\/p>\n\n\n\n<ul class=\"wp-block-list\">\n<li>\ud83d\udcc8 <strong>Calcul d\u2019\u00e9quit\u00e9 avanc\u00e9.<\/strong> Vous pouvez entrer une range et voir ensuite comment elle se comporte contre des mains sp\u00e9cifiques ou d\u2019autres ranges. Vous pouvez voir les chances de gagner sur chaque street, du pr\u00e9flop \u00e0 la river. Le logiciel montre \u00e9galement comment les probabilit\u00e9s \u00e9voluent selon les diff\u00e9rentes runouts sur les streets suivantes.<\/li>\n\n\n\n<li>\ud83d\udcca <strong>Analyse des boards touch\u00e9s par les ranges.<\/strong> Explorez comment diff\u00e9rentes ranges interagissent avec diff\u00e9rentes textures de board. C\u2019est une comp\u00e9tence essentielle pour comprendre comment vous et votre adversaire touchez le board. Combien y a\u2011t\u2011il de mains fortes et de tirages dans la range de votre adversaire ? Qui poss\u00e8de le plus de nut hands ? Quel pourcentage de la range est top pair ou mieux ? Vous trouverez les r\u00e9ponses \u00e0 ces questions pour n\u2019importe quel board et n\u2019importe quelle range que vous entrez.<\/li>\n\n\n\n<li>\ud83d\udce6 <strong>Stockez vos ranges.<\/strong> Vous pouvez construire votre strat\u00e9gie pr\u00e9flop et l\u2019enregistrer dans Flopzilla. Vous pourrez ensuite utiliser vos ranges enregistr\u00e9es pour les analyses d\u2019\u00e9quit\u00e9 et de board.<\/li>\n\n\n\n<li><strong>\ud83d\udcbe<\/strong> <strong>Sauvegarder\/charger les calculs.<\/strong> Vous pouvez facilement sauvegarder n\u2019importe quelle situation analys\u00e9e pour y revenir plus tard.<\/li>\n\n\n\n<li><strong>\ud83d\udd04<\/strong> <strong>Synchronisation avec le solver GTO+.<\/strong> Vous pouvez connecter Flopzilla au solver GTO Plus pour une analyse strat\u00e9gique avanc\u00e9e. Vous pouvez analyser vos ranges Flopzilla depuis une <a href=\"\/fr\/poker\/poker-gto\/\">perspective GTO<\/a> dans le solver. Ou importer une situation du solver dans Flopzilla pour l\u2019explorer avec les fonctionnalit\u00e9s de Flopzilla.<\/li>\n<\/ul>\n\n\n\n<p>Regardez la vid\u00e9o tutorielle de Flopzilla par <a href=\"https:\/\/www.getcoach.poker\/videos\/splitsuit-poker\/\" target=\"_blank\" aria-label=\"undefined (opens in a new tab)\" rel=\"noreferrer noopener\">James &#8220;SplitSuit&#8221; Sweeney<\/a>. Il vous guidera \u00e0 travers les fonctions de base de Flopzilla afin que vous puissiez commencer \u00e0 utiliser le logiciel en toute confiance.<\/p>\n\n\n\n<figure class=\"wp-block-embed is-type-video is-provider-youtube wp-block-embed-youtube wp-embed-aspect-16-9 wp-has-aspect-ratio\"><div class=\"wp-block-embed__wrapper\">\n<div class=\"jetpack-video-wrapper\"><iframe loading=\"lazy\" title=\"Flopzilla Pro Tutorial (21 Features You Should Be Using)\" width=\"700\" height=\"394\" src=\"https:\/\/www.youtube.com\/embed\/ZwRLXy40N7E?feature=oembed\" frameborder=\"0\" allow=\"accelerometer; autoplay; clipboard-write; encrypted-media; gyroscope; picture-in-picture; web-share\" referrerpolicy=\"strict-origin-when-cross-origin\" allowfullscreen><\/iframe><\/div>\n<\/div><\/figure>\n\n\n\n<p>Nous vous recommandons vivement d\u2019inclure le logiciel de poker Flopzilla dans votre arsenal d\u2019outils d\u2019analyse. De nombreux joueurs de poker \u00e0 succ\u00e8s utilisent Flopzilla pour affiner leur strat\u00e9gie.<\/p>\n\n\n<div class=\"wp-block-h2n-alert h2n-alert h2n-alert--info\"><div class=\"h2n-alert__icon\" aria-hidden=\"true\"><svg width=\"22\" height=\"22\" viewBox=\"0 0 24 24\" fill=\"none\" stroke=\"currentColor\" stroke-width=\"2\" stroke-linecap=\"round\" stroke-linejoin=\"round\"><circle cx=\"12\" cy=\"12\" r=\"10\"\/><line x1=\"12\" y1=\"16\" x2=\"12\" y2=\"12\"\/><circle cx=\"12\" cy=\"8\" r=\"1\" fill=\"currentColor\" stroke=\"none\"\/><\/svg><\/div><div class=\"h2n-alert__content\">Si vous avez besoin de calculs d\u2019\u00e9quit\u00e9 rapides et simples main contre main, vous pouvez \u00e9galement utiliser notre <a href=\"\/fr\/poker\/free-poker-tools\/poker-odds-calculator\/\">calculateur de cotes au poker gratuit<\/a>.<\/div><\/div>\n\n\n<h2 class=\"wp-block-heading\">Quel est le prix de Flopzilla ?<\/h2>\n\n\n\n<p>Flopzilla co\u00fbte <strong>25 $ pour une licence \u00e0 vie<\/strong>. Flopzilla v1 et Flopzilla PRO sont tous les deux inclus dans votre achat, vous pouvez donc choisir la version que vous souhaitez utiliser. Flopzilla PRO est la version la plus r\u00e9cente avec une interface am\u00e9lior\u00e9e, une meilleure vitesse et des fonctionnalit\u00e9s suppl\u00e9mentaires. Nous vous recommandons d\u2019utiliser Flopzilla Pro, car le prix est le m\u00eame mais les fonctionnalit\u00e9s sont meilleures. Toutes les captures d\u2019\u00e9cran et tutoriels ci\u2011dessus ont \u00e9t\u00e9 r\u00e9alis\u00e9s avec la version Pro.<\/p>\n\n\n\n<h2 class=\"wp-block-heading\">Comment acheter Flopzilla ?<\/h2>\n\n\n\n<p>Rendez-vous sur la page <a href=\"\/fr\/flopzilla\/buy-flopzilla\/\"><strong>Flopzilla : acheter et activer<\/strong><\/a> et suivez les instructions. Vous devrez effectuer un paiement et fournir votre email ainsi que votre hardware ID pour l\u2019activation de la licence. <a href=\"https:\/\/hand2noteguide.com\/fr\/contact-us\/\">Contactez-nous<\/a> si vous avez des questions suppl\u00e9mentaires concernant l\u2019achat de Flopzilla.<\/p>\n","protected":false},"excerpt":{"rendered":"<p>$25 (licence \u00e0 vie) Acheter maintenant Flopzilla est le logiciel ultime d\u2019analyse de ranges de poker et de calcul d\u2019\u00e9quit\u00e9. Il vous permet de calculer rapidement les chances de gagner pour n\u2019importe quelle main contre une range, ainsi que range contre range sur n\u2019importe quelle Flop, Turn et River. En plus de cela, Flopzilla vous &hellip; <a href=\"https:\/\/hand2noteguide.com\/fr\/flopzilla\/\" class=\"more-link\">Continue reading <span class=\"screen-reader-text\">Flopzilla : calculateur d\u2019\u00e9quit\u00e9 poker, analyse de ranges et plus encore<\/span><\/a><\/p>\n","protected":false},"author":1,"featured_media":0,"parent":0,"menu_order":0,"comment_status":"closed","ping_status":"closed","template":"page-templates\/full-width-page.php","meta":{"footnotes":""},"class_list":["post-8503","page","type-page","status-publish","hentry"],"translation":{"provider":"WPGlobus","version":"3.0.2","language":"fr","enabled_languages":["en","ru","pt","zh","es","fr","de","it","ja"],"languages":{"en":{"title":true,"content":true,"excerpt":false},"ru":{"title":true,"content":true,"excerpt":false},"pt":{"title":true,"content":true,"excerpt":false},"zh":{"title":true,"content":true,"excerpt":false},"es":{"title":true,"content":true,"excerpt":false},"fr":{"title":true,"content":true,"excerpt":false},"de":{"title":true,"content":true,"excerpt":false},"it":{"title":true,"content":true,"excerpt":false},"ja":{"title":true,"content":true,"excerpt":false}}},"yoast_head":"<!-- This site is optimized with the Yoast SEO plugin v27.0 - https:\/\/yoast.com\/product\/yoast-seo-wordpress\/ -->\n<title>Flopzilla : calculateur d\u2019\u00e9quit\u00e9 poker, analyse de ranges et plus encore<\/title>\n<meta name=\"description\" content=\"Flopzilla est un calculateur d\u2019\u00e9quit\u00e9 poker avanc\u00e9 et un logiciel d\u2019analyse de ranges. Calculez l\u2019\u00e9quit\u00e9 et explorez les ranges et leurs interactions avec les boards.\" \/>\n<meta name=\"robots\" content=\"index, follow, max-snippet:-1, max-image-preview:large, max-video-preview:-1\" \/>\n<link rel=\"canonical\" href=\"https:\/\/hand2noteguide.com\/flopzilla\/\" \/>\n<meta property=\"og:locale\" content=\"fr_FR\" \/>\n<meta property=\"og:type\" content=\"article\" \/>\n<meta property=\"og:title\" content=\"Flopzilla : calculateur d\u2019\u00e9quit\u00e9 poker, analyse de ranges et plus encore\" \/>\n<meta property=\"og:description\" content=\"Flopzilla est un calculateur d\u2019\u00e9quit\u00e9 poker avanc\u00e9 et un logiciel d\u2019analyse de ranges. Calculez l\u2019\u00e9quit\u00e9 et explorez les ranges et leurs interactions avec les boards.\" \/>\n<meta property=\"og:url\" content=\"https:\/\/hand2noteguide.com\/flopzilla\/\" \/>\n<meta property=\"og:site_name\" content=\"Hand2Note Guide\" \/>\n<meta property=\"article:modified_time\" content=\"2026-03-11T09:55:43+00:00\" \/>\n<meta property=\"og:image\" content=\"https:\/\/hand2noteguide.com\/wp-content\/uploads\/2024\/09\/flopzilla-interface-min.png\" \/>\n\t<meta property=\"og:image:width\" content=\"3070\" \/>\n\t<meta property=\"og:image:height\" content=\"1837\" \/>\n\t<meta property=\"og:image:type\" content=\"image\/png\" \/>\n<meta name=\"twitter:card\" content=\"summary_large_image\" \/>\n<meta name=\"twitter:label1\" content=\"Est. reading time\" \/>\n\t<meta name=\"twitter:data1\" content=\"3 minutes\" \/>\n<!-- \/ Yoast SEO plugin. -->","yoast_head_json":{"title":"Flopzilla : calculateur d\u2019\u00e9quit\u00e9 poker, analyse de ranges et plus encore","description":"Flopzilla est un calculateur d\u2019\u00e9quit\u00e9 poker avanc\u00e9 et un logiciel d\u2019analyse de ranges. Calculez l\u2019\u00e9quit\u00e9 et explorez les ranges et leurs interactions avec les boards.","robots":{"index":"index","follow":"follow","max-snippet":"max-snippet:-1","max-image-preview":"max-image-preview:large","max-video-preview":"max-video-preview:-1"},"canonical":"https:\/\/hand2noteguide.com\/flopzilla\/","og_locale":"fr_FR","og_type":"article","og_title":"Flopzilla : calculateur d\u2019\u00e9quit\u00e9 poker, analyse de ranges et plus encore","og_description":"Flopzilla est un calculateur d\u2019\u00e9quit\u00e9 poker avanc\u00e9 et un logiciel d\u2019analyse de ranges. Calculez l\u2019\u00e9quit\u00e9 et explorez les ranges et leurs interactions avec les boards.","og_url":"https:\/\/hand2noteguide.com\/flopzilla\/","og_site_name":"Hand2Note Guide","article_modified_time":"2026-03-11T09:55:43+00:00","og_image":[{"width":3070,"height":1837,"url":"https:\/\/hand2noteguide.com\/wp-content\/uploads\/2024\/09\/flopzilla-interface-min.png","type":"image\/png"}],"twitter_card":"summary_large_image","twitter_misc":{"Est. reading time":"3 minutes"},"schema":{"@context":"https:\/\/schema.org","@graph":[]}},"jetpack_sharing_enabled":true,"_links":{"self":[{"href":"https:\/\/hand2noteguide.com\/fr\/wp-json\/wp\/v2\/pages\/8503","targetHints":{"allow":["GET"]}}],"collection":[{"href":"https:\/\/hand2noteguide.com\/fr\/wp-json\/wp\/v2\/pages"}],"about":[{"href":"https:\/\/hand2noteguide.com\/fr\/wp-json\/wp\/v2\/types\/page"}],"author":[{"embeddable":true,"href":"https:\/\/hand2noteguide.com\/fr\/wp-json\/wp\/v2\/users\/1"}],"replies":[{"embeddable":true,"href":"https:\/\/hand2noteguide.com\/fr\/wp-json\/wp\/v2\/comments?post=8503"}],"version-history":[{"count":67,"href":"https:\/\/hand2noteguide.com\/fr\/wp-json\/wp\/v2\/pages\/8503\/revisions"}],"predecessor-version":[{"id":15726,"href":"https:\/\/hand2noteguide.com\/fr\/wp-json\/wp\/v2\/pages\/8503\/revisions\/15726"}],"wp:attachment":[{"href":"https:\/\/hand2noteguide.com\/fr\/wp-json\/wp\/v2\/media?parent=8503"}],"curies":[{"name":"wp","href":"https:\/\/api.w.org\/{rel}","templated":true}]}}