{"id":876,"date":"2019-05-27T08:02:28","date_gmt":"2019-05-27T05:02:28","guid":{"rendered":"https:\/\/h2n312.wordpress.com\/?page_id=876"},"modified":"2025-06-04T17:46:16","modified_gmt":"2025-06-04T14:46:16","slug":"rebuild-stats","status":"publish","type":"page","link":"https:\/\/hand2noteguide.com\/fr\/guide\/rebuild-stats\/","title":{"rendered":"Reconstruire les stats"},"content":{"rendered":"<p>Pour reconstruire <a href=\"https:\/\/hand2noteguide.com\/fr\/guide\/creating-stats\/\">les stats<\/a>, proc\u00e9dez comme suit :<\/p>\n<ol>\n<li>Ouvrez la fen\u00eatre principale de Hand2Note<\/li>\n<li>Cliquez sur &#8220;Clear Stats&#8221;<\/li>\n<li>Cliquez sur &#8220;Build Stats&#8221;<\/li>\n<li>Attendez la fin du processus<\/li>\n<\/ol>\n<p><img loading=\"lazy\" decoding=\"async\" class=\"alignnone size-full wp-image-904\" src=\"https:\/\/hand2noteguide.com\/wp-content\/uploads\/2019\/05\/hand2note-rebuild-stats.png\" alt=\"hand2note rebuild stats\" width=\"612\" height=\"131\" srcset=\"https:\/\/hand2noteguide.com\/wp-content\/uploads\/2019\/05\/hand2note-rebuild-stats.png 612w, https:\/\/hand2noteguide.com\/wp-content\/uploads\/2019\/05\/hand2note-rebuild-stats-300x64.png 300w\" sizes=\"auto, (max-width: 612px) 100vw, 612px\" \/><\/p>\n<h3>Pourquoi en avez-vous besoin ?<\/h3>\n<p>Hand2Note stocke les stats sous forme finalis\u00e9e. Lorsque vous vous asseyez \u00e0 une table, les stats dans le <a href=\"https:\/\/hand2noteguide.com\/fr\/guide\/hud\/\">HUD<\/a> ne sont pas calcul\u00e9es \u00e0 chaque fois sur l&#8217;ensemble de la <a href=\"https:\/\/hand2noteguide.com\/fr\/guide\/database\/\">base de donn\u00e9es<\/a> en temps r\u00e9el. Le tracker affiche des stats d\u00e9j\u00e0 compl\u00e9t\u00e9es, et les statistiques ne sont calcul\u00e9es qu&#8217;\u00e0 partir de nouvelles mains. Cela vous permet d&#8217;augmenter consid\u00e9rablement la vitesse de performance du logiciel et de r\u00e9duire la consommation des ressources de l&#8217;ordinateur pendant le jeu.<\/p>\n<h3>Quand est-il n\u00e9cessaire de reconstruire ?<\/h3>\n<ul>\n<li>Apr\u00e8s toute modification des stats dans le HUD ou le popup<\/li>\n<li>Lors du changement de profil HUD et Popup ou de toute autre modification dans les param\u00e8tres des types de jeu (<em>Settings \u2192 Game Types<\/em>)<\/li>\n<li>Lors du changement du d\u00e9calage horaire (<em>Settings \u2192 Rooms<\/em>)<\/li>\n<li>Lors du changement de la devise principale (<em>Settings \u2192 Other options \u2192 Currency<\/em>)<\/li>\n<\/ul>\n<h3>Vais-je perdre des donn\u00e9es ?<\/h3>\n<p>Non, toutes vos mains resteront en place. Seules les statistiques seront recalcul\u00e9es.<\/p>\n<h3>Combien de temps prendra la reconstruction ?<\/h3>\n<p>Cela d\u00e9pend de la taille de la base de donn\u00e9es, de la complexit\u00e9 et du nombre de stats utilis\u00e9es dans votre HUD et vos popups, ainsi que de la capacit\u00e9 de votre appareil. Sur un ordinateur standard, en utilisant un nombre moyen de stats, la vitesse de construction peut \u00eatre d&#8217;environ 1000 mains par seconde.<\/p>\n","protected":false},"excerpt":{"rendered":"<p>Pour reconstruire les stats, proc\u00e9dez comme suit : Ouvrez la fen\u00eatre principale de Hand2Note Cliquez sur &#8220;Clear Stats&#8221; Cliquez sur &#8220;Build Stats&#8221; Attendez la fin du processus Pourquoi en avez-vous besoin ? Hand2Note stocke les stats sous forme finalis\u00e9e. Lorsque vous vous asseyez \u00e0 une table, les stats dans le HUD ne sont pas calcul\u00e9es &hellip; <a href=\"https:\/\/hand2noteguide.com\/fr\/guide\/rebuild-stats\/\" class=\"more-link\">Continue reading <span class=\"screen-reader-text\">Reconstruire les stats<\/span><\/a><\/p>\n","protected":false},"author":1,"featured_media":0,"parent":74,"menu_order":0,"comment_status":"closed","ping_status":"closed","template":"page-templates\/full-width-page.php","meta":{"footnotes":""},"class_list":["post-876","page","type-page","status-publish","hentry"],"translation":{"provider":"WPGlobus","version":"3.0.2","language":"fr","enabled_languages":["en","ru","pt","zh","es","fr","de","it","ja"],"languages":{"en":{"title":true,"content":true,"excerpt":false},"ru":{"title":true,"content":true,"excerpt":false},"pt":{"title":true,"content":true,"excerpt":false},"zh":{"title":true,"content":true,"excerpt":false},"es":{"title":true,"content":true,"excerpt":false},"fr":{"title":true,"content":true,"excerpt":false},"de":{"title":true,"content":true,"excerpt":false},"it":{"title":true,"content":true,"excerpt":false},"ja":{"title":true,"content":true,"excerpt":false}}},"yoast_head":"<!-- This site is optimized with the Yoast SEO plugin v27.0 - https:\/\/yoast.com\/product\/yoast-seo-wordpress\/ -->\n<title>Comment reconstruire les stats dans Hand2Note : Un guide rapide<\/title>\n<meta name=\"description\" content=\"D\u00e9couvrez comment reconstruire efficacement les stats dans Hand2Note. Suivez notre guide \u00e9tape par \u00e9tape pour optimiser les performances et garantir des statistiques de poker pr\u00e9cises.\" \/>\n<meta name=\"robots\" content=\"index, follow, max-snippet:-1, max-image-preview:large, max-video-preview:-1\" \/>\n<link rel=\"canonical\" href=\"https:\/\/hand2noteguide.com\/guide\/rebuild-stats\/\" \/>\n<meta property=\"og:locale\" content=\"fr_FR\" \/>\n<meta property=\"og:type\" content=\"article\" \/>\n<meta property=\"og:title\" content=\"Comment reconstruire les stats dans Hand2Note : Un guide rapide\" \/>\n<meta property=\"og:description\" content=\"D\u00e9couvrez comment reconstruire efficacement les stats dans Hand2Note. Suivez notre guide \u00e9tape par \u00e9tape pour optimiser les performances et garantir des statistiques de poker pr\u00e9cises.\" \/>\n<meta property=\"og:url\" content=\"https:\/\/hand2noteguide.com\/guide\/rebuild-stats\/\" \/>\n<meta property=\"og:site_name\" content=\"Hand2Note Guide\" \/>\n<meta property=\"article:modified_time\" content=\"2025-06-04T14:46:16+00:00\" \/>\n<meta property=\"og:image\" content=\"https:\/\/hand2noteguide.com\/wp-content\/uploads\/2018\/08\/hand2note-d0bfd0b5d180d0b5d181d182d180d0bed0b8d182d18c-d181d182d0b0d182d0b8d181d182d0b8d0bad183.png\" \/>\n<meta name=\"twitter:card\" content=\"summary_large_image\" \/>\n<meta name=\"twitter:label1\" content=\"Est. reading time\" \/>\n\t<meta name=\"twitter:data1\" content=\"7 minutes\" \/>\n<!-- \/ Yoast SEO plugin. -->","yoast_head_json":{"title":"Comment reconstruire les stats dans Hand2Note : Un guide rapide","description":"D\u00e9couvrez comment reconstruire efficacement les stats dans Hand2Note. Suivez notre guide \u00e9tape par \u00e9tape pour optimiser les performances et garantir des statistiques de poker pr\u00e9cises.","robots":{"index":"index","follow":"follow","max-snippet":"max-snippet:-1","max-image-preview":"max-image-preview:large","max-video-preview":"max-video-preview:-1"},"canonical":"https:\/\/hand2noteguide.com\/guide\/rebuild-stats\/","og_locale":"fr_FR","og_type":"article","og_title":"Comment reconstruire les stats dans Hand2Note : Un guide rapide","og_description":"D\u00e9couvrez comment reconstruire efficacement les stats dans Hand2Note. Suivez notre guide \u00e9tape par \u00e9tape pour optimiser les performances et garantir des statistiques de poker pr\u00e9cises.","og_url":"https:\/\/hand2noteguide.com\/guide\/rebuild-stats\/","og_site_name":"Hand2Note Guide","article_modified_time":"2025-06-04T14:46:16+00:00","og_image":[{"url":"https:\/\/hand2noteguide.com\/wp-content\/uploads\/2018\/08\/hand2note-d0bfd0b5d180d0b5d181d182d180d0bed0b8d182d18c-d181d182d0b0d182d0b8d181d182d0b8d0bad183.png","type":"","width":"","height":""}],"twitter_card":"summary_large_image","twitter_misc":{"Est. reading time":"7 minutes"},"schema":{"@context":"https:\/\/schema.org","@graph":[]}},"jetpack_sharing_enabled":false,"_links":{"self":[{"href":"https:\/\/hand2noteguide.com\/fr\/wp-json\/wp\/v2\/pages\/876","targetHints":{"allow":["GET"]}}],"collection":[{"href":"https:\/\/hand2noteguide.com\/fr\/wp-json\/wp\/v2\/pages"}],"about":[{"href":"https:\/\/hand2noteguide.com\/fr\/wp-json\/wp\/v2\/types\/page"}],"author":[{"embeddable":true,"href":"https:\/\/hand2noteguide.com\/fr\/wp-json\/wp\/v2\/users\/1"}],"replies":[{"embeddable":true,"href":"https:\/\/hand2noteguide.com\/fr\/wp-json\/wp\/v2\/comments?post=876"}],"version-history":[{"count":12,"href":"https:\/\/hand2noteguide.com\/fr\/wp-json\/wp\/v2\/pages\/876\/revisions"}],"predecessor-version":[{"id":13515,"href":"https:\/\/hand2noteguide.com\/fr\/wp-json\/wp\/v2\/pages\/876\/revisions\/13515"}],"up":[{"embeddable":true,"href":"https:\/\/hand2noteguide.com\/fr\/wp-json\/wp\/v2\/pages\/74"}],"wp:attachment":[{"href":"https:\/\/hand2noteguide.com\/fr\/wp-json\/wp\/v2\/media?parent=876"}],"curies":[{"name":"wp","href":"https:\/\/api.w.org\/{rel}","templated":true}]}}