{"id":8774,"date":"2024-11-09T21:02:21","date_gmt":"2024-11-09T18:02:21","guid":{"rendered":"https:\/\/hand2noteguide.com\/?page_id=8774"},"modified":"2026-02-21T10:44:54","modified_gmt":"2026-02-21T07:44:54","slug":"winamaxcaption","status":"publish","type":"page","link":"https:\/\/hand2noteguide.com\/fr\/winamaxcaption\/","title":{"rendered":"WinamaxCaption \ud83d\udca5 Votre Meilleur Assistant sur Winamax"},"content":{"rendered":"\n<p style=\"margin-top:8px\"><span class=\"product-price\">30 $<\/span> <span class=\"product-price-desc\">(licence d&#8217;un an)<\/span><\/p>\n\n\n<p><a class=\"btn btn-primary h2n-crypto-open-checkout\" href=\"https:\/\/hand2noteguide.com\/fr\/?h2n_crypto_checkout=1&#038;cfg=eyJwcm9kdWN0X2lkIjo0LCJwcm9kdWN0X3ByaWNlIjoiMzAiLCJkb3dubG9hZF9saW5rIjoiaHR0cHM6XC9cL3Bva2VyY2FwdGlvbi5jb21cL2Rvd25sb2Fkcy5odG1sIiwidmVuZG9yX2VtYWlsIjoicG9rZXJjYXB0aW9uQGdtYWlsLmNvbSIsImxpY2Vuc2VfaWRfcmVxdWlyZWQiOnRydWUsIm5ldHdvcmsiOiJ1c2R0X3RyYzIwIiwiY3VycmVuY3kiOiJVU0RUIiwiYmFzZV9hbW91bnQiOiIzMC4wMDAwMDAiLCJidXR0b25fdGV4dCI6IkFjaGV0ZXIiLCJ0aXRsZSI6IiIsImRlc2NyaXB0aW9uIjoiIiwic3VjY2Vzc19tb2RlIjoibWFudWFsX2Z1bGZpbGxtZW50IiwicmVxdWlyZV9lbWFpbCI6dHJ1ZSwidHRsX21pbnV0ZXMiOjYwLCJ3YWxsZXQiOiJUTUp3UjNHZTV5TEpvQ0o4ckZ0Y2lRa1JjaDVqRFJMbnUzIn0%3D&#038;sig=16e2f6161527180d73cf024858813f1a6f1315514f079583cb6398ed39909531\" target=\"_blank\" rel=\"noopener noreferrer\">Acheter<\/a><\/p>\n\n\n\n<p>WinamaxCaption est un outil qui am\u00e9liore le jeu sur Winamax Poker. Il est enti\u00e8rement approuv\u00e9 par Winamax et am\u00e9liore l&#8217;efficacit\u00e9 de vos sessions avec des raccourcis personnalisables, un HUD d\u00e9taill\u00e9, l&#8217;activation automatique des tables, et plus encore. Les fonctionnalit\u00e9s incluent :<\/p>\n\n\n\n<ul class=\"wp-block-list\">\n<li>Personnalisation des tailles de mise et des raccourcis.<\/li>\n\n\n\n<li>HUD avec cotes de call\/push, taille du pot, et plus encore.<\/li>\n\n\n\n<li>Surlignage des tables par action ou crit\u00e8re.<\/li>\n\n\n\n<li>Activation automatique des tables.<\/li>\n\n\n\n<li>Mode efficace pour les ordinateurs lents.<\/li>\n\n\n\n<li>Et d&#8217;autres fonctionnalit\u00e9s !<\/li>\n<\/ul>\n\n\n\n<p>Parfait pour un multi-tabling plus fluide et rapide.<\/p>\n\n\n\n<figure class=\"wp-block-gallery has-nested-images columns-default is-cropped wp-block-gallery-1 is-layout-flex wp-block-gallery-is-layout-flex\">\n<figure class=\"wp-block-image size-large\"><img loading=\"lazy\" decoding=\"async\" width=\"985\" height=\"695\" data-id=\"8777\" src=\"https:\/\/hand2noteguide.com\/wp-content\/uploads\/2024\/11\/1-min.jpg\" alt=\"\" class=\"wp-image-8777\" srcset=\"https:\/\/hand2noteguide.com\/wp-content\/uploads\/2024\/11\/1-min.jpg 985w, https:\/\/hand2noteguide.com\/wp-content\/uploads\/2024\/11\/1-min-300x212.jpg 300w, https:\/\/hand2noteguide.com\/wp-content\/uploads\/2024\/11\/1-min-768x542.jpg 768w, https:\/\/hand2noteguide.com\/wp-content\/uploads\/2024\/11\/1-min-772x545.jpg 772w, https:\/\/hand2noteguide.com\/wp-content\/uploads\/2024\/11\/1-min-624x440.jpg 624w\" sizes=\"auto, (max-width: 985px) 100vw, 985px\" \/><\/figure>\n\n\n\n<figure class=\"wp-block-image size-large\"><img loading=\"lazy\" decoding=\"async\" width=\"985\" height=\"696\" data-id=\"8779\" src=\"https:\/\/hand2noteguide.com\/wp-content\/uploads\/2024\/11\/2-min.jpg\" alt=\"\" class=\"wp-image-8779\" srcset=\"https:\/\/hand2noteguide.com\/wp-content\/uploads\/2024\/11\/2-min.jpg 985w, https:\/\/hand2noteguide.com\/wp-content\/uploads\/2024\/11\/2-min-300x212.jpg 300w, https:\/\/hand2noteguide.com\/wp-content\/uploads\/2024\/11\/2-min-768x543.jpg 768w, https:\/\/hand2noteguide.com\/wp-content\/uploads\/2024\/11\/2-min-772x545.jpg 772w, https:\/\/hand2noteguide.com\/wp-content\/uploads\/2024\/11\/2-min-624x441.jpg 624w\" sizes=\"auto, (max-width: 985px) 100vw, 985px\" \/><\/figure>\n\n\n\n<figure class=\"wp-block-image size-large\"><img loading=\"lazy\" decoding=\"async\" width=\"985\" height=\"695\" data-id=\"8775\" src=\"https:\/\/hand2noteguide.com\/wp-content\/uploads\/2024\/11\/3-min.jpg\" alt=\"\" class=\"wp-image-8775\" srcset=\"https:\/\/hand2noteguide.com\/wp-content\/uploads\/2024\/11\/3-min.jpg 985w, https:\/\/hand2noteguide.com\/wp-content\/uploads\/2024\/11\/3-min-300x212.jpg 300w, https:\/\/hand2noteguide.com\/wp-content\/uploads\/2024\/11\/3-min-768x542.jpg 768w, https:\/\/hand2noteguide.com\/wp-content\/uploads\/2024\/11\/3-min-772x545.jpg 772w, https:\/\/hand2noteguide.com\/wp-content\/uploads\/2024\/11\/3-min-624x440.jpg 624w\" sizes=\"auto, (max-width: 985px) 100vw, 985px\" \/><\/figure>\n\n\n\n<figure class=\"wp-block-image size-large\"><img loading=\"lazy\" decoding=\"async\" width=\"985\" height=\"696\" data-id=\"8780\" src=\"https:\/\/hand2noteguide.com\/wp-content\/uploads\/2024\/11\/4-min.jpg\" alt=\"\" class=\"wp-image-8780\" srcset=\"https:\/\/hand2noteguide.com\/wp-content\/uploads\/2024\/11\/4-min.jpg 985w, https:\/\/hand2noteguide.com\/wp-content\/uploads\/2024\/11\/4-min-300x212.jpg 300w, https:\/\/hand2noteguide.com\/wp-content\/uploads\/2024\/11\/4-min-768x543.jpg 768w, https:\/\/hand2noteguide.com\/wp-content\/uploads\/2024\/11\/4-min-772x545.jpg 772w, https:\/\/hand2noteguide.com\/wp-content\/uploads\/2024\/11\/4-min-624x441.jpg 624w\" sizes=\"auto, (max-width: 985px) 100vw, 985px\" \/><\/figure>\n\n\n\n<figure class=\"wp-block-image size-large\"><img loading=\"lazy\" decoding=\"async\" width=\"986\" height=\"694\" data-id=\"8778\" src=\"https:\/\/hand2noteguide.com\/wp-content\/uploads\/2024\/11\/5-min.jpg\" alt=\"\" class=\"wp-image-8778\" srcset=\"https:\/\/hand2noteguide.com\/wp-content\/uploads\/2024\/11\/5-min.jpg 986w, https:\/\/hand2noteguide.com\/wp-content\/uploads\/2024\/11\/5-min-300x211.jpg 300w, https:\/\/hand2noteguide.com\/wp-content\/uploads\/2024\/11\/5-min-768x541.jpg 768w, https:\/\/hand2noteguide.com\/wp-content\/uploads\/2024\/11\/5-min-772x543.jpg 772w, https:\/\/hand2noteguide.com\/wp-content\/uploads\/2024\/11\/5-min-624x439.jpg 624w\" sizes=\"auto, (max-width: 986px) 100vw, 986px\" \/><\/figure>\n\n\n\n<figure class=\"wp-block-image size-large\"><img loading=\"lazy\" decoding=\"async\" width=\"986\" height=\"697\" data-id=\"8776\" src=\"https:\/\/hand2noteguide.com\/wp-content\/uploads\/2024\/11\/6-min.jpg\" alt=\"\" class=\"wp-image-8776\" srcset=\"https:\/\/hand2noteguide.com\/wp-content\/uploads\/2024\/11\/6-min.jpg 986w, https:\/\/hand2noteguide.com\/wp-content\/uploads\/2024\/11\/6-min-300x212.jpg 300w, https:\/\/hand2noteguide.com\/wp-content\/uploads\/2024\/11\/6-min-768x543.jpg 768w, https:\/\/hand2noteguide.com\/wp-content\/uploads\/2024\/11\/6-min-772x546.jpg 772w, https:\/\/hand2noteguide.com\/wp-content\/uploads\/2024\/11\/6-min-624x441.jpg 624w\" sizes=\"auto, (max-width: 986px) 100vw, 986px\" \/><\/figure>\n<\/figure>\n\n\n\n<h2 class=\"wp-block-heading\">Quelles sont les fonctionnalit\u00e9s de Winamax Caption ?<\/h2>\n\n\n\n<h3 class=\"wp-block-heading\">1. <strong>Raccourcis<\/strong><\/h3>\n\n\n\n<ul class=\"wp-block-list\">\n<li>Raccourcis personnalisables pour les actions : check\/fold, call, bet\/raise, sit out next big blind, fermer la table, replayer, et plus encore.<\/li>\n\n\n\n<li>Raccourcis de mise avec formules personnalis\u00e9es.<\/li>\n\n\n\n<li>Attribuer des raccourcis pour cliquer sur des points sp\u00e9cifiques de la table.<\/li>\n<\/ul>\n\n\n\n<h3 class=\"wp-block-heading\">2. <strong>Betscript<\/strong><\/h3>\n\n\n\n<ul class=\"wp-block-list\">\n<li>D\u00e9finir les tailles de mise\/raise pour diverses situations (par exemple, preflop, postflop).<\/li>\n\n\n\n<li>Entr\u00e9e automatique des montants de mise pr\u00e9d\u00e9finis dans la bo\u00eete de mise lorsque c&#8217;est au tour du h\u00e9ros.<\/li>\n\n\n\n<li>Boutons \u00e0 l&#8217;\u00e9cran personnalisables avec support de formules.<\/li>\n<\/ul>\n\n\n\n<h3 class=\"wp-block-heading\">3. <strong>HUD Personnalisable<\/strong><\/h3>\n\n\n\n<ul class=\"wp-block-list\">\n<li>Afficher des informations compl\u00e8tes : mise, niveau des blinds, cotes de call, cotes de push, SPR (Stack-to-Pot Ratio), equity de bluff, taille du pot, et le stack du h\u00e9ros pour la prochaine street.<\/li>\n\n\n\n<li>Affiche des valeurs comme la taille du pot et le montant de la bo\u00eete de mise en pourcentage du pot.<\/li>\n\n\n\n<li>Les valeurs num\u00e9riques dans le HUD peuvent changer de couleur en fonction des seuils que vous d\u00e9finissez.<\/li>\n\n\n\n<li>\u00c9tiquettes de position personnalisables pour diff\u00e9rentes tailles de table.<\/li>\n\n\n\n<li>Support pour la cr\u00e9ation de plusieurs boutons de mise personnalis\u00e9s avec formules.<\/li>\n<\/ul>\n\n\n\n<h3 class=\"wp-block-heading\">4. <strong>Surlignage des Tables<\/strong><\/h3>\n\n\n\n<ul class=\"wp-block-list\">\n<li>Surligner les tables selon diff\u00e9rents crit\u00e8res :\n<ul class=\"wp-block-list\">\n<li>Table sous le curseur de la souris.<\/li>\n\n\n\n<li>Table o\u00f9 c&#8217;est au tour du h\u00e9ros.<\/li>\n\n\n\n<li>Niveau des blinds, taille du pot, taille du stack, statut d&#8217;achat, et statut ITM (In the Money).<\/li>\n<\/ul>\n<\/li>\n\n\n\n<li>Surlignage par cadre et\/ou remplissage pour rendre les tables actives plus visibles.<\/li>\n<\/ul>\n\n\n\n<h3 class=\"wp-block-heading\">5. <strong>Personnalisation de la Molette de la Souris<\/strong><\/h3>\n\n\n\n<ul class=\"wp-block-list\">\n<li>Configurer la molette de la souris pour ajuster les tailles de mise (en big blinds ou en dollars).<\/li>\n\n\n\n<li>Direction de la molette configurable pour un r\u00e9glage fin.<\/li>\n<\/ul>\n\n\n\n<h3 class=\"wp-block-heading\">6. <strong>Gestion des Emplacements du Lobby et des Tables<\/strong><\/h3>\n\n\n\n<ul class=\"wp-block-list\">\n<li>Emplacements d\u00e9sign\u00e9s pour le lobby, les nouvelles tables, et le replayer.<\/li>\n\n\n\n<li>Possibilit\u00e9 d&#8217;organiser les tables pour une navigation et une concentration plus faciles.<\/li>\n<\/ul>\n\n\n\n<h3 class=\"wp-block-heading\">7. <strong>Activation Automatique des Tables<\/strong><\/h3>\n\n\n\n<ul class=\"wp-block-list\">\n<li>Activer automatiquement les tables lorsque c&#8217;est au tour du h\u00e9ros d&#8217;agir.<\/li>\n\n\n\n<li>Param\u00e8tres d&#8217;activation incluent :\n<ul class=\"wp-block-list\">\n<li>Par temps \u00e9coul\u00e9 depuis la r\u00e9ception de l&#8217;action.<\/li>\n\n\n\n<li>Par temps restant pour l&#8217;action.<\/li>\n<\/ul>\n<\/li>\n\n\n\n<li>Option de d\u00e9placer automatiquement la souris vers la table active.<\/li>\n\n\n\n<li>Possibilit\u00e9 de d\u00e9sactiver l&#8217;activation automatique si le lobby principal est focalis\u00e9.<\/li>\n\n\n\n<li>Option pour l&#8217;activation automatique sans perdre le focus sur l&#8217;\u00e9cran actuel.<\/li>\n<\/ul>\n\n\n\n<h3 class=\"wp-block-heading\">8. <strong>Support du Playground (Mode Stack)<\/strong><\/h3>\n\n\n\n<ul class=\"wp-block-list\">\n<li>Fonctionne pleinement en mode stack du Playground pour un multi-tabling plus efficace sur les ordinateurs plus lents.<\/li>\n\n\n\n<li>R\u00e9duit l&#8217;utilisation des ressources par le client Winamax lors de jeux \u00e0 haut volume.<\/li>\n<\/ul>\n","protected":false},"excerpt":{"rendered":"<p>30 $ (licence d&#8217;un an) WinamaxCaption est un outil qui am\u00e9liore le jeu sur Winamax Poker. Il est enti\u00e8rement approuv\u00e9 par Winamax et am\u00e9liore l&#8217;efficacit\u00e9 de vos sessions avec des raccourcis personnalisables, un HUD d\u00e9taill\u00e9, l&#8217;activation automatique des tables, et plus encore. Les fonctionnalit\u00e9s incluent : Parfait pour un multi-tabling plus fluide et rapide. Quelles &hellip; <a href=\"https:\/\/hand2noteguide.com\/fr\/winamaxcaption\/\" class=\"more-link\">Continue reading <span class=\"screen-reader-text\">WinamaxCaption \ud83d\udca5 Votre Meilleur Assistant sur Winamax<\/span><\/a><\/p>\n","protected":false},"author":1,"featured_media":0,"parent":0,"menu_order":0,"comment_status":"closed","ping_status":"closed","template":"page-templates\/full-width-page.php","meta":{"footnotes":""},"class_list":["post-8774","page","type-page","status-publish","hentry"],"translation":{"provider":"WPGlobus","version":"3.0.2","language":"fr","enabled_languages":["en","ru","pt","zh","es","fr","de","it","ja"],"languages":{"en":{"title":true,"content":true,"excerpt":false},"ru":{"title":true,"content":true,"excerpt":false},"pt":{"title":true,"content":true,"excerpt":false},"zh":{"title":true,"content":true,"excerpt":false},"es":{"title":true,"content":true,"excerpt":false},"fr":{"title":true,"content":true,"excerpt":false},"de":{"title":true,"content":true,"excerpt":false},"it":{"title":true,"content":true,"excerpt":false},"ja":{"title":true,"content":true,"excerpt":false}}},"yoast_head":"<!-- This site is optimized with the Yoast SEO plugin v27.0 - https:\/\/yoast.com\/product\/yoast-seo-wordpress\/ -->\n<title>WinamaxCaption \ud83d\udca5 Votre Meilleur Assistant sur Winamax<\/title>\n<meta name=\"description\" content=\"WinamaxCaption am\u00e9liore le client Winamax Poker avec des raccourcis, un HUD, un changement automatique de table, et plus encore. Outil approuv\u00e9 pour un multi-tabling plus rapide et plus facile.\" \/>\n<meta name=\"robots\" content=\"index, follow, max-snippet:-1, max-image-preview:large, max-video-preview:-1\" \/>\n<link rel=\"canonical\" href=\"https:\/\/hand2noteguide.com\/ru\/winamaxcaption\/\" \/>\n<meta property=\"og:locale\" content=\"fr_FR\" \/>\n<meta property=\"og:type\" content=\"article\" \/>\n<meta property=\"og:title\" content=\"WinamaxCaption \ud83d\udca5 Votre Meilleur Assistant sur Winamax\" \/>\n<meta property=\"og:description\" content=\"WinamaxCaption am\u00e9liore le client Winamax Poker avec des raccourcis, un HUD, un changement automatique de table, et plus encore. Outil approuv\u00e9 pour un multi-tabling plus rapide et plus facile.\" \/>\n<meta property=\"og:url\" content=\"https:\/\/hand2noteguide.com\/ru\/winamaxcaption\/\" \/>\n<meta property=\"og:site_name\" content=\"Hand2Note Guide\" \/>\n<meta property=\"article:modified_time\" content=\"2026-02-21T07:44:54+00:00\" \/>\n<meta property=\"og:image\" content=\"https:\/\/hand2noteguide.com\/wp-content\/uploads\/2024\/11\/1-min.jpg\" \/>\n<meta name=\"twitter:card\" content=\"summary_large_image\" \/>\n<meta name=\"twitter:label1\" content=\"Est. reading time\" \/>\n\t<meta name=\"twitter:data1\" content=\"4 minutes\" \/>\n<!-- \/ Yoast SEO plugin. -->","yoast_head_json":{"title":"WinamaxCaption \ud83d\udca5 Votre Meilleur Assistant sur Winamax","description":"WinamaxCaption am\u00e9liore le client Winamax Poker avec des raccourcis, un HUD, un changement automatique de table, et plus encore. Outil approuv\u00e9 pour un multi-tabling plus rapide et plus facile.","robots":{"index":"index","follow":"follow","max-snippet":"max-snippet:-1","max-image-preview":"max-image-preview:large","max-video-preview":"max-video-preview:-1"},"canonical":"https:\/\/hand2noteguide.com\/ru\/winamaxcaption\/","og_locale":"fr_FR","og_type":"article","og_title":"WinamaxCaption \ud83d\udca5 Votre Meilleur Assistant sur Winamax","og_description":"WinamaxCaption am\u00e9liore le client Winamax Poker avec des raccourcis, un HUD, un changement automatique de table, et plus encore. Outil approuv\u00e9 pour un multi-tabling plus rapide et plus facile.","og_url":"https:\/\/hand2noteguide.com\/ru\/winamaxcaption\/","og_site_name":"Hand2Note Guide","article_modified_time":"2026-02-21T07:44:54+00:00","og_image":[{"url":"https:\/\/hand2noteguide.com\/wp-content\/uploads\/2024\/11\/1-min.jpg","type":"","width":"","height":""}],"twitter_card":"summary_large_image","twitter_misc":{"Est. reading time":"4 minutes"},"schema":{"@context":"https:\/\/schema.org","@graph":[]}},"jetpack_sharing_enabled":true,"_links":{"self":[{"href":"https:\/\/hand2noteguide.com\/fr\/wp-json\/wp\/v2\/pages\/8774","targetHints":{"allow":["GET"]}}],"collection":[{"href":"https:\/\/hand2noteguide.com\/fr\/wp-json\/wp\/v2\/pages"}],"about":[{"href":"https:\/\/hand2noteguide.com\/fr\/wp-json\/wp\/v2\/types\/page"}],"author":[{"embeddable":true,"href":"https:\/\/hand2noteguide.com\/fr\/wp-json\/wp\/v2\/users\/1"}],"replies":[{"embeddable":true,"href":"https:\/\/hand2noteguide.com\/fr\/wp-json\/wp\/v2\/comments?post=8774"}],"version-history":[{"count":14,"href":"https:\/\/hand2noteguide.com\/fr\/wp-json\/wp\/v2\/pages\/8774\/revisions"}],"predecessor-version":[{"id":15168,"href":"https:\/\/hand2noteguide.com\/fr\/wp-json\/wp\/v2\/pages\/8774\/revisions\/15168"}],"wp:attachment":[{"href":"https:\/\/hand2noteguide.com\/fr\/wp-json\/wp\/v2\/media?parent=8774"}],"curies":[{"name":"wp","href":"https:\/\/api.w.org\/{rel}","templated":true}]}}