{"id":9238,"date":"2025-03-15T01:15:37","date_gmt":"2025-03-14T22:15:37","guid":{"rendered":"https:\/\/hand2noteguide.com\/?page_id=9238"},"modified":"2026-03-10T11:10:12","modified_gmt":"2026-03-10T08:10:12","slug":"creating-and-using-aliases-in-hand2note","status":"publish","type":"page","link":"https:\/\/hand2noteguide.com\/fr\/user-manual\/creating-and-using-aliases-in-hand2note\/","title":{"rendered":"Cr\u00e9er et utiliser des alias dans Hand2Note"},"content":{"rendered":"\n<p>Les alias vous permettent de combiner les mains jou\u00e9es \u00e0 partir de plusieurs comptes (pseudonymes\/ID) ensemble, offrant une visualisation de tous leurs r\u00e9sultats, sessions et statistiques dans un format de joueur unique.<\/p>\n\n\n\n<p>Cette fonctionnalit\u00e9 est utile lorsque :<\/p>\n\n\n\n<ul class=\"wp-block-list\">\n<li>vous jouez dans plusieurs salles et\/ou \u00e0 partir de plusieurs comptes (pseudonymes\/ID), et vous souhaitez voir toutes vos donn\u00e9es comme une seule ;<\/li>\n\n\n\n<li>vous connaissez de mani\u00e8re fiable votre adversaire, ainsi que plusieurs de ses comptes (pseudonymes\/ID) sur diff\u00e9rents sites, et vous souhaitez voir toutes ses statistiques dans leur ensemble ;<\/li>\n\n\n\n<li>vous \u00eates un coach ou une fondation active, et vous souhaitez voir les r\u00e9sultats de vos \u00e9tudiants ou joueurs &#8211; comme un seul, pour identifier les fuites ou tendances communes.<\/li>\n<\/ul>\n\n\n\n<h2 class=\"wp-block-heading\">Cr\u00e9er un alias<\/h2>\n\n\n\n<p><em>La r\u00e8gle principale : avant de cr\u00e9er un alias, au moins une main du compte (pseudonyme\/ID) \u00e0 ajouter \u00e0 l&#8217;alias doit avoir \u00e9t\u00e9 jou\u00e9e avec Hand2Note activ\u00e9, et elle doit y \u00eatre affich\u00e9e. Sinon, lors de l&#8217;ajout d&#8217;un compte (pseudonyme\/ID) \u00e0 l&#8217;alias, vous ne le trouverez tout simplement pas dans la liste propos\u00e9e des comptes (pseudonymes\/ID).<\/em><\/p>\n\n\n\n<p>1) Apr\u00e8s avoir ex\u00e9cut\u00e9 la &#8220;R\u00e8gle principale&#8221;, dans le coin inf\u00e9rieur gauche de la fen\u00eatre Hand2Note, trouvez la clause &#8220;Configuration&#8221; et cliquez dessus (1). Dans le menu des param\u00e8tres ouvert, s\u00e9lectionnez l&#8217;onglet &#8220;Aliases&#8221; (2) et cliquez sur &#8220;+ Add Alias&#8221; (3) :<\/p>\n\n\n\n<figure class=\"wp-block-image size-large\"><img loading=\"lazy\" decoding=\"async\" width=\"1024\" height=\"549\" src=\"http:\/\/hand2noteguide.com\/wp-content\/uploads\/2025\/04\/alias-1-1024x549.jpg\" alt=\"\" class=\"wp-image-10120\" srcset=\"https:\/\/hand2noteguide.com\/wp-content\/uploads\/2025\/04\/alias-1-1024x549.jpg 1024w, https:\/\/hand2noteguide.com\/wp-content\/uploads\/2025\/04\/alias-1-300x161.jpg 300w, https:\/\/hand2noteguide.com\/wp-content\/uploads\/2025\/04\/alias-1-768x412.jpg 768w, https:\/\/hand2noteguide.com\/wp-content\/uploads\/2025\/04\/alias-1-1536x824.jpg 1536w, https:\/\/hand2noteguide.com\/wp-content\/uploads\/2025\/04\/alias-1-772x414.jpg 772w, https:\/\/hand2noteguide.com\/wp-content\/uploads\/2025\/04\/alias-1-624x335.jpg 624w, https:\/\/hand2noteguide.com\/wp-content\/uploads\/2025\/04\/alias-1.jpg 1600w\" sizes=\"auto, (max-width: 1024px) 100vw, 1024px\" \/><\/figure>\n\n\n\n<p>2) Dans le menu &#8220;Add Alias&#8221; ouvert, dans le champ intitul\u00e9 &#8220;new alias&#8221; entrez un nom pour celui-ci (sans utiliser de symboles sp\u00e9ciaux) (1), puis activez la clause &#8220;is Single Person&#8221; (optionnel) en cliquant sur la case \u00e0 cocher \u00e0 c\u00f4t\u00e9 (2). Dans le champ &#8220;Search Player&#8221; (3), entrez le pseudonyme ou l&#8217;ID que vous souhaitez ajouter \u00e0 l&#8217;Alias, et d\u00e8s qu&#8217;il appara\u00eet dans le menu ci-dessous, cliquez sur le &#8220;+&#8221; en face de celui-ci. (4). R\u00e9p\u00e9tez les \u00e9tapes (3) et (4) avec chacun des pseudonymes ou ID requis \u00e0 ajouter \u00e0 l&#8217;alias. Apr\u00e8s cela, assurez-vous que tous les pseudonymes ou ID requis sont pr\u00e9sents dans le menu (5), et si tout est pr\u00eat, cliquez sur &#8220;OK&#8221; en bas \u00e0 droite de la fen\u00eatre (6).<\/p>\n\n\n\n<figure class=\"wp-block-image size-full\"><img loading=\"lazy\" decoding=\"async\" width=\"808\" height=\"826\" src=\"http:\/\/hand2noteguide.com\/wp-content\/uploads\/2025\/04\/alias-2.jpg\" alt=\"\" class=\"wp-image-10121\" srcset=\"https:\/\/hand2noteguide.com\/wp-content\/uploads\/2025\/04\/alias-2.jpg 808w, https:\/\/hand2noteguide.com\/wp-content\/uploads\/2025\/04\/alias-2-293x300.jpg 293w, https:\/\/hand2noteguide.com\/wp-content\/uploads\/2025\/04\/alias-2-768x785.jpg 768w, https:\/\/hand2noteguide.com\/wp-content\/uploads\/2025\/04\/alias-2-772x789.jpg 772w, https:\/\/hand2noteguide.com\/wp-content\/uploads\/2025\/04\/alias-2-610x624.jpg 610w\" sizes=\"auto, (max-width: 808px) 100vw, 808px\" \/><\/figure>\n\n\n\n<h3 class=\"wp-block-heading\">M\u00e9thode avanc\u00e9e : cr\u00e9er des alias de joueurs avec des statistiques sp\u00e9cifiques<\/h3>\n\n\n\n<p>En utilisant la fonctionnalit\u00e9 <a href=\"https:\/\/hand2noteguide.com\/fr\/user-manual\/the-multiple-players-tool-in-hand2note-range-research\/\">Multiple Player Reports<\/a> de Hand2Note, vous pouvez rapidement cr\u00e9er un alias de joueurs qui correspondent \u00e0 des filtres sp\u00e9cifiques que vous d\u00e9finissez. Vous pouvez le faire pour analyser des groupes sp\u00e9cifiques d&#8217;adversaires et construire une strat\u00e9gie exploitante contre eux.<\/p>\n\n\n\n<h2 class=\"wp-block-heading\">Utiliser un alias<\/h2>\n\n\n\n<p>Pour voir les donn\u00e9es d&#8217;un alias termin\u00e9 dans l&#8217;onglet &#8220;<a href=\"https:\/\/hand2noteguide.com\/fr\/user-manual\/hand2note-report-menu\/\">Reports<\/a>&#8220;, cliquez sur l&#8217;ic\u00f4ne du joueur (1), puis dans la liste d\u00e9roulante, vous pouvez le trouver (2) ; en cliquant dessus, vous verrez le rapport dont vous avez besoin :<\/p>\n\n\n\n<figure class=\"wp-block-image size-large\"><img loading=\"lazy\" decoding=\"async\" width=\"1024\" height=\"551\" src=\"http:\/\/hand2noteguide.com\/wp-content\/uploads\/2025\/04\/alias-3-1024x551.jpg\" alt=\"\" class=\"wp-image-10122\" srcset=\"https:\/\/hand2noteguide.com\/wp-content\/uploads\/2025\/04\/alias-3-1024x551.jpg 1024w, https:\/\/hand2noteguide.com\/wp-content\/uploads\/2025\/04\/alias-3-300x161.jpg 300w, https:\/\/hand2noteguide.com\/wp-content\/uploads\/2025\/04\/alias-3-768x413.jpg 768w, https:\/\/hand2noteguide.com\/wp-content\/uploads\/2025\/04\/alias-3-1536x827.jpg 1536w, https:\/\/hand2noteguide.com\/wp-content\/uploads\/2025\/04\/alias-3-772x415.jpg 772w, https:\/\/hand2noteguide.com\/wp-content\/uploads\/2025\/04\/alias-3-624x336.jpg 624w, https:\/\/hand2noteguide.com\/wp-content\/uploads\/2025\/04\/alias-3.jpg 1600w\" sizes=\"auto, (max-width: 1024px) 100vw, 1024px\" \/><\/figure>\n\n\n\n<p>Pour voir les donn\u00e9es d&#8217;un alias pr\u00eat dans l&#8217;onglet &#8220;Statistics&#8221;, cliquez sur l&#8217;ic\u00f4ne du joueur (1), et dans la liste d\u00e9roulante (2) vous pouvez le trouver ; en cliquant dessus, vous verrez les statistiques dont vous avez besoin :<\/p>\n\n\n\n<figure class=\"wp-block-image size-large\"><img loading=\"lazy\" decoding=\"async\" width=\"1024\" height=\"564\" src=\"http:\/\/hand2noteguide.com\/wp-content\/uploads\/2025\/04\/alias-4-1024x564.jpg\" alt=\"\" class=\"wp-image-10123\" srcset=\"https:\/\/hand2noteguide.com\/wp-content\/uploads\/2025\/04\/alias-4-1024x564.jpg 1024w, https:\/\/hand2noteguide.com\/wp-content\/uploads\/2025\/04\/alias-4-300x165.jpg 300w, https:\/\/hand2noteguide.com\/wp-content\/uploads\/2025\/04\/alias-4-768x423.jpg 768w, https:\/\/hand2noteguide.com\/wp-content\/uploads\/2025\/04\/alias-4-1536x847.jpg 1536w, https:\/\/hand2noteguide.com\/wp-content\/uploads\/2025\/04\/alias-4-772x426.jpg 772w, https:\/\/hand2noteguide.com\/wp-content\/uploads\/2025\/04\/alias-4-624x344.jpg 624w, https:\/\/hand2noteguide.com\/wp-content\/uploads\/2025\/04\/alias-4.jpg 1600w\" sizes=\"auto, (max-width: 1024px) 100vw, 1024px\" \/><\/figure>\n\n\n\n<p>Pour voir les donn\u00e9es d&#8217;un alias pr\u00eat dans l&#8217;onglet &#8220;Sessions&#8221;, cliquez sur l&#8217;ic\u00f4ne du joueur (1), et dans la liste d\u00e9roulante (2) vous pouvez le trouver ; en cliquant dessus, vous verrez les sessions dont vous avez besoin :<\/p>\n\n\n\n<figure class=\"wp-block-image size-large\"><img loading=\"lazy\" decoding=\"async\" width=\"1024\" height=\"577\" src=\"http:\/\/hand2noteguide.com\/wp-content\/uploads\/2025\/04\/alias-5-1024x577.jpg\" alt=\"\" class=\"wp-image-10124\" srcset=\"https:\/\/hand2noteguide.com\/wp-content\/uploads\/2025\/04\/alias-5-1024x577.jpg 1024w, https:\/\/hand2noteguide.com\/wp-content\/uploads\/2025\/04\/alias-5-300x169.jpg 300w, https:\/\/hand2noteguide.com\/wp-content\/uploads\/2025\/04\/alias-5-768x433.jpg 768w, https:\/\/hand2noteguide.com\/wp-content\/uploads\/2025\/04\/alias-5-1536x866.jpg 1536w, https:\/\/hand2noteguide.com\/wp-content\/uploads\/2025\/04\/alias-5-772x435.jpg 772w, https:\/\/hand2noteguide.com\/wp-content\/uploads\/2025\/04\/alias-5-624x352.jpg 624w, https:\/\/hand2noteguide.com\/wp-content\/uploads\/2025\/04\/alias-5.jpg 1600w\" sizes=\"auto, (max-width: 1024px) 100vw, 1024px\" \/><\/figure>\n\n\n\n<h2 class=\"wp-block-heading\">Conclusion<\/h2>\n\n\n\n<p>Vous savez maintenant comment cr\u00e9er des alias et mener une analyse plus compl\u00e8te de vos propres r\u00e9sultats, ainsi que des r\u00e9sultats d&#8217;autres joueurs. Ce qui, avec la bonne approche, aura un impact positif sur votre $\/heure.<\/p>\n","protected":false},"excerpt":{"rendered":"<p>Les alias vous permettent de combiner les mains jou\u00e9es \u00e0 partir de plusieurs comptes (pseudonymes\/ID) ensemble, offrant une visualisation de tous leurs r\u00e9sultats, sessions et statistiques dans un format de joueur unique. Cette fonctionnalit\u00e9 est utile lorsque : Cr\u00e9er un alias La r\u00e8gle principale : avant de cr\u00e9er un alias, au moins une main du &hellip; <a href=\"https:\/\/hand2noteguide.com\/fr\/user-manual\/creating-and-using-aliases-in-hand2note\/\" class=\"more-link\">Continue reading <span class=\"screen-reader-text\">Cr\u00e9er et utiliser des alias dans Hand2Note<\/span><\/a><\/p>\n","protected":false},"author":3,"featured_media":10119,"parent":9199,"menu_order":0,"comment_status":"closed","ping_status":"closed","template":"","meta":{"footnotes":""},"class_list":["post-9238","page","type-page","status-publish","has-post-thumbnail","hentry"],"translation":{"provider":"WPGlobus","version":"3.0.2","language":"fr","enabled_languages":["en","ru","pt","zh","es","fr","de","it","ja"],"languages":{"en":{"title":true,"content":true,"excerpt":false},"ru":{"title":true,"content":true,"excerpt":false},"pt":{"title":true,"content":true,"excerpt":false},"zh":{"title":true,"content":true,"excerpt":false},"es":{"title":true,"content":true,"excerpt":false},"fr":{"title":true,"content":true,"excerpt":false},"de":{"title":true,"content":true,"excerpt":false},"it":{"title":true,"content":true,"excerpt":false},"ja":{"title":true,"content":true,"excerpt":false}}},"yoast_head":"<!-- This site is optimized with the Yoast SEO plugin v27.0 - https:\/\/yoast.com\/product\/yoast-seo-wordpress\/ -->\n<title>Cr\u00e9er et utiliser des alias dans Hand2Note<\/title>\n<meta name=\"description\" content=\"Apprenez \u00e0 cr\u00e9er et utiliser des alias dans Hand2Note pour fusionner les donn\u00e9es de plusieurs comptes afin d&#039;am\u00e9liorer l&#039;analyse de poker, le suivi des adversaires et les perspectives de coaching.\" \/>\n<meta name=\"robots\" content=\"index, follow, max-snippet:-1, max-image-preview:large, max-video-preview:-1\" \/>\n<link rel=\"canonical\" href=\"https:\/\/hand2noteguide.com\/user-manual\/creating-and-using-aliases-in-hand2note\/\" \/>\n<meta property=\"og:locale\" content=\"fr_FR\" \/>\n<meta property=\"og:type\" content=\"article\" \/>\n<meta property=\"og:title\" content=\"Cr\u00e9er et utiliser des alias dans Hand2Note\" \/>\n<meta property=\"og:description\" content=\"Apprenez \u00e0 cr\u00e9er et utiliser des alias dans Hand2Note pour fusionner les donn\u00e9es de plusieurs comptes afin d&#039;am\u00e9liorer l&#039;analyse de poker, le suivi des adversaires et les perspectives de coaching.\" \/>\n<meta property=\"og:url\" content=\"https:\/\/hand2noteguide.com\/user-manual\/creating-and-using-aliases-in-hand2note\/\" \/>\n<meta property=\"og:site_name\" content=\"Hand2Note Guide\" \/>\n<meta property=\"article:modified_time\" content=\"2026-03-10T08:10:12+00:00\" \/>\n<meta property=\"og:image\" content=\"https:\/\/hand2noteguide.com\/wp-content\/uploads\/2025\/04\/hand2note-alias.jpg\" \/>\n\t<meta property=\"og:image:width\" content=\"1600\" \/>\n\t<meta property=\"og:image:height\" content=\"933\" \/>\n\t<meta property=\"og:image:type\" content=\"image\/jpeg\" \/>\n<meta name=\"twitter:card\" content=\"summary_large_image\" \/>\n<meta name=\"twitter:label1\" content=\"Est. reading time\" \/>\n\t<meta name=\"twitter:data1\" content=\"17 minutes\" \/>\n<!-- \/ Yoast SEO plugin. -->","yoast_head_json":{"title":"Cr\u00e9er et utiliser des alias dans Hand2Note","description":"Apprenez \u00e0 cr\u00e9er et utiliser des alias dans Hand2Note pour fusionner les donn\u00e9es de plusieurs comptes afin d'am\u00e9liorer l'analyse de poker, le suivi des adversaires et les perspectives de coaching.","robots":{"index":"index","follow":"follow","max-snippet":"max-snippet:-1","max-image-preview":"max-image-preview:large","max-video-preview":"max-video-preview:-1"},"canonical":"https:\/\/hand2noteguide.com\/user-manual\/creating-and-using-aliases-in-hand2note\/","og_locale":"fr_FR","og_type":"article","og_title":"Cr\u00e9er et utiliser des alias dans Hand2Note","og_description":"Apprenez \u00e0 cr\u00e9er et utiliser des alias dans Hand2Note pour fusionner les donn\u00e9es de plusieurs comptes afin d'am\u00e9liorer l'analyse de poker, le suivi des adversaires et les perspectives de coaching.","og_url":"https:\/\/hand2noteguide.com\/user-manual\/creating-and-using-aliases-in-hand2note\/","og_site_name":"Hand2Note Guide","article_modified_time":"2026-03-10T08:10:12+00:00","og_image":[{"width":1600,"height":933,"url":"https:\/\/hand2noteguide.com\/wp-content\/uploads\/2025\/04\/hand2note-alias.jpg","type":"image\/jpeg"}],"twitter_card":"summary_large_image","twitter_misc":{"Est. reading time":"17 minutes"},"schema":{"@context":"https:\/\/schema.org","@graph":[]}},"jetpack_sharing_enabled":true,"_links":{"self":[{"href":"https:\/\/hand2noteguide.com\/fr\/wp-json\/wp\/v2\/pages\/9238","targetHints":{"allow":["GET"]}}],"collection":[{"href":"https:\/\/hand2noteguide.com\/fr\/wp-json\/wp\/v2\/pages"}],"about":[{"href":"https:\/\/hand2noteguide.com\/fr\/wp-json\/wp\/v2\/types\/page"}],"author":[{"embeddable":true,"href":"https:\/\/hand2noteguide.com\/fr\/wp-json\/wp\/v2\/users\/3"}],"replies":[{"embeddable":true,"href":"https:\/\/hand2noteguide.com\/fr\/wp-json\/wp\/v2\/comments?post=9238"}],"version-history":[{"count":21,"href":"https:\/\/hand2noteguide.com\/fr\/wp-json\/wp\/v2\/pages\/9238\/revisions"}],"predecessor-version":[{"id":15609,"href":"https:\/\/hand2noteguide.com\/fr\/wp-json\/wp\/v2\/pages\/9238\/revisions\/15609"}],"up":[{"embeddable":true,"href":"https:\/\/hand2noteguide.com\/fr\/wp-json\/wp\/v2\/pages\/9199"}],"wp:featuredmedia":[{"embeddable":true,"href":"https:\/\/hand2noteguide.com\/fr\/wp-json\/wp\/v2\/media\/10119"}],"wp:attachment":[{"href":"https:\/\/hand2noteguide.com\/fr\/wp-json\/wp\/v2\/media?parent=9238"}],"curies":[{"name":"wp","href":"https:\/\/api.w.org\/{rel}","templated":true}]}}