{"id":9242,"date":"2025-03-15T17:26:53","date_gmt":"2025-03-15T14:26:53","guid":{"rendered":"https:\/\/hand2noteguide.com\/?page_id=9242"},"modified":"2026-03-10T11:11:04","modified_gmt":"2026-03-10T08:11:04","slug":"export-import-aliases-in-hand2note","status":"publish","type":"page","link":"https:\/\/hand2noteguide.com\/fr\/user-manual\/export-import-aliases-in-hand2note\/","title":{"rendered":"Exportation\/Importation des alias dans Hand2Note"},"content":{"rendered":"\n<p>Hand2Note vous permet d&#8217;exporter et d&#8217;importer des <a href=\"https:\/\/hand2noteguide.com\/fr\/user-manual\/creating-and-using-aliases-in-hand2note\/\">alias<\/a> via des fichiers texte, ce qui simplifie grandement le processus de leur cr\u00e9ation ou de leur transfert d&#8217;un Hand2Note \u00e0 un autre.<\/p>\n\n\n\n<div class=\"wp-block-group is-vertical is-content-justification-left is-layout-flex wp-container-core-group-is-layout-c0ca7d81 wp-block-group-is-layout-flex\">\n<p>Ces fonctionnalit\u00e9s seront utiles :<\/p>\n\n\n\n<div class=\"wp-block-group\"><div class=\"wp-block-group__inner-container is-layout-constrained wp-block-group-is-layout-constrained\">\n<ul class=\"wp-block-list\">\n<li>pour les coachs ou les fonds qui analysent le jeu de leurs \u00e9tudiants en utilisant des alias, car les cr\u00e9er manuellement prend du temps. L&#8217;exportation et l&#8217;importation automatiseront partiellement ces \u00e9tapes ;<\/li>\n\n\n\n<li>pour les joueurs qui transf\u00e8rent leurs param\u00e8tres Hand2Note vers un nouvel appareil et souhaitent \u00e9galement effectuer un transfert d&#8217;alias.<\/li>\n<\/ul>\n<\/div><\/div>\n<\/div>\n\n\n\n<p>Les capacit\u00e9s d&#8217;exportation et d&#8217;importation sont difficiles \u00e0 appr\u00e9cier pleinement, car il ne s&#8217;agit pas seulement d&#8217;un processus d&#8217;automatisation de la cr\u00e9ation et de l&#8217;entr\u00e9e des alias, mais aussi de faciliter leur \u00e9dition, fusion, division et bien d&#8217;autres fonctionnalit\u00e9s qui sont beaucoup plus faciles \u00e0 r\u00e9aliser via des fichiers texte que manuellement dans l&#8217;environnement Hand2Note.<\/p>\n\n\n\n<h2 class=\"wp-block-heading\">Cr\u00e9er un fichier texte d&#8217;alias<\/h2>\n\n\n\n<div class=\"wp-block-group\"><div class=\"wp-block-group__inner-container is-layout-constrained wp-block-group-is-layout-constrained\">\n<p>1) Cr\u00e9ez un fichier texte vide sur votre bureau : cliquez avec le bouton droit de la souris (RMC) dans n&#8217;importe quel espace libre de votre bureau, et s\u00e9lectionnez \u201cNouveau &#8211; Document Texte\u201d :<\/p>\n\n\n\n<figure class=\"wp-block-image size-large\"><img loading=\"lazy\" decoding=\"async\" width=\"1024\" height=\"891\" src=\"http:\/\/hand2noteguide.com\/wp-content\/uploads\/2025\/04\/ex1-1024x891.jpg\" alt=\"\" class=\"wp-image-10130\" srcset=\"https:\/\/hand2noteguide.com\/wp-content\/uploads\/2025\/04\/ex1-1024x891.jpg 1024w, https:\/\/hand2noteguide.com\/wp-content\/uploads\/2025\/04\/ex1-300x261.jpg 300w, https:\/\/hand2noteguide.com\/wp-content\/uploads\/2025\/04\/ex1-768x668.jpg 768w, https:\/\/hand2noteguide.com\/wp-content\/uploads\/2025\/04\/ex1-772x672.jpg 772w, https:\/\/hand2noteguide.com\/wp-content\/uploads\/2025\/04\/ex1-624x543.jpg 624w, https:\/\/hand2noteguide.com\/wp-content\/uploads\/2025\/04\/ex1.jpg 1246w\" sizes=\"auto, (max-width: 1024px) 100vw, 1024px\" \/><\/figure>\n<\/div><\/div>\n\n\n\n<p><\/p>\n\n\n\n<p>2) Ensuite, d\u00e9finissez le nom du fichier texte (en anglais et sans caract\u00e8res sp\u00e9ciaux) et ouvrez-le ; ici vous cr\u00e9erez un alias de joueur en entrant les donn\u00e9es de chaque joueur \u00e0 partir d&#8217;une nouvelle ligne dans le format suivant :<\/p>\n\n\n\n<p>NOM DE L&#8217;ALIAS, PSEUDO DU JOUEUR, NOM DE LA SALLE DE POKER<\/p>\n\n\n\n<p><\/p>\n\n\n\n<p>Dans l&#8217;exemple de la capture d&#8217;\u00e9cran ci-dessous :<\/p>\n\n\n\n<ul class=\"wp-block-list\">\n<li>Le NOM DE L&#8217;ALIAS est \u201c1\u201d<\/li>\n\n\n\n<li>Le NOM DE LA SALLE DE POKER est \u201cPokerStars.\u201d <\/li>\n\n\n\n<li>la virgule (\u201c,\u201d) &#8211; agit comme un s\u00e9parateur obligatoire entre les donn\u00e9es saisies <\/li>\n\n\n\n<li>Le PSEUDO DU JOUEUR &#8211; sp\u00e9cifi\u00e9 entre le nom de l&#8217;alias et le nom de la salle de poker, s\u00e9par\u00e9 par des virgules<\/li>\n<\/ul>\n\n\n\n<figure class=\"wp-block-image size-large\"><img loading=\"lazy\" decoding=\"async\" width=\"1024\" height=\"852\" src=\"http:\/\/hand2noteguide.com\/wp-content\/uploads\/2025\/04\/ex2-1024x852.jpg\" alt=\"\" class=\"wp-image-10131\" srcset=\"https:\/\/hand2noteguide.com\/wp-content\/uploads\/2025\/04\/ex2-1024x852.jpg 1024w, https:\/\/hand2noteguide.com\/wp-content\/uploads\/2025\/04\/ex2-300x250.jpg 300w, https:\/\/hand2noteguide.com\/wp-content\/uploads\/2025\/04\/ex2-768x639.jpg 768w, https:\/\/hand2noteguide.com\/wp-content\/uploads\/2025\/04\/ex2-772x642.jpg 772w, https:\/\/hand2noteguide.com\/wp-content\/uploads\/2025\/04\/ex2-624x519.jpg 624w, https:\/\/hand2noteguide.com\/wp-content\/uploads\/2025\/04\/ex2.jpg 1078w\" sizes=\"auto, (max-width: 1024px) 100vw, 1024px\" \/><\/figure>\n\n\n\n<div class=\"wp-block-group\"><div class=\"wp-block-group__inner-container is-layout-constrained wp-block-group-is-layout-constrained\">\n<p>Une liste des noms de salles de poker les plus populaires pour la saisie :<\/p>\n\n\n\n<ul class=\"wp-block-list\">\n<li>PokerStars<\/li>\n\n\n\n<li>Pacific<\/li>\n\n\n\n<li>IPoker<\/li>\n\n\n\n<li>PokerBros<\/li>\n\n\n\n<li>PPPoker<\/li>\n\n\n\n<li>Xpoker<\/li>\n<\/ul>\n<\/div><\/div>\n\n\n\n<p><em>Si vous ne voyez pas votre salle souhait\u00e9e dans cette liste, veuillez demander \u00e0 l&#8217;assistance client\u00e8le de Hand2Note son nom correct, n&#8217;oubliez pas de pr\u00e9ciser que c&#8217;est n\u00e9cessaire pour cr\u00e9er un fichier texte d&#8217;alias.<\/em><\/p>\n\n\n\n<p><\/p>\n\n\n\n<p>3) Apr\u00e8s avoir entr\u00e9 toutes les donn\u00e9es &#8211; enregistrez le fichier texte dans un endroit pratique avec l&#8217;extension \u201cCSV\u201d (.csv). Cela peut \u00eatre fait en modifiant la fin du nom du fichier &#8211; apr\u00e8s le point de \u201c.txt\u201d \u00e0 \u201c.csv\u201d et en enregistrant ce changement.<\/p>\n\n\n\n<figure class=\"wp-block-image size-full\"><img loading=\"lazy\" decoding=\"async\" width=\"435\" height=\"105\" src=\"http:\/\/hand2noteguide.com\/wp-content\/uploads\/2025\/04\/ex3.jpg\" alt=\"\" class=\"wp-image-10132\" srcset=\"https:\/\/hand2noteguide.com\/wp-content\/uploads\/2025\/04\/ex3.jpg 435w, https:\/\/hand2noteguide.com\/wp-content\/uploads\/2025\/04\/ex3-300x72.jpg 300w\" sizes=\"auto, (max-width: 435px) 100vw, 435px\" \/><\/figure>\n\n\n\n<p>4) Chargez le fichier texte d&#8217;alias cr\u00e9\u00e9 dans Hand2Note.<br>Pour ce faire, ouvrez \u201cConfiguration\u201d dans la fen\u00eatre principale de Hand2Note, puis allez \u00e0 l&#8217;onglet \u201cAlias\u201d et cliquez sur \u201c+ Importer depuis CSV\u201d, et dans le menu de recherche de fichiers ouvert, trouvez le fichier texte d&#8217;alias que vous avez cr\u00e9\u00e9 et s\u00e9lectionnez-le.<br><\/p>\n\n\n\n<figure class=\"wp-block-image size-large\"><img loading=\"lazy\" decoding=\"async\" width=\"1024\" height=\"551\" src=\"http:\/\/hand2noteguide.com\/wp-content\/uploads\/2025\/04\/ex4-1024x551.jpg\" alt=\"\" class=\"wp-image-10133\" srcset=\"https:\/\/hand2noteguide.com\/wp-content\/uploads\/2025\/04\/ex4-1024x551.jpg 1024w, https:\/\/hand2noteguide.com\/wp-content\/uploads\/2025\/04\/ex4-300x161.jpg 300w, https:\/\/hand2noteguide.com\/wp-content\/uploads\/2025\/04\/ex4-768x413.jpg 768w, https:\/\/hand2noteguide.com\/wp-content\/uploads\/2025\/04\/ex4-1536x827.jpg 1536w, https:\/\/hand2noteguide.com\/wp-content\/uploads\/2025\/04\/ex4-772x415.jpg 772w, https:\/\/hand2noteguide.com\/wp-content\/uploads\/2025\/04\/ex4-624x336.jpg 624w, https:\/\/hand2noteguide.com\/wp-content\/uploads\/2025\/04\/ex4.jpg 1600w\" sizes=\"auto, (max-width: 1024px) 100vw, 1024px\" \/><\/figure>\n\n\n\n<p>Si tout a \u00e9t\u00e9 fait correctement, l&#8217;alias appara\u00eetra dans la liste des alias et sera disponible pour \u00eatre ouvert et utilis\u00e9 via le menu Rapports, Sessions ou Statistiques.<\/p>\n\n\n\n<p><br><em>Un ajout utile :<br><br>Juste avant de t\u00e9l\u00e9charger vers Hand2Note &#8211; vous pouvez \u00e9galement \u00e9diter les fichiers texte \u201cCSV\u201d \u00e0 l&#8217;aide d&#8217;un \u00e9diteur de tableur, par exemple, \u201cMicrosoft Excel\u201d, ainsi que les cr\u00e9er ou les \u00e9diter en utilisant certains r\u00e9seaux neuronaux. Cela simplifie grandement et \u00e9tend les possibilit\u00e9s d&#8217;analyse, de structuration et d&#8217;\u00e9dition des donn\u00e9es \u00e0 l&#8217;int\u00e9rieur du fichier ; l&#8217;essentiel est de respecter strictement le format de saisie des donn\u00e9es : <\/em><\/p>\n\n\n\n<p><em>NOM DE L&#8217;ALIAS, PSEUDO DU JOUEUR, NOM DE LA SALLE DE POKER.<\/em><\/p>\n\n\n\n<h2 class=\"wp-block-heading\">Exporter un alias vers un fichier texte<\/h2>\n\n\n\n<p>Pour exporter des alias depuis Hand2Note &#8211; dans la fen\u00eatre principale de Hand2Note, ouvrez \u201cConfiguration\u201d, puis allez \u00e0 l&#8217;onglet \u201cAlias\u201d et cliquez sur \u201c+ Exporter vers CSV\u2026\u201d :<\/p>\n\n\n\n<figure class=\"wp-block-image size-large\"><img loading=\"lazy\" decoding=\"async\" width=\"1024\" height=\"545\" src=\"http:\/\/hand2noteguide.com\/wp-content\/uploads\/2025\/04\/ex5-1024x545.jpg\" alt=\"\" class=\"wp-image-10134\" srcset=\"https:\/\/hand2noteguide.com\/wp-content\/uploads\/2025\/04\/ex5-1024x545.jpg 1024w, https:\/\/hand2noteguide.com\/wp-content\/uploads\/2025\/04\/ex5-300x160.jpg 300w, https:\/\/hand2noteguide.com\/wp-content\/uploads\/2025\/04\/ex5-768x409.jpg 768w, https:\/\/hand2noteguide.com\/wp-content\/uploads\/2025\/04\/ex5-1536x818.jpg 1536w, https:\/\/hand2noteguide.com\/wp-content\/uploads\/2025\/04\/ex5-772x411.jpg 772w, https:\/\/hand2noteguide.com\/wp-content\/uploads\/2025\/04\/ex5-624x332.jpg 624w, https:\/\/hand2noteguide.com\/wp-content\/uploads\/2025\/04\/ex5.jpg 1600w\" sizes=\"auto, (max-width: 1024px) 100vw, 1024px\" \/><\/figure>\n\n\n\n<p><br>Apr\u00e8s cela, sp\u00e9cifiez l&#8217;emplacement de sauvegarde et donnez un nom au fichier \u00e0 enregistrer.<\/p>\n\n\n\n<h2 class=\"wp-block-heading\">En conclusion :<\/h2>\n\n\n\n<p>N&#8217;ayez pas peur d&#8217;exp\u00e9rimenter &#8211; cr\u00e9er, exporter et importer des alias au sein de grandes fondations ou de grands groupes de joueurs est une comp\u00e9tence extr\u00eamement importante et utile qui offre de vastes opportunit\u00e9s pour analyser, regrouper, trier et \u00e9valuer les joueurs &#8211; dans un format de groupe. Cela peut grandement faciliter, \u00e9tendre et syst\u00e9matiser les informations que vous recevez.<\/p>\n","protected":false},"excerpt":{"rendered":"<p>Hand2Note vous permet d&#8217;exporter et d&#8217;importer des alias via des fichiers texte, ce qui simplifie grandement le processus de leur cr\u00e9ation ou de leur transfert d&#8217;un Hand2Note \u00e0 un autre. Ces fonctionnalit\u00e9s seront utiles : Les capacit\u00e9s d&#8217;exportation et d&#8217;importation sont difficiles \u00e0 appr\u00e9cier pleinement, car il ne s&#8217;agit pas seulement d&#8217;un processus d&#8217;automatisation de &hellip; <a href=\"https:\/\/hand2noteguide.com\/fr\/user-manual\/export-import-aliases-in-hand2note\/\" class=\"more-link\">Continue reading <span class=\"screen-reader-text\">Exportation\/Importation des alias dans Hand2Note<\/span><\/a><\/p>\n","protected":false},"author":3,"featured_media":10129,"parent":9199,"menu_order":0,"comment_status":"closed","ping_status":"closed","template":"","meta":{"footnotes":""},"class_list":["post-9242","page","type-page","status-publish","has-post-thumbnail","hentry"],"translation":{"provider":"WPGlobus","version":"3.0.2","language":"fr","enabled_languages":["en","ru","pt","zh","es","fr","de","it","ja"],"languages":{"en":{"title":true,"content":true,"excerpt":false},"ru":{"title":true,"content":true,"excerpt":false},"pt":{"title":true,"content":true,"excerpt":false},"zh":{"title":true,"content":true,"excerpt":false},"es":{"title":true,"content":true,"excerpt":false},"fr":{"title":true,"content":true,"excerpt":false},"de":{"title":true,"content":true,"excerpt":false},"it":{"title":true,"content":true,"excerpt":false},"ja":{"title":true,"content":true,"excerpt":false}}},"yoast_head":"<!-- This site is optimized with the Yoast SEO plugin v27.0 - https:\/\/yoast.com\/product\/yoast-seo-wordpress\/ -->\n<title>Exportation\/Importation des alias dans Hand2Note<\/title>\n<meta name=\"description\" content=\"D\u00e9couvrez comment cr\u00e9er, \u00e9diter, importer et exporter des fichiers d&#039;alias de joueur dans Hand2Note en utilisant le format CSV pour un regroupement et une analyse efficaces des joueurs.\" \/>\n<meta name=\"robots\" content=\"index, follow, max-snippet:-1, max-image-preview:large, max-video-preview:-1\" \/>\n<link rel=\"canonical\" href=\"https:\/\/hand2noteguide.com\/user-manual\/export-import-aliases-in-hand2note\/\" \/>\n<meta property=\"og:locale\" content=\"fr_FR\" \/>\n<meta property=\"og:type\" content=\"article\" \/>\n<meta property=\"og:title\" content=\"Exportation\/Importation des alias dans Hand2Note\" \/>\n<meta property=\"og:description\" content=\"D\u00e9couvrez comment cr\u00e9er, \u00e9diter, importer et exporter des fichiers d&#039;alias de joueur dans Hand2Note en utilisant le format CSV pour un regroupement et une analyse efficaces des joueurs.\" \/>\n<meta property=\"og:url\" content=\"https:\/\/hand2noteguide.com\/user-manual\/export-import-aliases-in-hand2note\/\" \/>\n<meta property=\"og:site_name\" content=\"Hand2Note Guide\" \/>\n<meta property=\"article:modified_time\" content=\"2026-03-10T08:11:04+00:00\" \/>\n<meta property=\"og:image\" content=\"https:\/\/hand2noteguide.com\/wp-content\/uploads\/2025\/04\/export-import-aliases.jpg\" \/>\n\t<meta property=\"og:image:width\" content=\"1600\" \/>\n\t<meta property=\"og:image:height\" content=\"1600\" \/>\n\t<meta property=\"og:image:type\" content=\"image\/jpeg\" \/>\n<meta name=\"twitter:card\" content=\"summary_large_image\" \/>\n<meta name=\"twitter:label1\" content=\"Est. reading time\" \/>\n\t<meta name=\"twitter:data1\" content=\"21 minutes\" \/>\n<!-- \/ Yoast SEO plugin. -->","yoast_head_json":{"title":"Exportation\/Importation des alias dans Hand2Note","description":"D\u00e9couvrez comment cr\u00e9er, \u00e9diter, importer et exporter des fichiers d'alias de joueur dans Hand2Note en utilisant le format CSV pour un regroupement et une analyse efficaces des joueurs.","robots":{"index":"index","follow":"follow","max-snippet":"max-snippet:-1","max-image-preview":"max-image-preview:large","max-video-preview":"max-video-preview:-1"},"canonical":"https:\/\/hand2noteguide.com\/user-manual\/export-import-aliases-in-hand2note\/","og_locale":"fr_FR","og_type":"article","og_title":"Exportation\/Importation des alias dans Hand2Note","og_description":"D\u00e9couvrez comment cr\u00e9er, \u00e9diter, importer et exporter des fichiers d'alias de joueur dans Hand2Note en utilisant le format CSV pour un regroupement et une analyse efficaces des joueurs.","og_url":"https:\/\/hand2noteguide.com\/user-manual\/export-import-aliases-in-hand2note\/","og_site_name":"Hand2Note Guide","article_modified_time":"2026-03-10T08:11:04+00:00","og_image":[{"width":1600,"height":1600,"url":"https:\/\/hand2noteguide.com\/wp-content\/uploads\/2025\/04\/export-import-aliases.jpg","type":"image\/jpeg"}],"twitter_card":"summary_large_image","twitter_misc":{"Est. reading time":"21 minutes"},"schema":{"@context":"https:\/\/schema.org","@graph":[]}},"jetpack_sharing_enabled":true,"_links":{"self":[{"href":"https:\/\/hand2noteguide.com\/fr\/wp-json\/wp\/v2\/pages\/9242","targetHints":{"allow":["GET"]}}],"collection":[{"href":"https:\/\/hand2noteguide.com\/fr\/wp-json\/wp\/v2\/pages"}],"about":[{"href":"https:\/\/hand2noteguide.com\/fr\/wp-json\/wp\/v2\/types\/page"}],"author":[{"embeddable":true,"href":"https:\/\/hand2noteguide.com\/fr\/wp-json\/wp\/v2\/users\/3"}],"replies":[{"embeddable":true,"href":"https:\/\/hand2noteguide.com\/fr\/wp-json\/wp\/v2\/comments?post=9242"}],"version-history":[{"count":33,"href":"https:\/\/hand2noteguide.com\/fr\/wp-json\/wp\/v2\/pages\/9242\/revisions"}],"predecessor-version":[{"id":15610,"href":"https:\/\/hand2noteguide.com\/fr\/wp-json\/wp\/v2\/pages\/9242\/revisions\/15610"}],"up":[{"embeddable":true,"href":"https:\/\/hand2noteguide.com\/fr\/wp-json\/wp\/v2\/pages\/9199"}],"wp:featuredmedia":[{"embeddable":true,"href":"https:\/\/hand2noteguide.com\/fr\/wp-json\/wp\/v2\/media\/10129"}],"wp:attachment":[{"href":"https:\/\/hand2noteguide.com\/fr\/wp-json\/wp\/v2\/media?parent=9242"}],"curies":[{"name":"wp","href":"https:\/\/api.w.org\/{rel}","templated":true}]}}