{"id":9263,"date":"2025-03-19T18:08:46","date_gmt":"2025-03-19T15:08:46","guid":{"rendered":"https:\/\/hand2noteguide.com\/?page_id=9263"},"modified":"2026-03-10T11:11:49","modified_gmt":"2026-03-10T08:11:49","slug":"currency-display-settings-in-hand2note","status":"publish","type":"page","link":"https:\/\/hand2noteguide.com\/fr\/user-manual\/currency-display-settings-in-hand2note\/","title":{"rendered":"Param\u00e8tres d&#8217;affichage de la devise dans Hand2Note"},"content":{"rendered":"\n<p>Hand2Note vous permet de r\u00e9gler finement les param\u00e8tres de devise qui affectent l&#8217;affichage du profit ou de la perte dans les rapports et les sessions.<\/p>\n\n\n\n<h2 class=\"wp-block-heading\">Lorsque vous jouez dans plusieurs applications de poker, le profit ou la perte peut ne pas s&#8217;afficher correctement<\/h2>\n\n\n\n<p>Par exemple, lorsque vous avez certaines applications qui transf\u00e8rent des donn\u00e9es via l&#8217;importation automatique de mains en devise USD ($) et d&#8217;autres en devise CNY (\u00a5); en m\u00eame temps, tous les comptes jou\u00e9s sont dans le m\u00eame alias.<\/p>\n\n\n\n<p>De plus, vous savez de mani\u00e8re fiable que les applications qui fournissent des donn\u00e9es de jeu via l&#8217;importation automatique en devise CNY (\u00a5) ne signifient pas r\u00e9ellement la devise CNY (\u00a5) mais plut\u00f4t la devise USD ($) \u00e0 un ratio de 1 pour 1.<\/p>\n\n\n\n<p>Si vous n&#8217;avez pas effectu\u00e9 d&#8217;ajustements de devise, vos donn\u00e9es ressembleront \u00e0 ceci :<\/p>\n\n\n\n<figure class=\"wp-block-image size-full\"><img loading=\"lazy\" decoding=\"async\" width=\"812\" height=\"785\" src=\"http:\/\/hand2noteguide.com\/wp-content\/uploads\/2025\/04\/currency-2.jpg\" alt=\"\" class=\"wp-image-10142\" srcset=\"https:\/\/hand2noteguide.com\/wp-content\/uploads\/2025\/04\/currency-2.jpg 812w, https:\/\/hand2noteguide.com\/wp-content\/uploads\/2025\/04\/currency-2-300x290.jpg 300w, https:\/\/hand2noteguide.com\/wp-content\/uploads\/2025\/04\/currency-2-768x742.jpg 768w, https:\/\/hand2noteguide.com\/wp-content\/uploads\/2025\/04\/currency-2-772x746.jpg 772w, https:\/\/hand2noteguide.com\/wp-content\/uploads\/2025\/04\/currency-2-624x603.jpg 624w\" sizes=\"auto, (max-width: 812px) 100vw, 812px\" \/><\/figure>\n\n\n\n<p>O\u00f9 les r\u00e9sultats mis en \u00e9vidence sous \u201c1\u201d proviennent de comptes in-app avec la devise USD ($), et sous \u201c2\u201d proviennent de comptes in-app avec la devise CNY (\u00a5).<\/p>\n\n\n\n<p>Examinez de plus pr\u00e8s l&#8217;onglet \u201cR\u00e9sultats\u201d &#8211; la colonne \u201cGagn\u00e9\u201d contient des donn\u00e9es de r\u00e9sultats de devises diff\u00e9rentes, qui par les param\u00e8tres de base de H2N sont converties au taux de change mondial de la devise CNY (\u00a5) \u00e0 la devise USD ($) et donnent des informations r\u00e9sum\u00e9es sur cette colonne ci-dessous dans la ligne \u201cR\u00e9sum\u00e9\u201d.<\/p>\n\n\n\n<p>\u00c9tant donn\u00e9 que vous savez que le jeu dans les applications avec la devise CNY (\u00a5) est en fait calcul\u00e9 en devise USD ($) dans un ratio de 1:1, ce type de param\u00e8tres n&#8217;est pas adapt\u00e9, car l&#8217;information dans la ligne \u201cR\u00e9sum\u00e9\u201d n&#8217;est pas correcte en raison de la conversion au taux incorrect pour vous.<\/p>\n\n\n\n<h2 class=\"wp-block-heading\">Pour un affichage correct du profit ou de la perte, vous devez configurer les devises<\/h2>\n\n\n\n<p>Allez dans \u201cConfiguration\u201d, puis dans \u201cDevises\u201d et d\u00e9cochez \u201cR\u00e9cup\u00e9ration automatique depuis une bourse\u201d. Apr\u00e8s cela, trouvez la colonne avec le taux de change requis (par exemple : \u201cUSD\/CNY\u201d) et changez-la au ratio requis (par exemple : 1:1, c&#8217;est-\u00e0-dire \u00e0 la valeur \u201c1\u201d).<\/p>\n\n\n\n<figure class=\"wp-block-image size-large\"><img loading=\"lazy\" decoding=\"async\" width=\"1024\" height=\"576\" src=\"http:\/\/hand2noteguide.com\/wp-content\/uploads\/2025\/04\/currency-3-1024x576.jpg\" alt=\"\" class=\"wp-image-10143\" srcset=\"https:\/\/hand2noteguide.com\/wp-content\/uploads\/2025\/04\/currency-3-1024x576.jpg 1024w, https:\/\/hand2noteguide.com\/wp-content\/uploads\/2025\/04\/currency-3-300x169.jpg 300w, https:\/\/hand2noteguide.com\/wp-content\/uploads\/2025\/04\/currency-3-768x432.jpg 768w, https:\/\/hand2noteguide.com\/wp-content\/uploads\/2025\/04\/currency-3-1536x864.jpg 1536w, https:\/\/hand2noteguide.com\/wp-content\/uploads\/2025\/04\/currency-3-772x434.jpg 772w, https:\/\/hand2noteguide.com\/wp-content\/uploads\/2025\/04\/currency-3-624x351.jpg 624w, https:\/\/hand2noteguide.com\/wp-content\/uploads\/2025\/04\/currency-3.jpg 1600w\" sizes=\"auto, (max-width: 1024px) 100vw, 1024px\" \/><\/figure>\n\n\n\n<p>Si tout a \u00e9t\u00e9 fait correctement, vos donn\u00e9es changeront pour les donn\u00e9es actuelles comme dans l&#8217;exemple ci-dessous :<\/p>\n\n\n\n<figure class=\"wp-block-image size-full\"><img loading=\"lazy\" decoding=\"async\" width=\"802\" height=\"784\" src=\"http:\/\/hand2noteguide.com\/wp-content\/uploads\/2025\/04\/currency-4.png\" alt=\"\" class=\"wp-image-10144\" srcset=\"https:\/\/hand2noteguide.com\/wp-content\/uploads\/2025\/04\/currency-4.png 802w, https:\/\/hand2noteguide.com\/wp-content\/uploads\/2025\/04\/currency-4-300x293.png 300w, https:\/\/hand2noteguide.com\/wp-content\/uploads\/2025\/04\/currency-4-768x751.png 768w, https:\/\/hand2noteguide.com\/wp-content\/uploads\/2025\/04\/currency-4-772x755.png 772w, https:\/\/hand2noteguide.com\/wp-content\/uploads\/2025\/04\/currency-4-624x610.png 624w\" sizes=\"auto, (max-width: 802px) 100vw, 802px\" \/><\/figure>\n\n\n\n<h2 class=\"wp-block-heading\">Lorsque vous jouez dans diff\u00e9rents clubs avec des valeurs de jetons diff\u00e9rentes, le param\u00e8tre \u201cClub Rates\u201d vous aidera<\/h2>\n\n\n\n<p>Pour afficher correctement la devise lorsque vous jouez dans des clubs avec des prix de jetons diff\u00e9rents, vous devez aller dans \u201cConfiguration\u201d, puis s\u00e9lectionner l&#8217;onglet \u201cClub Rates\u201d et cliquer sur \u201cAjouter des Club Rates\u201d<\/p>\n\n\n\n<figure class=\"wp-block-image size-large\"><img loading=\"lazy\" decoding=\"async\" width=\"1024\" height=\"576\" src=\"http:\/\/hand2noteguide.com\/wp-content\/uploads\/2025\/04\/currency-5-1024x576.jpg\" alt=\"\" class=\"wp-image-10145\" srcset=\"https:\/\/hand2noteguide.com\/wp-content\/uploads\/2025\/04\/currency-5-1024x576.jpg 1024w, https:\/\/hand2noteguide.com\/wp-content\/uploads\/2025\/04\/currency-5-300x169.jpg 300w, https:\/\/hand2noteguide.com\/wp-content\/uploads\/2025\/04\/currency-5-768x432.jpg 768w, https:\/\/hand2noteguide.com\/wp-content\/uploads\/2025\/04\/currency-5-1536x864.jpg 1536w, https:\/\/hand2noteguide.com\/wp-content\/uploads\/2025\/04\/currency-5-772x434.jpg 772w, https:\/\/hand2noteguide.com\/wp-content\/uploads\/2025\/04\/currency-5-624x351.jpg 624w, https:\/\/hand2noteguide.com\/wp-content\/uploads\/2025\/04\/currency-5.jpg 1600w\" sizes=\"auto, (max-width: 1024px) 100vw, 1024px\" \/><\/figure>\n\n\n\n<p>Ensuite, dans la fen\u00eatre \u201cModifier les Club Rates\u201d, s\u00e9lectionnez l&#8217;application souhait\u00e9e dans le menu d\u00e9roulant \u201cSite de poker\u201d (1), sp\u00e9cifiez l&#8217;ID du club pour votre application dans le champ \u201cID du club\u201d (2) et en face de celui-ci dans le champ \u201cJeton en USD\u201d (3) sp\u00e9cifiez la valeur du jeton en USD (vous pouvez v\u00e9rifier la valeur du jeton avec votre programme d&#8217;affiliation ou agent fournissant l&#8217;acc\u00e8s au jeu dans ce club). Apr\u00e8s avoir cliqu\u00e9 sur \u201c+ Ajouter un Club Rate\u2026\u201d (4) r\u00e9p\u00e9tez les \u00e9tapes (1), (2) et (3) si n\u00e9cessaire pour ajuster le taux pour d&#8217;autres clubs.<\/p>\n\n\n\n<p>Une fois que vous avez termin\u00e9 les r\u00e9glages, cliquez sur \u201cOK\u201d (5).<\/p>\n\n\n\n<figure class=\"wp-block-image size-full\"><img loading=\"lazy\" decoding=\"async\" width=\"359\" height=\"348\" src=\"http:\/\/hand2noteguide.com\/wp-content\/uploads\/2025\/04\/currency-6.jpg\" alt=\"\" class=\"wp-image-10146\" srcset=\"https:\/\/hand2noteguide.com\/wp-content\/uploads\/2025\/04\/currency-6.jpg 359w, https:\/\/hand2noteguide.com\/wp-content\/uploads\/2025\/04\/currency-6-300x291.jpg 300w\" sizes=\"auto, (max-width: 359px) 100vw, 359px\" \/><\/figure>\n\n\n\n<p>Si tout est correct, Hand2Note doit \u00eatre red\u00e9marr\u00e9 pour que les modifications prennent effet et apparaissent dans les rapports et les sessions.<\/p>\n","protected":false},"excerpt":{"rendered":"<p>Hand2Note vous permet de r\u00e9gler finement les param\u00e8tres de devise qui affectent l&#8217;affichage du profit ou de la perte dans les rapports et les sessions. Lorsque vous jouez dans plusieurs applications de poker, le profit ou la perte peut ne pas s&#8217;afficher correctement Par exemple, lorsque vous avez certaines applications qui transf\u00e8rent des donn\u00e9es via &hellip; <a href=\"https:\/\/hand2noteguide.com\/fr\/user-manual\/currency-display-settings-in-hand2note\/\" class=\"more-link\">Continue reading <span class=\"screen-reader-text\">Param\u00e8tres d&#8217;affichage de la devise dans Hand2Note<\/span><\/a><\/p>\n","protected":false},"author":3,"featured_media":10141,"parent":9199,"menu_order":0,"comment_status":"closed","ping_status":"closed","template":"","meta":{"footnotes":""},"class_list":["post-9263","page","type-page","status-publish","has-post-thumbnail","hentry"],"translation":{"provider":"WPGlobus","version":"3.0.2","language":"fr","enabled_languages":["en","ru","pt","zh","es","fr","de","it","ja"],"languages":{"en":{"title":true,"content":true,"excerpt":false},"ru":{"title":true,"content":true,"excerpt":false},"pt":{"title":true,"content":true,"excerpt":false},"zh":{"title":true,"content":true,"excerpt":false},"es":{"title":true,"content":true,"excerpt":false},"fr":{"title":true,"content":true,"excerpt":false},"de":{"title":true,"content":true,"excerpt":false},"it":{"title":true,"content":true,"excerpt":false},"ja":{"title":true,"content":true,"excerpt":false}}},"yoast_head":"<!-- This site is optimized with the Yoast SEO plugin v27.0 - https:\/\/yoast.com\/product\/yoast-seo-wordpress\/ -->\n<title>Param\u00e8tres d&#039;affichage de la devise dans Hand2Note<\/title>\n<meta name=\"description\" content=\"Configurez les devises et les taux des clubs dans Hand2Note pour garantir un suivi pr\u00e9cis des profits\/pertes dans les applications avec diff\u00e9rentes devises ou valeurs de jetons.\" \/>\n<meta name=\"robots\" content=\"index, follow, max-snippet:-1, max-image-preview:large, max-video-preview:-1\" \/>\n<link rel=\"canonical\" href=\"https:\/\/hand2noteguide.com\/user-manual\/currency-display-settings-in-hand2note\/\" \/>\n<meta property=\"og:locale\" content=\"fr_FR\" \/>\n<meta property=\"og:type\" content=\"article\" \/>\n<meta property=\"og:title\" content=\"Param\u00e8tres d&#039;affichage de la devise dans Hand2Note\" \/>\n<meta property=\"og:description\" content=\"Configurez les devises et les taux des clubs dans Hand2Note pour garantir un suivi pr\u00e9cis des profits\/pertes dans les applications avec diff\u00e9rentes devises ou valeurs de jetons.\" \/>\n<meta property=\"og:url\" content=\"https:\/\/hand2noteguide.com\/user-manual\/currency-display-settings-in-hand2note\/\" \/>\n<meta property=\"og:site_name\" content=\"Hand2Note Guide\" \/>\n<meta property=\"article:modified_time\" content=\"2026-03-10T08:11:49+00:00\" \/>\n<meta property=\"og:image\" content=\"https:\/\/hand2noteguide.com\/wp-content\/uploads\/2025\/04\/currency-1.jpg\" \/>\n\t<meta property=\"og:image:width\" content=\"1600\" \/>\n\t<meta property=\"og:image:height\" content=\"1067\" \/>\n\t<meta property=\"og:image:type\" content=\"image\/jpeg\" \/>\n<meta name=\"twitter:card\" content=\"summary_large_image\" \/>\n<meta name=\"twitter:label1\" content=\"Est. reading time\" \/>\n\t<meta name=\"twitter:data1\" content=\"16 minutes\" \/>\n<!-- \/ Yoast SEO plugin. -->","yoast_head_json":{"title":"Param\u00e8tres d'affichage de la devise dans Hand2Note","description":"Configurez les devises et les taux des clubs dans Hand2Note pour garantir un suivi pr\u00e9cis des profits\/pertes dans les applications avec diff\u00e9rentes devises ou valeurs de jetons.","robots":{"index":"index","follow":"follow","max-snippet":"max-snippet:-1","max-image-preview":"max-image-preview:large","max-video-preview":"max-video-preview:-1"},"canonical":"https:\/\/hand2noteguide.com\/user-manual\/currency-display-settings-in-hand2note\/","og_locale":"fr_FR","og_type":"article","og_title":"Param\u00e8tres d'affichage de la devise dans Hand2Note","og_description":"Configurez les devises et les taux des clubs dans Hand2Note pour garantir un suivi pr\u00e9cis des profits\/pertes dans les applications avec diff\u00e9rentes devises ou valeurs de jetons.","og_url":"https:\/\/hand2noteguide.com\/user-manual\/currency-display-settings-in-hand2note\/","og_site_name":"Hand2Note Guide","article_modified_time":"2026-03-10T08:11:49+00:00","og_image":[{"width":1600,"height":1067,"url":"https:\/\/hand2noteguide.com\/wp-content\/uploads\/2025\/04\/currency-1.jpg","type":"image\/jpeg"}],"twitter_card":"summary_large_image","twitter_misc":{"Est. reading time":"16 minutes"},"schema":{"@context":"https:\/\/schema.org","@graph":[]}},"jetpack_sharing_enabled":true,"_links":{"self":[{"href":"https:\/\/hand2noteguide.com\/fr\/wp-json\/wp\/v2\/pages\/9263","targetHints":{"allow":["GET"]}}],"collection":[{"href":"https:\/\/hand2noteguide.com\/fr\/wp-json\/wp\/v2\/pages"}],"about":[{"href":"https:\/\/hand2noteguide.com\/fr\/wp-json\/wp\/v2\/types\/page"}],"author":[{"embeddable":true,"href":"https:\/\/hand2noteguide.com\/fr\/wp-json\/wp\/v2\/users\/3"}],"replies":[{"embeddable":true,"href":"https:\/\/hand2noteguide.com\/fr\/wp-json\/wp\/v2\/comments?post=9263"}],"version-history":[{"count":33,"href":"https:\/\/hand2noteguide.com\/fr\/wp-json\/wp\/v2\/pages\/9263\/revisions"}],"predecessor-version":[{"id":15611,"href":"https:\/\/hand2noteguide.com\/fr\/wp-json\/wp\/v2\/pages\/9263\/revisions\/15611"}],"up":[{"embeddable":true,"href":"https:\/\/hand2noteguide.com\/fr\/wp-json\/wp\/v2\/pages\/9199"}],"wp:featuredmedia":[{"embeddable":true,"href":"https:\/\/hand2noteguide.com\/fr\/wp-json\/wp\/v2\/media\/10141"}],"wp:attachment":[{"href":"https:\/\/hand2noteguide.com\/fr\/wp-json\/wp\/v2\/media?parent=9263"}],"curies":[{"name":"wp","href":"https:\/\/api.w.org\/{rel}","templated":true}]}}