{"id":9299,"date":"2025-03-20T01:00:47","date_gmt":"2025-03-19T22:00:47","guid":{"rendered":"https:\/\/hand2noteguide.com\/?page_id=9299"},"modified":"2026-03-10T11:12:55","modified_gmt":"2026-03-10T08:12:55","slug":"setting-up-an-auto-import-in-hand2note","status":"publish","type":"page","link":"https:\/\/hand2noteguide.com\/fr\/user-manual\/setting-up-an-auto-import-in-hand2note\/","title":{"rendered":"Configuration de l&#8217;importation automatique dans Hand2Note"},"content":{"rendered":"\n<p>Lorsque vous jouez dans la plupart des salles de poker classiques avec Hand2Note &#8211; la fonction d&#8217;importation automatique doit \u00eatre correctement configur\u00e9e.<\/p>\n\n\n\n<p>Elle est responsable de la collecte des statistiques qui ont lieu aux tables &#8211; au cours des mains. Cela permet \u00e0 son tour de traiter et de mettre \u00e0 jour imm\u00e9diatement les statistiques de vos adversaires dans le HUD et le POPUP.<\/p>\n\n\n\n<h2 class=\"wp-block-heading\">Instructions g\u00e9n\u00e9rales \u00e9tape par \u00e9tape pour configurer l&#8217;importation automatique<\/h2>\n\n\n\n<p>La configuration de l&#8217;importation automatique se compose de plusieurs \u00e9tapes :<\/p>\n\n\n\n<ol class=\"wp-block-list\">\n<li>Activez la fonction de sauvegarde locale des mains dans le client de la salle de poker ;<\/li>\n\n\n\n<li>Trouvez et copiez le chemin vers l&#8217;emplacement du dossier de sauvegarde locale des mains du client de poker ;<\/li>\n\n\n\n<li>Ouvrez Hand2Note &#8211; &#8220;Configuration&#8221;, puis allez dans l&#8217;onglet &#8220;Auto import&#8221; et cliquez sur le bouton &#8220;+ Add auto import folder\u2026&#8221; ;<\/li>\n\n\n\n<li>Dans la fen\u00eatre de recherche de dossier, sp\u00e9cifiez le chemin vers l&#8217;emplacement pr\u00e9c\u00e9demment copi\u00e9 du dossier de sauvegarde locale du client de poker.<\/li>\n<\/ol>\n\n\n\n<p>Si tout est fait correctement, la fonction d&#8217;importation automatique fonctionnera. Il sera possible de s&#8217;assurer qu&#8217;au moment de jouer aux tables, les statistiques seront collect\u00e9es et modifi\u00e9es &#8211; au cours des mains.<\/p>\n\n\n\n<h3 class=\"wp-block-heading\">Exemples de configuration de la fonction d&#8217;importation automatique de Hand2Note lors de jeux sur des sites de poker populaires<\/h3>\n\n\n\n<figure class=\"wp-block-gallery has-nested-images columns-3 is-cropped wp-block-gallery-1 is-layout-flex wp-block-gallery-is-layout-flex\">\n<figure class=\"wp-block-image size-full\"><img loading=\"lazy\" decoding=\"async\" width=\"2312\" height=\"945\" data-id=\"9331\" src=\"https:\/\/hand2noteguide.com\/wp-content\/uploads\/2025\/03\/PS-1.png\" alt=\"\" class=\"wp-image-9331\" srcset=\"https:\/\/hand2noteguide.com\/wp-content\/uploads\/2025\/03\/PS-1.png 2312w, https:\/\/hand2noteguide.com\/wp-content\/uploads\/2025\/03\/PS-1-300x123.png 300w, https:\/\/hand2noteguide.com\/wp-content\/uploads\/2025\/03\/PS-1-1024x419.png 1024w, https:\/\/hand2noteguide.com\/wp-content\/uploads\/2025\/03\/PS-1-768x314.png 768w, https:\/\/hand2noteguide.com\/wp-content\/uploads\/2025\/03\/PS-1-1536x628.png 1536w, https:\/\/hand2noteguide.com\/wp-content\/uploads\/2025\/03\/PS-1-2048x837.png 2048w, https:\/\/hand2noteguide.com\/wp-content\/uploads\/2025\/03\/PS-1-772x316.png 772w, https:\/\/hand2noteguide.com\/wp-content\/uploads\/2025\/03\/PS-1-624x255.png 624w\" sizes=\"auto, (max-width: 2312px) 100vw, 2312px\" \/><figcaption class=\"wp-element-caption\">PokerStars<\/figcaption><\/figure>\n\n\n\n<figure class=\"wp-block-image size-full\"><img loading=\"lazy\" decoding=\"async\" width=\"1799\" height=\"868\" data-id=\"9333\" src=\"https:\/\/hand2noteguide.com\/wp-content\/uploads\/2025\/03\/888-1.png\" alt=\"\" class=\"wp-image-9333\" srcset=\"https:\/\/hand2noteguide.com\/wp-content\/uploads\/2025\/03\/888-1.png 1799w, https:\/\/hand2noteguide.com\/wp-content\/uploads\/2025\/03\/888-1-300x145.png 300w, https:\/\/hand2noteguide.com\/wp-content\/uploads\/2025\/03\/888-1-1024x494.png 1024w, https:\/\/hand2noteguide.com\/wp-content\/uploads\/2025\/03\/888-1-768x371.png 768w, https:\/\/hand2noteguide.com\/wp-content\/uploads\/2025\/03\/888-1-1536x741.png 1536w, https:\/\/hand2noteguide.com\/wp-content\/uploads\/2025\/03\/888-1-772x372.png 772w, https:\/\/hand2noteguide.com\/wp-content\/uploads\/2025\/03\/888-1-624x301.png 624w\" sizes=\"auto, (max-width: 1799px) 100vw, 1799px\" \/><figcaption class=\"wp-element-caption\">888Poker (Pacific)<\/figcaption><\/figure>\n\n\n\n<figure class=\"wp-block-image size-full\"><img loading=\"lazy\" decoding=\"async\" width=\"1885\" height=\"712\" data-id=\"9330\" src=\"https:\/\/hand2noteguide.com\/wp-content\/uploads\/2025\/03\/EvenBet-Platform-SW\u0421-Poker-1.png\" alt=\"\" class=\"wp-image-9330\" srcset=\"https:\/\/hand2noteguide.com\/wp-content\/uploads\/2025\/03\/EvenBet-Platform-SW\u0421-Poker-1.png 1885w, https:\/\/hand2noteguide.com\/wp-content\/uploads\/2025\/03\/EvenBet-Platform-SW\u0421-Poker-1-300x113.png 300w, https:\/\/hand2noteguide.com\/wp-content\/uploads\/2025\/03\/EvenBet-Platform-SW\u0421-Poker-1-1024x387.png 1024w, https:\/\/hand2noteguide.com\/wp-content\/uploads\/2025\/03\/EvenBet-Platform-SW\u0421-Poker-1-768x290.png 768w, https:\/\/hand2noteguide.com\/wp-content\/uploads\/2025\/03\/EvenBet-Platform-SW\u0421-Poker-1-1536x580.png 1536w, https:\/\/hand2noteguide.com\/wp-content\/uploads\/2025\/03\/EvenBet-Platform-SW\u0421-Poker-1-772x292.png 772w, https:\/\/hand2noteguide.com\/wp-content\/uploads\/2025\/03\/EvenBet-Platform-SW\u0421-Poker-1-624x236.png 624w\" sizes=\"auto, (max-width: 1885px) 100vw, 1885px\" \/><figcaption class=\"wp-element-caption\">EvenBet Platform (SW\u0421 Poker)<\/figcaption><\/figure>\n\n\n\n<figure class=\"wp-block-image size-full\"><img loading=\"lazy\" decoding=\"async\" width=\"1831\" height=\"769\" data-id=\"9332\" src=\"https:\/\/hand2noteguide.com\/wp-content\/uploads\/2025\/03\/Winamax-1.png\" alt=\"\" class=\"wp-image-9332\" srcset=\"https:\/\/hand2noteguide.com\/wp-content\/uploads\/2025\/03\/Winamax-1.png 1831w, https:\/\/hand2noteguide.com\/wp-content\/uploads\/2025\/03\/Winamax-1-300x126.png 300w, https:\/\/hand2noteguide.com\/wp-content\/uploads\/2025\/03\/Winamax-1-1024x430.png 1024w, https:\/\/hand2noteguide.com\/wp-content\/uploads\/2025\/03\/Winamax-1-768x323.png 768w, https:\/\/hand2noteguide.com\/wp-content\/uploads\/2025\/03\/Winamax-1-1536x645.png 1536w, https:\/\/hand2noteguide.com\/wp-content\/uploads\/2025\/03\/Winamax-1-772x324.png 772w, https:\/\/hand2noteguide.com\/wp-content\/uploads\/2025\/03\/Winamax-1-624x262.png 624w\" sizes=\"auto, (max-width: 1831px) 100vw, 1831px\" \/><figcaption class=\"wp-element-caption\">Winamax<\/figcaption><\/figure>\n\n\n\n<figure class=\"wp-block-image size-full\"><img loading=\"lazy\" decoding=\"async\" width=\"1918\" height=\"740\" data-id=\"9334\" src=\"https:\/\/hand2noteguide.com\/wp-content\/uploads\/2025\/03\/WPN-1.png\" alt=\"\" class=\"wp-image-9334\" srcset=\"https:\/\/hand2noteguide.com\/wp-content\/uploads\/2025\/03\/WPN-1.png 1918w, https:\/\/hand2noteguide.com\/wp-content\/uploads\/2025\/03\/WPN-1-300x116.png 300w, https:\/\/hand2noteguide.com\/wp-content\/uploads\/2025\/03\/WPN-1-1024x395.png 1024w, https:\/\/hand2noteguide.com\/wp-content\/uploads\/2025\/03\/WPN-1-768x296.png 768w, https:\/\/hand2noteguide.com\/wp-content\/uploads\/2025\/03\/WPN-1-1536x593.png 1536w, https:\/\/hand2noteguide.com\/wp-content\/uploads\/2025\/03\/WPN-1-772x298.png 772w, https:\/\/hand2noteguide.com\/wp-content\/uploads\/2025\/03\/WPN-1-624x241.png 624w\" sizes=\"auto, (max-width: 1918px) 100vw, 1918px\" \/><figcaption class=\"wp-element-caption\">ACR Poker (WPN)<\/figcaption><\/figure>\n<\/figure>\n\n\n\n<h3 class=\"wp-block-heading\">Exemple de configuration de l&#8217;importation automatique pour la salle de poker \u201cRedStar\u201d<\/h3>\n\n\n\n<p>La premi\u00e8re chose \u00e0 faire est de trouver et d&#8217;activer la fonction de sauvegarde locale des mains dans le client de poker. Pour ce faire, survolez l&#8217;ic\u00f4ne de l&#8217;avatar dans le coin sup\u00e9rieur gauche du client de poker (1) et cliquez sur \u201cParam\u00e8tres\u201d (2). Ensuite, trouvez l&#8217;\u00e9l\u00e9ment \u201cEnregistrer l&#8217;historique des mains localement\u201d et cochez la case (3).<\/p>\n\n\n\n<figure class=\"wp-block-image size-full\"><img loading=\"lazy\" decoding=\"async\" width=\"1001\" height=\"718\" src=\"https:\/\/hand2noteguide.com\/wp-content\/uploads\/2025\/03\/RedStar.jpg\" alt=\"\" class=\"wp-image-9311\" srcset=\"https:\/\/hand2noteguide.com\/wp-content\/uploads\/2025\/03\/RedStar.jpg 1001w, https:\/\/hand2noteguide.com\/wp-content\/uploads\/2025\/03\/RedStar-300x215.jpg 300w, https:\/\/hand2noteguide.com\/wp-content\/uploads\/2025\/03\/RedStar-768x551.jpg 768w, https:\/\/hand2noteguide.com\/wp-content\/uploads\/2025\/03\/RedStar-772x554.jpg 772w, https:\/\/hand2noteguide.com\/wp-content\/uploads\/2025\/03\/RedStar-624x448.jpg 624w\" sizes=\"auto, (max-width: 1001px) 100vw, 1001px\" \/><\/figure>\n\n\n\n<p>Ensuite, fermez le client de poker, trouvez son raccourci sur le bureau et cliquez dessus avec le bouton droit de la souris, dans la liste d\u00e9roulante, s\u00e9lectionnez \u201cOuvrir l&#8217;emplacement du fichier\u201d.<\/p>\n\n\n\n<figure class=\"wp-block-image size-full\"><img loading=\"lazy\" decoding=\"async\" width=\"530\" height=\"517\" src=\"https:\/\/hand2noteguide.com\/wp-content\/uploads\/2025\/03\/\u0411\u0435\u0437-\u0438\u043c\u0435\u043d\u0438-2.jpg\" alt=\"\" class=\"wp-image-9312\" srcset=\"https:\/\/hand2noteguide.com\/wp-content\/uploads\/2025\/03\/\u0411\u0435\u0437-\u0438\u043c\u0435\u043d\u0438-2.jpg 530w, https:\/\/hand2noteguide.com\/wp-content\/uploads\/2025\/03\/\u0411\u0435\u0437-\u0438\u043c\u0435\u043d\u0438-2-300x293.jpg 300w\" sizes=\"auto, (max-width: 530px) 100vw, 530px\" \/><\/figure>\n\n\n\n<p>Apr\u00e8s avoir ouvert le dossier racine du client de poker, il sera n\u00e9cessaire de trouver le dossier de sauvegarde locale des mains, de l&#8217;ouvrir et de copier le chemin d&#8217;acc\u00e8s.<\/p>\n\n\n\n<p>Dans la plupart des cas, il se trouve dans le dossier \u201cdata\u201d (1) et porte le pseudo du joueur dans son nom (dans l&#8217;exemple ci-dessous &#8211; \u201cHero_nickname\u201d (2)). Copiez le chemin vers le dossier \u201cHero_nickname\u201d en cliquant avec le bouton droit de la souris sur la barre d&#8217;adresse en haut de la fen\u00eatre (3) et cliquez sur \u201cCopier\u201d (4).<\/p>\n\n\n\n<figure class=\"wp-block-image size-large\"><img loading=\"lazy\" decoding=\"async\" width=\"1024\" height=\"599\" src=\"https:\/\/hand2noteguide.com\/wp-content\/uploads\/2025\/03\/\u0411\u0435\u0437-\u0438\u043c\u0435\u043d\u0438-3-1024x599.jpg\" alt=\"\" class=\"wp-image-9313\" srcset=\"https:\/\/hand2noteguide.com\/wp-content\/uploads\/2025\/03\/\u0411\u0435\u0437-\u0438\u043c\u0435\u043d\u0438-3-1024x599.jpg 1024w, https:\/\/hand2noteguide.com\/wp-content\/uploads\/2025\/03\/\u0411\u0435\u0437-\u0438\u043c\u0435\u043d\u0438-3-300x176.jpg 300w, https:\/\/hand2noteguide.com\/wp-content\/uploads\/2025\/03\/\u0411\u0435\u0437-\u0438\u043c\u0435\u043d\u0438-3-768x449.jpg 768w, https:\/\/hand2noteguide.com\/wp-content\/uploads\/2025\/03\/\u0411\u0435\u0437-\u0438\u043c\u0435\u043d\u0438-3-1536x899.jpg 1536w, https:\/\/hand2noteguide.com\/wp-content\/uploads\/2025\/03\/\u0411\u0435\u0437-\u0438\u043c\u0435\u043d\u0438-3-772x452.jpg 772w, https:\/\/hand2noteguide.com\/wp-content\/uploads\/2025\/03\/\u0411\u0435\u0437-\u0438\u043c\u0435\u043d\u0438-3-624x365.jpg 624w, https:\/\/hand2noteguide.com\/wp-content\/uploads\/2025\/03\/\u0411\u0435\u0437-\u0438\u043c\u0435\u043d\u0438-3.jpg 1806w\" sizes=\"auto, (max-width: 1024px) 100vw, 1024px\" \/><\/figure>\n\n\n\n<p>Maintenant, ouvrez Hand2Note, trouvez et cliquez sur \u201cConfiguration\u201d (1), \u201cAuto import\u201d (2) et dans celui-ci cliquez sur le bouton \u201c+ Add auto import folder\u2026\u201d. (3). Dans la fen\u00eatre de recherche de dossier ouverte, sp\u00e9cifiez le chemin vers l&#8217;emplacement pr\u00e9c\u00e9demment copi\u00e9 du dossier de sauvegarde locale du client de poker (4), assurez-vous qu&#8217;il s&#8217;agit bien du dossier ouvert dans la fen\u00eatre de recherche de dossier et cliquez sur \u201cS\u00e9lectionner un dossier\u201d (5).<\/p>\n\n\n\n<figure class=\"wp-block-image size-large\"><img loading=\"lazy\" decoding=\"async\" width=\"1024\" height=\"549\" src=\"https:\/\/hand2noteguide.com\/wp-content\/uploads\/2025\/03\/\u0411\u0435\u0437-\u0438\u043c\u0435\u043d\u0438-1-1024x549.jpg\" alt=\"\" class=\"wp-image-9314\" srcset=\"https:\/\/hand2noteguide.com\/wp-content\/uploads\/2025\/03\/\u0411\u0435\u0437-\u0438\u043c\u0435\u043d\u0438-1-1024x549.jpg 1024w, https:\/\/hand2noteguide.com\/wp-content\/uploads\/2025\/03\/\u0411\u0435\u0437-\u0438\u043c\u0435\u043d\u0438-1-300x161.jpg 300w, https:\/\/hand2noteguide.com\/wp-content\/uploads\/2025\/03\/\u0411\u0435\u0437-\u0438\u043c\u0435\u043d\u0438-1-768x412.jpg 768w, https:\/\/hand2noteguide.com\/wp-content\/uploads\/2025\/03\/\u0411\u0435\u0437-\u0438\u043c\u0435\u043d\u0438-1-1536x824.jpg 1536w, https:\/\/hand2noteguide.com\/wp-content\/uploads\/2025\/03\/\u0411\u0435\u0437-\u0438\u043c\u0435\u043d\u0438-1-772x414.jpg 772w, https:\/\/hand2noteguide.com\/wp-content\/uploads\/2025\/03\/\u0411\u0435\u0437-\u0438\u043c\u0435\u043d\u0438-1-624x335.jpg 624w, https:\/\/hand2noteguide.com\/wp-content\/uploads\/2025\/03\/\u0411\u0435\u0437-\u0438\u043c\u0435\u043d\u0438-1.jpg 1914w\" sizes=\"auto, (max-width: 1024px) 100vw, 1024px\" \/><\/figure>\n\n\n\n<p>Pour vous assurer que l&#8217;importation automatique est correctement configur\u00e9e, il suffira de s&#8217;asseoir aux tables et de jouer un petit nombre de mains. Faites attention au HUD et au POPUP, vous remarquerez que les valeurs des statistiques changent \u00e0 chaque main jou\u00e9e en fonction de l&#8217;action en cours aux tables.<\/p>\n\n\n\n<p>Voir aussi : <a href=\"https:\/\/hand2note.com\/Help\/getting-started\" target=\"_blank\" rel=\"noreferrer noopener\">Manuel officiel Hand2Note : Guide de d\u00e9marrage<\/a>.<\/p>\n","protected":false},"excerpt":{"rendered":"<p>Lorsque vous jouez dans la plupart des salles de poker classiques avec Hand2Note &#8211; la fonction d&#8217;importation automatique doit \u00eatre correctement configur\u00e9e. Elle est responsable de la collecte des statistiques qui ont lieu aux tables &#8211; au cours des mains. Cela permet \u00e0 son tour de traiter et de mettre \u00e0 jour imm\u00e9diatement les statistiques &hellip; <a href=\"https:\/\/hand2noteguide.com\/fr\/user-manual\/setting-up-an-auto-import-in-hand2note\/\" class=\"more-link\">Continue reading <span class=\"screen-reader-text\">Configuration de l&#8217;importation automatique dans Hand2Note<\/span><\/a><\/p>\n","protected":false},"author":3,"featured_media":9304,"parent":9199,"menu_order":0,"comment_status":"closed","ping_status":"closed","template":"","meta":{"footnotes":""},"class_list":["post-9299","page","type-page","status-publish","has-post-thumbnail","hentry"],"translation":{"provider":"WPGlobus","version":"3.0.2","language":"fr","enabled_languages":["en","ru","pt","zh","es","fr","de","it","ja"],"languages":{"en":{"title":true,"content":true,"excerpt":false},"ru":{"title":true,"content":true,"excerpt":false},"pt":{"title":true,"content":true,"excerpt":false},"zh":{"title":true,"content":true,"excerpt":false},"es":{"title":true,"content":true,"excerpt":false},"fr":{"title":true,"content":true,"excerpt":false},"de":{"title":true,"content":true,"excerpt":false},"it":{"title":true,"content":true,"excerpt":false},"ja":{"title":true,"content":true,"excerpt":false}}},"yoast_head":"<!-- This site is optimized with the Yoast SEO plugin v27.0 - https:\/\/yoast.com\/product\/yoast-seo-wordpress\/ -->\n<title>Configuration de l&#039;importation automatique dans Hand2Note<\/title>\n<meta name=\"description\" content=\"Configurez l&#039;importation automatique de Hand2Note pour suivre les mains en temps r\u00e9el et mettre \u00e0 jour les statistiques du HUD dans des salles de poker comme PokerStars, 888Poker et ACR.\" \/>\n<meta name=\"robots\" content=\"index, follow, max-snippet:-1, max-image-preview:large, max-video-preview:-1\" \/>\n<link rel=\"canonical\" href=\"https:\/\/hand2noteguide.com\/user-manual\/setting-up-an-auto-import-in-hand2note\/\" \/>\n<meta property=\"og:locale\" content=\"fr_FR\" \/>\n<meta property=\"og:type\" content=\"article\" \/>\n<meta property=\"og:title\" content=\"Configuration de l&#039;importation automatique dans Hand2Note\" \/>\n<meta property=\"og:description\" content=\"Configurez l&#039;importation automatique de Hand2Note pour suivre les mains en temps r\u00e9el et mettre \u00e0 jour les statistiques du HUD dans des salles de poker comme PokerStars, 888Poker et ACR.\" \/>\n<meta property=\"og:url\" content=\"https:\/\/hand2noteguide.com\/user-manual\/setting-up-an-auto-import-in-hand2note\/\" \/>\n<meta property=\"og:site_name\" content=\"Hand2Note Guide\" \/>\n<meta property=\"article:modified_time\" content=\"2026-03-10T08:12:55+00:00\" \/>\n<meta property=\"og:image\" content=\"https:\/\/hand2noteguide.com\/wp-content\/uploads\/2025\/03\/Base_new_HUD_prev.jpg\" \/>\n\t<meta property=\"og:image:width\" content=\"1413\" \/>\n\t<meta property=\"og:image:height\" content=\"832\" \/>\n\t<meta property=\"og:image:type\" content=\"image\/jpeg\" \/>\n<meta name=\"twitter:card\" content=\"summary_large_image\" \/>\n<meta name=\"twitter:label1\" content=\"Est. reading time\" \/>\n\t<meta name=\"twitter:data1\" content=\"5 minutes\" \/>\n<!-- \/ Yoast SEO plugin. -->","yoast_head_json":{"title":"Configuration de l'importation automatique dans Hand2Note","description":"Configurez l'importation automatique de Hand2Note pour suivre les mains en temps r\u00e9el et mettre \u00e0 jour les statistiques du HUD dans des salles de poker comme PokerStars, 888Poker et ACR.","robots":{"index":"index","follow":"follow","max-snippet":"max-snippet:-1","max-image-preview":"max-image-preview:large","max-video-preview":"max-video-preview:-1"},"canonical":"https:\/\/hand2noteguide.com\/user-manual\/setting-up-an-auto-import-in-hand2note\/","og_locale":"fr_FR","og_type":"article","og_title":"Configuration de l'importation automatique dans Hand2Note","og_description":"Configurez l'importation automatique de Hand2Note pour suivre les mains en temps r\u00e9el et mettre \u00e0 jour les statistiques du HUD dans des salles de poker comme PokerStars, 888Poker et ACR.","og_url":"https:\/\/hand2noteguide.com\/user-manual\/setting-up-an-auto-import-in-hand2note\/","og_site_name":"Hand2Note Guide","article_modified_time":"2026-03-10T08:12:55+00:00","og_image":[{"width":1413,"height":832,"url":"https:\/\/hand2noteguide.com\/wp-content\/uploads\/2025\/03\/Base_new_HUD_prev.jpg","type":"image\/jpeg"}],"twitter_card":"summary_large_image","twitter_misc":{"Est. reading time":"5 minutes"},"schema":{"@context":"https:\/\/schema.org","@graph":[]}},"jetpack_sharing_enabled":true,"_links":{"self":[{"href":"https:\/\/hand2noteguide.com\/fr\/wp-json\/wp\/v2\/pages\/9299","targetHints":{"allow":["GET"]}}],"collection":[{"href":"https:\/\/hand2noteguide.com\/fr\/wp-json\/wp\/v2\/pages"}],"about":[{"href":"https:\/\/hand2noteguide.com\/fr\/wp-json\/wp\/v2\/types\/page"}],"author":[{"embeddable":true,"href":"https:\/\/hand2noteguide.com\/fr\/wp-json\/wp\/v2\/users\/3"}],"replies":[{"embeddable":true,"href":"https:\/\/hand2noteguide.com\/fr\/wp-json\/wp\/v2\/comments?post=9299"}],"version-history":[{"count":44,"href":"https:\/\/hand2noteguide.com\/fr\/wp-json\/wp\/v2\/pages\/9299\/revisions"}],"predecessor-version":[{"id":15612,"href":"https:\/\/hand2noteguide.com\/fr\/wp-json\/wp\/v2\/pages\/9299\/revisions\/15612"}],"up":[{"embeddable":true,"href":"https:\/\/hand2noteguide.com\/fr\/wp-json\/wp\/v2\/pages\/9199"}],"wp:featuredmedia":[{"embeddable":true,"href":"https:\/\/hand2noteguide.com\/fr\/wp-json\/wp\/v2\/media\/9304"}],"wp:attachment":[{"href":"https:\/\/hand2noteguide.com\/fr\/wp-json\/wp\/v2\/media?parent=9299"}],"curies":[{"name":"wp","href":"https:\/\/api.w.org\/{rel}","templated":true}]}}