{"id":9345,"date":"2025-03-20T15:19:28","date_gmt":"2025-03-20T12:19:28","guid":{"rendered":"https:\/\/hand2noteguide.com\/?page_id=9345"},"modified":"2026-03-10T11:13:39","modified_gmt":"2026-03-10T08:13:39","slug":"fish-game-analysis-selection-win-rate-at-fish-tables","status":"publish","type":"page","link":"https:\/\/hand2noteguide.com\/fr\/user-manual\/fish-game-analysis-selection-win-rate-at-fish-tables\/","title":{"rendered":"Analyse de la s\u00e9lection de table et du jeu contre les fishs avec Hand2Note"},"content":{"rendered":"\n<p>Il n&#8217;est pas secret que l&#8217;une des comp\u00e9tences principales des joueurs de poker professionnels est la s\u00e9lection de jeu (cibler les fishs).<\/p>\n\n\n\n<p>Hand2Note vous permet de calculer le pourcentage de jeu aux tables avec un fish, ainsi que d&#8217;analyser le jeu \u00e0 ces tables.<\/p>\n\n\n\n<h2 class=\"wp-block-heading\">Calcul du pourcentage de jeu aux tables avec des fishs<\/h2>\n\n\n\n<p>Pour d\u00e9terminer quel est votre pourcentage de s\u00e9lection de jeu, vous devez :<\/p>\n\n\n\n<ol class=\"wp-block-list\">\n<li>Trouver <strong>le nombre de toutes les mains jou\u00e9es<\/strong> ;<\/li>\n\n\n\n<li>Trouver <strong>le nombre de mains jou\u00e9es aux tables avec un fish<\/strong> ;<\/li>\n\n\n\n<li>Calculer le pourcentage de s\u00e9lection de jeu en utilisant la formule : <strong>nombre de mains jou\u00e9es aux tables avec un fish<\/strong> \/ <strong>nombre de toutes les mains jou\u00e9es<\/strong> * <strong>100<\/strong>.<\/li>\n<\/ol>\n\n\n\n<p>Pour calculer le pourcentage de jeu aux tables avec des fishs dans Hand2Note, proc\u00e9dez comme suit :<\/p>\n\n\n\n<ol class=\"wp-block-list\">\n<li>Dans la fen\u00eatre principale de Hand2Note, ouvrez l&#8217;onglet \u201c<a href=\"https:\/\/hand2noteguide.com\/fr\/user-manual\/hand2note-report-menu\/\">Reports<\/a>\u201d (1), trouvez la statistique &#8220;Number of hands&#8221; (2), c&#8217;est le nombre de toutes les mains jou\u00e9es (33000 dans notre cas), m\u00e9morisez-le ou notez-le ;<\/li>\n\n\n\n<li>Puis cliquez sur le bouton \u201cFilter\u201d (3), dans la fen\u00eatre de filtre ouverte, allez \u00e0 l&#8217;onglet \u201cGeneral\u201d (4) ;<\/li>\n\n\n\n<li>Dans la ligne \u201cFish Count\u201d (5), indiquez le nombre souhait\u00e9 de joueurs fishs \u00e0 la table (par exemple, mettez \u201c1+\u201d) ;<\/li>\n\n\n\n<li>Dans la ligne \u201cMax Fish Vpip\u201d (6) sp\u00e9cifiez avec quel VPIP de fish vous \u00eates int\u00e9ress\u00e9 (par exemple, mettez \u201c50+\u201d), puis cliquez sur \u201cAPPLY\u201d (7) pour ajouter le filtre ;<\/li>\n\n\n\n<li>Apr\u00e8s avoir appliqu\u00e9 le filtre, m\u00e9morisez ou notez la valeur \u201cHands\u201d (8) &#8211; c&#8217;est le nombre de mains jou\u00e9es aux tables avec des fishs (19000 dans notre cas) ;<\/li>\n\n\n\n<li>Calculez selon la formule : nombre de mains jou\u00e9es aux tables avec un fish \/ nombre de mains jou\u00e9es * 100 (19000 \/ 33000 * 100 = <strong>57,5%<\/strong>).<\/li>\n<\/ol>\n\n\n\n<figure class=\"wp-block-image size-large\"><img loading=\"lazy\" decoding=\"async\" width=\"1024\" height=\"647\" src=\"https:\/\/hand2noteguide.com\/wp-content\/uploads\/2025\/03\/\u0411\u0435\u0437-\u0438\u043c\u0435\u043d\u04383-1024x647.jpg\" alt=\"\" class=\"wp-image-9387\" srcset=\"https:\/\/hand2noteguide.com\/wp-content\/uploads\/2025\/03\/\u0411\u0435\u0437-\u0438\u043c\u0435\u043d\u04383-1024x647.jpg 1024w, https:\/\/hand2noteguide.com\/wp-content\/uploads\/2025\/03\/\u0411\u0435\u0437-\u0438\u043c\u0435\u043d\u04383-300x190.jpg 300w, https:\/\/hand2noteguide.com\/wp-content\/uploads\/2025\/03\/\u0411\u0435\u0437-\u0438\u043c\u0435\u043d\u04383-768x485.jpg 768w, https:\/\/hand2noteguide.com\/wp-content\/uploads\/2025\/03\/\u0411\u0435\u0437-\u0438\u043c\u0435\u043d\u04383-1536x971.jpg 1536w, https:\/\/hand2noteguide.com\/wp-content\/uploads\/2025\/03\/\u0411\u0435\u0437-\u0438\u043c\u0435\u043d\u04383-772x488.jpg 772w, https:\/\/hand2noteguide.com\/wp-content\/uploads\/2025\/03\/\u0411\u0435\u0437-\u0438\u043c\u0435\u043d\u04383-624x394.jpg 624w, https:\/\/hand2noteguide.com\/wp-content\/uploads\/2025\/03\/\u0411\u0435\u0437-\u0438\u043c\u0435\u043d\u04383.jpg 1687w\" sizes=\"auto, (max-width: 1024px) 100vw, 1024px\" \/><\/figure>\n\n\n\n<p>On consid\u00e8re que le pourcentage minimum de jeu aux tables avec des fishs, en utilisant la s\u00e9lection de table, devrait \u00eatre :<\/p>\n\n\n\n<ul class=\"wp-block-list\">\n<li>Lorsque vous jouez dans des salles de poker avec un lobby semi-anonyme (RedStar, Chico, WPN et autres) &#8211; \u00e0 partir de 65% et plus ;<\/li>\n\n\n\n<li>Lorsque vous jouez dans des salles de poker avec un lobby ouvert (888Poker, PokerStars, PPPoker, PokerBROS, CoinPoker et autres) &#8211; \u00e0 partir de 80% et plus.<\/li>\n<\/ul>\n\n\n\n<p>Dans l&#8217;exemple, le jeu se d\u00e9roule dans la salle de poker RedStar avec un lobby semi-anonyme et le pourcentage de s\u00e9lection est de 57,5%.<\/p>\n\n\n\n<p>Ainsi, le joueur \u00e9valu\u00e9 doit augmenter le pourcentage de jeu aux tables avec des fishs au pourcentage requis dans les salles avec des lobbys semi-anonymes, plus pr\u00e9cis\u00e9ment au-dessus de 65%.<\/p>\n\n\n\n<h2 class=\"wp-block-heading\">Analyse du jeu aux tables avec des fishs<\/h2>\n\n\n\n<p>Apr\u00e8s avoir appliqu\u00e9 le filtre, vous pouvez non seulement calculer le pourcentage de s\u00e9lection, mais vous pouvez \u00e9galement \u00e9valuer de nombreuses statistiques lorsque vous jouez contre des fishs, telles que :<\/p>\n\n\n\n<ul class=\"wp-block-list\">\n<li>&#8220;VPIP&#8221; et &#8220;PFR&#8221; (1) ;<\/li>\n\n\n\n<li>&#8220;Win rate bb\/100&#8221; (2) ;<\/li>\n\n\n\n<li>&#8220;3Bet&#8221;, &#8220;WTSD&#8221;, &#8220;W%SD&#8221;, &#8220;WWSF%&#8221; (3) ;<\/li>\n\n\n\n<li>En ouvrant l&#8217;onglet \u201cPositions\u201d (4), faites attention \u00e0 la colonne \u201cWin rate bb\/100\u201d (5) &#8211; vous verrez vos valeurs de win rate bb\/100 pour diff\u00e9rentes positions.<\/li>\n<\/ul>\n\n\n\n<figure class=\"wp-block-image size-large\"><img loading=\"lazy\" decoding=\"async\" width=\"1024\" height=\"558\" src=\"https:\/\/hand2noteguide.com\/wp-content\/uploads\/2025\/03\/\u0411\u0435\u0437-\u0438\u043c\u0435\u043d\u04384-1024x558.jpg\" alt=\"\" class=\"wp-image-9405\" srcset=\"https:\/\/hand2noteguide.com\/wp-content\/uploads\/2025\/03\/\u0411\u0435\u0437-\u0438\u043c\u0435\u043d\u04384-1024x558.jpg 1024w, https:\/\/hand2noteguide.com\/wp-content\/uploads\/2025\/03\/\u0411\u0435\u0437-\u0438\u043c\u0435\u043d\u04384-300x163.jpg 300w, https:\/\/hand2noteguide.com\/wp-content\/uploads\/2025\/03\/\u0411\u0435\u0437-\u0438\u043c\u0435\u043d\u04384-768x418.jpg 768w, https:\/\/hand2noteguide.com\/wp-content\/uploads\/2025\/03\/\u0411\u0435\u0437-\u0438\u043c\u0435\u043d\u04384-772x421.jpg 772w, https:\/\/hand2noteguide.com\/wp-content\/uploads\/2025\/03\/\u0411\u0435\u0437-\u0438\u043c\u0435\u043d\u04384-624x340.jpg 624w, https:\/\/hand2noteguide.com\/wp-content\/uploads\/2025\/03\/\u0411\u0435\u0437-\u0438\u043c\u0435\u043d\u04384.jpg 1303w\" sizes=\"auto, (max-width: 1024px) 100vw, 1024px\" \/><\/figure>\n\n\n\n<p>Si nous regardons l&#8217;exemple, nous voyons un jeu assez serr\u00e9 &#8211; le VPIP est de 19 et le PFR est de 17. Le joueur devrait augmenter ses valeurs de VPIP et de PFR lorsqu&#8217;il joue contre des fishs.<\/p>\n\n\n\n<p>Le win rate bb\/100 est bas mais acceptable. Il devrait \u00eatre de 13 bb\/100 ou plus, selon l&#8217;estimation des principaux coachs de Holdem.<\/p>\n\n\n\n<p>Les autres param\u00e8tres dans l&#8217;exemple sont trop variables et changeants dans l&#8217;estimation en raison du faible nombre de mains aux tables avec un fish.<\/p>\n","protected":false},"excerpt":{"rendered":"<p>Il n&#8217;est pas secret que l&#8217;une des comp\u00e9tences principales des joueurs de poker professionnels est la s\u00e9lection de jeu (cibler les fishs). Hand2Note vous permet de calculer le pourcentage de jeu aux tables avec un fish, ainsi que d&#8217;analyser le jeu \u00e0 ces tables. Calcul du pourcentage de jeu aux tables avec des fishs Pour &hellip; <a href=\"https:\/\/hand2noteguide.com\/fr\/user-manual\/fish-game-analysis-selection-win-rate-at-fish-tables\/\" class=\"more-link\">Continue reading <span class=\"screen-reader-text\">Analyse de la s\u00e9lection de table et du jeu contre les fishs avec Hand2Note<\/span><\/a><\/p>\n","protected":false},"author":3,"featured_media":9356,"parent":9199,"menu_order":0,"comment_status":"closed","ping_status":"closed","template":"","meta":{"footnotes":""},"class_list":["post-9345","page","type-page","status-publish","has-post-thumbnail","hentry"],"translation":{"provider":"WPGlobus","version":"3.0.2","language":"fr","enabled_languages":["en","ru","pt","zh","es","fr","de","it","ja"],"languages":{"en":{"title":true,"content":true,"excerpt":false},"ru":{"title":true,"content":true,"excerpt":false},"pt":{"title":true,"content":true,"excerpt":false},"zh":{"title":true,"content":true,"excerpt":false},"es":{"title":true,"content":true,"excerpt":false},"fr":{"title":true,"content":true,"excerpt":false},"de":{"title":true,"content":true,"excerpt":false},"it":{"title":true,"content":true,"excerpt":false},"ja":{"title":true,"content":true,"excerpt":false}}},"yoast_head":"<!-- This site is optimized with the Yoast SEO plugin v27.0 - https:\/\/yoast.com\/product\/yoast-seo-wordpress\/ -->\n<title>Analyse de la s\u00e9lection de table et du jeu contre les fishs avec Hand2Note<\/title>\n<meta name=\"description\" content=\"Calculez et am\u00e9liorez la s\u00e9lection de jeu au poker avec Hand2Note. Suivez les mains jou\u00e9es contre les fishs et augmentez votre taux de victoire gr\u00e2ce \u00e0 un ciblage intelligent et \u00e0 l&#039;analyse des statistiques.\" \/>\n<meta name=\"robots\" content=\"index, follow, max-snippet:-1, max-image-preview:large, max-video-preview:-1\" \/>\n<link rel=\"canonical\" href=\"https:\/\/hand2noteguide.com\/user-manual\/fish-game-analysis-selection-win-rate-at-fish-tables\/\" \/>\n<meta property=\"og:locale\" content=\"fr_FR\" \/>\n<meta property=\"og:type\" content=\"article\" \/>\n<meta property=\"og:title\" content=\"Analyse de la s\u00e9lection de table et du jeu contre les fishs avec Hand2Note\" \/>\n<meta property=\"og:description\" content=\"Calculez et am\u00e9liorez la s\u00e9lection de jeu au poker avec Hand2Note. Suivez les mains jou\u00e9es contre les fishs et augmentez votre taux de victoire gr\u00e2ce \u00e0 un ciblage intelligent et \u00e0 l&#039;analyse des statistiques.\" \/>\n<meta property=\"og:url\" content=\"https:\/\/hand2noteguide.com\/user-manual\/fish-game-analysis-selection-win-rate-at-fish-tables\/\" \/>\n<meta property=\"og:site_name\" content=\"Hand2Note Guide\" \/>\n<meta property=\"article:modified_time\" content=\"2026-03-10T08:13:39+00:00\" \/>\n<meta property=\"og:image\" content=\"https:\/\/hand2noteguide.com\/wp-content\/uploads\/2025\/03\/\u0411\u0435\u0437-\u0438\u043c\u0435\u043d\u0438-1-1.jpg\" \/>\n\t<meta property=\"og:image:width\" content=\"1813\" \/>\n\t<meta property=\"og:image:height\" content=\"1810\" \/>\n\t<meta property=\"og:image:type\" content=\"image\/jpeg\" \/>\n<meta name=\"twitter:card\" content=\"summary_large_image\" \/>\n<meta name=\"twitter:label1\" content=\"Est. reading time\" \/>\n\t<meta name=\"twitter:data1\" content=\"17 minutes\" \/>\n<!-- \/ Yoast SEO plugin. -->","yoast_head_json":{"title":"Analyse de la s\u00e9lection de table et du jeu contre les fishs avec Hand2Note","description":"Calculez et am\u00e9liorez la s\u00e9lection de jeu au poker avec Hand2Note. Suivez les mains jou\u00e9es contre les fishs et augmentez votre taux de victoire gr\u00e2ce \u00e0 un ciblage intelligent et \u00e0 l'analyse des statistiques.","robots":{"index":"index","follow":"follow","max-snippet":"max-snippet:-1","max-image-preview":"max-image-preview:large","max-video-preview":"max-video-preview:-1"},"canonical":"https:\/\/hand2noteguide.com\/user-manual\/fish-game-analysis-selection-win-rate-at-fish-tables\/","og_locale":"fr_FR","og_type":"article","og_title":"Analyse de la s\u00e9lection de table et du jeu contre les fishs avec Hand2Note","og_description":"Calculez et am\u00e9liorez la s\u00e9lection de jeu au poker avec Hand2Note. Suivez les mains jou\u00e9es contre les fishs et augmentez votre taux de victoire gr\u00e2ce \u00e0 un ciblage intelligent et \u00e0 l'analyse des statistiques.","og_url":"https:\/\/hand2noteguide.com\/user-manual\/fish-game-analysis-selection-win-rate-at-fish-tables\/","og_site_name":"Hand2Note Guide","article_modified_time":"2026-03-10T08:13:39+00:00","og_image":[{"width":1813,"height":1810,"url":"https:\/\/hand2noteguide.com\/wp-content\/uploads\/2025\/03\/\u0411\u0435\u0437-\u0438\u043c\u0435\u043d\u0438-1-1.jpg","type":"image\/jpeg"}],"twitter_card":"summary_large_image","twitter_misc":{"Est. reading time":"17 minutes"},"schema":{"@context":"https:\/\/schema.org","@graph":[]}},"jetpack_sharing_enabled":true,"_links":{"self":[{"href":"https:\/\/hand2noteguide.com\/fr\/wp-json\/wp\/v2\/pages\/9345","targetHints":{"allow":["GET"]}}],"collection":[{"href":"https:\/\/hand2noteguide.com\/fr\/wp-json\/wp\/v2\/pages"}],"about":[{"href":"https:\/\/hand2noteguide.com\/fr\/wp-json\/wp\/v2\/types\/page"}],"author":[{"embeddable":true,"href":"https:\/\/hand2noteguide.com\/fr\/wp-json\/wp\/v2\/users\/3"}],"replies":[{"embeddable":true,"href":"https:\/\/hand2noteguide.com\/fr\/wp-json\/wp\/v2\/comments?post=9345"}],"version-history":[{"count":57,"href":"https:\/\/hand2noteguide.com\/fr\/wp-json\/wp\/v2\/pages\/9345\/revisions"}],"predecessor-version":[{"id":15613,"href":"https:\/\/hand2noteguide.com\/fr\/wp-json\/wp\/v2\/pages\/9345\/revisions\/15613"}],"up":[{"embeddable":true,"href":"https:\/\/hand2noteguide.com\/fr\/wp-json\/wp\/v2\/pages\/9199"}],"wp:featuredmedia":[{"embeddable":true,"href":"https:\/\/hand2noteguide.com\/fr\/wp-json\/wp\/v2\/media\/9356"}],"wp:attachment":[{"href":"https:\/\/hand2noteguide.com\/fr\/wp-json\/wp\/v2\/media?parent=9345"}],"curies":[{"name":"wp","href":"https:\/\/api.w.org\/{rel}","templated":true}]}}