{"id":9435,"date":"2025-03-26T16:16:01","date_gmt":"2025-03-26T13:16:01","guid":{"rendered":"https:\/\/hand2noteguide.com\/?page_id=9435"},"modified":"2026-03-10T11:14:58","modified_gmt":"2026-03-10T08:14:58","slug":"marking-hands-in-hand2note","status":"publish","type":"page","link":"https:\/\/hand2noteguide.com\/fr\/user-manual\/marking-hands-in-hand2note\/","title":{"rendered":"Marquer les mains dans Hand2Note"},"content":{"rendered":"\n<p>Hand2Note vous permet de cr\u00e9er et d&#8217;appliquer divers tags aux mains d\u00e9j\u00e0 jou\u00e9es, ainsi que de les organiser, les exporter et les pr\u00e9senter sous forme visuelle.<\/p>\n\n\n\n<h2 class=\"wp-block-heading\">Cr\u00e9er des tags personnalis\u00e9s pour marquer les mains dans Hand2Note<\/h2>\n\n\n\n<p>Juste apr\u00e8s l&#8217;installation, Hand2Note dispose d\u00e9j\u00e0 de tags de base pour marquer les mains (3), vous pouvez les voir en ouvrant la fen\u00eatre principale du programme : \u201cConfiguration\u201d (1) puis allez \u00e0 l&#8217;onglet &#8220;Marked Hand Tags&#8221; (2) :<\/p>\n\n\n\n<figure class=\"wp-block-image size-large\"><img loading=\"lazy\" decoding=\"async\" width=\"1024\" height=\"576\" src=\"https:\/\/hand2noteguide.com\/wp-content\/uploads\/2025\/03\/\u0411\u0435\u0437-\u0438\u043c\u0435\u043d\u0438-2221-1024x576.jpg\" alt=\"\" class=\"wp-image-9446\" srcset=\"https:\/\/hand2noteguide.com\/wp-content\/uploads\/2025\/03\/\u0411\u0435\u0437-\u0438\u043c\u0435\u043d\u0438-2221-1024x576.jpg 1024w, https:\/\/hand2noteguide.com\/wp-content\/uploads\/2025\/03\/\u0411\u0435\u0437-\u0438\u043c\u0435\u043d\u0438-2221-300x169.jpg 300w, https:\/\/hand2noteguide.com\/wp-content\/uploads\/2025\/03\/\u0411\u0435\u0437-\u0438\u043c\u0435\u043d\u0438-2221-768x432.jpg 768w, https:\/\/hand2noteguide.com\/wp-content\/uploads\/2025\/03\/\u0411\u0435\u0437-\u0438\u043c\u0435\u043d\u0438-2221-1536x864.jpg 1536w, https:\/\/hand2noteguide.com\/wp-content\/uploads\/2025\/03\/\u0411\u0435\u0437-\u0438\u043c\u0435\u043d\u0438-2221-772x434.jpg 772w, https:\/\/hand2noteguide.com\/wp-content\/uploads\/2025\/03\/\u0411\u0435\u0437-\u0438\u043c\u0435\u043d\u0438-2221-624x351.jpg 624w, https:\/\/hand2noteguide.com\/wp-content\/uploads\/2025\/03\/\u0411\u0435\u0437-\u0438\u043c\u0435\u043d\u0438-2221.jpg 1920w\" sizes=\"auto, (max-width: 1024px) 100vw, 1024px\" \/><\/figure>\n\n\n\n<p>Pour cr\u00e9er votre propre tag, cliquez sur \u201cCreate Tag\u2026\u201d (1). Imm\u00e9diatement apr\u00e8s avoir cliqu\u00e9 sur \u201cCreate Tag\u2026\u201d, un tag nomm\u00e9 \u201cmy tag\u201d appara\u00eetra en bas de la liste des tags (2).<\/p>\n\n\n\n<div class=\"wp-block-group\"><div class=\"wp-block-group__inner-container is-layout-constrained wp-block-group-is-layout-constrained\">\n<p>En survolant la zone \u201cmy tag\u201d (2), vous aurez acc\u00e8s \u00e0 des outils pour l&#8217;\u00e9diter :<\/p>\n\n\n\n<ul class=\"wp-block-list\">\n<li>Vous pouvez changer la position du tag dans la liste en cliquant sur le symbole de fl\u00e8che (5) ;<\/li>\n\n\n\n<li>Vous pouvez changer la couleur du tag en cliquant sur le carr\u00e9 color\u00e9 (4) ;<\/li>\n\n\n\n<li>Vous pouvez changer le nom du tag en double-cliquant sur la zone (3) ou en cliquant une fois sur la zone (6) ;<\/li>\n\n\n\n<li>Vous pouvez supprimer un tag en appuyant sur la zone (7).<\/li>\n<\/ul>\n<\/div><\/div>\n\n\n\n<figure class=\"wp-block-image size-full is-resized\"><img loading=\"lazy\" decoding=\"async\" src=\"https:\/\/hand2noteguide.com\/wp-content\/uploads\/2025\/03\/\u0411\u0435\u0437-\u0438\u043c\u0435\u043d\u04386767-1.jpg\" alt=\"\" class=\"wp-image-9447\" width=\"416\" height=\"503\" srcset=\"https:\/\/hand2noteguide.com\/wp-content\/uploads\/2025\/03\/\u0411\u0435\u0437-\u0438\u043c\u0435\u043d\u04386767-1.jpg 442w, https:\/\/hand2noteguide.com\/wp-content\/uploads\/2025\/03\/\u0411\u0435\u0437-\u0438\u043c\u0435\u043d\u04386767-1-248x300.jpg 248w\" sizes=\"auto, (max-width: 416px) 100vw, 416px\" \/><\/figure>\n\n\n\n<h2 class=\"wp-block-heading\">Diff\u00e9rentes fa\u00e7ons de marquer les mains<\/h2>\n\n\n\n<div class=\"wp-block-group\"><div class=\"wp-block-group__inner-container is-layout-constrained wp-block-group-is-layout-constrained\">\n<p>Vous pouvez marquer les mains dans Hand2Note dans deux situations :<\/p>\n\n\n\n<ul class=\"wp-block-list\">\n<li>Au moment de jouer \u00e0 la table ;<\/li>\n\n\n\n<li>En dehors de la table.<\/li>\n<\/ul>\n<\/div><\/div>\n\n\n\n<div class=\"wp-block-group\"><div class=\"wp-block-group__inner-container is-layout-constrained wp-block-group-is-layout-constrained\">\n<p>De la m\u00eame mani\u00e8re, il est possible de marquer une main par deux m\u00e9thodes :<\/p>\n\n\n\n<ul class=\"wp-block-list\">\n<li>En utilisant le tag ;<\/li>\n\n\n\n<li>Sans utiliser de tag.<\/li>\n<\/ul>\n<\/div><\/div>\n\n\n\n<h3 class=\"wp-block-heading\">Marquer les mains au moment de jouer \u00e0 la table<\/h3>\n\n\n\n<p>Vous pouvez marquer la main n\u00e9cessaire pendant le jeu imm\u00e9diatement apr\u00e8s sa fin (pendant la main qui la suit) en appuyant sur les touches de raccourci :<\/p>\n\n\n\n<ul class=\"wp-block-list\">\n<li>\u201cF5\u201d &#8211; marquer la derni\u00e8re main jou\u00e9e \u00e0 la table sans utiliser le tag ;<\/li>\n\n\n\n<li>\u201cF6\u201d &#8211; marquer la derni\u00e8re main jou\u00e9e \u00e0 la table en utilisant le tag.<\/li>\n<\/ul>\n\n\n\n<p>Pour changer les touches de raccourci selon vos pr\u00e9f\u00e9rences : Ouvrez \u201cConfiguration\u201d (1), allez au menu \u201cHUD\u201d (2), faites d\u00e9filer jusqu&#8217;\u00e0 la colonne \u201cHot Keys\u201d (3), et changez les param\u00e8tres :<\/p>\n\n\n\n<ul class=\"wp-block-list\">\n<li>\u201cMark last hand key\u201d (4) &#8211; d\u00e9finit la touche de raccourci pour marquer la derni\u00e8re main jou\u00e9e \u00e0 la table sans utiliser le tag ;<\/li>\n\n\n\n<li>\u201cMark last hand with tags key\u201d (5) &#8211; d\u00e9finit la touche de raccourci pour marquer la derni\u00e8re main jou\u00e9e \u00e0 la table en utilisant le tag.<\/li>\n<\/ul>\n\n\n\n<figure class=\"wp-block-image size-large\"><img loading=\"lazy\" decoding=\"async\" width=\"1024\" height=\"576\" src=\"https:\/\/hand2noteguide.com\/wp-content\/uploads\/2025\/03\/\u0411\u0435\u0437-\u0438\u043c\u0435\u043d\u0438-6767671-1024x576.jpg\" alt=\"\" class=\"wp-image-9472\" srcset=\"https:\/\/hand2noteguide.com\/wp-content\/uploads\/2025\/03\/\u0411\u0435\u0437-\u0438\u043c\u0435\u043d\u0438-6767671-1024x576.jpg 1024w, https:\/\/hand2noteguide.com\/wp-content\/uploads\/2025\/03\/\u0411\u0435\u0437-\u0438\u043c\u0435\u043d\u0438-6767671-300x169.jpg 300w, https:\/\/hand2noteguide.com\/wp-content\/uploads\/2025\/03\/\u0411\u0435\u0437-\u0438\u043c\u0435\u043d\u0438-6767671-768x432.jpg 768w, https:\/\/hand2noteguide.com\/wp-content\/uploads\/2025\/03\/\u0411\u0435\u0437-\u0438\u043c\u0435\u043d\u0438-6767671-1536x864.jpg 1536w, https:\/\/hand2noteguide.com\/wp-content\/uploads\/2025\/03\/\u0411\u0435\u0437-\u0438\u043c\u0435\u043d\u0438-6767671-772x434.jpg 772w, https:\/\/hand2noteguide.com\/wp-content\/uploads\/2025\/03\/\u0411\u0435\u0437-\u0438\u043c\u0435\u043d\u0438-6767671-624x351.jpg 624w, https:\/\/hand2noteguide.com\/wp-content\/uploads\/2025\/03\/\u0411\u0435\u0437-\u0438\u043c\u0435\u043d\u0438-6767671.jpg 1920w\" sizes=\"auto, (max-width: 1024px) 100vw, 1024px\" \/><\/figure>\n\n\n\n<h3 class=\"wp-block-heading\">Marquer les mains en dehors de la table<\/h3>\n\n\n\n<p>Vous pouvez marquer la main n\u00e9cessaire en dehors de la table soit dans la section \u201cSessions\u201d soit dans la section \u201cReports\u201d &#8211; en la trouvant dans l&#8217;une d&#8217;elles dans la liste des mains (\u201cHands\u201d) :<\/p>\n\n\n\n<ul class=\"wp-block-list\">\n<li>Pour la section &#8220;Reports&#8221; : Dans la fen\u00eatre principale de Hand2Note, ouvrez le menu \u201cReports\u201d (1), trouvez la main que vous souhaitez marquer dans la liste \u201cHands\u201d (2) et utilisez RMB (bouton droit de la souris). Dans la liste d\u00e9roulante, choisissez comment vous souhaitez marquer la main :\n<ul class=\"wp-block-list\">\n<li>Sans utiliser le tag &#8211; en cliquant sur \u201cMark Hand\u201d (3) ;<\/li>\n\n\n\n<li>En utilisant un tag &#8211; en cliquant sur \u201cMark Hand With Tags\u2026\u201d (4).<\/li>\n<\/ul>\n<\/li>\n\n\n\n<li>Pour la section &#8220;Sessions&#8221; : Dans la fen\u00eatre principale de Hand2Note, ouvrez le menu \u201cSessions\u201d (5), trouvez la main que vous souhaitez marquer dans la liste \u201cHands\u201d (6), et faites un clic droit dessus. Dans la liste d\u00e9roulante, choisissez comment vous souhaitez marquer la main :\n<ul class=\"wp-block-list\">\n<li>Sans utiliser le tag &#8211; en cliquant sur \u201cMark Hand\u201d (7) ;<\/li>\n\n\n\n<li>En utilisant un tag &#8211; en cliquant sur \u201cMark Hand With Tags\u2026\u201d (8).<\/li>\n<\/ul>\n<\/li>\n<\/ul>\n\n\n\n<figure class=\"wp-block-image size-large\"><img loading=\"lazy\" decoding=\"async\" width=\"1024\" height=\"576\" src=\"https:\/\/hand2noteguide.com\/wp-content\/uploads\/2025\/03\/\u0411\u0435\u0437-\u0438\u043c\u0435\u043d\u0438-14568787845455-1024x576.jpg\" alt=\"\" class=\"wp-image-9507\" srcset=\"https:\/\/hand2noteguide.com\/wp-content\/uploads\/2025\/03\/\u0411\u0435\u0437-\u0438\u043c\u0435\u043d\u0438-14568787845455-1024x576.jpg 1024w, https:\/\/hand2noteguide.com\/wp-content\/uploads\/2025\/03\/\u0411\u0435\u0437-\u0438\u043c\u0435\u043d\u0438-14568787845455-300x169.jpg 300w, https:\/\/hand2noteguide.com\/wp-content\/uploads\/2025\/03\/\u0411\u0435\u0437-\u0438\u043c\u0435\u043d\u0438-14568787845455-768x432.jpg 768w, https:\/\/hand2noteguide.com\/wp-content\/uploads\/2025\/03\/\u0411\u0435\u0437-\u0438\u043c\u0435\u043d\u0438-14568787845455-1536x864.jpg 1536w, https:\/\/hand2noteguide.com\/wp-content\/uploads\/2025\/03\/\u0411\u0435\u0437-\u0438\u043c\u0435\u043d\u0438-14568787845455-772x434.jpg 772w, https:\/\/hand2noteguide.com\/wp-content\/uploads\/2025\/03\/\u0411\u0435\u0437-\u0438\u043c\u0435\u043d\u0438-14568787845455-624x351.jpg 624w, https:\/\/hand2noteguide.com\/wp-content\/uploads\/2025\/03\/\u0411\u0435\u0437-\u0438\u043c\u0435\u043d\u0438-14568787845455.jpg 1920w\" sizes=\"auto, (max-width: 1024px) 100vw, 1024px\" \/><\/figure>\n\n\n\n<h2 class=\"wp-block-heading\">Voir, trier et exporter les mains marqu\u00e9es dans Hand2Note<\/h2>\n\n\n\n<p>Pour voir toutes les mains marqu\u00e9es, vous devez s\u00e9lectionner \u201cMarked Hands\u201d dans la fen\u00eatre principale de Hand2Note (1). Dans la liste ouverte, vous pouvez voir toutes les mains marqu\u00e9es (2). De plus, si vous faites attention au d\u00e9but de chaque ligne, vous pouvez voir les tags (3) qui leur ont \u00e9t\u00e9 attribu\u00e9s ou l&#8217;absence de tags (4) &#8211; pour les mains qui ont \u00e9t\u00e9 marqu\u00e9es sans tags.<\/p>\n\n\n\n<figure class=\"wp-block-image size-large\"><img loading=\"lazy\" decoding=\"async\" width=\"1024\" height=\"550\" src=\"https:\/\/hand2noteguide.com\/wp-content\/uploads\/2025\/03\/\u0411\u0435\u0437-\u0438\u043c\u0435\u043d\u0438345-1-1-1024x550.jpg\" alt=\"\" class=\"wp-image-9513\" srcset=\"https:\/\/hand2noteguide.com\/wp-content\/uploads\/2025\/03\/\u0411\u0435\u0437-\u0438\u043c\u0435\u043d\u0438345-1-1-1024x550.jpg 1024w, https:\/\/hand2noteguide.com\/wp-content\/uploads\/2025\/03\/\u0411\u0435\u0437-\u0438\u043c\u0435\u043d\u0438345-1-1-300x161.jpg 300w, https:\/\/hand2noteguide.com\/wp-content\/uploads\/2025\/03\/\u0411\u0435\u0437-\u0438\u043c\u0435\u043d\u0438345-1-1-768x413.jpg 768w, https:\/\/hand2noteguide.com\/wp-content\/uploads\/2025\/03\/\u0411\u0435\u0437-\u0438\u043c\u0435\u043d\u0438345-1-1-1536x825.jpg 1536w, https:\/\/hand2noteguide.com\/wp-content\/uploads\/2025\/03\/\u0411\u0435\u0437-\u0438\u043c\u0435\u043d\u0438345-1-1-772x415.jpg 772w, https:\/\/hand2noteguide.com\/wp-content\/uploads\/2025\/03\/\u0411\u0435\u0437-\u0438\u043c\u0435\u043d\u0438345-1-1-624x335.jpg 624w, https:\/\/hand2noteguide.com\/wp-content\/uploads\/2025\/03\/\u0411\u0435\u0437-\u0438\u043c\u0435\u043d\u0438345-1-1.jpg 1915w\" sizes=\"auto, (max-width: 1024px) 100vw, 1024px\" \/><\/figure>\n\n\n\n<p>Pour trier les mains par tags, vous devez cliquer sur \u201cTags\u2026\u201d (1) et dans la liste d\u00e9roulante, marquer les tags n\u00e9cessaires pour l&#8217;affichage (2).<\/p>\n\n\n\n<figure class=\"wp-block-image size-large\"><img loading=\"lazy\" decoding=\"async\" width=\"1024\" height=\"564\" src=\"https:\/\/hand2noteguide.com\/wp-content\/uploads\/2025\/03\/\u0411\u0435\u0437-\u04384543\u043a\u0443\u043f\u043c\u0435\u043d\u0438-1-1024x564.jpg\" alt=\"\" class=\"wp-image-9518\" srcset=\"https:\/\/hand2noteguide.com\/wp-content\/uploads\/2025\/03\/\u0411\u0435\u0437-\u04384543\u043a\u0443\u043f\u043c\u0435\u043d\u0438-1-1024x564.jpg 1024w, https:\/\/hand2noteguide.com\/wp-content\/uploads\/2025\/03\/\u0411\u0435\u0437-\u04384543\u043a\u0443\u043f\u043c\u0435\u043d\u0438-1-300x165.jpg 300w, https:\/\/hand2noteguide.com\/wp-content\/uploads\/2025\/03\/\u0411\u0435\u0437-\u04384543\u043a\u0443\u043f\u043c\u0435\u043d\u0438-1-768x423.jpg 768w, https:\/\/hand2noteguide.com\/wp-content\/uploads\/2025\/03\/\u0411\u0435\u0437-\u04384543\u043a\u0443\u043f\u043c\u0435\u043d\u0438-1-1536x846.jpg 1536w, https:\/\/hand2noteguide.com\/wp-content\/uploads\/2025\/03\/\u0411\u0435\u0437-\u04384543\u043a\u0443\u043f\u043c\u0435\u043d\u0438-1-772x425.jpg 772w, https:\/\/hand2noteguide.com\/wp-content\/uploads\/2025\/03\/\u0411\u0435\u0437-\u04384543\u043a\u0443\u043f\u043c\u0435\u043d\u0438-1-624x344.jpg 624w, https:\/\/hand2noteguide.com\/wp-content\/uploads\/2025\/03\/\u0411\u0435\u0437-\u04384543\u043a\u0443\u043f\u043c\u0435\u043d\u0438-1.jpg 1597w\" sizes=\"auto, (max-width: 1024px) 100vw, 1024px\" \/><\/figure>\n\n\n\n<div class=\"wp-block-group\"><div class=\"wp-block-group__inner-container is-layout-constrained wp-block-group-is-layout-constrained\">\n<p>En appuyant sur le symbole d&#8217;engrenage (1) dans le coin sup\u00e9rieur droit, les fonctions suivantes seront disponibles :<\/p>\n\n\n\n<ul class=\"wp-block-list\">\n<li>\u201cImport Marked Hands\u2026\u201d (2) &#8211; importer des mains \u00e0 partir de fichiers texte dans la section \u201cMarked Hands\u201d ;<\/li>\n\n\n\n<li>\u201cExport Marked Hands\u2026\u201d (3) &#8211; exporter des mains de la section \u201cMarked Hands\u201d vers des fichiers texte ;<\/li>\n\n\n\n<li>\u201cUnmark All Hands\u201d (4) &#8211; d\u00e9marque toutes les mains de \u2018Marked Hands\u2019 et les supprime de la section.<\/li>\n<\/ul>\n<\/div><\/div>\n\n\n\n<figure class=\"wp-block-image size-large\"><img loading=\"lazy\" decoding=\"async\" width=\"1024\" height=\"551\" src=\"https:\/\/hand2noteguide.com\/wp-content\/uploads\/2025\/03\/\u0411\u0435\u0437-\u043878\u0435\u043d\u043c\u0435\u043d\u0438-1-1024x551.jpg\" alt=\"\" class=\"wp-image-9519\" srcset=\"https:\/\/hand2noteguide.com\/wp-content\/uploads\/2025\/03\/\u0411\u0435\u0437-\u043878\u0435\u043d\u043c\u0435\u043d\u0438-1-1024x551.jpg 1024w, https:\/\/hand2noteguide.com\/wp-content\/uploads\/2025\/03\/\u0411\u0435\u0437-\u043878\u0435\u043d\u043c\u0435\u043d\u0438-1-300x161.jpg 300w, https:\/\/hand2noteguide.com\/wp-content\/uploads\/2025\/03\/\u0411\u0435\u0437-\u043878\u0435\u043d\u043c\u0435\u043d\u0438-1-768x413.jpg 768w, https:\/\/hand2noteguide.com\/wp-content\/uploads\/2025\/03\/\u0411\u0435\u0437-\u043878\u0435\u043d\u043c\u0435\u043d\u0438-1-1536x827.jpg 1536w, https:\/\/hand2noteguide.com\/wp-content\/uploads\/2025\/03\/\u0411\u0435\u0437-\u043878\u0435\u043d\u043c\u0435\u043d\u0438-1-772x415.jpg 772w, https:\/\/hand2noteguide.com\/wp-content\/uploads\/2025\/03\/\u0411\u0435\u0437-\u043878\u0435\u043d\u043c\u0435\u043d\u0438-1-624x336.jpg 624w, https:\/\/hand2noteguide.com\/wp-content\/uploads\/2025\/03\/\u0411\u0435\u0437-\u043878\u0435\u043d\u043c\u0435\u043d\u0438-1.jpg 1916w\" sizes=\"auto, (max-width: 1024px) 100vw, 1024px\" \/><\/figure>\n\n\n\n<p><\/p>\n","protected":false},"excerpt":{"rendered":"<p>Hand2Note vous permet de cr\u00e9er et d&#8217;appliquer divers tags aux mains d\u00e9j\u00e0 jou\u00e9es, ainsi que de les organiser, les exporter et les pr\u00e9senter sous forme visuelle. Cr\u00e9er des tags personnalis\u00e9s pour marquer les mains dans Hand2Note Juste apr\u00e8s l&#8217;installation, Hand2Note dispose d\u00e9j\u00e0 de tags de base pour marquer les mains (3), vous pouvez les voir &hellip; <a href=\"https:\/\/hand2noteguide.com\/fr\/user-manual\/marking-hands-in-hand2note\/\" class=\"more-link\">Continue reading <span class=\"screen-reader-text\">Marquer les mains dans Hand2Note<\/span><\/a><\/p>\n","protected":false},"author":3,"featured_media":9537,"parent":9199,"menu_order":0,"comment_status":"closed","ping_status":"closed","template":"","meta":{"footnotes":""},"class_list":["post-9435","page","type-page","status-publish","has-post-thumbnail","hentry"],"translation":{"provider":"WPGlobus","version":"3.0.2","language":"fr","enabled_languages":["en","ru","pt","zh","es","fr","de","it","ja"],"languages":{"en":{"title":true,"content":true,"excerpt":false},"ru":{"title":true,"content":true,"excerpt":false},"pt":{"title":true,"content":true,"excerpt":false},"zh":{"title":true,"content":true,"excerpt":false},"es":{"title":true,"content":true,"excerpt":false},"fr":{"title":true,"content":true,"excerpt":false},"de":{"title":true,"content":true,"excerpt":false},"it":{"title":true,"content":true,"excerpt":false},"ja":{"title":true,"content":true,"excerpt":false}}},"yoast_head":"<!-- This site is optimized with the Yoast SEO plugin v27.0 - https:\/\/yoast.com\/product\/yoast-seo-wordpress\/ -->\n<title>Comment marquer et organiser les mains de poker dans Hand2Note<\/title>\n<meta name=\"description\" content=\"Apprenez \u00e0 cr\u00e9er, appliquer et g\u00e9rer des tags personnalis\u00e9s dans Hand2Note pour marquer les mains pendant ou apr\u00e8s le jeu, les organiser, les visualiser, les exporter ou les trier facilement.\" \/>\n<meta name=\"robots\" content=\"index, follow, max-snippet:-1, max-image-preview:large, max-video-preview:-1\" \/>\n<link rel=\"canonical\" href=\"https:\/\/hand2noteguide.com\/user-manual\/marking-hands-in-hand2note\/\" \/>\n<meta property=\"og:locale\" content=\"fr_FR\" \/>\n<meta property=\"og:type\" content=\"article\" \/>\n<meta property=\"og:title\" content=\"\u041c\u0430\u0440\u043a\u0438\u0440\u043e\u0432\u043a\u0430 \u0440\u0443\u043a \u0432 Hand2Note\" \/>\n<meta property=\"og:description\" content=\"Hand2Note \u043f\u043e\u0437\u0432\u043e\u043b\u044f\u0435\u0442 \u043f\u0440\u0438\u043c\u0435\u043d\u044f\u0442\u044c \u0440\u0430\u0437\u043b\u0438\u0447\u043d\u044b\u0435 \u043c\u0435\u0442\u043a\u0438 \u043d\u0430 \u0443\u0436\u0435 \u0441\u044b\u0433\u0440\u0430\u043d\u043d\u044b\u0435 \u0440\u0430\u0437\u0434\u0430\u0447\u0438, \u0430 \u0442\u0430\u043a \u0436\u0435 \u0438\u0445 \u0441\u0438\u0441\u0442\u0435\u043c\u0430\u0442\u0438\u0437\u0438\u0440\u043e\u0432\u0430\u0442\u044c, \u044d\u043a\u0441\u043f\u043e\u0440\u0442\u0438\u0440\u043e\u0432\u0430\u0442\u044c \u0438 \u043f\u0440\u0435\u0434\u043e\u0441\u0442\u0430\u0432\u043b\u044f\u0442\u044c \u0432 \u043d\u0430\u0433\u043b\u044f\u0434\u043d\u043e\u043c \u0432\u0438\u0434\u0435.\" \/>\n<meta property=\"og:url\" content=\"https:\/\/hand2noteguide.com\/user-manual\/marking-hands-in-hand2note\/\" \/>\n<meta property=\"og:site_name\" content=\"Hand2Note Guide\" \/>\n<meta property=\"article:modified_time\" content=\"2026-03-10T08:14:58+00:00\" \/>\n<meta property=\"og:image\" content=\"http:\/\/hand2noteguide.com\/wp-content\/uploads\/2025\/03\/--1-2-1024x576-1.jpg\" \/>\n\t<meta property=\"og:image:width\" content=\"1024\" \/>\n\t<meta property=\"og:image:height\" content=\"576\" \/>\n\t<meta property=\"og:image:type\" content=\"image\/jpeg\" \/>\n<meta name=\"twitter:card\" content=\"summary_large_image\" \/>\n<meta name=\"twitter:label1\" content=\"Est. reading time\" \/>\n\t<meta name=\"twitter:data1\" content=\"22 minutes\" \/>\n<!-- \/ Yoast SEO plugin. -->","yoast_head_json":{"title":"Comment marquer et organiser les mains de poker dans Hand2Note","description":"Apprenez \u00e0 cr\u00e9er, appliquer et g\u00e9rer des tags personnalis\u00e9s dans Hand2Note pour marquer les mains pendant ou apr\u00e8s le jeu, les organiser, les visualiser, les exporter ou les trier facilement.","robots":{"index":"index","follow":"follow","max-snippet":"max-snippet:-1","max-image-preview":"max-image-preview:large","max-video-preview":"max-video-preview:-1"},"canonical":"https:\/\/hand2noteguide.com\/user-manual\/marking-hands-in-hand2note\/","og_locale":"fr_FR","og_type":"article","og_title":"\u041c\u0430\u0440\u043a\u0438\u0440\u043e\u0432\u043a\u0430 \u0440\u0443\u043a \u0432 Hand2Note","og_description":"Hand2Note \u043f\u043e\u0437\u0432\u043e\u043b\u044f\u0435\u0442 \u043f\u0440\u0438\u043c\u0435\u043d\u044f\u0442\u044c \u0440\u0430\u0437\u043b\u0438\u0447\u043d\u044b\u0435 \u043c\u0435\u0442\u043a\u0438 \u043d\u0430 \u0443\u0436\u0435 \u0441\u044b\u0433\u0440\u0430\u043d\u043d\u044b\u0435 \u0440\u0430\u0437\u0434\u0430\u0447\u0438, \u0430 \u0442\u0430\u043a \u0436\u0435 \u0438\u0445 \u0441\u0438\u0441\u0442\u0435\u043c\u0430\u0442\u0438\u0437\u0438\u0440\u043e\u0432\u0430\u0442\u044c, \u044d\u043a\u0441\u043f\u043e\u0440\u0442\u0438\u0440\u043e\u0432\u0430\u0442\u044c \u0438 \u043f\u0440\u0435\u0434\u043e\u0441\u0442\u0430\u0432\u043b\u044f\u0442\u044c \u0432 \u043d\u0430\u0433\u043b\u044f\u0434\u043d\u043e\u043c \u0432\u0438\u0434\u0435.","og_url":"https:\/\/hand2noteguide.com\/user-manual\/marking-hands-in-hand2note\/","og_site_name":"Hand2Note Guide","article_modified_time":"2026-03-10T08:14:58+00:00","og_image":[{"width":1024,"height":576,"url":"http:\/\/hand2noteguide.com\/wp-content\/uploads\/2025\/03\/--1-2-1024x576-1.jpg","type":"image\/jpeg"}],"twitter_card":"summary_large_image","twitter_misc":{"Est. reading time":"22 minutes"},"schema":{"@context":"https:\/\/schema.org","@graph":[]}},"jetpack_sharing_enabled":true,"_links":{"self":[{"href":"https:\/\/hand2noteguide.com\/fr\/wp-json\/wp\/v2\/pages\/9435","targetHints":{"allow":["GET"]}}],"collection":[{"href":"https:\/\/hand2noteguide.com\/fr\/wp-json\/wp\/v2\/pages"}],"about":[{"href":"https:\/\/hand2noteguide.com\/fr\/wp-json\/wp\/v2\/types\/page"}],"author":[{"embeddable":true,"href":"https:\/\/hand2noteguide.com\/fr\/wp-json\/wp\/v2\/users\/3"}],"replies":[{"embeddable":true,"href":"https:\/\/hand2noteguide.com\/fr\/wp-json\/wp\/v2\/comments?post=9435"}],"version-history":[{"count":60,"href":"https:\/\/hand2noteguide.com\/fr\/wp-json\/wp\/v2\/pages\/9435\/revisions"}],"predecessor-version":[{"id":15614,"href":"https:\/\/hand2noteguide.com\/fr\/wp-json\/wp\/v2\/pages\/9435\/revisions\/15614"}],"up":[{"embeddable":true,"href":"https:\/\/hand2noteguide.com\/fr\/wp-json\/wp\/v2\/pages\/9199"}],"wp:featuredmedia":[{"embeddable":true,"href":"https:\/\/hand2noteguide.com\/fr\/wp-json\/wp\/v2\/media\/9537"}],"wp:attachment":[{"href":"https:\/\/hand2noteguide.com\/fr\/wp-json\/wp\/v2\/media?parent=9435"}],"curies":[{"name":"wp","href":"https:\/\/api.w.org\/{rel}","templated":true}]}}