{"id":95,"date":"2018-07-30T02:09:53","date_gmt":"2018-07-29T23:09:53","guid":{"rendered":"https:\/\/h2n312.wordpress.com\/?page_id=95"},"modified":"2025-06-04T19:19:09","modified_gmt":"2025-06-04T16:19:09","slug":"h2n-takes-much-space","status":"publish","type":"page","link":"https:\/\/hand2noteguide.com\/fr\/issues-resolving\/h2n-takes-much-space\/","title":{"rendered":"Hand2Note prend trop de place"},"content":{"rendered":"\n<p>Par d\u00e9faut, le dossier Hand2Note est situ\u00e9 dans <strong>C:\/Program Files\/Hand2Note<\/strong>. Si ce dossier prend trop de place, il est fort probable que la majorit\u00e9 de l&#8217;espace soit occup\u00e9e par les fichiers journaux (<strong>dossier logs<\/strong>).<\/p>\n\n\n\n<figure class=\"wp-block-image\"><img loading=\"lazy\" decoding=\"async\" width=\"827\" height=\"549\" src=\"https:\/\/hand2noteguide.com\/wp-content\/uploads\/2020\/04\/hand2note-logs-folder.png\" alt=\"dossier logs hand2note\" class=\"wp-image-2237\" srcset=\"https:\/\/hand2noteguide.com\/wp-content\/uploads\/2020\/04\/hand2note-logs-folder.png 827w, https:\/\/hand2noteguide.com\/wp-content\/uploads\/2020\/04\/hand2note-logs-folder-300x199.png 300w, https:\/\/hand2noteguide.com\/wp-content\/uploads\/2020\/04\/hand2note-logs-folder-768x510.png 768w, https:\/\/hand2noteguide.com\/wp-content\/uploads\/2020\/04\/hand2note-logs-folder-772x512.png 772w, https:\/\/hand2noteguide.com\/wp-content\/uploads\/2020\/04\/hand2note-logs-folder-624x414.png 624w\" sizes=\"auto, (max-width: 827px) 100vw, 827px\" \/><figcaption>Dossier logs Hand2Note<\/figcaption><\/figure>\n\n\n\n<p>Vous pouvez compl\u00e8tement supprimer ce dossier si sa taille vous d\u00e9range, cela n&#8217;affectera pas le fonctionnement du logiciel.<\/p>\n\n\n\n<p>Vous pouvez \u00e9galement d\u00e9sactiver la journalisation dans les param\u00e8tres du programme. Pour ce faire, allez dans <em>Param\u00e8tres \u2192 Autres options \u2192 Journalisation<\/em>, d\u00e9cochez toutes les options et cliquez sur &#8220;Enregistrer&#8221; :<\/p>\n\n\n\n<figure class=\"wp-block-image\"><img loading=\"lazy\" decoding=\"async\" width=\"855\" height=\"632\" src=\"https:\/\/hand2noteguide.com\/wp-content\/uploads\/2020\/04\/hand2note-logging-options.png\" alt=\"options de journalisation hand2note\" class=\"wp-image-2238\" srcset=\"https:\/\/hand2noteguide.com\/wp-content\/uploads\/2020\/04\/hand2note-logging-options.png 855w, https:\/\/hand2noteguide.com\/wp-content\/uploads\/2020\/04\/hand2note-logging-options-300x222.png 300w, https:\/\/hand2noteguide.com\/wp-content\/uploads\/2020\/04\/hand2note-logging-options-768x568.png 768w, https:\/\/hand2noteguide.com\/wp-content\/uploads\/2020\/04\/hand2note-logging-options-772x571.png 772w, https:\/\/hand2noteguide.com\/wp-content\/uploads\/2020\/04\/hand2note-logging-options-624x461.png 624w\" sizes=\"auto, (max-width: 855px) 100vw, 855px\" \/><figcaption>D\u00e9sactiver les options de journalisation<\/figcaption><\/figure>\n\n\n\n<p>Apr\u00e8s cela, Hand2Note enregistrera uniquement les journaux syst\u00e8me les plus n\u00e9cessaires, qui ne prendront pas beaucoup de place.<\/p>\n\n\n\n<p>Une partie importante de l&#8217;espace disque peut \u00e9galement \u00eatre occup\u00e9e par la <a href=\"https:\/\/hand2noteguide.com\/fr\/guide\/database\/\">base de donn\u00e9es<\/a>. Vous pouvez <a href=\"https:\/\/hand2noteguide.com\/fr\/guide\/database\/move-database-to-another-drive\/\">d\u00e9placer la base de donn\u00e9es vers un autre disque<\/a>, ou simplement <a href=\"https:\/\/hand2noteguide.com\/fr\/guide\/database\/create-database\/\">cr\u00e9er une base de donn\u00e9es vide<\/a> et y importer uniquement les mains pertinentes.<\/p>\n","protected":false},"excerpt":{"rendered":"<p>Par d\u00e9faut, le dossier Hand2Note est situ\u00e9 dans C:\/Program Files\/Hand2Note. Si ce dossier prend trop de place, il est fort probable que la majorit\u00e9 de l&#8217;espace soit occup\u00e9e par les fichiers journaux (dossier logs). Vous pouvez compl\u00e8tement supprimer ce dossier si sa taille vous d\u00e9range, cela n&#8217;affectera pas le fonctionnement du logiciel. Vous pouvez \u00e9galement &hellip; <a href=\"https:\/\/hand2noteguide.com\/fr\/issues-resolving\/h2n-takes-much-space\/\" class=\"more-link\">Continue reading <span class=\"screen-reader-text\">Hand2Note prend trop de place<\/span><\/a><\/p>\n","protected":false},"author":1,"featured_media":0,"parent":236,"menu_order":3,"comment_status":"closed","ping_status":"closed","template":"page-templates\/full-width-page.php","meta":{"footnotes":""},"class_list":["post-95","page","type-page","status-publish","hentry"],"translation":{"provider":"WPGlobus","version":"3.0.2","language":"fr","enabled_languages":["en","ru","pt","zh","es","fr","de","it","ja"],"languages":{"en":{"title":true,"content":true,"excerpt":false},"ru":{"title":true,"content":true,"excerpt":false},"pt":{"title":true,"content":true,"excerpt":false},"zh":{"title":true,"content":true,"excerpt":false},"es":{"title":true,"content":true,"excerpt":false},"fr":{"title":true,"content":true,"excerpt":false},"de":{"title":true,"content":true,"excerpt":false},"it":{"title":true,"content":true,"excerpt":false},"ja":{"title":true,"content":true,"excerpt":false}}},"yoast_head":"<!-- This site is optimized with the Yoast SEO plugin v27.0 - https:\/\/yoast.com\/product\/yoast-seo-wordpress\/ -->\n<title>Optimisez le stockage de Hand2Note : Lib\u00e9rez de l&#039;espace facilement<\/title>\n<meta name=\"description\" content=\"D\u00e9couvrez comment g\u00e9rer le stockage de Hand2Note en supprimant les fichiers journaux et en d\u00e9pla\u00e7ant les bases de donn\u00e9es. Lib\u00e9rez de l&#039;espace sans affecter les performances du logiciel.\" \/>\n<meta name=\"robots\" content=\"index, follow, max-snippet:-1, max-image-preview:large, max-video-preview:-1\" \/>\n<link rel=\"canonical\" href=\"https:\/\/hand2noteguide.com\/issues-resolving\/h2n-takes-much-space\/\" \/>\n<meta property=\"og:locale\" content=\"fr_FR\" \/>\n<meta property=\"og:type\" content=\"article\" \/>\n<meta property=\"og:title\" content=\"Optimisez le stockage de Hand2Note : Lib\u00e9rez de l&#039;espace facilement\" \/>\n<meta property=\"og:description\" content=\"D\u00e9couvrez comment g\u00e9rer le stockage de Hand2Note en supprimant les fichiers journaux et en d\u00e9pla\u00e7ant les bases de donn\u00e9es. Lib\u00e9rez de l&#039;espace sans affecter les performances du logiciel.\" \/>\n<meta property=\"og:url\" content=\"https:\/\/hand2noteguide.com\/issues-resolving\/h2n-takes-much-space\/\" \/>\n<meta property=\"og:site_name\" content=\"Hand2Note Guide\" \/>\n<meta property=\"article:modified_time\" content=\"2025-06-04T16:19:09+00:00\" \/>\n<meta property=\"og:image\" content=\"https:\/\/hand2noteguide.com\/wp-content\/uploads\/2018\/07\/logs111.png\" \/>\n<meta name=\"twitter:card\" content=\"summary_large_image\" \/>\n<meta name=\"twitter:label1\" content=\"Est. reading time\" \/>\n\t<meta name=\"twitter:data1\" content=\"5 minutes\" \/>\n<!-- \/ Yoast SEO plugin. -->","yoast_head_json":{"title":"Optimisez le stockage de Hand2Note : Lib\u00e9rez de l'espace facilement","description":"D\u00e9couvrez comment g\u00e9rer le stockage de Hand2Note en supprimant les fichiers journaux et en d\u00e9pla\u00e7ant les bases de donn\u00e9es. Lib\u00e9rez de l'espace sans affecter les performances du logiciel.","robots":{"index":"index","follow":"follow","max-snippet":"max-snippet:-1","max-image-preview":"max-image-preview:large","max-video-preview":"max-video-preview:-1"},"canonical":"https:\/\/hand2noteguide.com\/issues-resolving\/h2n-takes-much-space\/","og_locale":"fr_FR","og_type":"article","og_title":"Optimisez le stockage de Hand2Note : Lib\u00e9rez de l'espace facilement","og_description":"D\u00e9couvrez comment g\u00e9rer le stockage de Hand2Note en supprimant les fichiers journaux et en d\u00e9pla\u00e7ant les bases de donn\u00e9es. Lib\u00e9rez de l'espace sans affecter les performances du logiciel.","og_url":"https:\/\/hand2noteguide.com\/issues-resolving\/h2n-takes-much-space\/","og_site_name":"Hand2Note Guide","article_modified_time":"2025-06-04T16:19:09+00:00","og_image":[{"url":"https:\/\/hand2noteguide.com\/wp-content\/uploads\/2018\/07\/logs111.png","type":"","width":"","height":""}],"twitter_card":"summary_large_image","twitter_misc":{"Est. reading time":"5 minutes"},"schema":{"@context":"https:\/\/schema.org","@graph":[]}},"jetpack_sharing_enabled":false,"_links":{"self":[{"href":"https:\/\/hand2noteguide.com\/fr\/wp-json\/wp\/v2\/pages\/95","targetHints":{"allow":["GET"]}}],"collection":[{"href":"https:\/\/hand2noteguide.com\/fr\/wp-json\/wp\/v2\/pages"}],"about":[{"href":"https:\/\/hand2noteguide.com\/fr\/wp-json\/wp\/v2\/types\/page"}],"author":[{"embeddable":true,"href":"https:\/\/hand2noteguide.com\/fr\/wp-json\/wp\/v2\/users\/1"}],"replies":[{"embeddable":true,"href":"https:\/\/hand2noteguide.com\/fr\/wp-json\/wp\/v2\/comments?post=95"}],"version-history":[{"count":15,"href":"https:\/\/hand2noteguide.com\/fr\/wp-json\/wp\/v2\/pages\/95\/revisions"}],"predecessor-version":[{"id":13559,"href":"https:\/\/hand2noteguide.com\/fr\/wp-json\/wp\/v2\/pages\/95\/revisions\/13559"}],"up":[{"embeddable":true,"href":"https:\/\/hand2noteguide.com\/fr\/wp-json\/wp\/v2\/pages\/236"}],"wp:attachment":[{"href":"https:\/\/hand2noteguide.com\/fr\/wp-json\/wp\/v2\/media?parent=95"}],"curies":[{"name":"wp","href":"https:\/\/api.w.org\/{rel}","templated":true}]}}