{"id":9541,"date":"2025-04-02T19:32:06","date_gmt":"2025-04-02T16:32:06","guid":{"rendered":"https:\/\/hand2noteguide.com\/?page_id=9541"},"modified":"2026-03-10T11:15:43","modified_gmt":"2026-03-10T08:15:43","slug":"how-to-distinguish-between-a-fish-and-a-hu-reg","status":"publish","type":"page","link":"https:\/\/hand2noteguide.com\/fr\/user-manual\/how-to-distinguish-between-a-fish-and-a-hu-reg\/","title":{"rendered":"Comment diff\u00e9rencier un fish d&#8217;un joueur heads-up sur les tables 3+max avec Hand2Note"},"content":{"rendered":"\n<p>Il y a des situations o\u00f9 des joueurs qui pr\u00e9f\u00e8rent jouer en format heads-up (deux joueurs par table) s&#8217;assoient \u00e0 des tables 3+max (trois joueurs ou plus par table). En m\u00eame temps, leur principal volume de jeu se d\u00e9roule aux tables heads-up, o\u00f9 leur VPIP (pourcentage d&#8217;argent volontairement mis dans le pot) sera beaucoup plus \u00e9lev\u00e9 que lorsqu&#8217;ils jouent aux tables 3+max. Cela cr\u00e9e une statistique globale floue sur le joueur, et par cons\u00e9quent, c&#8217;est une fausse s\u00e9lection pour nous de jouer contre lui aux tables 3+max, le prenant pour un fish.<\/p>\n\n\n\n<p>Hand2Note vous permet de personnaliser les statistiques en les divisant en formats &#8211; statistiques Heads-Up et statistiques lors de jeux aux tables 3+max. En affichant les HUDs et Popups avec les statistiques Heads-Up du joueur sur les tables Heads-Up, et pour les tables 3+max &#8211; les statistiques du joueur collect\u00e9es lorsqu&#8217;il a jou\u00e9 aux tables 3+max.<\/p>\n\n\n\n<h2 class=\"wp-block-heading\">Personnaliser Hand2Note pour adapter les statistiques aux tables Heads-Up et 3+max<\/h2>\n\n\n\n<p>Dans cet exemple, regardons comment configurer le profil personnalis\u00e9 pour jouer au Texas Holdem NL Cash.<\/p>\n\n\n\n<p>Dans la fen\u00eatre principale de Hand2Note, ouvrez le menu \u201cConfiguration\u201d (1) et s\u00e9lectionnez \u201cGame Types\u201d (2). Ensuite, cliquez sur le profil \u201cTexas Holdem NL Cash\u201d (3) et changez la valeur de la norme \u201c2 to 10\u201d \u00e0 \u201c2 to 2\u201d (4). Puis cliquez sur le \u201c+\u201d sous la liste des profils (5) pour cr\u00e9er un nouveau profil.<\/p>\n\n\n\n<figure class=\"wp-block-image size-large\"><img loading=\"lazy\" decoding=\"async\" width=\"1024\" height=\"551\" src=\"https:\/\/hand2noteguide.com\/wp-content\/uploads\/2025\/04\/1-1-1024x551.jpg\" alt=\"\" class=\"wp-image-9577\" srcset=\"https:\/\/hand2noteguide.com\/wp-content\/uploads\/2025\/04\/1-1-1024x551.jpg 1024w, https:\/\/hand2noteguide.com\/wp-content\/uploads\/2025\/04\/1-1-300x161.jpg 300w, https:\/\/hand2noteguide.com\/wp-content\/uploads\/2025\/04\/1-1-768x413.jpg 768w, https:\/\/hand2noteguide.com\/wp-content\/uploads\/2025\/04\/1-1-1536x826.jpg 1536w, https:\/\/hand2noteguide.com\/wp-content\/uploads\/2025\/04\/1-1-772x415.jpg 772w, https:\/\/hand2noteguide.com\/wp-content\/uploads\/2025\/04\/1-1-624x336.jpg 624w, https:\/\/hand2noteguide.com\/wp-content\/uploads\/2025\/04\/1-1.jpg 1917w\" sizes=\"auto, (max-width: 1024px) 100vw, 1024px\" \/><\/figure>\n\n\n\n<p>Dans le nouveau profil, changez la valeur dans la ligne \u201cPlayers In Hand\u201d de la norme \u201c2 to 10\u201d \u00e0 \u201c3 to 10\u201d (1). Ensuite, assurez-vous que les profils sont enregistr\u00e9s en regardant les changements dans leurs noms de l&#8217;initialement identique \u201cTexas Holdem NL Cash\u201d \u00e0 \u201cTexas Holdem NL Cash 2-2 players\u201d et \u201cTexas Holdem NL Cash 3-10 players\u201d respectivement (2).<\/p>\n\n\n\n<figure class=\"wp-block-image size-large\"><img loading=\"lazy\" decoding=\"async\" width=\"1024\" height=\"550\" src=\"https:\/\/hand2noteguide.com\/wp-content\/uploads\/2025\/04\/2-1024x550.jpg\" alt=\"\" class=\"wp-image-9578\" srcset=\"https:\/\/hand2noteguide.com\/wp-content\/uploads\/2025\/04\/2-1024x550.jpg 1024w, https:\/\/hand2noteguide.com\/wp-content\/uploads\/2025\/04\/2-300x161.jpg 300w, https:\/\/hand2noteguide.com\/wp-content\/uploads\/2025\/04\/2-768x413.jpg 768w, https:\/\/hand2noteguide.com\/wp-content\/uploads\/2025\/04\/2-1536x826.jpg 1536w, https:\/\/hand2noteguide.com\/wp-content\/uploads\/2025\/04\/2-772x415.jpg 772w, https:\/\/hand2noteguide.com\/wp-content\/uploads\/2025\/04\/2-624x335.jpg 624w, https:\/\/hand2noteguide.com\/wp-content\/uploads\/2025\/04\/2.jpg 1918w\" sizes=\"auto, (max-width: 1024px) 100vw, 1024px\" \/><\/figure>\n\n\n\n<p>Si vous avez d\u00e9j\u00e0 t\u00e9l\u00e9charg\u00e9 des statistiques dans Hand2Note, elles doivent \u00eatre reconstruites avec les nouveaux changements. Sinon, vous avez termin\u00e9 la configuration avec l&#8217;adaptation des statistiques pour les tables Heads-Up et 3+max, et ces profils fonctionneront dans le programme \u00e0 l&#8217;avenir.<\/p>\n\n\n\n<p>Pour reconstruire les statistiques pr\u00e9c\u00e9demment charg\u00e9es, dans la ligne sup\u00e9rieure de la fen\u00eatre du programme, trouvez le menu \u201cDatabase\u201d (1) et cliquez dessus. Dans la liste d\u00e9roulante, s\u00e9lectionnez \u201cClean &amp; Rebuild Statistics\u201d (2), et dans la fen\u00eatre \u201cBuild Statistics\u201d, cliquez sur \u201cAPPLY\u201d (3). Attendez que le recalcul des statistiques soit termin\u00e9.<\/p>\n\n\n\n<figure class=\"wp-block-image size-large\"><img loading=\"lazy\" decoding=\"async\" width=\"1024\" height=\"552\" src=\"https:\/\/hand2noteguide.com\/wp-content\/uploads\/2025\/04\/3-1024x552.jpg\" alt=\"\" class=\"wp-image-9579\" srcset=\"https:\/\/hand2noteguide.com\/wp-content\/uploads\/2025\/04\/3-1024x552.jpg 1024w, https:\/\/hand2noteguide.com\/wp-content\/uploads\/2025\/04\/3-300x162.jpg 300w, https:\/\/hand2noteguide.com\/wp-content\/uploads\/2025\/04\/3-768x414.jpg 768w, https:\/\/hand2noteguide.com\/wp-content\/uploads\/2025\/04\/3-1536x828.jpg 1536w, https:\/\/hand2noteguide.com\/wp-content\/uploads\/2025\/04\/3-772x416.jpg 772w, https:\/\/hand2noteguide.com\/wp-content\/uploads\/2025\/04\/3-624x336.jpg 624w, https:\/\/hand2noteguide.com\/wp-content\/uploads\/2025\/04\/3.jpg 1913w\" sizes=\"auto, (max-width: 1024px) 100vw, 1024px\" \/><\/figure>\n\n\n\n<p>La configuration est termin\u00e9e, vous pouvez tester le programme en vous asseyant \u00e0 diff\u00e9rentes tables (Heads Up et 3+max) avec le m\u00eame adversaire et remarquer les changements.<\/p>\n","protected":false},"excerpt":{"rendered":"<p>Il y a des situations o\u00f9 des joueurs qui pr\u00e9f\u00e8rent jouer en format heads-up (deux joueurs par table) s&#8217;assoient \u00e0 des tables 3+max (trois joueurs ou plus par table). En m\u00eame temps, leur principal volume de jeu se d\u00e9roule aux tables heads-up, o\u00f9 leur VPIP (pourcentage d&#8217;argent volontairement mis dans le pot) sera beaucoup plus &hellip; <a href=\"https:\/\/hand2noteguide.com\/fr\/user-manual\/how-to-distinguish-between-a-fish-and-a-hu-reg\/\" class=\"more-link\">Continue reading <span class=\"screen-reader-text\">Comment diff\u00e9rencier un fish d&#8217;un joueur heads-up sur les tables 3+max avec Hand2Note<\/span><\/a><\/p>\n","protected":false},"author":3,"featured_media":9573,"parent":9199,"menu_order":0,"comment_status":"closed","ping_status":"closed","template":"","meta":{"footnotes":""},"class_list":["post-9541","page","type-page","status-publish","has-post-thumbnail","hentry"],"translation":{"provider":"WPGlobus","version":"3.0.2","language":"fr","enabled_languages":["en","ru","pt","zh","es","fr","de","it","ja"],"languages":{"en":{"title":true,"content":true,"excerpt":false},"ru":{"title":true,"content":true,"excerpt":false},"pt":{"title":true,"content":true,"excerpt":false},"zh":{"title":true,"content":true,"excerpt":false},"es":{"title":true,"content":true,"excerpt":false},"fr":{"title":true,"content":true,"excerpt":false},"de":{"title":true,"content":true,"excerpt":false},"it":{"title":true,"content":true,"excerpt":false},"ja":{"title":true,"content":true,"excerpt":false}}},"yoast_head":"<!-- This site is optimized with the Yoast SEO plugin v27.0 - https:\/\/yoast.com\/product\/yoast-seo-wordpress\/ -->\n<title>Comment diff\u00e9rencier un fish d&#039;un joueur heads-up sur les tables 3+max avec Hand2Note<\/title>\n<meta name=\"description\" content=\"Am\u00e9liorez vos lectures au poker en s\u00e9parant les statistiques Heads-Up et 3+max dans Hand2Note. Configurez des profils pr\u00e9cis et \u00e9vitez les donn\u00e9es trompeuses provenant de formats de table mixtes.\" \/>\n<meta name=\"robots\" content=\"index, follow, max-snippet:-1, max-image-preview:large, max-video-preview:-1\" \/>\n<link rel=\"canonical\" href=\"https:\/\/hand2noteguide.com\/user-manual\/how-to-distinguish-between-a-fish-and-a-hu-reg\/\" \/>\n<meta property=\"og:locale\" content=\"fr_FR\" \/>\n<meta property=\"og:type\" content=\"article\" \/>\n<meta property=\"og:title\" content=\"Comment diff\u00e9rencier un fish d&#039;un joueur heads-up sur les tables 3+max avec Hand2Note\" \/>\n<meta property=\"og:description\" content=\"Am\u00e9liorez vos lectures au poker en s\u00e9parant les statistiques Heads-Up et 3+max dans Hand2Note. Configurez des profils pr\u00e9cis et \u00e9vitez les donn\u00e9es trompeuses provenant de formats de table mixtes.\" \/>\n<meta property=\"og:url\" content=\"https:\/\/hand2noteguide.com\/user-manual\/how-to-distinguish-between-a-fish-and-a-hu-reg\/\" \/>\n<meta property=\"og:site_name\" content=\"Hand2Note Guide\" \/>\n<meta property=\"article:modified_time\" content=\"2026-03-10T08:15:43+00:00\" \/>\n<meta property=\"og:image\" content=\"https:\/\/hand2noteguide.com\/wp-content\/uploads\/2025\/04\/Poker-Table.jpg\" \/>\n\t<meta property=\"og:image:width\" content=\"988\" \/>\n\t<meta property=\"og:image:height\" content=\"1400\" \/>\n\t<meta property=\"og:image:type\" content=\"image\/jpeg\" \/>\n<meta name=\"twitter:card\" content=\"summary_large_image\" \/>\n<meta name=\"twitter:label1\" content=\"Est. reading time\" \/>\n\t<meta name=\"twitter:data1\" content=\"13 minutes\" \/>\n<!-- \/ Yoast SEO plugin. -->","yoast_head_json":{"title":"Comment diff\u00e9rencier un fish d'un joueur heads-up sur les tables 3+max avec Hand2Note","description":"Am\u00e9liorez vos lectures au poker en s\u00e9parant les statistiques Heads-Up et 3+max dans Hand2Note. Configurez des profils pr\u00e9cis et \u00e9vitez les donn\u00e9es trompeuses provenant de formats de table mixtes.","robots":{"index":"index","follow":"follow","max-snippet":"max-snippet:-1","max-image-preview":"max-image-preview:large","max-video-preview":"max-video-preview:-1"},"canonical":"https:\/\/hand2noteguide.com\/user-manual\/how-to-distinguish-between-a-fish-and-a-hu-reg\/","og_locale":"fr_FR","og_type":"article","og_title":"Comment diff\u00e9rencier un fish d'un joueur heads-up sur les tables 3+max avec Hand2Note","og_description":"Am\u00e9liorez vos lectures au poker en s\u00e9parant les statistiques Heads-Up et 3+max dans Hand2Note. Configurez des profils pr\u00e9cis et \u00e9vitez les donn\u00e9es trompeuses provenant de formats de table mixtes.","og_url":"https:\/\/hand2noteguide.com\/user-manual\/how-to-distinguish-between-a-fish-and-a-hu-reg\/","og_site_name":"Hand2Note Guide","article_modified_time":"2026-03-10T08:15:43+00:00","og_image":[{"width":988,"height":1400,"url":"https:\/\/hand2noteguide.com\/wp-content\/uploads\/2025\/04\/Poker-Table.jpg","type":"image\/jpeg"}],"twitter_card":"summary_large_image","twitter_misc":{"Est. reading time":"13 minutes"},"schema":{"@context":"https:\/\/schema.org","@graph":[]}},"jetpack_sharing_enabled":true,"_links":{"self":[{"href":"https:\/\/hand2noteguide.com\/fr\/wp-json\/wp\/v2\/pages\/9541","targetHints":{"allow":["GET"]}}],"collection":[{"href":"https:\/\/hand2noteguide.com\/fr\/wp-json\/wp\/v2\/pages"}],"about":[{"href":"https:\/\/hand2noteguide.com\/fr\/wp-json\/wp\/v2\/types\/page"}],"author":[{"embeddable":true,"href":"https:\/\/hand2noteguide.com\/fr\/wp-json\/wp\/v2\/users\/3"}],"replies":[{"embeddable":true,"href":"https:\/\/hand2noteguide.com\/fr\/wp-json\/wp\/v2\/comments?post=9541"}],"version-history":[{"count":44,"href":"https:\/\/hand2noteguide.com\/fr\/wp-json\/wp\/v2\/pages\/9541\/revisions"}],"predecessor-version":[{"id":15615,"href":"https:\/\/hand2noteguide.com\/fr\/wp-json\/wp\/v2\/pages\/9541\/revisions\/15615"}],"up":[{"embeddable":true,"href":"https:\/\/hand2noteguide.com\/fr\/wp-json\/wp\/v2\/pages\/9199"}],"wp:featuredmedia":[{"embeddable":true,"href":"https:\/\/hand2noteguide.com\/fr\/wp-json\/wp\/v2\/media\/9573"}],"wp:attachment":[{"href":"https:\/\/hand2noteguide.com\/fr\/wp-json\/wp\/v2\/media?parent=9541"}],"curies":[{"name":"wp","href":"https:\/\/api.w.org\/{rel}","templated":true}]}}