{"id":9609,"date":"2025-04-05T13:16:20","date_gmt":"2025-04-05T10:16:20","guid":{"rendered":"https:\/\/hand2noteguide.com\/?page_id=9609"},"modified":"2026-03-10T11:16:50","modified_gmt":"2026-03-10T08:16:50","slug":"transferring-the-database-storage-location-as-well-as-creating-a-new-database","status":"publish","type":"page","link":"https:\/\/hand2noteguide.com\/fr\/user-manual\/transferring-the-database-storage-location-as-well-as-creating-a-new-database\/","title":{"rendered":"Transfert de la base de donn\u00e9es Hand2Note vers un nouveau r\u00e9pertoire"},"content":{"rendered":"\n<p>Souvent, de nombreux joueurs rencontrent le probl\u00e8me du manque d&#8217;espace libre sur le disque local o\u00f9 la base de donn\u00e9es Hand2Note est stock\u00e9e (par d\u00e9faut, il s&#8217;agit du disque local o\u00f9 votre syst\u00e8me d&#8217;exploitation est install\u00e9, avec le symbole &#8220;C&#8221; assign\u00e9).<\/p>\n\n\n\n<p>Hand2Note vous permet de d\u00e9placer la base de donn\u00e9es vers n&#8217;importe quel r\u00e9pertoire de votre choix.<\/p>\n\n\n\n<h2 class=\"wp-block-heading\">Informations importantes avant de commencer \u00e0 travailler avec la base de donn\u00e9es<\/h2>\n\n\n\n<p>La base de donn\u00e9es est utilis\u00e9e pour stocker et maintenir tous les calculs statistiques. En r\u00e8gle g\u00e9n\u00e9rale, c&#8217;est l&#8217;\u00e9l\u00e9ment le plus volumineux dans Hand2Note, lors de l&#8217;installation du programme ; par d\u00e9faut, elle est situ\u00e9e dans le r\u00e9pertoire (sous WINDOWS OS) :<\/p>\n\n\n\n<p><em>C: (disque local o\u00f9 le syst\u00e8me d&#8217;exploitation est install\u00e9)Users(nom de l&#8217;utilisateur du syst\u00e8me d&#8217;exploitation)AppDataRoamingHand2Note<\/em><\/p>\n\n\n\n<p>Pour un fonctionnement correct de la base de donn\u00e9es, elle doit \u00eatre install\u00e9e uniquement sur des disques physiques internes et des partitions logiques (disques locaux) cr\u00e9\u00e9es en eux. Il est interdit de l&#8217;installer sur des disques durs externes, des m\u00e9moires flash (cl\u00e9s USB), ou le disque local d&#8217;un autre ordinateur via un r\u00e9seau local avec des dossiers partag\u00e9s.<\/p>\n\n\n\n<p>La base de donn\u00e9es doit avoir un chemin vers son emplacement compos\u00e9 exclusivement de lettres anglaises et sans l&#8217;utilisation de caract\u00e8res sp\u00e9ciaux.<\/p>\n\n\n\n<p>Vous devriez \u00e9galement prendre en compte la vitesse du disque physique interne lors du travail avec les donn\u00e9es. Pour que Hand2Note fonctionne correctement, vous devriez pr\u00e9f\u00e9rer un SSD avec une interface de connexion M2 ou un disque plus rapide.<\/p>\n\n\n\n<h2 class=\"wp-block-heading\">Exemple de migration de base de donn\u00e9es<\/h2>\n\n\n\n<p>Pour d\u00e9placer la base de donn\u00e9es, ouvrez Hand2Note, allez dans &#8220;Configuration&#8221; (1), puis s\u00e9lectionnez &#8220;Database&#8221; (2) et cliquez sur &#8220;Open Folder&#8221; (3) ; fermez Hand2Note en laissant la fen\u00eatre ouverte apr\u00e8s avoir cliqu\u00e9 sur &#8220;Open Folder&#8221;.<\/p>\n\n\n\n<figure class=\"wp-block-image size-large\"><img loading=\"lazy\" decoding=\"async\" width=\"1024\" height=\"551\" src=\"https:\/\/hand2noteguide.com\/wp-content\/uploads\/2025\/04\/\u0411\u0435\u0437-\u0438\u043c\u0435\u043d\u0438-1\u0443\u0432\u044b\u0430\u044b-1024x551.jpg\" alt=\"\" class=\"wp-image-9641\" srcset=\"https:\/\/hand2noteguide.com\/wp-content\/uploads\/2025\/04\/\u0411\u0435\u0437-\u0438\u043c\u0435\u043d\u0438-1\u0443\u0432\u044b\u0430\u044b-1024x551.jpg 1024w, https:\/\/hand2noteguide.com\/wp-content\/uploads\/2025\/04\/\u0411\u0435\u0437-\u0438\u043c\u0435\u043d\u0438-1\u0443\u0432\u044b\u0430\u044b-300x161.jpg 300w, https:\/\/hand2noteguide.com\/wp-content\/uploads\/2025\/04\/\u0411\u0435\u0437-\u0438\u043c\u0435\u043d\u0438-1\u0443\u0432\u044b\u0430\u044b-768x413.jpg 768w, https:\/\/hand2noteguide.com\/wp-content\/uploads\/2025\/04\/\u0411\u0435\u0437-\u0438\u043c\u0435\u043d\u0438-1\u0443\u0432\u044b\u0430\u044b-1536x826.jpg 1536w, https:\/\/hand2noteguide.com\/wp-content\/uploads\/2025\/04\/\u0411\u0435\u0437-\u0438\u043c\u0435\u043d\u0438-1\u0443\u0432\u044b\u0430\u044b-772x415.jpg 772w, https:\/\/hand2noteguide.com\/wp-content\/uploads\/2025\/04\/\u0411\u0435\u0437-\u0438\u043c\u0435\u043d\u0438-1\u0443\u0432\u044b\u0430\u044b-624x336.jpg 624w, https:\/\/hand2noteguide.com\/wp-content\/uploads\/2025\/04\/\u0411\u0435\u0437-\u0438\u043c\u0435\u043d\u0438-1\u0443\u0432\u044b\u0430\u044b.jpg 1908w\" sizes=\"auto, (max-width: 1024px) 100vw, 1024px\" \/><\/figure>\n\n\n\n<p>Dans la fen\u00eatre ouverte, faites un clic droit sur le dossier &#8220;Databases&#8221; (1) et dans le menu d\u00e9roulant cliquez sur le bouton &#8220;Couper&#8221; (2). Ouvrez un nouvel emplacement pour enregistrer la base de donn\u00e9es (dans l&#8217;exemple, il s&#8217;agit de : &#8220;Disque local (D:)&#8221;) et cliquez dessus dans n&#8217;importe quelle zone libre (3). Dans le menu d\u00e9roulant, s\u00e9lectionnez le bouton &#8220;Coller&#8221; (4). De cette fa\u00e7on, vous avez migr\u00e9 la base de donn\u00e9es vers un nouvel emplacement.<\/p>\n\n\n\n<figure class=\"wp-block-image size-large\"><img loading=\"lazy\" decoding=\"async\" width=\"1024\" height=\"630\" src=\"https:\/\/hand2noteguide.com\/wp-content\/uploads\/2025\/04\/\u0411\u0435\u0437-fgdfgdfgdf1-1024x630.jpg\" alt=\"\" class=\"wp-image-9643\" srcset=\"https:\/\/hand2noteguide.com\/wp-content\/uploads\/2025\/04\/\u0411\u0435\u0437-fgdfgdfgdf1-1024x630.jpg 1024w, https:\/\/hand2noteguide.com\/wp-content\/uploads\/2025\/04\/\u0411\u0435\u0437-fgdfgdfgdf1-300x185.jpg 300w, https:\/\/hand2noteguide.com\/wp-content\/uploads\/2025\/04\/\u0411\u0435\u0437-fgdfgdfgdf1-768x473.jpg 768w, https:\/\/hand2noteguide.com\/wp-content\/uploads\/2025\/04\/\u0411\u0435\u0437-fgdfgdfgdf1-1536x945.jpg 1536w, https:\/\/hand2noteguide.com\/wp-content\/uploads\/2025\/04\/\u0411\u0435\u0437-fgdfgdfgdf1-772x475.jpg 772w, https:\/\/hand2noteguide.com\/wp-content\/uploads\/2025\/04\/\u0411\u0435\u0437-fgdfgdfgdf1-624x384.jpg 624w, https:\/\/hand2noteguide.com\/wp-content\/uploads\/2025\/04\/\u0411\u0435\u0437-fgdfgdfgdf1.jpg 1539w\" sizes=\"auto, (max-width: 1024px) 100vw, 1024px\" \/><\/figure>\n\n\n\n<p>Maintenant, vous devez sp\u00e9cifier un nouvel emplacement de base de donn\u00e9es dans Hand2Note. Pour ce faire, d\u00e9marrez Hand2Note, cliquez sur &#8220;Configuration&#8221; (1) dans la fen\u00eatre principale du programme, allez dans le menu &#8220;Database&#8221; (2) et cliquez sur &#8220;Change Folder&#8230;&#8221; (3). Dans la fen\u00eatre de recherche de dossier ouverte (4), sp\u00e9cifiez le chemin vers le nouvel emplacement de la base de donn\u00e9es (5) et cliquez sur &#8220;Select a folder&#8221; (6).<\/p>\n\n\n\n<figure class=\"wp-block-image size-large\"><img loading=\"lazy\" decoding=\"async\" width=\"1024\" height=\"576\" src=\"https:\/\/hand2noteguide.com\/wp-content\/uploads\/2025\/04\/\u0411\u0435\u0437-\u0438\u044b\u0432\u044b\u0432\u043c\u0435\u043d\u0438-1-1024x576.jpg\" alt=\"\" class=\"wp-image-9644\" srcset=\"https:\/\/hand2noteguide.com\/wp-content\/uploads\/2025\/04\/\u0411\u0435\u0437-\u0438\u044b\u0432\u044b\u0432\u043c\u0435\u043d\u0438-1-1024x576.jpg 1024w, https:\/\/hand2noteguide.com\/wp-content\/uploads\/2025\/04\/\u0411\u0435\u0437-\u0438\u044b\u0432\u044b\u0432\u043c\u0435\u043d\u0438-1-300x169.jpg 300w, https:\/\/hand2noteguide.com\/wp-content\/uploads\/2025\/04\/\u0411\u0435\u0437-\u0438\u044b\u0432\u044b\u0432\u043c\u0435\u043d\u0438-1-768x432.jpg 768w, https:\/\/hand2noteguide.com\/wp-content\/uploads\/2025\/04\/\u0411\u0435\u0437-\u0438\u044b\u0432\u044b\u0432\u043c\u0435\u043d\u0438-1-1536x864.jpg 1536w, https:\/\/hand2noteguide.com\/wp-content\/uploads\/2025\/04\/\u0411\u0435\u0437-\u0438\u044b\u0432\u044b\u0432\u043c\u0435\u043d\u0438-1-772x434.jpg 772w, https:\/\/hand2noteguide.com\/wp-content\/uploads\/2025\/04\/\u0411\u0435\u0437-\u0438\u044b\u0432\u044b\u0432\u043c\u0435\u043d\u0438-1-624x351.jpg 624w, https:\/\/hand2noteguide.com\/wp-content\/uploads\/2025\/04\/\u0411\u0435\u0437-\u0438\u044b\u0432\u044b\u0432\u043c\u0435\u043d\u0438-1.jpg 1920w\" sizes=\"auto, (max-width: 1024px) 100vw, 1024px\" \/><\/figure>\n\n\n\n<p>De cette mani\u00e8re, vous migrerez la base de donn\u00e9es vers n&#8217;importe quel emplacement souhait\u00e9.<\/p>\n\n\n\n<p>Hand2Note vous permet \u00e9galement de cr\u00e9er plusieurs bases de donn\u00e9es pour diff\u00e9rents usages. Pour en savoir plus, consultez l&#8217;article : <a href=\"https:\/\/hand2noteguide.com\/fr\/user-manual\/creating-deleting-and-switching-databases\/\">Cr\u00e9er, supprimer et changer de bases de donn\u00e9es dans Hand2Note<\/a>.<\/p>\n","protected":false},"excerpt":{"rendered":"<p>Souvent, de nombreux joueurs rencontrent le probl\u00e8me du manque d&#8217;espace libre sur le disque local o\u00f9 la base de donn\u00e9es Hand2Note est stock\u00e9e (par d\u00e9faut, il s&#8217;agit du disque local o\u00f9 votre syst\u00e8me d&#8217;exploitation est install\u00e9, avec le symbole &#8220;C&#8221; assign\u00e9). Hand2Note vous permet de d\u00e9placer la base de donn\u00e9es vers n&#8217;importe quel r\u00e9pertoire de &hellip; <a href=\"https:\/\/hand2noteguide.com\/fr\/user-manual\/transferring-the-database-storage-location-as-well-as-creating-a-new-database\/\" class=\"more-link\">Continue reading <span class=\"screen-reader-text\">Transfert de la base de donn\u00e9es Hand2Note vers un nouveau r\u00e9pertoire<\/span><\/a><\/p>\n","protected":false},"author":3,"featured_media":9613,"parent":9199,"menu_order":0,"comment_status":"closed","ping_status":"closed","template":"","meta":{"footnotes":""},"class_list":["post-9609","page","type-page","status-publish","has-post-thumbnail","hentry"],"translation":{"provider":"WPGlobus","version":"3.0.2","language":"fr","enabled_languages":["en","ru","pt","zh","es","fr","de","it","ja"],"languages":{"en":{"title":true,"content":true,"excerpt":false},"ru":{"title":true,"content":true,"excerpt":false},"pt":{"title":true,"content":true,"excerpt":false},"zh":{"title":true,"content":true,"excerpt":false},"es":{"title":true,"content":true,"excerpt":false},"fr":{"title":true,"content":true,"excerpt":false},"de":{"title":true,"content":true,"excerpt":false},"it":{"title":true,"content":true,"excerpt":false},"ja":{"title":true,"content":true,"excerpt":false}}},"yoast_head":"<!-- This site is optimized with the Yoast SEO plugin v27.0 - https:\/\/yoast.com\/product\/yoast-seo-wordpress\/ -->\n<title>Transfert de la base de donn\u00e9es Hand2Note vers un nouveau r\u00e9pertoire<\/title>\n<meta name=\"description\" content=\"Lib\u00e9rez de l&#039;espace en d\u00e9pla\u00e7ant votre base de donn\u00e9es Hand2Note vers un autre disque. Apprenez \u00e0 la migrer en toute s\u00e9curit\u00e9 et \u00e0 am\u00e9liorer les performances en utilisant un SSD.\" \/>\n<meta name=\"robots\" content=\"index, follow, max-snippet:-1, max-image-preview:large, max-video-preview:-1\" \/>\n<link rel=\"canonical\" href=\"https:\/\/hand2noteguide.com\/user-manual\/transferring-the-database-storage-location-as-well-as-creating-a-new-database\/\" \/>\n<meta property=\"og:locale\" content=\"fr_FR\" \/>\n<meta property=\"og:type\" content=\"article\" \/>\n<meta property=\"og:title\" content=\"Transfert de la base de donn\u00e9es Hand2Note vers un nouveau r\u00e9pertoire\" \/>\n<meta property=\"og:description\" content=\"Lib\u00e9rez de l&#039;espace en d\u00e9pla\u00e7ant votre base de donn\u00e9es Hand2Note vers un autre disque. Apprenez \u00e0 la migrer en toute s\u00e9curit\u00e9 et \u00e0 am\u00e9liorer les performances en utilisant un SSD.\" \/>\n<meta property=\"og:url\" content=\"https:\/\/hand2noteguide.com\/user-manual\/transferring-the-database-storage-location-as-well-as-creating-a-new-database\/\" \/>\n<meta property=\"og:site_name\" content=\"Hand2Note Guide\" \/>\n<meta property=\"article:modified_time\" content=\"2026-03-10T08:16:50+00:00\" \/>\n<meta property=\"og:image\" content=\"https:\/\/hand2noteguide.com\/wp-content\/uploads\/2025\/04\/11.jpg\" \/>\n\t<meta property=\"og:image:width\" content=\"1391\" \/>\n\t<meta property=\"og:image:height\" content=\"961\" \/>\n\t<meta property=\"og:image:type\" content=\"image\/jpeg\" \/>\n<meta name=\"twitter:card\" content=\"summary_large_image\" \/>\n<meta name=\"twitter:label1\" content=\"Est. reading time\" \/>\n\t<meta name=\"twitter:data1\" content=\"15 minutes\" \/>\n<!-- \/ Yoast SEO plugin. -->","yoast_head_json":{"title":"Transfert de la base de donn\u00e9es Hand2Note vers un nouveau r\u00e9pertoire","description":"Lib\u00e9rez de l'espace en d\u00e9pla\u00e7ant votre base de donn\u00e9es Hand2Note vers un autre disque. Apprenez \u00e0 la migrer en toute s\u00e9curit\u00e9 et \u00e0 am\u00e9liorer les performances en utilisant un SSD.","robots":{"index":"index","follow":"follow","max-snippet":"max-snippet:-1","max-image-preview":"max-image-preview:large","max-video-preview":"max-video-preview:-1"},"canonical":"https:\/\/hand2noteguide.com\/user-manual\/transferring-the-database-storage-location-as-well-as-creating-a-new-database\/","og_locale":"fr_FR","og_type":"article","og_title":"Transfert de la base de donn\u00e9es Hand2Note vers un nouveau r\u00e9pertoire","og_description":"Lib\u00e9rez de l'espace en d\u00e9pla\u00e7ant votre base de donn\u00e9es Hand2Note vers un autre disque. Apprenez \u00e0 la migrer en toute s\u00e9curit\u00e9 et \u00e0 am\u00e9liorer les performances en utilisant un SSD.","og_url":"https:\/\/hand2noteguide.com\/user-manual\/transferring-the-database-storage-location-as-well-as-creating-a-new-database\/","og_site_name":"Hand2Note Guide","article_modified_time":"2026-03-10T08:16:50+00:00","og_image":[{"width":1391,"height":961,"url":"https:\/\/hand2noteguide.com\/wp-content\/uploads\/2025\/04\/11.jpg","type":"image\/jpeg"}],"twitter_card":"summary_large_image","twitter_misc":{"Est. reading time":"15 minutes"},"schema":{"@context":"https:\/\/schema.org","@graph":[]}},"jetpack_sharing_enabled":true,"_links":{"self":[{"href":"https:\/\/hand2noteguide.com\/fr\/wp-json\/wp\/v2\/pages\/9609","targetHints":{"allow":["GET"]}}],"collection":[{"href":"https:\/\/hand2noteguide.com\/fr\/wp-json\/wp\/v2\/pages"}],"about":[{"href":"https:\/\/hand2noteguide.com\/fr\/wp-json\/wp\/v2\/types\/page"}],"author":[{"embeddable":true,"href":"https:\/\/hand2noteguide.com\/fr\/wp-json\/wp\/v2\/users\/3"}],"replies":[{"embeddable":true,"href":"https:\/\/hand2noteguide.com\/fr\/wp-json\/wp\/v2\/comments?post=9609"}],"version-history":[{"count":64,"href":"https:\/\/hand2noteguide.com\/fr\/wp-json\/wp\/v2\/pages\/9609\/revisions"}],"predecessor-version":[{"id":15616,"href":"https:\/\/hand2noteguide.com\/fr\/wp-json\/wp\/v2\/pages\/9609\/revisions\/15616"}],"up":[{"embeddable":true,"href":"https:\/\/hand2noteguide.com\/fr\/wp-json\/wp\/v2\/pages\/9199"}],"wp:featuredmedia":[{"embeddable":true,"href":"https:\/\/hand2noteguide.com\/fr\/wp-json\/wp\/v2\/media\/9613"}],"wp:attachment":[{"href":"https:\/\/hand2noteguide.com\/fr\/wp-json\/wp\/v2\/media?parent=9609"}],"curies":[{"name":"wp","href":"https:\/\/api.w.org\/{rel}","templated":true}]}}