{"id":9692,"date":"2025-04-06T12:51:53","date_gmt":"2025-04-06T09:51:53","guid":{"rendered":"https:\/\/hand2noteguide.com\/?page_id=9692"},"modified":"2026-03-10T11:17:28","modified_gmt":"2026-03-10T08:17:28","slug":"creating-deleting-and-switching-databases","status":"publish","type":"page","link":"https:\/\/hand2noteguide.com\/fr\/user-manual\/creating-deleting-and-switching-databases\/","title":{"rendered":"Cr\u00e9er, supprimer et changer de bases de donn\u00e9es dans Hand2Note"},"content":{"rendered":"\n<p>La base de donn\u00e9es est utilis\u00e9e pour stocker et maintenir tous les calculs statistiques. Hand2Note vous permet de travailler avec plusieurs bases de donn\u00e9es, ainsi que de les cr\u00e9er, supprimer et basculer entre elles.<\/p>\n\n\n\n<p>Pour voir le nombre de bases de donn\u00e9es dans votre Hand2Note, ouvrez le menu \u201cConfiguration\u201d (1) dans la fen\u00eatre principale du programme, puis allez dans \u201cDatabase\u201d (2). Dans le menu \u201cDatabase\u201d, vous pouvez voir la liste des bases de donn\u00e9es d\u00e9j\u00e0 cr\u00e9\u00e9es (3).<\/p>\n\n\n\n<p>La base de donn\u00e9es active au moment de l&#8217;op\u00e9ration du programme aura un point jaune vif \u00e0 gauche de son nom.<\/p>\n\n\n\n<p>Pour cr\u00e9er une base de donn\u00e9es suppl\u00e9mentaire, cliquez sur \u201c+ Create Database\u201d (4) et dans la fen\u00eatre \u201cEnter the new name\u201d, donnez-lui un nom dans le champ de saisie de texte (5), en utilisant uniquement des lettres anglaises et sans utiliser de caract\u00e8res sp\u00e9ciaux. Une fois termin\u00e9, cliquez sur \u201cOK\u201d (6).<\/p>\n\n\n\n<figure class=\"wp-block-image size-large\"><img loading=\"lazy\" decoding=\"async\" width=\"1024\" height=\"576\" src=\"https:\/\/hand2noteguide.com\/wp-content\/uploads\/2025\/04\/\u0411\u0435\u0437-\u0438\u0432\u0430\u0432\u0430\u0432\u0430\u043c\u0435\u043d\u0438-1-1024x576.jpg\" alt=\"\" class=\"wp-image-9673\" srcset=\"https:\/\/hand2noteguide.com\/wp-content\/uploads\/2025\/04\/\u0411\u0435\u0437-\u0438\u0432\u0430\u0432\u0430\u0432\u0430\u043c\u0435\u043d\u0438-1-1024x576.jpg 1024w, https:\/\/hand2noteguide.com\/wp-content\/uploads\/2025\/04\/\u0411\u0435\u0437-\u0438\u0432\u0430\u0432\u0430\u0432\u0430\u043c\u0435\u043d\u0438-1-300x169.jpg 300w, https:\/\/hand2noteguide.com\/wp-content\/uploads\/2025\/04\/\u0411\u0435\u0437-\u0438\u0432\u0430\u0432\u0430\u0432\u0430\u043c\u0435\u043d\u0438-1-768x432.jpg 768w, https:\/\/hand2noteguide.com\/wp-content\/uploads\/2025\/04\/\u0411\u0435\u0437-\u0438\u0432\u0430\u0432\u0430\u0432\u0430\u043c\u0435\u043d\u0438-1-1536x864.jpg 1536w, https:\/\/hand2noteguide.com\/wp-content\/uploads\/2025\/04\/\u0411\u0435\u0437-\u0438\u0432\u0430\u0432\u0430\u0432\u0430\u043c\u0435\u043d\u0438-1-772x434.jpg 772w, https:\/\/hand2noteguide.com\/wp-content\/uploads\/2025\/04\/\u0411\u0435\u0437-\u0438\u0432\u0430\u0432\u0430\u0432\u0430\u043c\u0435\u043d\u0438-1-624x351.jpg 624w, https:\/\/hand2noteguide.com\/wp-content\/uploads\/2025\/04\/\u0411\u0435\u0437-\u0438\u0432\u0430\u0432\u0430\u0432\u0430\u043c\u0435\u043d\u0438-1.jpg 1920w\" sizes=\"auto, (max-width: 1024px) 100vw, 1024px\" \/><\/figure>\n\n\n\n<p>Si vous avez tout fait correctement, la nouvelle base de donn\u00e9es devrait appara\u00eetre dans la liste g\u00e9n\u00e9rale des bases de donn\u00e9es (1) et \u00eatre activ\u00e9e, comme indiqu\u00e9 par un point jaune vif \u00e0 gauche de son nom.<\/p>\n\n\n\n<p>Pour passer \u00e0 la base de donn\u00e9es souhait\u00e9e, cliquez sur le cercle blanc devant son nom ; au moment de son activation, il devrait devenir un point jaune vif.<\/p>\n\n\n\n<p>En survolant le nom de n&#8217;importe quelle base de donn\u00e9es, vous pouvez remarquer une ic\u00f4ne de poubelle (2) appara\u00eetre. Si vous cliquez sur cette ic\u00f4ne, vous pouvez supprimer la base de donn\u00e9es dont vous n&#8217;avez pas besoin.<\/p>\n\n\n\n<figure class=\"wp-block-image size-large\"><img loading=\"lazy\" decoding=\"async\" width=\"1024\" height=\"552\" src=\"https:\/\/hand2noteguide.com\/wp-content\/uploads\/2025\/04\/\u0411\u0435\u0437\u044b\u0432\u0430\u044b\u0432\u0430-\u0438\u043c\u0435\u043d\u0438-2-1024x552.jpg\" alt=\"\" class=\"wp-image-9674\" srcset=\"https:\/\/hand2noteguide.com\/wp-content\/uploads\/2025\/04\/\u0411\u0435\u0437\u044b\u0432\u0430\u044b\u0432\u0430-\u0438\u043c\u0435\u043d\u0438-2-1024x552.jpg 1024w, https:\/\/hand2noteguide.com\/wp-content\/uploads\/2025\/04\/\u0411\u0435\u0437\u044b\u0432\u0430\u044b\u0432\u0430-\u0438\u043c\u0435\u043d\u0438-2-300x162.jpg 300w, https:\/\/hand2noteguide.com\/wp-content\/uploads\/2025\/04\/\u0411\u0435\u0437\u044b\u0432\u0430\u044b\u0432\u0430-\u0438\u043c\u0435\u043d\u0438-2-768x414.jpg 768w, https:\/\/hand2noteguide.com\/wp-content\/uploads\/2025\/04\/\u0411\u0435\u0437\u044b\u0432\u0430\u044b\u0432\u0430-\u0438\u043c\u0435\u043d\u0438-2-1536x828.jpg 1536w, https:\/\/hand2noteguide.com\/wp-content\/uploads\/2025\/04\/\u0411\u0435\u0437\u044b\u0432\u0430\u044b\u0432\u0430-\u0438\u043c\u0435\u043d\u0438-2-772x416.jpg 772w, https:\/\/hand2noteguide.com\/wp-content\/uploads\/2025\/04\/\u0411\u0435\u0437\u044b\u0432\u0430\u044b\u0432\u0430-\u0438\u043c\u0435\u043d\u0438-2-624x336.jpg 624w, https:\/\/hand2noteguide.com\/wp-content\/uploads\/2025\/04\/\u0411\u0435\u0437\u044b\u0432\u0430\u044b\u0432\u0430-\u0438\u043c\u0435\u043d\u0438-2.jpg 1918w\" sizes=\"auto, (max-width: 1024px) 100vw, 1024px\" \/><\/figure>\n\n\n\n<p>De plus, Hand2Note vous permet de changer l&#8217;emplacement de la base de donn\u00e9es vers un nouveau r\u00e9pertoire. Pour en savoir plus, consultez l&#8217;article : <a href=\"https:\/\/hand2noteguide.com\/fr\/user-manual\/transferring-the-database-storage-location-as-well-as-creating-a-new-database\/\">Transf\u00e9rer la base de donn\u00e9es Hand2Note vers un nouveau r\u00e9pertoire<\/a>.<\/p>\n","protected":false},"excerpt":{"rendered":"<p>La base de donn\u00e9es est utilis\u00e9e pour stocker et maintenir tous les calculs statistiques. Hand2Note vous permet de travailler avec plusieurs bases de donn\u00e9es, ainsi que de les cr\u00e9er, supprimer et basculer entre elles. Pour voir le nombre de bases de donn\u00e9es dans votre Hand2Note, ouvrez le menu \u201cConfiguration\u201d (1) dans la fen\u00eatre principale du &hellip; <a href=\"https:\/\/hand2noteguide.com\/fr\/user-manual\/creating-deleting-and-switching-databases\/\" class=\"more-link\">Continue reading <span class=\"screen-reader-text\">Cr\u00e9er, supprimer et changer de bases de donn\u00e9es dans Hand2Note<\/span><\/a><\/p>\n","protected":false},"author":3,"featured_media":9700,"parent":9199,"menu_order":0,"comment_status":"closed","ping_status":"closed","template":"","meta":{"footnotes":""},"class_list":["post-9692","page","type-page","status-publish","has-post-thumbnail","hentry"],"translation":{"provider":"WPGlobus","version":"3.0.2","language":"fr","enabled_languages":["en","ru","pt","zh","es","fr","de","it","ja"],"languages":{"en":{"title":true,"content":true,"excerpt":false},"ru":{"title":true,"content":true,"excerpt":false},"pt":{"title":true,"content":true,"excerpt":false},"zh":{"title":true,"content":true,"excerpt":false},"es":{"title":true,"content":true,"excerpt":false},"fr":{"title":true,"content":true,"excerpt":false},"de":{"title":true,"content":true,"excerpt":false},"it":{"title":true,"content":true,"excerpt":false},"ja":{"title":true,"content":true,"excerpt":false}}},"yoast_head":"<!-- This site is optimized with the Yoast SEO plugin v27.0 - https:\/\/yoast.com\/product\/yoast-seo-wordpress\/ -->\n<title>Cr\u00e9er, supprimer et changer de bases de donn\u00e9es dans Hand2Note<\/title>\n<meta name=\"description\" content=\"G\u00e9rez les statistiques efficacement dans Hand2Note : cr\u00e9ez, changez ou supprimez plusieurs bases de donn\u00e9es en toute simplicit\u00e9. Apprenez \u00e0 organiser vos donn\u00e9es et \u00e0 optimiser les performances.\" \/>\n<meta name=\"robots\" content=\"index, follow, max-snippet:-1, max-image-preview:large, max-video-preview:-1\" \/>\n<link rel=\"canonical\" href=\"https:\/\/hand2noteguide.com\/user-manual\/creating-deleting-and-switching-databases\/\" \/>\n<meta property=\"og:locale\" content=\"fr_FR\" \/>\n<meta property=\"og:type\" content=\"article\" \/>\n<meta property=\"og:title\" content=\"Cr\u00e9er, supprimer et changer de bases de donn\u00e9es dans Hand2Note\" \/>\n<meta property=\"og:description\" content=\"G\u00e9rez les statistiques efficacement dans Hand2Note : cr\u00e9ez, changez ou supprimez plusieurs bases de donn\u00e9es en toute simplicit\u00e9. Apprenez \u00e0 organiser vos donn\u00e9es et \u00e0 optimiser les performances.\" \/>\n<meta property=\"og:url\" content=\"https:\/\/hand2noteguide.com\/user-manual\/creating-deleting-and-switching-databases\/\" \/>\n<meta property=\"og:site_name\" content=\"Hand2Note Guide\" \/>\n<meta property=\"article:modified_time\" content=\"2026-03-10T08:17:28+00:00\" \/>\n<meta property=\"og:image\" content=\"https:\/\/hand2noteguide.com\/wp-content\/uploads\/2025\/04\/\u0411\u0435\u0437-\u0438666\u043c\u0435\u043d\u0438-1.jpg\" \/>\n\t<meta property=\"og:image:width\" content=\"1401\" \/>\n\t<meta property=\"og:image:height\" content=\"843\" \/>\n\t<meta property=\"og:image:type\" content=\"image\/jpeg\" \/>\n<meta name=\"twitter:card\" content=\"summary_large_image\" \/>\n<meta name=\"twitter:label1\" content=\"Est. reading time\" \/>\n\t<meta name=\"twitter:data1\" content=\"8 minutes\" \/>\n<!-- \/ Yoast SEO plugin. -->","yoast_head_json":{"title":"Cr\u00e9er, supprimer et changer de bases de donn\u00e9es dans Hand2Note","description":"G\u00e9rez les statistiques efficacement dans Hand2Note : cr\u00e9ez, changez ou supprimez plusieurs bases de donn\u00e9es en toute simplicit\u00e9. Apprenez \u00e0 organiser vos donn\u00e9es et \u00e0 optimiser les performances.","robots":{"index":"index","follow":"follow","max-snippet":"max-snippet:-1","max-image-preview":"max-image-preview:large","max-video-preview":"max-video-preview:-1"},"canonical":"https:\/\/hand2noteguide.com\/user-manual\/creating-deleting-and-switching-databases\/","og_locale":"fr_FR","og_type":"article","og_title":"Cr\u00e9er, supprimer et changer de bases de donn\u00e9es dans Hand2Note","og_description":"G\u00e9rez les statistiques efficacement dans Hand2Note : cr\u00e9ez, changez ou supprimez plusieurs bases de donn\u00e9es en toute simplicit\u00e9. Apprenez \u00e0 organiser vos donn\u00e9es et \u00e0 optimiser les performances.","og_url":"https:\/\/hand2noteguide.com\/user-manual\/creating-deleting-and-switching-databases\/","og_site_name":"Hand2Note Guide","article_modified_time":"2026-03-10T08:17:28+00:00","og_image":[{"width":1401,"height":843,"url":"https:\/\/hand2noteguide.com\/wp-content\/uploads\/2025\/04\/\u0411\u0435\u0437-\u0438666\u043c\u0435\u043d\u0438-1.jpg","type":"image\/jpeg"}],"twitter_card":"summary_large_image","twitter_misc":{"Est. reading time":"8 minutes"},"schema":{"@context":"https:\/\/schema.org","@graph":[]}},"jetpack_sharing_enabled":true,"_links":{"self":[{"href":"https:\/\/hand2noteguide.com\/fr\/wp-json\/wp\/v2\/pages\/9692","targetHints":{"allow":["GET"]}}],"collection":[{"href":"https:\/\/hand2noteguide.com\/fr\/wp-json\/wp\/v2\/pages"}],"about":[{"href":"https:\/\/hand2noteguide.com\/fr\/wp-json\/wp\/v2\/types\/page"}],"author":[{"embeddable":true,"href":"https:\/\/hand2noteguide.com\/fr\/wp-json\/wp\/v2\/users\/3"}],"replies":[{"embeddable":true,"href":"https:\/\/hand2noteguide.com\/fr\/wp-json\/wp\/v2\/comments?post=9692"}],"version-history":[{"count":26,"href":"https:\/\/hand2noteguide.com\/fr\/wp-json\/wp\/v2\/pages\/9692\/revisions"}],"predecessor-version":[{"id":15617,"href":"https:\/\/hand2noteguide.com\/fr\/wp-json\/wp\/v2\/pages\/9692\/revisions\/15617"}],"up":[{"embeddable":true,"href":"https:\/\/hand2noteguide.com\/fr\/wp-json\/wp\/v2\/pages\/9199"}],"wp:featuredmedia":[{"embeddable":true,"href":"https:\/\/hand2noteguide.com\/fr\/wp-json\/wp\/v2\/media\/9700"}],"wp:attachment":[{"href":"https:\/\/hand2noteguide.com\/fr\/wp-json\/wp\/v2\/media?parent=9692"}],"curies":[{"name":"wp","href":"https:\/\/api.w.org\/{rel}","templated":true}]}}