{"id":9710,"date":"2025-04-07T13:58:48","date_gmt":"2025-04-07T10:58:48","guid":{"rendered":"https:\/\/hand2noteguide.com\/?page_id=9710"},"modified":"2026-03-10T11:18:21","modified_gmt":"2026-03-10T08:18:21","slug":"why-it-is-important-to-mark-fish-and-regulars-in-hand2note-reg-vs-fish-function","status":"publish","type":"page","link":"https:\/\/hand2noteguide.com\/fr\/user-manual\/why-it-is-important-to-mark-fish-and-regulars-in-hand2note-reg-vs-fish-function\/","title":{"rendered":"Pourquoi il est important de marquer les joueurs par couleur (fonction &#8220;Reg vs Fish&#8221;)"},"content":{"rendered":"\n<p>La plupart des r\u00e9guliers jouent tr\u00e8s diff\u00e9remment selon qu&#8217;ils sont confront\u00e9s \u00e0 un fish ou \u00e0 un autre r\u00e9gulier. Cela peut, \u00e0 son tour, fausser consid\u00e9rablement les statistiques fournies sur eux dans les HUDs ou Popups.<\/p>\n\n\n\n<p>Hand2Note nous permet d&#8217;exclure des statistiques fournies sur les r\u00e9guliers les mains jou\u00e9es contre des fishs. Cela nous permet de voir des statistiques correctes lorsque nous jouons contre eux.<\/p>\n\n\n\n<h2 class=\"wp-block-heading\">Plus de d\u00e9tails sur la fa\u00e7on dont Hand2Note identifie les fishs et les r\u00e9guliers<\/h2>\n\n\n\n<p>Hand2Note d\u00e9finit les fishs ou r\u00e9guliers par un tri hi\u00e9rarchique. C&#8217;est-\u00e0-dire, selon le principe \u00ab c&#8217;est un r\u00e9gulier, et le reste sont des fishs \u00bb.<\/p>\n\n\n\n<p>La hi\u00e9rarchie de la d\u00e9finition des r\u00e9guliers est dans l&#8217;ordre :<\/p>\n\n\n\n<ol class=\"wp-block-list\">\n<li>Une marque de couleur plac\u00e9e par le joueur lui-m\u00eame. Hand2Note se r\u00e9f\u00e8re d&#8217;abord aux marques plac\u00e9es par le joueur sur ses adversaires pour la d\u00e9termination initiale du r\u00e9gulier ;<\/li>\n\n\n\n<li>S&#8217;il n&#8217;y a pas de marque d\u00e9finie manuellement sur un joueur, le programme se r\u00e9f\u00e8re aux param\u00e8tres dans le menu \u201cGame Types\u201d pour d\u00e9terminer automatiquement le r\u00e9gulier.<\/li>\n<\/ol>\n\n\n\n<p><em>Si les param\u00e8tres d\u00e9finis dans \u201cGame Types\u201d contredisent la marque de l&#8217;utilisateur de Hand2Note, le programme les exclut, consid\u00e9rant la marque du joueur comme finale et correcte.<\/em><\/p>\n\n\n\n<h3 class=\"wp-block-heading\">Personnalisation des marqueurs de couleur<\/h3>\n\n\n\n<p>Les param\u00e8tres des marqueurs de couleur que les joueurs utilisent pour marquer les adversaires se trouvent en ouvrant \u201cConfiguration\u201d (1) puis en allant sur \u201cColor Markers\u201d (2).<\/p>\n\n\n\n<p>Ce menu vous permet d&#8217;\u00e9diter les marqueurs de couleur :<\/p>\n\n\n\n<ul class=\"wp-block-list\">\n<li>La zone (3) d\u00e9finit quelle marque est consid\u00e9r\u00e9e comme la marque sur le r\u00e9gulier. En appuyant sur l&#8217;interrupteur, vous pouvez \u00e9diter ce param\u00e8tre ;<\/li>\n\n\n\n<li>La zone (4) vous permet d&#8217;\u00e9diter le nom du marqueur. Pour le changer, double-cliquez sur son nom et entrez un nouveau ;<\/li>\n\n\n\n<li>La zone (5) vous permet de changer la couleur du marqueur ;<\/li>\n\n\n\n<li>Aussi, lorsque vous survolez un des marqueurs avec la souris, une zone (6) appara\u00eet dans laquelle vous cliquez sur l&#8217;ic\u00f4ne de l&#8217;urne (7) pour supprimer le marqueur.<\/li>\n<\/ul>\n\n\n\n<p>Pour cr\u00e9er un nouveau marqueur de couleur, cliquez sur \u201c+ Add color marker\u2026\u201d (8).<\/p>\n\n\n\n<figure class=\"wp-block-image size-large\"><img loading=\"lazy\" decoding=\"async\" width=\"1024\" height=\"548\" src=\"https:\/\/hand2noteguide.com\/fr\/wp-content\/uploads\/2025\/04\/\u0411\u0435\u0437-\u0438\u043c\u0435666\u043d\u0438-1-1024x548.jpg\" alt=\"\" class=\"wp-image-9738\" srcset=\"https:\/\/hand2noteguide.com\/wp-content\/uploads\/2025\/04\/\u0411\u0435\u0437-\u0438\u043c\u0435666\u043d\u0438-1-1024x548.jpg 1024w, https:\/\/hand2noteguide.com\/wp-content\/uploads\/2025\/04\/\u0411\u0435\u0437-\u0438\u043c\u0435666\u043d\u0438-1-300x161.jpg 300w, https:\/\/hand2noteguide.com\/wp-content\/uploads\/2025\/04\/\u0411\u0435\u0437-\u0438\u043c\u0435666\u043d\u0438-1-768x411.jpg 768w, https:\/\/hand2noteguide.com\/wp-content\/uploads\/2025\/04\/\u0411\u0435\u0437-\u0438\u043c\u0435666\u043d\u0438-1-1536x823.jpg 1536w, https:\/\/hand2noteguide.com\/wp-content\/uploads\/2025\/04\/\u0411\u0435\u0437-\u0438\u043c\u0435666\u043d\u0438-1-772x413.jpg 772w, https:\/\/hand2noteguide.com\/wp-content\/uploads\/2025\/04\/\u0411\u0435\u0437-\u0438\u043c\u0435666\u043d\u0438-1-624x334.jpg 624w, https:\/\/hand2noteguide.com\/wp-content\/uploads\/2025\/04\/\u0411\u0435\u0437-\u0438\u043c\u0435666\u043d\u0438-1.jpg 1916w\" sizes=\"auto, (max-width: 1024px) 100vw, 1024px\" \/><\/figure>\n\n\n\n<h3 class=\"wp-block-heading\">D\u00e9tection automatique des r\u00e9guliers en utilisant la configuration des param\u00e8tres \u201cGame Types\u201d<\/h3>\n\n\n\n<p>Pour configurer la d\u00e9tection automatique des r\u00e9guliers, cliquez sur \u201cConfiguration\u201d (1) dans la fen\u00eatre principale de Hand2Note. Ensuite, allez dans le menu \u201cGame Types\u201d (2) et s\u00e9lectionnez le profil de jeu que vous souhaitez \u00e9diter (3). Le menu des param\u00e8tres pour la d\u00e9tection automatique des r\u00e9guliers se trouve en bas de chaque profil Game Types, sous \u201cWho is regular?\u201d (4).<\/p>\n\n\n\n<figure class=\"wp-block-image size-large\"><img loading=\"lazy\" decoding=\"async\" width=\"1024\" height=\"554\" src=\"https:\/\/hand2noteguide.com\/fr\/wp-content\/uploads\/2025\/04\/\u0411\u0435\u0437-\u0438\u043c\u0432\u0430\u0432\u0430\u0435\u043d\u0438-1-1024x554.jpg\" alt=\"\" class=\"wp-image-9751\" srcset=\"https:\/\/hand2noteguide.com\/wp-content\/uploads\/2025\/04\/\u0411\u0435\u0437-\u0438\u043c\u0432\u0430\u0432\u0430\u0435\u043d\u0438-1-1024x554.jpg 1024w, https:\/\/hand2noteguide.com\/wp-content\/uploads\/2025\/04\/\u0411\u0435\u0437-\u0438\u043c\u0432\u0430\u0432\u0430\u0435\u043d\u0438-1-300x162.jpg 300w, https:\/\/hand2noteguide.com\/wp-content\/uploads\/2025\/04\/\u0411\u0435\u0437-\u0438\u043c\u0432\u0430\u0432\u0430\u0435\u043d\u0438-1-768x415.jpg 768w, https:\/\/hand2noteguide.com\/wp-content\/uploads\/2025\/04\/\u0411\u0435\u0437-\u0438\u043c\u0432\u0430\u0432\u0430\u0435\u043d\u0438-1-1536x831.jpg 1536w, https:\/\/hand2noteguide.com\/wp-content\/uploads\/2025\/04\/\u0411\u0435\u0437-\u0438\u043c\u0432\u0430\u0432\u0430\u0435\u043d\u0438-1-772x418.jpg 772w, https:\/\/hand2noteguide.com\/wp-content\/uploads\/2025\/04\/\u0411\u0435\u0437-\u0438\u043c\u0432\u0430\u0432\u0430\u0435\u043d\u0438-1-624x338.jpg 624w, https:\/\/hand2noteguide.com\/wp-content\/uploads\/2025\/04\/\u0411\u0435\u0437-\u0438\u043c\u0432\u0430\u0432\u0430\u0435\u043d\u0438-1.jpg 1917w\" sizes=\"auto, (max-width: 1024px) 100vw, 1024px\" \/><\/figure>\n\n\n\n<p>Les param\u00e8tres de d\u00e9tection automatique des r\u00e9guliers sont divis\u00e9s en deux blocs principaux : (5) et (11). Les deux blocs (5) et (11) fonctionnent simultan\u00e9ment par la condition \u201cou\u201d. Dans le cas o\u00f9 la condition sp\u00e9cifi\u00e9e dans le bloc (11) n&#8217;est pas remplie, Hand2Note proc\u00e8de \u00e0 partir des conditions sp\u00e9cifi\u00e9es dans le bloc (5), et vice versa.<\/p>\n\n\n\n<p>Le bloc (5) est divis\u00e9 en param\u00e8tres qui fonctionnent par la condition \u201cet\u201d. C&#8217;est-\u00e0-dire que pour qu&#8217;un joueur soit d\u00e9fini comme r\u00e9gulier par Hand2Note sur la base du bloc (5), toutes les conditions doivent \u00eatre remplies simultan\u00e9ment :<\/p>\n\n\n\n<ul class=\"wp-block-list\">\n<li>\u201cPlayer Hand Count\u201d (6) &#8211; param\u00e8tre qui compte le nombre minimum de mains jou\u00e9es par un joueur ;<\/li>\n\n\n\n<li>\u201cVPIP\u201d (7) est un param\u00e8tre qui prend en compte le pourcentage d&#8217;argent volontairement d\u00e9pos\u00e9 dans la banque par le joueur ;<\/li>\n\n\n\n<li>\u201cPFR\u201d (8) est un param\u00e8tre qui prend en compte le pourcentage de mains dans lesquelles un joueur relance pr\u00e9flop ;<\/li>\n\n\n\n<li>\u201cVPIP &#8211; PFR\u201d (9) &#8211; un param\u00e8tre qui prend en compte la diff\u00e9rence entre le pourcentage d&#8217;argent volontairement mis dans le pot par le joueur et le pourcentage de mains dans lesquelles le joueur relance pr\u00e9flop ;<\/li>\n\n\n\n<li>\u201cLimp\u201d (10) &#8211; un param\u00e8tre qui prend en compte le pourcentage de mains dans lesquelles le joueur fait un limp pr\u00e9flop.<\/li>\n<\/ul>\n\n\n\n<h2 class=\"wp-block-heading\">Exclusion des statistiques sur les r\u00e9guliers &#8211; actions faites par eux contre les fishs<\/h2>\n\n\n\n<p>Pour activer la fonction, ouvrez le menu \u201cConfiguration\u201d (1) et allez dans l&#8217;onglet \u201cOther\u201d (2). Ensuite, activez l&#8217;interrupteur en face de \u201cExclude reg-vs-fish hands from the stats sample\u201d (3).<\/p>\n\n\n\n<figure class=\"wp-block-image size-large\"><img loading=\"lazy\" decoding=\"async\" width=\"1024\" height=\"550\" src=\"https:\/\/hand2noteguide.com\/fr\/wp-content\/uploads\/2025\/04\/\u0411\u0435\u0437-\u0438\u043cdfdf\u0435\u043d\u0438-1-1024x550.jpg\" alt=\"\" class=\"wp-image-9918\" srcset=\"https:\/\/hand2noteguide.com\/wp-content\/uploads\/2025\/04\/\u0411\u0435\u0437-\u0438\u043cdfdf\u0435\u043d\u0438-1-1024x550.jpg 1024w, https:\/\/hand2noteguide.com\/wp-content\/uploads\/2025\/04\/\u0411\u0435\u0437-\u0438\u043cdfdf\u0435\u043d\u0438-1-300x161.jpg 300w, https:\/\/hand2noteguide.com\/wp-content\/uploads\/2025\/04\/\u0411\u0435\u0437-\u0438\u043cdfdf\u0435\u043d\u0438-1-768x412.jpg 768w, https:\/\/hand2noteguide.com\/wp-content\/uploads\/2025\/04\/\u0411\u0435\u0437-\u0438\u043cdfdf\u0435\u043d\u0438-1-1536x825.jpg 1536w, https:\/\/hand2noteguide.com\/wp-content\/uploads\/2025\/04\/\u0411\u0435\u0437-\u0438\u043cdfdf\u0435\u043d\u0438-1-772x414.jpg 772w, https:\/\/hand2noteguide.com\/wp-content\/uploads\/2025\/04\/\u0411\u0435\u0437-\u0438\u043cdfdf\u0435\u043d\u0438-1-624x335.jpg 624w, https:\/\/hand2noteguide.com\/wp-content\/uploads\/2025\/04\/\u0411\u0435\u0437-\u0438\u043cdfdf\u0435\u043d\u0438-1.jpg 1911w\" sizes=\"auto, (max-width: 1024px) 100vw, 1024px\" \/><\/figure>\n\n\n\n<p>Ainsi, vous avez activ\u00e9 une fonctionnalit\u00e9 qui vous permet d&#8217;exclure des statistiques fournies sur les r\u00e9guliers &#8211; les mains jou\u00e9es contre des fishs. Toutes les futures statistiques qui seront t\u00e9l\u00e9charg\u00e9es sur Hand2Note seront calcul\u00e9es avec cette fonctionnalit\u00e9.<\/p>\n\n\n\n<p>Pour recalculer les statistiques pr\u00e9c\u00e9demment charg\u00e9es avec cette fonction, il est n\u00e9cessaire de reconstruire la base de donn\u00e9es Hand2Note. Pour ce faire, apr\u00e8s avoir activ\u00e9 la fonction \u201cExclude reg-vs-fish hands from the stats sample\u201d, cliquez sur \u201cDatabase\u201d (4) en haut de la fen\u00eatre. Dans la liste d\u00e9roulante, s\u00e9lectionnez \u201cClean &amp; Rebuild Statistics\u201d (5). Ensuite, confirmez le d\u00e9but de la reconstruction en cliquant sur \u201cYES\u201d (6) et attendez qu&#8217;elle se termine.<\/p>\n","protected":false},"excerpt":{"rendered":"<p>La plupart des r\u00e9guliers jouent tr\u00e8s diff\u00e9remment selon qu&#8217;ils sont confront\u00e9s \u00e0 un fish ou \u00e0 un autre r\u00e9gulier. Cela peut, \u00e0 son tour, fausser consid\u00e9rablement les statistiques fournies sur eux dans les HUDs ou Popups. Hand2Note nous permet d&#8217;exclure des statistiques fournies sur les r\u00e9guliers les mains jou\u00e9es contre des fishs. Cela nous permet &hellip; <a href=\"https:\/\/hand2noteguide.com\/fr\/user-manual\/why-it-is-important-to-mark-fish-and-regulars-in-hand2note-reg-vs-fish-function\/\" class=\"more-link\">Continue reading <span class=\"screen-reader-text\">Pourquoi il est important de marquer les joueurs par couleur (fonction &#8220;Reg vs Fish&#8221;)<\/span><\/a><\/p>\n","protected":false},"author":3,"featured_media":9733,"parent":9199,"menu_order":0,"comment_status":"closed","ping_status":"closed","template":"","meta":{"footnotes":""},"class_list":["post-9710","page","type-page","status-publish","has-post-thumbnail","hentry"],"translation":{"provider":"WPGlobus","version":"3.0.2","language":"fr","enabled_languages":["en","ru","pt","zh","es","fr","de","it","ja"],"languages":{"en":{"title":true,"content":true,"excerpt":false},"ru":{"title":true,"content":true,"excerpt":false},"pt":{"title":true,"content":true,"excerpt":false},"zh":{"title":true,"content":true,"excerpt":false},"es":{"title":true,"content":true,"excerpt":false},"fr":{"title":true,"content":true,"excerpt":false},"de":{"title":true,"content":true,"excerpt":false},"it":{"title":true,"content":true,"excerpt":false},"ja":{"title":true,"content":true,"excerpt":false}}},"yoast_head":"<!-- This site is optimized with the Yoast SEO plugin v27.0 - https:\/\/yoast.com\/product\/yoast-seo-wordpress\/ -->\n<title>Pourquoi il est important de marquer les joueurs par couleur (fonction &quot;Reg vs Fish&quot;)<\/title>\n<meta name=\"description\" content=\"Am\u00e9liorez la pr\u00e9cision du HUD Hand2Note en excluant les mains reg-vs-fish. Configurez les r\u00e9guliers via des marqueurs de couleur et les param\u00e8tres de type de jeu pour de meilleures statistiques.\" \/>\n<meta name=\"robots\" content=\"index, follow, max-snippet:-1, max-image-preview:large, max-video-preview:-1\" \/>\n<link rel=\"canonical\" href=\"https:\/\/hand2noteguide.com\/user-manual\/why-it-is-important-to-mark-fish-and-regulars-in-hand2note-reg-vs-fish-function\/\" \/>\n<meta property=\"og:locale\" content=\"fr_FR\" \/>\n<meta property=\"og:type\" content=\"article\" \/>\n<meta property=\"og:title\" content=\"Pourquoi il est important de marquer les joueurs par couleur (fonction &quot;Reg vs Fish&quot;)\" \/>\n<meta property=\"og:description\" content=\"Am\u00e9liorez la pr\u00e9cision du HUD Hand2Note en excluant les mains reg-vs-fish. Configurez les r\u00e9guliers via des marqueurs de couleur et les param\u00e8tres de type de jeu pour de meilleures statistiques.\" \/>\n<meta property=\"og:url\" content=\"https:\/\/hand2noteguide.com\/user-manual\/why-it-is-important-to-mark-fish-and-regulars-in-hand2note-reg-vs-fish-function\/\" \/>\n<meta property=\"og:site_name\" content=\"Hand2Note Guide\" \/>\n<meta property=\"article:modified_time\" content=\"2026-03-10T08:18:21+00:00\" \/>\n<meta property=\"og:image\" content=\"https:\/\/hand2noteguide.com\/wp-content\/uploads\/2025\/04\/\u0411\u0435\u0437-\u0438\u043c\u0444\u044b\u0432\u0444\u044b\u0432\u0444\u0435\u043d\u0438-1.jpg\" \/>\n\t<meta property=\"og:image:width\" content=\"1856\" \/>\n\t<meta property=\"og:image:height\" content=\"1921\" \/>\n\t<meta property=\"og:image:type\" content=\"image\/jpeg\" \/>\n<meta name=\"twitter:card\" content=\"summary_large_image\" \/>\n<meta name=\"twitter:label1\" content=\"Est. reading time\" \/>\n\t<meta name=\"twitter:data1\" content=\"24 minutes\" \/>\n<!-- \/ Yoast SEO plugin. -->","yoast_head_json":{"title":"Pourquoi il est important de marquer les joueurs par couleur (fonction \"Reg vs Fish\")","description":"Am\u00e9liorez la pr\u00e9cision du HUD Hand2Note en excluant les mains reg-vs-fish. Configurez les r\u00e9guliers via des marqueurs de couleur et les param\u00e8tres de type de jeu pour de meilleures statistiques.","robots":{"index":"index","follow":"follow","max-snippet":"max-snippet:-1","max-image-preview":"max-image-preview:large","max-video-preview":"max-video-preview:-1"},"canonical":"https:\/\/hand2noteguide.com\/user-manual\/why-it-is-important-to-mark-fish-and-regulars-in-hand2note-reg-vs-fish-function\/","og_locale":"fr_FR","og_type":"article","og_title":"Pourquoi il est important de marquer les joueurs par couleur (fonction \"Reg vs Fish\")","og_description":"Am\u00e9liorez la pr\u00e9cision du HUD Hand2Note en excluant les mains reg-vs-fish. Configurez les r\u00e9guliers via des marqueurs de couleur et les param\u00e8tres de type de jeu pour de meilleures statistiques.","og_url":"https:\/\/hand2noteguide.com\/user-manual\/why-it-is-important-to-mark-fish-and-regulars-in-hand2note-reg-vs-fish-function\/","og_site_name":"Hand2Note Guide","article_modified_time":"2026-03-10T08:18:21+00:00","og_image":[{"width":1856,"height":1921,"url":"https:\/\/hand2noteguide.com\/wp-content\/uploads\/2025\/04\/\u0411\u0435\u0437-\u0438\u043c\u0444\u044b\u0432\u0444\u044b\u0432\u0444\u0435\u043d\u0438-1.jpg","type":"image\/jpeg"}],"twitter_card":"summary_large_image","twitter_misc":{"Est. reading time":"24 minutes"},"schema":{"@context":"https:\/\/schema.org","@graph":[]}},"jetpack_sharing_enabled":true,"_links":{"self":[{"href":"https:\/\/hand2noteguide.com\/fr\/wp-json\/wp\/v2\/pages\/9710","targetHints":{"allow":["GET"]}}],"collection":[{"href":"https:\/\/hand2noteguide.com\/fr\/wp-json\/wp\/v2\/pages"}],"about":[{"href":"https:\/\/hand2noteguide.com\/fr\/wp-json\/wp\/v2\/types\/page"}],"author":[{"embeddable":true,"href":"https:\/\/hand2noteguide.com\/fr\/wp-json\/wp\/v2\/users\/3"}],"replies":[{"embeddable":true,"href":"https:\/\/hand2noteguide.com\/fr\/wp-json\/wp\/v2\/comments?post=9710"}],"version-history":[{"count":57,"href":"https:\/\/hand2noteguide.com\/fr\/wp-json\/wp\/v2\/pages\/9710\/revisions"}],"predecessor-version":[{"id":15618,"href":"https:\/\/hand2noteguide.com\/fr\/wp-json\/wp\/v2\/pages\/9710\/revisions\/15618"}],"up":[{"embeddable":true,"href":"https:\/\/hand2noteguide.com\/fr\/wp-json\/wp\/v2\/pages\/9199"}],"wp:featuredmedia":[{"embeddable":true,"href":"https:\/\/hand2noteguide.com\/fr\/wp-json\/wp\/v2\/media\/9733"}],"wp:attachment":[{"href":"https:\/\/hand2noteguide.com\/fr\/wp-json\/wp\/v2\/media?parent=9710"}],"curies":[{"name":"wp","href":"https:\/\/api.w.org\/{rel}","templated":true}]}}