{"id":9942,"date":"2025-04-12T19:17:04","date_gmt":"2025-04-12T16:17:04","guid":{"rendered":"https:\/\/hand2noteguide.com\/?page_id=9942"},"modified":"2026-03-10T11:19:18","modified_gmt":"2026-03-10T08:19:18","slug":"configuring-hand2note-to-play-in-applications-via-an-emulator-using-the-example-of-pokerbros","status":"publish","type":"page","link":"https:\/\/hand2noteguide.com\/fr\/user-manual\/configuring-hand2note-to-play-in-applications-via-an-emulator-using-the-example-of-pokerbros\/","title":{"rendered":"Configurer Hand2Note pour jouer dans des applications via un \u00e9mulateur"},"content":{"rendered":"\n<p>Hand2Note vous permet d&#8217;afficher des HUDs et des Popups, de collecter des statistiques non seulement dans des salles classiques comme <a href=\"https:\/\/hand2noteguide.com\/fr\/pokerstars-hud\/\">PokerStars<\/a> ou RedStar, mais aussi dans de nombreuses applications de poker mobile comme <a href=\"https:\/\/hand2noteguide.com\/fr\/pokerbros-hud\/\">PokerBros<\/a> ou <a href=\"https:\/\/hand2noteguide.com\/fr\/coinpoker-hud\/\">CoinPoker<\/a>.<\/p>\n\n\n\n<p>Cette fonctionnalit\u00e9 donne un avantage dans le jeu car dans les applications, la plupart des adversaires utilisent des smartphones pour jouer. Lorsqu&#8217;on joue via des smartphones, l&#8217;affichage et la collecte de statistiques ne sont pas possibles pour le moment. En cons\u00e9quence, vous verrez les faiblesses de vos adversaires, mais ils ne verront pas les v\u00f4tres.<\/p>\n\n\n\n<h2 class=\"wp-block-heading\">Configuration des programmes pour jouer via des \u00e9mulateurs Android<\/h2>\n\n\n\n<p>Pour la configuration, vous aurez besoin de :<\/p>\n\n\n\n<ul class=\"wp-block-list\">\n<li>\u00c9mulateur Android (par exemple : \u201cLDPlayer\u201d);<\/li>\n\n\n\n<li>Le fichier d&#8217;installation de l&#8217;application de poker \u00e0 installer dans l&#8217;environnement Android (l&#8217;extension du fichier doit \u00eatre \u201c.apk\u201d);<\/li>\n\n\n\n<li>Hand2Note avec un abonnement actif.<\/li>\n<\/ul>\n\n\n\n<p>\u00c9tapes de configuration des programmes pour afficher et collecter avec succ\u00e8s des statistiques sur les tables :<\/p>\n\n\n\n<ol class=\"wp-block-list\">\n<li>Installez l&#8217;\u00e9mulateur Android sur votre ordinateur ;<\/li>\n\n\n\n<li>Cr\u00e9ez un environnement d&#8217;\u00e9mulation dans l&#8217;\u00e9mulateur et activez \u201cROOT access\u201d dedans. De plus, r\u00e9glez \u201cOpen local connection\u201d dans les param\u00e8tres \u201cADB debugging\u201d ;<\/li>\n\n\n\n<li>Lancez l&#8217;environnement d&#8217;\u00e9mulation Android cr\u00e9\u00e9 et installez-y l&#8217;application de poker requise ;<\/li>\n\n\n\n<li>Apr\u00e8s l&#8217;installation, ex\u00e9cutez-la, attendez que la fen\u00eatre de saisie du login et du mot de passe s&#8217;ouvre, puis fermez l&#8217;environnement d&#8217;\u00e9mulation ;<\/li>\n\n\n\n<li>Flashez l&#8217;application dans l&#8217;environnement d&#8217;\u00e9mulation \u00e0 l&#8217;aide de Hand2Note. Pour ce faire &#8211; d\u00e9marrez Hand2Note, puis d\u00e9marrez l&#8217;environnement d&#8217;\u00e9mulation et attendez quelques minutes.<\/li>\n<\/ol>\n\n\n\n<p>Apr\u00e8s avoir termin\u00e9 toutes les \u00e9tapes, vous pouvez vous inscrire ou vous connecter \u00e0 un compte d\u00e9j\u00e0 pr\u00e9par\u00e9 et commencer \u00e0 jouer.<\/p>\n\n\n\n<p><em>Apr\u00e8s avoir flash\u00e9 l&#8217;application avec Hand2Note &#8211; ne lancez pas cet environnement d&#8217;\u00e9mulation sans que Hand2Note soit en cours d&#8217;ex\u00e9cution au pr\u00e9alable. Si vous le faites, le flashage peut \u00e9chouer et votre compte sera vu comme un compte de joueur depuis un ordinateur. Cela pourrait entra\u00eener des sanctions de la part des clubs ou des agents.<\/em><\/p>\n\n\n\n<h2 class=\"wp-block-heading\">Exemple de param\u00e8tres pour jouer dans l&#8217;application \u201cPokerBROS\u201d<\/h2>\n\n\n\n<p>Avant la configuration, installez \u201cLDPlayer\u201d sur votre ordinateur. T\u00e9l\u00e9chargez \u00e9galement le fichier d&#8217;installation de l&#8217;application \u201cPokerBROS\u201d pour l&#8217;environnement Android (avec l&#8217;extension \u201c.apk\u201d).<\/p>\n\n\n\n<p><em>L&#8217;\u00e9mulateur et Hand2Note doivent toujours \u00eatre ex\u00e9cut\u00e9s en tant qu&#8217;administrateur.<\/em><\/p>\n\n\n\n<p>D\u00e9marrez la liste des \u00e9mulateurs \u201cLDPlayer\u201d en cliquant sur le raccourci \u201cLDMultiPlayer\u201d(1). Ensuite, cr\u00e9ez un nouvel \u00e9mulateur en cliquant sur \u201cNew \/ Clone\u201d(2) et en s\u00e9lectionnant \u201cNew LDPlayer\u201d(3). Dans le nouvel \u00e9mulateur, allez dans les param\u00e8tres en cliquant sur l&#8217;engrenage (4).<\/p>\n\n\n\n<figure class=\"wp-block-image size-large\"><img loading=\"lazy\" decoding=\"async\" width=\"1024\" height=\"572\" src=\"https:\/\/hand2noteguide.com\/wp-content\/uploads\/2025\/04\/\u0411\u0435\u0437-\u0438\u043c\u0435\u043d32\u0430\u043223\u0430\u0438-1-1024x572.jpg\" alt=\"\" class=\"wp-image-10007\" srcset=\"https:\/\/hand2noteguide.com\/wp-content\/uploads\/2025\/04\/\u0411\u0435\u0437-\u0438\u043c\u0435\u043d32\u0430\u043223\u0430\u0438-1-1024x572.jpg 1024w, https:\/\/hand2noteguide.com\/wp-content\/uploads\/2025\/04\/\u0411\u0435\u0437-\u0438\u043c\u0435\u043d32\u0430\u043223\u0430\u0438-1-300x168.jpg 300w, https:\/\/hand2noteguide.com\/wp-content\/uploads\/2025\/04\/\u0411\u0435\u0437-\u0438\u043c\u0435\u043d32\u0430\u043223\u0430\u0438-1-768x429.jpg 768w, https:\/\/hand2noteguide.com\/wp-content\/uploads\/2025\/04\/\u0411\u0435\u0437-\u0438\u043c\u0435\u043d32\u0430\u043223\u0430\u0438-1-772x431.jpg 772w, https:\/\/hand2noteguide.com\/wp-content\/uploads\/2025\/04\/\u0411\u0435\u0437-\u0438\u043c\u0435\u043d32\u0430\u043223\u0430\u0438-1-624x348.jpg 624w, https:\/\/hand2noteguide.com\/wp-content\/uploads\/2025\/04\/\u0411\u0435\u0437-\u0438\u043c\u0435\u043d32\u0430\u043223\u0430\u0438-1.jpg 1533w\" sizes=\"auto, (max-width: 1024px) 100vw, 1024px\" \/><\/figure>\n\n\n\n<p><em>Veuillez noter qu&#8217;il est interdit d&#8217;utiliser, de supprimer ou d&#8217;affecter de quelque mani\u00e8re que ce soit le num\u00e9ro de l&#8217;\u00e9mulateur \u201c0\u201d. Ignorez-le lors de la configuration ou du jeu.<\/em><\/p>\n\n\n\n<p>Dans la fen\u00eatre \u201cParam\u00e8tres\u201d ouverte, dans l&#8217;onglet \u201cAvanc\u00e9\u201d(1), ouvrez le menu \u201cMode mobile\u201d(2). R\u00e9glez la r\u00e9solution la plus basse possible (par exemple : \u201c540&#215;960\u201d)(3).<\/p>\n\n\n\n<figure class=\"wp-block-image size-full\"><img loading=\"lazy\" decoding=\"async\" width=\"796\" height=\"687\" src=\"https:\/\/hand2noteguide.com\/wp-content\/uploads\/2025\/04\/\u0411\u0435\u0437-\u0438\u043c\u044b\u0432\u0430\u044b\u0432\u0435\u043d\u0438-1.jpg\" alt=\"\" class=\"wp-image-10027\" srcset=\"https:\/\/hand2noteguide.com\/wp-content\/uploads\/2025\/04\/\u0411\u0435\u0437-\u0438\u043c\u044b\u0432\u0430\u044b\u0432\u0435\u043d\u0438-1.jpg 796w, https:\/\/hand2noteguide.com\/wp-content\/uploads\/2025\/04\/\u0411\u0435\u0437-\u0438\u043c\u044b\u0432\u0430\u044b\u0432\u0435\u043d\u0438-1-300x259.jpg 300w, https:\/\/hand2noteguide.com\/wp-content\/uploads\/2025\/04\/\u0411\u0435\u0437-\u0438\u043c\u044b\u0432\u0430\u044b\u0432\u0435\u043d\u0438-1-768x663.jpg 768w, https:\/\/hand2noteguide.com\/wp-content\/uploads\/2025\/04\/\u0411\u0435\u0437-\u0438\u043c\u044b\u0432\u0430\u044b\u0432\u0435\u043d\u0438-1-772x666.jpg 772w, https:\/\/hand2noteguide.com\/wp-content\/uploads\/2025\/04\/\u0411\u0435\u0437-\u0438\u043c\u044b\u0432\u0430\u044b\u0432\u0435\u043d\u0438-1-624x539.jpg 624w\" sizes=\"auto, (max-width: 796px) 100vw, 796px\" \/><\/figure>\n\n\n\n<p>Ensuite, allez dans l&#8217;onglet \u201cAutres param\u00e8tres\u201d (1). Trouvez le param\u00e8tre \u201cRoot permission\u201d et activez-le (2). Ensuite, trouvez la ligne \u00e9tiquet\u00e9e \u201cADB debugging\u201d et s\u00e9lectionnez \u201cOpen local connection\u201d (3) dans la liste d\u00e9roulante. Cliquez sur le bouton \u201cEnregistrer les param\u00e8tres\u201d (4) en bas de la fen\u00eatre pour appliquer les modifications.<\/p>\n\n\n\n<figure class=\"wp-block-image size-full\"><img loading=\"lazy\" decoding=\"async\" width=\"797\" height=\"686\" src=\"https:\/\/hand2noteguide.com\/wp-content\/uploads\/2025\/04\/\u0411\u0435\u0437-\u0444\u044b\u0432\u0444\u044b\u0432\u04442.jpg\" alt=\"\" class=\"wp-image-10020\" srcset=\"https:\/\/hand2noteguide.com\/wp-content\/uploads\/2025\/04\/\u0411\u0435\u0437-\u0444\u044b\u0432\u0444\u044b\u0432\u04442.jpg 797w, https:\/\/hand2noteguide.com\/wp-content\/uploads\/2025\/04\/\u0411\u0435\u0437-\u0444\u044b\u0432\u0444\u044b\u0432\u04442-300x258.jpg 300w, https:\/\/hand2noteguide.com\/wp-content\/uploads\/2025\/04\/\u0411\u0435\u0437-\u0444\u044b\u0432\u0444\u044b\u0432\u04442-768x661.jpg 768w, https:\/\/hand2noteguide.com\/wp-content\/uploads\/2025\/04\/\u0411\u0435\u0437-\u0444\u044b\u0432\u0444\u044b\u0432\u04442-772x664.jpg 772w, https:\/\/hand2noteguide.com\/wp-content\/uploads\/2025\/04\/\u0411\u0435\u0437-\u0444\u044b\u0432\u0444\u044b\u0432\u04442-624x537.jpg 624w\" sizes=\"auto, (max-width: 797px) 100vw, 797px\" \/><\/figure>\n\n\n\n<p>D\u00e9marrez l&#8217;\u00e9mulateur en cliquant sur le bouton \u201cD\u00e9marrer\u201d (1) et attendez qu&#8217;il s&#8217;ouvre. Lorsque l&#8217;\u00e9mulateur est en cours d&#8217;ex\u00e9cution, fermez la banni\u00e8re publicitaire en cliquant sur la croix dans son coin sup\u00e9rieur droit(2).<\/p>\n\n\n\n<figure class=\"wp-block-image size-large\"><img loading=\"lazy\" decoding=\"async\" width=\"1024\" height=\"816\" src=\"https:\/\/hand2noteguide.com\/wp-content\/uploads\/2025\/04\/\u0411\u0435\u0437-\u0438\u043c\u044b\u0432\u0430\u044b\u0432\u0430\u0435\u043d\u0438-1-1024x816.jpg\" alt=\"\" class=\"wp-image-10031\" srcset=\"https:\/\/hand2noteguide.com\/wp-content\/uploads\/2025\/04\/\u0411\u0435\u0437-\u0438\u043c\u044b\u0432\u0430\u044b\u0432\u0430\u0435\u043d\u0438-1-1024x816.jpg 1024w, https:\/\/hand2noteguide.com\/wp-content\/uploads\/2025\/04\/\u0411\u0435\u0437-\u0438\u043c\u044b\u0432\u0430\u044b\u0432\u0430\u0435\u043d\u0438-1-300x239.jpg 300w, https:\/\/hand2noteguide.com\/wp-content\/uploads\/2025\/04\/\u0411\u0435\u0437-\u0438\u043c\u044b\u0432\u0430\u044b\u0432\u0430\u0435\u043d\u0438-1-768x612.jpg 768w, https:\/\/hand2noteguide.com\/wp-content\/uploads\/2025\/04\/\u0411\u0435\u0437-\u0438\u043c\u044b\u0432\u0430\u044b\u0432\u0430\u0435\u043d\u0438-1-772x615.jpg 772w, https:\/\/hand2noteguide.com\/wp-content\/uploads\/2025\/04\/\u0411\u0435\u0437-\u0438\u043c\u044b\u0432\u0430\u044b\u0432\u0430\u0435\u043d\u0438-1-624x497.jpg 624w, https:\/\/hand2noteguide.com\/wp-content\/uploads\/2025\/04\/\u0411\u0435\u0437-\u0438\u043c\u044b\u0432\u0430\u044b\u0432\u0430\u0435\u043d\u0438-1.jpg 1320w\" sizes=\"auto, (max-width: 1024px) 100vw, 1024px\" \/><\/figure>\n\n\n\n<p>Installez l&#8217;application \u201cPokerBROS\u201d dans l&#8217;\u00e9mulateur en cours d&#8217;ex\u00e9cution. Pour ce faire, maintenez le fichier d&#8217;installation de l&#8217;application \u201cPokerBROS\u201d sur le bureau avec le bouton gauche de la souris (1). Faites-le glisser vers un espace libre dans l&#8217;\u00e9mulateur (2) et rel\u00e2chez le bouton gauche de la souris (3).<\/p>\n\n\n\n<figure class=\"wp-block-image size-large\"><img loading=\"lazy\" decoding=\"async\" width=\"950\" height=\"1024\" src=\"https:\/\/hand2noteguide.com\/wp-content\/uploads\/2025\/04\/\u0411\u0435\u0437-\u0438\u043c\u0447\u0441\u043c\u0447\u0441\u043c\u0447\u0441\u0435\u043d\u0438-1-950x1024.jpg\" alt=\"\" class=\"wp-image-10034\" srcset=\"https:\/\/hand2noteguide.com\/wp-content\/uploads\/2025\/04\/\u0411\u0435\u0437-\u0438\u043c\u0447\u0441\u043c\u0447\u0441\u043c\u0447\u0441\u0435\u043d\u0438-1-950x1024.jpg 950w, https:\/\/hand2noteguide.com\/wp-content\/uploads\/2025\/04\/\u0411\u0435\u0437-\u0438\u043c\u0447\u0441\u043c\u0447\u0441\u043c\u0447\u0441\u0435\u043d\u0438-1-278x300.jpg 278w, https:\/\/hand2noteguide.com\/wp-content\/uploads\/2025\/04\/\u0411\u0435\u0437-\u0438\u043c\u0447\u0441\u043c\u0447\u0441\u043c\u0447\u0441\u0435\u043d\u0438-1-768x828.jpg 768w, https:\/\/hand2noteguide.com\/wp-content\/uploads\/2025\/04\/\u0411\u0435\u0437-\u0438\u043c\u0447\u0441\u043c\u0447\u0441\u043c\u0447\u0441\u0435\u043d\u0438-1-772x832.jpg 772w, https:\/\/hand2noteguide.com\/wp-content\/uploads\/2025\/04\/\u0411\u0435\u0437-\u0438\u043c\u0447\u0441\u043c\u0447\u0441\u043c\u0447\u0441\u0435\u043d\u0438-1-579x624.jpg 579w, https:\/\/hand2noteguide.com\/wp-content\/uploads\/2025\/04\/\u0411\u0435\u0437-\u0438\u043c\u0447\u0441\u043c\u0447\u0441\u043c\u0447\u0441\u0435\u043d\u0438-1.jpg 955w\" sizes=\"auto, (max-width: 950px) 100vw, 950px\" \/><\/figure>\n\n\n\n<p>Ensuite, d\u00e9marrez l&#8217;application \u201cPokerBROS\u201d dans l&#8217;\u00e9mulateur (1) et attendez qu&#8217;elle se charge jusqu&#8217;\u00e0 ce que la fen\u00eatre de connexion et de mot de passe (2) apparaisse. Fermez l&#8217;\u00e9mulateur en cliquant sur la croix dans le coin sup\u00e9rieur droit (3).<\/p>\n\n\n\n<figure class=\"wp-block-image size-large\"><img loading=\"lazy\" decoding=\"async\" width=\"1024\" height=\"842\" src=\"https:\/\/hand2noteguide.com\/wp-content\/uploads\/2025\/04\/\u0411\u0435\u0437-\u0438\u043c\u0441\u0447\u043c\u0447\u0441\u043c\u0435\u043d\u0438-1-1024x842.jpg\" alt=\"\" class=\"wp-image-10035\" srcset=\"https:\/\/hand2noteguide.com\/wp-content\/uploads\/2025\/04\/\u0411\u0435\u0437-\u0438\u043c\u0441\u0447\u043c\u0447\u0441\u043c\u0435\u043d\u0438-1-1024x842.jpg 1024w, https:\/\/hand2noteguide.com\/wp-content\/uploads\/2025\/04\/\u0411\u0435\u0437-\u0438\u043c\u0441\u0447\u043c\u0447\u0441\u043c\u0435\u043d\u0438-1-300x247.jpg 300w, https:\/\/hand2noteguide.com\/wp-content\/uploads\/2025\/04\/\u0411\u0435\u0437-\u0438\u043c\u0441\u0447\u043c\u0447\u0441\u043c\u0435\u043d\u0438-1-768x632.jpg 768w, https:\/\/hand2noteguide.com\/wp-content\/uploads\/2025\/04\/\u0411\u0435\u0437-\u0438\u043c\u0441\u0447\u043c\u0447\u0441\u043c\u0435\u043d\u0438-1-772x635.jpg 772w, https:\/\/hand2noteguide.com\/wp-content\/uploads\/2025\/04\/\u0411\u0435\u0437-\u0438\u043c\u0441\u0447\u043c\u0447\u0441\u043c\u0435\u043d\u0438-1-624x513.jpg 624w, https:\/\/hand2noteguide.com\/wp-content\/uploads\/2025\/04\/\u0411\u0435\u0437-\u0438\u043c\u0441\u0447\u043c\u0447\u0441\u043c\u0435\u043d\u0438-1.jpg 1286w\" sizes=\"auto, (max-width: 1024px) 100vw, 1024px\" \/><\/figure>\n\n\n\n<p>Ensuite, lancez Hand2Note, et apr\u00e8s cela, lancez l&#8217;\u00e9mulateur. Attendez quelques minutes que le processus de flashage de l&#8217;\u00e9mulateur soit termin\u00e9, et vous pouvez proc\u00e9der \u00e0 l&#8217;enregistrement ou jouer au jeu.<\/p>\n\n\n\n<p>Aucune manipulation n&#8217;est requise dans Hand2Note lui-m\u00eame. Une fois la configuration termin\u00e9e, lorsque vous ouvrez des tables dans l&#8217;application, le HUD appara\u00eetra automatiquement au-dessus des joueurs. De plus, les statistiques seront collect\u00e9es et sauvegard\u00e9es.<\/p>\n\n\n\n<p><em>Le premier processus de flashage est accompagn\u00e9 de fermetures et d&#8217;ouvertures spontan\u00e9es de l&#8217;\u00e9mulateur. Cela indique que le flashage de l&#8217;application a r\u00e9ussi.<\/em><\/p>\n","protected":false},"excerpt":{"rendered":"<p>Hand2Note vous permet d&#8217;afficher des HUDs et des Popups, de collecter des statistiques non seulement dans des salles classiques comme PokerStars ou RedStar, mais aussi dans de nombreuses applications de poker mobile comme PokerBros ou CoinPoker. Cette fonctionnalit\u00e9 donne un avantage dans le jeu car dans les applications, la plupart des adversaires utilisent des smartphones &hellip; <a href=\"https:\/\/hand2noteguide.com\/fr\/user-manual\/configuring-hand2note-to-play-in-applications-via-an-emulator-using-the-example-of-pokerbros\/\" class=\"more-link\">Continue reading <span class=\"screen-reader-text\">Configurer Hand2Note pour jouer dans des applications via un \u00e9mulateur<\/span><\/a><\/p>\n","protected":false},"author":3,"featured_media":9962,"parent":9199,"menu_order":0,"comment_status":"closed","ping_status":"closed","template":"","meta":{"footnotes":""},"class_list":["post-9942","page","type-page","status-publish","has-post-thumbnail","hentry"],"translation":{"provider":"WPGlobus","version":"3.0.2","language":"fr","enabled_languages":["en","ru","pt","zh","es","fr","de","it","ja"],"languages":{"en":{"title":true,"content":true,"excerpt":false},"ru":{"title":true,"content":true,"excerpt":false},"pt":{"title":true,"content":true,"excerpt":false},"zh":{"title":true,"content":true,"excerpt":false},"es":{"title":true,"content":true,"excerpt":false},"fr":{"title":true,"content":true,"excerpt":false},"de":{"title":true,"content":true,"excerpt":false},"it":{"title":true,"content":true,"excerpt":false},"ja":{"title":true,"content":true,"excerpt":false}}},"yoast_head":"<!-- This site is optimized with the Yoast SEO plugin v27.0 - https:\/\/yoast.com\/product\/yoast-seo-wordpress\/ -->\n<title>Configurer Hand2Note pour jouer dans des applications via un \u00e9mulateur<\/title>\n<meta name=\"description\" content=\"Utilisez Hand2Note avec des \u00e9mulateurs Android pour afficher des HUDs et collecter des statistiques dans des applications de poker mobile comme PokerBROS - obtenez un avantage sur les utilisateurs de smartphones.\" \/>\n<meta name=\"robots\" content=\"index, follow, max-snippet:-1, max-image-preview:large, max-video-preview:-1\" \/>\n<link rel=\"canonical\" href=\"https:\/\/hand2noteguide.com\/user-manual\/configuring-hand2note-to-play-in-applications-via-an-emulator-using-the-example-of-pokerbros\/\" \/>\n<meta property=\"og:locale\" content=\"fr_FR\" \/>\n<meta property=\"og:type\" content=\"article\" \/>\n<meta property=\"og:title\" content=\"Configurer Hand2Note pour jouer dans des applications via un \u00e9mulateur\" \/>\n<meta property=\"og:description\" content=\"Utilisez Hand2Note avec des \u00e9mulateurs Android pour afficher des HUDs et collecter des statistiques dans des applications de poker mobile comme PokerBROS - obtenez un avantage sur les utilisateurs de smartphones.\" \/>\n<meta property=\"og:url\" content=\"https:\/\/hand2noteguide.com\/user-manual\/configuring-hand2note-to-play-in-applications-via-an-emulator-using-the-example-of-pokerbros\/\" \/>\n<meta property=\"og:site_name\" content=\"Hand2Note Guide\" \/>\n<meta property=\"article:modified_time\" content=\"2026-03-10T08:19:18+00:00\" \/>\n<meta property=\"og:image\" content=\"https:\/\/hand2noteguide.com\/wp-content\/uploads\/2025\/04\/\u0411\u0435\u0437-\u0438xcxcxcxcxcx.jpg\" \/>\n\t<meta property=\"og:image:width\" content=\"1920\" \/>\n\t<meta property=\"og:image:height\" content=\"1080\" \/>\n\t<meta property=\"og:image:type\" content=\"image\/jpeg\" \/>\n<meta name=\"twitter:card\" content=\"summary_large_image\" \/>\n<meta name=\"twitter:label1\" content=\"Est. reading time\" \/>\n\t<meta name=\"twitter:data1\" content=\"23 minutes\" \/>\n<!-- \/ Yoast SEO plugin. -->","yoast_head_json":{"title":"Configurer Hand2Note pour jouer dans des applications via un \u00e9mulateur","description":"Utilisez Hand2Note avec des \u00e9mulateurs Android pour afficher des HUDs et collecter des statistiques dans des applications de poker mobile comme PokerBROS - obtenez un avantage sur les utilisateurs de smartphones.","robots":{"index":"index","follow":"follow","max-snippet":"max-snippet:-1","max-image-preview":"max-image-preview:large","max-video-preview":"max-video-preview:-1"},"canonical":"https:\/\/hand2noteguide.com\/user-manual\/configuring-hand2note-to-play-in-applications-via-an-emulator-using-the-example-of-pokerbros\/","og_locale":"fr_FR","og_type":"article","og_title":"Configurer Hand2Note pour jouer dans des applications via un \u00e9mulateur","og_description":"Utilisez Hand2Note avec des \u00e9mulateurs Android pour afficher des HUDs et collecter des statistiques dans des applications de poker mobile comme PokerBROS - obtenez un avantage sur les utilisateurs de smartphones.","og_url":"https:\/\/hand2noteguide.com\/user-manual\/configuring-hand2note-to-play-in-applications-via-an-emulator-using-the-example-of-pokerbros\/","og_site_name":"Hand2Note Guide","article_modified_time":"2026-03-10T08:19:18+00:00","og_image":[{"width":1920,"height":1080,"url":"https:\/\/hand2noteguide.com\/wp-content\/uploads\/2025\/04\/\u0411\u0435\u0437-\u0438xcxcxcxcxcx.jpg","type":"image\/jpeg"}],"twitter_card":"summary_large_image","twitter_misc":{"Est. reading time":"23 minutes"},"schema":{"@context":"https:\/\/schema.org","@graph":[]}},"jetpack_sharing_enabled":true,"_links":{"self":[{"href":"https:\/\/hand2noteguide.com\/fr\/wp-json\/wp\/v2\/pages\/9942","targetHints":{"allow":["GET"]}}],"collection":[{"href":"https:\/\/hand2noteguide.com\/fr\/wp-json\/wp\/v2\/pages"}],"about":[{"href":"https:\/\/hand2noteguide.com\/fr\/wp-json\/wp\/v2\/types\/page"}],"author":[{"embeddable":true,"href":"https:\/\/hand2noteguide.com\/fr\/wp-json\/wp\/v2\/users\/3"}],"replies":[{"embeddable":true,"href":"https:\/\/hand2noteguide.com\/fr\/wp-json\/wp\/v2\/comments?post=9942"}],"version-history":[{"count":91,"href":"https:\/\/hand2noteguide.com\/fr\/wp-json\/wp\/v2\/pages\/9942\/revisions"}],"predecessor-version":[{"id":15619,"href":"https:\/\/hand2noteguide.com\/fr\/wp-json\/wp\/v2\/pages\/9942\/revisions\/15619"}],"up":[{"embeddable":true,"href":"https:\/\/hand2noteguide.com\/fr\/wp-json\/wp\/v2\/pages\/9199"}],"wp:featuredmedia":[{"embeddable":true,"href":"https:\/\/hand2noteguide.com\/fr\/wp-json\/wp\/v2\/media\/9962"}],"wp:attachment":[{"href":"https:\/\/hand2noteguide.com\/fr\/wp-json\/wp\/v2\/media?parent=9942"}],"curies":[{"name":"wp","href":"https:\/\/api.w.org\/{rel}","templated":true}]}}