{"id":10343,"date":"2025-04-20T19:04:25","date_gmt":"2025-04-20T16:04:25","guid":{"rendered":"https:\/\/hand2noteguide.com\/?page_id=10343"},"modified":"2026-03-10T11:22:10","modified_gmt":"2026-03-10T08:22:10","slug":"hand2note-report-menu","status":"publish","type":"page","link":"https:\/\/hand2noteguide.com\/it\/user-manual\/hand2note-report-menu\/","title":{"rendered":"Lo strumento &#8220;Reports&#8221; di Hand2Note"},"content":{"rendered":"\n<p>In Hand2Note, la scheda &#8220;Reports&#8221; fornisce uno strumento potente e quasi illimitato per analizzare il tuo gioco o quello dei tuoi avversari. Grazie a ci\u00f2, la capacit\u00e0 di filtrare varie situazioni di gioco \u00e8 letteralmente limitata solo dalla tua immaginazione.<\/p>\n\n\n\n<p>I &#8220;Reports&#8221; ti permettono di ottenere informazioni nel modo pi\u00f9 dettagliato possibile non solo sulle situazioni di gioco usuali, ma anche di rispondere a domande complesse e non standard, come: &#8220;Quanto spesso, essendo in posizione iniziale, facendo una continuation bet al flop, passo le mie carte su un rilancio del mio avversario, che \u00e8 sul BTN&#8221;?<\/p>\n\n\n\n<p>In questo articolo considereremo la navigazione e le funzionalit\u00e0 di base di questa scheda. Questo ti aiuter\u00e0 a comprendere le meccaniche di lavoro con i &#8220;Reports&#8221;, oltre a familiarizzare con le sue caratteristiche.<\/p>\n\n\n\n<h2 class=\"wp-block-heading\">Navigazione nei \u201cReports\u201d e meccaniche di lavoro con essi<\/h2>\n\n\n\n<p>Per aprire la scheda &#8220;Reports&#8221;, trova &#8220;Reports&#8221; (1) nella finestra principale e clicca su di essa.<\/p>\n\n\n\n<figure class=\"wp-block-image size-large\"><img loading=\"lazy\" decoding=\"async\" width=\"1024\" height=\"576\" src=\"http:\/\/hand2noteguide.com\/wp-content\/uploads\/2025\/04\/\u0411\u0435\u0437-567567567\u0438\u043c\u0435\u043d\u0438-1-1024x576.jpg\" alt=\"\" class=\"wp-image-10390\" srcset=\"https:\/\/hand2noteguide.com\/wp-content\/uploads\/2025\/04\/\u0411\u0435\u0437-567567567\u0438\u043c\u0435\u043d\u0438-1-1024x576.jpg 1024w, https:\/\/hand2noteguide.com\/wp-content\/uploads\/2025\/04\/\u0411\u0435\u0437-567567567\u0438\u043c\u0435\u043d\u0438-1-300x169.jpg 300w, https:\/\/hand2noteguide.com\/wp-content\/uploads\/2025\/04\/\u0411\u0435\u0437-567567567\u0438\u043c\u0435\u043d\u0438-1-768x432.jpg 768w, https:\/\/hand2noteguide.com\/wp-content\/uploads\/2025\/04\/\u0411\u0435\u0437-567567567\u0438\u043c\u0435\u043d\u0438-1-1536x864.jpg 1536w, https:\/\/hand2noteguide.com\/wp-content\/uploads\/2025\/04\/\u0411\u0435\u0437-567567567\u0438\u043c\u0435\u043d\u0438-1-772x434.jpg 772w, https:\/\/hand2noteguide.com\/wp-content\/uploads\/2025\/04\/\u0411\u0435\u0437-567567567\u0438\u043c\u0435\u043d\u0438-1-624x351.jpg 624w, https:\/\/hand2noteguide.com\/wp-content\/uploads\/2025\/04\/\u0411\u0435\u0437-567567567\u0438\u043c\u0435\u043d\u0438-1.jpg 1920w\" sizes=\"auto, (max-width: 1024px) 100vw, 1024px\" \/><\/figure>\n\n\n\n<p>Le meccaniche di lavoro con i report hanno una sequenza di azioni, ovvero:<\/p>\n\n\n\n<ol class=\"wp-block-list\">\n<li>Prima di tutto, dobbiamo rispondere alla domanda: &#8220;Di chi stiamo analizzando il gioco?&#8221;. Per selezionare un oggetto (giocatore, alias o gruppo di giocatori) da analizzare, devi cliccare sul pulsante con il nickname nell&#8217;angolo in alto a sinistra della finestra (2). Subito dopo la selezione, nell&#8217;area (4) e nell&#8217;area (5) vedremo le statistiche senza alcun filtro sull&#8217;oggetto analizzato che abbiamo specificato.<\/li>\n\n\n\n<li>Successivamente, dobbiamo rispondere alla domanda: &#8220;Quali criteri dobbiamo analizzare nelle statistiche di un giocatore, un alias o un gruppo di giocatori?&#8221; Per impostare il filtro necessario per le statistiche che corrispondono ai criteri di analisi, trova il pulsante \u201c+ Filter\u201d (3) e clicca su di esso. Successivamente, seleziona il filtro desiderato e applicalo. Dopo di ci\u00f2, le statistiche nell&#8217;area (4) e nell&#8217;area (5) cambieranno in base al filtro applicato.<\/li>\n<\/ol>\n\n\n\n<h3 class=\"wp-block-heading\">Selezione dei filtri da applicare alle statistiche<\/h3>\n\n\n\n<p>Dopo aver cliccato sul pulsante \u201c+ Filter\u201d, si apre la finestra dei filtri. In essa puoi scegliere uno qualsiasi dei filtri pronti situati nelle schede al centro della finestra. Puoi anche creare il tuo filtro per l&#8217;analisi chiamando l&#8217;editor delle statistiche cliccando su \u201c+ Custom Filter\u201d (8).<\/p>\n\n\n\n<p><em>Puoi utilizzare diversi filtri contemporaneamente. La cosa principale \u00e8 non utilizzare filtri mutuamente esclusivi insieme; altrimenti, il report mostrer\u00e0 risultati pari a zero.<\/em><\/p>\n\n\n\n<p>Dopo aver selezionato i filtri, clicca sul pulsante \u201cAPPLY\u201d (9) per applicarli nei report.<\/p>\n\n\n\n<figure class=\"wp-block-image size-large\"><img loading=\"lazy\" decoding=\"async\" width=\"1024\" height=\"601\" src=\"http:\/\/hand2noteguide.com\/wp-content\/uploads\/2025\/04\/\u0411\u0435\u0437-\u0438\u043c7676767\u0435\u043d\u0438-2-1024x601.jpg\" alt=\"\" class=\"wp-image-10432\" srcset=\"https:\/\/hand2noteguide.com\/wp-content\/uploads\/2025\/04\/\u0411\u0435\u0437-\u0438\u043c7676767\u0435\u043d\u0438-2-1024x601.jpg 1024w, https:\/\/hand2noteguide.com\/wp-content\/uploads\/2025\/04\/\u0411\u0435\u0437-\u0438\u043c7676767\u0435\u043d\u0438-2-300x176.jpg 300w, https:\/\/hand2noteguide.com\/wp-content\/uploads\/2025\/04\/\u0411\u0435\u0437-\u0438\u043c7676767\u0435\u043d\u0438-2-768x451.jpg 768w, https:\/\/hand2noteguide.com\/wp-content\/uploads\/2025\/04\/\u0411\u0435\u0437-\u0438\u043c7676767\u0435\u043d\u0438-2-1536x901.jpg 1536w, https:\/\/hand2noteguide.com\/wp-content\/uploads\/2025\/04\/\u0411\u0435\u0437-\u0438\u043c7676767\u0435\u043d\u0438-2-772x453.jpg 772w, https:\/\/hand2noteguide.com\/wp-content\/uploads\/2025\/04\/\u0411\u0435\u0437-\u0438\u043c7676767\u0435\u043d\u0438-2-624x366.jpg 624w, https:\/\/hand2noteguide.com\/wp-content\/uploads\/2025\/04\/\u0411\u0435\u0437-\u0438\u043c7676767\u0435\u043d\u0438-2.jpg 1841w\" sizes=\"auto, (max-width: 1024px) 100vw, 1024px\" \/><\/figure>\n\n\n\n<p>Il set pronto di filtri presentato nelle schede \u00e8 diviso in categorie:<\/p>\n\n\n\n<ul class=\"wp-block-list\">\n<li>Scheda &#8220;Quick Filters&#8221; (1) &#8211; in questa scheda puoi selezionare una qualsiasi delle principali azioni possibili di un giocatore da analizzare;<\/li>\n\n\n\n<li>Scheda &#8220;Positions&#8221; (2) &#8211; in questa scheda puoi indicare la posizione del giocatore o del suo avversario nella mano &#8211; sia preflop che postflop;<\/li>\n\n\n\n<li>La scheda &#8220;General&#8221; (3) ti consente di filtrare le statistiche in base alle principali caratteristiche del gioco stesso. Ad esempio: dimensione del tavolo, big blind, straddle, poker room, selezione (il numero di chip al tavolo con il giocatore), valuta giocata, tipo di gioco (Hold&#8217;em, Omaha e simili), dimensione del piatto e molti altri;<\/li>\n\n\n\n<li>La scheda &#8220;Actions&#8221; (4) &#8211; ti consente di costruire una linea di azioni del giocatore da strada a strada per l&#8217;analisi;<\/li>\n\n\n\n<li>La scheda &#8220;Hand Strength&#8221; (5) &#8211; ti consente di impostare per l&#8217;analisi la mano (o diverse mani) che sono state distribuite al giocatore quando le carte sono state distribuite. Inoltre, in questa scheda puoi includere per l&#8217;analisi solo quelle mani che il giocatore ha mostrato durante il gioco (mani conosciute);<\/li>\n\n\n\n<li>La scheda &#8220;Session&#8221; (6) &#8211; ti consente di selezionare il periodo di tempo del gioco da analizzare. Ad esempio: per ora del giorno, giorno della settimana, mese dell&#8217;anno e molti altri;<\/li>\n\n\n\n<li>La scheda &#8220;Tournaments&#8221; (7) ti consente di selezionare criteri specifici per i tornei da analizzare.<\/li>\n<\/ul>\n\n\n\n<h3 class=\"wp-block-heading\">Visualizzazione dei risultati e navigazione attraverso le schede statistiche<\/h3>\n\n\n\n<p>Dopo aver selezionato un giocatore, nonch\u00e9 selezionato i filtri e applicati, possiamo vedere tutte le informazioni necessarie su di essi in forma statistica immediatamente sotto il pulsante \u201c+Filter\u201d &#8211; nel campo (1) e nel campo (2).<\/p>\n\n\n\n<figure class=\"wp-block-image size-large\"><img loading=\"lazy\" decoding=\"async\" width=\"1024\" height=\"573\" src=\"http:\/\/hand2noteguide.com\/wp-content\/uploads\/2025\/04\/\u0411\u0435\u0437-\u0438\u043c\u04353453\u043d\u0438-1-1024x573.jpg\" alt=\"\" class=\"wp-image-10453\" srcset=\"https:\/\/hand2noteguide.com\/wp-content\/uploads\/2025\/04\/\u0411\u0435\u0437-\u0438\u043c\u04353453\u043d\u0438-1-1024x573.jpg 1024w, https:\/\/hand2noteguide.com\/wp-content\/uploads\/2025\/04\/\u0411\u0435\u0437-\u0438\u043c\u04353453\u043d\u0438-1-300x168.jpg 300w, https:\/\/hand2noteguide.com\/wp-content\/uploads\/2025\/04\/\u0411\u0435\u0437-\u0438\u043c\u04353453\u043d\u0438-1-768x430.jpg 768w, https:\/\/hand2noteguide.com\/wp-content\/uploads\/2025\/04\/\u0411\u0435\u0437-\u0438\u043c\u04353453\u043d\u0438-1-1536x860.jpg 1536w, https:\/\/hand2noteguide.com\/wp-content\/uploads\/2025\/04\/\u0411\u0435\u0437-\u0438\u043c\u04353453\u043d\u0438-1-772x432.jpg 772w, https:\/\/hand2noteguide.com\/wp-content\/uploads\/2025\/04\/\u0411\u0435\u0437-\u0438\u043c\u04353453\u043d\u0438-1-624x349.jpg 624w, https:\/\/hand2noteguide.com\/wp-content\/uploads\/2025\/04\/\u0411\u0435\u0437-\u0438\u043c\u04353453\u043d\u0438-1.jpg 1691w\" sizes=\"auto, (max-width: 1024px) 100vw, 1024px\" \/><\/figure>\n\n\n\n<p>Il campo (1) mostra le schede:<\/p>\n\n\n\n<ul class=\"wp-block-list\">\n<li>\u201cStats\u201d &#8211; qui puoi vedere i principali indicatori statistici come Win Rate, VPIP, PFR, <a href=\"https:\/\/hand2noteguide.com\/it\/poker\/poker-hud-stats\/3bet-in-poker\/\">3bet<\/a>, e molti altri;<\/li>\n\n\n\n<li>\u201cGraph\u201d &#8211; in questa scheda puoi vedere un grafico dei risultati del gioco &#8211; in valuta a tua scelta o in big blind;<\/li>\n\n\n\n<li>\u201cPreflop Range\u201d &#8211; diagramma preflop delle mani che il giocatore ha mostrato durante il gioco;<\/li>\n\n\n\n<li>\u201cHand Strength\u201d &#8211; mostra la forza della mano giocata dal giocatore nelle diverse strade.<\/li>\n<\/ul>\n\n\n\n<p>Nel campo (2) ci sono varie schede dove puoi vedere dati come: l&#8217;elenco delle mani (\u201cHands\u201d), i risultati del gioco a diversi limiti (\u201cResults\u201d), i risultati tenendo conto delle diverse posizioni preflop del giocatore (\u201cPositions\u201d) e molti altri.<\/p>\n\n\n\n<p><em>Inoltre, nel campo (2) puoi cliccare sull&#8217;icona \u201c+\u201d (3) alla fine dell&#8217;elenco delle schede e aggiungere schede mancanti con vari set di dati (4).<\/em><\/p>\n\n\n\n<h3 class=\"wp-block-heading\">Report all&#8217;interno di un report<\/h3>\n\n\n\n<p>Vale la pena prestare particolare attenzione a una funzione come l&#8217;apertura di un report aggiuntivo all&#8217;interno di uno gi\u00e0 creato.<\/p>\n\n\n\n<p>Cliccando sulle righe in determinate schede del campo (1) puoi aprire una finestra di report aggiuntiva a destra, nel campo (2). Essa terr\u00e0 gi\u00e0 conto di tutti i filtri applicati in precedenza, nonch\u00e9 della riga nelle schede che hai selezionato (ad esempio: NL $5, 6-max).<\/p>\n\n\n\n<figure class=\"wp-block-image size-large\"><img loading=\"lazy\" decoding=\"async\" width=\"1024\" height=\"551\" src=\"http:\/\/hand2noteguide.com\/wp-content\/uploads\/2025\/04\/\u0411\u0435\u0437-\u0438\u043cSDFSDFSDF\u0435\u043d\u0438-2-1024x551.jpg\" alt=\"\" class=\"wp-image-10482\" srcset=\"https:\/\/hand2noteguide.com\/wp-content\/uploads\/2025\/04\/\u0411\u0435\u0437-\u0438\u043cSDFSDFSDF\u0435\u043d\u0438-2-1024x551.jpg 1024w, https:\/\/hand2noteguide.com\/wp-content\/uploads\/2025\/04\/\u0411\u0435\u0437-\u0438\u043cSDFSDFSDF\u0435\u043d\u0438-2-300x161.jpg 300w, https:\/\/hand2noteguide.com\/wp-content\/uploads\/2025\/04\/\u0411\u0435\u0437-\u0438\u043cSDFSDFSDF\u0435\u043d\u0438-2-768x413.jpg 768w, https:\/\/hand2noteguide.com\/wp-content\/uploads\/2025\/04\/\u0411\u0435\u0437-\u0438\u043cSDFSDFSDF\u0435\u043d\u0438-2-1536x826.jpg 1536w, https:\/\/hand2noteguide.com\/wp-content\/uploads\/2025\/04\/\u0411\u0435\u0437-\u0438\u043cSDFSDFSDF\u0435\u043d\u0438-2-772x415.jpg 772w, https:\/\/hand2noteguide.com\/wp-content\/uploads\/2025\/04\/\u0411\u0435\u0437-\u0438\u043cSDFSDFSDF\u0435\u043d\u0438-2-624x336.jpg 624w, https:\/\/hand2noteguide.com\/wp-content\/uploads\/2025\/04\/\u0411\u0435\u0437-\u0438\u043cSDFSDFSDF\u0435\u043d\u0438-2.jpg 1915w\" sizes=\"auto, (max-width: 1024px) 100vw, 1024px\" \/><\/figure>\n\n\n\n<p>Nel campo (2) puoi applicare i tuoi filtri, oltre ai filtri del campo (1), per l&#8217;analisi. E anche continuare il passaggio al terzo report a destra, cliccando sulle righe necessarie nelle schede interne delle statistiche, ma gi\u00e0 nell&#8217;area del secondo report.<\/p>\n\n\n\n<p>Questa funzione ti consente di filtrare le statistiche sopra il filtraggio precedentemente creato, semplificando e ampliando infinitamente le possibilit\u00e0 di analisi.<\/p>\n\n\n\n<h3 class=\"wp-block-heading\">Esportazione delle mani dal menu dei report<\/h3>\n\n\n\n<p>Hand2Note consente di esportare le mani dai report. Compresi quelli con filtri applicati alle statistiche.<\/p>\n\n\n\n<p>Ci\u00f2, a sua volta, ci d\u00e0 l&#8217;opportunit\u00e0 di scaricare mani con determinate situazioni di gioco, tenendo conto dei filtri applicati in precedenza. In futuro, queste mani possono essere utilizzate, ad esempio, per il caricamento in un database separato.<\/p>\n\n\n\n<p>Per esportare le mani dai report, seleziona la scheda \u201cHands\u201d (1). Quindi, nell&#8217;elenco aperto delle mani in basso (2), clicca su una qualsiasi di esse con il tasto destro del mouse. Nell&#8217;elenco a discesa seleziona \u201cExport Hands\u201d (3), e specifica una posizione di salvataggio.<\/p>\n\n\n\n<figure class=\"wp-block-image size-large\"><img loading=\"lazy\" decoding=\"async\" width=\"1024\" height=\"576\" src=\"http:\/\/hand2noteguide.com\/wp-content\/uploads\/2025\/04\/\u0411\u0435\u0437-\u0432\u0444\u044b\u0432\u0444\u044b\u0432\u0444\u0432\u0444\u044b\u0432\u0444\u044b\u0432\u0438\u043c\u0435\u043d\u0438-3-1024x576.jpg\" alt=\"\" class=\"wp-image-10500\" srcset=\"https:\/\/hand2noteguide.com\/wp-content\/uploads\/2025\/04\/\u0411\u0435\u0437-\u0432\u0444\u044b\u0432\u0444\u044b\u0432\u0444\u0432\u0444\u044b\u0432\u0444\u044b\u0432\u0438\u043c\u0435\u043d\u0438-3-1024x576.jpg 1024w, https:\/\/hand2noteguide.com\/wp-content\/uploads\/2025\/04\/\u0411\u0435\u0437-\u0432\u0444\u044b\u0432\u0444\u044b\u0432\u0444\u0432\u0444\u044b\u0432\u0444\u044b\u0432\u0438\u043c\u0435\u043d\u0438-3-300x169.jpg 300w, https:\/\/hand2noteguide.com\/wp-content\/uploads\/2025\/04\/\u0411\u0435\u0437-\u0432\u0444\u044b\u0432\u0444\u044b\u0432\u0444\u0432\u0444\u044b\u0432\u0444\u044b\u0432\u0438\u043c\u0435\u043d\u0438-3-768x432.jpg 768w, https:\/\/hand2noteguide.com\/wp-content\/uploads\/2025\/04\/\u0411\u0435\u0437-\u0432\u0444\u044b\u0432\u0444\u044b\u0432\u0444\u0432\u0444\u044b\u0432\u0444\u044b\u0432\u0438\u043c\u0435\u043d\u0438-3-1536x864.jpg 1536w, https:\/\/hand2noteguide.com\/wp-content\/uploads\/2025\/04\/\u0411\u0435\u0437-\u0432\u0444\u044b\u0432\u0444\u044b\u0432\u0444\u0432\u0444\u044b\u0432\u0444\u044b\u0432\u0438\u043c\u0435\u043d\u0438-3-772x434.jpg 772w, https:\/\/hand2noteguide.com\/wp-content\/uploads\/2025\/04\/\u0411\u0435\u0437-\u0432\u0444\u044b\u0432\u0444\u044b\u0432\u0444\u0432\u0444\u044b\u0432\u0444\u044b\u0432\u0438\u043c\u0435\u043d\u0438-3-624x351.jpg 624w, https:\/\/hand2noteguide.com\/wp-content\/uploads\/2025\/04\/\u0411\u0435\u0437-\u0432\u0444\u044b\u0432\u0444\u044b\u0432\u0444\u0432\u0444\u044b\u0432\u0444\u044b\u0432\u0438\u043c\u0435\u043d\u0438-3.jpg 1920w\" sizes=\"auto, (max-width: 1024px) 100vw, 1024px\" \/><\/figure>\n\n\n\n<p>Vedi anche: <a href=\"https:\/\/hand2note.com\/Help\/Features\/reports\" target=\"_blank\" rel=\"noreferrer noopener\">Manuale ufficiale di Hand2Note: Reports<\/a>.<\/p>\n","protected":false},"excerpt":{"rendered":"<p>In Hand2Note, la scheda &#8220;Reports&#8221; fornisce uno strumento potente e quasi illimitato per analizzare il tuo gioco o quello dei tuoi avversari. Grazie a ci\u00f2, la capacit\u00e0 di filtrare varie situazioni di gioco \u00e8 letteralmente limitata solo dalla tua immaginazione. I &#8220;Reports&#8221; ti permettono di ottenere informazioni nel modo pi\u00f9 dettagliato possibile non solo sulle &hellip; <a href=\"https:\/\/hand2noteguide.com\/it\/user-manual\/hand2note-report-menu\/\" class=\"more-link\">Continue reading <span class=\"screen-reader-text\">Lo strumento &#8220;Reports&#8221; di Hand2Note<\/span><\/a><\/p>\n","protected":false},"author":3,"featured_media":10348,"parent":9199,"menu_order":0,"comment_status":"closed","ping_status":"closed","template":"","meta":{"footnotes":""},"class_list":["post-10343","page","type-page","status-publish","has-post-thumbnail","hentry"],"translation":{"provider":"WPGlobus","version":"3.0.2","language":"it","enabled_languages":["en","ru","pt","zh","es","fr","de","it","ja"],"languages":{"en":{"title":true,"content":true,"excerpt":false},"ru":{"title":true,"content":true,"excerpt":false},"pt":{"title":true,"content":true,"excerpt":false},"zh":{"title":true,"content":true,"excerpt":false},"es":{"title":true,"content":true,"excerpt":false},"fr":{"title":true,"content":true,"excerpt":false},"de":{"title":true,"content":true,"excerpt":false},"it":{"title":true,"content":true,"excerpt":false},"ja":{"title":true,"content":true,"excerpt":false}}},"yoast_head":"<!-- This site is optimized with the Yoast SEO plugin v27.0 - https:\/\/yoast.com\/product\/yoast-seo-wordpress\/ -->\n<title>Lo strumento &quot;Reports&quot; di Hand2Note<\/title>\n<meta name=\"description\" content=\"Analizza la strategia del poker come mai prima d&#039;ora con la scheda &quot;Reports&quot; di Hand2Note - filtra qualsiasi scenario e ottieni approfondimenti dettagliati sul tuo gioco.\" \/>\n<meta name=\"robots\" content=\"index, follow, max-snippet:-1, max-image-preview:large, max-video-preview:-1\" \/>\n<link rel=\"canonical\" href=\"https:\/\/hand2noteguide.com\/user-manual\/hand2note-report-menu\/\" \/>\n<meta property=\"og:locale\" content=\"it_IT\" \/>\n<meta property=\"og:type\" content=\"article\" \/>\n<meta property=\"og:title\" content=\"Lo strumento &quot;Reports&quot; di Hand2Note\" \/>\n<meta property=\"og:description\" content=\"Analizza la strategia del poker come mai prima d&#039;ora con la scheda &quot;Reports&quot; di Hand2Note - filtra qualsiasi scenario e ottieni approfondimenti dettagliati sul tuo gioco.\" \/>\n<meta property=\"og:url\" content=\"https:\/\/hand2noteguide.com\/user-manual\/hand2note-report-menu\/\" \/>\n<meta property=\"og:site_name\" content=\"Hand2Note Guide\" \/>\n<meta property=\"article:modified_time\" content=\"2026-03-10T08:22:10+00:00\" \/>\n<meta property=\"og:image\" content=\"https:\/\/hand2noteguide.com\/wp-content\/uploads\/2025\/04\/\u0411\u0435\u0437-\u0438\u043c\u0435\u043d\u0438-1-5.jpg\" \/>\n\t<meta property=\"og:image:width\" content=\"1848\" \/>\n\t<meta property=\"og:image:height\" content=\"1019\" \/>\n\t<meta property=\"og:image:type\" content=\"image\/jpeg\" \/>\n<meta name=\"twitter:card\" content=\"summary_large_image\" \/>\n<meta name=\"twitter:label1\" content=\"Est. reading time\" \/>\n\t<meta name=\"twitter:data1\" content=\"7 minutes\" \/>\n<!-- \/ Yoast SEO plugin. -->","yoast_head_json":{"title":"Lo strumento \"Reports\" di Hand2Note","description":"Analizza la strategia del poker come mai prima d'ora con la scheda \"Reports\" di Hand2Note - filtra qualsiasi scenario e ottieni approfondimenti dettagliati sul tuo gioco.","robots":{"index":"index","follow":"follow","max-snippet":"max-snippet:-1","max-image-preview":"max-image-preview:large","max-video-preview":"max-video-preview:-1"},"canonical":"https:\/\/hand2noteguide.com\/user-manual\/hand2note-report-menu\/","og_locale":"it_IT","og_type":"article","og_title":"Lo strumento \"Reports\" di Hand2Note","og_description":"Analizza la strategia del poker come mai prima d'ora con la scheda \"Reports\" di Hand2Note - filtra qualsiasi scenario e ottieni approfondimenti dettagliati sul tuo gioco.","og_url":"https:\/\/hand2noteguide.com\/user-manual\/hand2note-report-menu\/","og_site_name":"Hand2Note Guide","article_modified_time":"2026-03-10T08:22:10+00:00","og_image":[{"width":1848,"height":1019,"url":"https:\/\/hand2noteguide.com\/wp-content\/uploads\/2025\/04\/\u0411\u0435\u0437-\u0438\u043c\u0435\u043d\u0438-1-5.jpg","type":"image\/jpeg"}],"twitter_card":"summary_large_image","twitter_misc":{"Est. reading time":"7 minutes"},"schema":{"@context":"https:\/\/schema.org","@graph":[]}},"jetpack_sharing_enabled":true,"_links":{"self":[{"href":"https:\/\/hand2noteguide.com\/it\/wp-json\/wp\/v2\/pages\/10343","targetHints":{"allow":["GET"]}}],"collection":[{"href":"https:\/\/hand2noteguide.com\/it\/wp-json\/wp\/v2\/pages"}],"about":[{"href":"https:\/\/hand2noteguide.com\/it\/wp-json\/wp\/v2\/types\/page"}],"author":[{"embeddable":true,"href":"https:\/\/hand2noteguide.com\/it\/wp-json\/wp\/v2\/users\/3"}],"replies":[{"embeddable":true,"href":"https:\/\/hand2noteguide.com\/it\/wp-json\/wp\/v2\/comments?post=10343"}],"version-history":[{"count":136,"href":"https:\/\/hand2noteguide.com\/it\/wp-json\/wp\/v2\/pages\/10343\/revisions"}],"predecessor-version":[{"id":15622,"href":"https:\/\/hand2noteguide.com\/it\/wp-json\/wp\/v2\/pages\/10343\/revisions\/15622"}],"up":[{"embeddable":true,"href":"https:\/\/hand2noteguide.com\/it\/wp-json\/wp\/v2\/pages\/9199"}],"wp:featuredmedia":[{"embeddable":true,"href":"https:\/\/hand2noteguide.com\/it\/wp-json\/wp\/v2\/media\/10348"}],"wp:attachment":[{"href":"https:\/\/hand2noteguide.com\/it\/wp-json\/wp\/v2\/media?parent=10343"}],"curies":[{"name":"wp","href":"https:\/\/api.w.org\/{rel}","templated":true}]}}