{"id":10548,"date":"2025-04-24T12:01:44","date_gmt":"2025-04-24T09:01:44","guid":{"rendered":"https:\/\/hand2noteguide.com\/?page_id=10548"},"modified":"2026-02-21T06:56:03","modified_gmt":"2026-02-21T03:56:03","slug":"coinpoker-hud","status":"publish","type":"page","link":"https:\/\/hand2noteguide.com\/it\/coinpoker-hud\/","title":{"rendered":"CoinPoker HUD di Hand2Note: Il tuo Vantaggio Competitivo"},"content":{"rendered":"\n<p>Se hai intenzione di giocare su <a href=\"https:\/\/coinpoker.com\/\" target=\"_blank\" rel=\"noreferrer noopener\">CoinPoker<\/a>, o sei gi\u00e0 un giocatore regolare in questa room, probabilmente stai pensando alla possibilit\u00e0 di utilizzare un HUD ai tavoli. CoinPoker \u00e8 uno dei siti di maggior successo e in pi\u00f9 rapida crescita negli ultimi tempi. La buona notizia \u00e8 che CoinPoker consente ufficialmente l&#8217;uso di HUD.<\/p>\n\n\n\n<h2 class=\"wp-block-heading\">L&#8217;HUD \u00e8 consentito su CoinPoker?<\/h2>\n\n\n\n<p>S\u00ec. In passato, la room ha deciso di vietare l&#8217;uso di software di terze parti, ma poi le restrizioni sono state revocate, come annunciato nel loro <a href=\"https:\/\/discord.com\/channels\/1240617962696605798\/1240617964986957877\/1325820153631346709\" target=\"_blank\" rel=\"noreferrer noopener\">canale ufficiale su Discord<\/a>.<\/p>\n\n\n\n<figure class=\"wp-block-image size-large\"><img loading=\"lazy\" decoding=\"async\" width=\"1024\" height=\"237\" src=\"https:\/\/hand2noteguide.com\/wp-content\/uploads\/2025\/04\/Screenshot-2025-04-24-at-5.05.07\u202fAM-1024x237.png\" alt=\"CoinPoker HUD by Hand2Note: Your Competitive Edge\" class=\"wp-image-10553\" srcset=\"https:\/\/hand2noteguide.com\/wp-content\/uploads\/2025\/04\/Screenshot-2025-04-24-at-5.05.07\u202fAM-1024x237.png 1024w, https:\/\/hand2noteguide.com\/wp-content\/uploads\/2025\/04\/Screenshot-2025-04-24-at-5.05.07\u202fAM-300x70.png 300w, https:\/\/hand2noteguide.com\/wp-content\/uploads\/2025\/04\/Screenshot-2025-04-24-at-5.05.07\u202fAM-768x178.png 768w, https:\/\/hand2noteguide.com\/wp-content\/uploads\/2025\/04\/Screenshot-2025-04-24-at-5.05.07\u202fAM-772x179.png 772w, https:\/\/hand2noteguide.com\/wp-content\/uploads\/2025\/04\/Screenshot-2025-04-24-at-5.05.07\u202fAM-624x145.png 624w, https:\/\/hand2noteguide.com\/wp-content\/uploads\/2025\/04\/Screenshot-2025-04-24-at-5.05.07\u202fAM.png 1078w\" sizes=\"auto, (max-width: 1024px) 100vw, 1024px\" \/><\/figure>\n\n\n\n<p>Pertanto, ora consigliamo di utilizzare sicuramente un HUD per tenere il passo con altri regolari e avere un vantaggio tecnico aggiuntivo sugli avversari pi\u00f9 deboli.<\/p>\n\n\n<div class=\"wp-block-h2n-alert h2n-alert h2n-alert--warning\"><div class=\"h2n-alert__icon\" aria-hidden=\"true\"><svg width=\"22\" height=\"22\" viewBox=\"0 0 24 24\" fill=\"none\" stroke=\"currentColor\" stroke-width=\"2\" stroke-linecap=\"round\" stroke-linejoin=\"round\"><path d=\"M10.29 3.86L1.82 18a2 2 0 001.71 3h16.94a2 2 0 001.71-3L13.71 3.86a2 2 0 00-3.42 0z\"\/><line x1=\"12\" y1=\"9\" x2=\"12\" y2=\"13\"\/><circle cx=\"12\" cy=\"17\" r=\"1\" fill=\"currentColor\" stroke=\"none\"\/><\/svg><\/div><div class=\"h2n-alert__content\">Si prega di notare che <a href=\"https:\/\/hand2noteguide.com\/it\/user-manual\/hud-editor-creating-a-dynamic-hud\/\" id=\"13718\">Dynamic HUD<\/a> non \u00e8 supportato su CoinPoker a causa delle restrizioni della politica della room. <a href=\"https:\/\/hand2noteguide.com\/it\/user-manual\/hud-editor-creating-a-static-hud\/\" id=\"13575\">Static HUD<\/a> e <a href=\"https:\/\/hand2noteguide.com\/it\/user-manual\/hud-editor-creating-a-positional-hud\/\" id=\"13653\">Positional HUD<\/a> continueranno a funzionare normalmente.<\/div><\/div>\n\n\n<h2 class=\"wp-block-heading\">Qual \u00e8 il miglior software HUD da utilizzare per CoinPoker?<\/h2>\n\n\n\n<p>La migliore opzione di software HUD per CoinPoker \u00e8 <a href=\"https:\/\/hand2note.com\/\" target=\"_blank\" rel=\"noreferrer noopener\">Hand2Note<\/a>. \u00c8 il tracker di poker pi\u00f9 popolare e avanzato, fidato da migliaia di giocatori. Vai al nostro articolo <a href=\"https:\/\/hand2noteguide.com\/it\/hand2note-4-getting-started\/\">Iniziare con Hand2Note<\/a> per iniziare a usare Hand2Note con CoinPoker subito.<\/p>\n\n\n<div class=\"wp-block-h2n-cta-button\" style=\"text-align: left;\"><a href=\"https:\/\/hand2noteguide.com\/it\/go\/hand2note\/\" class=\"btn btn-primary\" target=\"_blank\" rel=\"noopener noreferrer nofollow sponsored\">Scarica Hand2Note HUD per CoinPoker<\/a><\/div>\n\n\n<figure class=\"wp-block-image size-large\"><img loading=\"lazy\" decoding=\"async\" width=\"1024\" height=\"637\" src=\"http:\/\/hand2noteguide.com\/wp-content\/uploads\/2025\/04\/h2n-1-min-1024x637.webp\" alt=\"CoinPoker HUD by Hand2Note: Your Competitive Edge\" class=\"wp-image-10163\" srcset=\"https:\/\/hand2noteguide.com\/wp-content\/uploads\/2025\/04\/h2n-1-min-1024x637.webp 1024w, https:\/\/hand2noteguide.com\/wp-content\/uploads\/2025\/04\/h2n-1-min-300x187.webp 300w, https:\/\/hand2noteguide.com\/wp-content\/uploads\/2025\/04\/h2n-1-min-768x478.webp 768w, https:\/\/hand2noteguide.com\/wp-content\/uploads\/2025\/04\/h2n-1-min-1536x955.webp 1536w, https:\/\/hand2noteguide.com\/wp-content\/uploads\/2025\/04\/h2n-1-min-772x480.webp 772w, https:\/\/hand2noteguide.com\/wp-content\/uploads\/2025\/04\/h2n-1-min-624x388.webp 624w, https:\/\/hand2noteguide.com\/wp-content\/uploads\/2025\/04\/h2n-1-min.webp 1590w\" sizes=\"auto, (max-width: 1024px) 100vw, 1024px\" \/><\/figure>\n\n\n\n<p>Hand2Note PRO \u00e8 la versione definitiva del tracker di poker pi\u00f9 avanzato. Con esso, puoi migliorare il tuo gioco e la qualit\u00e0 della tua analisi fuori dai tavoli.<\/p>\n\n\n\n<h2 class=\"wp-block-heading\">Su quali statistiche concentrarsi su CoinPoker<\/h2>\n\n\n\n<p>CoinPoker attira un mix di giocatori ricreativi e regolari, quindi il tuo HUD dovrebbe aiutarti a identificare rapidamente i tipi di giocatori. Ecco le statistiche chiave da visualizzare:<\/p>\n\n\n\n<ul class=\"wp-block-list\"><li><strong>VPIP \/ PFR<\/strong> \u2014 la base di qualsiasi HUD. Su CoinPoker troverai molti giocatori con VPIP superiore al 40%, il che segnala avversari deboli che puoi sfruttare.<\/li><li><strong>3-Bet %<\/strong> \u2014 ti aiuta a capire chi sta combattendo al preflop e chi \u00e8 passivo.<\/li><li><strong>Fold to C-Bet<\/strong> \u2014 essenziale per decidere se fare una continuation bet o rinunciare.<\/li><li><strong>WTSD (Went to Showdown)<\/strong> \u2014 un WTSD alto significa una calling station; un WTSD basso significa che puoi bluffare in modo pi\u00f9 efficace.<\/li><\/ul>\n\n\n\n<p>Se sei nuovo nelle statistiche HUD, consulta la nostra <a href=\"https:\/\/hand2noteguide.com\/it\/poker\/poker-hud-stats\/\">guida completa alle statistiche HUD del poker<\/a> per un&#8217;analisi dettagliata.<\/p>\n\n\n\n<h2 class=\"wp-block-heading\">Come avviare l&#8217;HUD?<\/h2>\n\n\n\n<p>\u00c8 sufficiente avviare contemporaneamente Hand2Note e il tavolo di CoinPoker. L&#8217;HUD dovrebbe essere immediatamente visualizzato sugli avversari. Se ci\u00f2 non accade, assicurati di aver installato tutti gli ultimi aggiornamenti dell&#8217;app. E assicurati di installare il modulo CoinPokerDesktop.<\/p>\n\n\n\n<figure class=\"wp-block-image size-large\"><img loading=\"lazy\" decoding=\"async\" width=\"1024\" height=\"463\" src=\"https:\/\/hand2noteguide.com\/wp-content\/uploads\/2025\/04\/coinpoker-hand2note-settings-min-1024x463.png\" alt=\"CoinPoker HUD by Hand2Note: Your Competitive Edge\" class=\"wp-image-10565\" srcset=\"https:\/\/hand2noteguide.com\/wp-content\/uploads\/2025\/04\/coinpoker-hand2note-settings-min-1024x463.png 1024w, https:\/\/hand2noteguide.com\/wp-content\/uploads\/2025\/04\/coinpoker-hand2note-settings-min-300x136.png 300w, https:\/\/hand2noteguide.com\/wp-content\/uploads\/2025\/04\/coinpoker-hand2note-settings-min-768x347.png 768w, https:\/\/hand2noteguide.com\/wp-content\/uploads\/2025\/04\/coinpoker-hand2note-settings-min-1536x694.png 1536w, https:\/\/hand2noteguide.com\/wp-content\/uploads\/2025\/04\/coinpoker-hand2note-settings-min-772x349.png 772w, https:\/\/hand2noteguide.com\/wp-content\/uploads\/2025\/04\/coinpoker-hand2note-settings-min-624x282.png 624w, https:\/\/hand2noteguide.com\/wp-content\/uploads\/2025\/04\/coinpoker-hand2note-settings-min.png 1939w\" sizes=\"auto, (max-width: 1024px) 100vw, 1024px\" \/><\/figure>\n\n\n\n<h2 class=\"wp-block-heading\">Raccomandazione speciale dal <a href=\"https:\/\/hand2noteguide.com\/it\/hand2note-official-support\/\" id=\"142\">Team di Supporto di Hand2Note<\/a><\/h2>\n\n\n\n<p>Per garantire che tutto funzioni correttamente su CoinPoker, consigliamo di aprire i tavoli uno alla volta e attendere 1\u20132 minuti affinch\u00e9 l&#8217;HUD appaia prima di aprire il tavolo successivo. Questo consente a Hand2Note di rilevare correttamente ogni tavolo nei log.<\/p>\n\n\n\n<p>Se pi\u00f9 tavoli vengono aperti contemporaneamente \u2014 soprattutto con nomi simili (ad esempio, NL200 II, NL200 III, ecc.) \u2014 potrebbero ricevere lo stesso indice interno, il che pu\u00f2 causare problemi di identificazione.<\/p>\n","protected":false},"excerpt":{"rendered":"<p>Se hai intenzione di giocare su CoinPoker, o sei gi\u00e0 un giocatore regolare in questa room, probabilmente stai pensando alla possibilit\u00e0 di utilizzare un HUD ai tavoli. CoinPoker \u00e8 uno dei siti di maggior successo e in pi\u00f9 rapida crescita negli ultimi tempi. La buona notizia \u00e8 che CoinPoker consente ufficialmente l&#8217;uso di HUD. L&#8217;HUD &hellip; <a href=\"https:\/\/hand2noteguide.com\/it\/coinpoker-hud\/\" class=\"more-link\">Continue reading <span class=\"screen-reader-text\">CoinPoker HUD di Hand2Note: Il tuo Vantaggio Competitivo<\/span><\/a><\/p>\n","protected":false},"author":4,"featured_media":10569,"parent":0,"menu_order":0,"comment_status":"closed","ping_status":"closed","template":"","meta":{"footnotes":""},"class_list":["post-10548","page","type-page","status-publish","has-post-thumbnail","hentry"],"translation":{"provider":"WPGlobus","version":"3.0.2","language":"it","enabled_languages":["en","ru","pt","zh","es","fr","de","it","ja"],"languages":{"en":{"title":true,"content":true,"excerpt":false},"ru":{"title":true,"content":true,"excerpt":false},"pt":{"title":true,"content":true,"excerpt":false},"zh":{"title":true,"content":true,"excerpt":false},"es":{"title":true,"content":true,"excerpt":false},"fr":{"title":true,"content":true,"excerpt":false},"de":{"title":true,"content":true,"excerpt":false},"it":{"title":true,"content":true,"excerpt":false},"ja":{"title":true,"content":true,"excerpt":false}}},"yoast_head":"<!-- This site is optimized with the Yoast SEO plugin v27.0 - https:\/\/yoast.com\/product\/yoast-seo-wordpress\/ -->\n<title>CoinPoker HUD di Hand2Note: Il tuo Vantaggio Competitivo<\/title>\n<meta name=\"description\" content=\"Inizia a utilizzare Hand2Note HUD per CoinPoker e ottieni un vantaggio sui tuoi avversari. Iscriviti a CoinPoker utilizzando il nostro link e ottieni Hand2Note gratuitamente.\" \/>\n<meta name=\"robots\" content=\"index, follow, max-snippet:-1, max-image-preview:large, max-video-preview:-1\" \/>\n<link rel=\"canonical\" href=\"https:\/\/hand2noteguide.com\/coinpoker-hud\/\" \/>\n<meta property=\"og:locale\" content=\"it_IT\" \/>\n<meta property=\"og:type\" content=\"article\" \/>\n<meta property=\"og:title\" content=\"CoinPoker HUD di Hand2Note: Il tuo Vantaggio Competitivo\" \/>\n<meta property=\"og:description\" content=\"Inizia a utilizzare Hand2Note HUD per CoinPoker e ottieni un vantaggio sui tuoi avversari. Iscriviti a CoinPoker utilizzando il nostro link e ottieni Hand2Note gratuitamente.\" \/>\n<meta property=\"og:url\" content=\"https:\/\/hand2noteguide.com\/coinpoker-hud\/\" \/>\n<meta property=\"og:site_name\" content=\"Hand2Note Guide\" \/>\n<meta property=\"article:modified_time\" content=\"2026-02-21T03:56:03+00:00\" \/>\n<meta property=\"og:image\" content=\"https:\/\/hand2noteguide.com\/wp-content\/uploads\/2025\/04\/coinpoker-hud-4-min.png\" \/>\n\t<meta property=\"og:image:width\" content=\"1684\" \/>\n\t<meta property=\"og:image:height\" content=\"1201\" \/>\n\t<meta property=\"og:image:type\" content=\"image\/png\" \/>\n<meta name=\"twitter:card\" content=\"summary_large_image\" \/>\n<meta name=\"twitter:label1\" content=\"Est. reading time\" \/>\n\t<meta name=\"twitter:data1\" content=\"3 minutes\" \/>\n<!-- \/ Yoast SEO plugin. -->","yoast_head_json":{"title":"CoinPoker HUD di Hand2Note: Il tuo Vantaggio Competitivo","description":"Inizia a utilizzare Hand2Note HUD per CoinPoker e ottieni un vantaggio sui tuoi avversari. Iscriviti a CoinPoker utilizzando il nostro link e ottieni Hand2Note gratuitamente.","robots":{"index":"index","follow":"follow","max-snippet":"max-snippet:-1","max-image-preview":"max-image-preview:large","max-video-preview":"max-video-preview:-1"},"canonical":"https:\/\/hand2noteguide.com\/coinpoker-hud\/","og_locale":"it_IT","og_type":"article","og_title":"CoinPoker HUD di Hand2Note: Il tuo Vantaggio Competitivo","og_description":"Inizia a utilizzare Hand2Note HUD per CoinPoker e ottieni un vantaggio sui tuoi avversari. Iscriviti a CoinPoker utilizzando il nostro link e ottieni Hand2Note gratuitamente.","og_url":"https:\/\/hand2noteguide.com\/coinpoker-hud\/","og_site_name":"Hand2Note Guide","article_modified_time":"2026-02-21T03:56:03+00:00","og_image":[{"width":1684,"height":1201,"url":"https:\/\/hand2noteguide.com\/wp-content\/uploads\/2025\/04\/coinpoker-hud-4-min.png","type":"image\/png"}],"twitter_card":"summary_large_image","twitter_misc":{"Est. reading time":"3 minutes"},"schema":{"@context":"https:\/\/schema.org","@graph":[]}},"jetpack_sharing_enabled":true,"_links":{"self":[{"href":"https:\/\/hand2noteguide.com\/it\/wp-json\/wp\/v2\/pages\/10548","targetHints":{"allow":["GET"]}}],"collection":[{"href":"https:\/\/hand2noteguide.com\/it\/wp-json\/wp\/v2\/pages"}],"about":[{"href":"https:\/\/hand2noteguide.com\/it\/wp-json\/wp\/v2\/types\/page"}],"author":[{"embeddable":true,"href":"https:\/\/hand2noteguide.com\/it\/wp-json\/wp\/v2\/users\/4"}],"replies":[{"embeddable":true,"href":"https:\/\/hand2noteguide.com\/it\/wp-json\/wp\/v2\/comments?post=10548"}],"version-history":[{"count":46,"href":"https:\/\/hand2noteguide.com\/it\/wp-json\/wp\/v2\/pages\/10548\/revisions"}],"predecessor-version":[{"id":15140,"href":"https:\/\/hand2noteguide.com\/it\/wp-json\/wp\/v2\/pages\/10548\/revisions\/15140"}],"wp:featuredmedia":[{"embeddable":true,"href":"https:\/\/hand2noteguide.com\/it\/wp-json\/wp\/v2\/media\/10569"}],"wp:attachment":[{"href":"https:\/\/hand2noteguide.com\/it\/wp-json\/wp\/v2\/media?parent=10548"}],"curies":[{"name":"wp","href":"https:\/\/api.w.org\/{rel}","templated":true}]}}