{"id":10693,"date":"2025-04-26T19:43:00","date_gmt":"2025-04-26T16:43:00","guid":{"rendered":"https:\/\/hand2noteguide.com\/?page_id=10693"},"modified":"2026-03-10T11:24:05","modified_gmt":"2026-03-10T08:24:05","slug":"stat-sample-in-hand2note","status":"publish","type":"page","link":"https:\/\/hand2noteguide.com\/it\/user-manual\/stat-sample-in-hand2note\/","title":{"rendered":"Esempio di statistica in Hand2Note"},"content":{"rendered":"\n<p>Ogni statistica in Hand2Note dovrebbe essere valutata non solo per il suo valore ma anche per il suo campione.<\/p>\n\n\n\n<p>Il campione \u00e8 il numero di situazioni in cui un giocatore potrebbe eseguire un&#8217;azione rappresentata dalla statistica stessa. La dimensione del campione influisce sulla credibilit\u00e0 della statistica.<\/p>\n\n\n\n<p>Ad esempio, due giocatori diversi hanno gli stessi valori di 3-bet. Allo stesso tempo, uno di loro ha avuto l&#8217;opportunit\u00e0 di fare una 3-bet pi\u00f9 di cento volte, e l&#8217;altro solo quindici. Di conseguenza, le statistiche del giocatore che ha potuto fare una 3-bet pi\u00f9 di cento volte sono pi\u00f9 affidabili.<\/p>\n\n\n\n<p>In questo articolo, discuteremo come valutare l&#8217;affidabilit\u00e0 delle statistiche in base alla dimensione del campione. Vi diremo anche come Hand2Note pu\u00f2 aiutare in questo.<\/p>\n\n\n\n<h2 class=\"wp-block-heading\">Come si formano gli indicatori statistici e la loro importanza nell&#8217;analisi<\/h2>\n\n\n\n<p>Il valore di ogni statistica semplice in Hand2Note \u00e8 formato dalla formula:<\/p>\n\n\n\n<pre class=\"wp-block-code\"><code>Valore = Casi \/ Opportunit\u00e0 * 100<\/code><\/pre>\n\n\n\n<p>Dove:<\/p>\n\n\n\n<ul class=\"wp-block-list\">\n<li>Valore \u00e8 la frequenza percentuale con cui il giocatore ha eseguito l&#8217;azione rappresentata dalla statistica;<\/li>\n\n\n\n<li>Casi \u00e8 il numero di situazioni in cui il giocatore ha eseguito l&#8217;azione rappresentata dalla statistica;<\/li>\n\n\n\n<li>Opportunit\u00e0 \u00e8 il numero di situazioni in cui un giocatore potrebbe eseguire l&#8217;azione nella statistica. Opportunit\u00e0 \u00e8 un campione della statistica.<br><\/li>\n<\/ul>\n\n\n\n<h3 class=\"wp-block-heading\">Esempio di formazione del valore di una <a href=\"https:\/\/hand2noteguide.com\/it\/poker\/poker-hud-stats\/3bet-in-poker\/\">3-bet<\/a><\/h3>\n\n\n\n<p>Supponiamo che durante tutto il tempo di raccolta delle statistiche su un giocatore, gli avversari abbiano fatto un Open Raise contro di lui 163 volte. Di conseguenza, il giocatore potrebbe fare una 3-bet contro di loro 163 volte &#8211; questa \u00e8 la selezione sulla statistica della 3-bet, o opportunit\u00e0 sulla statistica della 3-bet. Allo stesso tempo, il giocatore ha fatto una 3-bet solo 15 volte &#8211; questi sono i casi sulla statistica della 3-bet.<\/p>\n\n\n\n<p>Per calcolare il valore della statistica 3Bet, applichiamo la formula:<\/p>\n\n\n\n<pre class=\"wp-block-code\"><code>Valore = Casi \/ Opportunit\u00e0 * 100<\/code><\/pre>\n\n\n\n<p>Cio\u00e8:<\/p>\n\n\n\n<pre class=\"wp-block-code\"><code>15 \/ 163 * 100 = 9%<\/code><\/pre>\n\n\n\n<p>Il valore della 3-bet nell&#8217;esempio \u00e8 del 9%.<\/p>\n\n\n\n<h3 class=\"wp-block-heading\">Importanza della dimensione del campione per l&#8217;analisi<\/h3>\n\n\n\n<p>La dimensione del campione \u00e8 di estrema importanza quando si valutano le statistiche su un giocatore. Infatti, dal punto di vista della statistica come scienza &#8211; pi\u00f9 grande \u00e8 il campione, pi\u00f9 affidabile \u00e8 il valore.<\/p>\n\n\n\n<p>Ci sono molte opinioni nel poker riguardo al valore minimo della dimensione del campione necessario per fidarsi delle statistiche. Le pi\u00f9 frequenti sono:<\/p>\n\n\n\n<ul class=\"wp-block-list\">\n<li>Molti poker stables i cui giocatori giocano su app di poker mobile &#8211; consigliano di iniziare a fidarsi delle statistiche quando il campione \u00e8 10 o pi\u00f9;<\/li>\n\n\n\n<li>I giocatori di poker della vecchia scuola che giocano su siti come PokerStars o 888Poker sono convinti che &#8211; le statistiche possono essere affidabili a un livello di campione di 20 o pi\u00f9.<\/li>\n<\/ul>\n\n\n\n<h2 class=\"wp-block-heading\">Come personalizzare la visualizzazione del campione nei popups e negli <a href=\"https:\/\/hand2noteguide.com\/it\/poker\/poker-hud\/\">HUD<\/a> in Hand2Note<\/h2>\n\n\n\n<p>In Hand2Note puoi personalizzare la visualizzazione del campione &#8211; accanto al valore della statistica stessa.<\/p>\n\n\n\n<figure class=\"wp-block-image size-large\"><img loading=\"lazy\" decoding=\"async\" width=\"1024\" height=\"850\" src=\"http:\/\/hand2noteguide.com\/wp-content\/uploads\/2025\/04\/\u0411\u0435\u0437-\u0438\u043c\u0435\u043d\u0438-11231233-2-1024x850.jpg\" alt=\"\" class=\"wp-image-10795\" srcset=\"https:\/\/hand2noteguide.com\/wp-content\/uploads\/2025\/04\/\u0411\u0435\u0437-\u0438\u043c\u0435\u043d\u0438-11231233-2-1024x850.jpg 1024w, https:\/\/hand2noteguide.com\/wp-content\/uploads\/2025\/04\/\u0411\u0435\u0437-\u0438\u043c\u0435\u043d\u0438-11231233-2-300x249.jpg 300w, https:\/\/hand2noteguide.com\/wp-content\/uploads\/2025\/04\/\u0411\u0435\u0437-\u0438\u043c\u0435\u043d\u0438-11231233-2-768x638.jpg 768w, https:\/\/hand2noteguide.com\/wp-content\/uploads\/2025\/04\/\u0411\u0435\u0437-\u0438\u043c\u0435\u043d\u0438-11231233-2-1536x1276.jpg 1536w, https:\/\/hand2noteguide.com\/wp-content\/uploads\/2025\/04\/\u0411\u0435\u0437-\u0438\u043c\u0435\u043d\u0438-11231233-2-772x641.jpg 772w, https:\/\/hand2noteguide.com\/wp-content\/uploads\/2025\/04\/\u0411\u0435\u0437-\u0438\u043c\u0435\u043d\u0438-11231233-2-624x518.jpg 624w, https:\/\/hand2noteguide.com\/wp-content\/uploads\/2025\/04\/\u0411\u0435\u0437-\u0438\u043c\u0435\u043d\u0438-11231233-2.jpg 1876w\" sizes=\"auto, (max-width: 1024px) 100vw, 1024px\" \/><figcaption class=\"wp-element-caption\">A sinistra &#8211; senza il campione; a destra &#8211; con il campione.<\/figcaption><\/figure>\n\n\n\n<p>Per aprire il menu di configurazione del campione, clicca su \u201cConfigurazione\u201d (1), poi vai su \u201cAspetto Statistiche\u201d (2).<\/p>\n\n\n\n<figure class=\"wp-block-image size-large\"><img loading=\"lazy\" decoding=\"async\" width=\"1024\" height=\"576\" src=\"http:\/\/hand2noteguide.com\/wp-content\/uploads\/2025\/04\/\u0411\u0435\u0437-\u0438\u043c234234\u0435\u043d\u0438-1-1024x576.jpg\" alt=\"\" class=\"wp-image-10776\" srcset=\"https:\/\/hand2noteguide.com\/wp-content\/uploads\/2025\/04\/\u0411\u0435\u0437-\u0438\u043c234234\u0435\u043d\u0438-1-1024x576.jpg 1024w, https:\/\/hand2noteguide.com\/wp-content\/uploads\/2025\/04\/\u0411\u0435\u0437-\u0438\u043c234234\u0435\u043d\u0438-1-300x169.jpg 300w, https:\/\/hand2noteguide.com\/wp-content\/uploads\/2025\/04\/\u0411\u0435\u0437-\u0438\u043c234234\u0435\u043d\u0438-1-768x432.jpg 768w, https:\/\/hand2noteguide.com\/wp-content\/uploads\/2025\/04\/\u0411\u0435\u0437-\u0438\u043c234234\u0435\u043d\u0438-1-1536x864.jpg 1536w, https:\/\/hand2noteguide.com\/wp-content\/uploads\/2025\/04\/\u0411\u0435\u0437-\u0438\u043c234234\u0435\u043d\u0438-1-772x434.jpg 772w, https:\/\/hand2noteguide.com\/wp-content\/uploads\/2025\/04\/\u0411\u0435\u0437-\u0438\u043c234234\u0435\u043d\u0438-1-624x351.jpg 624w, https:\/\/hand2noteguide.com\/wp-content\/uploads\/2025\/04\/\u0411\u0435\u0437-\u0438\u043c234234\u0435\u043d\u0438-1.jpg 1920w\" sizes=\"auto, (max-width: 1024px) 100vw, 1024px\" \/><\/figure>\n\n\n\n<p>Il menu \u201cDimensione del campione\u201d (3) ti permette di applicare le seguenti personalizzazioni:<\/p>\n\n\n\n<ul class=\"wp-block-list\">\n<li>\u201cMostra campione statistico nell&#8217;HUD&#8221; (4) ti permette di abilitare la visualizzazione del campione;<\/li>\n\n\n\n<li>\u201cDimensione del font del campione&#8221; (5) ti permette di personalizzare la dimensione del font del campione;<\/li>\n\n\n\n<li>\u201cColore del font del campione&#8221; (6) ti permette di selezionare il colore del font del campione;<\/li>\n\n\n\n<li>\u201cMostra campione statistico quando \u00e8 inferiore a&#8221; (7) ti permette di specificare a quale valore minimo di Opportunit\u00e0 sulla statistica, il campione sar\u00e0 visualizzato;<\/li>\n\n\n\n<li>\u201cRendi trasparente la statistica se il suo campione \u00e8 inferiore a&#8221; (8) permette di impostare la trasparenza della statistica se il suo campione \u00e8 inferiore a quello specificato in questo elemento;<\/li>\n\n\n\n<li>\u201cOpacit\u00e0 della statistica in caso di campione ridotto&#8221; (9) ti permette di specificare il livello di trasparenza, quando si utilizza \u2018Rendi trasparente la statistica se il suo campione \u00e8 inferiore a\u2019;<\/li>\n\n\n\n<li>\u201cMostra campione statistico tra parentesi\u201d (10) ti permette di indicare il campione tra parentesi.<\/li>\n<\/ul>\n","protected":false},"excerpt":{"rendered":"<p>Ogni statistica in Hand2Note dovrebbe essere valutata non solo per il suo valore ma anche per il suo campione. Il campione \u00e8 il numero di situazioni in cui un giocatore potrebbe eseguire un&#8217;azione rappresentata dalla statistica stessa. La dimensione del campione influisce sulla credibilit\u00e0 della statistica. Ad esempio, due giocatori diversi hanno gli stessi valori &hellip; <a href=\"https:\/\/hand2noteguide.com\/it\/user-manual\/stat-sample-in-hand2note\/\" class=\"more-link\">Continue reading <span class=\"screen-reader-text\">Esempio di statistica in Hand2Note<\/span><\/a><\/p>\n","protected":false},"author":3,"featured_media":10700,"parent":9199,"menu_order":0,"comment_status":"closed","ping_status":"closed","template":"","meta":{"footnotes":""},"class_list":["post-10693","page","type-page","status-publish","has-post-thumbnail","hentry"],"translation":{"provider":"WPGlobus","version":"3.0.2","language":"it","enabled_languages":["en","ru","pt","zh","es","fr","de","it","ja"],"languages":{"en":{"title":true,"content":true,"excerpt":false},"ru":{"title":true,"content":true,"excerpt":false},"pt":{"title":true,"content":true,"excerpt":false},"zh":{"title":true,"content":true,"excerpt":false},"es":{"title":true,"content":true,"excerpt":false},"fr":{"title":true,"content":true,"excerpt":false},"de":{"title":true,"content":true,"excerpt":false},"it":{"title":true,"content":true,"excerpt":false},"ja":{"title":true,"content":true,"excerpt":false}}},"yoast_head":"<!-- This site is optimized with the Yoast SEO plugin v27.0 - https:\/\/yoast.com\/product\/yoast-seo-wordpress\/ -->\n<title>Campione di statistica in Hand2Note<\/title>\n<meta name=\"description\" content=\"Scopri come la dimensione del campione influisce sull&#039;affidabilit\u00e0 delle statistiche in Hand2Note e come personalizzare la visualizzazione del campione negli HUD.\" \/>\n<meta name=\"robots\" content=\"index, follow, max-snippet:-1, max-image-preview:large, max-video-preview:-1\" \/>\n<link rel=\"canonical\" href=\"https:\/\/hand2noteguide.com\/user-manual\/stat-sample-in-hand2note\/\" \/>\n<meta property=\"og:locale\" content=\"it_IT\" \/>\n<meta property=\"og:type\" content=\"article\" \/>\n<meta property=\"og:title\" content=\"Campione di statistica in Hand2Note\" \/>\n<meta property=\"og:description\" content=\"Scopri come la dimensione del campione influisce sull&#039;affidabilit\u00e0 delle statistiche in Hand2Note e come personalizzare la visualizzazione del campione negli HUD.\" \/>\n<meta property=\"og:url\" content=\"https:\/\/hand2noteguide.com\/user-manual\/stat-sample-in-hand2note\/\" \/>\n<meta property=\"og:site_name\" content=\"Hand2Note Guide\" \/>\n<meta property=\"article:modified_time\" content=\"2026-03-10T08:24:05+00:00\" \/>\n<meta property=\"og:image\" content=\"https:\/\/hand2noteguide.com\/wp-content\/uploads\/2025\/04\/\u0411\u0435\u0437-\u0447\u0447\u044f\u0441\u044f\u0447\u0441\u0438\u043c\u0435\u043d\u0438-1.jpg\" \/>\n\t<meta property=\"og:image:width\" content=\"1920\" \/>\n\t<meta property=\"og:image:height\" content=\"1080\" \/>\n\t<meta property=\"og:image:type\" content=\"image\/jpeg\" \/>\n<meta name=\"twitter:card\" content=\"summary_large_image\" \/>\n<meta name=\"twitter:label1\" content=\"Est. reading time\" \/>\n\t<meta name=\"twitter:data1\" content=\"22 minutes\" \/>\n<!-- \/ Yoast SEO plugin. -->","yoast_head_json":{"title":"Campione di statistica in Hand2Note","description":"Scopri come la dimensione del campione influisce sull'affidabilit\u00e0 delle statistiche in Hand2Note e come personalizzare la visualizzazione del campione negli HUD.","robots":{"index":"index","follow":"follow","max-snippet":"max-snippet:-1","max-image-preview":"max-image-preview:large","max-video-preview":"max-video-preview:-1"},"canonical":"https:\/\/hand2noteguide.com\/user-manual\/stat-sample-in-hand2note\/","og_locale":"it_IT","og_type":"article","og_title":"Campione di statistica in Hand2Note","og_description":"Scopri come la dimensione del campione influisce sull'affidabilit\u00e0 delle statistiche in Hand2Note e come personalizzare la visualizzazione del campione negli HUD.","og_url":"https:\/\/hand2noteguide.com\/user-manual\/stat-sample-in-hand2note\/","og_site_name":"Hand2Note Guide","article_modified_time":"2026-03-10T08:24:05+00:00","og_image":[{"width":1920,"height":1080,"url":"https:\/\/hand2noteguide.com\/wp-content\/uploads\/2025\/04\/\u0411\u0435\u0437-\u0447\u0447\u044f\u0441\u044f\u0447\u0441\u0438\u043c\u0435\u043d\u0438-1.jpg","type":"image\/jpeg"}],"twitter_card":"summary_large_image","twitter_misc":{"Est. reading time":"22 minutes"},"schema":{"@context":"https:\/\/schema.org","@graph":[]}},"jetpack_sharing_enabled":true,"_links":{"self":[{"href":"https:\/\/hand2noteguide.com\/it\/wp-json\/wp\/v2\/pages\/10693","targetHints":{"allow":["GET"]}}],"collection":[{"href":"https:\/\/hand2noteguide.com\/it\/wp-json\/wp\/v2\/pages"}],"about":[{"href":"https:\/\/hand2noteguide.com\/it\/wp-json\/wp\/v2\/types\/page"}],"author":[{"embeddable":true,"href":"https:\/\/hand2noteguide.com\/it\/wp-json\/wp\/v2\/users\/3"}],"replies":[{"embeddable":true,"href":"https:\/\/hand2noteguide.com\/it\/wp-json\/wp\/v2\/comments?post=10693"}],"version-history":[{"count":94,"href":"https:\/\/hand2noteguide.com\/it\/wp-json\/wp\/v2\/pages\/10693\/revisions"}],"predecessor-version":[{"id":15624,"href":"https:\/\/hand2noteguide.com\/it\/wp-json\/wp\/v2\/pages\/10693\/revisions\/15624"}],"up":[{"embeddable":true,"href":"https:\/\/hand2noteguide.com\/it\/wp-json\/wp\/v2\/pages\/9199"}],"wp:featuredmedia":[{"embeddable":true,"href":"https:\/\/hand2noteguide.com\/it\/wp-json\/wp\/v2\/media\/10700"}],"wp:attachment":[{"href":"https:\/\/hand2noteguide.com\/it\/wp-json\/wp\/v2\/media?parent=10693"}],"curies":[{"name":"wp","href":"https:\/\/api.w.org\/{rel}","templated":true}]}}