{"id":12168,"date":"2025-05-26T09:03:09","date_gmt":"2025-05-26T06:03:09","guid":{"rendered":"https:\/\/hand2noteguide.com\/?page_id=12168"},"modified":"2026-03-10T11:30:39","modified_gmt":"2026-03-10T08:30:39","slug":"analyzing-play-based-on-distance-to-the-fish","status":"publish","type":"page","link":"https:\/\/hand2noteguide.com\/it\/user-manual\/analyzing-play-based-on-distance-to-the-fish\/","title":{"rendered":"Analizzare il gioco in base alla distanza dai fish utilizzando Hand2Note"},"content":{"rendered":"\n<p>Quando giochi con una selezione mirata (<a href=\"https:\/\/hand2noteguide.com\/it\/user-manual\/fish-game-analysis-selection-win-rate-at-fish-tables\/\">gioco mirato con fish<\/a>), c&#8217;\u00e8 un punto importante: dovresti cercare di giocare in posizione contro i fish. Ci\u00f2 significa che il maggior guadagno si ottiene quando il fish \u00e8 seduto al tavolo o alla tua destra, primo o secondo.<\/p>\n\n\n\n<p>In questo articolo, ti mostreremo come vedere i risultati del tuo gioco contro diverse posizioni dei fish al tavolo.<\/p>\n\n\n\n<h2 class=\"wp-block-heading\">Creare un report per distanza dai fish utilizzando Hand2Note<\/h2>\n\n\n\n<p>Lo strumento <a href=\"https:\/\/hand2noteguide.com\/it\/user-manual\/hand2note-report-menu\/\">&#8220;Reports&#8221; in Hand2Note<\/a> ci aiuter\u00e0 a vedere i risultati del nostro gioco contro diverse posizioni dei fish.<\/p>\n\n\n\n<p>Per prima cosa, ricorda i numeri dei posti al tavolo relativi all&#8217;eroe secondo lo schema:<\/p>\n\n\n\n<figure class=\"wp-block-image size-full\"><img loading=\"lazy\" decoding=\"async\" width=\"953\" height=\"809\" src=\"http:\/\/hand2noteguide.com\/wp-content\/uploads\/2025\/05\/\u0411\u0435\u0437-\u0438\u043c\u0435\u043d\u0438-3-1.jpg\" alt=\"\" class=\"wp-image-12375\" srcset=\"https:\/\/hand2noteguide.com\/wp-content\/uploads\/2025\/05\/\u0411\u0435\u0437-\u0438\u043c\u0435\u043d\u0438-3-1.jpg 953w, https:\/\/hand2noteguide.com\/wp-content\/uploads\/2025\/05\/\u0411\u0435\u0437-\u0438\u043c\u0435\u043d\u0438-3-1-300x255.jpg 300w, https:\/\/hand2noteguide.com\/wp-content\/uploads\/2025\/05\/\u0411\u0435\u0437-\u0438\u043c\u0435\u043d\u0438-3-1-768x652.jpg 768w, https:\/\/hand2noteguide.com\/wp-content\/uploads\/2025\/05\/\u0411\u0435\u0437-\u0438\u043c\u0435\u043d\u0438-3-1-772x655.jpg 772w, https:\/\/hand2noteguide.com\/wp-content\/uploads\/2025\/05\/\u0411\u0435\u0437-\u0438\u043c\u0435\u043d\u0438-3-1-624x530.jpg 624w\" sizes=\"auto, (max-width: 953px) 100vw, 953px\" \/><\/figure>\n\n\n\n<p>Successivamente, apri i report in Hand2Note. Per farlo, clicca su &#8220;Reports&#8221;(1). Quindi assicurati di generare il report per te stesso utilizzando l&#8217;area (2) e clicca su &#8220;+ Filter&#8221;(3).<\/p>\n\n\n\n<figure class=\"wp-block-image size-large\"><img loading=\"lazy\" decoding=\"async\" width=\"1024\" height=\"576\" src=\"http:\/\/hand2noteguide.com\/wp-content\/uploads\/2025\/05\/\u0411\u0435\u0437-\u0438\u043c\u0435\u043d\u0438-2-2-1024x576.jpg\" alt=\"\" class=\"wp-image-12377\" srcset=\"https:\/\/hand2noteguide.com\/wp-content\/uploads\/2025\/05\/\u0411\u0435\u0437-\u0438\u043c\u0435\u043d\u0438-2-2-1024x576.jpg 1024w, https:\/\/hand2noteguide.com\/wp-content\/uploads\/2025\/05\/\u0411\u0435\u0437-\u0438\u043c\u0435\u043d\u0438-2-2-300x169.jpg 300w, https:\/\/hand2noteguide.com\/wp-content\/uploads\/2025\/05\/\u0411\u0435\u0437-\u0438\u043c\u0435\u043d\u0438-2-2-768x432.jpg 768w, https:\/\/hand2noteguide.com\/wp-content\/uploads\/2025\/05\/\u0411\u0435\u0437-\u0438\u043c\u0435\u043d\u0438-2-2-1536x864.jpg 1536w, https:\/\/hand2noteguide.com\/wp-content\/uploads\/2025\/05\/\u0411\u0435\u0437-\u0438\u043c\u0435\u043d\u0438-2-2-772x434.jpg 772w, https:\/\/hand2noteguide.com\/wp-content\/uploads\/2025\/05\/\u0411\u0435\u0437-\u0438\u043c\u0435\u043d\u0438-2-2-624x351.jpg 624w, https:\/\/hand2noteguide.com\/wp-content\/uploads\/2025\/05\/\u0411\u0435\u0437-\u0438\u043c\u0435\u043d\u0438-2-2.jpg 1920w\" sizes=\"auto, (max-width: 1024px) 100vw, 1024px\" \/><\/figure>\n\n\n\n<p>Nella finestra del filtro aperta, vai alla scheda &#8220;General&#8221;(4). Imposta il numero di fish al tavolo da 1 a 1 nell&#8217;area (5) e il VPIP richiesto del fish nell&#8217;area (6). Utilizzando lo schema sopra, imposta la posizione richiesta del fish rispetto all&#8217;eroe nell&#8217;area (7) e clicca su &#8220;OK&#8221;(8) per applicare il filtro.<\/p>\n\n\n\n<p>Dopo aver applicato il filtro, puoi vederlo nell&#8217;elenco dei filtri applicati nell&#8217;area (1).<\/p>\n\n\n\n<figure class=\"wp-block-image size-large\"><img loading=\"lazy\" decoding=\"async\" width=\"1024\" height=\"576\" src=\"http:\/\/hand2noteguide.com\/wp-content\/uploads\/2025\/05\/\u0411\u0435\u0437-\u0438\u043c\u0435\u043d\u0438-4-1-1024x576.jpg\" alt=\"\" class=\"wp-image-12380\" srcset=\"https:\/\/hand2noteguide.com\/wp-content\/uploads\/2025\/05\/\u0411\u0435\u0437-\u0438\u043c\u0435\u043d\u0438-4-1-1024x576.jpg 1024w, https:\/\/hand2noteguide.com\/wp-content\/uploads\/2025\/05\/\u0411\u0435\u0437-\u0438\u043c\u0435\u043d\u0438-4-1-300x169.jpg 300w, https:\/\/hand2noteguide.com\/wp-content\/uploads\/2025\/05\/\u0411\u0435\u0437-\u0438\u043c\u0435\u043d\u0438-4-1-768x432.jpg 768w, https:\/\/hand2noteguide.com\/wp-content\/uploads\/2025\/05\/\u0411\u0435\u0437-\u0438\u043c\u0435\u043d\u0438-4-1-1536x864.jpg 1536w, https:\/\/hand2noteguide.com\/wp-content\/uploads\/2025\/05\/\u0411\u0435\u0437-\u0438\u043c\u0435\u043d\u0438-4-1-772x434.jpg 772w, https:\/\/hand2noteguide.com\/wp-content\/uploads\/2025\/05\/\u0411\u0435\u0437-\u0438\u043c\u0435\u043d\u0438-4-1-624x351.jpg 624w, https:\/\/hand2noteguide.com\/wp-content\/uploads\/2025\/05\/\u0411\u0435\u0437-\u0438\u043c\u0435\u043d\u0438-4-1.jpg 1920w\" sizes=\"auto, (max-width: 1024px) 100vw, 1024px\" \/><\/figure>\n\n\n\n<p>Puoi anche rivedere i risultati del tuo gioco quando il fish \u00e8 seduto nella posizione specificata rispetto a te (2).<\/p>\n\n\n\n<p>Per creare un report per un&#8217;altra posizione del fish rispetto a te, ripeti i passaggi nelle istruzioni, impostando una posizione diversa del fish secondo lo schema sopra.<\/p>\n\n\n\n<p>In questo modo, puoi valutare il tuo gioco in diverse situazioni di seduta rispetto ai fish e scegliere le priorit\u00e0.<\/p>\n","protected":false},"excerpt":{"rendered":"<p>Quando giochi con una selezione mirata (gioco mirato con fish), c&#8217;\u00e8 un punto importante: dovresti cercare di giocare in posizione contro i fish. Ci\u00f2 significa che il maggior guadagno si ottiene quando il fish \u00e8 seduto al tavolo o alla tua destra, primo o secondo. In questo articolo, ti mostreremo come vedere i risultati del &hellip; <a href=\"https:\/\/hand2noteguide.com\/it\/user-manual\/analyzing-play-based-on-distance-to-the-fish\/\" class=\"more-link\">Continue reading <span class=\"screen-reader-text\">Analizzare il gioco in base alla distanza dai fish utilizzando Hand2Note<\/span><\/a><\/p>\n","protected":false},"author":3,"featured_media":12370,"parent":9199,"menu_order":0,"comment_status":"closed","ping_status":"closed","template":"","meta":{"footnotes":""},"class_list":["post-12168","page","type-page","status-publish","has-post-thumbnail","hentry"],"translation":{"provider":"WPGlobus","version":"3.0.2","language":"it","enabled_languages":["en","ru","pt","zh","es","fr","de","it","ja"],"languages":{"en":{"title":true,"content":true,"excerpt":false},"ru":{"title":true,"content":true,"excerpt":false},"pt":{"title":true,"content":true,"excerpt":false},"zh":{"title":true,"content":true,"excerpt":false},"es":{"title":true,"content":true,"excerpt":false},"fr":{"title":true,"content":true,"excerpt":false},"de":{"title":true,"content":true,"excerpt":false},"it":{"title":true,"content":true,"excerpt":false},"ja":{"title":true,"content":true,"excerpt":false}}},"yoast_head":"<!-- This site is optimized with the Yoast SEO plugin v27.0 - https:\/\/yoast.com\/product\/yoast-seo-wordpress\/ -->\n<title>Analizzare il gioco in base alla distanza dai fish utilizzando Hand2Note<\/title>\n<meta name=\"description\" content=\"Scopri come analizzare i risultati del gioco contro i fish in diverse posizioni al tavolo utilizzando Hand2Note per migliorare la tua strategia.\" \/>\n<meta name=\"robots\" content=\"index, follow, max-snippet:-1, max-image-preview:large, max-video-preview:-1\" \/>\n<link rel=\"canonical\" href=\"https:\/\/hand2noteguide.com\/user-manual\/analyzing-play-based-on-distance-to-the-fish\/\" \/>\n<meta property=\"og:locale\" content=\"it_IT\" \/>\n<meta property=\"og:type\" content=\"article\" \/>\n<meta property=\"og:title\" content=\"Analizzare il gioco in base alla distanza dai fish utilizzando Hand2Note\" \/>\n<meta property=\"og:description\" content=\"Scopri come analizzare i risultati del gioco contro i fish in diverse posizioni al tavolo utilizzando Hand2Note per migliorare la tua strategia.\" \/>\n<meta property=\"og:url\" content=\"https:\/\/hand2noteguide.com\/user-manual\/analyzing-play-based-on-distance-to-the-fish\/\" \/>\n<meta property=\"og:site_name\" content=\"Hand2Note Guide\" \/>\n<meta property=\"article:modified_time\" content=\"2026-03-10T08:30:39+00:00\" \/>\n<meta property=\"og:image\" content=\"https:\/\/hand2noteguide.com\/wp-content\/uploads\/2025\/05\/\u0411\u0435\u0437-\u0438\u043c\u0435\u043d\u0438-1-5.jpg\" \/>\n\t<meta property=\"og:image:width\" content=\"1920\" \/>\n\t<meta property=\"og:image:height\" content=\"1080\" \/>\n\t<meta property=\"og:image:type\" content=\"image\/jpeg\" \/>\n<meta name=\"twitter:card\" content=\"summary_large_image\" \/>\n<meta name=\"twitter:label1\" content=\"Est. reading time\" \/>\n\t<meta name=\"twitter:data1\" content=\"9 minutes\" \/>\n<!-- \/ Yoast SEO plugin. -->","yoast_head_json":{"title":"Analizzare il gioco in base alla distanza dai fish utilizzando Hand2Note","description":"Scopri come analizzare i risultati del gioco contro i fish in diverse posizioni al tavolo utilizzando Hand2Note per migliorare la tua strategia.","robots":{"index":"index","follow":"follow","max-snippet":"max-snippet:-1","max-image-preview":"max-image-preview:large","max-video-preview":"max-video-preview:-1"},"canonical":"https:\/\/hand2noteguide.com\/user-manual\/analyzing-play-based-on-distance-to-the-fish\/","og_locale":"it_IT","og_type":"article","og_title":"Analizzare il gioco in base alla distanza dai fish utilizzando Hand2Note","og_description":"Scopri come analizzare i risultati del gioco contro i fish in diverse posizioni al tavolo utilizzando Hand2Note per migliorare la tua strategia.","og_url":"https:\/\/hand2noteguide.com\/user-manual\/analyzing-play-based-on-distance-to-the-fish\/","og_site_name":"Hand2Note Guide","article_modified_time":"2026-03-10T08:30:39+00:00","og_image":[{"width":1920,"height":1080,"url":"https:\/\/hand2noteguide.com\/wp-content\/uploads\/2025\/05\/\u0411\u0435\u0437-\u0438\u043c\u0435\u043d\u0438-1-5.jpg","type":"image\/jpeg"}],"twitter_card":"summary_large_image","twitter_misc":{"Est. reading time":"9 minutes"},"schema":{"@context":"https:\/\/schema.org","@graph":[]}},"jetpack_sharing_enabled":true,"_links":{"self":[{"href":"https:\/\/hand2noteguide.com\/it\/wp-json\/wp\/v2\/pages\/12168","targetHints":{"allow":["GET"]}}],"collection":[{"href":"https:\/\/hand2noteguide.com\/it\/wp-json\/wp\/v2\/pages"}],"about":[{"href":"https:\/\/hand2noteguide.com\/it\/wp-json\/wp\/v2\/types\/page"}],"author":[{"embeddable":true,"href":"https:\/\/hand2noteguide.com\/it\/wp-json\/wp\/v2\/users\/3"}],"replies":[{"embeddable":true,"href":"https:\/\/hand2noteguide.com\/it\/wp-json\/wp\/v2\/comments?post=12168"}],"version-history":[{"count":37,"href":"https:\/\/hand2noteguide.com\/it\/wp-json\/wp\/v2\/pages\/12168\/revisions"}],"predecessor-version":[{"id":15631,"href":"https:\/\/hand2noteguide.com\/it\/wp-json\/wp\/v2\/pages\/12168\/revisions\/15631"}],"up":[{"embeddable":true,"href":"https:\/\/hand2noteguide.com\/it\/wp-json\/wp\/v2\/pages\/9199"}],"wp:featuredmedia":[{"embeddable":true,"href":"https:\/\/hand2noteguide.com\/it\/wp-json\/wp\/v2\/media\/12370"}],"wp:attachment":[{"href":"https:\/\/hand2noteguide.com\/it\/wp-json\/wp\/v2\/media?parent=12168"}],"curies":[{"name":"wp","href":"https:\/\/api.w.org\/{rel}","templated":true}]}}