{"id":12436,"date":"2025-05-29T16:23:34","date_gmt":"2025-05-29T13:23:34","guid":{"rendered":"https:\/\/hand2noteguide.com\/?page_id=12436"},"modified":"2026-03-10T11:32:08","modified_gmt":"2026-03-10T08:32:08","slug":"when-is-it-more-profitable-to-play-morning-or-evening","status":"publish","type":"page","link":"https:\/\/hand2noteguide.com\/it\/user-manual\/when-is-it-more-profitable-to-play-morning-or-evening\/","title":{"rendered":"Quando \u00e8 pi\u00f9 redditizio giocare: mattina o sera?"},"content":{"rendered":"\n<p>Molti giocatori di poker online si trovano prima o poi a dover cambiare l&#8217;orario in cui giocano. Questo \u00e8 spesso legato al passaggio a limiti pi\u00f9 alti o al cambio di piattaforma di poker.<\/p>\n\n\n\n<p>Dopo aver giocato un numero sufficiente di mani in un nuovo orario, sorge il desiderio di confrontare i risultati del proprio gioco con quelli precedenti.<\/p>\n\n\n\n<p>Hand2Note ti permette di generare <a href=\"https:\/\/hand2noteguide.com\/it\/user-manual\/hand2note-report-menu\/\">report di gioco<\/a> per diversi momenti della giornata. Questo ti aiuter\u00e0 a visualizzare i tuoi risultati in diversi momenti del giorno o della notte. Ti aiuter\u00e0 anche a rispondere alla domanda: dovresti cambiare il tuo programma di gioco o no.<\/p>\n\n\n\n<h2 class=\"wp-block-heading\">Generare un report di gioco per un momento specifico della giornata con Hand2Note<\/h2>\n\n\n\n<p>Nella finestra principale di Hand2Note, apri i report cliccando su &#8220;Reports&#8221; (1). Poi clicca su &#8220;+ Filter&#8221; (2) per aprire il menu dei filtri rapidi e vai alla scheda &#8220;Session&#8221; (3).<\/p>\n\n\n\n<figure class=\"wp-block-image size-large\"><img loading=\"lazy\" decoding=\"async\" width=\"1024\" height=\"576\" src=\"http:\/\/hand2noteguide.com\/wp-content\/uploads\/2025\/05\/\u0411\u0435\u0437-\u0438\u043c\u0435\u043d\u0438-2-4-1024x576.jpg\" alt=\"\" class=\"wp-image-12645\" srcset=\"https:\/\/hand2noteguide.com\/wp-content\/uploads\/2025\/05\/\u0411\u0435\u0437-\u0438\u043c\u0435\u043d\u0438-2-4-1024x576.jpg 1024w, https:\/\/hand2noteguide.com\/wp-content\/uploads\/2025\/05\/\u0411\u0435\u0437-\u0438\u043c\u0435\u043d\u0438-2-4-300x169.jpg 300w, https:\/\/hand2noteguide.com\/wp-content\/uploads\/2025\/05\/\u0411\u0435\u0437-\u0438\u043c\u0435\u043d\u0438-2-4-768x432.jpg 768w, https:\/\/hand2noteguide.com\/wp-content\/uploads\/2025\/05\/\u0411\u0435\u0437-\u0438\u043c\u0435\u043d\u0438-2-4-1536x864.jpg 1536w, https:\/\/hand2noteguide.com\/wp-content\/uploads\/2025\/05\/\u0411\u0435\u0437-\u0438\u043c\u0435\u043d\u0438-2-4-772x434.jpg 772w, https:\/\/hand2noteguide.com\/wp-content\/uploads\/2025\/05\/\u0411\u0435\u0437-\u0438\u043c\u0435\u043d\u0438-2-4-624x351.jpg 624w, https:\/\/hand2noteguide.com\/wp-content\/uploads\/2025\/05\/\u0411\u0435\u0437-\u0438\u043c\u0435\u043d\u0438-2-4.jpg 1920w\" sizes=\"auto, (max-width: 1024px) 100vw, 1024px\" \/><\/figure>\n\n\n\n<p>Nella finestra delle impostazioni del filtro della sessione, specifica l&#8217;intervallo di tempo richiesto per l&#8217;analisi accanto al parametro &#8220;Time of Day&#8221; (4). Clicca su &#8220;OK&#8221; (5) per applicare il filtro.<\/p>\n\n\n\n<p>Dopo aver applicato il filtro, puoi vedere la sua attivit\u00e0 nell&#8217;area (1).<\/p>\n\n\n\n<figure class=\"wp-block-image size-large\"><img loading=\"lazy\" decoding=\"async\" width=\"1024\" height=\"576\" src=\"http:\/\/hand2noteguide.com\/wp-content\/uploads\/2025\/05\/\u0411\u0435\u0437-\u0438\u043c\u0435\u043d\u0438-3-3-1024x576.jpg\" alt=\"\" class=\"wp-image-12647\" srcset=\"https:\/\/hand2noteguide.com\/wp-content\/uploads\/2025\/05\/\u0411\u0435\u0437-\u0438\u043c\u0435\u043d\u0438-3-3-1024x576.jpg 1024w, https:\/\/hand2noteguide.com\/wp-content\/uploads\/2025\/05\/\u0411\u0435\u0437-\u0438\u043c\u0435\u043d\u0438-3-3-300x169.jpg 300w, https:\/\/hand2noteguide.com\/wp-content\/uploads\/2025\/05\/\u0411\u0435\u0437-\u0438\u043c\u0435\u043d\u0438-3-3-768x432.jpg 768w, https:\/\/hand2noteguide.com\/wp-content\/uploads\/2025\/05\/\u0411\u0435\u0437-\u0438\u043c\u0435\u043d\u0438-3-3-1536x864.jpg 1536w, https:\/\/hand2noteguide.com\/wp-content\/uploads\/2025\/05\/\u0411\u0435\u0437-\u0438\u043c\u0435\u043d\u0438-3-3-772x434.jpg 772w, https:\/\/hand2noteguide.com\/wp-content\/uploads\/2025\/05\/\u0411\u0435\u0437-\u0438\u043c\u0435\u043d\u0438-3-3-624x351.jpg 624w, https:\/\/hand2noteguide.com\/wp-content\/uploads\/2025\/05\/\u0411\u0435\u0437-\u0438\u043c\u0435\u043d\u0438-3-3.jpg 1920w\" sizes=\"auto, (max-width: 1024px) 100vw, 1024px\" \/><\/figure>\n\n\n\n<p>Sotto l&#8217;area (1), puoi vedere i risultati del tuo gioco nell&#8217;intervallo di tempo specificato.<\/p>\n\n\n\n<p>In questo modo, puoi generare un report del tuo gioco per diversi momenti della giornata. Confrontando i dati di gioco per diversi intervalli di tempo, puoi trarre conclusioni sui tuoi risultati quando cambi il tuo programma di gioco.<\/p>\n","protected":false},"excerpt":{"rendered":"<p>Molti giocatori di poker online si trovano prima o poi a dover cambiare l&#8217;orario in cui giocano. Questo \u00e8 spesso legato al passaggio a limiti pi\u00f9 alti o al cambio di piattaforma di poker. Dopo aver giocato un numero sufficiente di mani in un nuovo orario, sorge il desiderio di confrontare i risultati del proprio &hellip; <a href=\"https:\/\/hand2noteguide.com\/it\/user-manual\/when-is-it-more-profitable-to-play-morning-or-evening\/\" class=\"more-link\">Continue reading <span class=\"screen-reader-text\">Quando \u00e8 pi\u00f9 redditizio giocare: mattina o sera?<\/span><\/a><\/p>\n","protected":false},"author":3,"featured_media":12692,"parent":9199,"menu_order":0,"comment_status":"closed","ping_status":"closed","template":"","meta":{"footnotes":""},"class_list":["post-12436","page","type-page","status-publish","has-post-thumbnail","hentry"],"translation":{"provider":"WPGlobus","version":"3.0.2","language":"it","enabled_languages":["en","ru","pt","zh","es","fr","de","it","ja"],"languages":{"en":{"title":true,"content":true,"excerpt":false},"ru":{"title":true,"content":true,"excerpt":false},"pt":{"title":true,"content":true,"excerpt":false},"zh":{"title":true,"content":true,"excerpt":false},"es":{"title":true,"content":true,"excerpt":false},"fr":{"title":true,"content":true,"excerpt":false},"de":{"title":true,"content":true,"excerpt":false},"it":{"title":true,"content":true,"excerpt":false},"ja":{"title":true,"content":true,"excerpt":false}}},"yoast_head":"<!-- This site is optimized with the Yoast SEO plugin v27.0 - https:\/\/yoast.com\/product\/yoast-seo-wordpress\/ -->\n<title>Quando \u00e8 pi\u00f9 redditizio giocare: mattina o sera?<\/title>\n<meta name=\"description\" content=\"Scopri quale momento della giornata \u00e8 pi\u00f9 redditizio per giocare a poker. Confronta i risultati e decidi se dovresti cambiare il tuo programma di gioco.\" \/>\n<meta name=\"robots\" content=\"index, follow, max-snippet:-1, max-image-preview:large, max-video-preview:-1\" \/>\n<link rel=\"canonical\" href=\"https:\/\/hand2noteguide.com\/user-manual\/when-is-it-more-profitable-to-play-morning-or-evening\/\" \/>\n<meta property=\"og:locale\" content=\"it_IT\" \/>\n<meta property=\"og:type\" content=\"article\" \/>\n<meta property=\"og:title\" content=\"Quando \u00e8 pi\u00f9 redditizio giocare: mattina o sera?\" \/>\n<meta property=\"og:description\" content=\"Scopri quale momento della giornata \u00e8 pi\u00f9 redditizio per giocare a poker. Confronta i risultati e decidi se dovresti cambiare il tuo programma di gioco.\" \/>\n<meta property=\"og:url\" content=\"https:\/\/hand2noteguide.com\/user-manual\/when-is-it-more-profitable-to-play-morning-or-evening\/\" \/>\n<meta property=\"og:site_name\" content=\"Hand2Note Guide\" \/>\n<meta property=\"article:modified_time\" content=\"2026-03-10T08:32:08+00:00\" \/>\n<meta property=\"og:image\" content=\"https:\/\/hand2noteguide.com\/wp-content\/uploads\/2025\/05\/day-or-night-play-min.jpg\" \/>\n\t<meta property=\"og:image:width\" content=\"1512\" \/>\n\t<meta property=\"og:image:height\" content=\"1024\" \/>\n\t<meta property=\"og:image:type\" content=\"image\/jpeg\" \/>\n<meta name=\"twitter:card\" content=\"summary_large_image\" \/>\n<meta name=\"twitter:label1\" content=\"Est. reading time\" \/>\n\t<meta name=\"twitter:data1\" content=\"8 minutes\" \/>\n<!-- \/ Yoast SEO plugin. -->","yoast_head_json":{"title":"Quando \u00e8 pi\u00f9 redditizio giocare: mattina o sera?","description":"Scopri quale momento della giornata \u00e8 pi\u00f9 redditizio per giocare a poker. Confronta i risultati e decidi se dovresti cambiare il tuo programma di gioco.","robots":{"index":"index","follow":"follow","max-snippet":"max-snippet:-1","max-image-preview":"max-image-preview:large","max-video-preview":"max-video-preview:-1"},"canonical":"https:\/\/hand2noteguide.com\/user-manual\/when-is-it-more-profitable-to-play-morning-or-evening\/","og_locale":"it_IT","og_type":"article","og_title":"Quando \u00e8 pi\u00f9 redditizio giocare: mattina o sera?","og_description":"Scopri quale momento della giornata \u00e8 pi\u00f9 redditizio per giocare a poker. Confronta i risultati e decidi se dovresti cambiare il tuo programma di gioco.","og_url":"https:\/\/hand2noteguide.com\/user-manual\/when-is-it-more-profitable-to-play-morning-or-evening\/","og_site_name":"Hand2Note Guide","article_modified_time":"2026-03-10T08:32:08+00:00","og_image":[{"width":1512,"height":1024,"url":"https:\/\/hand2noteguide.com\/wp-content\/uploads\/2025\/05\/day-or-night-play-min.jpg","type":"image\/jpeg"}],"twitter_card":"summary_large_image","twitter_misc":{"Est. reading time":"8 minutes"},"schema":{"@context":"https:\/\/schema.org","@graph":[]}},"jetpack_sharing_enabled":true,"_links":{"self":[{"href":"https:\/\/hand2noteguide.com\/it\/wp-json\/wp\/v2\/pages\/12436","targetHints":{"allow":["GET"]}}],"collection":[{"href":"https:\/\/hand2noteguide.com\/it\/wp-json\/wp\/v2\/pages"}],"about":[{"href":"https:\/\/hand2noteguide.com\/it\/wp-json\/wp\/v2\/types\/page"}],"author":[{"embeddable":true,"href":"https:\/\/hand2noteguide.com\/it\/wp-json\/wp\/v2\/users\/3"}],"replies":[{"embeddable":true,"href":"https:\/\/hand2noteguide.com\/it\/wp-json\/wp\/v2\/comments?post=12436"}],"version-history":[{"count":49,"href":"https:\/\/hand2noteguide.com\/it\/wp-json\/wp\/v2\/pages\/12436\/revisions"}],"predecessor-version":[{"id":15633,"href":"https:\/\/hand2noteguide.com\/it\/wp-json\/wp\/v2\/pages\/12436\/revisions\/15633"}],"up":[{"embeddable":true,"href":"https:\/\/hand2noteguide.com\/it\/wp-json\/wp\/v2\/pages\/9199"}],"wp:featuredmedia":[{"embeddable":true,"href":"https:\/\/hand2noteguide.com\/it\/wp-json\/wp\/v2\/media\/12692"}],"wp:attachment":[{"href":"https:\/\/hand2noteguide.com\/it\/wp-json\/wp\/v2\/media?parent=12436"}],"curies":[{"name":"wp","href":"https:\/\/api.w.org\/{rel}","templated":true}]}}