{"id":12875,"date":"2025-06-02T21:40:43","date_gmt":"2025-06-02T18:40:43","guid":{"rendered":"https:\/\/hand2noteguide.com\/?page_id=12875"},"modified":"2026-02-20T17:34:14","modified_gmt":"2026-02-20T14:34:14","slug":"hand2note-3-free-version-is-gone-what-now","status":"publish","type":"page","link":"https:\/\/hand2noteguide.com\/it\/hand2note-3-free-version-is-gone-what-now\/","title":{"rendered":"La versione gratuita di Hand2Note 3 \u00e8 sparita \u2013 E adesso?"},"content":{"rendered":"\n<p><strong>Il 29 maggio 2025<\/strong>, la <strong>versione gratuita (Base) di Hand2Note 3 \u00e8 stata ufficialmente chiusa<\/strong> \ud83e\udd7a. Dopo molti anni di servizio, questo strumento fidato non \u00e8 pi\u00f9 disponibile per nuovi o esistenti utenti. Questa decisione \u00e8 stata presa dal team di Hand2Note e, purtroppo, la versione gratuita non torner\u00e0.<\/p>\n\n\n\n<p>La <strong>versione gratuita di Hand2Note<\/strong> \u00e8 stata un pilastro nel mondo del poker per anni. Migliaia di giocatori si sono affidati a essa quotidianamente \u2014 dai grinder di piccole puntate ai regular seri. Era leggera, potente e, soprattutto, gratuita. Comprendiamo quanto grande sia questo cambiamento. Molti giocatori hanno costruito la loro routine e revisione del gioco attorno a Hand2Note, e perdere questo strumento \u00e8 frustrante.<\/p>\n\n\n\n<p>Come <strong>rivenditore ufficiale di Hand2Note<\/strong>, vogliamo essere trasparenti: questa <strong>non \u00e8 stata una nostra decisione<\/strong>, e non abbiamo <strong>alcun controllo<\/strong> su di essa. Quello che <em>possiamo<\/em> fare \u00e8 aiutarti ad andare avanti. Di seguito sono riportati due percorsi chiari che puoi intraprendere da qui:<\/p>\n\n\n\n<h2 class=\"wp-block-heading\">\u2705 Opzione 1: Ottieni Hand2Note 3 PRO o Hand2Note 4 con Sconto<\/h2>\n\n\n\n<p>Se ti \u00e8 piaciuta la versione gratuita, adorerai la versione completa PRO. Puoi eseguire l&#8217;upgrade a <strong>Hand2Note 3 PRO<\/strong> o al nuovo <a href=\"https:\/\/hand2noteguide.com\/it\/hand2note-4-getting-started\/\"><strong>Hand2Note 4<\/strong><\/a> con il nostro esclusivo <a href=\"https:\/\/hand2noteguide.com\/it\/promo\/\"><strong>codice promo GUIDE10<\/strong><\/a>.<\/p>\n\n\n\n<p>Quando acquisti tramite noi, riceverai:<\/p>\n\n\n\n<ul class=\"wp-block-list\">\n<li>\ud83c\udfaf <strong>10% di sconto<\/strong> su qualsiasi abbonamento<\/li>\n\n\n\n<li>\ud83c\udf81 <a href=\"https:\/\/hand2noteguide.com\/it\/hud-store\/simple-cash-pack-for-free\/\"><strong>Pacchetto HUD premium gratuito<\/strong><\/a><\/li>\n\n\n\n<li>\ud83d\udcf9 <a href=\"https:\/\/hand2noteguide.com\/it\/video-course\/\"><strong>Corso video gratuito<\/strong><\/a> per aiutarti a padroneggiare rapidamente il software<\/li>\n<\/ul>\n\n\n\n<p>Ecco le opzioni di abbonamento attuali:<\/p>\n\n\n\n<ul class=\"wp-block-list\">\n<li><strong>1\ufe0f\u20e3 Hand2Note 3 PRO<\/strong> \u2013 $59.90\/mese o $588\/anno<br>Con il nostro sconto: <strong>$53.90\/mese<\/strong> o <strong>$529.20\/anno<\/strong><\/li>\n\n\n\n<li><strong>2\ufe0f\u20e3 Hand2Note 4 PRO<\/strong> \u2013 $59.90\/mese o $588\/anno<br>Con il nostro sconto: <strong>$53.90\/mese<\/strong> o <strong>$529.20\/anno<\/strong><\/li>\n\n\n\n<li><strong>3\ufe0f\u20e3 Hand2Note 4 Learner<\/strong> \u2013 $19.90\/mese o $192\/anno<br>Con il nostro sconto: <strong>$17.90\/mese<\/strong> o <strong>$172.70\/anno<\/strong><\/li>\n<\/ul>\n\n\n\n<p><em>Nota:<\/em> Learner \u00e8 un nuovo tipo di licenza progettato per micro-stakes (fino a NL25 o buy-in di $20) e include un limite di database di 200.000 mani.<\/p>\n\n\n\n<p>Questa \u00e8 la scelta migliore se vuoi continuare a utilizzare lo stesso set di strumenti \u2014 ora con accesso completo, statistiche migliori e supporto premium.<\/p>\n\n\n\n<p style=\"margin-top:24px\">\n  <a href=\"https:\/\/hand2note3.hand2note.com\/\" class=\"article-action-link\" target=\"_blank\" rel=\"noopener\">\n     \ud83d\udfe2 Ottieni Hand2Note 3 \u2192\n  <\/a>\n  <a href=\"https:\/\/hand2noteguide.com\/it\/go\/hand2note\/\" class=\"article-action-link\" target=\"_blank\" rel=\"sponsored noopener\">\n     \ud83d\udd35 Ottieni Hand2Note 4 \u2192\n  <\/a>\n<\/p>\n\n\n\n<h2 class=\"wp-block-heading\">\u2705 Opzione 2: Prova Software di Poker Alternativo<\/h2>\n\n\n\n<p>Se senti che \u00e8 il momento di passare oltre Hand2Note \u2014 comprendiamo. Forse vuoi un nuovo inizio o un&#8217;esperienza diversa. Ci sono diverse alternative sul mercato e molti giocatori stanno esplorando altre opzioni.<\/p>\n\n\n\n<p>Rispettiamo completamente questo percorso. Dovresti usare gli strumenti che funzionano meglio per il tuo stile personale, budget e obiettivi.<\/p>\n\n\n\n<h2 class=\"wp-block-heading\">Pensieri Finali<\/h2>\n\n\n\n<p>Siamo veramente dispiaciuti di vedere andare via la versione gratuita di Hand2Note 3. \u00c8 stato uno strumento affidabile e amato per molti anni, e la sua chiusura lascia un vuoto nel mondo del software di poker.<\/p>\n\n\n\n<p>Ma speriamo che le opzioni che abbiamo condiviso qui ti aiutino ad andare avanti. Che tu faccia l&#8217;upgrade, passi a CoinPoker o provi qualcos&#8217;altro \u2014 ti auguriamo tutto il meglio.<\/p>\n\n\n\n<p><strong>Scegli ci\u00f2 che funziona meglio per te e buona fortuna nel tuo viaggio nel poker!<\/strong><\/p>\n\n\n\n<p><\/p>\n","protected":false},"excerpt":{"rendered":"<p>Il 29 maggio 2025, la versione gratuita (Base) di Hand2Note 3 \u00e8 stata ufficialmente chiusa \ud83e\udd7a. Dopo molti anni di servizio, questo strumento fidato non \u00e8 pi\u00f9 disponibile per nuovi o esistenti utenti. Questa decisione \u00e8 stata presa dal team di Hand2Note e, purtroppo, la versione gratuita non torner\u00e0. La versione gratuita di Hand2Note \u00e8 &hellip; <a href=\"https:\/\/hand2noteguide.com\/it\/hand2note-3-free-version-is-gone-what-now\/\" class=\"more-link\">Continue reading <span class=\"screen-reader-text\">La versione gratuita di Hand2Note 3 \u00e8 sparita \u2013 E adesso?<\/span><\/a><\/p>\n","protected":false},"author":1,"featured_media":12894,"parent":0,"menu_order":0,"comment_status":"closed","ping_status":"closed","template":"","meta":{"footnotes":""},"class_list":["post-12875","page","type-page","status-publish","has-post-thumbnail","hentry"],"translation":{"provider":"WPGlobus","version":"3.0.2","language":"it","enabled_languages":["en","ru","pt","zh","es","fr","de","it","ja"],"languages":{"en":{"title":true,"content":true,"excerpt":false},"ru":{"title":true,"content":true,"excerpt":false},"pt":{"title":true,"content":true,"excerpt":false},"zh":{"title":true,"content":true,"excerpt":false},"es":{"title":true,"content":true,"excerpt":false},"fr":{"title":true,"content":true,"excerpt":false},"de":{"title":true,"content":true,"excerpt":false},"it":{"title":true,"content":true,"excerpt":false},"ja":{"title":true,"content":true,"excerpt":false}}},"yoast_head":"<!-- This site is optimized with the Yoast SEO plugin v27.0 - https:\/\/yoast.com\/product\/yoast-seo-wordpress\/ -->\n<title>La versione gratuita di Hand2Note 3 \u00e8 sparita \u2013 E adesso?<\/title>\n<meta name=\"description\" content=\"La versione gratuita di Hand2Note 3 non \u00e8 pi\u00f9 disponibile. Scopri le tue opzioni: fai l&#039;upgrade con sconto, ottieni PRO tramite CoinPoker o esplora alternative.\" \/>\n<meta name=\"robots\" content=\"index, follow, max-snippet:-1, max-image-preview:large, max-video-preview:-1\" \/>\n<link rel=\"canonical\" href=\"https:\/\/hand2noteguide.com\/fr\/hand2note-3-free-version-is-gone-what-now\/\" \/>\n<meta property=\"og:locale\" content=\"it_IT\" \/>\n<meta property=\"og:type\" content=\"article\" \/>\n<meta property=\"og:title\" content=\"La versione gratuita di Hand2Note 3 \u00e8 sparita \u2013 E adesso?\" \/>\n<meta property=\"og:description\" content=\"La versione gratuita di Hand2Note 3 non \u00e8 pi\u00f9 disponibile. Scopri le tue opzioni: fai l&#039;upgrade con sconto, ottieni PRO tramite CoinPoker o esplora alternative.\" \/>\n<meta property=\"og:url\" content=\"https:\/\/hand2noteguide.com\/fr\/hand2note-3-free-version-is-gone-what-now\/\" \/>\n<meta property=\"og:site_name\" content=\"Hand2Note Guide\" \/>\n<meta property=\"article:modified_time\" content=\"2026-02-20T14:34:14+00:00\" \/>\n<meta property=\"og:image\" content=\"https:\/\/hand2noteguide.com\/wp-content\/uploads\/2025\/06\/free-hand2note-is-over.webp\" \/>\n\t<meta property=\"og:image:width\" content=\"1212\" \/>\n\t<meta property=\"og:image:height\" content=\"843\" \/>\n\t<meta property=\"og:image:type\" content=\"image\/webp\" \/>\n<meta name=\"twitter:card\" content=\"summary_large_image\" \/>\n<meta name=\"twitter:label1\" content=\"Est. reading time\" \/>\n\t<meta name=\"twitter:data1\" content=\"3 minutes\" \/>\n<!-- \/ Yoast SEO plugin. -->","yoast_head_json":{"title":"La versione gratuita di Hand2Note 3 \u00e8 sparita \u2013 E adesso?","description":"La versione gratuita di Hand2Note 3 non \u00e8 pi\u00f9 disponibile. Scopri le tue opzioni: fai l'upgrade con sconto, ottieni PRO tramite CoinPoker o esplora alternative.","robots":{"index":"index","follow":"follow","max-snippet":"max-snippet:-1","max-image-preview":"max-image-preview:large","max-video-preview":"max-video-preview:-1"},"canonical":"https:\/\/hand2noteguide.com\/fr\/hand2note-3-free-version-is-gone-what-now\/","og_locale":"it_IT","og_type":"article","og_title":"La versione gratuita di Hand2Note 3 \u00e8 sparita \u2013 E adesso?","og_description":"La versione gratuita di Hand2Note 3 non \u00e8 pi\u00f9 disponibile. Scopri le tue opzioni: fai l'upgrade con sconto, ottieni PRO tramite CoinPoker o esplora alternative.","og_url":"https:\/\/hand2noteguide.com\/fr\/hand2note-3-free-version-is-gone-what-now\/","og_site_name":"Hand2Note Guide","article_modified_time":"2026-02-20T14:34:14+00:00","og_image":[{"width":1212,"height":843,"url":"https:\/\/hand2noteguide.com\/wp-content\/uploads\/2025\/06\/free-hand2note-is-over.webp","type":"image\/webp"}],"twitter_card":"summary_large_image","twitter_misc":{"Est. reading time":"3 minutes"},"schema":{"@context":"https:\/\/schema.org","@graph":[]}},"jetpack_sharing_enabled":true,"_links":{"self":[{"href":"https:\/\/hand2noteguide.com\/it\/wp-json\/wp\/v2\/pages\/12875","targetHints":{"allow":["GET"]}}],"collection":[{"href":"https:\/\/hand2noteguide.com\/it\/wp-json\/wp\/v2\/pages"}],"about":[{"href":"https:\/\/hand2noteguide.com\/it\/wp-json\/wp\/v2\/types\/page"}],"author":[{"embeddable":true,"href":"https:\/\/hand2noteguide.com\/it\/wp-json\/wp\/v2\/users\/1"}],"replies":[{"embeddable":true,"href":"https:\/\/hand2noteguide.com\/it\/wp-json\/wp\/v2\/comments?post=12875"}],"version-history":[{"count":43,"href":"https:\/\/hand2noteguide.com\/it\/wp-json\/wp\/v2\/pages\/12875\/revisions"}],"predecessor-version":[{"id":15068,"href":"https:\/\/hand2noteguide.com\/it\/wp-json\/wp\/v2\/pages\/12875\/revisions\/15068"}],"wp:featuredmedia":[{"embeddable":true,"href":"https:\/\/hand2noteguide.com\/it\/wp-json\/wp\/v2\/media\/12894"}],"wp:attachment":[{"href":"https:\/\/hand2noteguide.com\/it\/wp-json\/wp\/v2\/media?parent=12875"}],"curies":[{"name":"wp","href":"https:\/\/api.w.org\/{rel}","templated":true}]}}