{"id":13653,"date":"2025-06-18T12:19:21","date_gmt":"2025-06-18T09:19:21","guid":{"rendered":"https:\/\/hand2noteguide.com\/?page_id=13653"},"modified":"2026-03-10T11:36:18","modified_gmt":"2026-03-10T08:36:18","slug":"hud-editor-creating-a-positional-hud","status":"publish","type":"page","link":"https:\/\/hand2noteguide.com\/it\/user-manual\/hud-editor-creating-a-positional-hud\/","title":{"rendered":"Editor HUD Parte 3: Creare un HUD Posizionale"},"content":{"rendered":"\n<p>Oltre ai <a href=\"https:\/\/hand2noteguide.com\/it\/user-manual\/hud-editor-creating-a-static-hud\/\">pannelli HUD statici<\/a>, Hand2Note consente di applicare loro propriet\u00e0 posizionali. Queste aiutano a risparmiare spazio ai tavoli e rendono le finestre HUD pi\u00f9 ergonomiche. Inoltre, consentono il cambio automatico delle visualizzazioni delle statistiche nell&#8217;HUD con quelle pi\u00f9 rilevanti, dal punto di vista delle <a href=\"https:\/\/hand2noteguide.com\/it\/poker\/poker-positions\/\">posizioni dei giocatori ai tavoli<\/a>.<\/p>\n\n\n\n<p>In questo articolo, ti mostreremo come applicare le propriet\u00e0 posizionali all&#8217;HUD che abbiamo creato in precedenza nell&#8217;articolo <a href=\"https:\/\/hand2noteguide.com\/it\/user-manual\/hud-editor-creating-a-static-hud\/\">Editor HUD: Creare un HUD Statico<\/a>. Questo aiuter\u00e0 a renderlo pi\u00f9 compatto e le informazioni visualizzate pi\u00f9 rilevanti dal punto di vista delle posizioni dei giocatori al tavolo.<\/p>\n\n\n\n<h2 class=\"wp-block-heading\">Piano per Creare un HUD Posizionale<\/h2>\n\n\n\n<p>In precedenza, abbiamo creato un HUD in cui il set di statistiche appare cos\u00ec:<\/p>\n\n\n\n<figure class=\"wp-block-image size-large\"><img loading=\"lazy\" decoding=\"async\" width=\"1024\" height=\"576\" src=\"https:\/\/hand2noteguide.com\/wp-content\/uploads\/2025\/06\/static-hud-1024x576.jpg\" alt=\"\" class=\"wp-image-14045\" srcset=\"https:\/\/hand2noteguide.com\/wp-content\/uploads\/2025\/06\/static-hud-1024x576.jpg 1024w, https:\/\/hand2noteguide.com\/wp-content\/uploads\/2025\/06\/static-hud-300x169.jpg 300w, https:\/\/hand2noteguide.com\/wp-content\/uploads\/2025\/06\/static-hud-768x432.jpg 768w, https:\/\/hand2noteguide.com\/wp-content\/uploads\/2025\/06\/static-hud-1536x864.jpg 1536w, https:\/\/hand2noteguide.com\/wp-content\/uploads\/2025\/06\/static-hud-772x434.jpg 772w, https:\/\/hand2noteguide.com\/wp-content\/uploads\/2025\/06\/static-hud-624x351.jpg 624w, https:\/\/hand2noteguide.com\/wp-content\/uploads\/2025\/06\/static-hud.jpg 1920w\" sizes=\"auto, (max-width: 1024px) 100vw, 1024px\" \/><\/figure>\n\n\n\n<ul class=\"wp-block-list\">\n<li>Prima linea dell&#8217;HUD, statistiche in ordine da sinistra a destra: &#8220;VPIP&#8221;, &#8220;PFR&#8221;, &#8220;Fold to 3Bet&#8221;, &#8220;<a href=\"https:\/\/hand2noteguide.com\/it\/poker\/poker-hud-stats\/3bet-in-poker\/\">3Bet<\/a>&#8220;, &#8220;Fold to 4Bet&#8221;, &#8220;4Bet Range&#8221;;<\/li>\n\n\n\n<li>Seconda linea dell&#8217;HUD, statistiche in ordine da sinistra a destra: &#8220;WTSD%&#8221;, &#8220;WWSF%&#8221;, &#8220;WonSD%&#8221;, &#8220;Aggression Frq Flop%&#8221;, &#8220;Aggression Frq Turn%&#8221;, &#8220;Aggression Frq River%&#8221;;<\/li>\n\n\n\n<li>Terza linea dell&#8217;HUD, statistiche in ordine da sinistra a destra: numero totale di mani (&#8220;Hands&#8221;), &#8220;Winrate bb\/100&#8221;.<\/li>\n<\/ul>\n\n\n\n<p>In questo articolo, modificheremo il set di statistiche e la loro variazione di visualizzazione nell&#8217;HUD come segue:<\/p>\n\n\n\n<ul class=\"wp-block-list\">\n<li>Prima linea dell&#8217;HUD, statistiche in ordine da sinistra a destra: &#8220;VPIP&#8221;, &#8220;PFR&#8221;, &#8220;Fold to 3Bet&#8221;, &#8220;3Bet&#8221;, &#8220;Fold to 4Bet&#8221;, &#8220;4Bet Range&#8221;;<\/li>\n\n\n\n<li>Seconda linea dell&#8217;HUD, statistiche in ordine da sinistra a destra: &#8220;WTSD%&#8221;, &#8220;WWSF%&#8221;, &#8220;WonSD%&#8221;, &#8220;Aggression Frq Flop%&#8221;, &#8220;Aggression Frq Turn%&#8221;, &#8220;Aggression Frq River%&#8221;;<\/li>\n\n\n\n<li><strong>La terza (nuova) linea dell&#8217;HUD utilizzer\u00e0 condizioni di visualizzazione posizionali e mostrer\u00e0 statistiche &#8220;RFI UTG&#8221;, &#8220;RFI EP&#8221;, &#8220;RFI MP&#8221;, &#8220;RFI CO&#8221;, &#8220;RFI BTN&#8221;, &#8220;RFI SB&#8221;, &#8220;Fold to 3Bet IP postflop&#8221;, &#8220;Fold to 3Bet OOP postflop&#8221; &#8211; secondo le posizioni del giocatore e dell&#8217;eroe &#8211; contemporaneamente;<\/strong><\/li>\n\n\n\n<li>Quarta linea dell&#8217;HUD, statistiche in ordine da sinistra a destra: numero totale di mani (&#8220;Hands&#8221;), &#8220;Winrate bb\/100&#8221;.<\/li>\n<\/ul>\n\n\n\n<h2 class=\"wp-block-heading\">Applicazione delle Condizioni di Visualizzazione Posizionali<\/h2>\n\n\n\n<p>Per prima cosa, aggiungi una nuova linea all&#8217;HUD. Tutte le statistiche necessarie sono state precedentemente create nell&#8217;<a href=\"https:\/\/hand2noteguide.com\/it\/user-manual\/creating-a-simple-stat-continued-bet-on-the-river-in-a-3bet-pot-position\/\">editor delle statistiche<\/a>.<\/p>\n\n\n\n<figure class=\"wp-block-image size-large\"><img loading=\"lazy\" decoding=\"async\" width=\"1024\" height=\"576\" src=\"http:\/\/hand2noteguide.com\/wp-content\/uploads\/2025\/06\/\u0411\u0435\u0437-\u0438\u043c\u0435\u043d\u0438-14-2-1024x576.jpg\" alt=\"\" class=\"wp-image-13707\" srcset=\"https:\/\/hand2noteguide.com\/wp-content\/uploads\/2025\/06\/\u0411\u0435\u0437-\u0438\u043c\u0435\u043d\u0438-14-2-1024x576.jpg 1024w, https:\/\/hand2noteguide.com\/wp-content\/uploads\/2025\/06\/\u0411\u0435\u0437-\u0438\u043c\u0435\u043d\u0438-14-2-300x169.jpg 300w, https:\/\/hand2noteguide.com\/wp-content\/uploads\/2025\/06\/\u0411\u0435\u0437-\u0438\u043c\u0435\u043d\u0438-14-2-768x432.jpg 768w, https:\/\/hand2noteguide.com\/wp-content\/uploads\/2025\/06\/\u0411\u0435\u0437-\u0438\u043c\u0435\u043d\u0438-14-2-1536x864.jpg 1536w, https:\/\/hand2noteguide.com\/wp-content\/uploads\/2025\/06\/\u0411\u0435\u0437-\u0438\u043c\u0435\u043d\u0438-14-2-772x434.jpg 772w, https:\/\/hand2noteguide.com\/wp-content\/uploads\/2025\/06\/\u0411\u0435\u0437-\u0438\u043c\u0435\u043d\u0438-14-2-624x351.jpg 624w, https:\/\/hand2noteguide.com\/wp-content\/uploads\/2025\/06\/\u0411\u0435\u0437-\u0438\u043c\u0435\u043d\u0438-14-2.jpg 1920w\" sizes=\"auto, (max-width: 1024px) 100vw, 1024px\" \/><figcaption class=\"wp-element-caption\">Aspetto dell&#8217;HUD nel replayer con le nuove statistiche aggiunte nella terza linea:<\/figcaption><\/figure>\n\n\n\n<p>Ora dobbiamo impostare le propriet\u00e0 posizionali per le celle nella terza linea. Per fare ci\u00f2, determina prima quale cella con quale statistica dovrebbe apparire e in quali condizioni:<\/p>\n\n\n\n<ul class=\"wp-block-list\">\n<li>Cella con la statistica &#8220;RFI UTG&#8221; &#8211; quando il giocatore \u00e8 in posizione &#8220;UTG&#8221;;<\/li>\n\n\n\n<li>Cella con la statistica &#8220;RFI EP&#8221; &#8211; quando il giocatore \u00e8 in posizione &#8220;EP&#8221;;<\/li>\n\n\n\n<li>Cella con la statistica &#8220;RFI MP&#8221; &#8211; quando il giocatore \u00e8 in posizione &#8220;MP&#8221;;<\/li>\n\n\n\n<li>Cella con la statistica &#8220;RFI CO&#8221; &#8211; quando il giocatore \u00e8 in posizione &#8220;CO&#8221;;<\/li>\n\n\n\n<li>Cella con la statistica &#8220;RFI BTN&#8221; &#8211; quando il giocatore \u00e8 in posizione &#8220;BTN&#8221;;<\/li>\n\n\n\n<li>Cella con la statistica &#8220;RFI SB&#8221; &#8211; quando il giocatore \u00e8 in posizione &#8220;SB&#8221;;<\/li>\n\n\n\n<li>Cella con la statistica &#8220;Fold to 3Bet IP postflop&#8221; &#8211; quando il giocatore \u00e8 in una posizione che gli permette di essere in posizione al flop, turn o river contro l&#8217;eroe;<\/li>\n\n\n\n<li>Cella con la statistica &#8220;Fold to 3Bet OOP postflop&#8221; &#8211; quando il giocatore \u00e8 in una posizione che gli permette di essere fuori posizione al flop, turn o river contro l&#8217;eroe.<\/li>\n<\/ul>\n\n\n\n<p>Per impostare la posizione del giocatore come condizione di visualizzazione per le celle, vai all'&#8221;HUD Editor&#8221; e seleziona la cella con la statistica necessaria (ad esempio, &#8220;RFI UTG&#8221;) usando il tasto sinistro del mouse (1).<\/p>\n\n\n\n<figure class=\"wp-block-image size-large\"><img loading=\"lazy\" decoding=\"async\" width=\"1024\" height=\"576\" src=\"http:\/\/hand2noteguide.com\/wp-content\/uploads\/2025\/06\/\u0411\u0435\u0437-\u0438\u043c\u0435\u043d\u0438-15-1-1024x576.jpg\" alt=\"\" class=\"wp-image-13711\" srcset=\"https:\/\/hand2noteguide.com\/wp-content\/uploads\/2025\/06\/\u0411\u0435\u0437-\u0438\u043c\u0435\u043d\u0438-15-1-1024x576.jpg 1024w, https:\/\/hand2noteguide.com\/wp-content\/uploads\/2025\/06\/\u0411\u0435\u0437-\u0438\u043c\u0435\u043d\u0438-15-1-300x169.jpg 300w, https:\/\/hand2noteguide.com\/wp-content\/uploads\/2025\/06\/\u0411\u0435\u0437-\u0438\u043c\u0435\u043d\u0438-15-1-768x432.jpg 768w, https:\/\/hand2noteguide.com\/wp-content\/uploads\/2025\/06\/\u0411\u0435\u0437-\u0438\u043c\u0435\u043d\u0438-15-1-1536x864.jpg 1536w, https:\/\/hand2noteguide.com\/wp-content\/uploads\/2025\/06\/\u0411\u0435\u0437-\u0438\u043c\u0435\u043d\u0438-15-1-772x434.jpg 772w, https:\/\/hand2noteguide.com\/wp-content\/uploads\/2025\/06\/\u0411\u0435\u0437-\u0438\u043c\u0435\u043d\u0438-15-1-624x351.jpg 624w, https:\/\/hand2noteguide.com\/wp-content\/uploads\/2025\/06\/\u0411\u0435\u0437-\u0438\u043c\u0435\u043d\u0438-15-1.jpg 1920w\" sizes=\"auto, (max-width: 1024px) 100vw, 1024px\" \/><\/figure>\n\n\n\n<p>Successivamente, nel menu a destra, trova il parametro &#8220;Mostra quando la posizione del giocatore \u00e8:&#8221; e specifica le posizioni del giocatore necessarie (2) (ad esempio, da UTG1 a UTG4).<\/p>\n\n\n\n<p>Ripeti l&#8217;azione con ciascuna cella contenente statistiche RFI, assegnando loro posizioni in base alle posizioni delle statistiche RFI nelle celle stesse.<\/p>\n\n\n\n<p>Per impostare i parametri di visualizzazione per la cella con la statistica &#8220;Fold to 3Bet IP postflop&#8221;, selezionala usando il tasto sinistro del mouse (1).<\/p>\n\n\n\n<figure class=\"wp-block-image size-large\"><img loading=\"lazy\" decoding=\"async\" width=\"1024\" height=\"576\" src=\"http:\/\/hand2noteguide.com\/wp-content\/uploads\/2025\/06\/\u0411\u0435\u0437-\u0438\u043c\u0435\u043d\u0438-16-2-1024x576.jpg\" alt=\"\" class=\"wp-image-13712\" srcset=\"https:\/\/hand2noteguide.com\/wp-content\/uploads\/2025\/06\/\u0411\u0435\u0437-\u0438\u043c\u0435\u043d\u0438-16-2-1024x576.jpg 1024w, https:\/\/hand2noteguide.com\/wp-content\/uploads\/2025\/06\/\u0411\u0435\u0437-\u0438\u043c\u0435\u043d\u0438-16-2-300x169.jpg 300w, https:\/\/hand2noteguide.com\/wp-content\/uploads\/2025\/06\/\u0411\u0435\u0437-\u0438\u043c\u0435\u043d\u0438-16-2-768x432.jpg 768w, https:\/\/hand2noteguide.com\/wp-content\/uploads\/2025\/06\/\u0411\u0435\u0437-\u0438\u043c\u0435\u043d\u0438-16-2-1536x864.jpg 1536w, https:\/\/hand2noteguide.com\/wp-content\/uploads\/2025\/06\/\u0411\u0435\u0437-\u0438\u043c\u0435\u043d\u0438-16-2-772x434.jpg 772w, https:\/\/hand2noteguide.com\/wp-content\/uploads\/2025\/06\/\u0411\u0435\u0437-\u0438\u043c\u0435\u043d\u0438-16-2-624x351.jpg 624w, https:\/\/hand2noteguide.com\/wp-content\/uploads\/2025\/06\/\u0411\u0435\u0437-\u0438\u043c\u0435\u043d\u0438-16-2.jpg 1920w\" sizes=\"auto, (max-width: 1024px) 100vw, 1024px\" \/><\/figure>\n\n\n\n<p>Poi, nel menu a destra, trova il parametro &#8220;Posizione postflop relativa all&#8217;eroe&#8221; e impostalo su &#8220;In Posizione&#8221; (2).<\/p>\n\n\n\n<p>Ripeti l&#8217;azione con la cella contenente la statistica &#8220;Fold to 3Bet IP postflop&#8221;, ma ora imposta il parametro &#8220;Posizione postflop relativa all&#8217;eroe&#8221; su &#8220;Fuori Posizione&#8221;.<\/p>\n\n\n\n<p>Dopo aver completato le impostazioni, puoi visualizzare il risultato nel replayer usando &#8220;Anteprima&#8221;.<\/p>\n\n\n\n<figure class=\"wp-block-image size-large\"><img loading=\"lazy\" decoding=\"async\" width=\"1024\" height=\"576\" src=\"http:\/\/hand2noteguide.com\/wp-content\/uploads\/2025\/06\/\u0411\u0435\u0437-\u0438\u043c\u0435\u043d\u0438-17-2-1024x576.jpg\" alt=\"\" class=\"wp-image-13713\" srcset=\"https:\/\/hand2noteguide.com\/wp-content\/uploads\/2025\/06\/\u0411\u0435\u0437-\u0438\u043c\u0435\u043d\u0438-17-2-1024x576.jpg 1024w, https:\/\/hand2noteguide.com\/wp-content\/uploads\/2025\/06\/\u0411\u0435\u0437-\u0438\u043c\u0435\u043d\u0438-17-2-300x169.jpg 300w, https:\/\/hand2noteguide.com\/wp-content\/uploads\/2025\/06\/\u0411\u0435\u0437-\u0438\u043c\u0435\u043d\u0438-17-2-768x432.jpg 768w, https:\/\/hand2noteguide.com\/wp-content\/uploads\/2025\/06\/\u0411\u0435\u0437-\u0438\u043c\u0435\u043d\u0438-17-2-1536x864.jpg 1536w, https:\/\/hand2noteguide.com\/wp-content\/uploads\/2025\/06\/\u0411\u0435\u0437-\u0438\u043c\u0435\u043d\u0438-17-2-772x434.jpg 772w, https:\/\/hand2noteguide.com\/wp-content\/uploads\/2025\/06\/\u0411\u0435\u0437-\u0438\u043c\u0435\u043d\u0438-17-2-624x351.jpg 624w, https:\/\/hand2noteguide.com\/wp-content\/uploads\/2025\/06\/\u0411\u0435\u0437-\u0438\u043c\u0435\u043d\u0438-17-2.jpg 1920w\" sizes=\"auto, (max-width: 1024px) 100vw, 1024px\" \/><\/figure>\n\n\n\n<p>Ora, nella terza linea, non sono visibili pi\u00f9 di due statistiche. La prima statistica a sinistra mostra RFI in base alla posizione occupata dal giocatore. La seconda statistica mostra Fold to 3Bet, in base alla posizione che il giocatore pu\u00f2 occupare al flop, turn o river contro l&#8217;eroe (in posizione &#8211; IP, o fuori posizione &#8211; OOP).<\/p>\n\n\n\n<p>Poich\u00e9 abbiamo utilizzato propriet\u00e0 di visualizzazione comuni e posizionali per le celle o i pannelli dell&#8217;HUD, il nostro HUD \u00e8 posizionale.<\/p>\n\n\n\n<h2 class=\"wp-block-heading\">Conclusione<\/h2>\n\n\n\n<p>In questo modo, puoi risparmiare spazio ai tavoli e rendere le finestre HUD pi\u00f9 ergonomiche. Inoltre, puoi configurare la visualizzazione delle informazioni necessarie per essere pi\u00f9 rilevanti dal punto di vista delle posizioni dei giocatori.<\/p>\n\n\n\n<p><em>Alcune poker room bloccano l&#8217;HUD se utilizza condizioni di visualizzazione dinamiche o posizionali. Al momento della scrittura, queste sono: <a href=\"https:\/\/hand2noteguide.com\/it\/pokerstars-hud\/\">PokerStars<\/a>, IPoker, Winamax. Consigliamo di verificare questa sfumatura con il <a href=\"https:\/\/hand2noteguide.com\/it\/hand2note-official-support\/\">supporto Hand2Note<\/a> prima di modificare l&#8217;HUD.<\/em><\/p>\n\n\n\n<p>Nell&#8217;articolo successivo: <a href=\"https:\/\/hand2noteguide.com\/it\/user-manual\/hud-editor-creating-a-dynamic-hud\/\">Editor HUD: Creare un HUD Dinamico<\/a> &#8211; continueremo a modificare l&#8217;HUD e applicheremo condizioni di visualizzazione dinamiche alle sue celle. Questo fornir\u00e0 una comprensione di come applicare propriet\u00e0 dinamiche all&#8217;HUD e renderlo ancora pi\u00f9 ergonomico, con visualizzazioni di statistiche pi\u00f9 rilevanti.<\/p>\n","protected":false},"excerpt":{"rendered":"<p>Oltre ai pannelli HUD statici, Hand2Note consente di applicare loro propriet\u00e0 posizionali. Queste aiutano a risparmiare spazio ai tavoli e rendono le finestre HUD pi\u00f9 ergonomiche. Inoltre, consentono il cambio automatico delle visualizzazioni delle statistiche nell&#8217;HUD con quelle pi\u00f9 rilevanti, dal punto di vista delle posizioni dei giocatori ai tavoli. In questo articolo, ti mostreremo &hellip; <a href=\"https:\/\/hand2noteguide.com\/it\/user-manual\/hud-editor-creating-a-positional-hud\/\" class=\"more-link\">Continue reading <span class=\"screen-reader-text\">Editor HUD Parte 3: Creare un HUD Posizionale<\/span><\/a><\/p>\n","protected":false},"author":3,"featured_media":13656,"parent":9199,"menu_order":0,"comment_status":"closed","ping_status":"closed","template":"","meta":{"footnotes":""},"class_list":["post-13653","page","type-page","status-publish","has-post-thumbnail","hentry"],"translation":{"provider":"WPGlobus","version":"3.0.2","language":"it","enabled_languages":["en","ru","pt","zh","es","fr","de","it","ja"],"languages":{"en":{"title":true,"content":true,"excerpt":false},"ru":{"title":true,"content":true,"excerpt":false},"pt":{"title":true,"content":true,"excerpt":false},"zh":{"title":true,"content":true,"excerpt":false},"es":{"title":true,"content":true,"excerpt":false},"fr":{"title":true,"content":true,"excerpt":false},"de":{"title":true,"content":true,"excerpt":false},"it":{"title":true,"content":true,"excerpt":false},"ja":{"title":true,"content":true,"excerpt":false}}},"yoast_head":"<!-- This site is optimized with the Yoast SEO plugin v27.0 - https:\/\/yoast.com\/product\/yoast-seo-wordpress\/ -->\n<title>Editor HUD di Hand2Note Parte 3: Creare un HUD Posizionale<\/title>\n<meta name=\"description\" content=\"Scopri come rendere il tuo HUD pi\u00f9 compatto e rilevante applicando propriet\u00e0 posizionali in Hand2Note. Migliora l&#039;ergonomia e l&#039;efficienza del gioco.\" \/>\n<meta name=\"robots\" content=\"index, follow, max-snippet:-1, max-image-preview:large, max-video-preview:-1\" \/>\n<link rel=\"canonical\" href=\"https:\/\/hand2noteguide.com\/user-manual\/hud-editor-creating-a-positional-hud\/\" \/>\n<meta property=\"og:locale\" content=\"it_IT\" \/>\n<meta property=\"og:type\" content=\"article\" \/>\n<meta property=\"og:title\" content=\"Editor HUD di Hand2Note Parte 3: Creare un HUD Posizionale\" \/>\n<meta property=\"og:description\" content=\"Scopri come rendere il tuo HUD pi\u00f9 compatto e rilevante applicando propriet\u00e0 posizionali in Hand2Note. Migliora l&#039;ergonomia e l&#039;efficienza del gioco.\" \/>\n<meta property=\"og:url\" content=\"https:\/\/hand2noteguide.com\/user-manual\/hud-editor-creating-a-positional-hud\/\" \/>\n<meta property=\"og:site_name\" content=\"Hand2Note Guide\" \/>\n<meta property=\"article:modified_time\" content=\"2026-03-10T08:36:18+00:00\" \/>\n<meta property=\"og:image\" content=\"https:\/\/hand2noteguide.com\/wp-content\/uploads\/2025\/06\/\u0411\u0435\u0437-\u0438\u043c\u0435\u043d\u0438-1-3-2.jpg\" \/>\n\t<meta property=\"og:image:width\" content=\"1920\" \/>\n\t<meta property=\"og:image:height\" content=\"1080\" \/>\n\t<meta property=\"og:image:type\" content=\"image\/jpeg\" \/>\n<meta name=\"twitter:card\" content=\"summary_large_image\" \/>\n<meta name=\"twitter:label1\" content=\"Est. reading time\" \/>\n\t<meta name=\"twitter:data1\" content=\"32 minutes\" \/>\n<!-- \/ Yoast SEO plugin. -->","yoast_head_json":{"title":"Editor HUD di Hand2Note Parte 3: Creare un HUD Posizionale","description":"Scopri come rendere il tuo HUD pi\u00f9 compatto e rilevante applicando propriet\u00e0 posizionali in Hand2Note. Migliora l'ergonomia e l'efficienza del gioco.","robots":{"index":"index","follow":"follow","max-snippet":"max-snippet:-1","max-image-preview":"max-image-preview:large","max-video-preview":"max-video-preview:-1"},"canonical":"https:\/\/hand2noteguide.com\/user-manual\/hud-editor-creating-a-positional-hud\/","og_locale":"it_IT","og_type":"article","og_title":"Editor HUD di Hand2Note Parte 3: Creare un HUD Posizionale","og_description":"Scopri come rendere il tuo HUD pi\u00f9 compatto e rilevante applicando propriet\u00e0 posizionali in Hand2Note. Migliora l'ergonomia e l'efficienza del gioco.","og_url":"https:\/\/hand2noteguide.com\/user-manual\/hud-editor-creating-a-positional-hud\/","og_site_name":"Hand2Note Guide","article_modified_time":"2026-03-10T08:36:18+00:00","og_image":[{"width":1920,"height":1080,"url":"https:\/\/hand2noteguide.com\/wp-content\/uploads\/2025\/06\/\u0411\u0435\u0437-\u0438\u043c\u0435\u043d\u0438-1-3-2.jpg","type":"image\/jpeg"}],"twitter_card":"summary_large_image","twitter_misc":{"Est. reading time":"32 minutes"},"schema":{"@context":"https:\/\/schema.org","@graph":[]}},"jetpack_sharing_enabled":true,"_links":{"self":[{"href":"https:\/\/hand2noteguide.com\/it\/wp-json\/wp\/v2\/pages\/13653","targetHints":{"allow":["GET"]}}],"collection":[{"href":"https:\/\/hand2noteguide.com\/it\/wp-json\/wp\/v2\/pages"}],"about":[{"href":"https:\/\/hand2noteguide.com\/it\/wp-json\/wp\/v2\/types\/page"}],"author":[{"embeddable":true,"href":"https:\/\/hand2noteguide.com\/it\/wp-json\/wp\/v2\/users\/3"}],"replies":[{"embeddable":true,"href":"https:\/\/hand2noteguide.com\/it\/wp-json\/wp\/v2\/comments?post=13653"}],"version-history":[{"count":70,"href":"https:\/\/hand2noteguide.com\/it\/wp-json\/wp\/v2\/pages\/13653\/revisions"}],"predecessor-version":[{"id":15637,"href":"https:\/\/hand2noteguide.com\/it\/wp-json\/wp\/v2\/pages\/13653\/revisions\/15637"}],"up":[{"embeddable":true,"href":"https:\/\/hand2noteguide.com\/it\/wp-json\/wp\/v2\/pages\/9199"}],"wp:featuredmedia":[{"embeddable":true,"href":"https:\/\/hand2noteguide.com\/it\/wp-json\/wp\/v2\/media\/13656"}],"wp:attachment":[{"href":"https:\/\/hand2noteguide.com\/it\/wp-json\/wp\/v2\/media?parent=13653"}],"curies":[{"name":"wp","href":"https:\/\/api.w.org\/{rel}","templated":true}]}}