{"id":137,"date":"2018-07-31T23:12:53","date_gmt":"2018-07-31T20:12:53","guid":{"rendered":"https:\/\/h2n312.wordpress.com\/?page_id=137"},"modified":"2025-06-04T19:16:00","modified_gmt":"2025-06-04T16:16:00","slug":"connecting-to-server","status":"publish","type":"page","link":"https:\/\/hand2noteguide.com\/it\/issues-resolving\/connecting-to-server\/","title":{"rendered":"Hand2Note si blocca su &#8220;Connecting to server&#8221;"},"content":{"rendered":"\n<figure class=\"wp-block-image\"><img loading=\"lazy\" decoding=\"async\" width=\"347\" height=\"474\" src=\"https:\/\/hand2noteguide.com\/wp-content\/uploads\/2018\/07\/11111111111111111111.png\" alt=\"Connecting to server\" class=\"wp-image-138\" srcset=\"https:\/\/hand2noteguide.com\/wp-content\/uploads\/2018\/07\/11111111111111111111.png 347w, https:\/\/hand2noteguide.com\/wp-content\/uploads\/2018\/07\/11111111111111111111-220x300.png 220w\" sizes=\"auto, (max-width: 347px) 100vw, 347px\" \/><\/figure>\n\n\n\n<div class=\"red-block\">\n<p><strong>\ud83d\udc49 Aggiornamento 2 Giugno 2025:<\/strong> Se incontri questo problema, molto probabilmente stavi utilizzando una versione gratuita di Hand2Note. A partire dal 29 Maggio 2025, <a href=\"https:\/\/hand2noteguide.com\/it\/hand2note-3-free-version-is-gone-what-now\/\"><strong>la versione gratuita di Hand2Note non \u00e8 pi\u00f9 disponibile \ud83e\udd7a<\/strong><\/a>. Devi acquistare un abbonamento per continuare a utilizzare Hand2Note.<\/p>\n\n<p>Ci dispiace deluderti, ma questa \u00e8 stata una decisione ufficiale di Hand2Note, e non \u00e8 sotto il nostro controllo. Siamo il rivenditore #1 di Hand2Note e tutto ci\u00f2 che possiamo fare \u00e8 offrirti la migliore offerta per acquistare il software.<\/p>\n\n<p>1\ufe0f\u20e3 Quindi, se decidi di rimanere con Hand2Note, puoi acquistare un abbonamento a <strong><a href=\"https:\/\/hand2note3.hand2note.com\/?aid=c0\" target=\"_blank\" rel=\"noopener\">Hand2Note 3<\/a><\/strong> o <strong><a href=\"https:\/\/hand2note.com?rid=2250\" target=\"_blank\" rel=\"noopener\">Hand2Note 4<\/a><\/strong> con il nostro <a href=\"https:\/\/hand2noteguide.com\/it\/promo\/\"><strong>promo GUIDE10<\/strong><\/a>. Otterrai <strong>uno sconto immediato del 10% e bonus extra<\/strong> \u2013&nbsp;HUD gratuito e corso video<strong>.<\/strong><\/p>\n\n<p>2\ufe0f\u20e3 Puoi ancora <a href=\"https:\/\/hand2noteguide.com\/it\/coinpoker-hand2note\/\">ottenere Hand2Note PRO gratuitamente<\/a> se generi $300 di rake mensile su Coinpoker.<\/p>\n\n<p>3\ufe0f\u20e3 Se decidi di <strong>smettere di usare Hand2Note<\/strong>, lo comprendiamo perfettamente.<\/p>\n\n<p style=\"margin-bottom:0\">Grazie.<\/p>\n<\/div>\n\n\n\n<p>Questa situazione pu\u00f2 verificarsi durante l&#8217;aggiornamento dei moduli sul server. Prima di tutto, cerca di non chiudere la finestra e aspetta 15 minuti.<\/p>\n\n\n\n<p>Se il problema persiste, fai quanto segue:<\/p>\n\n\n\n<ol class=\"wp-block-list\">\n<li>Controlla la tua connessione internet<\/li>\n\n\n\n<li>Installa tutti gli ultimi aggiornamenti di Windows<\/li>\n\n\n\n<li>Disabilita l&#8217;antivirus<\/li>\n\n\n\n<li>Riavvia il router<\/li>\n\n\n\n<li>Assicurati di eseguire Hand2Note come amministratore<\/li>\n<\/ol>\n\n\n\n<p>Se questo non aiuta, potresti utilizzare una versione vecchia del programma. Prova a <a href=\"https:\/\/hand2noteguide.com\/it\/issues-resolving\/reinstall\/\">reinstallare Hand2Note<\/a> utilizzando l&#8217;installer aggiornato dal sito ufficiale.<\/p>\n\n\n\n<p>Se Hand2Note continua a mostrare lo stesso messaggio, contatta il <a href=\"https:\/\/hand2noteguide.com\/it\/hand2note-official-support\/\">servizio di supporto<\/a>.<\/p>\n","protected":false},"excerpt":{"rendered":"<p>\ud83d\udc49 Aggiornamento 2 Giugno 2025: Se incontri questo problema, molto probabilmente stavi utilizzando una versione gratuita di Hand2Note. A partire dal 29 Maggio 2025, la versione gratuita di Hand2Note non \u00e8 pi\u00f9 disponibile \ud83e\udd7a. Devi acquistare un abbonamento per continuare a utilizzare Hand2Note. Ci dispiace deluderti, ma questa \u00e8 stata una decisione ufficiale di Hand2Note, &hellip; <a href=\"https:\/\/hand2noteguide.com\/it\/issues-resolving\/connecting-to-server\/\" class=\"more-link\">Continue reading <span class=\"screen-reader-text\">Hand2Note si blocca su &#8220;Connecting to server&#8221;<\/span><\/a><\/p>\n","protected":false},"author":1,"featured_media":0,"parent":236,"menu_order":1,"comment_status":"closed","ping_status":"closed","template":"page-templates\/full-width-page.php","meta":{"footnotes":""},"class_list":["post-137","page","type-page","status-publish","hentry"],"translation":{"provider":"WPGlobus","version":"3.0.2","language":"it","enabled_languages":["en","ru","pt","zh","es","fr","de","it","ja"],"languages":{"en":{"title":true,"content":true,"excerpt":false},"ru":{"title":true,"content":true,"excerpt":false},"pt":{"title":true,"content":true,"excerpt":false},"zh":{"title":true,"content":true,"excerpt":false},"es":{"title":true,"content":true,"excerpt":false},"fr":{"title":true,"content":true,"excerpt":false},"de":{"title":true,"content":true,"excerpt":false},"it":{"title":true,"content":true,"excerpt":false},"ja":{"title":true,"content":true,"excerpt":false}}},"yoast_head":"<!-- This site is optimized with the Yoast SEO plugin v27.0 - https:\/\/yoast.com\/product\/yoast-seo-wordpress\/ -->\n<title>Hand2Note si blocca su &quot;Connecting to server&quot;<\/title>\n<meta name=\"description\" content=\"Scopri come risolvere il problema quando Hand2Note si blocca su &quot;Connecting to server&quot;. Segui la nostra guida passo passo per diagnosticare e risolvere il problema.\" \/>\n<meta name=\"robots\" content=\"index, follow, max-snippet:-1, max-image-preview:large, max-video-preview:-1\" \/>\n<link rel=\"canonical\" href=\"https:\/\/hand2noteguide.com\/issues-resolving\/connecting-to-server\/\" \/>\n<meta property=\"og:locale\" content=\"it_IT\" \/>\n<meta property=\"og:type\" content=\"article\" \/>\n<meta property=\"og:title\" content=\"Hand2Note si blocca su &quot;Connecting to server&quot;\" \/>\n<meta property=\"og:description\" content=\"Scopri come risolvere il problema quando Hand2Note si blocca su &quot;Connecting to server&quot;. Segui la nostra guida passo passo per diagnosticare e risolvere il problema.\" \/>\n<meta property=\"og:url\" content=\"https:\/\/hand2noteguide.com\/issues-resolving\/connecting-to-server\/\" \/>\n<meta property=\"og:site_name\" content=\"Hand2Note Guide\" \/>\n<meta property=\"article:modified_time\" content=\"2025-06-04T16:16:00+00:00\" \/>\n<meta property=\"og:image\" content=\"https:\/\/hand2noteguide.com\/wp-content\/uploads\/2018\/07\/11111111111111111111.png\" \/>\n<meta name=\"twitter:card\" content=\"summary_large_image\" \/>\n<meta name=\"twitter:label1\" content=\"Est. reading time\" \/>\n\t<meta name=\"twitter:data1\" content=\"8 minutes\" \/>\n<!-- \/ Yoast SEO plugin. -->","yoast_head_json":{"title":"Hand2Note si blocca su \"Connecting to server\"","description":"Scopri come risolvere il problema quando Hand2Note si blocca su \"Connecting to server\". Segui la nostra guida passo passo per diagnosticare e risolvere il problema.","robots":{"index":"index","follow":"follow","max-snippet":"max-snippet:-1","max-image-preview":"max-image-preview:large","max-video-preview":"max-video-preview:-1"},"canonical":"https:\/\/hand2noteguide.com\/issues-resolving\/connecting-to-server\/","og_locale":"it_IT","og_type":"article","og_title":"Hand2Note si blocca su \"Connecting to server\"","og_description":"Scopri come risolvere il problema quando Hand2Note si blocca su \"Connecting to server\". Segui la nostra guida passo passo per diagnosticare e risolvere il problema.","og_url":"https:\/\/hand2noteguide.com\/issues-resolving\/connecting-to-server\/","og_site_name":"Hand2Note Guide","article_modified_time":"2025-06-04T16:16:00+00:00","og_image":[{"url":"https:\/\/hand2noteguide.com\/wp-content\/uploads\/2018\/07\/11111111111111111111.png","type":"","width":"","height":""}],"twitter_card":"summary_large_image","twitter_misc":{"Est. reading time":"8 minutes"},"schema":{"@context":"https:\/\/schema.org","@graph":[]}},"jetpack_sharing_enabled":false,"_links":{"self":[{"href":"https:\/\/hand2noteguide.com\/it\/wp-json\/wp\/v2\/pages\/137","targetHints":{"allow":["GET"]}}],"collection":[{"href":"https:\/\/hand2noteguide.com\/it\/wp-json\/wp\/v2\/pages"}],"about":[{"href":"https:\/\/hand2noteguide.com\/it\/wp-json\/wp\/v2\/types\/page"}],"author":[{"embeddable":true,"href":"https:\/\/hand2noteguide.com\/it\/wp-json\/wp\/v2\/users\/1"}],"replies":[{"embeddable":true,"href":"https:\/\/hand2noteguide.com\/it\/wp-json\/wp\/v2\/comments?post=137"}],"version-history":[{"count":55,"href":"https:\/\/hand2noteguide.com\/it\/wp-json\/wp\/v2\/pages\/137\/revisions"}],"predecessor-version":[{"id":13555,"href":"https:\/\/hand2noteguide.com\/it\/wp-json\/wp\/v2\/pages\/137\/revisions\/13555"}],"up":[{"embeddable":true,"href":"https:\/\/hand2noteguide.com\/it\/wp-json\/wp\/v2\/pages\/236"}],"wp:attachment":[{"href":"https:\/\/hand2noteguide.com\/it\/wp-json\/wp\/v2\/media?parent=137"}],"curies":[{"name":"wp","href":"https:\/\/api.w.org\/{rel}","templated":true}]}}