{"id":13718,"date":"2025-06-19T09:37:34","date_gmt":"2025-06-19T06:37:34","guid":{"rendered":"https:\/\/hand2noteguide.com\/?page_id=13718"},"modified":"2026-03-10T11:37:03","modified_gmt":"2026-03-10T08:37:03","slug":"hud-editor-creating-a-dynamic-hud","status":"publish","type":"page","link":"https:\/\/hand2noteguide.com\/it\/user-manual\/hud-editor-creating-a-dynamic-hud\/","title":{"rendered":"Editor HUD Parte 4: Creare un HUD dinamico"},"content":{"rendered":"\n<p>Hand2Note ti consente di applicare condizioni di visualizzazione adattive e dinamiche alle celle o ai pannelli dell&#8217;HUD. Questo aiuta a risparmiare spazio ai tavoli e ad adattare la visualizzazione delle informazioni, mostrandole quando sono pi\u00f9 rilevanti.<\/p>\n\n\n\n<p>Negli articoli precedenti, <a href=\"https:\/\/hand2noteguide.com\/it\/user-manual\/hud-editor-creating-a-static-hud\/\">Editor HUD: Creare un HUD statico<\/a> e <a href=\"https:\/\/hand2noteguide.com\/it\/user-manual\/hud-editor-creating-a-positional-hud\/\">Editor HUD: Creare un HUD posizionale<\/a>, abbiamo mostrato come creare un HUD statico e come applicare condizioni di visualizzazione posizionali alle sue celle o pannelli. In questo articolo, continueremo a modificare l&#8217;HUD applicando propriet\u00e0 di visualizzazione dinamiche alle sue celle.<\/p>\n\n\n\n<h2 class=\"wp-block-heading\">Piano per creare un HUD dinamico<\/h2>\n\n\n\n<p>Negli ultimi due articoli, abbiamo creato un HUD in cui il set di statistiche appare cos\u00ec:<\/p>\n\n\n\n<figure class=\"wp-block-image size-large\"><img loading=\"lazy\" decoding=\"async\" width=\"1024\" height=\"576\" src=\"http:\/\/hand2noteguide.com\/wp-content\/uploads\/2025\/06\/\u0411\u0435\u0437-\u0438\u043c\u0435\u043d\u0438-17-2-1024x576.jpg\" alt=\"\" class=\"wp-image-13713\" srcset=\"https:\/\/hand2noteguide.com\/wp-content\/uploads\/2025\/06\/\u0411\u0435\u0437-\u0438\u043c\u0435\u043d\u0438-17-2-1024x576.jpg 1024w, https:\/\/hand2noteguide.com\/wp-content\/uploads\/2025\/06\/\u0411\u0435\u0437-\u0438\u043c\u0435\u043d\u0438-17-2-300x169.jpg 300w, https:\/\/hand2noteguide.com\/wp-content\/uploads\/2025\/06\/\u0411\u0435\u0437-\u0438\u043c\u0435\u043d\u0438-17-2-768x432.jpg 768w, https:\/\/hand2noteguide.com\/wp-content\/uploads\/2025\/06\/\u0411\u0435\u0437-\u0438\u043c\u0435\u043d\u0438-17-2-1536x864.jpg 1536w, https:\/\/hand2noteguide.com\/wp-content\/uploads\/2025\/06\/\u0411\u0435\u0437-\u0438\u043c\u0435\u043d\u0438-17-2-772x434.jpg 772w, https:\/\/hand2noteguide.com\/wp-content\/uploads\/2025\/06\/\u0411\u0435\u0437-\u0438\u043c\u0435\u043d\u0438-17-2-624x351.jpg 624w, https:\/\/hand2noteguide.com\/wp-content\/uploads\/2025\/06\/\u0411\u0435\u0437-\u0438\u043c\u0435\u043d\u0438-17-2.jpg 1920w\" sizes=\"auto, (max-width: 1024px) 100vw, 1024px\" \/><\/figure>\n\n\n\n<ul class=\"wp-block-list\">\n<li>La prima riga dell&#8217;HUD, statistiche in ordine da sinistra a destra: &#8220;VPIP&#8221;, &#8220;PFR&#8221;, &#8220;Fold to 3Bet&#8221;, &#8220;3Bet&#8221;, &#8220;Fold to 4Bet&#8221;, &#8220;4Bet Range&#8221;;<\/li>\n\n\n\n<li>La seconda riga dell&#8217;HUD, statistiche in ordine da sinistra a destra: &#8220;WTSD%&#8221;, &#8220;WWSF%&#8221;, &#8220;WonSD%&#8221;, &#8220;Aggression Frq Flop%&#8221;, &#8220;Aggression Frq Turn%&#8221;, &#8220;Aggression Frq River%&#8221;;<\/li>\n\n\n\n<li>La terza riga utilizza condizioni di visualizzazione posizionali e mostra le statistiche &#8220;RFI UTG&#8221;, &#8220;RFI EP&#8221;, &#8220;RFI MP&#8221;, &#8220;RFI CO&#8221;, &#8220;RFI BTN&#8221;, &#8220;RFI SB&#8221;, &#8220;Fold to 3Bet IP postflop&#8221;, &#8220;Fold to 3Bet OOP postflop&#8221; secondo le posizioni dei giocatori al tavolo;<\/li>\n\n\n\n<li>La quarta riga dell&#8217;HUD, statistiche in ordine da sinistra a destra: numero totale di mani (&#8220;Hands&#8221;), &#8220;Winrate bb\/100&#8221;.<\/li>\n<\/ul>\n\n\n\n<p>In questo articolo, applicheremo una condizione di visualizzazione dinamica alle celle della terza riga (&#8220;RFI UTG&#8221;, &#8220;RFI EP&#8221;, &#8220;RFI MP&#8221;, &#8220;RFI CO&#8221;, &#8220;RFI BTN&#8221;, &#8220;RFI SB&#8221;, &#8220;Fold to 3Bet IP postflop&#8221;, &#8220;Fold to 3Bet OOP postflop&#8221;): appariranno solo quando il giocatore effettua un open raise.<\/p>\n\n\n\n<h2 class=\"wp-block-heading\">Applicare condizioni di visualizzazione dinamiche<\/h2>\n\n\n\n<p>Attualmente, le finestre dell&#8217;HUD soddisfano condizioni di visualizzazione generali e posizionali. Per impostare parametri di visualizzazione dinamici per una cella, vai all'&#8221;HUD Editor&#8221; e selezionala con il tasto sinistro del mouse (1).<\/p>\n\n\n\n<figure class=\"wp-block-image size-large\"><img loading=\"lazy\" decoding=\"async\" width=\"1024\" height=\"576\" src=\"http:\/\/hand2noteguide.com\/wp-content\/uploads\/2025\/06\/\u0411\u0435\u0437-\u0438\u043c\u0435\u043d\u0438-1-6-1024x576.jpg\" alt=\"\" class=\"wp-image-13734\" srcset=\"https:\/\/hand2noteguide.com\/wp-content\/uploads\/2025\/06\/\u0411\u0435\u0437-\u0438\u043c\u0435\u043d\u0438-1-6-1024x576.jpg 1024w, https:\/\/hand2noteguide.com\/wp-content\/uploads\/2025\/06\/\u0411\u0435\u0437-\u0438\u043c\u0435\u043d\u0438-1-6-300x169.jpg 300w, https:\/\/hand2noteguide.com\/wp-content\/uploads\/2025\/06\/\u0411\u0435\u0437-\u0438\u043c\u0435\u043d\u0438-1-6-768x432.jpg 768w, https:\/\/hand2noteguide.com\/wp-content\/uploads\/2025\/06\/\u0411\u0435\u0437-\u0438\u043c\u0435\u043d\u0438-1-6-1536x864.jpg 1536w, https:\/\/hand2noteguide.com\/wp-content\/uploads\/2025\/06\/\u0411\u0435\u0437-\u0438\u043c\u0435\u043d\u0438-1-6-772x434.jpg 772w, https:\/\/hand2noteguide.com\/wp-content\/uploads\/2025\/06\/\u0411\u0435\u0437-\u0438\u043c\u0435\u043d\u0438-1-6-624x351.jpg 624w, https:\/\/hand2noteguide.com\/wp-content\/uploads\/2025\/06\/\u0411\u0435\u0437-\u0438\u043c\u0435\u043d\u0438-1-6.jpg 1920w\" sizes=\"auto, (max-width: 1024px) 100vw, 1024px\" \/><\/figure>\n\n\n\n<p>Successivamente, nel menu dei parametri aggiuntivi a destra, seleziona &#8220;Open Raise&#8221; dal menu a tendina accanto al parametro &#8220;Did specific action&#8221; (2). Ripeti questa azione per tutte le celle necessarie.<\/p>\n\n\n\n<p>Dopo aver completato le impostazioni, puoi visualizzare il risultato nel replayer utilizzando &#8220;Preview&#8221;.<\/p>\n\n\n\n<p>Lo screenshot qui sotto mostra la visualizzazione dell&#8217;HUD quando nessuno dei giocatori ha effettuato un open raise. Come puoi vedere, la terza riga \u00e8 completamente assente.<\/p>\n\n\n\n<figure class=\"wp-block-image size-full\"><img loading=\"lazy\" decoding=\"async\" width=\"976\" height=\"690\" src=\"http:\/\/hand2noteguide.com\/wp-content\/uploads\/2025\/06\/\u0411\u0435\u0437-\u0438\u043c\u0435\u043d\u0438-2-3.jpg\" alt=\"\" class=\"wp-image-13735\" srcset=\"https:\/\/hand2noteguide.com\/wp-content\/uploads\/2025\/06\/\u0411\u0435\u0437-\u0438\u043c\u0435\u043d\u0438-2-3.jpg 976w, https:\/\/hand2noteguide.com\/wp-content\/uploads\/2025\/06\/\u0411\u0435\u0437-\u0438\u043c\u0435\u043d\u0438-2-3-300x212.jpg 300w, https:\/\/hand2noteguide.com\/wp-content\/uploads\/2025\/06\/\u0411\u0435\u0437-\u0438\u043c\u0435\u043d\u0438-2-3-768x543.jpg 768w, https:\/\/hand2noteguide.com\/wp-content\/uploads\/2025\/06\/\u0411\u0435\u0437-\u0438\u043c\u0435\u043d\u0438-2-3-772x546.jpg 772w, https:\/\/hand2noteguide.com\/wp-content\/uploads\/2025\/06\/\u0411\u0435\u0437-\u0438\u043c\u0435\u043d\u0438-2-3-624x441.jpg 624w\" sizes=\"auto, (max-width: 976px) 100vw, 976px\" \/><\/figure>\n\n\n\n<p>Tuttavia, non appena un giocatore effettua un open raise, le statistiche appaiono nel loro HUD secondo i parametri impostati.<\/p>\n\n\n\n<figure class=\"wp-block-image size-full\"><img loading=\"lazy\" decoding=\"async\" width=\"976\" height=\"690\" src=\"http:\/\/hand2noteguide.com\/wp-content\/uploads\/2025\/06\/\u0411\u0435\u0437-\u0438\u043c\u0435\u043d\u0438-3-2.jpg\" alt=\"\" class=\"wp-image-13736\" srcset=\"https:\/\/hand2noteguide.com\/wp-content\/uploads\/2025\/06\/\u0411\u0435\u0437-\u0438\u043c\u0435\u043d\u0438-3-2.jpg 976w, https:\/\/hand2noteguide.com\/wp-content\/uploads\/2025\/06\/\u0411\u0435\u0437-\u0438\u043c\u0435\u043d\u0438-3-2-300x212.jpg 300w, https:\/\/hand2noteguide.com\/wp-content\/uploads\/2025\/06\/\u0411\u0435\u0437-\u0438\u043c\u0435\u043d\u0438-3-2-768x543.jpg 768w, https:\/\/hand2noteguide.com\/wp-content\/uploads\/2025\/06\/\u0411\u0435\u0437-\u0438\u043c\u0435\u043d\u0438-3-2-772x546.jpg 772w, https:\/\/hand2noteguide.com\/wp-content\/uploads\/2025\/06\/\u0411\u0435\u0437-\u0438\u043c\u0435\u043d\u0438-3-2-624x441.jpg 624w\" sizes=\"auto, (max-width: 976px) 100vw, 976px\" \/><\/figure>\n\n\n\n<p>Ora, nella terza riga, non sono visibili pi\u00f9 di due statistiche e solo nell&#8217;HUD del giocatore che ha effettuato l&#8217;open raise. La prima statistica a sinistra visualizza RFI secondo la posizione occupata dal giocatore. La seconda statistica mostra Fold to 3Bet, secondo la posizione che il giocatore pu\u00f2 occupare sul flop, turn o river contro l&#8217;eroe (in posizione &#8211; IP, o fuori posizione &#8211; OOP).<\/p>\n\n\n\n<p>Poich\u00e9 abbiamo utilizzato propriet\u00e0 di visualizzazione generali, posizionali e dinamiche per le celle o i pannelli dell&#8217;HUD, il nostro HUD \u00e8 dinamico.<\/p>\n\n\n\n<p><em>Alcune poker room bloccano il funzionamento dell&#8217;HUD se utilizza condizioni di visualizzazione dinamiche o posizionali. Al momento della stesura, queste sono: <a href=\"https:\/\/hand2noteguide.com\/it\/pokerstars-hud\/\">PokerStars<\/a>, IPoker, Winamax. Consigliamo di verificare questa sfumatura con il <a href=\"https:\/\/hand2noteguide.com\/it\/hand2note-official-support\/\">supporto Hand2Note<\/a> prima di modificare l&#8217;HUD.<\/em><\/p>\n\n\n\n<h2 class=\"wp-block-heading\">Conclusione<\/h2>\n\n\n\n<p>Cos\u00ec, puoi creare o modificare qualsiasi HUD dinamico per il tuo comfort o le tue esigenze di gioco. Questo ti permetter\u00e0 di risparmiare pi\u00f9 spazio ai tavoli e di adattare la visualizzazione delle informazioni al momento in cui \u00e8 rilevante.<\/p>\n","protected":false},"excerpt":{"rendered":"<p>Hand2Note ti consente di applicare condizioni di visualizzazione adattive e dinamiche alle celle o ai pannelli dell&#8217;HUD. Questo aiuta a risparmiare spazio ai tavoli e ad adattare la visualizzazione delle informazioni, mostrandole quando sono pi\u00f9 rilevanti. Negli articoli precedenti, Editor HUD: Creare un HUD statico e Editor HUD: Creare un HUD posizionale, abbiamo mostrato come &hellip; <a href=\"https:\/\/hand2noteguide.com\/it\/user-manual\/hud-editor-creating-a-dynamic-hud\/\" class=\"more-link\">Continue reading <span class=\"screen-reader-text\">Editor HUD Parte 4: Creare un HUD dinamico<\/span><\/a><\/p>\n","protected":false},"author":3,"featured_media":13720,"parent":9199,"menu_order":0,"comment_status":"closed","ping_status":"closed","template":"","meta":{"footnotes":""},"class_list":["post-13718","page","type-page","status-publish","has-post-thumbnail","hentry"],"translation":{"provider":"WPGlobus","version":"3.0.2","language":"it","enabled_languages":["en","ru","pt","zh","es","fr","de","it","ja"],"languages":{"en":{"title":true,"content":true,"excerpt":false},"ru":{"title":true,"content":true,"excerpt":false},"pt":{"title":true,"content":true,"excerpt":false},"zh":{"title":true,"content":true,"excerpt":false},"es":{"title":true,"content":true,"excerpt":false},"fr":{"title":true,"content":true,"excerpt":false},"de":{"title":true,"content":true,"excerpt":false},"it":{"title":true,"content":true,"excerpt":false},"ja":{"title":true,"content":true,"excerpt":false}}},"yoast_head":"<!-- This site is optimized with the Yoast SEO plugin v27.0 - https:\/\/yoast.com\/product\/yoast-seo-wordpress\/ -->\n<title>Hand2Note Editor HUD Parte 4: Creare un HUD dinamico<\/title>\n<meta name=\"description\" content=\"Scopri come creare un HUD dinamico in Hand2Note applicando condizioni di visualizzazione adattive per risparmiare spazio e garantire la rilevanza delle informazioni.\" \/>\n<meta name=\"robots\" content=\"index, follow, max-snippet:-1, max-image-preview:large, max-video-preview:-1\" \/>\n<link rel=\"canonical\" href=\"https:\/\/hand2noteguide.com\/user-manual\/hud-editor-creating-a-dynamic-hud\/\" \/>\n<meta property=\"og:locale\" content=\"it_IT\" \/>\n<meta property=\"og:type\" content=\"article\" \/>\n<meta property=\"og:title\" content=\"Hand2Note Editor HUD Parte 4: Creare un HUD dinamico\" \/>\n<meta property=\"og:description\" content=\"Scopri come creare un HUD dinamico in Hand2Note applicando condizioni di visualizzazione adattive per risparmiare spazio e garantire la rilevanza delle informazioni.\" \/>\n<meta property=\"og:url\" content=\"https:\/\/hand2noteguide.com\/user-manual\/hud-editor-creating-a-dynamic-hud\/\" \/>\n<meta property=\"og:site_name\" content=\"Hand2Note Guide\" \/>\n<meta property=\"article:modified_time\" content=\"2026-03-10T08:37:03+00:00\" \/>\n<meta property=\"og:image\" content=\"https:\/\/hand2noteguide.com\/wp-content\/uploads\/2025\/06\/\u0411\u0435\u0437-\u0438\u043c\u0435\u043d\u0438-1-3-3.jpg\" \/>\n\t<meta property=\"og:image:width\" content=\"1920\" \/>\n\t<meta property=\"og:image:height\" content=\"1080\" \/>\n\t<meta property=\"og:image:type\" content=\"image\/jpeg\" \/>\n<meta name=\"twitter:card\" content=\"summary_large_image\" \/>\n<meta name=\"twitter:label1\" content=\"Est. reading time\" \/>\n\t<meta name=\"twitter:data1\" content=\"20 minutes\" \/>\n<!-- \/ Yoast SEO plugin. -->","yoast_head_json":{"title":"Hand2Note Editor HUD Parte 4: Creare un HUD dinamico","description":"Scopri come creare un HUD dinamico in Hand2Note applicando condizioni di visualizzazione adattive per risparmiare spazio e garantire la rilevanza delle informazioni.","robots":{"index":"index","follow":"follow","max-snippet":"max-snippet:-1","max-image-preview":"max-image-preview:large","max-video-preview":"max-video-preview:-1"},"canonical":"https:\/\/hand2noteguide.com\/user-manual\/hud-editor-creating-a-dynamic-hud\/","og_locale":"it_IT","og_type":"article","og_title":"Hand2Note Editor HUD Parte 4: Creare un HUD dinamico","og_description":"Scopri come creare un HUD dinamico in Hand2Note applicando condizioni di visualizzazione adattive per risparmiare spazio e garantire la rilevanza delle informazioni.","og_url":"https:\/\/hand2noteguide.com\/user-manual\/hud-editor-creating-a-dynamic-hud\/","og_site_name":"Hand2Note Guide","article_modified_time":"2026-03-10T08:37:03+00:00","og_image":[{"width":1920,"height":1080,"url":"https:\/\/hand2noteguide.com\/wp-content\/uploads\/2025\/06\/\u0411\u0435\u0437-\u0438\u043c\u0435\u043d\u0438-1-3-3.jpg","type":"image\/jpeg"}],"twitter_card":"summary_large_image","twitter_misc":{"Est. reading time":"20 minutes"},"schema":{"@context":"https:\/\/schema.org","@graph":[]}},"jetpack_sharing_enabled":true,"_links":{"self":[{"href":"https:\/\/hand2noteguide.com\/it\/wp-json\/wp\/v2\/pages\/13718","targetHints":{"allow":["GET"]}}],"collection":[{"href":"https:\/\/hand2noteguide.com\/it\/wp-json\/wp\/v2\/pages"}],"about":[{"href":"https:\/\/hand2noteguide.com\/it\/wp-json\/wp\/v2\/types\/page"}],"author":[{"embeddable":true,"href":"https:\/\/hand2noteguide.com\/it\/wp-json\/wp\/v2\/users\/3"}],"replies":[{"embeddable":true,"href":"https:\/\/hand2noteguide.com\/it\/wp-json\/wp\/v2\/comments?post=13718"}],"version-history":[{"count":50,"href":"https:\/\/hand2noteguide.com\/it\/wp-json\/wp\/v2\/pages\/13718\/revisions"}],"predecessor-version":[{"id":15638,"href":"https:\/\/hand2noteguide.com\/it\/wp-json\/wp\/v2\/pages\/13718\/revisions\/15638"}],"up":[{"embeddable":true,"href":"https:\/\/hand2noteguide.com\/it\/wp-json\/wp\/v2\/pages\/9199"}],"wp:featuredmedia":[{"embeddable":true,"href":"https:\/\/hand2noteguide.com\/it\/wp-json\/wp\/v2\/media\/13720"}],"wp:attachment":[{"href":"https:\/\/hand2noteguide.com\/it\/wp-json\/wp\/v2\/media?parent=13718"}],"curies":[{"name":"wp","href":"https:\/\/api.w.org\/{rel}","templated":true}]}}